{"id":66817,"date":"2023-03-26T15:43:41","date_gmt":"2023-03-26T13:43:41","guid":{"rendered":"https:\/\/www.alldayled.com\/product\/aeb-led-achteruitrijlicht-9-33v\/"},"modified":"2023-03-26T15:43:41","modified_gmt":"2023-03-26T13:43:41","slug":"aeb-led-achteruitrijlicht-9-33v","status":"publish","type":"product","link":"https:\/\/www.alldayled.com\/de\/produkt\/aeb-led-achteruitrijlicht-9-33v\/","title":{"rendered":"AEB LED R\u00fcckfahrlicht 9\/33V"},"content":{"rendered":"<p><span style=\"color: #000000;\"><strong>AEB LED R\u00fcckfahrlicht, f\u00fcr 12 und 24 Volt.<\/strong><\/span><\/p>\n<p><span style=\"color: #000000;\">Suchst du nach einer einfach zu montierenden 1-Kammer LED R\u00fcckfahrleuchte, die zu den bekannten Hamburger-Leuchten passt? Dann ist diese AEB LED R\u00fcckfahrleuchte vielleicht genau das Richtige f\u00fcr dich. Dieses LED R\u00fcckfahrlicht tut genau das, was du von ihm erwartest. Die Leuchte von AEB ist mit 20 LEDs ausgestattet, sodass du bei schlechter Sicht f\u00fcr andere Verkehrsteilnehmer gut sichtbar bist. Die LED R\u00fcckfahrleuchte funktioniert mit 12 und 24 Volt und l\u00e4sst sich daher einfach an deinem Anh\u00e4nger, LKW, Traktor oder einem anderen Fahrzeug montieren.    <\/span><\/p>\n<p><span style=\"color: #000000;\">Um sicherzustellen, dass diese LED R\u00fcckfahrleuchte f\u00fcr dein Fahrzeug geeignet ist, haben wir unten einige Spezifikationen f\u00fcr dich aufgelistet. Dies zeigt deutlich, warum dies vielleicht das LED R\u00fcckfahrlicht ist, das du suchst. Die AEB LED R\u00fcckfahrleuchte ist mit dem ECE R10-Pr\u00fcfzeichen versehen, was bedeutet, dass die Leuchte w\u00e4hrend des Betriebs keine St\u00f6rungen verursacht, zum Beispiel bei Radiosignalen. Die Leuchte ist auch mit dem ECE R23-Pr\u00fcfzeichen versehen, womit du die runde LED R\u00fcckfahrleuchte offiziell verwenden darfst.  <\/span><\/p>\n<h5><span style=\"color: #000000;\"><strong>Abmessungen:<\/strong><\/span><\/h5>\n<p><span style=\"color: #000000;\">Um sicherzustellen, dass du das LED R\u00fcckfahrlicht montieren kannst, haben wir unten die Abmessungen f\u00fcr dich aufgelistet. Die Abmessungen dieses runden LED R\u00fcckfahrlichts von AEB sind: <\/span><\/p>\n<ul>\n<li><span style=\"color: #000000;\">Durchmesser: 140mm<\/span><\/li>\n<li><span style=\"color: #000000;\">H\u00f6he: 58mm<\/span><\/li>\n<\/ul>\n<h5><span style=\"color: #000000;\"><strong>Andere Versionen: <\/strong><\/span><\/h5>\n<p><span style=\"color: #000000;\">M\u00f6chtest du eine runde R\u00fcckfahrleuchte, aber diese Ausf\u00fchrung ist nicht das, was du suchst? Dann ist die runde LED Leuchte auch als Nebelschlussleuchte oder R\u00fccklicht erh\u00e4ltlich. Die passenden runden R\u00fccklichter und den Montagering von AEB findest du hier:  <\/span><\/p>\n<ul>\n<li><span style=\"color: #000000;\"><a style=\"color: #000000;\" href=\"https:\/\/www.alldayled.com\/de\/produkt\/aeb-led-hamburger-achterlicht-9-33v\/\"><strong>AEB 3 kammer R\u00fccklicht <\/strong><\/a><\/span><\/li>\n<li><span style=\"color: #000000;\"><a style=\"color: #000000;\" href=\"https:\/\/www.alldayled.com\/de\/produkt\/aeb-led-mistachterlicht-9-33v\/\"><strong>AEB Nebelschlussleuchte <\/strong><\/a><\/span><\/li>\n<li><span style=\"color: #000000;\"><a style=\"color: #000000;\" href=\"https:\/\/www.alldayled.com\/de\/produkt\/aeb-chrome-ring-voor-achterlichten\/\"><strong>Chromring <\/strong><\/a><\/span><\/li>\n<\/ul>\n<p><span style=\"color: #000000;\">Bist du immer noch der Meinung, dass diese runde AEB LED R\u00fcckfahrleuchte nicht das ist, was du suchst? Einfach weil die Lichtleistung oder Wattzahl nicht hoch genug oder sogar zu hoch ist? Dann schau dir doch auch unsere Seite <a style=\"color: #000000;\" href=\"https:\/\/www.alldayled.com\/de\/produkt-kategorie\/rucklichter\/\">R\u00fccklichter<\/a> an. Vielleicht findest du hier das R\u00fccklichtmodell, das du suchst.   <\/span><\/p>\n","protected":false},"excerpt":{"rendered":"<p>AEB LED R\u00fcckfahrlicht, geeignet f\u00fcr 12 &amp; 24 volt.<\/p>\n","protected":false},"featured_media":23661,"comment_status":"open","ping_status":"closed","template":"","meta":{"_acf_changed":false},"product_brand":[5575],"product_cat":[5192],"product_tag":[5571,9218,9219,9371,9160],"class_list":{"0":"post-66817","1":"product","2":"type-product","3":"status-publish","4":"has-post-thumbnail","6":"product_brand-aeb","7":"product_cat-achterlicht-rond","8":"product_tag-aeb-beleuchtung","9":"product_tag-deense-achterbumper","10":"product_tag-led-rucklicht","11":"product_tag-ruckfahrleuchte","12":"product_tag-truckstyling","14":"first","15":"instock","16":"taxable","17":"shipping-taxable","18":"purchasable","19":"product-type-simple"},"acf":[],"yoast_head":"<!-- This site is optimized with the Yoast SEO Premium plugin v26.5 (Yoast SEO v27.1.1) - https:\/\/yoast.com\/product\/yoast-seo-premium-wordpress\/ -->\n<title>AEB LED R\u00fcckfahrlicht 9\/33V - All Day Led - f\u00fcr 12&amp;24 Volt<\/title>\n<meta name=\"description\" content=\"AEB LED R\u00fcckfahrlicht rund - f\u00fcr 12&amp;24 volt - LED R\u00fccklicht 140mm - E-Pr\u00fcfzeichen - LED Sto\u00dfstangen- \/ Anh\u00e4ngerbeleuchtung - AEB LED R\u00fcckfahrleuchte - EMC\" \/>\n<meta name=\"robots\" content=\"index, follow, max-snippet:-1, max-image-preview:large, max-video-preview:-1\" \/>\n<link rel=\"canonical\" href=\"https:\/\/www.alldayled.com\/de\/produkt\/aeb-led-achteruitrijlicht-9-33v\/\" \/>\n<meta property=\"og:locale\" content=\"de_DE\" \/>\n<meta property=\"og:type\" content=\"article\" \/>\n<meta property=\"og:title\" content=\"AEB LED R\u00fcckfahrlicht 9\/33V - All Day Led - f\u00fcr 12&amp;24 Volt\" \/>\n<meta property=\"og:description\" content=\"AEB LED R\u00fcckfahrlicht rund - f\u00fcr 12&amp;24 volt - LED R\u00fccklicht 140mm - E-Pr\u00fcfzeichen - LED Sto\u00dfstangen- \/ Anh\u00e4ngerbeleuchtung - AEB LED R\u00fcckfahrleuchte - EMC\" \/>\n<meta property=\"og:url\" content=\"https:\/\/www.alldayled.com\/de\/produkt\/aeb-led-achteruitrijlicht-9-33v\/\" \/>\n<meta property=\"og:site_name\" content=\"All Day Led\" \/>\n<meta property=\"article:publisher\" content=\"https:\/\/www.facebook.com\/alldayled\/\" \/>\n<meta property=\"og:image\" content=\"https:\/\/www.alldayled.com\/wp-content\/uploads\/2024\/05\/ADL45114-300x300.png\" \/>\n<meta name=\"twitter:label1\" content=\"Preis\" \/>\n\t<meta name=\"twitter:data1\" content=\"&euro;&nbsp;39,00\" \/>\n\t<meta name=\"twitter:label2\" content=\"Verf\u00fcgbarkeit\" \/>\n\t<meta name=\"twitter:data2\" content=\"Auf Lager\" \/>\n<script type=\"application\/ld+json\" class=\"yoast-schema-graph\">{\"@context\":\"https:\/\/schema.org\",\"@graph\":[{\"@type\":\"WebPage\",\"@id\":\"https:\/\/www.alldayled.com\/de\/produkt\/aeb-led-achteruitrijlicht-9-33v\/\",\"url\":\"https:\/\/www.alldayled.com\/de\/produkt\/aeb-led-achteruitrijlicht-9-33v\/\",\"name\":\"AEB LED R\u00fcckfahrlicht 9\/33V - All Day Led - f\u00fcr 12&24 Volt\",\"isPartOf\":{\"@id\":\"https:\/\/www.alldayled.com\/de\/#website\"},\"primaryImageOfPage\":{\"@id\":\"https:\/\/www.alldayled.com\/de\/produkt\/aeb-led-achteruitrijlicht-9-33v\/#primaryimage\"},\"image\":{\"@id\":\"https:\/\/www.alldayled.com\/de\/produkt\/aeb-led-achteruitrijlicht-9-33v\/#primaryimage\"},\"thumbnailUrl\":\"https:\/\/www.alldayled.com\/wp-content\/uploads\/2023\/01\/ADL45114.png\",\"datePublished\":\"2023-03-26T13:43:41+00:00\",\"description\":\"AEB LED R\u00fcckfahrlicht rund - f\u00fcr 12&24 volt - LED R\u00fccklicht 140mm - E-Pr\u00fcfzeichen - LED Sto\u00dfstangen- \/ Anh\u00e4ngerbeleuchtung - AEB LED R\u00fcckfahrleuchte - EMC\",\"breadcrumb\":{\"@id\":\"https:\/\/www.alldayled.com\/de\/produkt\/aeb-led-achteruitrijlicht-9-33v\/#breadcrumb\"},\"inLanguage\":\"de\",\"potentialAction\":[{\"@type\":\"ReadAction\",\"target\":[\"https:\/\/www.alldayled.com\/de\/produkt\/aeb-led-achteruitrijlicht-9-33v\/\"]}]},{\"@type\":\"ImageObject\",\"inLanguage\":\"de\",\"@id\":\"https:\/\/www.alldayled.com\/de\/produkt\/aeb-led-achteruitrijlicht-9-33v\/#primaryimage\",\"url\":\"https:\/\/www.alldayled.com\/wp-content\/uploads\/2023\/01\/ADL45114.png\",\"contentUrl\":\"https:\/\/www.alldayled.com\/wp-content\/uploads\/2023\/01\/ADL45114.png\",\"width\":800,\"height\":600,\"caption\":\"AEB LED R\u00fcckfahrlicht - geeignet f\u00fcr 12 &amp; 24 volt Betrieb - Lieferung mit Befestigungsschrauben - EAN: 5414184270053\"},{\"@type\":\"BreadcrumbList\",\"@id\":\"https:\/\/www.alldayled.com\/de\/produkt\/aeb-led-achteruitrijlicht-9-33v\/#breadcrumb\",\"itemListElement\":[{\"@type\":\"ListItem\",\"position\":1,\"name\":\"Home\",\"item\":\"https:\/\/www.alldayled.com\/de\/\"},{\"@type\":\"ListItem\",\"position\":2,\"name\":\"Shop\",\"item\":\"https:\/\/www.alldayled.com\/de\/shop\/\"},{\"@type\":\"ListItem\",\"position\":3,\"name\":\"Heckleuchten\",\"item\":\"https:\/\/www.alldayled.com\/de\/produkt-kategorie\/rucklichter\/\"},{\"@type\":\"ListItem\",\"position\":4,\"name\":\"R\u00fccklicht rund\",\"item\":\"https:\/\/www.alldayled.com\/de\/produkt-kategorie\/rucklichter\/achterlicht-rond\/\"},{\"@type\":\"ListItem\",\"position\":5,\"name\":\"AEB LED R\u00fcckfahrlicht 9\/33V\"}]},{\"@type\":\"WebSite\",\"@id\":\"https:\/\/www.alldayled.com\/de\/#website\",\"url\":\"https:\/\/www.alldayled.com\/de\/\",\"name\":\"All Day Led\",\"description\":\"Verlichting voor 12&amp;24 volt gebruik\",\"publisher\":{\"@id\":\"https:\/\/www.alldayled.com\/de\/#organization\"},\"potentialAction\":[{\"@type\":\"SearchAction\",\"target\":{\"@type\":\"EntryPoint\",\"urlTemplate\":\"https:\/\/www.alldayled.com\/de\/?s={search_term_string}\"},\"query-input\":{\"@type\":\"PropertyValueSpecification\",\"valueRequired\":true,\"valueName\":\"search_term_string\"}}],\"inLanguage\":\"de\"},{\"@type\":\"Organization\",\"@id\":\"https:\/\/www.alldayled.com\/de\/#organization\",\"name\":\"All Day Led\",\"url\":\"https:\/\/www.alldayled.com\/de\/\",\"logo\":{\"@type\":\"ImageObject\",\"inLanguage\":\"de\",\"@id\":\"https:\/\/www.alldayled.com\/de\/#\/schema\/logo\/image\/\",\"url\":\"https:\/\/www.alldayled.com\/wp-content\/uploads\/2025\/10\/Logo-ALL-DAY-LED-800x800-zwart-witte-letters.png\",\"contentUrl\":\"https:\/\/www.alldayled.com\/wp-content\/uploads\/2025\/10\/Logo-ALL-DAY-LED-800x800-zwart-witte-letters.png\",\"width\":800,\"height\":800,\"caption\":\"All Day Led\"},\"image\":{\"@id\":\"https:\/\/www.alldayled.com\/de\/#\/schema\/logo\/image\/\"},\"sameAs\":[\"https:\/\/www.facebook.com\/alldayled\/\",\"https:\/\/www.instagram.com\/alldayled\/\"],\"vatID\":\"NL863960133B01\",\"taxID\":\"86416545\"}]}<\/script>\n<meta property=\"product:brand\" content=\"AEB\" \/>\n<meta property=\"product:price:amount\" content=\"39.00\" \/>\n<meta property=\"product:price:currency\" content=\"EUR\" \/>\n<meta property=\"og:availability\" content=\"instock\" \/>\n<meta property=\"product:availability\" content=\"instock\" \/>\n<meta property=\"product:retailer_item_id\" content=\"ADL45114\" \/>\n<meta property=\"product:condition\" content=\"new\" \/>\n<!-- \/ Yoast SEO Premium plugin. -->","yoast_head_json":{"title":"AEB LED R\u00fcckfahrlicht 9\/33V - All Day Led - f\u00fcr 12&24 Volt","description":"AEB LED R\u00fcckfahrlicht rund - f\u00fcr 12&24 volt - LED R\u00fccklicht 140mm - E-Pr\u00fcfzeichen - LED Sto\u00dfstangen- \/ Anh\u00e4ngerbeleuchtung - AEB LED R\u00fcckfahrleuchte - EMC","robots":{"index":"index","follow":"follow","max-snippet":"max-snippet:-1","max-image-preview":"max-image-preview:large","max-video-preview":"max-video-preview:-1"},"canonical":"https:\/\/www.alldayled.com\/de\/produkt\/aeb-led-achteruitrijlicht-9-33v\/","og_locale":"de_DE","og_type":"article","og_title":"AEB LED R\u00fcckfahrlicht 9\/33V - All Day Led - f\u00fcr 12&24 Volt","og_description":"AEB LED R\u00fcckfahrlicht rund - f\u00fcr 12&24 volt - LED R\u00fccklicht 140mm - E-Pr\u00fcfzeichen - LED Sto\u00dfstangen- \/ Anh\u00e4ngerbeleuchtung - AEB LED R\u00fcckfahrleuchte - EMC","og_url":"https:\/\/www.alldayled.com\/de\/produkt\/aeb-led-achteruitrijlicht-9-33v\/","og_site_name":"All Day Led","article_publisher":"https:\/\/www.facebook.com\/alldayled\/","og_image":[{"url":"https:\/\/www.alldayled.com\/wp-content\/uploads\/2024\/05\/ADL45114-300x300.png","type":"","width":"","height":""}],"twitter_misc":{"Preis":"&euro;&nbsp;39,00","Verf\u00fcgbarkeit":"Auf Lager"},"schema":{"@context":"https:\/\/schema.org","@graph":[{"@type":"WebPage","@id":"https:\/\/www.alldayled.com\/de\/produkt\/aeb-led-achteruitrijlicht-9-33v\/","url":"https:\/\/www.alldayled.com\/de\/produkt\/aeb-led-achteruitrijlicht-9-33v\/","name":"AEB LED R\u00fcckfahrlicht 9\/33V - All Day Led - f\u00fcr 12&24 Volt","isPartOf":{"@id":"https:\/\/www.alldayled.com\/de\/#website"},"primaryImageOfPage":{"@id":"https:\/\/www.alldayled.com\/de\/produkt\/aeb-led-achteruitrijlicht-9-33v\/#primaryimage"},"image":{"@id":"https:\/\/www.alldayled.com\/de\/produkt\/aeb-led-achteruitrijlicht-9-33v\/#primaryimage"},"thumbnailUrl":"https:\/\/www.alldayled.com\/wp-content\/uploads\/2023\/01\/ADL45114.png","datePublished":"2023-03-26T13:43:41+00:00","description":"AEB LED R\u00fcckfahrlicht rund - f\u00fcr 12&24 volt - LED R\u00fccklicht 140mm - E-Pr\u00fcfzeichen - LED Sto\u00dfstangen- \/ Anh\u00e4ngerbeleuchtung - AEB LED R\u00fcckfahrleuchte - EMC","breadcrumb":{"@id":"https:\/\/www.alldayled.com\/de\/produkt\/aeb-led-achteruitrijlicht-9-33v\/#breadcrumb"},"inLanguage":"de","potentialAction":[{"@type":"ReadAction","target":["https:\/\/www.alldayled.com\/de\/produkt\/aeb-led-achteruitrijlicht-9-33v\/"]}]},{"@type":"ImageObject","inLanguage":"de","@id":"https:\/\/www.alldayled.com\/de\/produkt\/aeb-led-achteruitrijlicht-9-33v\/#primaryimage","url":"https:\/\/www.alldayled.com\/wp-content\/uploads\/2023\/01\/ADL45114.png","contentUrl":"https:\/\/www.alldayled.com\/wp-content\/uploads\/2023\/01\/ADL45114.png","width":800,"height":600,"caption":"AEB LED R\u00fcckfahrlicht - geeignet f\u00fcr 12 &amp; 24 volt Betrieb - Lieferung mit Befestigungsschrauben - EAN: 5414184270053"},{"@type":"BreadcrumbList","@id":"https:\/\/www.alldayled.com\/de\/produkt\/aeb-led-achteruitrijlicht-9-33v\/#breadcrumb","itemListElement":[{"@type":"ListItem","position":1,"name":"Home","item":"https:\/\/www.alldayled.com\/de\/"},{"@type":"ListItem","position":2,"name":"Shop","item":"https:\/\/www.alldayled.com\/de\/shop\/"},{"@type":"ListItem","position":3,"name":"Heckleuchten","item":"https:\/\/www.alldayled.com\/de\/produkt-kategorie\/rucklichter\/"},{"@type":"ListItem","position":4,"name":"R\u00fccklicht rund","item":"https:\/\/www.alldayled.com\/de\/produkt-kategorie\/rucklichter\/achterlicht-rond\/"},{"@type":"ListItem","position":5,"name":"AEB LED R\u00fcckfahrlicht 9\/33V"}]},{"@type":"WebSite","@id":"https:\/\/www.alldayled.com\/de\/#website","url":"https:\/\/www.alldayled.com\/de\/","name":"All Day Led","description":"Verlichting voor 12&amp;24 volt gebruik","publisher":{"@id":"https:\/\/www.alldayled.com\/de\/#organization"},"potentialAction":[{"@type":"SearchAction","target":{"@type":"EntryPoint","urlTemplate":"https:\/\/www.alldayled.com\/de\/?s={search_term_string}"},"query-input":{"@type":"PropertyValueSpecification","valueRequired":true,"valueName":"search_term_string"}}],"inLanguage":"de"},{"@type":"Organization","@id":"https:\/\/www.alldayled.com\/de\/#organization","name":"All Day Led","url":"https:\/\/www.alldayled.com\/de\/","logo":{"@type":"ImageObject","inLanguage":"de","@id":"https:\/\/www.alldayled.com\/de\/#\/schema\/logo\/image\/","url":"https:\/\/www.alldayled.com\/wp-content\/uploads\/2025\/10\/Logo-ALL-DAY-LED-800x800-zwart-witte-letters.png","contentUrl":"https:\/\/www.alldayled.com\/wp-content\/uploads\/2025\/10\/Logo-ALL-DAY-LED-800x800-zwart-witte-letters.png","width":800,"height":800,"caption":"All Day Led"},"image":{"@id":"https:\/\/www.alldayled.com\/de\/#\/schema\/logo\/image\/"},"sameAs":["https:\/\/www.facebook.com\/alldayled\/","https:\/\/www.instagram.com\/alldayled\/"],"vatID":"NL863960133B01","taxID":"86416545"}]},"product_brand":"AEB","product_price_amount":"39.00","product_price_currency":"EUR","og_availability":"instock","product_availability":"instock","product_retailer_item_id":"ADL45114","product_condition":"new"},"_links":{"self":[{"href":"https:\/\/www.alldayled.com\/de\/wp-json\/wp\/v2\/product\/66817","targetHints":{"allow":["GET"]}}],"collection":[{"href":"https:\/\/www.alldayled.com\/de\/wp-json\/wp\/v2\/product"}],"about":[{"href":"https:\/\/www.alldayled.com\/de\/wp-json\/wp\/v2\/types\/product"}],"replies":[{"embeddable":true,"href":"https:\/\/www.alldayled.com\/de\/wp-json\/wp\/v2\/comments?post=66817"}],"wp:featuredmedia":[{"embeddable":true,"href":"https:\/\/www.alldayled.com\/de\/wp-json\/wp\/v2\/media\/23661"}],"wp:attachment":[{"href":"https:\/\/www.alldayled.com\/de\/wp-json\/wp\/v2\/media?parent=66817"}],"wp:term":[{"taxonomy":"product_brand","embeddable":true,"href":"https:\/\/www.alldayled.com\/de\/wp-json\/wp\/v2\/product_brand?post=66817"},{"taxonomy":"product_cat","embeddable":true,"href":"https:\/\/www.alldayled.com\/de\/wp-json\/wp\/v2\/product_cat?post=66817"},{"taxonomy":"product_tag","embeddable":true,"href":"https:\/\/www.alldayled.com\/de\/wp-json\/wp\/v2\/product_tag?post=66817"}],"curies":[{"name":"wp","href":"https:\/\/api.w.org\/{rel}","templated":true}]}}