{"id":66834,"date":"2023-03-04T10:56:55","date_gmt":"2023-03-04T09:56:55","guid":{"rendered":"https:\/\/www.alldayled.com\/product\/was-w54-kenteken-lamp\/"},"modified":"2023-03-04T10:56:55","modified_gmt":"2023-03-04T09:56:55","slug":"was-w54-kenteken-lamp","status":"publish","type":"product","link":"https:\/\/www.alldayled.com\/de\/produkt\/was-w54-kenteken-lamp\/","title":{"rendered":"WA\u015a W54 Kennzeichen Licht"},"content":{"rendered":"<p><span style=\"color: #000000;\"><strong>WA\u015a W54 Kennzeichen Licht mit schwarzer Kappe, f\u00fcr 12 und 24 Volt.<\/strong><\/span><\/p>\n<p><span style=\"color: #000000;\">Suchst du nach einem gro\u00dfen LED Kennzeichen Licht mit schwarzem Geh\u00e4use? Dann ist das WA\u015a W54 LED Kennzeichen Licht vielleicht genau die Lampe, die du suchst. Dies ist ein Kennzeichen Licht, das genau das tut, was du erwartest. Die LED-Lampe ist mit 2 LEDs ausgestattet, wodurch du mit geringem Stromverbrauch gut sichtbar bist. Die WA\u015a LED Kennzeichenbeleuchtung mit schwarzer Kappe funktioniert mit 12 und 24 Volt und ist daher f\u00fcr dein Auto, LKW, Traktor, Anh\u00e4nger oder ein anderes Fahrzeug geeignet.    <\/span><\/p>\n<p><span style=\"color: #000000;\">Um sicherzustellen, dass das robuste WA\u015a W54 LED Kennzeichen Licht mit schwarzer Kappe f\u00fcr dein Fahrzeug oder deinen Anh\u00e4nger geeignet ist, haben wir unten einige Spezifikationen aufgelistet. Die LED Kennzeichenbeleuchtung ist mit dem ECE R10 Pr\u00fcfzeichen versehen, was bedeutet, dass die Lampe w\u00e4hrend des Betriebs keine St\u00f6rungen, zum Beispiel an deinem Radiosignal, verursacht. Zus\u00e4tzlich verf\u00fcgt die W54 \u00fcber das ECE R4 Pr\u00fcfzeichen, was darauf hinweist, dass die LED-Lampe als Kennzeichenbeleuchtung verwendet werden darf.  <\/span><\/p>\n<h5><span style=\"color: #000000;\"><strong>Abmessungen:<\/strong><\/span><\/h5>\n<p><span style=\"color: #000000;\">Um sicherzustellen, dass du die Kennzeicheneinheit dort montieren kannst, wo du m\u00f6chtest, haben wir unten die Abmessungen notiert. Die Abmessungen des WA\u015a W54 LED Kennzeichen Lichts sind wie folgt: <\/span><\/p>\n<ul>\n<li><span style=\"color: #000000;\">H\u00f6he: 64 mm<\/span><\/li>\n<li><span style=\"color: #000000;\">Breite: 110 mm<\/span><\/li>\n<li><span style=\"color: #000000;\">Tiefe: 55 mm<\/span><\/li>\n<\/ul>\n<p><span style=\"color: #000000;\">Bist du dennoch der Meinung, dass das gro\u00dfe WA\u015a W54 LED Kennzeichen Licht nicht das ist, was du suchst? Einfach weil die Farbe oder Form nicht deinen W\u00fcnschen entspricht? Dann wisse, dass das kompakte LED Kennzeichen Licht der Marke WA\u015a auch mit einer roten Kappe erh\u00e4ltlich ist. Das Modell mit roter R\u00fcckseite findest du <a style=\"color: #000000;\" href=\"https:\/\/www.alldayled.com\/de\/produkt\/was-w55-kenteken-lamp\/\" target=\"_blank\" rel=\"noopener\">hier<\/a>.   <\/span><\/p>\n","protected":false},"excerpt":{"rendered":"<p>Gro\u00dfes Kennzeichen Licht mit schwarzem Geh\u00e4use von WA\u015a &#8211; f\u00fcr 12\/24V und ECE R4.<\/p>\n","protected":false},"featured_media":24447,"comment_status":"open","ping_status":"closed","template":"","meta":{"_acf_changed":false},"product_brand":[5691],"product_cat":[5300],"product_tag":[9446,9447,9448,9445],"class_list":{"0":"post-66834","1":"product","2":"type-product","3":"status-publish","4":"has-post-thumbnail","6":"product_brand-product-was","7":"product_cat-achterlicht-kentekenlicht","8":"product_tag-kennzeichenbeleuchtung","9":"product_tag-led-kennzeichenbeleuchtung","10":"product_tag-nummernschildbeleuchtung","11":"product_tag-was-led-beleuchtung","13":"first","14":"instock","15":"taxable","16":"shipping-taxable","17":"purchasable","18":"product-type-simple"},"acf":[],"yoast_head":"<!-- This site is optimized with the Yoast SEO Premium plugin v26.5 (Yoast SEO v27.1.1) - https:\/\/yoast.com\/product\/yoast-seo-premium-wordpress\/ -->\n<title>WA\u015a W54 Kennzeichen Licht - schwarz - All Day Led - 12&amp;24 Volt<\/title>\n<meta name=\"description\" content=\"WA\u015a W54 Kennzeichen Licht - LED Kennzeichenbeleuchtung - 12&amp;24 volt - ECE R4 - LKW, Anh\u00e4nger, Wohnmobil, Traktor und mehr\" \/>\n<meta name=\"robots\" content=\"index, follow, max-snippet:-1, max-image-preview:large, max-video-preview:-1\" \/>\n<link rel=\"canonical\" href=\"https:\/\/www.alldayled.com\/de\/produkt\/was-w54-kenteken-lamp\/\" \/>\n<meta property=\"og:locale\" content=\"de_DE\" \/>\n<meta property=\"og:type\" content=\"article\" \/>\n<meta property=\"og:title\" content=\"WA\u015a W54 Kennzeichen Licht - schwarz - All Day Led - 12&amp;24 Volt\" \/>\n<meta property=\"og:description\" content=\"WA\u015a W54 Kennzeichen Licht - LED Kennzeichenbeleuchtung - 12&amp;24 volt - ECE R4 - LKW, Anh\u00e4nger, Wohnmobil, Traktor und mehr\" \/>\n<meta property=\"og:url\" content=\"https:\/\/www.alldayled.com\/de\/produkt\/was-w54-kenteken-lamp\/\" \/>\n<meta property=\"og:site_name\" content=\"All Day Led\" \/>\n<meta property=\"article:publisher\" content=\"https:\/\/www.facebook.com\/alldayled\/\" \/>\n<meta property=\"og:image\" content=\"https:\/\/www.alldayled.com\/wp-content\/uploads\/2024\/08\/ADL10054.01-300x300.png\" \/>\n<meta name=\"twitter:label1\" content=\"Preis\" \/>\n\t<meta name=\"twitter:data1\" content=\"&euro;&nbsp;12,95\" \/>\n\t<meta name=\"twitter:label2\" content=\"Verf\u00fcgbarkeit\" \/>\n\t<meta name=\"twitter:data2\" content=\"Auf Lager\" \/>\n<script type=\"application\/ld+json\" class=\"yoast-schema-graph\">{\"@context\":\"https:\/\/schema.org\",\"@graph\":[{\"@type\":\"WebPage\",\"@id\":\"https:\/\/www.alldayled.com\/de\/produkt\/was-w54-kenteken-lamp\/\",\"url\":\"https:\/\/www.alldayled.com\/de\/produkt\/was-w54-kenteken-lamp\/\",\"name\":\"WA\u015a W54 Kennzeichen Licht - schwarz - All Day Led - 12&24 Volt\",\"isPartOf\":{\"@id\":\"https:\/\/www.alldayled.com\/de\/#website\"},\"primaryImageOfPage\":{\"@id\":\"https:\/\/www.alldayled.com\/de\/produkt\/was-w54-kenteken-lamp\/#primaryimage\"},\"image\":{\"@id\":\"https:\/\/www.alldayled.com\/de\/produkt\/was-w54-kenteken-lamp\/#primaryimage\"},\"thumbnailUrl\":\"https:\/\/www.alldayled.com\/wp-content\/uploads\/2023\/03\/ADL10054.png\",\"datePublished\":\"2023-03-04T09:56:55+00:00\",\"description\":\"WA\u015a W54 Kennzeichen Licht - LED Kennzeichenbeleuchtung - 12&24 volt - ECE R4 - LKW, Anh\u00e4nger, Wohnmobil, Traktor und mehr\",\"breadcrumb\":{\"@id\":\"https:\/\/www.alldayled.com\/de\/produkt\/was-w54-kenteken-lamp\/#breadcrumb\"},\"inLanguage\":\"de\",\"potentialAction\":[{\"@type\":\"ReadAction\",\"target\":[\"https:\/\/www.alldayled.com\/de\/produkt\/was-w54-kenteken-lamp\/\"]}]},{\"@type\":\"ImageObject\",\"inLanguage\":\"de\",\"@id\":\"https:\/\/www.alldayled.com\/de\/produkt\/was-w54-kenteken-lamp\/#primaryimage\",\"url\":\"https:\/\/www.alldayled.com\/wp-content\/uploads\/2023\/03\/ADL10054.png\",\"contentUrl\":\"https:\/\/www.alldayled.com\/wp-content\/uploads\/2023\/03\/ADL10054.png\",\"width\":800,\"height\":600,\"caption\":\"WA\u015a W54 LED Kennzeichen Licht - Kennzeichenbeleuchtung f\u00fcr 12 &amp; 24 Volt - geeignet f\u00fcr Auto, Anh\u00e4nger, Traktor, Wohnmobil, Wohnwagen, LKW und mehr - EAN: 5907465122399\"},{\"@type\":\"BreadcrumbList\",\"@id\":\"https:\/\/www.alldayled.com\/de\/produkt\/was-w54-kenteken-lamp\/#breadcrumb\",\"itemListElement\":[{\"@type\":\"ListItem\",\"position\":1,\"name\":\"Home\",\"item\":\"https:\/\/www.alldayled.com\/de\/\"},{\"@type\":\"ListItem\",\"position\":2,\"name\":\"Shop\",\"item\":\"https:\/\/www.alldayled.com\/de\/shop\/\"},{\"@type\":\"ListItem\",\"position\":3,\"name\":\"Heckleuchten\",\"item\":\"https:\/\/www.alldayled.com\/de\/produkt-kategorie\/rucklichter\/\"},{\"@type\":\"ListItem\",\"position\":4,\"name\":\"Kennzeichenleuchte\",\"item\":\"https:\/\/www.alldayled.com\/de\/produkt-kategorie\/rucklichter\/achterlicht-kentekenlicht\/\"},{\"@type\":\"ListItem\",\"position\":5,\"name\":\"WA\u015a W54 Kennzeichen Licht\"}]},{\"@type\":\"WebSite\",\"@id\":\"https:\/\/www.alldayled.com\/de\/#website\",\"url\":\"https:\/\/www.alldayled.com\/de\/\",\"name\":\"All Day Led\",\"description\":\"Verlichting voor 12&amp;24 volt gebruik\",\"publisher\":{\"@id\":\"https:\/\/www.alldayled.com\/de\/#organization\"},\"potentialAction\":[{\"@type\":\"SearchAction\",\"target\":{\"@type\":\"EntryPoint\",\"urlTemplate\":\"https:\/\/www.alldayled.com\/de\/?s={search_term_string}\"},\"query-input\":{\"@type\":\"PropertyValueSpecification\",\"valueRequired\":true,\"valueName\":\"search_term_string\"}}],\"inLanguage\":\"de\"},{\"@type\":\"Organization\",\"@id\":\"https:\/\/www.alldayled.com\/de\/#organization\",\"name\":\"All Day Led\",\"url\":\"https:\/\/www.alldayled.com\/de\/\",\"logo\":{\"@type\":\"ImageObject\",\"inLanguage\":\"de\",\"@id\":\"https:\/\/www.alldayled.com\/de\/#\/schema\/logo\/image\/\",\"url\":\"https:\/\/www.alldayled.com\/wp-content\/uploads\/2025\/10\/Logo-ALL-DAY-LED-800x800-zwart-witte-letters.png\",\"contentUrl\":\"https:\/\/www.alldayled.com\/wp-content\/uploads\/2025\/10\/Logo-ALL-DAY-LED-800x800-zwart-witte-letters.png\",\"width\":800,\"height\":800,\"caption\":\"All Day Led\"},\"image\":{\"@id\":\"https:\/\/www.alldayled.com\/de\/#\/schema\/logo\/image\/\"},\"sameAs\":[\"https:\/\/www.facebook.com\/alldayled\/\",\"https:\/\/www.instagram.com\/alldayled\/\"],\"vatID\":\"NL863960133B01\",\"taxID\":\"86416545\"}]}<\/script>\n<meta property=\"product:brand\" content=\"WA\u015a\" \/>\n<meta property=\"product:price:amount\" content=\"12.95\" \/>\n<meta property=\"product:price:currency\" content=\"EUR\" \/>\n<meta property=\"og:availability\" content=\"instock\" \/>\n<meta property=\"product:availability\" content=\"instock\" \/>\n<meta property=\"product:retailer_item_id\" content=\"ADL10054\" \/>\n<meta property=\"product:condition\" content=\"new\" \/>\n<!-- \/ Yoast SEO Premium plugin. -->","yoast_head_json":{"title":"WA\u015a W54 Kennzeichen Licht - schwarz - All Day Led - 12&24 Volt","description":"WA\u015a W54 Kennzeichen Licht - LED Kennzeichenbeleuchtung - 12&24 volt - ECE R4 - LKW, Anh\u00e4nger, Wohnmobil, Traktor und mehr","robots":{"index":"index","follow":"follow","max-snippet":"max-snippet:-1","max-image-preview":"max-image-preview:large","max-video-preview":"max-video-preview:-1"},"canonical":"https:\/\/www.alldayled.com\/de\/produkt\/was-w54-kenteken-lamp\/","og_locale":"de_DE","og_type":"article","og_title":"WA\u015a W54 Kennzeichen Licht - schwarz - All Day Led - 12&24 Volt","og_description":"WA\u015a W54 Kennzeichen Licht - LED Kennzeichenbeleuchtung - 12&24 volt - ECE R4 - LKW, Anh\u00e4nger, Wohnmobil, Traktor und mehr","og_url":"https:\/\/www.alldayled.com\/de\/produkt\/was-w54-kenteken-lamp\/","og_site_name":"All Day Led","article_publisher":"https:\/\/www.facebook.com\/alldayled\/","og_image":[{"url":"https:\/\/www.alldayled.com\/wp-content\/uploads\/2024\/08\/ADL10054.01-300x300.png","type":"","width":"","height":""}],"twitter_misc":{"Preis":"&euro;&nbsp;12,95","Verf\u00fcgbarkeit":"Auf Lager"},"schema":{"@context":"https:\/\/schema.org","@graph":[{"@type":"WebPage","@id":"https:\/\/www.alldayled.com\/de\/produkt\/was-w54-kenteken-lamp\/","url":"https:\/\/www.alldayled.com\/de\/produkt\/was-w54-kenteken-lamp\/","name":"WA\u015a W54 Kennzeichen Licht - schwarz - All Day Led - 12&24 Volt","isPartOf":{"@id":"https:\/\/www.alldayled.com\/de\/#website"},"primaryImageOfPage":{"@id":"https:\/\/www.alldayled.com\/de\/produkt\/was-w54-kenteken-lamp\/#primaryimage"},"image":{"@id":"https:\/\/www.alldayled.com\/de\/produkt\/was-w54-kenteken-lamp\/#primaryimage"},"thumbnailUrl":"https:\/\/www.alldayled.com\/wp-content\/uploads\/2023\/03\/ADL10054.png","datePublished":"2023-03-04T09:56:55+00:00","description":"WA\u015a W54 Kennzeichen Licht - LED Kennzeichenbeleuchtung - 12&24 volt - ECE R4 - LKW, Anh\u00e4nger, Wohnmobil, Traktor und mehr","breadcrumb":{"@id":"https:\/\/www.alldayled.com\/de\/produkt\/was-w54-kenteken-lamp\/#breadcrumb"},"inLanguage":"de","potentialAction":[{"@type":"ReadAction","target":["https:\/\/www.alldayled.com\/de\/produkt\/was-w54-kenteken-lamp\/"]}]},{"@type":"ImageObject","inLanguage":"de","@id":"https:\/\/www.alldayled.com\/de\/produkt\/was-w54-kenteken-lamp\/#primaryimage","url":"https:\/\/www.alldayled.com\/wp-content\/uploads\/2023\/03\/ADL10054.png","contentUrl":"https:\/\/www.alldayled.com\/wp-content\/uploads\/2023\/03\/ADL10054.png","width":800,"height":600,"caption":"WA\u015a W54 LED Kennzeichen Licht - Kennzeichenbeleuchtung f\u00fcr 12 &amp; 24 Volt - geeignet f\u00fcr Auto, Anh\u00e4nger, Traktor, Wohnmobil, Wohnwagen, LKW und mehr - EAN: 5907465122399"},{"@type":"BreadcrumbList","@id":"https:\/\/www.alldayled.com\/de\/produkt\/was-w54-kenteken-lamp\/#breadcrumb","itemListElement":[{"@type":"ListItem","position":1,"name":"Home","item":"https:\/\/www.alldayled.com\/de\/"},{"@type":"ListItem","position":2,"name":"Shop","item":"https:\/\/www.alldayled.com\/de\/shop\/"},{"@type":"ListItem","position":3,"name":"Heckleuchten","item":"https:\/\/www.alldayled.com\/de\/produkt-kategorie\/rucklichter\/"},{"@type":"ListItem","position":4,"name":"Kennzeichenleuchte","item":"https:\/\/www.alldayled.com\/de\/produkt-kategorie\/rucklichter\/achterlicht-kentekenlicht\/"},{"@type":"ListItem","position":5,"name":"WA\u015a W54 Kennzeichen Licht"}]},{"@type":"WebSite","@id":"https:\/\/www.alldayled.com\/de\/#website","url":"https:\/\/www.alldayled.com\/de\/","name":"All Day Led","description":"Verlichting voor 12&amp;24 volt gebruik","publisher":{"@id":"https:\/\/www.alldayled.com\/de\/#organization"},"potentialAction":[{"@type":"SearchAction","target":{"@type":"EntryPoint","urlTemplate":"https:\/\/www.alldayled.com\/de\/?s={search_term_string}"},"query-input":{"@type":"PropertyValueSpecification","valueRequired":true,"valueName":"search_term_string"}}],"inLanguage":"de"},{"@type":"Organization","@id":"https:\/\/www.alldayled.com\/de\/#organization","name":"All Day Led","url":"https:\/\/www.alldayled.com\/de\/","logo":{"@type":"ImageObject","inLanguage":"de","@id":"https:\/\/www.alldayled.com\/de\/#\/schema\/logo\/image\/","url":"https:\/\/www.alldayled.com\/wp-content\/uploads\/2025\/10\/Logo-ALL-DAY-LED-800x800-zwart-witte-letters.png","contentUrl":"https:\/\/www.alldayled.com\/wp-content\/uploads\/2025\/10\/Logo-ALL-DAY-LED-800x800-zwart-witte-letters.png","width":800,"height":800,"caption":"All Day Led"},"image":{"@id":"https:\/\/www.alldayled.com\/de\/#\/schema\/logo\/image\/"},"sameAs":["https:\/\/www.facebook.com\/alldayled\/","https:\/\/www.instagram.com\/alldayled\/"],"vatID":"NL863960133B01","taxID":"86416545"}]},"product_brand":"WA\u015a","product_price_amount":"12.95","product_price_currency":"EUR","og_availability":"instock","product_availability":"instock","product_retailer_item_id":"ADL10054","product_condition":"new"},"_links":{"self":[{"href":"https:\/\/www.alldayled.com\/de\/wp-json\/wp\/v2\/product\/66834","targetHints":{"allow":["GET"]}}],"collection":[{"href":"https:\/\/www.alldayled.com\/de\/wp-json\/wp\/v2\/product"}],"about":[{"href":"https:\/\/www.alldayled.com\/de\/wp-json\/wp\/v2\/types\/product"}],"replies":[{"embeddable":true,"href":"https:\/\/www.alldayled.com\/de\/wp-json\/wp\/v2\/comments?post=66834"}],"wp:featuredmedia":[{"embeddable":true,"href":"https:\/\/www.alldayled.com\/de\/wp-json\/wp\/v2\/media\/24447"}],"wp:attachment":[{"href":"https:\/\/www.alldayled.com\/de\/wp-json\/wp\/v2\/media?parent=66834"}],"wp:term":[{"taxonomy":"product_brand","embeddable":true,"href":"https:\/\/www.alldayled.com\/de\/wp-json\/wp\/v2\/product_brand?post=66834"},{"taxonomy":"product_cat","embeddable":true,"href":"https:\/\/www.alldayled.com\/de\/wp-json\/wp\/v2\/product_cat?post=66834"},{"taxonomy":"product_tag","embeddable":true,"href":"https:\/\/www.alldayled.com\/de\/wp-json\/wp\/v2\/product_tag?post=66834"}],"curies":[{"name":"wp","href":"https:\/\/api.w.org\/{rel}","templated":true}]}}