{"id":66835,"date":"2020-11-17T15:54:13","date_gmt":"2020-11-17T14:54:13","guid":{"rendered":"https:\/\/www.alldayled.com\/product\/strands-red-eye-3-kamer-led-achterlicht\/"},"modified":"2026-04-19T20:16:36","modified_gmt":"2026-04-19T18:16:36","slug":"strands-red-eye-3-kamer-led-achterlicht","status":"publish","type":"product","link":"https:\/\/www.alldayled.com\/de\/produkt\/strands-red-eye-3-kamer-led-achterlicht\/","title":{"rendered":"Strands RED EYE 3-Kammer LED R\u00fccklicht"},"content":{"rendered":"<p><span style=\"color: #000000;\"><strong>Strands RED EYE 3-Kammer LED R\u00fccklicht, f\u00fcr 12&amp; 24 Volt Betrieb. <\/strong><\/span><\/p>\n<p><span style=\"color: #000000;\">Sind Sie auf der Suche nach einem runden LED R\u00fccklicht, das mit einer Blinker-, Standlicht- und Bremslichtfunktion ausgestattet ist? Dann ist dieses Strands RED EYE LED R\u00fccklicht vielleicht die Lampe, die Sie suchen. Das R\u00fccklicht ist mit 22 hellen LED&#8217;s ausgestattet. Dank dieser 20 LED&#8217;s sind Sie von einer guten Beleuchtung mit einem geringen Stromverbrauch \u00fcberzeugt, sodass Sie sowohl tags\u00fcber als auch abends gut sichtbar sind. Das RED EYE LED 3-Kammer LED R\u00fccklicht von Strands arbeitet mit 12 und 24 Volt, wodurch Sie es beispielsweise an Ihrem Auto, LKW, Anh\u00e4nger oder einer anderen Art von Fahrzeug montieren k\u00f6nnen.    <\/span><\/p>\n<p><span style=\"color: #000000;\">Um sicherzustellen, dass die Strands RED EYE LED Blinker-, Standlicht- und Bremslichtfunktion f\u00fcr Ihr Fahrzeug oder Ihren Anh\u00e4nger geeignet ist, haben wir nachfolgend einige Spezifikationen aufgelistet. So wird sofort deutlich, warum dies vielleicht die LED Lampe ist, nach der Sie suchen. Das LED R\u00fccklicht ist unter anderem mit dem ECE R10-Pr\u00fcfzeichen versehen, was bedeutet, dass die Lampe w\u00e4hrend des Gebrauchs keine St\u00f6rungen beispielsweise auf Funksignalen verursacht. Dar\u00fcber hinaus verf\u00fcgt das R\u00fccklicht \u00fcber das ECE R23- und ECE R38-Pr\u00fcfzeichen, womit es offiziell als R\u00fcckfahrlicht und Nebelschlussleuchte verwendet werden darf.   <\/span><\/p>\n<h5><span style=\"color: #000000;\"><strong>Abmessungen:<\/strong><\/span><\/h5>\n<p><span style=\"color: #000000;\">Um sicherzustellen, dass Sie die runde LED Lampe dort montieren k\u00f6nnen, wo Sie m\u00f6chten, haben wir nachfolgend die Abmessungen notiert. Die Abmessungen des Strands RED EYE 3-in-1 LED R\u00fccklichts sind wie folgt: <\/span><\/p>\n<ul>\n<li><span style=\"color: #000000;\">Durchmesser: 122 mm (155 mm inkl. Geh\u00e4use) <\/span><\/li>\n<li><span style=\"color: #000000;\">Dicke: 43 mm (inkl. Geh\u00e4use)<\/span><\/li>\n<\/ul>\n<h5><span style=\"color: #000000;\"><strong>Andere Versionen: <\/strong><\/span><\/h5>\n<p><span style=\"color: #000000;\">M\u00f6chten Sie selbst eine Hecksto\u00dfstange zusammenstellen, aber das RED EYE LED 3-Kammer LED R\u00fccklicht reicht nicht aus? Keine Sorge, dieses Modell ist auch als Nebel-\/R\u00fcckfahrlicht erh\u00e4ltlich. Das passende R\u00fccklicht von Strands finden Sie hier:  <\/span><\/p>\n<ul>\n<li><span style=\"color: #000000;\"><a style=\"color: #000000;\" href=\"https:\/\/www.alldayled.com\/de\/produkt\/strands-red-eye-led-mist-achteruitrijlicht\/\"><strong>Strands RED EYE LED Nebel-R\u00fcckfahrlicht<\/strong><\/a><\/span><\/li>\n<\/ul>\n<p><span style=\"color: #000000;\">Sind Sie dennoch der Meinung, dass dieses LED R\u00fccklicht nicht das ist, was Sie suchen? Einfach, weil die Lichtleistung, die Wattzahl oder die Form nicht Ihren W\u00fcnschen entspricht? Dann schauen Sie sich hier das komplette Angebot von <a style=\"color: #000000;\" href=\"https:\/\/www.alldayled.com\/de\/marke\/product-strands-lighting-division\/\" target=\"_blank\" rel=\"noopener\">Strands<\/a> an.  <\/span><\/p>\n","protected":false},"excerpt":{"rendered":"<p>RED EYE R\u00fccklicht mit Brems-, Stand- und Blinkerfunktion &#8211; geeignet f\u00fcr 12\/24V.<\/p>\n","protected":false},"featured_media":18078,"comment_status":"open","ping_status":"closed","template":"","meta":{"_acf_changed":false},"product_brand":[5114],"product_cat":[5192],"product_tag":[9219,9064,9065,9160],"class_list":{"0":"post-66835","1":"product","2":"type-product","3":"status-publish","4":"has-post-thumbnail","6":"product_brand-product-strands-lighting-division","7":"product_cat-achterlicht-rond","8":"product_tag-led-rucklicht","9":"product_tag-strands-led-beleuchtung","10":"product_tag-strands-lighting-division","11":"product_tag-truckstyling","13":"first","14":"instock","15":"taxable","16":"shipping-taxable","17":"purchasable","18":"product-type-simple"},"acf":[],"yoast_head":"<!-- This site is optimized with the Yoast SEO Premium plugin v26.5 (Yoast SEO v27.1.1) - https:\/\/yoast.com\/product\/yoast-seo-premium-wordpress\/ -->\n<title>Strands RED EYE R\u00fccklicht 3 Kammer - All Day Led - 12&amp;24V<\/title>\n<meta name=\"description\" content=\"Strands RED EYE R\u00fccklicht - LED R\u00fccklicht rund - f\u00fcr Auto, LKW und mehr - direkt lieferbar - 3 Kammer LED R\u00fccklicht - 12&amp;24V\" \/>\n<meta name=\"robots\" content=\"index, follow, max-snippet:-1, max-image-preview:large, max-video-preview:-1\" \/>\n<link rel=\"canonical\" href=\"https:\/\/www.alldayled.com\/de\/produkt\/strands-red-eye-3-kamer-led-achterlicht\/\" \/>\n<meta property=\"og:locale\" content=\"de_DE\" \/>\n<meta property=\"og:type\" content=\"article\" \/>\n<meta property=\"og:title\" content=\"Strands RED EYE R\u00fccklicht 3 Kammer - All Day Led - 12&amp;24V\" \/>\n<meta property=\"og:description\" content=\"Strands RED EYE R\u00fccklicht - LED R\u00fccklicht rund - f\u00fcr Auto, LKW und mehr - direkt lieferbar - 3 Kammer LED R\u00fccklicht - 12&amp;24V\" \/>\n<meta property=\"og:url\" content=\"https:\/\/www.alldayled.com\/de\/produkt\/strands-red-eye-3-kamer-led-achterlicht\/\" \/>\n<meta property=\"og:site_name\" content=\"All Day Led\" \/>\n<meta property=\"article:publisher\" content=\"https:\/\/www.facebook.com\/alldayled\/\" \/>\n<meta property=\"article:modified_time\" content=\"2026-04-19T18:16:36+00:00\" \/>\n<meta property=\"og:image\" content=\"https:\/\/www.alldayled.com\/wp-content\/uploads\/2024\/05\/ADL800140-300x300.png\" \/>\n<meta name=\"twitter:label1\" content=\"Preis\" \/>\n\t<meta name=\"twitter:data1\" content=\"&euro;&nbsp;49,00\" \/>\n\t<meta name=\"twitter:label2\" content=\"Verf\u00fcgbarkeit\" \/>\n\t<meta name=\"twitter:data2\" content=\"Auf Lager\" \/>\n<script type=\"application\/ld+json\" class=\"yoast-schema-graph\">{\"@context\":\"https:\/\/schema.org\",\"@graph\":[{\"@type\":\"WebPage\",\"@id\":\"https:\/\/www.alldayled.com\/de\/produkt\/strands-red-eye-3-kamer-led-achterlicht\/\",\"url\":\"https:\/\/www.alldayled.com\/de\/produkt\/strands-red-eye-3-kamer-led-achterlicht\/\",\"name\":\"Strands RED EYE R\u00fccklicht 3 Kammer - All Day Led - 12&24V\",\"isPartOf\":{\"@id\":\"https:\/\/www.alldayled.com\/de\/#website\"},\"primaryImageOfPage\":{\"@id\":\"https:\/\/www.alldayled.com\/de\/produkt\/strands-red-eye-3-kamer-led-achterlicht\/#primaryimage\"},\"image\":{\"@id\":\"https:\/\/www.alldayled.com\/de\/produkt\/strands-red-eye-3-kamer-led-achterlicht\/#primaryimage\"},\"thumbnailUrl\":\"https:\/\/www.alldayled.com\/wp-content\/uploads\/2020\/11\/ADL80140.png\",\"datePublished\":\"2020-11-17T14:54:13+00:00\",\"dateModified\":\"2026-04-19T18:16:36+00:00\",\"description\":\"Strands RED EYE R\u00fccklicht - LED R\u00fccklicht rund - f\u00fcr Auto, LKW und mehr - direkt lieferbar - 3 Kammer LED R\u00fccklicht - 12&24V\",\"breadcrumb\":{\"@id\":\"https:\/\/www.alldayled.com\/de\/produkt\/strands-red-eye-3-kamer-led-achterlicht\/#breadcrumb\"},\"inLanguage\":\"de\",\"potentialAction\":[{\"@type\":\"ReadAction\",\"target\":[\"https:\/\/www.alldayled.com\/de\/produkt\/strands-red-eye-3-kamer-led-achterlicht\/\"]}]},{\"@type\":\"ImageObject\",\"inLanguage\":\"de\",\"@id\":\"https:\/\/www.alldayled.com\/de\/produkt\/strands-red-eye-3-kamer-led-achterlicht\/#primaryimage\",\"url\":\"https:\/\/www.alldayled.com\/wp-content\/uploads\/2020\/11\/ADL80140.png\",\"contentUrl\":\"https:\/\/www.alldayled.com\/wp-content\/uploads\/2020\/11\/ADL80140.png\",\"width\":800,\"height\":600,\"caption\":\"Strands RED EYE 3 Kammer LED R\u00fccklicht - rundes LED R\u00fccklicht mit Blinkerfunktion - f\u00fcr 12 und 24 Volt - EAN: 7323030003609\"},{\"@type\":\"BreadcrumbList\",\"@id\":\"https:\/\/www.alldayled.com\/de\/produkt\/strands-red-eye-3-kamer-led-achterlicht\/#breadcrumb\",\"itemListElement\":[{\"@type\":\"ListItem\",\"position\":1,\"name\":\"Home\",\"item\":\"https:\/\/www.alldayled.com\/de\/\"},{\"@type\":\"ListItem\",\"position\":2,\"name\":\"Shop\",\"item\":\"https:\/\/www.alldayled.com\/de\/shop\/\"},{\"@type\":\"ListItem\",\"position\":3,\"name\":\"Heckleuchten\",\"item\":\"https:\/\/www.alldayled.com\/de\/produkt-kategorie\/rucklichter\/\"},{\"@type\":\"ListItem\",\"position\":4,\"name\":\"R\u00fccklicht rund\",\"item\":\"https:\/\/www.alldayled.com\/de\/produkt-kategorie\/rucklichter\/achterlicht-rond\/\"},{\"@type\":\"ListItem\",\"position\":5,\"name\":\"Strands RED EYE 3-Kammer LED R\u00fccklicht\"}]},{\"@type\":\"WebSite\",\"@id\":\"https:\/\/www.alldayled.com\/de\/#website\",\"url\":\"https:\/\/www.alldayled.com\/de\/\",\"name\":\"All Day Led\",\"description\":\"Verlichting voor 12&amp;24 volt gebruik\",\"publisher\":{\"@id\":\"https:\/\/www.alldayled.com\/de\/#organization\"},\"potentialAction\":[{\"@type\":\"SearchAction\",\"target\":{\"@type\":\"EntryPoint\",\"urlTemplate\":\"https:\/\/www.alldayled.com\/de\/?s={search_term_string}\"},\"query-input\":{\"@type\":\"PropertyValueSpecification\",\"valueRequired\":true,\"valueName\":\"search_term_string\"}}],\"inLanguage\":\"de\"},{\"@type\":\"Organization\",\"@id\":\"https:\/\/www.alldayled.com\/de\/#organization\",\"name\":\"All Day Led\",\"url\":\"https:\/\/www.alldayled.com\/de\/\",\"logo\":{\"@type\":\"ImageObject\",\"inLanguage\":\"de\",\"@id\":\"https:\/\/www.alldayled.com\/de\/#\/schema\/logo\/image\/\",\"url\":\"https:\/\/www.alldayled.com\/wp-content\/uploads\/2025\/10\/Logo-ALL-DAY-LED-800x800-zwart-witte-letters.png\",\"contentUrl\":\"https:\/\/www.alldayled.com\/wp-content\/uploads\/2025\/10\/Logo-ALL-DAY-LED-800x800-zwart-witte-letters.png\",\"width\":800,\"height\":800,\"caption\":\"All Day Led\"},\"image\":{\"@id\":\"https:\/\/www.alldayled.com\/de\/#\/schema\/logo\/image\/\"},\"sameAs\":[\"https:\/\/www.facebook.com\/alldayled\/\",\"https:\/\/www.instagram.com\/alldayled\/\"],\"vatID\":\"NL863960133B01\",\"taxID\":\"86416545\"}]}<\/script>\n<meta property=\"product:brand\" content=\"Strands\" \/>\n<meta property=\"product:price:amount\" content=\"49.00\" \/>\n<meta property=\"product:price:currency\" content=\"EUR\" \/>\n<meta property=\"og:availability\" content=\"instock\" \/>\n<meta property=\"product:availability\" content=\"instock\" \/>\n<meta property=\"product:retailer_item_id\" content=\"ADL800140\" \/>\n<meta property=\"product:condition\" content=\"new\" \/>\n<!-- \/ Yoast SEO Premium plugin. -->","yoast_head_json":{"title":"Strands RED EYE R\u00fccklicht 3 Kammer - All Day Led - 12&24V","description":"Strands RED EYE R\u00fccklicht - LED R\u00fccklicht rund - f\u00fcr Auto, LKW und mehr - direkt lieferbar - 3 Kammer LED R\u00fccklicht - 12&24V","robots":{"index":"index","follow":"follow","max-snippet":"max-snippet:-1","max-image-preview":"max-image-preview:large","max-video-preview":"max-video-preview:-1"},"canonical":"https:\/\/www.alldayled.com\/de\/produkt\/strands-red-eye-3-kamer-led-achterlicht\/","og_locale":"de_DE","og_type":"article","og_title":"Strands RED EYE R\u00fccklicht 3 Kammer - All Day Led - 12&24V","og_description":"Strands RED EYE R\u00fccklicht - LED R\u00fccklicht rund - f\u00fcr Auto, LKW und mehr - direkt lieferbar - 3 Kammer LED R\u00fccklicht - 12&24V","og_url":"https:\/\/www.alldayled.com\/de\/produkt\/strands-red-eye-3-kamer-led-achterlicht\/","og_site_name":"All Day Led","article_publisher":"https:\/\/www.facebook.com\/alldayled\/","article_modified_time":"2026-04-19T18:16:36+00:00","og_image":[{"url":"https:\/\/www.alldayled.com\/wp-content\/uploads\/2024\/05\/ADL800140-300x300.png","type":"","width":"","height":""}],"twitter_misc":{"Preis":"&euro;&nbsp;49,00","Verf\u00fcgbarkeit":"Auf Lager"},"schema":{"@context":"https:\/\/schema.org","@graph":[{"@type":"WebPage","@id":"https:\/\/www.alldayled.com\/de\/produkt\/strands-red-eye-3-kamer-led-achterlicht\/","url":"https:\/\/www.alldayled.com\/de\/produkt\/strands-red-eye-3-kamer-led-achterlicht\/","name":"Strands RED EYE R\u00fccklicht 3 Kammer - All Day Led - 12&24V","isPartOf":{"@id":"https:\/\/www.alldayled.com\/de\/#website"},"primaryImageOfPage":{"@id":"https:\/\/www.alldayled.com\/de\/produkt\/strands-red-eye-3-kamer-led-achterlicht\/#primaryimage"},"image":{"@id":"https:\/\/www.alldayled.com\/de\/produkt\/strands-red-eye-3-kamer-led-achterlicht\/#primaryimage"},"thumbnailUrl":"https:\/\/www.alldayled.com\/wp-content\/uploads\/2020\/11\/ADL80140.png","datePublished":"2020-11-17T14:54:13+00:00","dateModified":"2026-04-19T18:16:36+00:00","description":"Strands RED EYE R\u00fccklicht - LED R\u00fccklicht rund - f\u00fcr Auto, LKW und mehr - direkt lieferbar - 3 Kammer LED R\u00fccklicht - 12&24V","breadcrumb":{"@id":"https:\/\/www.alldayled.com\/de\/produkt\/strands-red-eye-3-kamer-led-achterlicht\/#breadcrumb"},"inLanguage":"de","potentialAction":[{"@type":"ReadAction","target":["https:\/\/www.alldayled.com\/de\/produkt\/strands-red-eye-3-kamer-led-achterlicht\/"]}]},{"@type":"ImageObject","inLanguage":"de","@id":"https:\/\/www.alldayled.com\/de\/produkt\/strands-red-eye-3-kamer-led-achterlicht\/#primaryimage","url":"https:\/\/www.alldayled.com\/wp-content\/uploads\/2020\/11\/ADL80140.png","contentUrl":"https:\/\/www.alldayled.com\/wp-content\/uploads\/2020\/11\/ADL80140.png","width":800,"height":600,"caption":"Strands RED EYE 3 Kammer LED R\u00fccklicht - rundes LED R\u00fccklicht mit Blinkerfunktion - f\u00fcr 12 und 24 Volt - EAN: 7323030003609"},{"@type":"BreadcrumbList","@id":"https:\/\/www.alldayled.com\/de\/produkt\/strands-red-eye-3-kamer-led-achterlicht\/#breadcrumb","itemListElement":[{"@type":"ListItem","position":1,"name":"Home","item":"https:\/\/www.alldayled.com\/de\/"},{"@type":"ListItem","position":2,"name":"Shop","item":"https:\/\/www.alldayled.com\/de\/shop\/"},{"@type":"ListItem","position":3,"name":"Heckleuchten","item":"https:\/\/www.alldayled.com\/de\/produkt-kategorie\/rucklichter\/"},{"@type":"ListItem","position":4,"name":"R\u00fccklicht rund","item":"https:\/\/www.alldayled.com\/de\/produkt-kategorie\/rucklichter\/achterlicht-rond\/"},{"@type":"ListItem","position":5,"name":"Strands RED EYE 3-Kammer LED R\u00fccklicht"}]},{"@type":"WebSite","@id":"https:\/\/www.alldayled.com\/de\/#website","url":"https:\/\/www.alldayled.com\/de\/","name":"All Day Led","description":"Verlichting voor 12&amp;24 volt gebruik","publisher":{"@id":"https:\/\/www.alldayled.com\/de\/#organization"},"potentialAction":[{"@type":"SearchAction","target":{"@type":"EntryPoint","urlTemplate":"https:\/\/www.alldayled.com\/de\/?s={search_term_string}"},"query-input":{"@type":"PropertyValueSpecification","valueRequired":true,"valueName":"search_term_string"}}],"inLanguage":"de"},{"@type":"Organization","@id":"https:\/\/www.alldayled.com\/de\/#organization","name":"All Day Led","url":"https:\/\/www.alldayled.com\/de\/","logo":{"@type":"ImageObject","inLanguage":"de","@id":"https:\/\/www.alldayled.com\/de\/#\/schema\/logo\/image\/","url":"https:\/\/www.alldayled.com\/wp-content\/uploads\/2025\/10\/Logo-ALL-DAY-LED-800x800-zwart-witte-letters.png","contentUrl":"https:\/\/www.alldayled.com\/wp-content\/uploads\/2025\/10\/Logo-ALL-DAY-LED-800x800-zwart-witte-letters.png","width":800,"height":800,"caption":"All Day Led"},"image":{"@id":"https:\/\/www.alldayled.com\/de\/#\/schema\/logo\/image\/"},"sameAs":["https:\/\/www.facebook.com\/alldayled\/","https:\/\/www.instagram.com\/alldayled\/"],"vatID":"NL863960133B01","taxID":"86416545"}]},"product_brand":"Strands","product_price_amount":"49.00","product_price_currency":"EUR","og_availability":"instock","product_availability":"instock","product_retailer_item_id":"ADL800140","product_condition":"new"},"_links":{"self":[{"href":"https:\/\/www.alldayled.com\/de\/wp-json\/wp\/v2\/product\/66835","targetHints":{"allow":["GET"]}}],"collection":[{"href":"https:\/\/www.alldayled.com\/de\/wp-json\/wp\/v2\/product"}],"about":[{"href":"https:\/\/www.alldayled.com\/de\/wp-json\/wp\/v2\/types\/product"}],"replies":[{"embeddable":true,"href":"https:\/\/www.alldayled.com\/de\/wp-json\/wp\/v2\/comments?post=66835"}],"wp:featuredmedia":[{"embeddable":true,"href":"https:\/\/www.alldayled.com\/de\/wp-json\/wp\/v2\/media\/18078"}],"wp:attachment":[{"href":"https:\/\/www.alldayled.com\/de\/wp-json\/wp\/v2\/media?parent=66835"}],"wp:term":[{"taxonomy":"product_brand","embeddable":true,"href":"https:\/\/www.alldayled.com\/de\/wp-json\/wp\/v2\/product_brand?post=66835"},{"taxonomy":"product_cat","embeddable":true,"href":"https:\/\/www.alldayled.com\/de\/wp-json\/wp\/v2\/product_cat?post=66835"},{"taxonomy":"product_tag","embeddable":true,"href":"https:\/\/www.alldayled.com\/de\/wp-json\/wp\/v2\/product_tag?post=66835"}],"curies":[{"name":"wp","href":"https:\/\/api.w.org\/{rel}","templated":true}]}}