{"id":66838,"date":"2020-06-26T16:24:07","date_gmt":"2020-06-26T14:24:07","guid":{"rendered":"https:\/\/www.alldayled.com\/product\/led-mistachterlicht-rond-12v-24v\/"},"modified":"2026-04-14T15:40:22","modified_gmt":"2026-04-14T13:40:22","slug":"led-mistachterlicht-rond-12v-24v","status":"publish","type":"product","link":"https:\/\/www.alldayled.com\/de\/produkt\/led-mistachterlicht-rond-12v-24v\/","title":{"rendered":"LED Nebelschlussleuchte rund 12\/24V"},"content":{"rendered":"<p><span style=\"color: #000000;\"><strong>TruckLED LED Nebelschlussleuchte, f\u00fcr 12 und 24 Volt Betrieb.<\/strong><\/span><\/p>\n<p><span style=\"color: #000000;\">M\u00f6chten Sie Ihren LKW, Anh\u00e4nger, Transporter, Traktor oder ein anderes Fahrzeug mit einer neuen Nebelschlussleuchte ausstatten, wissen aber nicht genau, was Sie ben\u00f6tigen? Vielleicht ist die TruckLED LED Nebelschlussleuchte dann genau die richtige Lampe f\u00fcr Sie. Diese flache LED-Arbeitsleuchte hat 20 LED-Punkte und gibt helles rotes Licht ab. Sie funktioniert mit 12 und 24 Volt und wird mit einem praktischen Schiebersteckeranschluss geliefert.   <\/span><\/p>\n<p><span style=\"color: #000000;\">Um sicherzustellen, dass diese LED Nebelschlussleuchte f\u00fcr Ihr Fahrzeug geeignet ist, haben wir die wichtigsten Spezifikationen im Folgenden aufgelistet. Die LED Nebelschlussleuchte hat das ECE R10-Pr\u00fcfzeichen, was bedeutet, dass sie keine St\u00f6rungen verursacht, beispielsweise an Ihrem Funksignal. Sie hat auch das ECE R19-Pr\u00fcfzeichen, sodass Sie die runde LED-Lampe sicher als Nebelschlussleuchte verwenden k\u00f6nnen.  <\/span><\/p>\n<h5><span style=\"color: #000000;\"><strong>Abmessungen:<\/strong><\/span><\/h5>\n<p><span style=\"color: #000000;\">M\u00f6chten Sie sicher sein, dass die LED Nebelschlussleuchte passt? Sehen Sie sich dann unten die Abmessungen an. So wissen Sie direkt, ob sie f\u00fcr Ihr Fahrzeug geeignet ist. Die Abmessungen der runden TruckLED LED Nebelschlussleuchte sind wie folgt:   <\/span><\/p>\n<ul>\n<li><span style=\"color: #000000;\">Durchmesser: 140mm<\/span><\/li>\n<li><span style=\"color: #000000;\">H\u00f6he: 58mm<\/span><\/li>\n<\/ul>\n<h5><span style=\"color: #000000;\"><strong>Andere Versionen: <\/strong><\/span><\/h5>\n<p><span style=\"color: #000000;\">M\u00f6chten Sie zwar ein rundes R\u00fccklicht, aber die Ausf\u00fchrung mit Nebelschlusslichtfunktion ist nicht das, was Sie suchen? Kein Problem! Die runde LED-Lampe ist auch als R\u00fcckfahrleuchte oder R\u00fccklicht erh\u00e4ltlich. Die passenden runden R\u00fcckleuchten von TruckLED finden Sie hier:   <\/span><\/p>\n<ul>\n<li><span style=\"color: #000000;\"><a style=\"color: #000000;\" href=\"https:\/\/www.alldayled.com\/de\/produkt\/led-hamburger-achterlicht-12-24v\/\"><strong>LED R\u00fccklicht<\/strong><\/a><\/span><\/li>\n<li><span style=\"color: #000000;\"><a style=\"color: #000000;\" href=\"https:\/\/www.alldayled.com\/de\/produkt\/led-achteruitrijlamp-rond-12v-24v\/\"><strong>LED R\u00fcckfahrleuchte<\/strong><\/a><\/span><\/li>\n<\/ul>\n<p><span style=\"color: #000000;\">Ist das noch nicht ganz das, was Sie suchen? Vielleicht ist die Lichtleistung oder die Wattleistung nicht f\u00fcr Ihre Situation geeignet. Dann werfen Sie doch mal einen Blick auf unsere <a style=\"color: #000000;\" href=\"https:\/\/www.alldayled.com\/de\/produkt-kategorie\/rucklichter\/\">R\u00fccklicht-Seite<\/a>. Die Wahrscheinlichkeit ist gro\u00df, dass Sie dort das perfekte Modell f\u00fcr Ihr Fahrzeug finden.   <\/span><\/p>\n","protected":false},"excerpt":{"rendered":"<p>Runde Nebelschlussleuchte mit 20 LED-Punkten, geeignet f\u00fcr 12 und 24 Volt. ECE R19-Pr\u00fcfzeichen. <\/p>\n","protected":false},"featured_media":16224,"comment_status":"open","ping_status":"closed","template":"","meta":{"_acf_changed":false},"product_brand":[6605],"product_cat":[5192],"product_tag":[9218,9219,9370,9427,9440,9160],"class_list":{"0":"post-66838","1":"product","2":"type-product","3":"status-publish","4":"has-post-thumbnail","6":"product_brand-product-truckled","7":"product_cat-achterlicht-rond","8":"product_tag-deense-achterbumper","9":"product_tag-led-rucklicht","10":"product_tag-nebelschlussleuchte","11":"product_tag-nebelschlussleuchte-2","12":"product_tag-nebelschlussleuchte-3","13":"product_tag-truckstyling","15":"first","16":"instock","17":"taxable","18":"shipping-taxable","19":"purchasable","20":"product-type-simple"},"acf":[],"yoast_head":"<!-- This site is optimized with the Yoast SEO Premium plugin v26.5 (Yoast SEO v27.1.1) - https:\/\/yoast.com\/product\/yoast-seo-premium-wordpress\/ -->\n<title>LED Nebelschlussleuchte rund - All Day Led - f\u00fcr 12 und 24 Volt<\/title>\n<meta name=\"description\" content=\"LED Nebelschlussleuchte rund - f\u00fcr 12&amp;24 volt - LED R\u00fcckleuchten - hintere Sto\u00dfstange - LED Anh\u00e4ngerbeleuchtung - OBO LED Nebelschlussleuchte\" \/>\n<meta name=\"robots\" content=\"index, follow, max-snippet:-1, max-image-preview:large, max-video-preview:-1\" \/>\n<link rel=\"canonical\" href=\"https:\/\/www.alldayled.com\/de\/produkt\/led-mistachterlicht-rond-12v-24v\/\" \/>\n<meta property=\"og:locale\" content=\"de_DE\" \/>\n<meta property=\"og:type\" content=\"article\" \/>\n<meta property=\"og:title\" content=\"LED Nebelschlussleuchte rund - All Day Led - f\u00fcr 12 und 24 Volt\" \/>\n<meta property=\"og:description\" content=\"LED Nebelschlussleuchte rund - f\u00fcr 12&amp;24 volt - LED R\u00fcckleuchten - hintere Sto\u00dfstange - LED Anh\u00e4ngerbeleuchtung - OBO LED Nebelschlussleuchte\" \/>\n<meta property=\"og:url\" content=\"https:\/\/www.alldayled.com\/de\/produkt\/led-mistachterlicht-rond-12v-24v\/\" \/>\n<meta property=\"og:site_name\" content=\"All Day Led\" \/>\n<meta property=\"article:publisher\" content=\"https:\/\/www.facebook.com\/alldayled\/\" \/>\n<meta property=\"article:modified_time\" content=\"2026-04-14T13:40:22+00:00\" \/>\n<meta property=\"og:image\" content=\"https:\/\/www.alldayled.com\/wp-content\/uploads\/2024\/08\/ADL02087.01-300x300.png\" \/>\n<meta name=\"twitter:label1\" content=\"Preis\" \/>\n\t<meta name=\"twitter:data1\" content=\"&euro;&nbsp;19,95\" \/>\n\t<meta name=\"twitter:label2\" content=\"Verf\u00fcgbarkeit\" \/>\n\t<meta name=\"twitter:data2\" content=\"Auf Lager\" \/>\n<script type=\"application\/ld+json\" class=\"yoast-schema-graph\">{\"@context\":\"https:\/\/schema.org\",\"@graph\":[{\"@type\":\"WebPage\",\"@id\":\"https:\/\/www.alldayled.com\/de\/produkt\/led-mistachterlicht-rond-12v-24v\/\",\"url\":\"https:\/\/www.alldayled.com\/de\/produkt\/led-mistachterlicht-rond-12v-24v\/\",\"name\":\"LED Nebelschlussleuchte rund - All Day Led - f\u00fcr 12 und 24 Volt\",\"isPartOf\":{\"@id\":\"https:\/\/www.alldayled.com\/de\/#website\"},\"primaryImageOfPage\":{\"@id\":\"https:\/\/www.alldayled.com\/de\/produkt\/led-mistachterlicht-rond-12v-24v\/#primaryimage\"},\"image\":{\"@id\":\"https:\/\/www.alldayled.com\/de\/produkt\/led-mistachterlicht-rond-12v-24v\/#primaryimage\"},\"thumbnailUrl\":\"https:\/\/www.alldayled.com\/wp-content\/uploads\/2020\/06\/ADL02087.png\",\"datePublished\":\"2020-06-26T14:24:07+00:00\",\"dateModified\":\"2026-04-14T13:40:22+00:00\",\"description\":\"LED Nebelschlussleuchte rund - f\u00fcr 12&24 volt - LED R\u00fcckleuchten - hintere Sto\u00dfstange - LED Anh\u00e4ngerbeleuchtung - OBO LED Nebelschlussleuchte\",\"breadcrumb\":{\"@id\":\"https:\/\/www.alldayled.com\/de\/produkt\/led-mistachterlicht-rond-12v-24v\/#breadcrumb\"},\"inLanguage\":\"de\",\"potentialAction\":[{\"@type\":\"ReadAction\",\"target\":[\"https:\/\/www.alldayled.com\/de\/produkt\/led-mistachterlicht-rond-12v-24v\/\"]}]},{\"@type\":\"ImageObject\",\"inLanguage\":\"de\",\"@id\":\"https:\/\/www.alldayled.com\/de\/produkt\/led-mistachterlicht-rond-12v-24v\/#primaryimage\",\"url\":\"https:\/\/www.alldayled.com\/wp-content\/uploads\/2020\/06\/ADL02087.png\",\"contentUrl\":\"https:\/\/www.alldayled.com\/wp-content\/uploads\/2020\/06\/ADL02087.png\",\"width\":800,\"height\":600,\"caption\":\"Obo LED Nebelschlussleuchte f\u00fcr 12 &amp; 24 Volt Betrieb - Aufbaumontage mit Schieberstecker - f\u00fcr Anh\u00e4nger, Traktor, LKW, Camper und mehr - EAN: 2000010015023\"},{\"@type\":\"BreadcrumbList\",\"@id\":\"https:\/\/www.alldayled.com\/de\/produkt\/led-mistachterlicht-rond-12v-24v\/#breadcrumb\",\"itemListElement\":[{\"@type\":\"ListItem\",\"position\":1,\"name\":\"Home\",\"item\":\"https:\/\/www.alldayled.com\/de\/\"},{\"@type\":\"ListItem\",\"position\":2,\"name\":\"Shop\",\"item\":\"https:\/\/www.alldayled.com\/de\/shop\/\"},{\"@type\":\"ListItem\",\"position\":3,\"name\":\"Heckleuchten\",\"item\":\"https:\/\/www.alldayled.com\/de\/produkt-kategorie\/rucklichter\/\"},{\"@type\":\"ListItem\",\"position\":4,\"name\":\"R\u00fccklicht rund\",\"item\":\"https:\/\/www.alldayled.com\/de\/produkt-kategorie\/rucklichter\/achterlicht-rond\/\"},{\"@type\":\"ListItem\",\"position\":5,\"name\":\"LED Nebelschlussleuchte rund 12\/24V\"}]},{\"@type\":\"WebSite\",\"@id\":\"https:\/\/www.alldayled.com\/de\/#website\",\"url\":\"https:\/\/www.alldayled.com\/de\/\",\"name\":\"All Day Led\",\"description\":\"Verlichting voor 12&amp;24 volt gebruik\",\"publisher\":{\"@id\":\"https:\/\/www.alldayled.com\/de\/#organization\"},\"potentialAction\":[{\"@type\":\"SearchAction\",\"target\":{\"@type\":\"EntryPoint\",\"urlTemplate\":\"https:\/\/www.alldayled.com\/de\/?s={search_term_string}\"},\"query-input\":{\"@type\":\"PropertyValueSpecification\",\"valueRequired\":true,\"valueName\":\"search_term_string\"}}],\"inLanguage\":\"de\"},{\"@type\":\"Organization\",\"@id\":\"https:\/\/www.alldayled.com\/de\/#organization\",\"name\":\"All Day Led\",\"url\":\"https:\/\/www.alldayled.com\/de\/\",\"logo\":{\"@type\":\"ImageObject\",\"inLanguage\":\"de\",\"@id\":\"https:\/\/www.alldayled.com\/de\/#\/schema\/logo\/image\/\",\"url\":\"https:\/\/www.alldayled.com\/wp-content\/uploads\/2025\/10\/Logo-ALL-DAY-LED-800x800-zwart-witte-letters.png\",\"contentUrl\":\"https:\/\/www.alldayled.com\/wp-content\/uploads\/2025\/10\/Logo-ALL-DAY-LED-800x800-zwart-witte-letters.png\",\"width\":800,\"height\":800,\"caption\":\"All Day Led\"},\"image\":{\"@id\":\"https:\/\/www.alldayled.com\/de\/#\/schema\/logo\/image\/\"},\"sameAs\":[\"https:\/\/www.facebook.com\/alldayled\/\",\"https:\/\/www.instagram.com\/alldayled\/\"],\"vatID\":\"NL863960133B01\",\"taxID\":\"86416545\"}]}<\/script>\n<meta property=\"product:brand\" content=\"TruckLED\" \/>\n<meta property=\"product:price:amount\" content=\"19.95\" \/>\n<meta property=\"product:price:currency\" content=\"EUR\" \/>\n<meta property=\"og:availability\" content=\"instock\" \/>\n<meta property=\"product:availability\" content=\"instock\" \/>\n<meta property=\"product:retailer_item_id\" content=\"ADL02087\" \/>\n<meta property=\"product:condition\" content=\"new\" \/>\n<!-- \/ Yoast SEO Premium plugin. -->","yoast_head_json":{"title":"LED Nebelschlussleuchte rund - All Day Led - f\u00fcr 12 und 24 Volt","description":"LED Nebelschlussleuchte rund - f\u00fcr 12&24 volt - LED R\u00fcckleuchten - hintere Sto\u00dfstange - LED Anh\u00e4ngerbeleuchtung - OBO LED Nebelschlussleuchte","robots":{"index":"index","follow":"follow","max-snippet":"max-snippet:-1","max-image-preview":"max-image-preview:large","max-video-preview":"max-video-preview:-1"},"canonical":"https:\/\/www.alldayled.com\/de\/produkt\/led-mistachterlicht-rond-12v-24v\/","og_locale":"de_DE","og_type":"article","og_title":"LED Nebelschlussleuchte rund - All Day Led - f\u00fcr 12 und 24 Volt","og_description":"LED Nebelschlussleuchte rund - f\u00fcr 12&24 volt - LED R\u00fcckleuchten - hintere Sto\u00dfstange - LED Anh\u00e4ngerbeleuchtung - OBO LED Nebelschlussleuchte","og_url":"https:\/\/www.alldayled.com\/de\/produkt\/led-mistachterlicht-rond-12v-24v\/","og_site_name":"All Day Led","article_publisher":"https:\/\/www.facebook.com\/alldayled\/","article_modified_time":"2026-04-14T13:40:22+00:00","og_image":[{"url":"https:\/\/www.alldayled.com\/wp-content\/uploads\/2024\/08\/ADL02087.01-300x300.png","type":"","width":"","height":""}],"twitter_misc":{"Preis":"&euro;&nbsp;19,95","Verf\u00fcgbarkeit":"Auf Lager"},"schema":{"@context":"https:\/\/schema.org","@graph":[{"@type":"WebPage","@id":"https:\/\/www.alldayled.com\/de\/produkt\/led-mistachterlicht-rond-12v-24v\/","url":"https:\/\/www.alldayled.com\/de\/produkt\/led-mistachterlicht-rond-12v-24v\/","name":"LED Nebelschlussleuchte rund - All Day Led - f\u00fcr 12 und 24 Volt","isPartOf":{"@id":"https:\/\/www.alldayled.com\/de\/#website"},"primaryImageOfPage":{"@id":"https:\/\/www.alldayled.com\/de\/produkt\/led-mistachterlicht-rond-12v-24v\/#primaryimage"},"image":{"@id":"https:\/\/www.alldayled.com\/de\/produkt\/led-mistachterlicht-rond-12v-24v\/#primaryimage"},"thumbnailUrl":"https:\/\/www.alldayled.com\/wp-content\/uploads\/2020\/06\/ADL02087.png","datePublished":"2020-06-26T14:24:07+00:00","dateModified":"2026-04-14T13:40:22+00:00","description":"LED Nebelschlussleuchte rund - f\u00fcr 12&24 volt - LED R\u00fcckleuchten - hintere Sto\u00dfstange - LED Anh\u00e4ngerbeleuchtung - OBO LED Nebelschlussleuchte","breadcrumb":{"@id":"https:\/\/www.alldayled.com\/de\/produkt\/led-mistachterlicht-rond-12v-24v\/#breadcrumb"},"inLanguage":"de","potentialAction":[{"@type":"ReadAction","target":["https:\/\/www.alldayled.com\/de\/produkt\/led-mistachterlicht-rond-12v-24v\/"]}]},{"@type":"ImageObject","inLanguage":"de","@id":"https:\/\/www.alldayled.com\/de\/produkt\/led-mistachterlicht-rond-12v-24v\/#primaryimage","url":"https:\/\/www.alldayled.com\/wp-content\/uploads\/2020\/06\/ADL02087.png","contentUrl":"https:\/\/www.alldayled.com\/wp-content\/uploads\/2020\/06\/ADL02087.png","width":800,"height":600,"caption":"Obo LED Nebelschlussleuchte f\u00fcr 12 &amp; 24 Volt Betrieb - Aufbaumontage mit Schieberstecker - f\u00fcr Anh\u00e4nger, Traktor, LKW, Camper und mehr - EAN: 2000010015023"},{"@type":"BreadcrumbList","@id":"https:\/\/www.alldayled.com\/de\/produkt\/led-mistachterlicht-rond-12v-24v\/#breadcrumb","itemListElement":[{"@type":"ListItem","position":1,"name":"Home","item":"https:\/\/www.alldayled.com\/de\/"},{"@type":"ListItem","position":2,"name":"Shop","item":"https:\/\/www.alldayled.com\/de\/shop\/"},{"@type":"ListItem","position":3,"name":"Heckleuchten","item":"https:\/\/www.alldayled.com\/de\/produkt-kategorie\/rucklichter\/"},{"@type":"ListItem","position":4,"name":"R\u00fccklicht rund","item":"https:\/\/www.alldayled.com\/de\/produkt-kategorie\/rucklichter\/achterlicht-rond\/"},{"@type":"ListItem","position":5,"name":"LED Nebelschlussleuchte rund 12\/24V"}]},{"@type":"WebSite","@id":"https:\/\/www.alldayled.com\/de\/#website","url":"https:\/\/www.alldayled.com\/de\/","name":"All Day Led","description":"Verlichting voor 12&amp;24 volt gebruik","publisher":{"@id":"https:\/\/www.alldayled.com\/de\/#organization"},"potentialAction":[{"@type":"SearchAction","target":{"@type":"EntryPoint","urlTemplate":"https:\/\/www.alldayled.com\/de\/?s={search_term_string}"},"query-input":{"@type":"PropertyValueSpecification","valueRequired":true,"valueName":"search_term_string"}}],"inLanguage":"de"},{"@type":"Organization","@id":"https:\/\/www.alldayled.com\/de\/#organization","name":"All Day Led","url":"https:\/\/www.alldayled.com\/de\/","logo":{"@type":"ImageObject","inLanguage":"de","@id":"https:\/\/www.alldayled.com\/de\/#\/schema\/logo\/image\/","url":"https:\/\/www.alldayled.com\/wp-content\/uploads\/2025\/10\/Logo-ALL-DAY-LED-800x800-zwart-witte-letters.png","contentUrl":"https:\/\/www.alldayled.com\/wp-content\/uploads\/2025\/10\/Logo-ALL-DAY-LED-800x800-zwart-witte-letters.png","width":800,"height":800,"caption":"All Day Led"},"image":{"@id":"https:\/\/www.alldayled.com\/de\/#\/schema\/logo\/image\/"},"sameAs":["https:\/\/www.facebook.com\/alldayled\/","https:\/\/www.instagram.com\/alldayled\/"],"vatID":"NL863960133B01","taxID":"86416545"}]},"product_brand":"TruckLED","product_price_amount":"19.95","product_price_currency":"EUR","og_availability":"instock","product_availability":"instock","product_retailer_item_id":"ADL02087","product_condition":"new"},"_links":{"self":[{"href":"https:\/\/www.alldayled.com\/de\/wp-json\/wp\/v2\/product\/66838","targetHints":{"allow":["GET"]}}],"collection":[{"href":"https:\/\/www.alldayled.com\/de\/wp-json\/wp\/v2\/product"}],"about":[{"href":"https:\/\/www.alldayled.com\/de\/wp-json\/wp\/v2\/types\/product"}],"replies":[{"embeddable":true,"href":"https:\/\/www.alldayled.com\/de\/wp-json\/wp\/v2\/comments?post=66838"}],"wp:featuredmedia":[{"embeddable":true,"href":"https:\/\/www.alldayled.com\/de\/wp-json\/wp\/v2\/media\/16224"}],"wp:attachment":[{"href":"https:\/\/www.alldayled.com\/de\/wp-json\/wp\/v2\/media?parent=66838"}],"wp:term":[{"taxonomy":"product_brand","embeddable":true,"href":"https:\/\/www.alldayled.com\/de\/wp-json\/wp\/v2\/product_brand?post=66838"},{"taxonomy":"product_cat","embeddable":true,"href":"https:\/\/www.alldayled.com\/de\/wp-json\/wp\/v2\/product_cat?post=66838"},{"taxonomy":"product_tag","embeddable":true,"href":"https:\/\/www.alldayled.com\/de\/wp-json\/wp\/v2\/product_tag?post=66838"}],"curies":[{"name":"wp","href":"https:\/\/api.w.org\/{rel}","templated":true}]}}