{"id":66840,"date":"2020-11-17T16:17:56","date_gmt":"2020-11-17T15:17:56","guid":{"rendered":"https:\/\/www.alldayled.com\/product\/strands-red-eye-led-mist-achteruitrijlicht\/"},"modified":"2026-03-02T19:00:48","modified_gmt":"2026-03-02T18:00:48","slug":"strands-red-eye-led-mist-achteruitrijlicht","status":"publish","type":"product","link":"https:\/\/www.alldayled.com\/de\/produkt\/strands-red-eye-led-mist-achteruitrijlicht\/","title":{"rendered":"Strands RED EYE LED Nebel \u2013 R\u00fcckfahrlicht"},"content":{"rendered":"<p><span style=\"color: #000000;\"><strong>Strands RED EYE LED Nebel &#8211; R\u00fcckfahrlicht, f\u00fcr 12&amp; 24 Volt Betrieb. <\/strong><\/span><\/p>\n<p><span style=\"color: #000000;\">Bist du auf der Suche nach einem runden LED R\u00fccklicht mit Nebellicht- und R\u00fcckfahrlichtfunktion? Dann ist dieses Strands RED EYE LED R\u00fccklicht vielleicht genau die Lampe, die du suchst. Das R\u00fccklicht ist mit 20 hellen LED&#8217;s ausgestattet. Dank dieser 20 LED&#8217;s ist eine gute Beleuchtung mit geringem Stromverbrauch gew\u00e4hrleistet, sodass du sowohl tags\u00fcber als auch abends gut sichtbar bist. Das RED EYE LED R\u00fccklicht von Strands funktioniert mit 12 und 24 Volt, wodurch du es zum Beispiel an deinem Auto, LKW, Anh\u00e4nger oder einem anderen Fahrzeugtyp montieren kannst.    <\/span><\/p>\n<p><span style=\"color: #000000;\">Um sicherzustellen, dass das Strands RED EYE LED R\u00fcckfahrlicht mit Nebellichtfunktion f\u00fcr dein Fahrzeug oder deinen Anh\u00e4nger geeignet ist, haben wir unten einige Spezifikationen aufgelistet. So wird sofort klar, warum dies vielleicht genau die LED Lampe ist, nach der du suchst. Das LED R\u00fccklicht ist unter anderem mit dem ECE R10 Pr\u00fcfzeichen versehen, was bedeutet, dass die Lampe w\u00e4hrend des Betriebs keine St\u00f6rungen, zum Beispiel bei Radiosignalen, verursacht. Zudem verf\u00fcgt das R\u00fccklicht \u00fcber das ECE R23- und ECE R38-Pr\u00fcfzeichen, wodurch es offiziell als R\u00fcckfahrleuchte und Nebelschlussleuchte verwendet werden darf.   <\/span><\/p>\n<h5><span style=\"color: #000000;\"><strong>Abmessungen:<\/strong><\/span><\/h5>\n<p><span style=\"color: #000000;\">Um sicherzustellen, dass du die runde LED Lampe dort montieren kannst, wo du m\u00f6chtest, haben wir unten die Abmessungen notiert. Die Abmessungen des Strands RED EYE R\u00fccklichts sind wie folgt: <\/span><\/p>\n<ul>\n<li><span style=\"color: #000000;\">Durchmesser: 122 mm (155 mm inkl. Geh\u00e4use) <\/span><\/li>\n<li><span style=\"color: #000000;\">Dicke: 43 mm (inkl. Geh\u00e4use)<\/span><\/li>\n<\/ul>\n<h5><span style=\"color: #000000;\"><strong>Andere Versionen: <\/strong><\/span><\/h5>\n<p><span style=\"color: #000000;\">M\u00f6chtest du selbst eine Hecksto\u00dfstange zusammenstellen, aber das RED EYE LED R\u00fccklicht mit Nebel- und R\u00fcckfahrlichtfunktion ist nicht genug? Keine Sorge, dieses Modell ist auch als 3-Kammer LED R\u00fccklicht erh\u00e4ltlich. Das passende R\u00fccklicht von Strands findest du hier:  <\/span><\/p>\n<ul>\n<li><span style=\"color: #000000;\"><a style=\"color: #000000;\" href=\"https:\/\/www.alldayled.com\/de\/produkt\/strands-red-eye-3-kamer-led-achterlicht\/\"><strong>Strands RED EYE 3-Kammer LED R\u00fccklicht<\/strong><\/a><\/span><\/li>\n<\/ul>\n<p><span style=\"color: #000000;\">Bist du dennoch der Meinung, dass dieses LED R\u00fccklicht nicht das ist, was du suchst? Einfach weil die Lichtleistung, Wattzahl oder Form nicht deinen W\u00fcnschen entspricht? Dann sieh dir hier das komplette Angebot von <a style=\"color: #000000;\" href=\"https:\/\/www.alldayled.com\/de\/marke\/product-strands-lighting-division\/\" target=\"_blank\" rel=\"noopener\">Strands<\/a> an.  <\/span><\/p>\n","protected":false},"excerpt":{"rendered":"<p>RED EYE R\u00fccklicht ausgestattet mit Nebel- und R\u00fcckfahrlichtfunktion &#8211; geeignet f\u00fcr 12\/24V.<\/p>\n","protected":false},"featured_media":18108,"comment_status":"open","ping_status":"closed","template":"","meta":{"_acf_changed":false},"product_brand":[5114],"product_cat":[5192],"product_tag":[9219,9064,9065,9160],"class_list":{"0":"post-66840","1":"product","2":"type-product","3":"status-publish","4":"has-post-thumbnail","6":"product_brand-product-strands-lighting-division","7":"product_cat-achterlicht-rond","8":"product_tag-led-rucklicht","9":"product_tag-strands-led-beleuchtung","10":"product_tag-strands-lighting-division","11":"product_tag-truckstyling","13":"first","14":"instock","15":"taxable","16":"shipping-taxable","17":"purchasable","18":"product-type-simple"},"acf":[],"yoast_head":"<!-- This site is optimized with the Yoast SEO Premium plugin v26.5 (Yoast SEO v27.1.1) - https:\/\/yoast.com\/product\/yoast-seo-premium-wordpress\/ -->\n<title>Strands red eye R\u00fcckfahrlicht | inkl. Nebellicht | All Day Led | 12&amp;24V<\/title>\n<meta name=\"description\" content=\"Strands red eye R\u00fcckfahrlicht mit Nebellichtfunktion | f\u00fcr Auto, LKW und mehr | sofort lieferbar | rundes LED R\u00fccklicht | 12&amp;24V\" \/>\n<meta name=\"robots\" content=\"index, follow, max-snippet:-1, max-image-preview:large, max-video-preview:-1\" \/>\n<link rel=\"canonical\" href=\"https:\/\/www.alldayled.com\/de\/produkt\/strands-red-eye-led-mist-achteruitrijlicht\/\" \/>\n<meta property=\"og:locale\" content=\"de_DE\" \/>\n<meta property=\"og:type\" content=\"article\" \/>\n<meta property=\"og:title\" content=\"Strands red eye R\u00fcckfahrlicht | inkl. Nebellicht | All Day Led | 12&amp;24V\" \/>\n<meta property=\"og:description\" content=\"Strands red eye R\u00fcckfahrlicht mit Nebellichtfunktion | f\u00fcr Auto, LKW und mehr | sofort lieferbar | rundes LED R\u00fccklicht | 12&amp;24V\" \/>\n<meta property=\"og:url\" content=\"https:\/\/www.alldayled.com\/de\/produkt\/strands-red-eye-led-mist-achteruitrijlicht\/\" \/>\n<meta property=\"og:site_name\" content=\"All Day Led\" \/>\n<meta property=\"article:publisher\" content=\"https:\/\/www.facebook.com\/alldayled\/\" \/>\n<meta property=\"article:modified_time\" content=\"2026-03-02T18:00:48+00:00\" \/>\n<meta property=\"og:image\" content=\"https:\/\/www.alldayled.com\/wp-content\/uploads\/2024\/05\/ADL800141-300x300.png\" \/>\n<meta name=\"twitter:label1\" content=\"Preis\" \/>\n\t<meta name=\"twitter:data1\" content=\"&euro;&nbsp;59,00\" \/>\n\t<meta name=\"twitter:label2\" content=\"Verf\u00fcgbarkeit\" \/>\n\t<meta name=\"twitter:data2\" content=\"Auf Lager\" \/>\n<script type=\"application\/ld+json\" class=\"yoast-schema-graph\">{\"@context\":\"https:\/\/schema.org\",\"@graph\":[{\"@type\":\"WebPage\",\"@id\":\"https:\/\/www.alldayled.com\/de\/produkt\/strands-red-eye-led-mist-achteruitrijlicht\/\",\"url\":\"https:\/\/www.alldayled.com\/de\/produkt\/strands-red-eye-led-mist-achteruitrijlicht\/\",\"name\":\"Strands red eye R\u00fcckfahrlicht | inkl. Nebellicht | All Day Led | 12&24V\",\"isPartOf\":{\"@id\":\"https:\/\/www.alldayled.com\/de\/#website\"},\"primaryImageOfPage\":{\"@id\":\"https:\/\/www.alldayled.com\/de\/produkt\/strands-red-eye-led-mist-achteruitrijlicht\/#primaryimage\"},\"image\":{\"@id\":\"https:\/\/www.alldayled.com\/de\/produkt\/strands-red-eye-led-mist-achteruitrijlicht\/#primaryimage\"},\"thumbnailUrl\":\"https:\/\/www.alldayled.com\/wp-content\/uploads\/2020\/11\/ADL80141.png\",\"datePublished\":\"2020-11-17T15:17:56+00:00\",\"dateModified\":\"2026-03-02T18:00:48+00:00\",\"description\":\"Strands red eye R\u00fcckfahrlicht mit Nebellichtfunktion | f\u00fcr Auto, LKW und mehr | sofort lieferbar | rundes LED R\u00fccklicht | 12&24V\",\"breadcrumb\":{\"@id\":\"https:\/\/www.alldayled.com\/de\/produkt\/strands-red-eye-led-mist-achteruitrijlicht\/#breadcrumb\"},\"inLanguage\":\"de\",\"potentialAction\":[{\"@type\":\"ReadAction\",\"target\":[\"https:\/\/www.alldayled.com\/de\/produkt\/strands-red-eye-led-mist-achteruitrijlicht\/\"]}]},{\"@type\":\"ImageObject\",\"inLanguage\":\"de\",\"@id\":\"https:\/\/www.alldayled.com\/de\/produkt\/strands-red-eye-led-mist-achteruitrijlicht\/#primaryimage\",\"url\":\"https:\/\/www.alldayled.com\/wp-content\/uploads\/2020\/11\/ADL80141.png\",\"contentUrl\":\"https:\/\/www.alldayled.com\/wp-content\/uploads\/2020\/11\/ADL80141.png\",\"width\":800,\"height\":600,\"caption\":\"Strands RED EYE LED R\u00fccklicht - rundes LED R\u00fccklicht mit R\u00fcckfahrlichtfunktion - f\u00fcr 12 und 24 Volt - EAN: 7323030003616\"},{\"@type\":\"BreadcrumbList\",\"@id\":\"https:\/\/www.alldayled.com\/de\/produkt\/strands-red-eye-led-mist-achteruitrijlicht\/#breadcrumb\",\"itemListElement\":[{\"@type\":\"ListItem\",\"position\":1,\"name\":\"Home\",\"item\":\"https:\/\/www.alldayled.com\/de\/\"},{\"@type\":\"ListItem\",\"position\":2,\"name\":\"Shop\",\"item\":\"https:\/\/www.alldayled.com\/de\/shop\/\"},{\"@type\":\"ListItem\",\"position\":3,\"name\":\"Heckleuchten\",\"item\":\"https:\/\/www.alldayled.com\/de\/produkt-kategorie\/rucklichter\/\"},{\"@type\":\"ListItem\",\"position\":4,\"name\":\"R\u00fccklicht rund\",\"item\":\"https:\/\/www.alldayled.com\/de\/produkt-kategorie\/rucklichter\/achterlicht-rond\/\"},{\"@type\":\"ListItem\",\"position\":5,\"name\":\"Strands RED EYE LED Nebel \u2013 R\u00fcckfahrlicht\"}]},{\"@type\":\"WebSite\",\"@id\":\"https:\/\/www.alldayled.com\/de\/#website\",\"url\":\"https:\/\/www.alldayled.com\/de\/\",\"name\":\"All Day Led\",\"description\":\"Verlichting voor 12&amp;24 volt gebruik\",\"publisher\":{\"@id\":\"https:\/\/www.alldayled.com\/de\/#organization\"},\"potentialAction\":[{\"@type\":\"SearchAction\",\"target\":{\"@type\":\"EntryPoint\",\"urlTemplate\":\"https:\/\/www.alldayled.com\/de\/?s={search_term_string}\"},\"query-input\":{\"@type\":\"PropertyValueSpecification\",\"valueRequired\":true,\"valueName\":\"search_term_string\"}}],\"inLanguage\":\"de\"},{\"@type\":\"Organization\",\"@id\":\"https:\/\/www.alldayled.com\/de\/#organization\",\"name\":\"All Day Led\",\"url\":\"https:\/\/www.alldayled.com\/de\/\",\"logo\":{\"@type\":\"ImageObject\",\"inLanguage\":\"de\",\"@id\":\"https:\/\/www.alldayled.com\/de\/#\/schema\/logo\/image\/\",\"url\":\"https:\/\/www.alldayled.com\/wp-content\/uploads\/2025\/10\/Logo-ALL-DAY-LED-800x800-zwart-witte-letters.png\",\"contentUrl\":\"https:\/\/www.alldayled.com\/wp-content\/uploads\/2025\/10\/Logo-ALL-DAY-LED-800x800-zwart-witte-letters.png\",\"width\":800,\"height\":800,\"caption\":\"All Day Led\"},\"image\":{\"@id\":\"https:\/\/www.alldayled.com\/de\/#\/schema\/logo\/image\/\"},\"sameAs\":[\"https:\/\/www.facebook.com\/alldayled\/\",\"https:\/\/www.instagram.com\/alldayled\/\"],\"vatID\":\"NL863960133B01\",\"taxID\":\"86416545\"}]}<\/script>\n<meta property=\"product:brand\" content=\"Strands\" \/>\n<meta property=\"product:price:amount\" content=\"59.00\" \/>\n<meta property=\"product:price:currency\" content=\"EUR\" \/>\n<meta property=\"og:availability\" content=\"instock\" \/>\n<meta property=\"product:availability\" content=\"instock\" \/>\n<meta property=\"product:retailer_item_id\" content=\"ADL800141\" \/>\n<meta property=\"product:condition\" content=\"new\" \/>\n<!-- \/ Yoast SEO Premium plugin. -->","yoast_head_json":{"title":"Strands red eye R\u00fcckfahrlicht | inkl. Nebellicht | All Day Led | 12&24V","description":"Strands red eye R\u00fcckfahrlicht mit Nebellichtfunktion | f\u00fcr Auto, LKW und mehr | sofort lieferbar | rundes LED R\u00fccklicht | 12&24V","robots":{"index":"index","follow":"follow","max-snippet":"max-snippet:-1","max-image-preview":"max-image-preview:large","max-video-preview":"max-video-preview:-1"},"canonical":"https:\/\/www.alldayled.com\/de\/produkt\/strands-red-eye-led-mist-achteruitrijlicht\/","og_locale":"de_DE","og_type":"article","og_title":"Strands red eye R\u00fcckfahrlicht | inkl. Nebellicht | All Day Led | 12&24V","og_description":"Strands red eye R\u00fcckfahrlicht mit Nebellichtfunktion | f\u00fcr Auto, LKW und mehr | sofort lieferbar | rundes LED R\u00fccklicht | 12&24V","og_url":"https:\/\/www.alldayled.com\/de\/produkt\/strands-red-eye-led-mist-achteruitrijlicht\/","og_site_name":"All Day Led","article_publisher":"https:\/\/www.facebook.com\/alldayled\/","article_modified_time":"2026-03-02T18:00:48+00:00","og_image":[{"url":"https:\/\/www.alldayled.com\/wp-content\/uploads\/2024\/05\/ADL800141-300x300.png","type":"","width":"","height":""}],"twitter_misc":{"Preis":"&euro;&nbsp;59,00","Verf\u00fcgbarkeit":"Auf Lager"},"schema":{"@context":"https:\/\/schema.org","@graph":[{"@type":"WebPage","@id":"https:\/\/www.alldayled.com\/de\/produkt\/strands-red-eye-led-mist-achteruitrijlicht\/","url":"https:\/\/www.alldayled.com\/de\/produkt\/strands-red-eye-led-mist-achteruitrijlicht\/","name":"Strands red eye R\u00fcckfahrlicht | inkl. Nebellicht | All Day Led | 12&24V","isPartOf":{"@id":"https:\/\/www.alldayled.com\/de\/#website"},"primaryImageOfPage":{"@id":"https:\/\/www.alldayled.com\/de\/produkt\/strands-red-eye-led-mist-achteruitrijlicht\/#primaryimage"},"image":{"@id":"https:\/\/www.alldayled.com\/de\/produkt\/strands-red-eye-led-mist-achteruitrijlicht\/#primaryimage"},"thumbnailUrl":"https:\/\/www.alldayled.com\/wp-content\/uploads\/2020\/11\/ADL80141.png","datePublished":"2020-11-17T15:17:56+00:00","dateModified":"2026-03-02T18:00:48+00:00","description":"Strands red eye R\u00fcckfahrlicht mit Nebellichtfunktion | f\u00fcr Auto, LKW und mehr | sofort lieferbar | rundes LED R\u00fccklicht | 12&24V","breadcrumb":{"@id":"https:\/\/www.alldayled.com\/de\/produkt\/strands-red-eye-led-mist-achteruitrijlicht\/#breadcrumb"},"inLanguage":"de","potentialAction":[{"@type":"ReadAction","target":["https:\/\/www.alldayled.com\/de\/produkt\/strands-red-eye-led-mist-achteruitrijlicht\/"]}]},{"@type":"ImageObject","inLanguage":"de","@id":"https:\/\/www.alldayled.com\/de\/produkt\/strands-red-eye-led-mist-achteruitrijlicht\/#primaryimage","url":"https:\/\/www.alldayled.com\/wp-content\/uploads\/2020\/11\/ADL80141.png","contentUrl":"https:\/\/www.alldayled.com\/wp-content\/uploads\/2020\/11\/ADL80141.png","width":800,"height":600,"caption":"Strands RED EYE LED R\u00fccklicht - rundes LED R\u00fccklicht mit R\u00fcckfahrlichtfunktion - f\u00fcr 12 und 24 Volt - EAN: 7323030003616"},{"@type":"BreadcrumbList","@id":"https:\/\/www.alldayled.com\/de\/produkt\/strands-red-eye-led-mist-achteruitrijlicht\/#breadcrumb","itemListElement":[{"@type":"ListItem","position":1,"name":"Home","item":"https:\/\/www.alldayled.com\/de\/"},{"@type":"ListItem","position":2,"name":"Shop","item":"https:\/\/www.alldayled.com\/de\/shop\/"},{"@type":"ListItem","position":3,"name":"Heckleuchten","item":"https:\/\/www.alldayled.com\/de\/produkt-kategorie\/rucklichter\/"},{"@type":"ListItem","position":4,"name":"R\u00fccklicht rund","item":"https:\/\/www.alldayled.com\/de\/produkt-kategorie\/rucklichter\/achterlicht-rond\/"},{"@type":"ListItem","position":5,"name":"Strands RED EYE LED Nebel \u2013 R\u00fcckfahrlicht"}]},{"@type":"WebSite","@id":"https:\/\/www.alldayled.com\/de\/#website","url":"https:\/\/www.alldayled.com\/de\/","name":"All Day Led","description":"Verlichting voor 12&amp;24 volt gebruik","publisher":{"@id":"https:\/\/www.alldayled.com\/de\/#organization"},"potentialAction":[{"@type":"SearchAction","target":{"@type":"EntryPoint","urlTemplate":"https:\/\/www.alldayled.com\/de\/?s={search_term_string}"},"query-input":{"@type":"PropertyValueSpecification","valueRequired":true,"valueName":"search_term_string"}}],"inLanguage":"de"},{"@type":"Organization","@id":"https:\/\/www.alldayled.com\/de\/#organization","name":"All Day Led","url":"https:\/\/www.alldayled.com\/de\/","logo":{"@type":"ImageObject","inLanguage":"de","@id":"https:\/\/www.alldayled.com\/de\/#\/schema\/logo\/image\/","url":"https:\/\/www.alldayled.com\/wp-content\/uploads\/2025\/10\/Logo-ALL-DAY-LED-800x800-zwart-witte-letters.png","contentUrl":"https:\/\/www.alldayled.com\/wp-content\/uploads\/2025\/10\/Logo-ALL-DAY-LED-800x800-zwart-witte-letters.png","width":800,"height":800,"caption":"All Day Led"},"image":{"@id":"https:\/\/www.alldayled.com\/de\/#\/schema\/logo\/image\/"},"sameAs":["https:\/\/www.facebook.com\/alldayled\/","https:\/\/www.instagram.com\/alldayled\/"],"vatID":"NL863960133B01","taxID":"86416545"}]},"product_brand":"Strands","product_price_amount":"59.00","product_price_currency":"EUR","og_availability":"instock","product_availability":"instock","product_retailer_item_id":"ADL800141","product_condition":"new"},"_links":{"self":[{"href":"https:\/\/www.alldayled.com\/de\/wp-json\/wp\/v2\/product\/66840","targetHints":{"allow":["GET"]}}],"collection":[{"href":"https:\/\/www.alldayled.com\/de\/wp-json\/wp\/v2\/product"}],"about":[{"href":"https:\/\/www.alldayled.com\/de\/wp-json\/wp\/v2\/types\/product"}],"replies":[{"embeddable":true,"href":"https:\/\/www.alldayled.com\/de\/wp-json\/wp\/v2\/comments?post=66840"}],"wp:featuredmedia":[{"embeddable":true,"href":"https:\/\/www.alldayled.com\/de\/wp-json\/wp\/v2\/media\/18108"}],"wp:attachment":[{"href":"https:\/\/www.alldayled.com\/de\/wp-json\/wp\/v2\/media?parent=66840"}],"wp:term":[{"taxonomy":"product_brand","embeddable":true,"href":"https:\/\/www.alldayled.com\/de\/wp-json\/wp\/v2\/product_brand?post=66840"},{"taxonomy":"product_cat","embeddable":true,"href":"https:\/\/www.alldayled.com\/de\/wp-json\/wp\/v2\/product_cat?post=66840"},{"taxonomy":"product_tag","embeddable":true,"href":"https:\/\/www.alldayled.com\/de\/wp-json\/wp\/v2\/product_tag?post=66840"}],"curies":[{"name":"wp","href":"https:\/\/api.w.org\/{rel}","templated":true}]}}