{"id":66848,"date":"2020-09-30T08:22:17","date_gmt":"2020-09-30T06:22:17","guid":{"rendered":"https:\/\/www.alldayled.com\/product\/nedking-led-lichtbak-160x30x8cm-24-volt\/"},"modified":"2026-03-12T13:19:27","modified_gmt":"2026-03-12T12:19:27","slug":"nedking-led-lichtbak-160x30x8cm-24-volt","status":"publish","type":"product","link":"https:\/\/www.alldayled.com\/de\/produkt\/nedking-led-lichtbak-160x30x8cm-24-volt\/","title":{"rendered":"Nedking LED Leuchtkasten 160x30x8 cm"},"content":{"rendered":"<p><span style=\"color: #000000;\"><strong>Nedking LED Leuchtkasten 160x30x8 cm, geeignet f\u00fcr 12- und 24-Volt-Betrieb. <\/strong><\/span><\/p>\n<p><span style=\"color: #000000;\">Mit der Nedking Aluminium LED Leuchtbox auf deinem LKW sorgst du daf\u00fcr, dass dein Firmenname oder deine Botschaft auch im Dunkeln gut sichtbar ist. Die 30 cm hohe Leuchtbox wird mit lichtdurchl\u00e4ssigem Glas geliefert, das du einfach abnehmen und beispielsweise mit deinem eigenen Firmennamen oder deiner Werbung versehen kannst (siehe Abbildung 4). Diese LED Leuchtbox 160 cm funktioniert sowohl mit 12 als auch mit 24 Volt und ist daher beispielsweise f\u00fcr LKWs geeignet.<\/span><\/p>\n<p><span style=\"color: #000000;\">Um sicherzustellen, dass der Nedking LED Leuchtkasten 160x30x8 perfekt zu Ihrem Fahrzeug passt, haben wir die wichtigsten Eigenschaften unten aufgef\u00fchrt. Der LED Leuchtkasten ist mit dem ECE R10-Pr\u00fcfzeichen versehen, was bedeutet, dass die Lampe w\u00e4hrend des Betriebs keine St\u00f6rungen beispielsweise Ihres Funksignals verursacht. Dar\u00fcber hinaus ist der Leuchtkasten mit einer Aluminiumschiene an der R\u00fcckseite versehen, was eine lange Lebensdauer garantiert. Kurzum: Dieser LED Leuchtkasten ist eine zuverl\u00e4ssige und robuste Wahl f\u00fcr Ihren LKW.   <\/span><\/p>\n<h5><span style=\"color: #000000;\"><strong>Abmessungen:<\/strong><\/span><\/h5>\n<p><span style=\"color: #000000;\">Um sicherzustellen, dass der Leuchtkasten dort passt, wo Sie ihn montieren m\u00f6chten, finden Sie hier die Abmessungen des Nedking LED Leuchtkastens 160x30x8 cm:<\/span><\/p>\n<ul>\n<li><span style=\"color: #000000;\">L\u00e4nge: 160 cm<\/span><\/li>\n<li><span style=\"color: #000000;\">H\u00f6he: 30 cm<\/span><\/li>\n<li><span style=\"color: #000000;\">Dicke: 8 cm<\/span><\/li>\n<\/ul>\n<h5><span style=\"color: #000000;\"><strong>Andere Abmessungen:<\/strong><\/span><\/h5>\n<p><span style=\"color: #000000;\">Ist der Nedking LED Leuchtkasten doch nicht ganz das, was du suchst? Kein Problem! Der Oldschool LED Leuchtkasten ist n\u00e4mlich auch in mehreren Abmessungen erh\u00e4ltlich. So findest du immer ein Format, das perfekt zu deinem LKW und deinem Stil passt. <\/span><\/p>\n<ul>\n<li><span style=\"color: #000000;\"><strong><a style=\"color: #000000;\" href=\"https:\/\/www.alldayled.com\/de\/produkt\/nedking-led-lichtbak-125x30x8cm-24-volt\/\">125 cm x 30 cm x 8 cm<\/a><\/strong><\/span><\/li>\n<li><span style=\"color: #000000;\"><strong><a style=\"color: #000000;\" href=\"https:\/\/www.alldayled.com\/de\/produkt\/nedking-led-lichtbak-140x30x8cm-24-volt\/\">140 cm x 30 cm x 8 cm<\/a><\/strong><\/span><\/li>\n<\/ul>\n<p><span style=\"color: #000000;\">Bist du der Meinung, dass dieser Nedking LED Leuchtkasten nicht die richtige Wahl ist? Vielleicht, weil die H\u00f6he, Tiefe oder Form nicht ganz stimmt? Dann schau dir unser komplettes Angebot an Nedking <a style=\"color: #000000;\" href=\"https:\/\/www.alldayled.com\/de\/produkt-kategorie\/led-leuchtreklame\/nedking-lichtreclame\/\" target=\"_blank\" rel=\"noopener\">Leuchtreklame<\/a> an. Hier findest du vielleicht den LED Leuchtkasten oder die LED Platte, die zu deinen W\u00fcnschen passt.  <\/span><\/p>\n","protected":false},"excerpt":{"rendered":"<p>Nedking Aluminium LED Leuchtkasten 160x30x8 cm &#8211; f\u00fcr 12 und 24 Volt.<\/p>\n","protected":false},"featured_media":17586,"comment_status":"open","ping_status":"closed","template":"","meta":{"_acf_changed":false},"product_brand":[6505],"product_cat":[5322,5320],"product_tag":[9465,9469,9466,9467,9468,9187,9184,9470,9471],"class_list":{"0":"post-66848","1":"product","2":"type-product","3":"status-publish","4":"has-post-thumbnail","6":"product_brand-product-nedking","7":"product_cat-nedking-lichtbak-8-centimeter-24-volt","8":"product_cat-nedking-lichtreclame","9":"product_tag-led-leuchtkasten-24-volt","10":"product_tag-led-leuchtkasten-30-zentimeter","11":"product_tag-led-leuchtkasten-lkw","12":"product_tag-leuchtkasten-lkw","13":"product_tag-lichtwerbung","14":"product_tag-nedking","15":"product_tag-nedking-beleuchtung","16":"product_tag-nedking-leuchtkasten","17":"product_tag-nedking-schild","19":"first","20":"instock","21":"taxable","22":"shipping-taxable","23":"purchasable","24":"product-type-simple"},"acf":[],"yoast_head":"<!-- This site is optimized with the Yoast SEO Premium plugin v26.5 (Yoast SEO v27.1.1) - https:\/\/yoast.com\/product\/yoast-seo-premium-wordpress\/ -->\n<title>Nedking LED Leuchtkasten 160x30x8 - Leuchtkasten 12\/24 Volt - LKW<\/title>\n<meta name=\"description\" content=\"Nedking LED Leuchtkasten 160x30x8 - Leuchtkasten f\u00fcr Ihren LKW - Spoiler-Modell - LED-Lichtwerbung - Aluminium LED Leuchtkasten LKW - schnell lieferbar\" \/>\n<meta name=\"robots\" content=\"index, follow, max-snippet:-1, max-image-preview:large, max-video-preview:-1\" \/>\n<link rel=\"canonical\" href=\"https:\/\/www.alldayled.com\/de\/produkt\/nedking-led-lichtbak-160x30x8cm-24-volt\/\" \/>\n<meta property=\"og:locale\" content=\"de_DE\" \/>\n<meta property=\"og:type\" content=\"article\" \/>\n<meta property=\"og:title\" content=\"Nedking LED Leuchtkasten 160x30x8 - Leuchtkasten 12\/24 Volt - LKW\" \/>\n<meta property=\"og:description\" content=\"LED Leuchtkasten Nedking 160x30x8 - Leuchtkasten f\u00fcr Ihren LKW - 12\/24 Volt Betrieb - LED-Lichtwerbung - schnell lieferbar - LED Leuchtkasten\" \/>\n<meta property=\"og:url\" content=\"https:\/\/www.alldayled.com\/de\/produkt\/nedking-led-lichtbak-160x30x8cm-24-volt\/\" \/>\n<meta property=\"og:site_name\" content=\"All Day Led\" \/>\n<meta property=\"article:publisher\" content=\"https:\/\/www.facebook.com\/alldayled\/\" \/>\n<meta property=\"article:modified_time\" content=\"2026-03-12T12:19:27+00:00\" \/>\n<meta property=\"og:image\" content=\"https:\/\/www.alldayled.com\/wp-content\/uploads\/2020\/10\/ADL839353.-3.png\" \/>\n<meta name=\"twitter:label1\" content=\"Preis\" \/>\n\t<meta name=\"twitter:data1\" content=\"&euro;&nbsp;539,00\" \/>\n\t<meta name=\"twitter:label2\" content=\"Verf\u00fcgbarkeit\" \/>\n\t<meta name=\"twitter:data2\" content=\"Auf Lager\" \/>\n<script type=\"application\/ld+json\" class=\"yoast-schema-graph\">{\"@context\":\"https:\/\/schema.org\",\"@graph\":[{\"@type\":\"WebPage\",\"@id\":\"https:\/\/www.alldayled.com\/de\/produkt\/nedking-led-lichtbak-160x30x8cm-24-volt\/\",\"url\":\"https:\/\/www.alldayled.com\/de\/produkt\/nedking-led-lichtbak-160x30x8cm-24-volt\/\",\"name\":\"Nedking LED Leuchtkasten 160x30x8 - Leuchtkasten 12\/24 Volt - LKW\",\"isPartOf\":{\"@id\":\"https:\/\/www.alldayled.com\/de\/#website\"},\"primaryImageOfPage\":{\"@id\":\"https:\/\/www.alldayled.com\/de\/produkt\/nedking-led-lichtbak-160x30x8cm-24-volt\/#primaryimage\"},\"image\":{\"@id\":\"https:\/\/www.alldayled.com\/de\/produkt\/nedking-led-lichtbak-160x30x8cm-24-volt\/#primaryimage\"},\"thumbnailUrl\":\"https:\/\/www.alldayled.com\/wp-content\/uploads\/2020\/10\/ADL839353..png\",\"datePublished\":\"2020-09-30T06:22:17+00:00\",\"dateModified\":\"2026-03-12T12:19:27+00:00\",\"description\":\"Nedking LED Leuchtkasten 160x30x8 - Leuchtkasten f\u00fcr Ihren LKW - Spoiler-Modell - LED-Lichtwerbung - Aluminium LED Leuchtkasten LKW - schnell lieferbar\",\"breadcrumb\":{\"@id\":\"https:\/\/www.alldayled.com\/de\/produkt\/nedking-led-lichtbak-160x30x8cm-24-volt\/#breadcrumb\"},\"inLanguage\":\"de\",\"potentialAction\":[{\"@type\":\"ReadAction\",\"target\":[\"https:\/\/www.alldayled.com\/de\/produkt\/nedking-led-lichtbak-160x30x8cm-24-volt\/\"]}]},{\"@type\":\"ImageObject\",\"inLanguage\":\"de\",\"@id\":\"https:\/\/www.alldayled.com\/de\/produkt\/nedking-led-lichtbak-160x30x8cm-24-volt\/#primaryimage\",\"url\":\"https:\/\/www.alldayled.com\/wp-content\/uploads\/2020\/10\/ADL839353..png\",\"contentUrl\":\"https:\/\/www.alldayled.com\/wp-content\/uploads\/2020\/10\/ADL839353..png\",\"width\":800,\"height\":600,\"caption\":\"NEDKING Aluminium LED Leuchtkasten 160x30x8 cm f\u00fcr 24-Volt-Betrieb EAN: 7323030183257\"},{\"@type\":\"BreadcrumbList\",\"@id\":\"https:\/\/www.alldayled.com\/de\/produkt\/nedking-led-lichtbak-160x30x8cm-24-volt\/#breadcrumb\",\"itemListElement\":[{\"@type\":\"ListItem\",\"position\":1,\"name\":\"Home\",\"item\":\"https:\/\/www.alldayled.com\/de\/\"},{\"@type\":\"ListItem\",\"position\":2,\"name\":\"Shop\",\"item\":\"https:\/\/www.alldayled.com\/de\/shop\/\"},{\"@type\":\"ListItem\",\"position\":3,\"name\":\"Leuchtkasten\",\"item\":\"https:\/\/www.alldayled.com\/de\/produkt-kategorie\/led-leuchtreklame\/\"},{\"@type\":\"ListItem\",\"position\":4,\"name\":\"Nedking Leuchtkasten\",\"item\":\"https:\/\/www.alldayled.com\/de\/produkt-kategorie\/led-leuchtreklame\/nedking-lichtreclame\/\"},{\"@type\":\"ListItem\",\"position\":5,\"name\":\"Nedking 8 Zentimeter\",\"item\":\"https:\/\/www.alldayled.com\/de\/produkt-kategorie\/led-leuchtreklame\/nedking-lichtreclame\/nedking-lichtbak-8-centimeter-24-volt\/\"},{\"@type\":\"ListItem\",\"position\":6,\"name\":\"Nedking LED Leuchtkasten 160x30x8 cm\"}]},{\"@type\":\"WebSite\",\"@id\":\"https:\/\/www.alldayled.com\/de\/#website\",\"url\":\"https:\/\/www.alldayled.com\/de\/\",\"name\":\"All Day Led\",\"description\":\"Verlichting voor 12&amp;24 volt gebruik\",\"publisher\":{\"@id\":\"https:\/\/www.alldayled.com\/de\/#organization\"},\"potentialAction\":[{\"@type\":\"SearchAction\",\"target\":{\"@type\":\"EntryPoint\",\"urlTemplate\":\"https:\/\/www.alldayled.com\/de\/?s={search_term_string}\"},\"query-input\":{\"@type\":\"PropertyValueSpecification\",\"valueRequired\":true,\"valueName\":\"search_term_string\"}}],\"inLanguage\":\"de\"},{\"@type\":\"Organization\",\"@id\":\"https:\/\/www.alldayled.com\/de\/#organization\",\"name\":\"All Day Led\",\"url\":\"https:\/\/www.alldayled.com\/de\/\",\"logo\":{\"@type\":\"ImageObject\",\"inLanguage\":\"de\",\"@id\":\"https:\/\/www.alldayled.com\/de\/#\/schema\/logo\/image\/\",\"url\":\"https:\/\/www.alldayled.com\/wp-content\/uploads\/2025\/10\/Logo-ALL-DAY-LED-800x800-zwart-witte-letters.png\",\"contentUrl\":\"https:\/\/www.alldayled.com\/wp-content\/uploads\/2025\/10\/Logo-ALL-DAY-LED-800x800-zwart-witte-letters.png\",\"width\":800,\"height\":800,\"caption\":\"All Day Led\"},\"image\":{\"@id\":\"https:\/\/www.alldayled.com\/de\/#\/schema\/logo\/image\/\"},\"sameAs\":[\"https:\/\/www.facebook.com\/alldayled\/\",\"https:\/\/www.instagram.com\/alldayled\/\"],\"vatID\":\"NL863960133B01\",\"taxID\":\"86416545\"}]}<\/script>\n<meta property=\"product:brand\" content=\"Nedking\" \/>\n<meta property=\"product:price:amount\" content=\"539.00\" \/>\n<meta property=\"product:price:currency\" content=\"EUR\" \/>\n<meta property=\"og:availability\" content=\"instock\" \/>\n<meta property=\"product:availability\" content=\"instock\" \/>\n<meta property=\"product:retailer_item_id\" content=\"ADL839353\" \/>\n<meta property=\"product:condition\" content=\"new\" \/>\n<!-- \/ Yoast SEO Premium plugin. -->","yoast_head_json":{"title":"Nedking LED Leuchtkasten 160x30x8 - Leuchtkasten 12\/24 Volt - LKW","description":"Nedking LED Leuchtkasten 160x30x8 - Leuchtkasten f\u00fcr Ihren LKW - Spoiler-Modell - LED-Lichtwerbung - Aluminium LED Leuchtkasten LKW - schnell lieferbar","robots":{"index":"index","follow":"follow","max-snippet":"max-snippet:-1","max-image-preview":"max-image-preview:large","max-video-preview":"max-video-preview:-1"},"canonical":"https:\/\/www.alldayled.com\/de\/produkt\/nedking-led-lichtbak-160x30x8cm-24-volt\/","og_locale":"de_DE","og_type":"article","og_title":"Nedking LED Leuchtkasten 160x30x8 - Leuchtkasten 12\/24 Volt - LKW","og_description":"LED Leuchtkasten Nedking 160x30x8 - Leuchtkasten f\u00fcr Ihren LKW - 12\/24 Volt Betrieb - LED-Lichtwerbung - schnell lieferbar - LED Leuchtkasten","og_url":"https:\/\/www.alldayled.com\/de\/produkt\/nedking-led-lichtbak-160x30x8cm-24-volt\/","og_site_name":"All Day Led","article_publisher":"https:\/\/www.facebook.com\/alldayled\/","article_modified_time":"2026-03-12T12:19:27+00:00","og_image":[{"url":"https:\/\/www.alldayled.com\/wp-content\/uploads\/2020\/10\/ADL839353.-3.png","type":"","width":"","height":""}],"twitter_misc":{"Preis":"&euro;&nbsp;539,00","Verf\u00fcgbarkeit":"Auf Lager"},"schema":{"@context":"https:\/\/schema.org","@graph":[{"@type":"WebPage","@id":"https:\/\/www.alldayled.com\/de\/produkt\/nedking-led-lichtbak-160x30x8cm-24-volt\/","url":"https:\/\/www.alldayled.com\/de\/produkt\/nedking-led-lichtbak-160x30x8cm-24-volt\/","name":"Nedking LED Leuchtkasten 160x30x8 - Leuchtkasten 12\/24 Volt - LKW","isPartOf":{"@id":"https:\/\/www.alldayled.com\/de\/#website"},"primaryImageOfPage":{"@id":"https:\/\/www.alldayled.com\/de\/produkt\/nedking-led-lichtbak-160x30x8cm-24-volt\/#primaryimage"},"image":{"@id":"https:\/\/www.alldayled.com\/de\/produkt\/nedking-led-lichtbak-160x30x8cm-24-volt\/#primaryimage"},"thumbnailUrl":"https:\/\/www.alldayled.com\/wp-content\/uploads\/2020\/10\/ADL839353..png","datePublished":"2020-09-30T06:22:17+00:00","dateModified":"2026-03-12T12:19:27+00:00","description":"Nedking LED Leuchtkasten 160x30x8 - Leuchtkasten f\u00fcr Ihren LKW - Spoiler-Modell - LED-Lichtwerbung - Aluminium LED Leuchtkasten LKW - schnell lieferbar","breadcrumb":{"@id":"https:\/\/www.alldayled.com\/de\/produkt\/nedking-led-lichtbak-160x30x8cm-24-volt\/#breadcrumb"},"inLanguage":"de","potentialAction":[{"@type":"ReadAction","target":["https:\/\/www.alldayled.com\/de\/produkt\/nedking-led-lichtbak-160x30x8cm-24-volt\/"]}]},{"@type":"ImageObject","inLanguage":"de","@id":"https:\/\/www.alldayled.com\/de\/produkt\/nedking-led-lichtbak-160x30x8cm-24-volt\/#primaryimage","url":"https:\/\/www.alldayled.com\/wp-content\/uploads\/2020\/10\/ADL839353..png","contentUrl":"https:\/\/www.alldayled.com\/wp-content\/uploads\/2020\/10\/ADL839353..png","width":800,"height":600,"caption":"NEDKING Aluminium LED Leuchtkasten 160x30x8 cm f\u00fcr 24-Volt-Betrieb EAN: 7323030183257"},{"@type":"BreadcrumbList","@id":"https:\/\/www.alldayled.com\/de\/produkt\/nedking-led-lichtbak-160x30x8cm-24-volt\/#breadcrumb","itemListElement":[{"@type":"ListItem","position":1,"name":"Home","item":"https:\/\/www.alldayled.com\/de\/"},{"@type":"ListItem","position":2,"name":"Shop","item":"https:\/\/www.alldayled.com\/de\/shop\/"},{"@type":"ListItem","position":3,"name":"Leuchtkasten","item":"https:\/\/www.alldayled.com\/de\/produkt-kategorie\/led-leuchtreklame\/"},{"@type":"ListItem","position":4,"name":"Nedking Leuchtkasten","item":"https:\/\/www.alldayled.com\/de\/produkt-kategorie\/led-leuchtreklame\/nedking-lichtreclame\/"},{"@type":"ListItem","position":5,"name":"Nedking 8 Zentimeter","item":"https:\/\/www.alldayled.com\/de\/produkt-kategorie\/led-leuchtreklame\/nedking-lichtreclame\/nedking-lichtbak-8-centimeter-24-volt\/"},{"@type":"ListItem","position":6,"name":"Nedking LED Leuchtkasten 160x30x8 cm"}]},{"@type":"WebSite","@id":"https:\/\/www.alldayled.com\/de\/#website","url":"https:\/\/www.alldayled.com\/de\/","name":"All Day Led","description":"Verlichting voor 12&amp;24 volt gebruik","publisher":{"@id":"https:\/\/www.alldayled.com\/de\/#organization"},"potentialAction":[{"@type":"SearchAction","target":{"@type":"EntryPoint","urlTemplate":"https:\/\/www.alldayled.com\/de\/?s={search_term_string}"},"query-input":{"@type":"PropertyValueSpecification","valueRequired":true,"valueName":"search_term_string"}}],"inLanguage":"de"},{"@type":"Organization","@id":"https:\/\/www.alldayled.com\/de\/#organization","name":"All Day Led","url":"https:\/\/www.alldayled.com\/de\/","logo":{"@type":"ImageObject","inLanguage":"de","@id":"https:\/\/www.alldayled.com\/de\/#\/schema\/logo\/image\/","url":"https:\/\/www.alldayled.com\/wp-content\/uploads\/2025\/10\/Logo-ALL-DAY-LED-800x800-zwart-witte-letters.png","contentUrl":"https:\/\/www.alldayled.com\/wp-content\/uploads\/2025\/10\/Logo-ALL-DAY-LED-800x800-zwart-witte-letters.png","width":800,"height":800,"caption":"All Day Led"},"image":{"@id":"https:\/\/www.alldayled.com\/de\/#\/schema\/logo\/image\/"},"sameAs":["https:\/\/www.facebook.com\/alldayled\/","https:\/\/www.instagram.com\/alldayled\/"],"vatID":"NL863960133B01","taxID":"86416545"}]},"product_brand":"Nedking","product_price_amount":"539.00","product_price_currency":"EUR","og_availability":"instock","product_availability":"instock","product_retailer_item_id":"ADL839353","product_condition":"new"},"_links":{"self":[{"href":"https:\/\/www.alldayled.com\/de\/wp-json\/wp\/v2\/product\/66848","targetHints":{"allow":["GET"]}}],"collection":[{"href":"https:\/\/www.alldayled.com\/de\/wp-json\/wp\/v2\/product"}],"about":[{"href":"https:\/\/www.alldayled.com\/de\/wp-json\/wp\/v2\/types\/product"}],"replies":[{"embeddable":true,"href":"https:\/\/www.alldayled.com\/de\/wp-json\/wp\/v2\/comments?post=66848"}],"wp:featuredmedia":[{"embeddable":true,"href":"https:\/\/www.alldayled.com\/de\/wp-json\/wp\/v2\/media\/17586"}],"wp:attachment":[{"href":"https:\/\/www.alldayled.com\/de\/wp-json\/wp\/v2\/media?parent=66848"}],"wp:term":[{"taxonomy":"product_brand","embeddable":true,"href":"https:\/\/www.alldayled.com\/de\/wp-json\/wp\/v2\/product_brand?post=66848"},{"taxonomy":"product_cat","embeddable":true,"href":"https:\/\/www.alldayled.com\/de\/wp-json\/wp\/v2\/product_cat?post=66848"},{"taxonomy":"product_tag","embeddable":true,"href":"https:\/\/www.alldayled.com\/de\/wp-json\/wp\/v2\/product_tag?post=66848"}],"curies":[{"name":"wp","href":"https:\/\/api.w.org\/{rel}","templated":true}]}}