{"id":66859,"date":"2019-03-26T16:21:12","date_gmt":"2019-03-26T15:21:12","guid":{"rendered":"https:\/\/www.alldayled.com\/product\/lichtbak-illumiled-140308-24v\/"},"modified":"2026-03-17T07:56:38","modified_gmt":"2026-03-17T06:56:38","slug":"lichtbak-illumiled-140308-24v","status":"publish","type":"product","link":"https:\/\/www.alldayled.com\/de\/produkt\/lichtbak-illumiled-140308-24v\/","title":{"rendered":"IllumiLED Leuchtkasten 140*30*8 cm"},"content":{"rendered":"<p><span style=\"color: #000000;\"><strong>LED-Leuchtkasten IllumiLED 140 x 30 x 8 cm f\u00fcr 12 und 24 Volt.<\/strong><\/span><\/p>\n<p><span style=\"color: #000000;\">Suchst du nach einer M\u00f6glichkeit, deinen Firmennamen oder deine Werbung gut sichtbar auf deinem LKW anzubringen? Dann ist dieser 8 cm tiefe LED-Leuchtkasten von IllumiLED wahrscheinlich genau das, was du suchst. Mit diesem IllumiLED-Leuchtkasten 140x30x8 ist dein Firmenname oder deine Werbung sowohl tags\u00fcber als auch nachts garantiert gut sichtbar.  Der Leuchtkasten ist aus Kunststoff gefertigt und mit lichtdurchl\u00e4ssigem Milchglas versehen, sodass du das Plexiglas einfach mit deinem eigenen Firmennamen, Logo oder anderer Werbung versehen kannst. Dieser LED-Leuchtkasten funktioniert sowohl mit 12 als auch mit 24 Volt, wodurch er beispielsweise f\u00fcr LKWs geeignet ist.<\/span><\/p>\n<p><span style=\"color: #000000;\">Der Leuchtkasten ist vollst\u00e4ndig aus hochwertigem Kunststoff gefertigt, wodurch er leicht ist und einfach zu montieren ist. An der R\u00fcckseite ist eine Aluminium-Befestigungsschiene montiert, die f\u00fcr eine stabile und dauerhafte Befestigung sorgt. Der Leuchtkasten hat eine Tiefe von 8 cm und eine H\u00f6he von 30 cm, wodurch er perfekt auf die Kabine deines LKWs passt.  <\/span><\/p>\n<h5><span style=\"color: #000000;\"><strong>Abmessungen:<\/strong><\/span><\/h5>\n<p><span style=\"color: #000000;\">Die Abmessungen dieses IllumiLED LED-Leuchtkastens sind wie folgt:<\/span><\/p>\n<ul>\n<li><span style=\"color: #000000;\">L\u00e4nge: 140 cm<\/span><\/li>\n<li><span style=\"color: #000000;\">H\u00f6he: 30 cm<\/span><\/li>\n<li><span style=\"color: #000000;\">Dicke: 8 cm<\/span><\/li>\n<\/ul>\n<h5><span style=\"color: #000000;\"><strong>Befestigungsmaterial:<\/strong><\/span><\/h5>\n<p><span style=\"color: #000000;\">Um diesen IllumiLED LED-Leuchtkasten 140x30x8 einfach an deinem LKW-Fahrerhaus zu montieren, gibt es drei praktische M\u00f6glichkeiten. So kannst du den Leuchtkasten genau so befestigen, wie du es m\u00f6chtest, ohne Probleme. Die Optionen zur Montage des LED-Leuchtkastens an deinem LKW sind wie folgt:  <\/span><\/p>\n<ul>\n<li><span style=\"color: #000000;\"><strong><a style=\"color: #000000;\" href=\"https:\/\/www.alldayled.com\/de\/produkt\/montagebeugel-lichtbak-voorzijde-cabine\/\">Montageset f\u00fcr Kabinenfront<\/a><\/strong><\/span><\/li>\n<li><span style=\"color: #000000;\"><strong><a style=\"color: #000000;\" href=\"https:\/\/www.alldayled.com\/de\/produkt\/montagebeugel-lichtbak-lampenbeugel\/\">Lampenb\u00fcgel-Montageset <\/a><\/strong><\/span><\/li>\n<li><span style=\"color: #000000;\"><strong><a style=\"color: #000000;\" href=\"https:\/\/www.alldayled.com\/de\/produkt\/montagebeugel-lichtbak-voor-dak-cabine\/\">Dachmontageset f\u00fcr Kabine<\/a><\/strong><\/span><\/li>\n<\/ul>\n<h5><span style=\"color: #000000;\"><strong>Andere Abmessungen:<\/strong><\/span><\/h5>\n<p><span style=\"color: #000000;\">Ist dieser IllumiLED LED-Leuchtkasten doch nicht ganz das, was du suchst? Keine Sorge, denn dieser Leuchtkasten ist auch in anderen Abmessungen erh\u00e4ltlich. So findest du immer ein Format, das perfekt zu deiner Kabine und deinen W\u00fcnschen passt.  <\/span><\/p>\n<ul>\n<li><span style=\"color: #000000;\"><strong><a style=\"color: #000000;\" href=\"https:\/\/www.alldayled.com\/de\/produkt\/lichtbak-illumiled-110258-24v\/\">110 cm x 25 cm x 8 cm<\/a><\/strong><\/span><\/li>\n<li><span style=\"color: #000000;\"><strong><a style=\"color: #000000;\" href=\"https:\/\/www.alldayled.com\/de\/produkt\/lichtbak-illumiled-110308-24v\/\">110 cm x 30 cm x 8 cm<\/a><\/strong><\/span><\/li>\n<li><span style=\"color: #000000;\"><strong><a style=\"color: #000000;\" href=\"https:\/\/www.alldayled.com\/de\/produkt\/lichtbak-illumiled-125258-24v\/\">125 cm x 25 cm x 8 cm<\/a><\/strong><\/span><\/li>\n<li><span style=\"color: #000000;\"><strong><a style=\"color: #000000;\" href=\"https:\/\/www.alldayled.com\/de\/produkt\/lichtbak-illumiled-125308-24v\/\">125 cm x 30 cm x 8 cm<\/a><\/strong><\/span><\/li>\n<\/ul>\n<p><span style=\"color: #000000;\">M\u00f6chtest du einen IllumiLED LED-Leuchtkasten kaufen, aber die Tiefe von 8 cm ist nicht ideal f\u00fcr dich? Dann sieh dir die IllumiLED Leuchtk\u00e4sten mit einer Tiefe von <a style=\"color: #000000;\" href=\"https:\/\/www.alldayled.com\/product-categorie\/led-lichtreclame\/illumiled-sign-nl\/lichtreclame-15cm-dikte\/\">15 Zentimetern<\/a> an. Damit hast du eine robustere Ausf\u00fchrung, die noch besser sichtbar ist und perfekt zu deinem Fahrzeug passt.  <\/span><\/p>\n","protected":false},"excerpt":{"rendered":"<p>IllumiLED Kunststoff-Leuchtkasten 140x30x8 cm mit LED-Streifen f\u00fcr 12 und 24 Volt.<\/p>\n","protected":false},"featured_media":66382,"comment_status":"open","ping_status":"closed","template":"","meta":{"_acf_changed":false},"product_brand":[6491],"product_cat":[5316,5313],"product_tag":[9472,9473,9474,9465,9466,9467,9468],"class_list":{"0":"post-66859","1":"product","2":"type-product","3":"status-publish","4":"has-post-thumbnail","6":"product_brand-illumiled","7":"product_cat-illumiled-lichtbak-8-centimeter-24-volt","8":"product_cat-illumiled-sign-nl","9":"product_tag-illumiled","10":"product_tag-illumiled-leuchtkasten","11":"product_tag-illumiled-leuchtschild","12":"product_tag-led-leuchtkasten-24-volt","13":"product_tag-led-leuchtkasten-lkw","14":"product_tag-leuchtkasten-lkw","15":"product_tag-lichtwerbung","17":"first","18":"instock","19":"taxable","20":"shipping-taxable","21":"purchasable","22":"product-type-simple"},"acf":[],"yoast_head":"<!-- This site is optimized with the Yoast SEO Premium plugin v26.5 (Yoast SEO v27.1.1) - https:\/\/yoast.com\/product\/yoast-seo-premium-wordpress\/ -->\n<title>Leuchtkasten illumiLED 140x30x8 - Lichtwerbung f\u00fcr deinen LKW<\/title>\n<meta name=\"description\" content=\"Leuchtkasten illumiLED 140x30x8 - Spoiler-Modell LED-Leuchtkasten - LED-Lichtwerbung f\u00fcr deinen LKW - f\u00fcr 12- und 24-Volt-Betrieb - Schwedische Qualit\u00e4t\" \/>\n<meta name=\"robots\" content=\"index, follow, max-snippet:-1, max-image-preview:large, max-video-preview:-1\" \/>\n<link rel=\"canonical\" href=\"https:\/\/www.alldayled.com\/de\/produkt\/lichtbak-illumiled-140308-24v\/\" \/>\n<meta property=\"og:locale\" content=\"de_DE\" \/>\n<meta property=\"og:type\" content=\"article\" \/>\n<meta property=\"og:title\" content=\"Leuchtkasten illumiLED 140x30x8 - Lichtwerbung f\u00fcr deinen LKW\" \/>\n<meta property=\"og:description\" content=\"Leuchtkasten illumiLED 140x30x8 - Spoiler-Modell LED-Leuchtkasten - LED-Lichtwerbung f\u00fcr deinen LKW - f\u00fcr 12- und 24-Volt-Betrieb - Schwedische Qualit\u00e4t\" \/>\n<meta property=\"og:url\" content=\"https:\/\/www.alldayled.com\/de\/produkt\/lichtbak-illumiled-140308-24v\/\" \/>\n<meta property=\"og:site_name\" content=\"All Day Led\" \/>\n<meta property=\"article:publisher\" content=\"https:\/\/www.facebook.com\/alldayled\/\" \/>\n<meta property=\"article:modified_time\" content=\"2026-03-17T06:56:38+00:00\" \/>\n<meta property=\"og:image\" content=\"https:\/\/www.alldayled.com\/wp-content\/uploads\/2019\/03\/ADL825110-8cm-01.png\" \/>\n\t<meta property=\"og:image:width\" content=\"800\" \/>\n\t<meta property=\"og:image:height\" content=\"600\" \/>\n\t<meta property=\"og:image:type\" content=\"image\/png\" \/>\n<meta name=\"twitter:label1\" content=\"Preis\" \/>\n\t<meta name=\"twitter:data1\" content=\"&euro;&nbsp;449,00\" \/>\n\t<meta name=\"twitter:label2\" content=\"Verf\u00fcgbarkeit\" \/>\n\t<meta name=\"twitter:data2\" content=\"Auf Lager\" \/>\n<script type=\"application\/ld+json\" class=\"yoast-schema-graph\">{\"@context\":\"https:\/\/schema.org\",\"@graph\":[{\"@type\":\"WebPage\",\"@id\":\"https:\/\/www.alldayled.com\/de\/produkt\/lichtbak-illumiled-140308-24v\/\",\"url\":\"https:\/\/www.alldayled.com\/de\/produkt\/lichtbak-illumiled-140308-24v\/\",\"name\":\"Leuchtkasten illumiLED 140x30x8 - Lichtwerbung f\u00fcr deinen LKW\",\"isPartOf\":{\"@id\":\"https:\/\/www.alldayled.com\/de\/#website\"},\"primaryImageOfPage\":{\"@id\":\"https:\/\/www.alldayled.com\/de\/produkt\/lichtbak-illumiled-140308-24v\/#primaryimage\"},\"image\":{\"@id\":\"https:\/\/www.alldayled.com\/de\/produkt\/lichtbak-illumiled-140308-24v\/#primaryimage\"},\"thumbnailUrl\":\"https:\/\/www.alldayled.com\/wp-content\/uploads\/2019\/03\/ADL825110-8cm-01.png\",\"datePublished\":\"2019-03-26T15:21:12+00:00\",\"dateModified\":\"2026-03-17T06:56:38+00:00\",\"description\":\"Leuchtkasten illumiLED 140x30x8 - Spoiler-Modell LED-Leuchtkasten - LED-Lichtwerbung f\u00fcr deinen LKW - f\u00fcr 12- und 24-Volt-Betrieb - Schwedische Qualit\u00e4t\",\"breadcrumb\":{\"@id\":\"https:\/\/www.alldayled.com\/de\/produkt\/lichtbak-illumiled-140308-24v\/#breadcrumb\"},\"inLanguage\":\"de\",\"potentialAction\":[{\"@type\":\"ReadAction\",\"target\":[\"https:\/\/www.alldayled.com\/de\/produkt\/lichtbak-illumiled-140308-24v\/\"]}]},{\"@type\":\"ImageObject\",\"inLanguage\":\"de\",\"@id\":\"https:\/\/www.alldayled.com\/de\/produkt\/lichtbak-illumiled-140308-24v\/#primaryimage\",\"url\":\"https:\/\/www.alldayled.com\/wp-content\/uploads\/2019\/03\/ADL825110-8cm-01.png\",\"contentUrl\":\"https:\/\/www.alldayled.com\/wp-content\/uploads\/2019\/03\/ADL825110-8cm-01.png\",\"width\":800,\"height\":600,\"caption\":\"IllumiLED Leuchtkasten - 8 cm tief - Trucksign - Kunststoff\"},{\"@type\":\"BreadcrumbList\",\"@id\":\"https:\/\/www.alldayled.com\/de\/produkt\/lichtbak-illumiled-140308-24v\/#breadcrumb\",\"itemListElement\":[{\"@type\":\"ListItem\",\"position\":1,\"name\":\"Home\",\"item\":\"https:\/\/www.alldayled.com\/de\/\"},{\"@type\":\"ListItem\",\"position\":2,\"name\":\"Shop\",\"item\":\"https:\/\/www.alldayled.com\/de\/shop\/\"},{\"@type\":\"ListItem\",\"position\":3,\"name\":\"Leuchtkasten\",\"item\":\"https:\/\/www.alldayled.com\/de\/produkt-kategorie\/led-leuchtreklame\/\"},{\"@type\":\"ListItem\",\"position\":4,\"name\":\"IllumiLED Leuchtkasten\",\"item\":\"https:\/\/www.alldayled.com\/de\/produkt-kategorie\/led-leuchtreklame\/illumiled-sign-nl\/\"},{\"@type\":\"ListItem\",\"position\":5,\"name\":\"IllumiLED 8 Zentimeter\",\"item\":\"https:\/\/www.alldayled.com\/de\/produkt-kategorie\/led-leuchtreklame\/illumiled-sign-nl\/illumiled-lichtbak-8-centimeter-24-volt\/\"},{\"@type\":\"ListItem\",\"position\":6,\"name\":\"IllumiLED Leuchtkasten 140*30*8 cm\"}]},{\"@type\":\"WebSite\",\"@id\":\"https:\/\/www.alldayled.com\/de\/#website\",\"url\":\"https:\/\/www.alldayled.com\/de\/\",\"name\":\"All Day Led\",\"description\":\"Verlichting voor 12&amp;24 volt gebruik\",\"publisher\":{\"@id\":\"https:\/\/www.alldayled.com\/de\/#organization\"},\"potentialAction\":[{\"@type\":\"SearchAction\",\"target\":{\"@type\":\"EntryPoint\",\"urlTemplate\":\"https:\/\/www.alldayled.com\/de\/?s={search_term_string}\"},\"query-input\":{\"@type\":\"PropertyValueSpecification\",\"valueRequired\":true,\"valueName\":\"search_term_string\"}}],\"inLanguage\":\"de\"},{\"@type\":\"Organization\",\"@id\":\"https:\/\/www.alldayled.com\/de\/#organization\",\"name\":\"All Day Led\",\"url\":\"https:\/\/www.alldayled.com\/de\/\",\"logo\":{\"@type\":\"ImageObject\",\"inLanguage\":\"de\",\"@id\":\"https:\/\/www.alldayled.com\/de\/#\/schema\/logo\/image\/\",\"url\":\"https:\/\/www.alldayled.com\/wp-content\/uploads\/2025\/10\/Logo-ALL-DAY-LED-800x800-zwart-witte-letters.png\",\"contentUrl\":\"https:\/\/www.alldayled.com\/wp-content\/uploads\/2025\/10\/Logo-ALL-DAY-LED-800x800-zwart-witte-letters.png\",\"width\":800,\"height\":800,\"caption\":\"All Day Led\"},\"image\":{\"@id\":\"https:\/\/www.alldayled.com\/de\/#\/schema\/logo\/image\/\"},\"sameAs\":[\"https:\/\/www.facebook.com\/alldayled\/\",\"https:\/\/www.instagram.com\/alldayled\/\"],\"vatID\":\"NL863960133B01\",\"taxID\":\"86416545\"}]}<\/script>\n<meta property=\"product:brand\" content=\"IllumiLED\" \/>\n<meta property=\"product:price:amount\" content=\"449.00\" \/>\n<meta property=\"product:price:currency\" content=\"EUR\" \/>\n<meta property=\"og:availability\" content=\"instock\" \/>\n<meta property=\"product:availability\" content=\"instock\" \/>\n<meta property=\"product:retailer_item_id\" content=\"ADL830140\" \/>\n<meta property=\"product:condition\" content=\"new\" \/>\n<!-- \/ Yoast SEO Premium plugin. -->","yoast_head_json":{"title":"Leuchtkasten illumiLED 140x30x8 - Lichtwerbung f\u00fcr deinen LKW","description":"Leuchtkasten illumiLED 140x30x8 - Spoiler-Modell LED-Leuchtkasten - LED-Lichtwerbung f\u00fcr deinen LKW - f\u00fcr 12- und 24-Volt-Betrieb - Schwedische Qualit\u00e4t","robots":{"index":"index","follow":"follow","max-snippet":"max-snippet:-1","max-image-preview":"max-image-preview:large","max-video-preview":"max-video-preview:-1"},"canonical":"https:\/\/www.alldayled.com\/de\/produkt\/lichtbak-illumiled-140308-24v\/","og_locale":"de_DE","og_type":"article","og_title":"Leuchtkasten illumiLED 140x30x8 - Lichtwerbung f\u00fcr deinen LKW","og_description":"Leuchtkasten illumiLED 140x30x8 - Spoiler-Modell LED-Leuchtkasten - LED-Lichtwerbung f\u00fcr deinen LKW - f\u00fcr 12- und 24-Volt-Betrieb - Schwedische Qualit\u00e4t","og_url":"https:\/\/www.alldayled.com\/de\/produkt\/lichtbak-illumiled-140308-24v\/","og_site_name":"All Day Led","article_publisher":"https:\/\/www.facebook.com\/alldayled\/","article_modified_time":"2026-03-17T06:56:38+00:00","og_image":[{"width":800,"height":600,"url":"https:\/\/www.alldayled.com\/wp-content\/uploads\/2019\/03\/ADL825110-8cm-01.png","type":"image\/png"}],"twitter_misc":{"Preis":"&euro;&nbsp;449,00","Verf\u00fcgbarkeit":"Auf Lager"},"schema":{"@context":"https:\/\/schema.org","@graph":[{"@type":"WebPage","@id":"https:\/\/www.alldayled.com\/de\/produkt\/lichtbak-illumiled-140308-24v\/","url":"https:\/\/www.alldayled.com\/de\/produkt\/lichtbak-illumiled-140308-24v\/","name":"Leuchtkasten illumiLED 140x30x8 - Lichtwerbung f\u00fcr deinen LKW","isPartOf":{"@id":"https:\/\/www.alldayled.com\/de\/#website"},"primaryImageOfPage":{"@id":"https:\/\/www.alldayled.com\/de\/produkt\/lichtbak-illumiled-140308-24v\/#primaryimage"},"image":{"@id":"https:\/\/www.alldayled.com\/de\/produkt\/lichtbak-illumiled-140308-24v\/#primaryimage"},"thumbnailUrl":"https:\/\/www.alldayled.com\/wp-content\/uploads\/2019\/03\/ADL825110-8cm-01.png","datePublished":"2019-03-26T15:21:12+00:00","dateModified":"2026-03-17T06:56:38+00:00","description":"Leuchtkasten illumiLED 140x30x8 - Spoiler-Modell LED-Leuchtkasten - LED-Lichtwerbung f\u00fcr deinen LKW - f\u00fcr 12- und 24-Volt-Betrieb - Schwedische Qualit\u00e4t","breadcrumb":{"@id":"https:\/\/www.alldayled.com\/de\/produkt\/lichtbak-illumiled-140308-24v\/#breadcrumb"},"inLanguage":"de","potentialAction":[{"@type":"ReadAction","target":["https:\/\/www.alldayled.com\/de\/produkt\/lichtbak-illumiled-140308-24v\/"]}]},{"@type":"ImageObject","inLanguage":"de","@id":"https:\/\/www.alldayled.com\/de\/produkt\/lichtbak-illumiled-140308-24v\/#primaryimage","url":"https:\/\/www.alldayled.com\/wp-content\/uploads\/2019\/03\/ADL825110-8cm-01.png","contentUrl":"https:\/\/www.alldayled.com\/wp-content\/uploads\/2019\/03\/ADL825110-8cm-01.png","width":800,"height":600,"caption":"IllumiLED Leuchtkasten - 8 cm tief - Trucksign - Kunststoff"},{"@type":"BreadcrumbList","@id":"https:\/\/www.alldayled.com\/de\/produkt\/lichtbak-illumiled-140308-24v\/#breadcrumb","itemListElement":[{"@type":"ListItem","position":1,"name":"Home","item":"https:\/\/www.alldayled.com\/de\/"},{"@type":"ListItem","position":2,"name":"Shop","item":"https:\/\/www.alldayled.com\/de\/shop\/"},{"@type":"ListItem","position":3,"name":"Leuchtkasten","item":"https:\/\/www.alldayled.com\/de\/produkt-kategorie\/led-leuchtreklame\/"},{"@type":"ListItem","position":4,"name":"IllumiLED Leuchtkasten","item":"https:\/\/www.alldayled.com\/de\/produkt-kategorie\/led-leuchtreklame\/illumiled-sign-nl\/"},{"@type":"ListItem","position":5,"name":"IllumiLED 8 Zentimeter","item":"https:\/\/www.alldayled.com\/de\/produkt-kategorie\/led-leuchtreklame\/illumiled-sign-nl\/illumiled-lichtbak-8-centimeter-24-volt\/"},{"@type":"ListItem","position":6,"name":"IllumiLED Leuchtkasten 140*30*8 cm"}]},{"@type":"WebSite","@id":"https:\/\/www.alldayled.com\/de\/#website","url":"https:\/\/www.alldayled.com\/de\/","name":"All Day Led","description":"Verlichting voor 12&amp;24 volt gebruik","publisher":{"@id":"https:\/\/www.alldayled.com\/de\/#organization"},"potentialAction":[{"@type":"SearchAction","target":{"@type":"EntryPoint","urlTemplate":"https:\/\/www.alldayled.com\/de\/?s={search_term_string}"},"query-input":{"@type":"PropertyValueSpecification","valueRequired":true,"valueName":"search_term_string"}}],"inLanguage":"de"},{"@type":"Organization","@id":"https:\/\/www.alldayled.com\/de\/#organization","name":"All Day Led","url":"https:\/\/www.alldayled.com\/de\/","logo":{"@type":"ImageObject","inLanguage":"de","@id":"https:\/\/www.alldayled.com\/de\/#\/schema\/logo\/image\/","url":"https:\/\/www.alldayled.com\/wp-content\/uploads\/2025\/10\/Logo-ALL-DAY-LED-800x800-zwart-witte-letters.png","contentUrl":"https:\/\/www.alldayled.com\/wp-content\/uploads\/2025\/10\/Logo-ALL-DAY-LED-800x800-zwart-witte-letters.png","width":800,"height":800,"caption":"All Day Led"},"image":{"@id":"https:\/\/www.alldayled.com\/de\/#\/schema\/logo\/image\/"},"sameAs":["https:\/\/www.facebook.com\/alldayled\/","https:\/\/www.instagram.com\/alldayled\/"],"vatID":"NL863960133B01","taxID":"86416545"}]},"product_brand":"IllumiLED","product_price_amount":"449.00","product_price_currency":"EUR","og_availability":"instock","product_availability":"instock","product_retailer_item_id":"ADL830140","product_condition":"new"},"_links":{"self":[{"href":"https:\/\/www.alldayled.com\/de\/wp-json\/wp\/v2\/product\/66859","targetHints":{"allow":["GET"]}}],"collection":[{"href":"https:\/\/www.alldayled.com\/de\/wp-json\/wp\/v2\/product"}],"about":[{"href":"https:\/\/www.alldayled.com\/de\/wp-json\/wp\/v2\/types\/product"}],"replies":[{"embeddable":true,"href":"https:\/\/www.alldayled.com\/de\/wp-json\/wp\/v2\/comments?post=66859"}],"wp:featuredmedia":[{"embeddable":true,"href":"https:\/\/www.alldayled.com\/de\/wp-json\/wp\/v2\/media\/66382"}],"wp:attachment":[{"href":"https:\/\/www.alldayled.com\/de\/wp-json\/wp\/v2\/media?parent=66859"}],"wp:term":[{"taxonomy":"product_brand","embeddable":true,"href":"https:\/\/www.alldayled.com\/de\/wp-json\/wp\/v2\/product_brand?post=66859"},{"taxonomy":"product_cat","embeddable":true,"href":"https:\/\/www.alldayled.com\/de\/wp-json\/wp\/v2\/product_cat?post=66859"},{"taxonomy":"product_tag","embeddable":true,"href":"https:\/\/www.alldayled.com\/de\/wp-json\/wp\/v2\/product_tag?post=66859"}],"curies":[{"name":"wp","href":"https:\/\/api.w.org\/{rel}","templated":true}]}}