{"id":66889,"date":"2020-12-06T15:24:30","date_gmt":"2020-12-06T14:24:30","guid":{"rendered":"https:\/\/www.alldayled.com\/product\/nedking-led-lichtbak-130x40cm-classic\/"},"modified":"2026-03-12T14:09:44","modified_gmt":"2026-03-12T13:09:44","slug":"nedking-led-lichtbak-130x40cm-classic","status":"publish","type":"product","link":"https:\/\/www.alldayled.com\/de\/produkt\/nedking-led-lichtbak-130x40cm-classic\/","title":{"rendered":"Nedking LED Leuchtkasten 130&#215;40 cm &#8211; classic"},"content":{"rendered":"<p><span style=\"color: #000000;\"><b>Nedking LED Leuchtkasten 130x40cm Classic Design f\u00fcr 12 und 24 Volt.<\/b><\/span><\/p>\n<p><span style=\"color: #000000;\">Bist du auf der Suche nach einem LED Leuchtkasten mit echter Oldskool-Ausstrahlung? Dann ist der Nedking Classic LED Leuchtkasten genau das, was du suchst. Dieser robuste Leuchtkasten funktioniert sowohl mit 12 als auch mit 24 Volt, was bedeutet, dass er beispielsweise f\u00fcr LKWs geeignet ist. Die Ausf\u00fchrung, die du hier siehst, ist 130 \u00d7 40 cm: 130 cm breit und 40 cm hoch. Durch die Montage dieses Leuchtkastens an deinem Truck kannst du sicher sein, dass dein Firmenname oder deine Botschaft nicht nur tags\u00fcber sichtbar ist, sondern auch nachts perfekt auff\u00e4llt.    <\/span><\/p>\n<p><span style=\"color: #000000;\">Das Geha\u0308use dieses Nedking LED Leuchtkastens 130x40cm ist vollsta\u0308ndig aus Aluminium aufgebaut. Dadurch bist du von einer langen Lebensdauer und einer robusten Oldskool-Ausstrahlung u\u0308berzeugt. Die Plexiglasplatte ist aus hochwertigem, lichtdurchla\u0308ssigem Material gefertigt, wodurch deine Werbung gestochen scharf zu sehen ist, selbst im Dunkeln. An der Ru\u0308ckseite befindet sich ein Aluminium-Schienensystem, sodass du den Leuchtkasten einfach montieren kannst und er jahrelang problemlos ha\u0308ngt. Kurz gesagt: Dieser LED Leuchtkasten ist das Upgrade fu\u0308r alle, die ihrem LKW einen Oldskool-Look mit moderner LED-Power verleihen mo\u0308chten.    <\/span><\/p>\n<h5><span style=\"color: #000000;\"><strong>Abmessungen:<\/strong><\/span><\/h5>\n<p><span style=\"color: #000000;\">Um sicherzustellen, dass der LED Leuchtkasten gut zu deiner Kabine passt, findest du unten die genauen Abmessungen des Oldschool-Design-Leuchtkastens:<\/span><\/p>\n<ul>\n<li><span style=\"color: #000000;\">L\u00e4nge: 130 cm<\/span><\/li>\n<li><span style=\"color: #000000;\">H\u00f6he: 40 cm<\/span><\/li>\n<li><span style=\"color: #000000;\">Tiefe: 15 cm<\/span><\/li>\n<\/ul>\n<h5><span style=\"color: #000000;\"><strong>Andere Abmessungen:<\/strong><\/span><\/h5>\n<p><span style=\"color: #000000;\">Ist dieser Nedking LED Leuchtkasten 130 \u00d7 40 cm doch nicht ganz das, was du suchst? Keine Sorge. Der Oldskool LED Leuchtkasten ist na\u0308mlich auch in mehreren Abmessungen erha\u0308ltlich. So findest du immer ein Format, das perfekt zu deinem Truck und deinem Stil passt:   <\/span><\/p>\n<ul>\n<li><span style=\"color: #000000;\"><strong><a style=\"color: #000000;\" href=\"https:\/\/www.alldayled.com\/de\/produkt\/nedking-led-lichtbak-130x30cm-classic\/\">130 cm x 30 cm<\/a><\/strong><\/span><\/li>\n<li><span style=\"color: #000000;\"><strong><a style=\"color: #000000;\" href=\"https:\/\/www.alldayled.com\/de\/produkt\/nedking-led-lichtbak-140x40cm-classic\/\">140 cm x 40 cm<\/a><\/strong><\/span><\/li>\n<\/ul>\n<p><span style=\"color: #000000;\">Bist du zwar auf der Suche nach einem Leuchtkasten f\u00fcr deinen LKW, aber die klassische Ausf\u00fchrung spricht dich nicht an? Dann schau dir unbedingt unsere Seite <a style=\"color: #000000;\" href=\"https:\/\/www.alldayled.com\/de\/produkt-kategorie\/led-leuchtreklame\/\">Lichtreklame<\/a> an. Dort findest du mit gro\u00dfer Wahrscheinlichkeit genau den Leuchtkasten oder die LED-Platte, die du suchst.  <\/span><\/p>\n","protected":false},"excerpt":{"rendered":"<p>Nedking classic aluminium Leuchtkasten 130&#215;40 cm &#8211; f\u00fcr 12 und 24 Volt.<\/p>\n","protected":false},"featured_media":18300,"comment_status":"open","ping_status":"closed","template":"","meta":{"_acf_changed":false},"product_brand":[6505],"product_cat":[5320],"product_tag":[9465,9477,9466,9467,9468,9187,9184,9470,9471,9479],"class_list":{"0":"post-66889","1":"product","2":"type-product","3":"status-publish","4":"has-post-thumbnail","6":"product_brand-product-nedking","7":"product_cat-nedking-lichtreclame","8":"product_tag-led-leuchtkasten-24-volt","9":"product_tag-led-leuchtkasten-40-zentimeter","10":"product_tag-led-leuchtkasten-lkw","11":"product_tag-leuchtkasten-lkw","12":"product_tag-lichtwerbung","13":"product_tag-nedking","14":"product_tag-nedking-beleuchtung","15":"product_tag-nedking-leuchtkasten","16":"product_tag-nedking-schild","17":"product_tag-oldskool-leuchtkasten","19":"first","20":"instock","21":"taxable","22":"shipping-taxable","23":"purchasable","24":"product-type-simple"},"acf":[],"yoast_head":"<!-- This site is optimized with the Yoast SEO Premium plugin v26.5 (Yoast SEO v27.1.1) - https:\/\/yoast.com\/product\/yoast-seo-premium-wordpress\/ -->\n<title>Nedking LED Leuchtkasten 130x40cm - All Day Led - 12\/24 Volt<\/title>\n<meta name=\"description\" content=\"Nedking LED Leuchtkasten 130x40cm - Lichtreklame f\u00fcr LKW 12\/24 Volt - Oldskool Design - hochwertiges Material - Aluminium LED Leuchtkasten\" \/>\n<meta name=\"robots\" content=\"index, follow, max-snippet:-1, max-image-preview:large, max-video-preview:-1\" \/>\n<link rel=\"canonical\" href=\"https:\/\/www.alldayled.com\/de\/produkt\/nedking-led-lichtbak-130x40cm-classic\/\" \/>\n<meta property=\"og:locale\" content=\"de_DE\" \/>\n<meta property=\"og:type\" content=\"article\" \/>\n<meta property=\"og:title\" content=\"Nedking LED Leuchtkasten 130x40cm - All Day Led - 12\/24 Volt\" \/>\n<meta property=\"og:description\" content=\"Nedking LED Leuchtkasten 130x40cm - Lichtreklame f\u00fcr LKW 12\/24 Volt - Oldskool Design - hochwertiges Material - Aluminium LED Leuchtkasten\" \/>\n<meta property=\"og:url\" content=\"https:\/\/www.alldayled.com\/de\/produkt\/nedking-led-lichtbak-130x40cm-classic\/\" \/>\n<meta property=\"og:site_name\" content=\"All Day Led\" \/>\n<meta property=\"article:publisher\" content=\"https:\/\/www.facebook.com\/alldayled\/\" \/>\n<meta property=\"article:modified_time\" content=\"2026-03-12T13:09:44+00:00\" \/>\n<meta property=\"og:image\" content=\"https:\/\/www.alldayled.com\/wp-content\/uploads\/2020\/12\/ADL81900..png\" \/>\n\t<meta property=\"og:image:width\" content=\"800\" \/>\n\t<meta property=\"og:image:height\" content=\"600\" \/>\n\t<meta property=\"og:image:type\" content=\"image\/png\" \/>\n<meta name=\"twitter:label1\" content=\"Preis\" \/>\n\t<meta name=\"twitter:data1\" content=\"&euro;&nbsp;579,00\" \/>\n\t<meta name=\"twitter:label2\" content=\"Verf\u00fcgbarkeit\" \/>\n\t<meta name=\"twitter:data2\" content=\"Auf Lager\" \/>\n<script type=\"application\/ld+json\" class=\"yoast-schema-graph\">{\"@context\":\"https:\/\/schema.org\",\"@graph\":[{\"@type\":\"WebPage\",\"@id\":\"https:\/\/www.alldayled.com\/de\/produkt\/nedking-led-lichtbak-130x40cm-classic\/\",\"url\":\"https:\/\/www.alldayled.com\/de\/produkt\/nedking-led-lichtbak-130x40cm-classic\/\",\"name\":\"Nedking LED Leuchtkasten 130x40cm - All Day Led - 12\/24 Volt\",\"isPartOf\":{\"@id\":\"https:\/\/www.alldayled.com\/de\/#website\"},\"primaryImageOfPage\":{\"@id\":\"https:\/\/www.alldayled.com\/de\/produkt\/nedking-led-lichtbak-130x40cm-classic\/#primaryimage\"},\"image\":{\"@id\":\"https:\/\/www.alldayled.com\/de\/produkt\/nedking-led-lichtbak-130x40cm-classic\/#primaryimage\"},\"thumbnailUrl\":\"https:\/\/www.alldayled.com\/wp-content\/uploads\/2020\/12\/ADL81900..png\",\"datePublished\":\"2020-12-06T14:24:30+00:00\",\"dateModified\":\"2026-03-12T13:09:44+00:00\",\"description\":\"Nedking LED Leuchtkasten 130x40cm - Lichtreklame f\u00fcr LKW 12\/24 Volt - Oldskool Design - hochwertiges Material - Aluminium LED Leuchtkasten\",\"breadcrumb\":{\"@id\":\"https:\/\/www.alldayled.com\/de\/produkt\/nedking-led-lichtbak-130x40cm-classic\/#breadcrumb\"},\"inLanguage\":\"de\",\"potentialAction\":[{\"@type\":\"ReadAction\",\"target\":[\"https:\/\/www.alldayled.com\/de\/produkt\/nedking-led-lichtbak-130x40cm-classic\/\"]}]},{\"@type\":\"ImageObject\",\"inLanguage\":\"de\",\"@id\":\"https:\/\/www.alldayled.com\/de\/produkt\/nedking-led-lichtbak-130x40cm-classic\/#primaryimage\",\"url\":\"https:\/\/www.alldayled.com\/wp-content\/uploads\/2020\/12\/ADL81900..png\",\"contentUrl\":\"https:\/\/www.alldayled.com\/wp-content\/uploads\/2020\/12\/ADL81900..png\",\"width\":800,\"height\":600,\"caption\":\"Nedking Oldskool Aluminium LED Leuchtkasten f\u00fcr LKW - Classic Design Leuchtkasten LKW Kabine 130 x 40 Zentimeter - EAN: 6438203003568\"},{\"@type\":\"BreadcrumbList\",\"@id\":\"https:\/\/www.alldayled.com\/de\/produkt\/nedking-led-lichtbak-130x40cm-classic\/#breadcrumb\",\"itemListElement\":[{\"@type\":\"ListItem\",\"position\":1,\"name\":\"Home\",\"item\":\"https:\/\/www.alldayled.com\/de\/\"},{\"@type\":\"ListItem\",\"position\":2,\"name\":\"Shop\",\"item\":\"https:\/\/www.alldayled.com\/de\/shop\/\"},{\"@type\":\"ListItem\",\"position\":3,\"name\":\"Leuchtkasten\",\"item\":\"https:\/\/www.alldayled.com\/de\/produkt-kategorie\/led-leuchtreklame\/\"},{\"@type\":\"ListItem\",\"position\":4,\"name\":\"Nedking Leuchtkasten\",\"item\":\"https:\/\/www.alldayled.com\/de\/produkt-kategorie\/led-leuchtreklame\/nedking-lichtreclame\/\"},{\"@type\":\"ListItem\",\"position\":5,\"name\":\"Nedking LED Leuchtkasten 130&#215;40 cm &#8211; classic\"}]},{\"@type\":\"WebSite\",\"@id\":\"https:\/\/www.alldayled.com\/de\/#website\",\"url\":\"https:\/\/www.alldayled.com\/de\/\",\"name\":\"All Day Led\",\"description\":\"Verlichting voor 12&amp;24 volt gebruik\",\"publisher\":{\"@id\":\"https:\/\/www.alldayled.com\/de\/#organization\"},\"potentialAction\":[{\"@type\":\"SearchAction\",\"target\":{\"@type\":\"EntryPoint\",\"urlTemplate\":\"https:\/\/www.alldayled.com\/de\/?s={search_term_string}\"},\"query-input\":{\"@type\":\"PropertyValueSpecification\",\"valueRequired\":true,\"valueName\":\"search_term_string\"}}],\"inLanguage\":\"de\"},{\"@type\":\"Organization\",\"@id\":\"https:\/\/www.alldayled.com\/de\/#organization\",\"name\":\"All Day Led\",\"url\":\"https:\/\/www.alldayled.com\/de\/\",\"logo\":{\"@type\":\"ImageObject\",\"inLanguage\":\"de\",\"@id\":\"https:\/\/www.alldayled.com\/de\/#\/schema\/logo\/image\/\",\"url\":\"https:\/\/www.alldayled.com\/wp-content\/uploads\/2025\/10\/Logo-ALL-DAY-LED-800x800-zwart-witte-letters.png\",\"contentUrl\":\"https:\/\/www.alldayled.com\/wp-content\/uploads\/2025\/10\/Logo-ALL-DAY-LED-800x800-zwart-witte-letters.png\",\"width\":800,\"height\":800,\"caption\":\"All Day Led\"},\"image\":{\"@id\":\"https:\/\/www.alldayled.com\/de\/#\/schema\/logo\/image\/\"},\"sameAs\":[\"https:\/\/www.facebook.com\/alldayled\/\",\"https:\/\/www.instagram.com\/alldayled\/\"],\"vatID\":\"NL863960133B01\",\"taxID\":\"86416545\"}]}<\/script>\n<meta property=\"product:brand\" content=\"Nedking\" \/>\n<meta property=\"product:price:amount\" content=\"579.00\" \/>\n<meta property=\"product:price:currency\" content=\"EUR\" \/>\n<meta property=\"og:availability\" content=\"instock\" \/>\n<meta property=\"product:availability\" content=\"instock\" \/>\n<meta property=\"product:retailer_item_id\" content=\"ADL839381\" \/>\n<meta property=\"product:condition\" content=\"new\" \/>\n<!-- \/ Yoast SEO Premium plugin. -->","yoast_head_json":{"title":"Nedking LED Leuchtkasten 130x40cm - All Day Led - 12\/24 Volt","description":"Nedking LED Leuchtkasten 130x40cm - Lichtreklame f\u00fcr LKW 12\/24 Volt - Oldskool Design - hochwertiges Material - Aluminium LED Leuchtkasten","robots":{"index":"index","follow":"follow","max-snippet":"max-snippet:-1","max-image-preview":"max-image-preview:large","max-video-preview":"max-video-preview:-1"},"canonical":"https:\/\/www.alldayled.com\/de\/produkt\/nedking-led-lichtbak-130x40cm-classic\/","og_locale":"de_DE","og_type":"article","og_title":"Nedking LED Leuchtkasten 130x40cm - All Day Led - 12\/24 Volt","og_description":"Nedking LED Leuchtkasten 130x40cm - Lichtreklame f\u00fcr LKW 12\/24 Volt - Oldskool Design - hochwertiges Material - Aluminium LED Leuchtkasten","og_url":"https:\/\/www.alldayled.com\/de\/produkt\/nedking-led-lichtbak-130x40cm-classic\/","og_site_name":"All Day Led","article_publisher":"https:\/\/www.facebook.com\/alldayled\/","article_modified_time":"2026-03-12T13:09:44+00:00","og_image":[{"width":800,"height":600,"url":"https:\/\/www.alldayled.com\/wp-content\/uploads\/2020\/12\/ADL81900..png","type":"image\/png"}],"twitter_misc":{"Preis":"&euro;&nbsp;579,00","Verf\u00fcgbarkeit":"Auf Lager"},"schema":{"@context":"https:\/\/schema.org","@graph":[{"@type":"WebPage","@id":"https:\/\/www.alldayled.com\/de\/produkt\/nedking-led-lichtbak-130x40cm-classic\/","url":"https:\/\/www.alldayled.com\/de\/produkt\/nedking-led-lichtbak-130x40cm-classic\/","name":"Nedking LED Leuchtkasten 130x40cm - All Day Led - 12\/24 Volt","isPartOf":{"@id":"https:\/\/www.alldayled.com\/de\/#website"},"primaryImageOfPage":{"@id":"https:\/\/www.alldayled.com\/de\/produkt\/nedking-led-lichtbak-130x40cm-classic\/#primaryimage"},"image":{"@id":"https:\/\/www.alldayled.com\/de\/produkt\/nedking-led-lichtbak-130x40cm-classic\/#primaryimage"},"thumbnailUrl":"https:\/\/www.alldayled.com\/wp-content\/uploads\/2020\/12\/ADL81900..png","datePublished":"2020-12-06T14:24:30+00:00","dateModified":"2026-03-12T13:09:44+00:00","description":"Nedking LED Leuchtkasten 130x40cm - Lichtreklame f\u00fcr LKW 12\/24 Volt - Oldskool Design - hochwertiges Material - Aluminium LED Leuchtkasten","breadcrumb":{"@id":"https:\/\/www.alldayled.com\/de\/produkt\/nedking-led-lichtbak-130x40cm-classic\/#breadcrumb"},"inLanguage":"de","potentialAction":[{"@type":"ReadAction","target":["https:\/\/www.alldayled.com\/de\/produkt\/nedking-led-lichtbak-130x40cm-classic\/"]}]},{"@type":"ImageObject","inLanguage":"de","@id":"https:\/\/www.alldayled.com\/de\/produkt\/nedking-led-lichtbak-130x40cm-classic\/#primaryimage","url":"https:\/\/www.alldayled.com\/wp-content\/uploads\/2020\/12\/ADL81900..png","contentUrl":"https:\/\/www.alldayled.com\/wp-content\/uploads\/2020\/12\/ADL81900..png","width":800,"height":600,"caption":"Nedking Oldskool Aluminium LED Leuchtkasten f\u00fcr LKW - Classic Design Leuchtkasten LKW Kabine 130 x 40 Zentimeter - EAN: 6438203003568"},{"@type":"BreadcrumbList","@id":"https:\/\/www.alldayled.com\/de\/produkt\/nedking-led-lichtbak-130x40cm-classic\/#breadcrumb","itemListElement":[{"@type":"ListItem","position":1,"name":"Home","item":"https:\/\/www.alldayled.com\/de\/"},{"@type":"ListItem","position":2,"name":"Shop","item":"https:\/\/www.alldayled.com\/de\/shop\/"},{"@type":"ListItem","position":3,"name":"Leuchtkasten","item":"https:\/\/www.alldayled.com\/de\/produkt-kategorie\/led-leuchtreklame\/"},{"@type":"ListItem","position":4,"name":"Nedking Leuchtkasten","item":"https:\/\/www.alldayled.com\/de\/produkt-kategorie\/led-leuchtreklame\/nedking-lichtreclame\/"},{"@type":"ListItem","position":5,"name":"Nedking LED Leuchtkasten 130&#215;40 cm &#8211; classic"}]},{"@type":"WebSite","@id":"https:\/\/www.alldayled.com\/de\/#website","url":"https:\/\/www.alldayled.com\/de\/","name":"All Day Led","description":"Verlichting voor 12&amp;24 volt gebruik","publisher":{"@id":"https:\/\/www.alldayled.com\/de\/#organization"},"potentialAction":[{"@type":"SearchAction","target":{"@type":"EntryPoint","urlTemplate":"https:\/\/www.alldayled.com\/de\/?s={search_term_string}"},"query-input":{"@type":"PropertyValueSpecification","valueRequired":true,"valueName":"search_term_string"}}],"inLanguage":"de"},{"@type":"Organization","@id":"https:\/\/www.alldayled.com\/de\/#organization","name":"All Day Led","url":"https:\/\/www.alldayled.com\/de\/","logo":{"@type":"ImageObject","inLanguage":"de","@id":"https:\/\/www.alldayled.com\/de\/#\/schema\/logo\/image\/","url":"https:\/\/www.alldayled.com\/wp-content\/uploads\/2025\/10\/Logo-ALL-DAY-LED-800x800-zwart-witte-letters.png","contentUrl":"https:\/\/www.alldayled.com\/wp-content\/uploads\/2025\/10\/Logo-ALL-DAY-LED-800x800-zwart-witte-letters.png","width":800,"height":800,"caption":"All Day Led"},"image":{"@id":"https:\/\/www.alldayled.com\/de\/#\/schema\/logo\/image\/"},"sameAs":["https:\/\/www.facebook.com\/alldayled\/","https:\/\/www.instagram.com\/alldayled\/"],"vatID":"NL863960133B01","taxID":"86416545"}]},"product_brand":"Nedking","product_price_amount":"579.00","product_price_currency":"EUR","og_availability":"instock","product_availability":"instock","product_retailer_item_id":"ADL839381","product_condition":"new"},"_links":{"self":[{"href":"https:\/\/www.alldayled.com\/de\/wp-json\/wp\/v2\/product\/66889","targetHints":{"allow":["GET"]}}],"collection":[{"href":"https:\/\/www.alldayled.com\/de\/wp-json\/wp\/v2\/product"}],"about":[{"href":"https:\/\/www.alldayled.com\/de\/wp-json\/wp\/v2\/types\/product"}],"replies":[{"embeddable":true,"href":"https:\/\/www.alldayled.com\/de\/wp-json\/wp\/v2\/comments?post=66889"}],"wp:featuredmedia":[{"embeddable":true,"href":"https:\/\/www.alldayled.com\/de\/wp-json\/wp\/v2\/media\/18300"}],"wp:attachment":[{"href":"https:\/\/www.alldayled.com\/de\/wp-json\/wp\/v2\/media?parent=66889"}],"wp:term":[{"taxonomy":"product_brand","embeddable":true,"href":"https:\/\/www.alldayled.com\/de\/wp-json\/wp\/v2\/product_brand?post=66889"},{"taxonomy":"product_cat","embeddable":true,"href":"https:\/\/www.alldayled.com\/de\/wp-json\/wp\/v2\/product_cat?post=66889"},{"taxonomy":"product_tag","embeddable":true,"href":"https:\/\/www.alldayled.com\/de\/wp-json\/wp\/v2\/product_tag?post=66889"}],"curies":[{"name":"wp","href":"https:\/\/api.w.org\/{rel}","templated":true}]}}