{"id":66893,"date":"2021-05-28T08:29:52","date_gmt":"2021-05-28T06:29:52","guid":{"rendered":"https:\/\/www.alldayled.com\/product\/sri-led-lichtbak-130-30-12-classic\/"},"modified":"2025-11-29T18:05:14","modified_gmt":"2025-11-29T17:05:14","slug":"sri-led-lichtbak-130-30-12-classic","status":"publish","type":"product","link":"https:\/\/www.alldayled.com\/de\/produkt\/sri-led-lichtbak-130-30-12-classic\/","title":{"rendered":"SRI LED Leuchtkasten 130x30cm &#8211; classic"},"content":{"rendered":"<p><span style=\"color: #000000;\"><b>SRI LED Leuchtkasten 130&#215;30 cm classic Design, geeignet f\u00fcr 24 Volt Betrieb. <\/b><\/span><\/p>\n<p><span style=\"color: #000000;\">Bist du auf der Suche nach dem wohlbekannten classic SRI LED Leuchtkasten? Dann ist dieser klassische SRI LED Leuchtkasten wahrscheinlich genau das, was du brauchst. Der Leuchtkasten ist 12 cm tief und funktioniert ausschlie\u00dflich mit 24 Volt, was bedeutet, dass er speziell f\u00fcr LKWs gemacht ist. Diese Ausf\u00fchrung hat ein Format von 130 \u00d7 30 cm, also 130 cm breit und 30 cm hoch. Montierst du diesen Leuchtkasten an deinem LKW, dann wei\u00dft du sicher, dass deine Werbung sowohl tags\u00fcber als auch nachts perfekt sichtbar ist.    <\/span><\/p>\n<p><span style=\"color: #000000;\">Das Geh\u00e4use dieses Oldschool-Leuchtkastens ist aus hochwertigem Aluminium gefertigt, wodurch du eine lange Lebensdauer sicherstellen kannst. Die montierte Plexiglasplatte ist ebenfalls aus robustem Material und h\u00e4lt einiges aus. Dank des lichtdurchl\u00e4ssigen Plexiglases kommt dein Firmenname oder deine Botschaft auch im Dunkeln klar zur Geltung. Auf der R\u00fcckseite ist eine Aluminium-Montageschiene angebracht, was die Montage einfach und langlebig macht. Kurz gesagt: Dieser klassische SRI LED Leuchtkasten verleiht deinem LKW einen echten Oldschool-Look und sorgt daf\u00fcr, dass du immer gesehen wirst.    <\/span><\/p>\n<h5><span style=\"color: #000000;\"><strong>Abmessungen:<\/strong><\/span><\/h5>\n<p><span style=\"color: #000000;\">Um sicherzustellen, dass dieser LED Leuchtkasten auf deine LKW-Kabine passt, findest du hier unten die Abmessungen des Oldschool-SRI-LED-Leuchtkastens:<\/span><\/p>\n<ul>\n<li><span style=\"color: #000000;\">L\u00e4nge: 130 cm<\/span><\/li>\n<li><span style=\"color: #000000;\">H\u00f6he: 30 cm<\/span><\/li>\n<li><span style=\"color: #000000;\">Dicke: 12 cm<\/span><\/li>\n<\/ul>\n<h5><span style=\"color: #000000;\"><strong>Weitere Abmessungen:<\/strong><\/span><\/h5>\n<p><span style=\"color: #000000;\">Ist dieser SRI LED Leuchtkasten von 130&#215;30 cm nicht das, wonach du suchst? Wisse, dass dieser Oldschool-LED-Leuchtkasten auch in der folgenden Abmessung erh\u00e4ltlich ist: <\/span><\/p>\n<ul>\n<li><span style=\"color: #000000;\"><a style=\"color: #000000;\" href=\"https:\/\/www.alldayled.com\/de\/produkt\/sri-led-lichtbak-140-40-12-classic\/\"><strong>140 cm x 40 cm<\/strong><\/a><\/span><\/li>\n<\/ul>\n<p><span style=\"color: #000000;\">Bist du auf der Suche nach einem Leuchtkasten f\u00fcr deinen LKW, aber die klassische Ausf\u00fchrung ist nicht ganz das, was du suchst? Dann schau dir unbedingt unsere Seite <g id=\"gid_0\">Lichtwerbung<\/g> an. Es ist gut m\u00f6glich, dass du dort den Leuchtkasten oder die LED-Platte findest, wonach du suchst.  <\/span><\/p>\n","protected":false},"excerpt":{"rendered":"<p>Oldschool SRI classic LED Leuchtkasten 130cm, mit Aluminiumgeh\u00e4use &#8211; 24 Volt.<\/p>\n","protected":false},"featured_media":66392,"comment_status":"open","ping_status":"closed","template":"","meta":{"_acf_changed":false},"product_brand":[6609],"product_cat":[5310],"product_tag":[],"class_list":{"0":"post-66893","1":"product","2":"type-product","3":"status-publish","4":"has-post-thumbnail","6":"product_brand-sri","7":"product_cat-led-leuchtreklame","9":"first","10":"instock","11":"taxable","12":"shipping-taxable","13":"purchasable","14":"product-type-simple"},"acf":[],"yoast_head":"<!-- This site is optimized with the Yoast SEO Premium plugin v26.5 (Yoast SEO v27.1.1) - https:\/\/yoast.com\/product\/yoast-seo-premium-wordpress\/ -->\n<title>SRI LED Leuchtkasten 130x30 cm \u2013 klassisch - All Day Led \u2013 f\u00fcr 24V<\/title>\n<meta name=\"description\" content=\"SRI LED Leuchtkasten 130x30 cm - Oldschool-Design - SRI ClassicSign\u00ae - Aluminium-LED-Leuchtkasten - LED Leuchtkasten aus D\u00e4nemark - mit Milchglas\" \/>\n<meta name=\"robots\" content=\"index, follow, max-snippet:-1, max-image-preview:large, max-video-preview:-1\" \/>\n<link rel=\"canonical\" href=\"https:\/\/www.alldayled.com\/de\/produkt\/sri-led-lichtbak-130-30-12-classic\/\" \/>\n<meta property=\"og:locale\" content=\"de_DE\" \/>\n<meta property=\"og:type\" content=\"article\" \/>\n<meta property=\"og:title\" content=\"SRI LED Leuchtkasten 130x30cm - classic\" \/>\n<meta property=\"og:description\" content=\"Oldschool SRI classic LED Leuchtkasten 130cm, mit Aluminiumgeh\u00e4use - 24 Volt.\" \/>\n<meta property=\"og:url\" content=\"https:\/\/www.alldayled.com\/de\/produkt\/sri-led-lichtbak-130-30-12-classic\/\" \/>\n<meta property=\"og:site_name\" content=\"All Day Led\" \/>\n<meta property=\"article:publisher\" content=\"https:\/\/www.facebook.com\/alldayled\/\" \/>\n<meta property=\"article:modified_time\" content=\"2025-11-29T17:05:14+00:00\" \/>\n<meta property=\"og:image\" content=\"https:\/\/www.alldayled.com\/wp-content\/uploads\/2021\/05\/ADL31141-1.jpg\" \/>\n<meta name=\"twitter:label1\" content=\"Preis\" \/>\n\t<meta name=\"twitter:data1\" content=\"&euro;&nbsp;695,00\" \/>\n\t<meta name=\"twitter:label2\" content=\"Verf\u00fcgbarkeit\" \/>\n\t<meta name=\"twitter:data2\" content=\"Auf Lager\" \/>\n<script type=\"application\/ld+json\" class=\"yoast-schema-graph\">{\"@context\":\"https:\/\/schema.org\",\"@graph\":[{\"@type\":\"WebPage\",\"@id\":\"https:\/\/www.alldayled.com\/de\/produkt\/sri-led-lichtbak-130-30-12-classic\/\",\"url\":\"https:\/\/www.alldayled.com\/de\/produkt\/sri-led-lichtbak-130-30-12-classic\/\",\"name\":\"SRI LED Leuchtkasten 130x30 cm \u2013 klassisch - All Day Led \u2013 f\u00fcr 24V\",\"isPartOf\":{\"@id\":\"https:\/\/www.alldayled.com\/de\/#website\"},\"primaryImageOfPage\":{\"@id\":\"https:\/\/www.alldayled.com\/de\/produkt\/sri-led-lichtbak-130-30-12-classic\/#primaryimage\"},\"image\":{\"@id\":\"https:\/\/www.alldayled.com\/de\/produkt\/sri-led-lichtbak-130-30-12-classic\/#primaryimage\"},\"thumbnailUrl\":\"https:\/\/www.alldayled.com\/wp-content\/uploads\/2021\/05\/ADL31141-1.png\",\"datePublished\":\"2021-05-28T06:29:52+00:00\",\"dateModified\":\"2025-11-29T17:05:14+00:00\",\"description\":\"SRI LED Leuchtkasten 130x30 cm - Oldschool-Design - SRI ClassicSign\u00ae - Aluminium-LED-Leuchtkasten - LED Leuchtkasten aus D\u00e4nemark - mit Milchglas\",\"breadcrumb\":{\"@id\":\"https:\/\/www.alldayled.com\/de\/produkt\/sri-led-lichtbak-130-30-12-classic\/#breadcrumb\"},\"inLanguage\":\"de\",\"potentialAction\":[{\"@type\":\"ReadAction\",\"target\":[\"https:\/\/www.alldayled.com\/de\/produkt\/sri-led-lichtbak-130-30-12-classic\/\"]}]},{\"@type\":\"ImageObject\",\"inLanguage\":\"de\",\"@id\":\"https:\/\/www.alldayled.com\/de\/produkt\/sri-led-lichtbak-130-30-12-classic\/#primaryimage\",\"url\":\"https:\/\/www.alldayled.com\/wp-content\/uploads\/2021\/05\/ADL31141-1.png\",\"contentUrl\":\"https:\/\/www.alldayled.com\/wp-content\/uploads\/2021\/05\/ADL31141-1.png\",\"width\":800,\"height\":600,\"caption\":\"SRI LED Leuchtkasten 130x30 cm \u2013 Oldschool-LED-Leuchtkasten in d\u00e4nischer Qualit\u00e4t \u2013 geeignet f\u00fcr 24 Volt Betrieb\"},{\"@type\":\"BreadcrumbList\",\"@id\":\"https:\/\/www.alldayled.com\/de\/produkt\/sri-led-lichtbak-130-30-12-classic\/#breadcrumb\",\"itemListElement\":[{\"@type\":\"ListItem\",\"position\":1,\"name\":\"Home\",\"item\":\"https:\/\/www.alldayled.com\/de\/\"},{\"@type\":\"ListItem\",\"position\":2,\"name\":\"Shop\",\"item\":\"https:\/\/www.alldayled.com\/de\/shop\/\"},{\"@type\":\"ListItem\",\"position\":3,\"name\":\"Leuchtkasten\",\"item\":\"https:\/\/www.alldayled.com\/de\/produkt-kategorie\/led-leuchtreklame\/\"},{\"@type\":\"ListItem\",\"position\":4,\"name\":\"SRI LED Leuchtkasten 130x30cm &#8211; classic\"}]},{\"@type\":\"WebSite\",\"@id\":\"https:\/\/www.alldayled.com\/de\/#website\",\"url\":\"https:\/\/www.alldayled.com\/de\/\",\"name\":\"All Day Led\",\"description\":\"Verlichting voor 12&amp;24 volt gebruik\",\"publisher\":{\"@id\":\"https:\/\/www.alldayled.com\/de\/#organization\"},\"potentialAction\":[{\"@type\":\"SearchAction\",\"target\":{\"@type\":\"EntryPoint\",\"urlTemplate\":\"https:\/\/www.alldayled.com\/de\/?s={search_term_string}\"},\"query-input\":{\"@type\":\"PropertyValueSpecification\",\"valueRequired\":true,\"valueName\":\"search_term_string\"}}],\"inLanguage\":\"de\"},{\"@type\":\"Organization\",\"@id\":\"https:\/\/www.alldayled.com\/de\/#organization\",\"name\":\"All Day Led\",\"url\":\"https:\/\/www.alldayled.com\/de\/\",\"logo\":{\"@type\":\"ImageObject\",\"inLanguage\":\"de\",\"@id\":\"https:\/\/www.alldayled.com\/de\/#\/schema\/logo\/image\/\",\"url\":\"https:\/\/www.alldayled.com\/wp-content\/uploads\/2025\/10\/Logo-ALL-DAY-LED-800x800-zwart-witte-letters.png\",\"contentUrl\":\"https:\/\/www.alldayled.com\/wp-content\/uploads\/2025\/10\/Logo-ALL-DAY-LED-800x800-zwart-witte-letters.png\",\"width\":800,\"height\":800,\"caption\":\"All Day Led\"},\"image\":{\"@id\":\"https:\/\/www.alldayled.com\/de\/#\/schema\/logo\/image\/\"},\"sameAs\":[\"https:\/\/www.facebook.com\/alldayled\/\",\"https:\/\/www.instagram.com\/alldayled\/\"],\"vatID\":\"NL863960133B01\",\"taxID\":\"86416545\"}]}<\/script>\n<meta property=\"product:brand\" content=\"SRI\" \/>\n<meta property=\"product:price:amount\" content=\"695.00\" \/>\n<meta property=\"product:price:currency\" content=\"EUR\" \/>\n<meta property=\"og:availability\" content=\"instock\" \/>\n<meta property=\"product:availability\" content=\"instock\" \/>\n<meta property=\"product:retailer_item_id\" content=\"ADL31141\" \/>\n<meta property=\"product:condition\" content=\"new\" \/>\n<!-- \/ Yoast SEO Premium plugin. -->","yoast_head_json":{"title":"SRI LED Leuchtkasten 130x30 cm \u2013 klassisch - All Day Led \u2013 f\u00fcr 24V","description":"SRI LED Leuchtkasten 130x30 cm - Oldschool-Design - SRI ClassicSign\u00ae - Aluminium-LED-Leuchtkasten - LED Leuchtkasten aus D\u00e4nemark - mit Milchglas","robots":{"index":"index","follow":"follow","max-snippet":"max-snippet:-1","max-image-preview":"max-image-preview:large","max-video-preview":"max-video-preview:-1"},"canonical":"https:\/\/www.alldayled.com\/de\/produkt\/sri-led-lichtbak-130-30-12-classic\/","og_locale":"de_DE","og_type":"article","og_title":"SRI LED Leuchtkasten 130x30cm - classic","og_description":"Oldschool SRI classic LED Leuchtkasten 130cm, mit Aluminiumgeh\u00e4use - 24 Volt.","og_url":"https:\/\/www.alldayled.com\/de\/produkt\/sri-led-lichtbak-130-30-12-classic\/","og_site_name":"All Day Led","article_publisher":"https:\/\/www.facebook.com\/alldayled\/","article_modified_time":"2025-11-29T17:05:14+00:00","og_image":[{"url":"https:\/\/www.alldayled.com\/wp-content\/uploads\/2021\/05\/ADL31141-1.jpg","type":"","width":"","height":""}],"twitter_misc":{"Preis":"&euro;&nbsp;695,00","Verf\u00fcgbarkeit":"Auf Lager"},"schema":{"@context":"https:\/\/schema.org","@graph":[{"@type":"WebPage","@id":"https:\/\/www.alldayled.com\/de\/produkt\/sri-led-lichtbak-130-30-12-classic\/","url":"https:\/\/www.alldayled.com\/de\/produkt\/sri-led-lichtbak-130-30-12-classic\/","name":"SRI LED Leuchtkasten 130x30 cm \u2013 klassisch - All Day Led \u2013 f\u00fcr 24V","isPartOf":{"@id":"https:\/\/www.alldayled.com\/de\/#website"},"primaryImageOfPage":{"@id":"https:\/\/www.alldayled.com\/de\/produkt\/sri-led-lichtbak-130-30-12-classic\/#primaryimage"},"image":{"@id":"https:\/\/www.alldayled.com\/de\/produkt\/sri-led-lichtbak-130-30-12-classic\/#primaryimage"},"thumbnailUrl":"https:\/\/www.alldayled.com\/wp-content\/uploads\/2021\/05\/ADL31141-1.png","datePublished":"2021-05-28T06:29:52+00:00","dateModified":"2025-11-29T17:05:14+00:00","description":"SRI LED Leuchtkasten 130x30 cm - Oldschool-Design - SRI ClassicSign\u00ae - Aluminium-LED-Leuchtkasten - LED Leuchtkasten aus D\u00e4nemark - mit Milchglas","breadcrumb":{"@id":"https:\/\/www.alldayled.com\/de\/produkt\/sri-led-lichtbak-130-30-12-classic\/#breadcrumb"},"inLanguage":"de","potentialAction":[{"@type":"ReadAction","target":["https:\/\/www.alldayled.com\/de\/produkt\/sri-led-lichtbak-130-30-12-classic\/"]}]},{"@type":"ImageObject","inLanguage":"de","@id":"https:\/\/www.alldayled.com\/de\/produkt\/sri-led-lichtbak-130-30-12-classic\/#primaryimage","url":"https:\/\/www.alldayled.com\/wp-content\/uploads\/2021\/05\/ADL31141-1.png","contentUrl":"https:\/\/www.alldayled.com\/wp-content\/uploads\/2021\/05\/ADL31141-1.png","width":800,"height":600,"caption":"SRI LED Leuchtkasten 130x30 cm \u2013 Oldschool-LED-Leuchtkasten in d\u00e4nischer Qualit\u00e4t \u2013 geeignet f\u00fcr 24 Volt Betrieb"},{"@type":"BreadcrumbList","@id":"https:\/\/www.alldayled.com\/de\/produkt\/sri-led-lichtbak-130-30-12-classic\/#breadcrumb","itemListElement":[{"@type":"ListItem","position":1,"name":"Home","item":"https:\/\/www.alldayled.com\/de\/"},{"@type":"ListItem","position":2,"name":"Shop","item":"https:\/\/www.alldayled.com\/de\/shop\/"},{"@type":"ListItem","position":3,"name":"Leuchtkasten","item":"https:\/\/www.alldayled.com\/de\/produkt-kategorie\/led-leuchtreklame\/"},{"@type":"ListItem","position":4,"name":"SRI LED Leuchtkasten 130x30cm &#8211; classic"}]},{"@type":"WebSite","@id":"https:\/\/www.alldayled.com\/de\/#website","url":"https:\/\/www.alldayled.com\/de\/","name":"All Day Led","description":"Verlichting voor 12&amp;24 volt gebruik","publisher":{"@id":"https:\/\/www.alldayled.com\/de\/#organization"},"potentialAction":[{"@type":"SearchAction","target":{"@type":"EntryPoint","urlTemplate":"https:\/\/www.alldayled.com\/de\/?s={search_term_string}"},"query-input":{"@type":"PropertyValueSpecification","valueRequired":true,"valueName":"search_term_string"}}],"inLanguage":"de"},{"@type":"Organization","@id":"https:\/\/www.alldayled.com\/de\/#organization","name":"All Day Led","url":"https:\/\/www.alldayled.com\/de\/","logo":{"@type":"ImageObject","inLanguage":"de","@id":"https:\/\/www.alldayled.com\/de\/#\/schema\/logo\/image\/","url":"https:\/\/www.alldayled.com\/wp-content\/uploads\/2025\/10\/Logo-ALL-DAY-LED-800x800-zwart-witte-letters.png","contentUrl":"https:\/\/www.alldayled.com\/wp-content\/uploads\/2025\/10\/Logo-ALL-DAY-LED-800x800-zwart-witte-letters.png","width":800,"height":800,"caption":"All Day Led"},"image":{"@id":"https:\/\/www.alldayled.com\/de\/#\/schema\/logo\/image\/"},"sameAs":["https:\/\/www.facebook.com\/alldayled\/","https:\/\/www.instagram.com\/alldayled\/"],"vatID":"NL863960133B01","taxID":"86416545"}]},"product_brand":"SRI","product_price_amount":"695.00","product_price_currency":"EUR","og_availability":"instock","product_availability":"instock","product_retailer_item_id":"ADL31141","product_condition":"new"},"_links":{"self":[{"href":"https:\/\/www.alldayled.com\/de\/wp-json\/wp\/v2\/product\/66893","targetHints":{"allow":["GET"]}}],"collection":[{"href":"https:\/\/www.alldayled.com\/de\/wp-json\/wp\/v2\/product"}],"about":[{"href":"https:\/\/www.alldayled.com\/de\/wp-json\/wp\/v2\/types\/product"}],"replies":[{"embeddable":true,"href":"https:\/\/www.alldayled.com\/de\/wp-json\/wp\/v2\/comments?post=66893"}],"wp:featuredmedia":[{"embeddable":true,"href":"https:\/\/www.alldayled.com\/de\/wp-json\/wp\/v2\/media\/66392"}],"wp:attachment":[{"href":"https:\/\/www.alldayled.com\/de\/wp-json\/wp\/v2\/media?parent=66893"}],"wp:term":[{"taxonomy":"product_brand","embeddable":true,"href":"https:\/\/www.alldayled.com\/de\/wp-json\/wp\/v2\/product_brand?post=66893"},{"taxonomy":"product_cat","embeddable":true,"href":"https:\/\/www.alldayled.com\/de\/wp-json\/wp\/v2\/product_cat?post=66893"},{"taxonomy":"product_tag","embeddable":true,"href":"https:\/\/www.alldayled.com\/de\/wp-json\/wp\/v2\/product_tag?post=66893"}],"curies":[{"name":"wp","href":"https:\/\/api.w.org\/{rel}","templated":true}]}}