{"id":66914,"date":"2025-02-13T13:31:40","date_gmt":"2025-02-13T12:31:40","guid":{"rendered":"https:\/\/www.alldayled.com\/product\/m-led-markeringslamp-smoke-wit\/"},"modified":"2026-02-18T19:36:57","modified_gmt":"2026-02-18T18:36:57","slug":"m-led-markeringslamp-smoke-wit","status":"publish","type":"product","link":"https:\/\/www.alldayled.com\/de\/produkt\/m-led-markeringslamp-smoke-wit\/","title":{"rendered":"M-LED Markierungsleuchte smoke &#8211; wei\u00df"},"content":{"rendered":"<p><span style=\"color: #000000;\"><strong>M-LED Markierungsleuchte smoke WEISS, f\u00fcr 12 &amp; 24 Volt Betrieb. <\/strong><\/span><\/p>\n<p><span style=\"color: #000000;\">Bist du auf der Suche nach einer kompakten Markierungsleuchte mit einem schlichten Design und zuverl\u00e4ssiger Leistung? Dann ist die M-LED Markierungsleuchte smoke WEISS genau das Richtige f\u00fcr dich. Diese Full-LED-Markierungsleuchte hat zwei leistungsstarke LED-Punkte, die f\u00fcr ein helles Lichtbild sorgen. Durch die Smoke-Linse wirkt die Leuchte stilvoll, ist aber dennoch gut sichtbar und dank der E-Pr\u00fcfzeichen R148 und R10 vollst\u00e4ndig zugelassen. Die Multi-Voltage-Steuerung macht sie sowohl f\u00fcr 12- als auch f\u00fcr 24-Volt-Systeme geeignet, ideal also f\u00fcr deinen LKW, Anh\u00e4nger, Camper oder dein Arbeitsfahrzeug.    <\/span><\/p>\n<p><span style=\"color: #000000;\">Die M-LED Markierungsleuchte ist vollst\u00e4ndig wasserdicht (IP68), sodass Regen, Schlamm oder Staub kein Problem darstellen. Du erh\u00e4ltst zwei Gummiunterlagen dazu: eine f\u00fcr die flache Montage und eine f\u00fcr die Montage auf runden Oberfl\u00e4chen wie Bullbars, Lampenb\u00fcgel oder Sidebars. Dadurch kannst du sie genau dort platzieren, wo du m\u00f6chtest. Das 1 Meter lange Anschlusskabel erleichtert die Installation. Erh\u00e4ltlich in drei Smoke-Farben: wei\u00df, orange und rot. Kurz gesagt, eine kleine Lampe mit gro\u00dfen M\u00f6glichkeiten.<\/span><\/p>\n<h5><span style=\"color: #000000;\"><strong>Abmessungen:<\/strong><\/span><\/h5>\n<p><span style=\"color: #000000;\">Bevor du mit der Montage beginnst, ist es ratsam zu pr\u00fcfen, ob die Leuchte an die von dir vorgesehene Stelle passt. Deshalb listen wir dir hier die genauen Abmessungen der M-LED Markierungsleuchte auf: <\/span><\/p>\n<ul>\n<li><span style=\"color: #000000;\">Breite: 81 mm<\/span><\/li>\n<li><span style=\"color: #000000;\">H\u00f6he: 26 mm<\/span><\/li>\n<li><span style=\"color: #000000;\">Dicke: 8 mm<\/span><\/li>\n<li><span style=\"color: #000000;\">Lochabstand: 60 mm<\/span><\/li>\n<\/ul>\n<h5><span style=\"color: #000000;\"><strong>Andere Farben:<\/strong><\/span><\/h5>\n<p><span style=\"color: #000000;\">Lieber keine wei\u00dfe Ausf\u00fchrung? Kein Problem! Diese M-LED Markierungsleuchte smoke WEISS mit ECE R148-Pr\u00fcfzeichen ist auch in anderen Varianten erh\u00e4ltlich:<\/span><\/p>\n<ul>\n<li><span style=\"color: #000000;\"><a style=\"color: #000000;\" href=\"https:\/\/www.alldayled.com\/de\/produkt\/m-led-markeringslamp-smoke-rood\/\"><strong>M-LED Markierungsleuchte smoke Rot<\/strong><\/a><\/span><\/li>\n<li><span style=\"color: #000000;\"><a style=\"color: #000000;\" href=\"https:\/\/www.alldayled.com\/de\/produkt\/m-led-markeringslamp-smoke-oranje\/\"><strong>M-LED Markierungsleuchte smoke Orange<\/strong><\/a><\/span><\/li>\n<\/ul>\n<p><span style=\"color: #000000;\">Ist diese M-LED Markierungsleuchte nicht ganz das, was du dir vorgestellt hast? Vielleicht stimmen die Farbe, Form oder Ausf\u00fchrung nicht genau f\u00fcr dein Fahrzeug. Dann schau dir gerne unser gesamtes Angebot an <a style=\"color: #000000;\" href=\"https:\/\/www.alldayled.com\/de\/marke\/product-m-led\/\">M-LED Lampen<\/a> an. Die Chancen stehen gut, dass genau das dabei ist, was du brauchst.<br \/>\n<\/span><\/p>\n","protected":false},"excerpt":{"rendered":"<p>Kompakte, schlichte LED-Markierungsleuchte in Smoke-Wei\u00df.<\/p>\n","protected":false},"featured_media":33402,"comment_status":"open","ping_status":"closed","template":"","meta":{"_acf_changed":false},"product_brand":[6499],"product_cat":[5196],"product_tag":[9151,9153,9158,9159,9244,9155,9167,9157,9156],"class_list":{"0":"post-66914","1":"product","2":"type-product","3":"status-publish","4":"has-post-thumbnail","6":"product_brand-product-m-led","7":"product_cat-markeringslampen","8":"product_tag-konturbeleuchtung","9":"product_tag-led-markierungsleuchte","10":"product_tag-led-markierungsleuchte-12-volt","11":"product_tag-led-markierungsleuchte-24-volt","12":"product_tag-m-led-beleuchtung","13":"product_tag-markierungsleuchte-anhaenger","14":"product_tag-markierungsleuchte-anhanger","15":"product_tag-markierungsleuchte-lkw","16":"product_tag-markierungsleuchte-wohnmobil","18":"first","19":"instock","20":"taxable","21":"shipping-taxable","22":"purchasable","23":"product-type-simple"},"acf":[],"yoast_head":"<!-- This site is optimized with the Yoast SEO Premium plugin v26.5 (Yoast SEO v27.1.1) - https:\/\/yoast.com\/product\/yoast-seo-premium-wordpress\/ -->\n<title>M-LED Markierungsleuchte smoke WEISS - All Day Led - f\u00fcr 12 &amp; 24 Volt<\/title>\n<meta name=\"description\" content=\"M-LED Markierungsleuchte SMOKE WEISS - LED-Leuchte mit 2 LED-Punkten - inkl. ECE R148- und R10-Pr\u00fcfzeichen - f\u00fcr Auto, LKW, Anh\u00e4nger, Traktor und mehr\" \/>\n<meta name=\"robots\" content=\"index, follow, max-snippet:-1, max-image-preview:large, max-video-preview:-1\" \/>\n<link rel=\"canonical\" href=\"https:\/\/www.alldayled.com\/de\/produkt\/m-led-markeringslamp-smoke-wit\/\" \/>\n<meta property=\"og:locale\" content=\"de_DE\" \/>\n<meta property=\"og:type\" content=\"article\" \/>\n<meta property=\"og:title\" content=\"M-LED Markierungsleuchte smoke WEISS - All Day Led - f\u00fcr 12 &amp; 24 Volt\" \/>\n<meta property=\"og:description\" content=\"M-LED Markierungsleuchte SMOKE WEISS - LED-Leuchte mit 2 LED-Punkten - inkl. ECE R148- und R10-Pr\u00fcfzeichen - f\u00fcr Auto, LKW, Anh\u00e4nger, Traktor und mehr\" \/>\n<meta property=\"og:url\" content=\"https:\/\/www.alldayled.com\/de\/produkt\/m-led-markeringslamp-smoke-wit\/\" \/>\n<meta property=\"og:site_name\" content=\"All Day Led\" \/>\n<meta property=\"article:publisher\" content=\"https:\/\/www.facebook.com\/alldayled\/\" \/>\n<meta property=\"article:modified_time\" content=\"2026-02-18T18:36:57+00:00\" \/>\n<meta property=\"og:image\" content=\"https:\/\/www.alldayled.com\/wp-content\/uploads\/2025\/02\/ADL20381-SM-2-300x300.png\" \/>\n<meta name=\"twitter:label1\" content=\"Preis\" \/>\n\t<meta name=\"twitter:data1\" content=\"&euro;&nbsp;13,25\" \/>\n\t<meta name=\"twitter:label2\" content=\"Verf\u00fcgbarkeit\" \/>\n\t<meta name=\"twitter:data2\" content=\"Auf Lager\" \/>\n<script type=\"application\/ld+json\" class=\"yoast-schema-graph\">{\"@context\":\"https:\/\/schema.org\",\"@graph\":[{\"@type\":\"WebPage\",\"@id\":\"https:\/\/www.alldayled.com\/de\/produkt\/m-led-markeringslamp-smoke-wit\/\",\"url\":\"https:\/\/www.alldayled.com\/de\/produkt\/m-led-markeringslamp-smoke-wit\/\",\"name\":\"M-LED Markierungsleuchte smoke WEISS - All Day Led - f\u00fcr 12 & 24 Volt\",\"isPartOf\":{\"@id\":\"https:\/\/www.alldayled.com\/de\/#website\"},\"primaryImageOfPage\":{\"@id\":\"https:\/\/www.alldayled.com\/de\/produkt\/m-led-markeringslamp-smoke-wit\/#primaryimage\"},\"image\":{\"@id\":\"https:\/\/www.alldayled.com\/de\/produkt\/m-led-markeringslamp-smoke-wit\/#primaryimage\"},\"thumbnailUrl\":\"https:\/\/www.alldayled.com\/wp-content\/uploads\/2025\/02\/ADL20381.png\",\"datePublished\":\"2025-02-13T12:31:40+00:00\",\"dateModified\":\"2026-02-18T18:36:57+00:00\",\"description\":\"M-LED Markierungsleuchte SMOKE WEISS - LED-Leuchte mit 2 LED-Punkten - inkl. ECE R148- und R10-Pr\u00fcfzeichen - f\u00fcr Auto, LKW, Anh\u00e4nger, Traktor und mehr\",\"breadcrumb\":{\"@id\":\"https:\/\/www.alldayled.com\/de\/produkt\/m-led-markeringslamp-smoke-wit\/#breadcrumb\"},\"inLanguage\":\"de\",\"potentialAction\":[{\"@type\":\"ReadAction\",\"target\":[\"https:\/\/www.alldayled.com\/de\/produkt\/m-led-markeringslamp-smoke-wit\/\"]}]},{\"@type\":\"ImageObject\",\"inLanguage\":\"de\",\"@id\":\"https:\/\/www.alldayled.com\/de\/produkt\/m-led-markeringslamp-smoke-wit\/#primaryimage\",\"url\":\"https:\/\/www.alldayled.com\/wp-content\/uploads\/2025\/02\/ADL20381.png\",\"contentUrl\":\"https:\/\/www.alldayled.com\/wp-content\/uploads\/2025\/02\/ADL20381.png\",\"width\":800,\"height\":600,\"caption\":\"M-LED Markierungsleuchte - wei\u00df - geeignet f\u00fcr 12 und \/ oder 24 Volt Betrieb - ZM381 - 2 LED-Punkte\"},{\"@type\":\"BreadcrumbList\",\"@id\":\"https:\/\/www.alldayled.com\/de\/produkt\/m-led-markeringslamp-smoke-wit\/#breadcrumb\",\"itemListElement\":[{\"@type\":\"ListItem\",\"position\":1,\"name\":\"Home\",\"item\":\"https:\/\/www.alldayled.com\/de\/\"},{\"@type\":\"ListItem\",\"position\":2,\"name\":\"Shop\",\"item\":\"https:\/\/www.alldayled.com\/de\/shop\/\"},{\"@type\":\"ListItem\",\"position\":3,\"name\":\"Positionsleuchten\",\"item\":\"https:\/\/www.alldayled.com\/de\/produkt-kategorie\/positionslichter\/\"},{\"@type\":\"ListItem\",\"position\":4,\"name\":\"Markierungsleuchten\",\"item\":\"https:\/\/www.alldayled.com\/de\/produkt-kategorie\/positionslichter\/markeringslampen\/\"},{\"@type\":\"ListItem\",\"position\":5,\"name\":\"M-LED Markierungsleuchte smoke &#8211; wei\u00df\"}]},{\"@type\":\"WebSite\",\"@id\":\"https:\/\/www.alldayled.com\/de\/#website\",\"url\":\"https:\/\/www.alldayled.com\/de\/\",\"name\":\"All Day Led\",\"description\":\"Verlichting voor 12&amp;24 volt gebruik\",\"publisher\":{\"@id\":\"https:\/\/www.alldayled.com\/de\/#organization\"},\"potentialAction\":[{\"@type\":\"SearchAction\",\"target\":{\"@type\":\"EntryPoint\",\"urlTemplate\":\"https:\/\/www.alldayled.com\/de\/?s={search_term_string}\"},\"query-input\":{\"@type\":\"PropertyValueSpecification\",\"valueRequired\":true,\"valueName\":\"search_term_string\"}}],\"inLanguage\":\"de\"},{\"@type\":\"Organization\",\"@id\":\"https:\/\/www.alldayled.com\/de\/#organization\",\"name\":\"All Day Led\",\"url\":\"https:\/\/www.alldayled.com\/de\/\",\"logo\":{\"@type\":\"ImageObject\",\"inLanguage\":\"de\",\"@id\":\"https:\/\/www.alldayled.com\/de\/#\/schema\/logo\/image\/\",\"url\":\"https:\/\/www.alldayled.com\/wp-content\/uploads\/2025\/10\/Logo-ALL-DAY-LED-800x800-zwart-witte-letters.png\",\"contentUrl\":\"https:\/\/www.alldayled.com\/wp-content\/uploads\/2025\/10\/Logo-ALL-DAY-LED-800x800-zwart-witte-letters.png\",\"width\":800,\"height\":800,\"caption\":\"All Day Led\"},\"image\":{\"@id\":\"https:\/\/www.alldayled.com\/de\/#\/schema\/logo\/image\/\"},\"sameAs\":[\"https:\/\/www.facebook.com\/alldayled\/\",\"https:\/\/www.instagram.com\/alldayled\/\"],\"vatID\":\"NL863960133B01\",\"taxID\":\"86416545\"}]}<\/script>\n<meta property=\"product:brand\" content=\"M-LED\" \/>\n<meta property=\"product:price:amount\" content=\"13.25\" \/>\n<meta property=\"product:price:currency\" content=\"EUR\" \/>\n<meta property=\"og:availability\" content=\"instock\" \/>\n<meta property=\"product:availability\" content=\"instock\" \/>\n<meta property=\"product:retailer_item_id\" content=\"ADL20381\" \/>\n<meta property=\"product:condition\" content=\"new\" \/>\n<!-- \/ Yoast SEO Premium plugin. -->","yoast_head_json":{"title":"M-LED Markierungsleuchte smoke WEISS - All Day Led - f\u00fcr 12 & 24 Volt","description":"M-LED Markierungsleuchte SMOKE WEISS - LED-Leuchte mit 2 LED-Punkten - inkl. ECE R148- und R10-Pr\u00fcfzeichen - f\u00fcr Auto, LKW, Anh\u00e4nger, Traktor und mehr","robots":{"index":"index","follow":"follow","max-snippet":"max-snippet:-1","max-image-preview":"max-image-preview:large","max-video-preview":"max-video-preview:-1"},"canonical":"https:\/\/www.alldayled.com\/de\/produkt\/m-led-markeringslamp-smoke-wit\/","og_locale":"de_DE","og_type":"article","og_title":"M-LED Markierungsleuchte smoke WEISS - All Day Led - f\u00fcr 12 & 24 Volt","og_description":"M-LED Markierungsleuchte SMOKE WEISS - LED-Leuchte mit 2 LED-Punkten - inkl. ECE R148- und R10-Pr\u00fcfzeichen - f\u00fcr Auto, LKW, Anh\u00e4nger, Traktor und mehr","og_url":"https:\/\/www.alldayled.com\/de\/produkt\/m-led-markeringslamp-smoke-wit\/","og_site_name":"All Day Led","article_publisher":"https:\/\/www.facebook.com\/alldayled\/","article_modified_time":"2026-02-18T18:36:57+00:00","og_image":[{"url":"https:\/\/www.alldayled.com\/wp-content\/uploads\/2025\/02\/ADL20381-SM-2-300x300.png","type":"","width":"","height":""}],"twitter_misc":{"Preis":"&euro;&nbsp;13,25","Verf\u00fcgbarkeit":"Auf Lager"},"schema":{"@context":"https:\/\/schema.org","@graph":[{"@type":"WebPage","@id":"https:\/\/www.alldayled.com\/de\/produkt\/m-led-markeringslamp-smoke-wit\/","url":"https:\/\/www.alldayled.com\/de\/produkt\/m-led-markeringslamp-smoke-wit\/","name":"M-LED Markierungsleuchte smoke WEISS - All Day Led - f\u00fcr 12 & 24 Volt","isPartOf":{"@id":"https:\/\/www.alldayled.com\/de\/#website"},"primaryImageOfPage":{"@id":"https:\/\/www.alldayled.com\/de\/produkt\/m-led-markeringslamp-smoke-wit\/#primaryimage"},"image":{"@id":"https:\/\/www.alldayled.com\/de\/produkt\/m-led-markeringslamp-smoke-wit\/#primaryimage"},"thumbnailUrl":"https:\/\/www.alldayled.com\/wp-content\/uploads\/2025\/02\/ADL20381.png","datePublished":"2025-02-13T12:31:40+00:00","dateModified":"2026-02-18T18:36:57+00:00","description":"M-LED Markierungsleuchte SMOKE WEISS - LED-Leuchte mit 2 LED-Punkten - inkl. ECE R148- und R10-Pr\u00fcfzeichen - f\u00fcr Auto, LKW, Anh\u00e4nger, Traktor und mehr","breadcrumb":{"@id":"https:\/\/www.alldayled.com\/de\/produkt\/m-led-markeringslamp-smoke-wit\/#breadcrumb"},"inLanguage":"de","potentialAction":[{"@type":"ReadAction","target":["https:\/\/www.alldayled.com\/de\/produkt\/m-led-markeringslamp-smoke-wit\/"]}]},{"@type":"ImageObject","inLanguage":"de","@id":"https:\/\/www.alldayled.com\/de\/produkt\/m-led-markeringslamp-smoke-wit\/#primaryimage","url":"https:\/\/www.alldayled.com\/wp-content\/uploads\/2025\/02\/ADL20381.png","contentUrl":"https:\/\/www.alldayled.com\/wp-content\/uploads\/2025\/02\/ADL20381.png","width":800,"height":600,"caption":"M-LED Markierungsleuchte - wei\u00df - geeignet f\u00fcr 12 und \/ oder 24 Volt Betrieb - ZM381 - 2 LED-Punkte"},{"@type":"BreadcrumbList","@id":"https:\/\/www.alldayled.com\/de\/produkt\/m-led-markeringslamp-smoke-wit\/#breadcrumb","itemListElement":[{"@type":"ListItem","position":1,"name":"Home","item":"https:\/\/www.alldayled.com\/de\/"},{"@type":"ListItem","position":2,"name":"Shop","item":"https:\/\/www.alldayled.com\/de\/shop\/"},{"@type":"ListItem","position":3,"name":"Positionsleuchten","item":"https:\/\/www.alldayled.com\/de\/produkt-kategorie\/positionslichter\/"},{"@type":"ListItem","position":4,"name":"Markierungsleuchten","item":"https:\/\/www.alldayled.com\/de\/produkt-kategorie\/positionslichter\/markeringslampen\/"},{"@type":"ListItem","position":5,"name":"M-LED Markierungsleuchte smoke &#8211; wei\u00df"}]},{"@type":"WebSite","@id":"https:\/\/www.alldayled.com\/de\/#website","url":"https:\/\/www.alldayled.com\/de\/","name":"All Day Led","description":"Verlichting voor 12&amp;24 volt gebruik","publisher":{"@id":"https:\/\/www.alldayled.com\/de\/#organization"},"potentialAction":[{"@type":"SearchAction","target":{"@type":"EntryPoint","urlTemplate":"https:\/\/www.alldayled.com\/de\/?s={search_term_string}"},"query-input":{"@type":"PropertyValueSpecification","valueRequired":true,"valueName":"search_term_string"}}],"inLanguage":"de"},{"@type":"Organization","@id":"https:\/\/www.alldayled.com\/de\/#organization","name":"All Day Led","url":"https:\/\/www.alldayled.com\/de\/","logo":{"@type":"ImageObject","inLanguage":"de","@id":"https:\/\/www.alldayled.com\/de\/#\/schema\/logo\/image\/","url":"https:\/\/www.alldayled.com\/wp-content\/uploads\/2025\/10\/Logo-ALL-DAY-LED-800x800-zwart-witte-letters.png","contentUrl":"https:\/\/www.alldayled.com\/wp-content\/uploads\/2025\/10\/Logo-ALL-DAY-LED-800x800-zwart-witte-letters.png","width":800,"height":800,"caption":"All Day Led"},"image":{"@id":"https:\/\/www.alldayled.com\/de\/#\/schema\/logo\/image\/"},"sameAs":["https:\/\/www.facebook.com\/alldayled\/","https:\/\/www.instagram.com\/alldayled\/"],"vatID":"NL863960133B01","taxID":"86416545"}]},"product_brand":"M-LED","product_price_amount":"13.25","product_price_currency":"EUR","og_availability":"instock","product_availability":"instock","product_retailer_item_id":"ADL20381","product_condition":"new"},"_links":{"self":[{"href":"https:\/\/www.alldayled.com\/de\/wp-json\/wp\/v2\/product\/66914","targetHints":{"allow":["GET"]}}],"collection":[{"href":"https:\/\/www.alldayled.com\/de\/wp-json\/wp\/v2\/product"}],"about":[{"href":"https:\/\/www.alldayled.com\/de\/wp-json\/wp\/v2\/types\/product"}],"replies":[{"embeddable":true,"href":"https:\/\/www.alldayled.com\/de\/wp-json\/wp\/v2\/comments?post=66914"}],"wp:featuredmedia":[{"embeddable":true,"href":"https:\/\/www.alldayled.com\/de\/wp-json\/wp\/v2\/media\/33402"}],"wp:attachment":[{"href":"https:\/\/www.alldayled.com\/de\/wp-json\/wp\/v2\/media?parent=66914"}],"wp:term":[{"taxonomy":"product_brand","embeddable":true,"href":"https:\/\/www.alldayled.com\/de\/wp-json\/wp\/v2\/product_brand?post=66914"},{"taxonomy":"product_cat","embeddable":true,"href":"https:\/\/www.alldayled.com\/de\/wp-json\/wp\/v2\/product_cat?post=66914"},{"taxonomy":"product_tag","embeddable":true,"href":"https:\/\/www.alldayled.com\/de\/wp-json\/wp\/v2\/product_tag?post=66914"}],"curies":[{"name":"wp","href":"https:\/\/api.w.org\/{rel}","templated":true}]}}