{"id":66921,"date":"2024-03-04T06:08:50","date_gmt":"2024-03-04T05:08:50","guid":{"rendered":"https:\/\/www.alldayled.com\/product\/m-led-breedtelamp-unit-helder\/"},"modified":"2025-12-18T10:54:15","modified_gmt":"2025-12-18T09:54:15","slug":"m-led-breedtelamp-unit-helder","status":"publish","type":"product","link":"https:\/\/www.alldayled.com\/de\/produkt\/m-led-breedtelamp-unit-helder\/","title":{"rendered":"M-LED Umrissleuchte Modul klar"},"content":{"rendered":"<p><span style=\"color: #000000;\"><strong>M-LED Umrissleuchte Modul KLAR mit 3 Farben und Blinker.<\/strong><\/span><\/p>\n<p><span style=\"color: #000000;\">Sind Sie auf der Suche nach einer D\u00e4nischen Umrissleuchte Modul mit klarem Glas, die Sie auch die Farbe wechseln und als Blinker verwenden k\u00f6nnen? Dann ist die M-LED Umrissleuchte Modul klar genau das, was Sie brauchen. Diese Lampe hat eine 3-Farben Positionsleuchte und eine integrierte Blinkerfunktion. Die Einheit wird einzeln geliefert und ist mit einem 5 Meter langen Anschlusskabel ausgestattet, sodass Sie sie flexibel montieren k\u00f6nnen. Da die M-LED Einheit mit 12 und 24 Volt betrieben wird, k\u00f6nnen Sie sie problemlos an Ihrem Auto, Camper, LKW, Anh\u00e4nger oder einem anderen Fahrzeug verwenden.    <\/span><\/p>\n<p><span style=\"color: #000000;\">Um sicherzustellen, dass die M-LED Umrissleuchte Modul KLAR f\u00fcr Ihr Fahrzeug oder Ihren Anh\u00e4nger geeignet ist, haben wir die wichtigsten Eigenschaften im Folgenden aufgelistet. Die Einheit ist mit dem ECE R10-Pr\u00fcfzeichen, dem ECE R148-Pr\u00fcfzeichen versehen und der Blinker hat eine Cat 5-Zertifizierung. Diese Zertifizierungen garantieren, dass Sie die Lampe sicher und legal f\u00fcr verschiedene Zwecke im \u00f6ffentlichen Stra\u00dfenverkehr verwenden k\u00f6nnen.  <\/span><\/p>\n<h5><span style=\"color: #000000;\"><strong>Andere Farben:<\/strong><\/span><\/h5>\n<p><span style=\"color: #000000;\">Sind Sie auf der Suche nach einer Umrissleuchte Modul, aber die M-LED Umrissleuchte Modul KLAR-Ausf\u00fchrung ist nicht das, was Sie suchen? Dann wissen Sie, dass die D\u00e4nische Umrissleuchte Modul schaltbar mit Blinkerfunktion auch in anderen Ausf\u00fchrungen erh\u00e4ltlich ist. <\/span><\/p>\n<ul>\n<li><span style=\"color: #000000;\"><a style=\"color: #000000;\" href=\"https:\/\/www.alldayled.com\/de\/produkt\/m-led-breedtelamp-unit-smoke\/\"><strong>D\u00e4nische Lampeneinheit SMOKE<\/strong><\/a><\/span><\/li>\n<\/ul>\n<p><span style=\"color: #000000;\">Sind Sie dennoch der Meinung, dass die M-LED Umrissleuchte Modul KLAR nicht das ist, was Sie suchen? Einfach, weil die Farbe, die Spannung oder eine andere Eigenschaft nicht Ihren W\u00fcnschen entspricht? Dann werfen Sie einen Blick auf unsere Seite <g id=\"gid_0\">Umrissleuchten<\/g>. Wer wei\u00df, vielleicht finden Sie hier das Lampenmodell, das perfekt zu Ihrem Fahrzeug oder Ihren W\u00fcnschen passt.   <\/span><\/p>\n","protected":false},"excerpt":{"rendered":"<p>Multi Color Umrissleuchte von M-LED mit klarer Linse, geeignet f\u00fcr 12 &amp; 24 Volt.<\/p>\n","protected":false},"featured_media":30366,"comment_status":"open","ping_status":"closed","template":"","meta":{"_acf_changed":false},"product_brand":[6499],"product_cat":[5162],"product_tag":[],"class_list":{"0":"post-66921","1":"product","2":"type-product","3":"status-publish","4":"has-post-thumbnail","6":"product_brand-product-m-led","7":"product_cat-breedtelampen","9":"first","10":"instock","11":"taxable","12":"shipping-taxable","13":"purchasable","14":"product-type-simple"},"acf":[],"yoast_head":"<!-- This site is optimized with the Yoast SEO Premium plugin v26.5 (Yoast SEO v27.1.1) - https:\/\/yoast.com\/product\/yoast-seo-premium-wordpress\/ -->\n<title>M-LED Umrissleuchte Modul KLAR - All Day Led - geeignet f\u00fcr 12&amp;24 Volt<\/title>\n<meta name=\"description\" content=\"M-LED Umrissleuchte Modul KLAR - f\u00fcr Auto, LKW, Camper, Anh\u00e4nger und mehr - mit Blinker und ECE R148 - f\u00fcr 12&amp;24V\" \/>\n<meta name=\"robots\" content=\"index, follow, max-snippet:-1, max-image-preview:large, max-video-preview:-1\" \/>\n<link rel=\"canonical\" href=\"https:\/\/www.alldayled.com\/de\/produkt\/m-led-breedtelamp-unit-helder\/\" \/>\n<meta property=\"og:locale\" content=\"de_DE\" \/>\n<meta property=\"og:type\" content=\"article\" \/>\n<meta property=\"og:title\" content=\"M-LED Umrissleuchte Modul KLAR - All Day Led - geeignet f\u00fcr 12&amp;24 Volt\" \/>\n<meta property=\"og:description\" content=\"M-LED Umrissleuchte Modul KLAR - f\u00fcr Auto, LKW, Camper, Anh\u00e4nger und mehr - mit Blinker und ECE R148 - f\u00fcr 12&amp;24V\" \/>\n<meta property=\"og:url\" content=\"https:\/\/www.alldayled.com\/de\/produkt\/m-led-breedtelamp-unit-helder\/\" \/>\n<meta property=\"og:site_name\" content=\"All Day Led\" \/>\n<meta property=\"article:publisher\" content=\"https:\/\/www.facebook.com\/alldayled\/\" \/>\n<meta property=\"article:modified_time\" content=\"2025-12-18T09:54:15+00:00\" \/>\n<meta property=\"og:image\" content=\"https:\/\/www.alldayled.com\/wp-content\/uploads\/2024\/09\/ADL20156.01-300x300.png\" \/>\n<meta name=\"twitter:label1\" content=\"Preis\" \/>\n\t<meta name=\"twitter:data1\" content=\"&euro;&nbsp;24,75\" \/>\n\t<meta name=\"twitter:label2\" content=\"Verf\u00fcgbarkeit\" \/>\n\t<meta name=\"twitter:data2\" content=\"Auf Lager\" \/>\n<script type=\"application\/ld+json\" class=\"yoast-schema-graph\">{\"@context\":\"https:\/\/schema.org\",\"@graph\":[{\"@type\":\"WebPage\",\"@id\":\"https:\/\/www.alldayled.com\/de\/produkt\/m-led-breedtelamp-unit-helder\/\",\"url\":\"https:\/\/www.alldayled.com\/de\/produkt\/m-led-breedtelamp-unit-helder\/\",\"name\":\"M-LED Umrissleuchte Modul KLAR - All Day Led - geeignet f\u00fcr 12&24 Volt\",\"isPartOf\":{\"@id\":\"https:\/\/www.alldayled.com\/de\/#website\"},\"primaryImageOfPage\":{\"@id\":\"https:\/\/www.alldayled.com\/de\/produkt\/m-led-breedtelamp-unit-helder\/#primaryimage\"},\"image\":{\"@id\":\"https:\/\/www.alldayled.com\/de\/produkt\/m-led-breedtelamp-unit-helder\/#primaryimage\"},\"thumbnailUrl\":\"https:\/\/www.alldayled.com\/wp-content\/uploads\/2024\/08\/ADL20156.png\",\"datePublished\":\"2024-03-04T05:08:50+00:00\",\"dateModified\":\"2025-12-18T09:54:15+00:00\",\"description\":\"M-LED Umrissleuchte Modul KLAR - f\u00fcr Auto, LKW, Camper, Anh\u00e4nger und mehr - mit Blinker und ECE R148 - f\u00fcr 12&24V\",\"breadcrumb\":{\"@id\":\"https:\/\/www.alldayled.com\/de\/produkt\/m-led-breedtelamp-unit-helder\/#breadcrumb\"},\"inLanguage\":\"de\",\"potentialAction\":[{\"@type\":\"ReadAction\",\"target\":[\"https:\/\/www.alldayled.com\/de\/produkt\/m-led-breedtelamp-unit-helder\/\"]}]},{\"@type\":\"ImageObject\",\"inLanguage\":\"de\",\"@id\":\"https:\/\/www.alldayled.com\/de\/produkt\/m-led-breedtelamp-unit-helder\/#primaryimage\",\"url\":\"https:\/\/www.alldayled.com\/wp-content\/uploads\/2024\/08\/ADL20156.png\",\"contentUrl\":\"https:\/\/www.alldayled.com\/wp-content\/uploads\/2024\/08\/ADL20156.png\",\"width\":800,\"height\":600,\"caption\":\"M-LED Umrissleuchte Modul KLAR - D\u00e4nische Umrissleuchte Modul mit 3 Farben Standlicht und Blinker Funktion - ECE R148 Pr\u00fcfzeichen mit Kat. 5 Blinker - Lampeneinheit Tri Color mit Blinker - f\u00fcr 12 und 24 Volt Betrieb - M-LED PV156\"},{\"@type\":\"BreadcrumbList\",\"@id\":\"https:\/\/www.alldayled.com\/de\/produkt\/m-led-breedtelamp-unit-helder\/#breadcrumb\",\"itemListElement\":[{\"@type\":\"ListItem\",\"position\":1,\"name\":\"Home\",\"item\":\"https:\/\/www.alldayled.com\/de\/\"},{\"@type\":\"ListItem\",\"position\":2,\"name\":\"Shop\",\"item\":\"https:\/\/www.alldayled.com\/de\/shop\/\"},{\"@type\":\"ListItem\",\"position\":3,\"name\":\"Positionsleuchten\",\"item\":\"https:\/\/www.alldayled.com\/de\/produkt-kategorie\/positionslichter\/\"},{\"@type\":\"ListItem\",\"position\":4,\"name\":\"Umrissleuchte\",\"item\":\"https:\/\/www.alldayled.com\/de\/produkt-kategorie\/positionslichter\/breedtelampen\/\"},{\"@type\":\"ListItem\",\"position\":5,\"name\":\"M-LED Umrissleuchte Modul klar\"}]},{\"@type\":\"WebSite\",\"@id\":\"https:\/\/www.alldayled.com\/de\/#website\",\"url\":\"https:\/\/www.alldayled.com\/de\/\",\"name\":\"All Day Led\",\"description\":\"Verlichting voor 12&amp;24 volt gebruik\",\"publisher\":{\"@id\":\"https:\/\/www.alldayled.com\/de\/#organization\"},\"potentialAction\":[{\"@type\":\"SearchAction\",\"target\":{\"@type\":\"EntryPoint\",\"urlTemplate\":\"https:\/\/www.alldayled.com\/de\/?s={search_term_string}\"},\"query-input\":{\"@type\":\"PropertyValueSpecification\",\"valueRequired\":true,\"valueName\":\"search_term_string\"}}],\"inLanguage\":\"de\"},{\"@type\":\"Organization\",\"@id\":\"https:\/\/www.alldayled.com\/de\/#organization\",\"name\":\"All Day Led\",\"url\":\"https:\/\/www.alldayled.com\/de\/\",\"logo\":{\"@type\":\"ImageObject\",\"inLanguage\":\"de\",\"@id\":\"https:\/\/www.alldayled.com\/de\/#\/schema\/logo\/image\/\",\"url\":\"https:\/\/www.alldayled.com\/wp-content\/uploads\/2025\/10\/Logo-ALL-DAY-LED-800x800-zwart-witte-letters.png\",\"contentUrl\":\"https:\/\/www.alldayled.com\/wp-content\/uploads\/2025\/10\/Logo-ALL-DAY-LED-800x800-zwart-witte-letters.png\",\"width\":800,\"height\":800,\"caption\":\"All Day Led\"},\"image\":{\"@id\":\"https:\/\/www.alldayled.com\/de\/#\/schema\/logo\/image\/\"},\"sameAs\":[\"https:\/\/www.facebook.com\/alldayled\/\",\"https:\/\/www.instagram.com\/alldayled\/\"],\"vatID\":\"NL863960133B01\",\"taxID\":\"86416545\"}]}<\/script>\n<meta property=\"product:brand\" content=\"M-LED\" \/>\n<meta property=\"product:price:amount\" content=\"24.75\" \/>\n<meta property=\"product:price:currency\" content=\"EUR\" \/>\n<meta property=\"og:availability\" content=\"instock\" \/>\n<meta property=\"product:availability\" content=\"instock\" \/>\n<meta property=\"product:retailer_item_id\" content=\"ADL20156\" \/>\n<meta property=\"product:condition\" content=\"new\" \/>\n<!-- \/ Yoast SEO Premium plugin. -->","yoast_head_json":{"title":"M-LED Umrissleuchte Modul KLAR - All Day Led - geeignet f\u00fcr 12&24 Volt","description":"M-LED Umrissleuchte Modul KLAR - f\u00fcr Auto, LKW, Camper, Anh\u00e4nger und mehr - mit Blinker und ECE R148 - f\u00fcr 12&24V","robots":{"index":"index","follow":"follow","max-snippet":"max-snippet:-1","max-image-preview":"max-image-preview:large","max-video-preview":"max-video-preview:-1"},"canonical":"https:\/\/www.alldayled.com\/de\/produkt\/m-led-breedtelamp-unit-helder\/","og_locale":"de_DE","og_type":"article","og_title":"M-LED Umrissleuchte Modul KLAR - All Day Led - geeignet f\u00fcr 12&24 Volt","og_description":"M-LED Umrissleuchte Modul KLAR - f\u00fcr Auto, LKW, Camper, Anh\u00e4nger und mehr - mit Blinker und ECE R148 - f\u00fcr 12&24V","og_url":"https:\/\/www.alldayled.com\/de\/produkt\/m-led-breedtelamp-unit-helder\/","og_site_name":"All Day Led","article_publisher":"https:\/\/www.facebook.com\/alldayled\/","article_modified_time":"2025-12-18T09:54:15+00:00","og_image":[{"url":"https:\/\/www.alldayled.com\/wp-content\/uploads\/2024\/09\/ADL20156.01-300x300.png","type":"","width":"","height":""}],"twitter_misc":{"Preis":"&euro;&nbsp;24,75","Verf\u00fcgbarkeit":"Auf Lager"},"schema":{"@context":"https:\/\/schema.org","@graph":[{"@type":"WebPage","@id":"https:\/\/www.alldayled.com\/de\/produkt\/m-led-breedtelamp-unit-helder\/","url":"https:\/\/www.alldayled.com\/de\/produkt\/m-led-breedtelamp-unit-helder\/","name":"M-LED Umrissleuchte Modul KLAR - All Day Led - geeignet f\u00fcr 12&24 Volt","isPartOf":{"@id":"https:\/\/www.alldayled.com\/de\/#website"},"primaryImageOfPage":{"@id":"https:\/\/www.alldayled.com\/de\/produkt\/m-led-breedtelamp-unit-helder\/#primaryimage"},"image":{"@id":"https:\/\/www.alldayled.com\/de\/produkt\/m-led-breedtelamp-unit-helder\/#primaryimage"},"thumbnailUrl":"https:\/\/www.alldayled.com\/wp-content\/uploads\/2024\/08\/ADL20156.png","datePublished":"2024-03-04T05:08:50+00:00","dateModified":"2025-12-18T09:54:15+00:00","description":"M-LED Umrissleuchte Modul KLAR - f\u00fcr Auto, LKW, Camper, Anh\u00e4nger und mehr - mit Blinker und ECE R148 - f\u00fcr 12&24V","breadcrumb":{"@id":"https:\/\/www.alldayled.com\/de\/produkt\/m-led-breedtelamp-unit-helder\/#breadcrumb"},"inLanguage":"de","potentialAction":[{"@type":"ReadAction","target":["https:\/\/www.alldayled.com\/de\/produkt\/m-led-breedtelamp-unit-helder\/"]}]},{"@type":"ImageObject","inLanguage":"de","@id":"https:\/\/www.alldayled.com\/de\/produkt\/m-led-breedtelamp-unit-helder\/#primaryimage","url":"https:\/\/www.alldayled.com\/wp-content\/uploads\/2024\/08\/ADL20156.png","contentUrl":"https:\/\/www.alldayled.com\/wp-content\/uploads\/2024\/08\/ADL20156.png","width":800,"height":600,"caption":"M-LED Umrissleuchte Modul KLAR - D\u00e4nische Umrissleuchte Modul mit 3 Farben Standlicht und Blinker Funktion - ECE R148 Pr\u00fcfzeichen mit Kat. 5 Blinker - Lampeneinheit Tri Color mit Blinker - f\u00fcr 12 und 24 Volt Betrieb - M-LED PV156"},{"@type":"BreadcrumbList","@id":"https:\/\/www.alldayled.com\/de\/produkt\/m-led-breedtelamp-unit-helder\/#breadcrumb","itemListElement":[{"@type":"ListItem","position":1,"name":"Home","item":"https:\/\/www.alldayled.com\/de\/"},{"@type":"ListItem","position":2,"name":"Shop","item":"https:\/\/www.alldayled.com\/de\/shop\/"},{"@type":"ListItem","position":3,"name":"Positionsleuchten","item":"https:\/\/www.alldayled.com\/de\/produkt-kategorie\/positionslichter\/"},{"@type":"ListItem","position":4,"name":"Umrissleuchte","item":"https:\/\/www.alldayled.com\/de\/produkt-kategorie\/positionslichter\/breedtelampen\/"},{"@type":"ListItem","position":5,"name":"M-LED Umrissleuchte Modul klar"}]},{"@type":"WebSite","@id":"https:\/\/www.alldayled.com\/de\/#website","url":"https:\/\/www.alldayled.com\/de\/","name":"All Day Led","description":"Verlichting voor 12&amp;24 volt gebruik","publisher":{"@id":"https:\/\/www.alldayled.com\/de\/#organization"},"potentialAction":[{"@type":"SearchAction","target":{"@type":"EntryPoint","urlTemplate":"https:\/\/www.alldayled.com\/de\/?s={search_term_string}"},"query-input":{"@type":"PropertyValueSpecification","valueRequired":true,"valueName":"search_term_string"}}],"inLanguage":"de"},{"@type":"Organization","@id":"https:\/\/www.alldayled.com\/de\/#organization","name":"All Day Led","url":"https:\/\/www.alldayled.com\/de\/","logo":{"@type":"ImageObject","inLanguage":"de","@id":"https:\/\/www.alldayled.com\/de\/#\/schema\/logo\/image\/","url":"https:\/\/www.alldayled.com\/wp-content\/uploads\/2025\/10\/Logo-ALL-DAY-LED-800x800-zwart-witte-letters.png","contentUrl":"https:\/\/www.alldayled.com\/wp-content\/uploads\/2025\/10\/Logo-ALL-DAY-LED-800x800-zwart-witte-letters.png","width":800,"height":800,"caption":"All Day Led"},"image":{"@id":"https:\/\/www.alldayled.com\/de\/#\/schema\/logo\/image\/"},"sameAs":["https:\/\/www.facebook.com\/alldayled\/","https:\/\/www.instagram.com\/alldayled\/"],"vatID":"NL863960133B01","taxID":"86416545"}]},"product_brand":"M-LED","product_price_amount":"24.75","product_price_currency":"EUR","og_availability":"instock","product_availability":"instock","product_retailer_item_id":"ADL20156","product_condition":"new"},"_links":{"self":[{"href":"https:\/\/www.alldayled.com\/de\/wp-json\/wp\/v2\/product\/66921","targetHints":{"allow":["GET"]}}],"collection":[{"href":"https:\/\/www.alldayled.com\/de\/wp-json\/wp\/v2\/product"}],"about":[{"href":"https:\/\/www.alldayled.com\/de\/wp-json\/wp\/v2\/types\/product"}],"replies":[{"embeddable":true,"href":"https:\/\/www.alldayled.com\/de\/wp-json\/wp\/v2\/comments?post=66921"}],"wp:featuredmedia":[{"embeddable":true,"href":"https:\/\/www.alldayled.com\/de\/wp-json\/wp\/v2\/media\/30366"}],"wp:attachment":[{"href":"https:\/\/www.alldayled.com\/de\/wp-json\/wp\/v2\/media?parent=66921"}],"wp:term":[{"taxonomy":"product_brand","embeddable":true,"href":"https:\/\/www.alldayled.com\/de\/wp-json\/wp\/v2\/product_brand?post=66921"},{"taxonomy":"product_cat","embeddable":true,"href":"https:\/\/www.alldayled.com\/de\/wp-json\/wp\/v2\/product_cat?post=66921"},{"taxonomy":"product_tag","embeddable":true,"href":"https:\/\/www.alldayled.com\/de\/wp-json\/wp\/v2\/product_tag?post=66921"}],"curies":[{"name":"wp","href":"https:\/\/api.w.org\/{rel}","templated":true}]}}