{"id":66932,"date":"2024-01-10T14:40:24","date_gmt":"2024-01-10T13:40:24","guid":{"rendered":"https:\/\/www.alldayled.com\/product\/m-led-classic-markeringslamp-oranje-helder\/"},"modified":"2026-02-05T13:06:55","modified_gmt":"2026-02-05T12:06:55","slug":"m-led-classic-markeringslamp-oranje-helder","status":"publish","type":"product","link":"https:\/\/www.alldayled.com\/de\/produkt\/m-led-classic-markeringslamp-oranje-helder\/","title":{"rendered":"M-LED classic Markierungsleuchte klar &#8211; orange"},"content":{"rendered":"<p><span style=\"color: #000000;\"><strong>M-LED classic Markierungsleuchte ORANGE KLAR. <\/strong><\/span><\/p>\n<p><span style=\"color: #000000;\">Du m\u00f6chtest die klassische Markierungsleuchte, aber in einer Voll-LED-Ausf\u00fchrung? Dann ist die M-LED Blockleuchte vielleicht genau die Leuchte, die du suchst. Diese Markierungsleuchte hat 3 LED-Punkte und einen eingebauten Reflektor. Dank der Reflektorfunktion und der zugeh\u00f6rigen ECE-Kennzeichnung ist sie eine zugelassene Seitenmarkierungsleuchte. Die M-LED Markierungsleuchte funktioniert mit 12 und 24 Volt, sodass du sie zum Beispiel an deinem Auto, Wohnmobil, LKW, Anh\u00e4nger oder einem anderen Fahrzeugtyp montieren kannst.    <\/span><\/p>\n<p><span style=\"color: #000000;\">Um sicherzustellen, dass die M-LED classic Markierungsleuchte orange klar f\u00fcr dein Fahrzeug oder deinen Anh\u00e4nger geeignet ist, haben wir hier die wichtigsten Eigenschaften aufgelistet. Die Leuchte mit klarer Linse ist unter anderem mit dem ECE R10 Pr\u00fcfzeichen versehen. Die orange LED-Markierungsleuchte verf\u00fcgt auch \u00fcber die Pr\u00fcfzeichen ECE R148 und ECE R150, was bedeutet, dass du die Leuchte als Seitenmarkierung und Reflektor verwenden darfst. Au\u00dferdem wird die Leuchte mit einem 85 Zentimeter langen Anschlusskabel geliefert, damit die Installation einfach ist.   <\/span><\/p>\n<h5><span style=\"color: #000000;\"><strong>Abmessungen:<\/strong><\/span><\/h5>\n<p><span style=\"color: #000000;\">M\u00f6chtest du sicher sein, dass die Leuchte dort passt, wo du sie montieren m\u00f6chtest? Hier findest du die Abmessungen der M-LED classic Markierungsleuchte orange klar: <\/span><\/p>\n<ul>\n<li><span style=\"color: #000000;\">Breite: 119 mm<\/span><\/li>\n<li><span style=\"color: #000000;\">H\u00f6he: 55,3 mm<\/span><\/li>\n<li><span style=\"color: #000000;\">Dicke: 27 mm<\/span><\/li>\n<\/ul>\n<h5><span style=\"color: #000000;\"><strong>Andere Farben:<\/strong><\/span><\/h5>\n<p><span style=\"color: #000000;\">Du m\u00f6chtest eine M-LED Markierungsleuchte, aber nicht in orange? Dann wisse, dass die Voll-LED-Markierungsleuchte mit ECE R148 Pr\u00fcfzeichen auch in den folgenden Ausf\u00fchrungen erh\u00e4ltlich ist: <\/span><\/p>\n<ul>\n<li><span style=\"color: #000000;\"><a style=\"color: #000000;\" href=\"https:\/\/www.alldayled.com\/de\/produkt\/m-led-classic-markeringslamp-oranje-smoke\/\" target=\"_blank\" rel=\"noopener\"><strong>Markierungsleuchte ORANGE &#8211; DUNKEL<\/strong><\/a><\/span><\/li>\n<li><span style=\"color: #000000;\"><a style=\"color: #000000;\" href=\"https:\/\/www.alldayled.com\/de\/produkt\/m-led-classic-markeringslamp-wit-smoke\/\" target=\"_blank\" rel=\"noopener\"><strong>Markierungsleuchte WEISS &#8211; DUNKEL<\/strong><\/a><\/span><\/li>\n<li><span style=\"color: #000000;\"><a style=\"color: #000000;\" href=\"https:\/\/www.alldayled.com\/de\/produkt\/m-led-classic-markeringslamp-oranje\/\" target=\"_blank\" rel=\"noopener\"><strong>Markierungsleuchte ORANGE <\/strong><\/a><\/span><\/li>\n<li><span style=\"color: #000000;\"><a style=\"color: #000000;\" href=\"https:\/\/www.alldayled.com\/de\/produkt\/m-led-classic-markeringslamp-rood\/\" target=\"_blank\" rel=\"noopener\"><strong>Markierungsleuchte ROT <\/strong><\/a><\/span><\/li>\n<li><span style=\"color: #000000;\"><a style=\"color: #000000;\" href=\"https:\/\/www.alldayled.com\/de\/produkt\/m-led-classic-markeringslamp-wit\/\" target=\"_blank\" rel=\"noopener\"><strong>Markierungsleuchte WEISS <\/strong><\/a><\/span><\/li>\n<\/ul>\n<p><span style=\"color: #000000;\">Bist du dennoch der Meinung, dass die M-LED classic Markierungsleuchte orange klar nicht das ist, was du suchst? Einfach weil die Farbe, Form oder Ausf\u00fchrung nicht deinen W\u00fcnschen entspricht? Dann schau dir hier das komplette Angebot von <a style=\"color: #000000;\" href=\"https:\/\/www.alldayled.com\/de\/marke\/product-m-led\/\" target=\"_blank\" rel=\"noopener\">M-LED<\/a> an. Es ist gut m\u00f6glich, dass du dort genau das Modell findest, das perfekt zu deinen W\u00fcnschen und deinem Fahrzeug passt.   <\/span><\/p>\n","protected":false},"excerpt":{"rendered":"<p>Classic Markierungsleuchte orange klar mit LED, Old-School-Look in einem modernen Gewand!<\/p>\n","protected":false},"featured_media":26817,"comment_status":"open","ping_status":"closed","template":"","meta":{"_acf_changed":false},"product_brand":[6499],"product_cat":[5196],"product_tag":[9151,9153,9158,9159,9244,9155,9167,9157,9156],"class_list":{"0":"post-66932","1":"product","2":"type-product","3":"status-publish","4":"has-post-thumbnail","6":"product_brand-product-m-led","7":"product_cat-markeringslampen","8":"product_tag-konturbeleuchtung","9":"product_tag-led-markierungsleuchte","10":"product_tag-led-markierungsleuchte-12-volt","11":"product_tag-led-markierungsleuchte-24-volt","12":"product_tag-m-led-beleuchtung","13":"product_tag-markierungsleuchte-anhaenger","14":"product_tag-markierungsleuchte-anhanger","15":"product_tag-markierungsleuchte-lkw","16":"product_tag-markierungsleuchte-wohnmobil","18":"first","19":"instock","20":"taxable","21":"shipping-taxable","22":"purchasable","23":"product-type-simple"},"acf":[],"yoast_head":"<!-- This site is optimized with the Yoast SEO Premium plugin v26.5 (Yoast SEO v27.1.1) - https:\/\/yoast.com\/product\/yoast-seo-premium-wordpress\/ -->\n<title>M-LED classic Markierungsleuchte ORANGE KLAR - All Day Led - f\u00fcr 12&amp;24V<\/title>\n<meta name=\"description\" content=\"M-LED classic Markierungsleuchte ORANGE KLAR - f\u00fcr Auto, LKW, Anh\u00e4nger und mehr - f\u00fcr 12&amp;24V - 3 LED-Punkte - mit Reflektor - ECE R148 + R150\" \/>\n<meta name=\"robots\" content=\"index, follow, max-snippet:-1, max-image-preview:large, max-video-preview:-1\" \/>\n<link rel=\"canonical\" href=\"https:\/\/www.alldayled.com\/de\/produkt\/m-led-classic-markeringslamp-oranje-helder\/\" \/>\n<meta property=\"og:locale\" content=\"de_DE\" \/>\n<meta property=\"og:type\" content=\"article\" \/>\n<meta property=\"og:title\" content=\"M-LED classic Markierungsleuchte ORANGE KLAR - All Day Led - f\u00fcr 12&amp;24V\" \/>\n<meta property=\"og:description\" content=\"M-LED classic Markierungsleuchte ORANGE KLAR - f\u00fcr Auto, LKW, Anh\u00e4nger und mehr - f\u00fcr 12&amp;24V - 3 LED-Punkte - mit Reflektor - ECE R148 + R150\" \/>\n<meta property=\"og:url\" content=\"https:\/\/www.alldayled.com\/de\/produkt\/m-led-classic-markeringslamp-oranje-helder\/\" \/>\n<meta property=\"og:site_name\" content=\"All Day Led\" \/>\n<meta property=\"article:publisher\" content=\"https:\/\/www.facebook.com\/alldayled\/\" \/>\n<meta property=\"article:modified_time\" content=\"2026-02-05T12:06:55+00:00\" \/>\n<meta property=\"og:image\" content=\"https:\/\/www.alldayled.com\/wp-content\/uploads\/2024\/09\/ADL20366.01-300x300.png\" \/>\n<meta name=\"twitter:label1\" content=\"Preis\" \/>\n\t<meta name=\"twitter:data1\" content=\"&euro;&nbsp;19,95\" \/>\n\t<meta name=\"twitter:label2\" content=\"Verf\u00fcgbarkeit\" \/>\n\t<meta name=\"twitter:data2\" content=\"Auf Lager\" \/>\n<script type=\"application\/ld+json\" class=\"yoast-schema-graph\">{\"@context\":\"https:\/\/schema.org\",\"@graph\":[{\"@type\":\"WebPage\",\"@id\":\"https:\/\/www.alldayled.com\/de\/produkt\/m-led-classic-markeringslamp-oranje-helder\/\",\"url\":\"https:\/\/www.alldayled.com\/de\/produkt\/m-led-classic-markeringslamp-oranje-helder\/\",\"name\":\"M-LED classic Markierungsleuchte ORANGE KLAR - All Day Led - f\u00fcr 12&24V\",\"isPartOf\":{\"@id\":\"https:\/\/www.alldayled.com\/de\/#website\"},\"primaryImageOfPage\":{\"@id\":\"https:\/\/www.alldayled.com\/de\/produkt\/m-led-classic-markeringslamp-oranje-helder\/#primaryimage\"},\"image\":{\"@id\":\"https:\/\/www.alldayled.com\/de\/produkt\/m-led-classic-markeringslamp-oranje-helder\/#primaryimage\"},\"thumbnailUrl\":\"https:\/\/www.alldayled.com\/wp-content\/uploads\/2024\/01\/ADL20366-1.png\",\"datePublished\":\"2024-01-10T13:40:24+00:00\",\"dateModified\":\"2026-02-05T12:06:55+00:00\",\"description\":\"M-LED classic Markierungsleuchte ORANGE KLAR - f\u00fcr Auto, LKW, Anh\u00e4nger und mehr - f\u00fcr 12&24V - 3 LED-Punkte - mit Reflektor - ECE R148 + R150\",\"breadcrumb\":{\"@id\":\"https:\/\/www.alldayled.com\/de\/produkt\/m-led-classic-markeringslamp-oranje-helder\/#breadcrumb\"},\"inLanguage\":\"de\",\"potentialAction\":[{\"@type\":\"ReadAction\",\"target\":[\"https:\/\/www.alldayled.com\/de\/produkt\/m-led-classic-markeringslamp-oranje-helder\/\"]}]},{\"@type\":\"ImageObject\",\"inLanguage\":\"de\",\"@id\":\"https:\/\/www.alldayled.com\/de\/produkt\/m-led-classic-markeringslamp-oranje-helder\/#primaryimage\",\"url\":\"https:\/\/www.alldayled.com\/wp-content\/uploads\/2024\/01\/ADL20366-1.png\",\"contentUrl\":\"https:\/\/www.alldayled.com\/wp-content\/uploads\/2024\/01\/ADL20366-1.png\",\"width\":800,\"height\":600,\"caption\":\"M-LED classic Markierungsleuchte ORANGE mit KLAREM GLAS - FULL LED Blockleuchte f\u00fcr z.B. eine Lichtleiste oder Seitenschweller f\u00fcr Auto, Transporter, LKW und mehr - mit ECE R148 und ECE R150 Pr\u00fcfzeichen - Markierungsleuchte f\u00fcr 12 und 24 Volt Betrieb - ersetzt Hella 2PS 004 361-001 und 2PS 002 727-001 - M-LED ZM366\"},{\"@type\":\"BreadcrumbList\",\"@id\":\"https:\/\/www.alldayled.com\/de\/produkt\/m-led-classic-markeringslamp-oranje-helder\/#breadcrumb\",\"itemListElement\":[{\"@type\":\"ListItem\",\"position\":1,\"name\":\"Home\",\"item\":\"https:\/\/www.alldayled.com\/de\/\"},{\"@type\":\"ListItem\",\"position\":2,\"name\":\"Shop\",\"item\":\"https:\/\/www.alldayled.com\/de\/shop\/\"},{\"@type\":\"ListItem\",\"position\":3,\"name\":\"Positionsleuchten\",\"item\":\"https:\/\/www.alldayled.com\/de\/produkt-kategorie\/positionslichter\/\"},{\"@type\":\"ListItem\",\"position\":4,\"name\":\"Markierungsleuchten\",\"item\":\"https:\/\/www.alldayled.com\/de\/produkt-kategorie\/positionslichter\/markeringslampen\/\"},{\"@type\":\"ListItem\",\"position\":5,\"name\":\"M-LED classic Markierungsleuchte klar &#8211; orange\"}]},{\"@type\":\"WebSite\",\"@id\":\"https:\/\/www.alldayled.com\/de\/#website\",\"url\":\"https:\/\/www.alldayled.com\/de\/\",\"name\":\"All Day Led\",\"description\":\"Verlichting voor 12&amp;24 volt gebruik\",\"publisher\":{\"@id\":\"https:\/\/www.alldayled.com\/de\/#organization\"},\"potentialAction\":[{\"@type\":\"SearchAction\",\"target\":{\"@type\":\"EntryPoint\",\"urlTemplate\":\"https:\/\/www.alldayled.com\/de\/?s={search_term_string}\"},\"query-input\":{\"@type\":\"PropertyValueSpecification\",\"valueRequired\":true,\"valueName\":\"search_term_string\"}}],\"inLanguage\":\"de\"},{\"@type\":\"Organization\",\"@id\":\"https:\/\/www.alldayled.com\/de\/#organization\",\"name\":\"All Day Led\",\"url\":\"https:\/\/www.alldayled.com\/de\/\",\"logo\":{\"@type\":\"ImageObject\",\"inLanguage\":\"de\",\"@id\":\"https:\/\/www.alldayled.com\/de\/#\/schema\/logo\/image\/\",\"url\":\"https:\/\/www.alldayled.com\/wp-content\/uploads\/2025\/10\/Logo-ALL-DAY-LED-800x800-zwart-witte-letters.png\",\"contentUrl\":\"https:\/\/www.alldayled.com\/wp-content\/uploads\/2025\/10\/Logo-ALL-DAY-LED-800x800-zwart-witte-letters.png\",\"width\":800,\"height\":800,\"caption\":\"All Day Led\"},\"image\":{\"@id\":\"https:\/\/www.alldayled.com\/de\/#\/schema\/logo\/image\/\"},\"sameAs\":[\"https:\/\/www.facebook.com\/alldayled\/\",\"https:\/\/www.instagram.com\/alldayled\/\"],\"vatID\":\"NL863960133B01\",\"taxID\":\"86416545\"}]}<\/script>\n<meta property=\"product:brand\" content=\"M-LED\" \/>\n<meta property=\"product:price:amount\" content=\"19.95\" \/>\n<meta property=\"product:price:currency\" content=\"EUR\" \/>\n<meta property=\"og:availability\" content=\"instock\" \/>\n<meta property=\"product:availability\" content=\"instock\" \/>\n<meta property=\"product:retailer_item_id\" content=\"ADL20366\" \/>\n<meta property=\"product:condition\" content=\"new\" \/>\n<!-- \/ Yoast SEO Premium plugin. -->","yoast_head_json":{"title":"M-LED classic Markierungsleuchte ORANGE KLAR - All Day Led - f\u00fcr 12&24V","description":"M-LED classic Markierungsleuchte ORANGE KLAR - f\u00fcr Auto, LKW, Anh\u00e4nger und mehr - f\u00fcr 12&24V - 3 LED-Punkte - mit Reflektor - ECE R148 + R150","robots":{"index":"index","follow":"follow","max-snippet":"max-snippet:-1","max-image-preview":"max-image-preview:large","max-video-preview":"max-video-preview:-1"},"canonical":"https:\/\/www.alldayled.com\/de\/produkt\/m-led-classic-markeringslamp-oranje-helder\/","og_locale":"de_DE","og_type":"article","og_title":"M-LED classic Markierungsleuchte ORANGE KLAR - All Day Led - f\u00fcr 12&24V","og_description":"M-LED classic Markierungsleuchte ORANGE KLAR - f\u00fcr Auto, LKW, Anh\u00e4nger und mehr - f\u00fcr 12&24V - 3 LED-Punkte - mit Reflektor - ECE R148 + R150","og_url":"https:\/\/www.alldayled.com\/de\/produkt\/m-led-classic-markeringslamp-oranje-helder\/","og_site_name":"All Day Led","article_publisher":"https:\/\/www.facebook.com\/alldayled\/","article_modified_time":"2026-02-05T12:06:55+00:00","og_image":[{"url":"https:\/\/www.alldayled.com\/wp-content\/uploads\/2024\/09\/ADL20366.01-300x300.png","type":"","width":"","height":""}],"twitter_misc":{"Preis":"&euro;&nbsp;19,95","Verf\u00fcgbarkeit":"Auf Lager"},"schema":{"@context":"https:\/\/schema.org","@graph":[{"@type":"WebPage","@id":"https:\/\/www.alldayled.com\/de\/produkt\/m-led-classic-markeringslamp-oranje-helder\/","url":"https:\/\/www.alldayled.com\/de\/produkt\/m-led-classic-markeringslamp-oranje-helder\/","name":"M-LED classic Markierungsleuchte ORANGE KLAR - All Day Led - f\u00fcr 12&24V","isPartOf":{"@id":"https:\/\/www.alldayled.com\/de\/#website"},"primaryImageOfPage":{"@id":"https:\/\/www.alldayled.com\/de\/produkt\/m-led-classic-markeringslamp-oranje-helder\/#primaryimage"},"image":{"@id":"https:\/\/www.alldayled.com\/de\/produkt\/m-led-classic-markeringslamp-oranje-helder\/#primaryimage"},"thumbnailUrl":"https:\/\/www.alldayled.com\/wp-content\/uploads\/2024\/01\/ADL20366-1.png","datePublished":"2024-01-10T13:40:24+00:00","dateModified":"2026-02-05T12:06:55+00:00","description":"M-LED classic Markierungsleuchte ORANGE KLAR - f\u00fcr Auto, LKW, Anh\u00e4nger und mehr - f\u00fcr 12&24V - 3 LED-Punkte - mit Reflektor - ECE R148 + R150","breadcrumb":{"@id":"https:\/\/www.alldayled.com\/de\/produkt\/m-led-classic-markeringslamp-oranje-helder\/#breadcrumb"},"inLanguage":"de","potentialAction":[{"@type":"ReadAction","target":["https:\/\/www.alldayled.com\/de\/produkt\/m-led-classic-markeringslamp-oranje-helder\/"]}]},{"@type":"ImageObject","inLanguage":"de","@id":"https:\/\/www.alldayled.com\/de\/produkt\/m-led-classic-markeringslamp-oranje-helder\/#primaryimage","url":"https:\/\/www.alldayled.com\/wp-content\/uploads\/2024\/01\/ADL20366-1.png","contentUrl":"https:\/\/www.alldayled.com\/wp-content\/uploads\/2024\/01\/ADL20366-1.png","width":800,"height":600,"caption":"M-LED classic Markierungsleuchte ORANGE mit KLAREM GLAS - FULL LED Blockleuchte f\u00fcr z.B. eine Lichtleiste oder Seitenschweller f\u00fcr Auto, Transporter, LKW und mehr - mit ECE R148 und ECE R150 Pr\u00fcfzeichen - Markierungsleuchte f\u00fcr 12 und 24 Volt Betrieb - ersetzt Hella 2PS 004 361-001 und 2PS 002 727-001 - M-LED ZM366"},{"@type":"BreadcrumbList","@id":"https:\/\/www.alldayled.com\/de\/produkt\/m-led-classic-markeringslamp-oranje-helder\/#breadcrumb","itemListElement":[{"@type":"ListItem","position":1,"name":"Home","item":"https:\/\/www.alldayled.com\/de\/"},{"@type":"ListItem","position":2,"name":"Shop","item":"https:\/\/www.alldayled.com\/de\/shop\/"},{"@type":"ListItem","position":3,"name":"Positionsleuchten","item":"https:\/\/www.alldayled.com\/de\/produkt-kategorie\/positionslichter\/"},{"@type":"ListItem","position":4,"name":"Markierungsleuchten","item":"https:\/\/www.alldayled.com\/de\/produkt-kategorie\/positionslichter\/markeringslampen\/"},{"@type":"ListItem","position":5,"name":"M-LED classic Markierungsleuchte klar &#8211; orange"}]},{"@type":"WebSite","@id":"https:\/\/www.alldayled.com\/de\/#website","url":"https:\/\/www.alldayled.com\/de\/","name":"All Day Led","description":"Verlichting voor 12&amp;24 volt gebruik","publisher":{"@id":"https:\/\/www.alldayled.com\/de\/#organization"},"potentialAction":[{"@type":"SearchAction","target":{"@type":"EntryPoint","urlTemplate":"https:\/\/www.alldayled.com\/de\/?s={search_term_string}"},"query-input":{"@type":"PropertyValueSpecification","valueRequired":true,"valueName":"search_term_string"}}],"inLanguage":"de"},{"@type":"Organization","@id":"https:\/\/www.alldayled.com\/de\/#organization","name":"All Day Led","url":"https:\/\/www.alldayled.com\/de\/","logo":{"@type":"ImageObject","inLanguage":"de","@id":"https:\/\/www.alldayled.com\/de\/#\/schema\/logo\/image\/","url":"https:\/\/www.alldayled.com\/wp-content\/uploads\/2025\/10\/Logo-ALL-DAY-LED-800x800-zwart-witte-letters.png","contentUrl":"https:\/\/www.alldayled.com\/wp-content\/uploads\/2025\/10\/Logo-ALL-DAY-LED-800x800-zwart-witte-letters.png","width":800,"height":800,"caption":"All Day Led"},"image":{"@id":"https:\/\/www.alldayled.com\/de\/#\/schema\/logo\/image\/"},"sameAs":["https:\/\/www.facebook.com\/alldayled\/","https:\/\/www.instagram.com\/alldayled\/"],"vatID":"NL863960133B01","taxID":"86416545"}]},"product_brand":"M-LED","product_price_amount":"19.95","product_price_currency":"EUR","og_availability":"instock","product_availability":"instock","product_retailer_item_id":"ADL20366","product_condition":"new"},"_links":{"self":[{"href":"https:\/\/www.alldayled.com\/de\/wp-json\/wp\/v2\/product\/66932","targetHints":{"allow":["GET"]}}],"collection":[{"href":"https:\/\/www.alldayled.com\/de\/wp-json\/wp\/v2\/product"}],"about":[{"href":"https:\/\/www.alldayled.com\/de\/wp-json\/wp\/v2\/types\/product"}],"replies":[{"embeddable":true,"href":"https:\/\/www.alldayled.com\/de\/wp-json\/wp\/v2\/comments?post=66932"}],"wp:featuredmedia":[{"embeddable":true,"href":"https:\/\/www.alldayled.com\/de\/wp-json\/wp\/v2\/media\/26817"}],"wp:attachment":[{"href":"https:\/\/www.alldayled.com\/de\/wp-json\/wp\/v2\/media?parent=66932"}],"wp:term":[{"taxonomy":"product_brand","embeddable":true,"href":"https:\/\/www.alldayled.com\/de\/wp-json\/wp\/v2\/product_brand?post=66932"},{"taxonomy":"product_cat","embeddable":true,"href":"https:\/\/www.alldayled.com\/de\/wp-json\/wp\/v2\/product_cat?post=66932"},{"taxonomy":"product_tag","embeddable":true,"href":"https:\/\/www.alldayled.com\/de\/wp-json\/wp\/v2\/product_tag?post=66932"}],"curies":[{"name":"wp","href":"https:\/\/api.w.org\/{rel}","templated":true}]}}