{"id":66941,"date":"2023-12-07T15:21:10","date_gmt":"2023-12-07T14:21:10","guid":{"rendered":"https:\/\/www.alldayled.com\/product\/led-strip-lichtbak-140cm-classic-model\/"},"modified":"2023-12-07T15:21:10","modified_gmt":"2023-12-07T14:21:10","slug":"led-strip-lichtbak-140cm-classic-model","status":"publish","type":"product","link":"https:\/\/www.alldayled.com\/de\/produkt\/led-strip-lichtbak-140cm-classic-model\/","title":{"rendered":"LED strip classic Leuchtkasten 140cm &#8211; WEISS"},"content":{"rendered":"<p><span style=\"color: #000000;\"><strong>LED strip &amp; power unit f\u00fcr Classic Leuchtkasten 140cm, geeignet f\u00fcr 12\/24 Volt.<\/strong><\/span><\/p>\n<p><span style=\"color: #000000;\">Hast du einen Classic \/ Retro Design Leuchtkasten von Nedking auf deinem LKW oder Lieferwagen, aber der LED strip ist kaputt? Dann ist die Nedking LED strip &amp; power unit 140 cm vielleicht genau das, was du suchst. Diese wei\u00df leuchtende Reserve-Einheit ist speziell geeignet f\u00fcr einen Spoiler Modell Leuchtkasten von 140 cm. Hast du einen kleineren oder gr\u00f6\u00dferen Leuchtkasten? Kein Problem, unten auf der Seite findest du die \u00fcbrigen Modelle.    <\/span><\/p>\n<p><span style=\"color: #000000;\">Um sicherzustellen, dass die Nedking LED strip &amp; power unit 140 cm f\u00fcr Ihr Fahrzeug geeignet ist, haben wir hierunter die wichtigsten Spezifikationen f\u00fcr Sie aufgelistet. Das Ersatzteil ist mit dem ECE R10-Pr\u00fcfzeichen versehen, was bedeutet, dass der LED strip bei korrekter Montage keine St\u00f6rung verursacht, beispielsweise auf Ihrem Funksignal. Dar\u00fcber hinaus hat der LED strip IP68-Zertifizierung, wodurch er vollst\u00e4ndig wasser- und staubdicht ist. F\u00fcr eine einfache und sichere Montage sind 3M-Klebestreifen unter den LED-Bl\u00f6cken befestigt, sodass die Einheiten fest an ihrem Platz bleiben.   <\/span><\/p>\n<h5><span style=\"color: #000000;\"><strong>Abmessungen:<\/strong><\/span><\/h5>\n<p><span style=\"color: #000000;\">Um zu sorgen, dass der LED strip genau passt, wo Sie ihn montieren m\u00f6chten, haben wir hierunter die Abmessungen der Nedking LED strip &amp; power unit 140 cm aufgelistet.<\/span><\/p>\n<ul>\n<li><span style=\"color: #000000;\">Gesamtl\u00e4nge strip: 140 cm<\/span><\/li>\n<li><span style=\"color: #000000;\">L\u00e4nge LED Block: 79 mm<\/span><\/li>\n<li><span style=\"color: #000000;\">H\u00f6he LED Block: 19 mm<\/span><\/li>\n<li><span style=\"color: #000000;\">Dicke LED Block: 14 mm<\/span><\/li>\n<\/ul>\n<h5><span style=\"color: #000000;\"><strong>Andere Versionen:<\/strong><\/span><\/h5>\n<p><span style=\"color: #000000;\">Haben Sie einen defekten LED strip, aber keinen 140 cm breiten Leuchtkasten? Keine Sorge, Nedking bietet die LED strip &amp; power unit auch in anderen Gr\u00f6\u00dfen an. Sehen Sie sich hierunter die \u00fcbrigen Ausf\u00fchrungen an, die verf\u00fcgbar sind.  <\/span><\/p>\n<ul>\n<li><span style=\"color: #000000;\"><strong><a style=\"color: #000000;\" href=\"https:\/\/www.alldayled.com\/de\/produkt\/led-strip-lichtbak-110cm-spoiler-model\/\" target=\"_blank\" rel=\"noopener\">Leuchtkasten Spoiler Modell 110 cm<\/a> <\/strong><\/span><\/li>\n<li><span style=\"color: #000000;\"><strong><a style=\"color: #000000;\" href=\"https:\/\/www.alldayled.com\/de\/produkt\/led-strip-lichtbak-125cm-spoiler-model\/\" target=\"_blank\" rel=\"noopener\">Leuchtkasten Spoiler Modell 125 cm <\/a><\/strong><\/span><\/li>\n<li><span style=\"color: #000000;\"><strong><a style=\"color: #000000;\" href=\"https:\/\/www.alldayled.com\/de\/produkt\/led-strip-lichtbak-140cm-spoiler-model\/\" target=\"_blank\" rel=\"noopener\">Leuchtkasten Spoiler-Modell 140 cm <\/a><\/strong><\/span><\/li>\n<li><span style=\"color: #000000;\"><strong><a style=\"color: #000000;\" href=\"https:\/\/www.alldayled.com\/de\/produkt\/led-strip-lichtbak-160cm-spoiler-model\/\" target=\"_blank\" rel=\"noopener\">Leuchtkasten Spoiler-Modell 160 cm<\/a><\/strong><\/span><\/li>\n<li><span style=\"color: #000000;\"><strong><a style=\"color: #000000;\" href=\"https:\/\/www.alldayled.com\/de\/produkt\/led-strip-lichtbak-130cm-classic-model\/\" target=\"_blank\" rel=\"noopener\">Leuchtkasten Retro Design 130 cm<\/a><\/strong><\/span><\/li>\n<\/ul>\n<div class=\"truncated\">\n<div class=\"truncated\">\n<div class=\"truncated\">\n<p><span style=\"color: #000000;\">Bist du noch nicht \u00fcberzeugt, dass die LED strip &amp; power unit 140 cm geeignet ist? Zum Beispiel, weil du kein Classic Modell Leuchtkasten hast oder weil dein Leuchtkasten eine andere Abmessung hat? Dann wirf einen Blick auf unser komplettes Angebot an <a style=\"color: #000000;\" href=\"https:\/\/www.alldayled.com\/de\/produkt-kategorie\/led-leuchtreklame\/\">Leuchtk\u00e4sten und Zubeh\u00f6r<\/a>. Gro\u00dfe Chance, dass du hier das richtige Teil findest, nach dem du suchst.   <\/span><\/p>\n<\/div>\n<\/div>\n<\/div>\n","protected":false},"excerpt":{"rendered":"<p>LED strip &amp; power unit wei\u00df f\u00fcr Nedking Classic Leuchtkasten 140cm, f\u00fcr 12 &amp; 24 Volt.<\/p>\n","protected":false},"featured_media":27453,"comment_status":"open","ping_status":"closed","template":"","meta":{"_acf_changed":false},"product_brand":[6505],"product_cat":[5310],"product_tag":[],"class_list":{"0":"post-66941","1":"product","2":"type-product","3":"status-publish","4":"has-post-thumbnail","6":"product_brand-product-nedking","7":"product_cat-led-leuchtreklame","9":"first","10":"instock","11":"taxable","12":"shipping-taxable","13":"purchasable","14":"product-type-simple"},"acf":[],"yoast_head":"<!-- This site is optimized with the Yoast SEO Premium plugin v26.5 (Yoast SEO v27.1.1) - https:\/\/yoast.com\/product\/yoast-seo-premium-wordpress\/ -->\n<title>LED strip classic Leuchtkasten 140cm - All Day Led - f\u00fcr Nedking Retro-Design<\/title>\n<meta name=\"description\" content=\"LED strip classic Leuchtkasten 140cm - f\u00fcr den LED Leuchtkasten von Nedking \/ Classic Ausf\u00fchrung - Ersatzteil f\u00fcr 12\/24 Volt - inkl. 3M-Tape-Befestigung\" \/>\n<meta name=\"robots\" content=\"index, follow, max-snippet:-1, max-image-preview:large, max-video-preview:-1\" \/>\n<link rel=\"canonical\" href=\"https:\/\/www.alldayled.com\/de\/produkt\/led-strip-lichtbak-140cm-classic-model\/\" \/>\n<meta property=\"og:locale\" content=\"de_DE\" \/>\n<meta property=\"og:type\" content=\"article\" \/>\n<meta property=\"og:title\" content=\"LED strip classic Leuchtkasten 140cm - All Day Led - f\u00fcr Nedking Retro-Design\" \/>\n<meta property=\"og:description\" content=\"LED strip classic Leuchtkasten 140cm - f\u00fcr den LED Leuchtkasten von Nedking \/ Classic Ausf\u00fchrung - Ersatzteil f\u00fcr 12\/24 Volt - inkl. 3M-Tape-Befestigung\" \/>\n<meta property=\"og:url\" content=\"https:\/\/www.alldayled.com\/de\/produkt\/led-strip-lichtbak-140cm-classic-model\/\" \/>\n<meta property=\"og:site_name\" content=\"All Day Led\" \/>\n<meta property=\"article:publisher\" content=\"https:\/\/www.facebook.com\/alldayled\/\" \/>\n<meta property=\"og:image\" content=\"https:\/\/www.alldayled.com\/wp-content\/uploads\/2024\/02\/ADL181305.png\" \/>\n\t<meta property=\"og:image:width\" content=\"800\" \/>\n\t<meta property=\"og:image:height\" content=\"600\" \/>\n\t<meta property=\"og:image:type\" content=\"image\/png\" \/>\n<meta name=\"twitter:label1\" content=\"Preis\" \/>\n\t<meta name=\"twitter:data1\" content=\"&euro;&nbsp;129,00\" \/>\n\t<meta name=\"twitter:label2\" content=\"Verf\u00fcgbarkeit\" \/>\n\t<meta name=\"twitter:data2\" content=\"Auf Lager\" \/>\n<script type=\"application\/ld+json\" class=\"yoast-schema-graph\">{\"@context\":\"https:\/\/schema.org\",\"@graph\":[{\"@type\":\"WebPage\",\"@id\":\"https:\/\/www.alldayled.com\/de\/produkt\/led-strip-lichtbak-140cm-classic-model\/\",\"url\":\"https:\/\/www.alldayled.com\/de\/produkt\/led-strip-lichtbak-140cm-classic-model\/\",\"name\":\"LED strip classic Leuchtkasten 140cm - All Day Led - f\u00fcr Nedking Retro-Design\",\"isPartOf\":{\"@id\":\"https:\/\/www.alldayled.com\/de\/#website\"},\"primaryImageOfPage\":{\"@id\":\"https:\/\/www.alldayled.com\/de\/produkt\/led-strip-lichtbak-140cm-classic-model\/#primaryimage\"},\"image\":{\"@id\":\"https:\/\/www.alldayled.com\/de\/produkt\/led-strip-lichtbak-140cm-classic-model\/#primaryimage\"},\"thumbnailUrl\":\"https:\/\/www.alldayled.com\/wp-content\/uploads\/2024\/02\/ADL181305.png\",\"datePublished\":\"2023-12-07T14:21:10+00:00\",\"description\":\"LED strip classic Leuchtkasten 140cm - f\u00fcr den LED Leuchtkasten von Nedking \/ Classic Ausf\u00fchrung - Ersatzteil f\u00fcr 12\/24 Volt - inkl. 3M-Tape-Befestigung\",\"breadcrumb\":{\"@id\":\"https:\/\/www.alldayled.com\/de\/produkt\/led-strip-lichtbak-140cm-classic-model\/#breadcrumb\"},\"inLanguage\":\"de\",\"potentialAction\":[{\"@type\":\"ReadAction\",\"target\":[\"https:\/\/www.alldayled.com\/de\/produkt\/led-strip-lichtbak-140cm-classic-model\/\"]}]},{\"@type\":\"ImageObject\",\"inLanguage\":\"de\",\"@id\":\"https:\/\/www.alldayled.com\/de\/produkt\/led-strip-lichtbak-140cm-classic-model\/#primaryimage\",\"url\":\"https:\/\/www.alldayled.com\/wp-content\/uploads\/2024\/02\/ADL181305.png\",\"contentUrl\":\"https:\/\/www.alldayled.com\/wp-content\/uploads\/2024\/02\/ADL181305.png\",\"width\":800,\"height\":600,\"caption\":\"LED strip f\u00fcr CLASSIC \/ OLD SCOOL Modell Leuchtkasten mit einer L\u00e4nge von 140cm - geeignet f\u00fcr einen RETRO DESIGN NEDKING Leuchtkasten - funktioniert mit 12 und 24 Volt - wird mit POWERUNIT geliefert - EAN: 6438203003179\"},{\"@type\":\"BreadcrumbList\",\"@id\":\"https:\/\/www.alldayled.com\/de\/produkt\/led-strip-lichtbak-140cm-classic-model\/#breadcrumb\",\"itemListElement\":[{\"@type\":\"ListItem\",\"position\":1,\"name\":\"Home\",\"item\":\"https:\/\/www.alldayled.com\/de\/\"},{\"@type\":\"ListItem\",\"position\":2,\"name\":\"Shop\",\"item\":\"https:\/\/www.alldayled.com\/de\/shop\/\"},{\"@type\":\"ListItem\",\"position\":3,\"name\":\"Leuchtkasten\",\"item\":\"https:\/\/www.alldayled.com\/de\/produkt-kategorie\/led-leuchtreklame\/\"},{\"@type\":\"ListItem\",\"position\":4,\"name\":\"LED strip classic Leuchtkasten 140cm &#8211; WEISS\"}]},{\"@type\":\"WebSite\",\"@id\":\"https:\/\/www.alldayled.com\/de\/#website\",\"url\":\"https:\/\/www.alldayled.com\/de\/\",\"name\":\"All Day Led\",\"description\":\"Verlichting voor 12&amp;24 volt gebruik\",\"publisher\":{\"@id\":\"https:\/\/www.alldayled.com\/de\/#organization\"},\"potentialAction\":[{\"@type\":\"SearchAction\",\"target\":{\"@type\":\"EntryPoint\",\"urlTemplate\":\"https:\/\/www.alldayled.com\/de\/?s={search_term_string}\"},\"query-input\":{\"@type\":\"PropertyValueSpecification\",\"valueRequired\":true,\"valueName\":\"search_term_string\"}}],\"inLanguage\":\"de\"},{\"@type\":\"Organization\",\"@id\":\"https:\/\/www.alldayled.com\/de\/#organization\",\"name\":\"All Day Led\",\"url\":\"https:\/\/www.alldayled.com\/de\/\",\"logo\":{\"@type\":\"ImageObject\",\"inLanguage\":\"de\",\"@id\":\"https:\/\/www.alldayled.com\/de\/#\/schema\/logo\/image\/\",\"url\":\"https:\/\/www.alldayled.com\/wp-content\/uploads\/2025\/10\/Logo-ALL-DAY-LED-800x800-zwart-witte-letters.png\",\"contentUrl\":\"https:\/\/www.alldayled.com\/wp-content\/uploads\/2025\/10\/Logo-ALL-DAY-LED-800x800-zwart-witte-letters.png\",\"width\":800,\"height\":800,\"caption\":\"All Day Led\"},\"image\":{\"@id\":\"https:\/\/www.alldayled.com\/de\/#\/schema\/logo\/image\/\"},\"sameAs\":[\"https:\/\/www.facebook.com\/alldayled\/\",\"https:\/\/www.instagram.com\/alldayled\/\"],\"vatID\":\"NL863960133B01\",\"taxID\":\"86416545\"}]}<\/script>\n<meta property=\"product:brand\" content=\"Nedking\" \/>\n<meta property=\"product:price:amount\" content=\"129.00\" \/>\n<meta property=\"product:price:currency\" content=\"EUR\" \/>\n<meta property=\"og:availability\" content=\"instock\" \/>\n<meta property=\"product:availability\" content=\"instock\" \/>\n<meta property=\"product:retailer_item_id\" content=\"ADL181305\" \/>\n<meta property=\"product:condition\" content=\"new\" \/>\n<!-- \/ Yoast SEO Premium plugin. -->","yoast_head_json":{"title":"LED strip classic Leuchtkasten 140cm - All Day Led - f\u00fcr Nedking Retro-Design","description":"LED strip classic Leuchtkasten 140cm - f\u00fcr den LED Leuchtkasten von Nedking \/ Classic Ausf\u00fchrung - Ersatzteil f\u00fcr 12\/24 Volt - inkl. 3M-Tape-Befestigung","robots":{"index":"index","follow":"follow","max-snippet":"max-snippet:-1","max-image-preview":"max-image-preview:large","max-video-preview":"max-video-preview:-1"},"canonical":"https:\/\/www.alldayled.com\/de\/produkt\/led-strip-lichtbak-140cm-classic-model\/","og_locale":"de_DE","og_type":"article","og_title":"LED strip classic Leuchtkasten 140cm - All Day Led - f\u00fcr Nedking Retro-Design","og_description":"LED strip classic Leuchtkasten 140cm - f\u00fcr den LED Leuchtkasten von Nedking \/ Classic Ausf\u00fchrung - Ersatzteil f\u00fcr 12\/24 Volt - inkl. 3M-Tape-Befestigung","og_url":"https:\/\/www.alldayled.com\/de\/produkt\/led-strip-lichtbak-140cm-classic-model\/","og_site_name":"All Day Led","article_publisher":"https:\/\/www.facebook.com\/alldayled\/","og_image":[{"width":800,"height":600,"url":"https:\/\/www.alldayled.com\/wp-content\/uploads\/2024\/02\/ADL181305.png","type":"image\/png"}],"twitter_misc":{"Preis":"&euro;&nbsp;129,00","Verf\u00fcgbarkeit":"Auf Lager"},"schema":{"@context":"https:\/\/schema.org","@graph":[{"@type":"WebPage","@id":"https:\/\/www.alldayled.com\/de\/produkt\/led-strip-lichtbak-140cm-classic-model\/","url":"https:\/\/www.alldayled.com\/de\/produkt\/led-strip-lichtbak-140cm-classic-model\/","name":"LED strip classic Leuchtkasten 140cm - All Day Led - f\u00fcr Nedking Retro-Design","isPartOf":{"@id":"https:\/\/www.alldayled.com\/de\/#website"},"primaryImageOfPage":{"@id":"https:\/\/www.alldayled.com\/de\/produkt\/led-strip-lichtbak-140cm-classic-model\/#primaryimage"},"image":{"@id":"https:\/\/www.alldayled.com\/de\/produkt\/led-strip-lichtbak-140cm-classic-model\/#primaryimage"},"thumbnailUrl":"https:\/\/www.alldayled.com\/wp-content\/uploads\/2024\/02\/ADL181305.png","datePublished":"2023-12-07T14:21:10+00:00","description":"LED strip classic Leuchtkasten 140cm - f\u00fcr den LED Leuchtkasten von Nedking \/ Classic Ausf\u00fchrung - Ersatzteil f\u00fcr 12\/24 Volt - inkl. 3M-Tape-Befestigung","breadcrumb":{"@id":"https:\/\/www.alldayled.com\/de\/produkt\/led-strip-lichtbak-140cm-classic-model\/#breadcrumb"},"inLanguage":"de","potentialAction":[{"@type":"ReadAction","target":["https:\/\/www.alldayled.com\/de\/produkt\/led-strip-lichtbak-140cm-classic-model\/"]}]},{"@type":"ImageObject","inLanguage":"de","@id":"https:\/\/www.alldayled.com\/de\/produkt\/led-strip-lichtbak-140cm-classic-model\/#primaryimage","url":"https:\/\/www.alldayled.com\/wp-content\/uploads\/2024\/02\/ADL181305.png","contentUrl":"https:\/\/www.alldayled.com\/wp-content\/uploads\/2024\/02\/ADL181305.png","width":800,"height":600,"caption":"LED strip f\u00fcr CLASSIC \/ OLD SCOOL Modell Leuchtkasten mit einer L\u00e4nge von 140cm - geeignet f\u00fcr einen RETRO DESIGN NEDKING Leuchtkasten - funktioniert mit 12 und 24 Volt - wird mit POWERUNIT geliefert - EAN: 6438203003179"},{"@type":"BreadcrumbList","@id":"https:\/\/www.alldayled.com\/de\/produkt\/led-strip-lichtbak-140cm-classic-model\/#breadcrumb","itemListElement":[{"@type":"ListItem","position":1,"name":"Home","item":"https:\/\/www.alldayled.com\/de\/"},{"@type":"ListItem","position":2,"name":"Shop","item":"https:\/\/www.alldayled.com\/de\/shop\/"},{"@type":"ListItem","position":3,"name":"Leuchtkasten","item":"https:\/\/www.alldayled.com\/de\/produkt-kategorie\/led-leuchtreklame\/"},{"@type":"ListItem","position":4,"name":"LED strip classic Leuchtkasten 140cm &#8211; WEISS"}]},{"@type":"WebSite","@id":"https:\/\/www.alldayled.com\/de\/#website","url":"https:\/\/www.alldayled.com\/de\/","name":"All Day Led","description":"Verlichting voor 12&amp;24 volt gebruik","publisher":{"@id":"https:\/\/www.alldayled.com\/de\/#organization"},"potentialAction":[{"@type":"SearchAction","target":{"@type":"EntryPoint","urlTemplate":"https:\/\/www.alldayled.com\/de\/?s={search_term_string}"},"query-input":{"@type":"PropertyValueSpecification","valueRequired":true,"valueName":"search_term_string"}}],"inLanguage":"de"},{"@type":"Organization","@id":"https:\/\/www.alldayled.com\/de\/#organization","name":"All Day Led","url":"https:\/\/www.alldayled.com\/de\/","logo":{"@type":"ImageObject","inLanguage":"de","@id":"https:\/\/www.alldayled.com\/de\/#\/schema\/logo\/image\/","url":"https:\/\/www.alldayled.com\/wp-content\/uploads\/2025\/10\/Logo-ALL-DAY-LED-800x800-zwart-witte-letters.png","contentUrl":"https:\/\/www.alldayled.com\/wp-content\/uploads\/2025\/10\/Logo-ALL-DAY-LED-800x800-zwart-witte-letters.png","width":800,"height":800,"caption":"All Day Led"},"image":{"@id":"https:\/\/www.alldayled.com\/de\/#\/schema\/logo\/image\/"},"sameAs":["https:\/\/www.facebook.com\/alldayled\/","https:\/\/www.instagram.com\/alldayled\/"],"vatID":"NL863960133B01","taxID":"86416545"}]},"product_brand":"Nedking","product_price_amount":"129.00","product_price_currency":"EUR","og_availability":"instock","product_availability":"instock","product_retailer_item_id":"ADL181305","product_condition":"new"},"_links":{"self":[{"href":"https:\/\/www.alldayled.com\/de\/wp-json\/wp\/v2\/product\/66941","targetHints":{"allow":["GET"]}}],"collection":[{"href":"https:\/\/www.alldayled.com\/de\/wp-json\/wp\/v2\/product"}],"about":[{"href":"https:\/\/www.alldayled.com\/de\/wp-json\/wp\/v2\/types\/product"}],"replies":[{"embeddable":true,"href":"https:\/\/www.alldayled.com\/de\/wp-json\/wp\/v2\/comments?post=66941"}],"wp:featuredmedia":[{"embeddable":true,"href":"https:\/\/www.alldayled.com\/de\/wp-json\/wp\/v2\/media\/27453"}],"wp:attachment":[{"href":"https:\/\/www.alldayled.com\/de\/wp-json\/wp\/v2\/media?parent=66941"}],"wp:term":[{"taxonomy":"product_brand","embeddable":true,"href":"https:\/\/www.alldayled.com\/de\/wp-json\/wp\/v2\/product_brand?post=66941"},{"taxonomy":"product_cat","embeddable":true,"href":"https:\/\/www.alldayled.com\/de\/wp-json\/wp\/v2\/product_cat?post=66941"},{"taxonomy":"product_tag","embeddable":true,"href":"https:\/\/www.alldayled.com\/de\/wp-json\/wp\/v2\/product_tag?post=66941"}],"curies":[{"name":"wp","href":"https:\/\/api.w.org\/{rel}","templated":true}]}}