{"id":66945,"date":"2023-11-16T08:38:28","date_gmt":"2023-11-16T07:38:28","guid":{"rendered":"https:\/\/www.alldayled.com\/product\/was-w174-markeringslamp-oranje\/"},"modified":"2023-11-16T08:38:28","modified_gmt":"2023-11-16T07:38:28","slug":"was-w174-markeringslamp-oranje","status":"publish","type":"product","link":"https:\/\/www.alldayled.com\/de\/produkt\/was-w174-markeringslamp-oranje\/","title":{"rendered":"WA\u015a W174 Markierungsleuchte orange"},"content":{"rendered":"<p><span style=\"color: #000000;\"><strong>WA\u015a W174 Markierungsleuchte orange.<\/strong><\/span><\/p>\n<p><span style=\"color: #000000;\">Sind Sie auf der Suche nach einer guten LED Markierungsleuchte mit NEON-Look und eingebautem Reflektor? Dann ist die orangefarbene Markierungsleuchte von WA\u015a vielleicht genau das, was Sie suchen! Diese orangefarben leuchtende Umrissleuchte hat einen klaren NEON LED-Streifen und wird mit Befestigungsb\u00fcgel und Schrauben geliefert. Die WA\u015a W174 LED Markierungsleuchte orange funktioniert mit 12 &amp; 24 volt, sodass Sie sie beispielsweise an Ihrem Auto, LKW, Wohnmobil oder einem anderen Fahrzeug montieren k\u00f6nnen.   <\/span><\/p>\n<p><span style=\"color: #000000;\">Um sicherzustellen, dass die WA\u015a W174 LED Markierungsleuchte orange mit NEON-Look f\u00fcr Ihr Fahrzeug oder Ihren Anh\u00e4nger geeignet ist, haben wir die wichtigsten Spezifikationen unten aufgef\u00fchrt. So sehen Sie sofort, warum dies vielleicht die LED Lampe ist, nach der Sie suchen. Die Lampe hat das ECE R10-Pr\u00fcfzeichen, was bedeutet, dass sie keine St\u00f6rungen beispielsweise an Ihrem Radio verursacht. Dar\u00fcber hinaus ist sie mit den ECE R3- und R7-Pr\u00fcfzeichen versehen, wodurch Sie die Lampe offiziell als Markierungsleuchte mit Reflektor verwenden d\u00fcrfen.   <\/span><\/p>\n<h5><span style=\"color: #000000;\"><strong>Abmessungen:<\/strong><\/span><\/h5>\n<p><span style=\"color: #000000;\">M\u00f6chten Sie sicher sein, dass Sie die Lampe dort montieren k\u00f6nnen, wo Sie m\u00f6chten? Kein Problem! Nachfolgend finden Sie die Abmessungen der WA\u015a W174 LED Markierungsleuchte orange einschlie\u00dflich Halter:<\/span><\/p>\n<ul>\n<li><span style=\"color: #000000;\">L\u00e4nge: 115,3 mm<\/span><\/li>\n<li><span style=\"color: #000000;\">H\u00f6he: 41,3 mm<\/span><\/li>\n<li><span style=\"color: #000000;\">Dicke: 20 mm <\/span><\/li>\n<li><span style=\"color: #000000;\">Mitte zu Mitte: 75mm<\/span><\/li>\n<\/ul>\n<h5><span style=\"color: #000000;\"><strong>Andere Farben:<\/strong><\/span><\/h5>\n<p><span style=\"color: #000000;\">M\u00f6chten Sie zwar eine WA\u015a Umrissleuchte kaufen, aber der orangefarbene NEON-Look ist nicht die Farbe, die Sie suchen? Keine Sorge! Dieses Modell ist auch in den folgenden Farben erh\u00e4ltlich:  <\/span><\/p>\n<ul>\n<li><span style=\"color: #000000;\"><a style=\"color: #000000;\" href=\"https:\/\/www.alldayled.com\/de\/produkt\/was-w174-markeringslamp-rood\/\"><strong>W174 Umrissleuchte ROT<\/strong><\/a><\/span><\/li>\n<li><span style=\"color: #000000;\"><a style=\"color: #000000;\" href=\"https:\/\/www.alldayled.com\/de\/produkt\/was-w174-markeringslamp-wit\/\" target=\"_blank\" rel=\"noopener\"><strong>W174 Umrissleuchte WEISS<\/strong><\/a><\/span><\/li>\n<\/ul>\n<p><span style=\"color: #000000;\">Sind Sie immer noch nicht davon \u00fcberzeugt, dass die WA\u015a W174 LED Markierungsleuchte orange das ist, was Sie suchen? Vielleicht entsprechen die Lichtleistung, die Wattleistung oder die Form nicht ganz Ihren Vorstellungen. Sehen Sie sich dann hier das komplette Angebot von <a style=\"color: #000000;\" href=\"https:\/\/www.alldayled.com\/de\/marke\/product-was\/\" target=\"_blank\" rel=\"noopener\">WA\u015a<\/a> an. Wer wei\u00df, vielleicht finden Sie dort genau das Modell, das zu Ihrem Fahrzeug passt.   <\/span><\/p>\n","protected":false},"excerpt":{"rendered":"<p>WA\u015a Markierungsleuchte orange mit Reflektor und NEON-Look. Geeignet f\u00fcr 12\/24 Volt. <\/p>\n","protected":false},"featured_media":26313,"comment_status":"open","ping_status":"closed","template":"","meta":{"_acf_changed":false},"product_brand":[5691],"product_cat":[5196],"product_tag":[9151,9153,9158,9159,9270,9155,9167,9157,9156,9271,9445],"class_list":{"0":"post-66945","1":"product","2":"type-product","3":"status-publish","4":"has-post-thumbnail","6":"product_brand-product-was","7":"product_cat-markeringslampen","8":"product_tag-konturbeleuchtung","9":"product_tag-led-markierungsleuchte","10":"product_tag-led-markierungsleuchte-12-volt","11":"product_tag-led-markierungsleuchte-24-volt","12":"product_tag-led-markierungsleuchte-orange","13":"product_tag-markierungsleuchte-anhaenger","14":"product_tag-markierungsleuchte-anhanger","15":"product_tag-markierungsleuchte-lkw","16":"product_tag-markierungsleuchte-wohnmobil","17":"product_tag-seitenmarkierung","18":"product_tag-was-led-beleuchtung","20":"first","21":"instock","22":"taxable","23":"shipping-taxable","24":"purchasable","25":"product-type-simple"},"acf":[],"yoast_head":"<!-- This site is optimized with the Yoast SEO Premium plugin v26.5 (Yoast SEO v27.1.1) - https:\/\/yoast.com\/product\/yoast-seo-premium-wordpress\/ -->\n<title>W174 Markierungsleuchte orange - WA\u015a - All Day Led - geeignet f\u00fcr 12&amp;24 volt<\/title>\n<meta name=\"description\" content=\"W174 Markierungsleuchte orange - WA\u015a - 12-24 volt - Auto, Anh\u00e4nger, LKW und mehr - ECE R91-Pr\u00fcfzeichen - NEON-Look LED Lampe - mit Halter\" \/>\n<meta name=\"robots\" content=\"index, follow, max-snippet:-1, max-image-preview:large, max-video-preview:-1\" \/>\n<link rel=\"canonical\" href=\"https:\/\/www.alldayled.com\/de\/produkt\/was-w174-markeringslamp-oranje\/\" \/>\n<meta property=\"og:locale\" content=\"de_DE\" \/>\n<meta property=\"og:type\" content=\"article\" \/>\n<meta property=\"og:title\" content=\"W174 Markierungsleuchte orange - WA\u015a - All Day Led - geeignet f\u00fcr 12&amp;24 volt\" \/>\n<meta property=\"og:description\" content=\"W174 Markierungsleuchte orange - WA\u015a - 12-24 volt - Auto, Anh\u00e4nger, LKW und mehr - ECE R91-Pr\u00fcfzeichen - NEON-Look LED Lampe - mit Halter\" \/>\n<meta property=\"og:url\" content=\"https:\/\/www.alldayled.com\/de\/produkt\/was-w174-markeringslamp-oranje\/\" \/>\n<meta property=\"og:site_name\" content=\"All Day Led\" \/>\n<meta property=\"article:publisher\" content=\"https:\/\/www.facebook.com\/alldayled\/\" \/>\n<meta property=\"og:image\" content=\"https:\/\/www.alldayled.com\/wp-content\/uploads\/2024\/05\/ADL01219-300x300.png\" \/>\n<meta name=\"twitter:label1\" content=\"Preis\" \/>\n\t<meta name=\"twitter:data1\" content=\"&euro;&nbsp;11,95\" \/>\n\t<meta name=\"twitter:label2\" content=\"Verf\u00fcgbarkeit\" \/>\n\t<meta name=\"twitter:data2\" content=\"Auf Lager\" \/>\n<script type=\"application\/ld+json\" class=\"yoast-schema-graph\">{\"@context\":\"https:\/\/schema.org\",\"@graph\":[{\"@type\":\"WebPage\",\"@id\":\"https:\/\/www.alldayled.com\/de\/produkt\/was-w174-markeringslamp-oranje\/\",\"url\":\"https:\/\/www.alldayled.com\/de\/produkt\/was-w174-markeringslamp-oranje\/\",\"name\":\"W174 Markierungsleuchte orange - WA\u015a - All Day Led - geeignet f\u00fcr 12&24 volt\",\"isPartOf\":{\"@id\":\"https:\/\/www.alldayled.com\/de\/#website\"},\"primaryImageOfPage\":{\"@id\":\"https:\/\/www.alldayled.com\/de\/produkt\/was-w174-markeringslamp-oranje\/#primaryimage\"},\"image\":{\"@id\":\"https:\/\/www.alldayled.com\/de\/produkt\/was-w174-markeringslamp-oranje\/#primaryimage\"},\"thumbnailUrl\":\"https:\/\/www.alldayled.com\/wp-content\/uploads\/2023\/11\/ADL01219.png\",\"datePublished\":\"2023-11-16T07:38:28+00:00\",\"description\":\"W174 Markierungsleuchte orange - WA\u015a - 12-24 volt - Auto, Anh\u00e4nger, LKW und mehr - ECE R91-Pr\u00fcfzeichen - NEON-Look LED Lampe - mit Halter\",\"breadcrumb\":{\"@id\":\"https:\/\/www.alldayled.com\/de\/produkt\/was-w174-markeringslamp-oranje\/#breadcrumb\"},\"inLanguage\":\"de\",\"potentialAction\":[{\"@type\":\"ReadAction\",\"target\":[\"https:\/\/www.alldayled.com\/de\/produkt\/was-w174-markeringslamp-oranje\/\"]}]},{\"@type\":\"ImageObject\",\"inLanguage\":\"de\",\"@id\":\"https:\/\/www.alldayled.com\/de\/produkt\/was-w174-markeringslamp-oranje\/#primaryimage\",\"url\":\"https:\/\/www.alldayled.com\/wp-content\/uploads\/2023\/11\/ADL01219.png\",\"contentUrl\":\"https:\/\/www.alldayled.com\/wp-content\/uploads\/2023\/11\/ADL01219.png\",\"width\":800,\"height\":600,\"caption\":\"WA\u015a W174 Markierungsleuchte ORANGE - Umrissbeleuchtung f\u00fcr 12 und 24 Volt Betrieb - LED Lampe mit NEON Look - f\u00fcr Auto, LKW, Traktor, Wohnmobil und mehr - EAN: 5903098103576\"},{\"@type\":\"BreadcrumbList\",\"@id\":\"https:\/\/www.alldayled.com\/de\/produkt\/was-w174-markeringslamp-oranje\/#breadcrumb\",\"itemListElement\":[{\"@type\":\"ListItem\",\"position\":1,\"name\":\"Home\",\"item\":\"https:\/\/www.alldayled.com\/de\/\"},{\"@type\":\"ListItem\",\"position\":2,\"name\":\"Shop\",\"item\":\"https:\/\/www.alldayled.com\/de\/shop\/\"},{\"@type\":\"ListItem\",\"position\":3,\"name\":\"Positionsleuchten\",\"item\":\"https:\/\/www.alldayled.com\/de\/produkt-kategorie\/positionslichter\/\"},{\"@type\":\"ListItem\",\"position\":4,\"name\":\"Markierungsleuchten\",\"item\":\"https:\/\/www.alldayled.com\/de\/produkt-kategorie\/positionslichter\/markeringslampen\/\"},{\"@type\":\"ListItem\",\"position\":5,\"name\":\"WA\u015a W174 Markierungsleuchte orange\"}]},{\"@type\":\"WebSite\",\"@id\":\"https:\/\/www.alldayled.com\/de\/#website\",\"url\":\"https:\/\/www.alldayled.com\/de\/\",\"name\":\"All Day Led\",\"description\":\"Verlichting voor 12&amp;24 volt gebruik\",\"publisher\":{\"@id\":\"https:\/\/www.alldayled.com\/de\/#organization\"},\"potentialAction\":[{\"@type\":\"SearchAction\",\"target\":{\"@type\":\"EntryPoint\",\"urlTemplate\":\"https:\/\/www.alldayled.com\/de\/?s={search_term_string}\"},\"query-input\":{\"@type\":\"PropertyValueSpecification\",\"valueRequired\":true,\"valueName\":\"search_term_string\"}}],\"inLanguage\":\"de\"},{\"@type\":\"Organization\",\"@id\":\"https:\/\/www.alldayled.com\/de\/#organization\",\"name\":\"All Day Led\",\"url\":\"https:\/\/www.alldayled.com\/de\/\",\"logo\":{\"@type\":\"ImageObject\",\"inLanguage\":\"de\",\"@id\":\"https:\/\/www.alldayled.com\/de\/#\/schema\/logo\/image\/\",\"url\":\"https:\/\/www.alldayled.com\/wp-content\/uploads\/2025\/10\/Logo-ALL-DAY-LED-800x800-zwart-witte-letters.png\",\"contentUrl\":\"https:\/\/www.alldayled.com\/wp-content\/uploads\/2025\/10\/Logo-ALL-DAY-LED-800x800-zwart-witte-letters.png\",\"width\":800,\"height\":800,\"caption\":\"All Day Led\"},\"image\":{\"@id\":\"https:\/\/www.alldayled.com\/de\/#\/schema\/logo\/image\/\"},\"sameAs\":[\"https:\/\/www.facebook.com\/alldayled\/\",\"https:\/\/www.instagram.com\/alldayled\/\"],\"vatID\":\"NL863960133B01\",\"taxID\":\"86416545\"}]}<\/script>\n<meta property=\"product:brand\" content=\"WA\u015a\" \/>\n<meta property=\"product:price:amount\" content=\"11.95\" \/>\n<meta property=\"product:price:currency\" content=\"EUR\" \/>\n<meta property=\"og:availability\" content=\"instock\" \/>\n<meta property=\"product:availability\" content=\"instock\" \/>\n<meta property=\"product:retailer_item_id\" content=\"ADL01219\" \/>\n<meta property=\"product:condition\" content=\"new\" \/>\n<!-- \/ Yoast SEO Premium plugin. -->","yoast_head_json":{"title":"W174 Markierungsleuchte orange - WA\u015a - All Day Led - geeignet f\u00fcr 12&24 volt","description":"W174 Markierungsleuchte orange - WA\u015a - 12-24 volt - Auto, Anh\u00e4nger, LKW und mehr - ECE R91-Pr\u00fcfzeichen - NEON-Look LED Lampe - mit Halter","robots":{"index":"index","follow":"follow","max-snippet":"max-snippet:-1","max-image-preview":"max-image-preview:large","max-video-preview":"max-video-preview:-1"},"canonical":"https:\/\/www.alldayled.com\/de\/produkt\/was-w174-markeringslamp-oranje\/","og_locale":"de_DE","og_type":"article","og_title":"W174 Markierungsleuchte orange - WA\u015a - All Day Led - geeignet f\u00fcr 12&24 volt","og_description":"W174 Markierungsleuchte orange - WA\u015a - 12-24 volt - Auto, Anh\u00e4nger, LKW und mehr - ECE R91-Pr\u00fcfzeichen - NEON-Look LED Lampe - mit Halter","og_url":"https:\/\/www.alldayled.com\/de\/produkt\/was-w174-markeringslamp-oranje\/","og_site_name":"All Day Led","article_publisher":"https:\/\/www.facebook.com\/alldayled\/","og_image":[{"url":"https:\/\/www.alldayled.com\/wp-content\/uploads\/2024\/05\/ADL01219-300x300.png","type":"","width":"","height":""}],"twitter_misc":{"Preis":"&euro;&nbsp;11,95","Verf\u00fcgbarkeit":"Auf Lager"},"schema":{"@context":"https:\/\/schema.org","@graph":[{"@type":"WebPage","@id":"https:\/\/www.alldayled.com\/de\/produkt\/was-w174-markeringslamp-oranje\/","url":"https:\/\/www.alldayled.com\/de\/produkt\/was-w174-markeringslamp-oranje\/","name":"W174 Markierungsleuchte orange - WA\u015a - All Day Led - geeignet f\u00fcr 12&24 volt","isPartOf":{"@id":"https:\/\/www.alldayled.com\/de\/#website"},"primaryImageOfPage":{"@id":"https:\/\/www.alldayled.com\/de\/produkt\/was-w174-markeringslamp-oranje\/#primaryimage"},"image":{"@id":"https:\/\/www.alldayled.com\/de\/produkt\/was-w174-markeringslamp-oranje\/#primaryimage"},"thumbnailUrl":"https:\/\/www.alldayled.com\/wp-content\/uploads\/2023\/11\/ADL01219.png","datePublished":"2023-11-16T07:38:28+00:00","description":"W174 Markierungsleuchte orange - WA\u015a - 12-24 volt - Auto, Anh\u00e4nger, LKW und mehr - ECE R91-Pr\u00fcfzeichen - NEON-Look LED Lampe - mit Halter","breadcrumb":{"@id":"https:\/\/www.alldayled.com\/de\/produkt\/was-w174-markeringslamp-oranje\/#breadcrumb"},"inLanguage":"de","potentialAction":[{"@type":"ReadAction","target":["https:\/\/www.alldayled.com\/de\/produkt\/was-w174-markeringslamp-oranje\/"]}]},{"@type":"ImageObject","inLanguage":"de","@id":"https:\/\/www.alldayled.com\/de\/produkt\/was-w174-markeringslamp-oranje\/#primaryimage","url":"https:\/\/www.alldayled.com\/wp-content\/uploads\/2023\/11\/ADL01219.png","contentUrl":"https:\/\/www.alldayled.com\/wp-content\/uploads\/2023\/11\/ADL01219.png","width":800,"height":600,"caption":"WA\u015a W174 Markierungsleuchte ORANGE - Umrissbeleuchtung f\u00fcr 12 und 24 Volt Betrieb - LED Lampe mit NEON Look - f\u00fcr Auto, LKW, Traktor, Wohnmobil und mehr - EAN: 5903098103576"},{"@type":"BreadcrumbList","@id":"https:\/\/www.alldayled.com\/de\/produkt\/was-w174-markeringslamp-oranje\/#breadcrumb","itemListElement":[{"@type":"ListItem","position":1,"name":"Home","item":"https:\/\/www.alldayled.com\/de\/"},{"@type":"ListItem","position":2,"name":"Shop","item":"https:\/\/www.alldayled.com\/de\/shop\/"},{"@type":"ListItem","position":3,"name":"Positionsleuchten","item":"https:\/\/www.alldayled.com\/de\/produkt-kategorie\/positionslichter\/"},{"@type":"ListItem","position":4,"name":"Markierungsleuchten","item":"https:\/\/www.alldayled.com\/de\/produkt-kategorie\/positionslichter\/markeringslampen\/"},{"@type":"ListItem","position":5,"name":"WA\u015a W174 Markierungsleuchte orange"}]},{"@type":"WebSite","@id":"https:\/\/www.alldayled.com\/de\/#website","url":"https:\/\/www.alldayled.com\/de\/","name":"All Day Led","description":"Verlichting voor 12&amp;24 volt gebruik","publisher":{"@id":"https:\/\/www.alldayled.com\/de\/#organization"},"potentialAction":[{"@type":"SearchAction","target":{"@type":"EntryPoint","urlTemplate":"https:\/\/www.alldayled.com\/de\/?s={search_term_string}"},"query-input":{"@type":"PropertyValueSpecification","valueRequired":true,"valueName":"search_term_string"}}],"inLanguage":"de"},{"@type":"Organization","@id":"https:\/\/www.alldayled.com\/de\/#organization","name":"All Day Led","url":"https:\/\/www.alldayled.com\/de\/","logo":{"@type":"ImageObject","inLanguage":"de","@id":"https:\/\/www.alldayled.com\/de\/#\/schema\/logo\/image\/","url":"https:\/\/www.alldayled.com\/wp-content\/uploads\/2025\/10\/Logo-ALL-DAY-LED-800x800-zwart-witte-letters.png","contentUrl":"https:\/\/www.alldayled.com\/wp-content\/uploads\/2025\/10\/Logo-ALL-DAY-LED-800x800-zwart-witte-letters.png","width":800,"height":800,"caption":"All Day Led"},"image":{"@id":"https:\/\/www.alldayled.com\/de\/#\/schema\/logo\/image\/"},"sameAs":["https:\/\/www.facebook.com\/alldayled\/","https:\/\/www.instagram.com\/alldayled\/"],"vatID":"NL863960133B01","taxID":"86416545"}]},"product_brand":"WA\u015a","product_price_amount":"11.95","product_price_currency":"EUR","og_availability":"instock","product_availability":"instock","product_retailer_item_id":"ADL01219","product_condition":"new"},"_links":{"self":[{"href":"https:\/\/www.alldayled.com\/de\/wp-json\/wp\/v2\/product\/66945","targetHints":{"allow":["GET"]}}],"collection":[{"href":"https:\/\/www.alldayled.com\/de\/wp-json\/wp\/v2\/product"}],"about":[{"href":"https:\/\/www.alldayled.com\/de\/wp-json\/wp\/v2\/types\/product"}],"replies":[{"embeddable":true,"href":"https:\/\/www.alldayled.com\/de\/wp-json\/wp\/v2\/comments?post=66945"}],"wp:featuredmedia":[{"embeddable":true,"href":"https:\/\/www.alldayled.com\/de\/wp-json\/wp\/v2\/media\/26313"}],"wp:attachment":[{"href":"https:\/\/www.alldayled.com\/de\/wp-json\/wp\/v2\/media?parent=66945"}],"wp:term":[{"taxonomy":"product_brand","embeddable":true,"href":"https:\/\/www.alldayled.com\/de\/wp-json\/wp\/v2\/product_brand?post=66945"},{"taxonomy":"product_cat","embeddable":true,"href":"https:\/\/www.alldayled.com\/de\/wp-json\/wp\/v2\/product_cat?post=66945"},{"taxonomy":"product_tag","embeddable":true,"href":"https:\/\/www.alldayled.com\/de\/wp-json\/wp\/v2\/product_tag?post=66945"}],"curies":[{"name":"wp","href":"https:\/\/api.w.org\/{rel}","templated":true}]}}