{"id":66980,"date":"2025-02-28T11:49:41","date_gmt":"2025-02-28T10:49:41","guid":{"rendered":"https:\/\/www.alldayled.com\/product\/horpol-ld2164-breedtelamp\/"},"modified":"2025-12-17T22:13:51","modified_gmt":"2025-12-17T21:13:51","slug":"horpol-ld2164-breedtelamp","status":"publish","type":"product","link":"https:\/\/www.alldayled.com\/de\/produkt\/horpol-ld2164-breedtelamp\/","title":{"rendered":"Horpol LD2164 Umrissleuchte"},"content":{"rendered":"<p><span style=\"color: #000000;\"><strong>Horpol LD2164 GRAPHITE Umrissleuchte, f\u00fcr 12 und 24 Volt. <\/strong><\/span><\/p>\n<p><span style=\"color: #000000;\">Sind Sie auf der Suche nach einer kompakten, modernen LED Umrissleuchte, die perfekt zu verschiedenen Fahrzeugen passt? Dann ist die Horpol LD2164 GRAPHITE Umrissleuchte genau das, was Sie brauchen. Diese stilvolle Lampe aus der Graphite-Serie ist in einem dunklen, schlichten Look gehalten und kombiniert ein modernes Erscheinungsbild mit optimaler Sichtbarkeit. Die LED-Lampe ist mit einem wei\u00dfen Frontlicht und einem roten R\u00fccklicht ausgestattet, sodass Sie sowohl vorne als auch hinten im Stra\u00dfenverkehr gut sichtbar sind. Ideal f\u00fcr zus\u00e4tzliche Sicherheit, sowohl tags\u00fcber als auch abends.    <\/span><\/p>\n<p><span style=\"color: #000000;\">Die Horpol LD2164 Umrissleuchte ist sowohl f\u00fcr 12 als auch f\u00fcr 24 Volt geeignet und daher vielseitig einsetzbar. Egal, ob Sie einen Anh\u00e4nger, ein Wohnmobil, einen LKW, ein landwirtschaftliches Fahrzeug oder eine Spezialmaschine haben, diese Lampe ist eine ausgezeichnete Wahl. Dank des symmetrischen Designs kann die Lampe sowohl auf der linken als auch auf der rechten Seite montiert werden. Das Geh\u00e4use ist vollst\u00e4ndig wasserdicht (IP68), wodurch es auch unter schwierigen Bedingungen staub- und feuchtigkeitsbest\u00e4ndig ist.   <\/span><\/p>\n<div class=\"truncated\">\n<h5><span style=\"color: #000000;\"><strong>Abmessungen:<\/strong><\/span><\/h5>\n<p><span style=\"color: #000000;\">M\u00f6chten Sie sicher sein, dass die Horpol LD2164 Umrissleuchte an die Stelle passt, an der Sie sie montieren m\u00f6chten? Um Ihnen dabei zu helfen, haben wir die genauen Abmessungen dieser kompakten LED-Lampe unten f\u00fcr Sie notiert: <\/span><\/p>\n<ul>\n<li><span style=\"color: #000000;\">H\u00f6he: 110 mm<\/span><\/li>\n<li><span style=\"color: #000000;\">Breite: 30 mm<\/span><\/li>\n<li><span style=\"color: #000000;\">Dicke: 28 mm<\/span><\/li>\n<\/ul>\n<h5><span style=\"color: #000000;\"><strong>Andere Versionen: <\/strong><\/span><\/h5>\n<p><span style=\"color: #000000;\">Planen Sie, eine LED Umrissleuchte von Horpol zu kaufen, aber die Horpol LD2164 GRAPHITE ist doch nicht ganz das, was Sie suchen? Kein Problem! Horpol hat ein umfangreiches Sortiment mit verschiedenen Modellen und Ausf\u00fchrungen, sodass es immer eine Lampe gibt, die perfekt zu Ihrem Fahrzeug und Ihren W\u00fcnschen passt. Sehen Sie sich unten die anderen Umrissleuchten aus der gleichen Serie an: <\/span><\/p>\n<ul>\n<li><span style=\"color: #000000;\"><a style=\"color: #000000;\" href=\"https:\/\/www.alldayled.com\/de\/produkt\/horpol-ld2165-breedtelamp\/\"><strong>Horpol LD2165 GRAPHITE<\/strong><\/a><\/span><\/li>\n<\/ul>\n<p><span style=\"color: #000000;\">Zweifeln Sie noch, ob die Horpol LD2164 GRAPHITE wirklich das ist, was Sie suchen? Vielleicht passen die Farbe, Form oder das Aussehen doch nicht ganz zu Ihrem Fahrzeug. Keine Sorge! Werfen Sie einen Blick auf unsere Seite mit allen <a style=\"color: #000000;\" href=\"https:\/\/www.alldayled.com\/de\/produkt-kategorie\/positionslichter\/breedtelampen\/\">Umrissleuchten<\/a>. Wer wei\u00df, vielleicht finden Sie dort genau das Modell, das besser zu Ihren W\u00fcnschen passt.    <\/span><\/p>\n<\/div>\n","protected":false},"excerpt":{"rendered":"<p>Horpol LD 2164 Umrissleuchte links-rechts, f\u00fcr 12 und 24 Volt Nutzung.<\/p>\n","protected":false},"featured_media":36201,"comment_status":"open","ping_status":"closed","template":"","meta":{"_acf_changed":false},"product_brand":[6295],"product_cat":[5162],"product_tag":[5163,5164,9453,5172,5170,5171,9249,5166,9484,9486,9485],"class_list":{"0":"post-66980","1":"product","2":"type-product","3":"status-publish","4":"has-post-thumbnail","6":"product_brand-product-horpol","7":"product_cat-breedtelampen","8":"product_tag-anhanger-breite-licht","9":"product_tag-breite-lampe-wohnmobil","10":"product_tag-horpol-led-beleuchtung","11":"product_tag-led-breite-licht","12":"product_tag-led-breitenleuchte-12-volt","13":"product_tag-led-breitenleuchte-24-volt","14":"product_tag-led-umrissleuchte","15":"product_tag-lkw-breite-lampe","16":"product_tag-umrissleuchte-anhanger","17":"product_tag-umrissleuchte-lkw","18":"product_tag-umrissleuchte-trailer","20":"first","21":"instock","22":"taxable","23":"shipping-taxable","24":"purchasable","25":"product-type-simple"},"acf":[],"yoast_head":"<!-- This site is optimized with the Yoast SEO Premium plugin v26.5 (Yoast SEO v27.1.1) - https:\/\/yoast.com\/product\/yoast-seo-premium-wordpress\/ -->\n<title>Horpol LD2164 Umrissleuchte kurz - All Day Led - f\u00fcr 12&amp;24V<\/title>\n<meta name=\"description\" content=\"Horpol LD2164 Umrissleuchte - GRAPHITE Modell \/ 12&amp;24 volt - Wohnmobil, LKW, Traktor, Anh\u00e4nger und mehr - wei\u00dfe und rote LED - HOR 83AG\" \/>\n<meta name=\"robots\" content=\"index, follow, max-snippet:-1, max-image-preview:large, max-video-preview:-1\" \/>\n<link rel=\"canonical\" href=\"https:\/\/www.alldayled.com\/de\/produkt\/horpol-ld2164-breedtelamp\/\" \/>\n<meta property=\"og:locale\" content=\"de_DE\" \/>\n<meta property=\"og:type\" content=\"article\" \/>\n<meta property=\"og:title\" content=\"Horpol LD2164 Umrissleuchte kurz - All Day Led - f\u00fcr 12&amp;24V\" \/>\n<meta property=\"og:description\" content=\"Horpol LD2164 Umrissleuchte - GRAPHITE Modell \/ 12&amp;24 volt - Wohnmobil, LKW, Traktor, Anh\u00e4nger und mehr - wei\u00dfe und rote LED - HOR 83AG\" \/>\n<meta property=\"og:url\" content=\"https:\/\/www.alldayled.com\/de\/produkt\/horpol-ld2164-breedtelamp\/\" \/>\n<meta property=\"og:site_name\" content=\"All Day Led\" \/>\n<meta property=\"article:publisher\" content=\"https:\/\/www.facebook.com\/alldayled\/\" \/>\n<meta property=\"article:modified_time\" content=\"2025-12-17T21:13:51+00:00\" \/>\n<meta property=\"og:image\" content=\"https:\/\/www.alldayled.com\/wp-content\/uploads\/2025\/07\/ADL202164-SM-300x300.png\" \/>\n<meta name=\"twitter:label1\" content=\"Preis\" \/>\n\t<meta name=\"twitter:data1\" content=\"&euro;&nbsp;9,95\" \/>\n\t<meta name=\"twitter:label2\" content=\"Verf\u00fcgbarkeit\" \/>\n\t<meta name=\"twitter:data2\" content=\"Auf Lager\" \/>\n<script type=\"application\/ld+json\" class=\"yoast-schema-graph\">{\"@context\":\"https:\/\/schema.org\",\"@graph\":[{\"@type\":\"WebPage\",\"@id\":\"https:\/\/www.alldayled.com\/de\/produkt\/horpol-ld2164-breedtelamp\/\",\"url\":\"https:\/\/www.alldayled.com\/de\/produkt\/horpol-ld2164-breedtelamp\/\",\"name\":\"Horpol LD2164 Umrissleuchte kurz - All Day Led - f\u00fcr 12&24V\",\"isPartOf\":{\"@id\":\"https:\/\/www.alldayled.com\/de\/#website\"},\"primaryImageOfPage\":{\"@id\":\"https:\/\/www.alldayled.com\/de\/produkt\/horpol-ld2164-breedtelamp\/#primaryimage\"},\"image\":{\"@id\":\"https:\/\/www.alldayled.com\/de\/produkt\/horpol-ld2164-breedtelamp\/#primaryimage\"},\"thumbnailUrl\":\"https:\/\/www.alldayled.com\/wp-content\/uploads\/2025\/07\/ADL202164.png\",\"datePublished\":\"2025-02-28T10:49:41+00:00\",\"dateModified\":\"2025-12-17T21:13:51+00:00\",\"description\":\"Horpol LD2164 Umrissleuchte - GRAPHITE Modell \/ 12&24 volt - Wohnmobil, LKW, Traktor, Anh\u00e4nger und mehr - wei\u00dfe und rote LED - HOR 83AG\",\"breadcrumb\":{\"@id\":\"https:\/\/www.alldayled.com\/de\/produkt\/horpol-ld2164-breedtelamp\/#breadcrumb\"},\"inLanguage\":\"de\",\"potentialAction\":[{\"@type\":\"ReadAction\",\"target\":[\"https:\/\/www.alldayled.com\/de\/produkt\/horpol-ld2164-breedtelamp\/\"]}]},{\"@type\":\"ImageObject\",\"inLanguage\":\"de\",\"@id\":\"https:\/\/www.alldayled.com\/de\/produkt\/horpol-ld2164-breedtelamp\/#primaryimage\",\"url\":\"https:\/\/www.alldayled.com\/wp-content\/uploads\/2025\/07\/ADL202164.png\",\"contentUrl\":\"https:\/\/www.alldayled.com\/wp-content\/uploads\/2025\/07\/ADL202164.png\",\"width\":800,\"height\":600,\"caption\":\"Horpol LD21654 GRAPHITE Umrissleuchte - orange\/rot - HOR83G - IP68 - ECE R148 - EAN: 5901958853845\"},{\"@type\":\"BreadcrumbList\",\"@id\":\"https:\/\/www.alldayled.com\/de\/produkt\/horpol-ld2164-breedtelamp\/#breadcrumb\",\"itemListElement\":[{\"@type\":\"ListItem\",\"position\":1,\"name\":\"Home\",\"item\":\"https:\/\/www.alldayled.com\/de\/\"},{\"@type\":\"ListItem\",\"position\":2,\"name\":\"Shop\",\"item\":\"https:\/\/www.alldayled.com\/de\/shop\/\"},{\"@type\":\"ListItem\",\"position\":3,\"name\":\"Positionsleuchten\",\"item\":\"https:\/\/www.alldayled.com\/de\/produkt-kategorie\/positionslichter\/\"},{\"@type\":\"ListItem\",\"position\":4,\"name\":\"Umrissleuchte\",\"item\":\"https:\/\/www.alldayled.com\/de\/produkt-kategorie\/positionslichter\/breedtelampen\/\"},{\"@type\":\"ListItem\",\"position\":5,\"name\":\"Horpol LD2164 Umrissleuchte\"}]},{\"@type\":\"WebSite\",\"@id\":\"https:\/\/www.alldayled.com\/de\/#website\",\"url\":\"https:\/\/www.alldayled.com\/de\/\",\"name\":\"All Day Led\",\"description\":\"Verlichting voor 12&amp;24 volt gebruik\",\"publisher\":{\"@id\":\"https:\/\/www.alldayled.com\/de\/#organization\"},\"potentialAction\":[{\"@type\":\"SearchAction\",\"target\":{\"@type\":\"EntryPoint\",\"urlTemplate\":\"https:\/\/www.alldayled.com\/de\/?s={search_term_string}\"},\"query-input\":{\"@type\":\"PropertyValueSpecification\",\"valueRequired\":true,\"valueName\":\"search_term_string\"}}],\"inLanguage\":\"de\"},{\"@type\":\"Organization\",\"@id\":\"https:\/\/www.alldayled.com\/de\/#organization\",\"name\":\"All Day Led\",\"url\":\"https:\/\/www.alldayled.com\/de\/\",\"logo\":{\"@type\":\"ImageObject\",\"inLanguage\":\"de\",\"@id\":\"https:\/\/www.alldayled.com\/de\/#\/schema\/logo\/image\/\",\"url\":\"https:\/\/www.alldayled.com\/wp-content\/uploads\/2025\/10\/Logo-ALL-DAY-LED-800x800-zwart-witte-letters.png\",\"contentUrl\":\"https:\/\/www.alldayled.com\/wp-content\/uploads\/2025\/10\/Logo-ALL-DAY-LED-800x800-zwart-witte-letters.png\",\"width\":800,\"height\":800,\"caption\":\"All Day Led\"},\"image\":{\"@id\":\"https:\/\/www.alldayled.com\/de\/#\/schema\/logo\/image\/\"},\"sameAs\":[\"https:\/\/www.facebook.com\/alldayled\/\",\"https:\/\/www.instagram.com\/alldayled\/\"],\"vatID\":\"NL863960133B01\",\"taxID\":\"86416545\"}]}<\/script>\n<meta property=\"product:brand\" content=\"Horpol\" \/>\n<meta property=\"product:price:amount\" content=\"9.95\" \/>\n<meta property=\"product:price:currency\" content=\"EUR\" \/>\n<meta property=\"og:availability\" content=\"instock\" \/>\n<meta property=\"product:availability\" content=\"instock\" \/>\n<meta property=\"product:retailer_item_id\" content=\"ADL202164\" \/>\n<meta property=\"product:condition\" content=\"new\" \/>\n<!-- \/ Yoast SEO Premium plugin. -->","yoast_head_json":{"title":"Horpol LD2164 Umrissleuchte kurz - All Day Led - f\u00fcr 12&24V","description":"Horpol LD2164 Umrissleuchte - GRAPHITE Modell \/ 12&24 volt - Wohnmobil, LKW, Traktor, Anh\u00e4nger und mehr - wei\u00dfe und rote LED - HOR 83AG","robots":{"index":"index","follow":"follow","max-snippet":"max-snippet:-1","max-image-preview":"max-image-preview:large","max-video-preview":"max-video-preview:-1"},"canonical":"https:\/\/www.alldayled.com\/de\/produkt\/horpol-ld2164-breedtelamp\/","og_locale":"de_DE","og_type":"article","og_title":"Horpol LD2164 Umrissleuchte kurz - All Day Led - f\u00fcr 12&24V","og_description":"Horpol LD2164 Umrissleuchte - GRAPHITE Modell \/ 12&24 volt - Wohnmobil, LKW, Traktor, Anh\u00e4nger und mehr - wei\u00dfe und rote LED - HOR 83AG","og_url":"https:\/\/www.alldayled.com\/de\/produkt\/horpol-ld2164-breedtelamp\/","og_site_name":"All Day Led","article_publisher":"https:\/\/www.facebook.com\/alldayled\/","article_modified_time":"2025-12-17T21:13:51+00:00","og_image":[{"url":"https:\/\/www.alldayled.com\/wp-content\/uploads\/2025\/07\/ADL202164-SM-300x300.png","type":"","width":"","height":""}],"twitter_misc":{"Preis":"&euro;&nbsp;9,95","Verf\u00fcgbarkeit":"Auf Lager"},"schema":{"@context":"https:\/\/schema.org","@graph":[{"@type":"WebPage","@id":"https:\/\/www.alldayled.com\/de\/produkt\/horpol-ld2164-breedtelamp\/","url":"https:\/\/www.alldayled.com\/de\/produkt\/horpol-ld2164-breedtelamp\/","name":"Horpol LD2164 Umrissleuchte kurz - All Day Led - f\u00fcr 12&24V","isPartOf":{"@id":"https:\/\/www.alldayled.com\/de\/#website"},"primaryImageOfPage":{"@id":"https:\/\/www.alldayled.com\/de\/produkt\/horpol-ld2164-breedtelamp\/#primaryimage"},"image":{"@id":"https:\/\/www.alldayled.com\/de\/produkt\/horpol-ld2164-breedtelamp\/#primaryimage"},"thumbnailUrl":"https:\/\/www.alldayled.com\/wp-content\/uploads\/2025\/07\/ADL202164.png","datePublished":"2025-02-28T10:49:41+00:00","dateModified":"2025-12-17T21:13:51+00:00","description":"Horpol LD2164 Umrissleuchte - GRAPHITE Modell \/ 12&24 volt - Wohnmobil, LKW, Traktor, Anh\u00e4nger und mehr - wei\u00dfe und rote LED - HOR 83AG","breadcrumb":{"@id":"https:\/\/www.alldayled.com\/de\/produkt\/horpol-ld2164-breedtelamp\/#breadcrumb"},"inLanguage":"de","potentialAction":[{"@type":"ReadAction","target":["https:\/\/www.alldayled.com\/de\/produkt\/horpol-ld2164-breedtelamp\/"]}]},{"@type":"ImageObject","inLanguage":"de","@id":"https:\/\/www.alldayled.com\/de\/produkt\/horpol-ld2164-breedtelamp\/#primaryimage","url":"https:\/\/www.alldayled.com\/wp-content\/uploads\/2025\/07\/ADL202164.png","contentUrl":"https:\/\/www.alldayled.com\/wp-content\/uploads\/2025\/07\/ADL202164.png","width":800,"height":600,"caption":"Horpol LD21654 GRAPHITE Umrissleuchte - orange\/rot - HOR83G - IP68 - ECE R148 - EAN: 5901958853845"},{"@type":"BreadcrumbList","@id":"https:\/\/www.alldayled.com\/de\/produkt\/horpol-ld2164-breedtelamp\/#breadcrumb","itemListElement":[{"@type":"ListItem","position":1,"name":"Home","item":"https:\/\/www.alldayled.com\/de\/"},{"@type":"ListItem","position":2,"name":"Shop","item":"https:\/\/www.alldayled.com\/de\/shop\/"},{"@type":"ListItem","position":3,"name":"Positionsleuchten","item":"https:\/\/www.alldayled.com\/de\/produkt-kategorie\/positionslichter\/"},{"@type":"ListItem","position":4,"name":"Umrissleuchte","item":"https:\/\/www.alldayled.com\/de\/produkt-kategorie\/positionslichter\/breedtelampen\/"},{"@type":"ListItem","position":5,"name":"Horpol LD2164 Umrissleuchte"}]},{"@type":"WebSite","@id":"https:\/\/www.alldayled.com\/de\/#website","url":"https:\/\/www.alldayled.com\/de\/","name":"All Day Led","description":"Verlichting voor 12&amp;24 volt gebruik","publisher":{"@id":"https:\/\/www.alldayled.com\/de\/#organization"},"potentialAction":[{"@type":"SearchAction","target":{"@type":"EntryPoint","urlTemplate":"https:\/\/www.alldayled.com\/de\/?s={search_term_string}"},"query-input":{"@type":"PropertyValueSpecification","valueRequired":true,"valueName":"search_term_string"}}],"inLanguage":"de"},{"@type":"Organization","@id":"https:\/\/www.alldayled.com\/de\/#organization","name":"All Day Led","url":"https:\/\/www.alldayled.com\/de\/","logo":{"@type":"ImageObject","inLanguage":"de","@id":"https:\/\/www.alldayled.com\/de\/#\/schema\/logo\/image\/","url":"https:\/\/www.alldayled.com\/wp-content\/uploads\/2025\/10\/Logo-ALL-DAY-LED-800x800-zwart-witte-letters.png","contentUrl":"https:\/\/www.alldayled.com\/wp-content\/uploads\/2025\/10\/Logo-ALL-DAY-LED-800x800-zwart-witte-letters.png","width":800,"height":800,"caption":"All Day Led"},"image":{"@id":"https:\/\/www.alldayled.com\/de\/#\/schema\/logo\/image\/"},"sameAs":["https:\/\/www.facebook.com\/alldayled\/","https:\/\/www.instagram.com\/alldayled\/"],"vatID":"NL863960133B01","taxID":"86416545"}]},"product_brand":"Horpol","product_price_amount":"9.95","product_price_currency":"EUR","og_availability":"instock","product_availability":"instock","product_retailer_item_id":"ADL202164","product_condition":"new"},"_links":{"self":[{"href":"https:\/\/www.alldayled.com\/de\/wp-json\/wp\/v2\/product\/66980","targetHints":{"allow":["GET"]}}],"collection":[{"href":"https:\/\/www.alldayled.com\/de\/wp-json\/wp\/v2\/product"}],"about":[{"href":"https:\/\/www.alldayled.com\/de\/wp-json\/wp\/v2\/types\/product"}],"replies":[{"embeddable":true,"href":"https:\/\/www.alldayled.com\/de\/wp-json\/wp\/v2\/comments?post=66980"}],"wp:featuredmedia":[{"embeddable":true,"href":"https:\/\/www.alldayled.com\/de\/wp-json\/wp\/v2\/media\/36201"}],"wp:attachment":[{"href":"https:\/\/www.alldayled.com\/de\/wp-json\/wp\/v2\/media?parent=66980"}],"wp:term":[{"taxonomy":"product_brand","embeddable":true,"href":"https:\/\/www.alldayled.com\/de\/wp-json\/wp\/v2\/product_brand?post=66980"},{"taxonomy":"product_cat","embeddable":true,"href":"https:\/\/www.alldayled.com\/de\/wp-json\/wp\/v2\/product_cat?post=66980"},{"taxonomy":"product_tag","embeddable":true,"href":"https:\/\/www.alldayled.com\/de\/wp-json\/wp\/v2\/product_tag?post=66980"}],"curies":[{"name":"wp","href":"https:\/\/api.w.org\/{rel}","templated":true}]}}