{"id":66987,"date":"2025-02-27T16:10:06","date_gmt":"2025-02-27T15:10:06","guid":{"rendered":"https:\/\/www.alldayled.com\/product\/horpol-ld2186-breedtelamp\/"},"modified":"2026-04-13T20:40:16","modified_gmt":"2026-04-13T18:40:16","slug":"horpol-ld2186-breedtelamp","status":"publish","type":"product","link":"https:\/\/www.alldayled.com\/de\/produkt\/horpol-ld2186-breedtelamp\/","title":{"rendered":"Horpol LD2186 Umrissleuchte"},"content":{"rendered":"<p><span style=\"color: #000000;\"><strong>Horpol LD2186 GRAPHITE Umrissleuchte, f\u00fcr 12 und 24 Volt. <\/strong><\/span><\/p>\n<p><span style=\"color: #000000;\">Bist du auf der Suche nach einer kompakten, erschwinglichen LED-Umrissleuchte mit einem modernen Aussehen und einem eleganten Look? Dann ist die Horpol LD2186 Positionsleuchte GRAPHITE genau das, was du suchst. Diese LED-Konturleuchte ist mit 4 LEDs ausgestattet: eine wei\u00dfe, eine rote und zwei orangefarbene. Dank dieser Kombination bist du rundum gut sichtbar, ideal f\u00fcr zus\u00e4tzliche Sicherheit im Stra\u00dfenverkehr, sowohl tags\u00fcber als auch abends. Der clevere Aufbau der Linse, mit einer orangefarbenen Kappe und zwei klaren Linsen, sorgt f\u00fcr ein auff\u00e4lliges Xenonwei\u00df und Rotlicht an der Vorder- und R\u00fcckseite.    <\/span><\/p>\n<p><span style=\"color: #000000;\">Diese Horpol LD2186 Umrissleuchte funktioniert mit 12 und 24 Volt, wodurch sie breit auf Fahrzeugen wie Anh\u00e4ngern, LKWs, Landwirtschaftsfahrzeugen und Maschinen eingesetzt werden kann. Dank des symmetrischen Designs kann die Lampe sowohl links als auch rechts montiert werden \u2013 superpraktisch bei der Installation. Die Horpol LD2186 ist mit dem ECE R10-Pr\u00fcfzeichen versehen, was bedeutet, dass sie keine St\u00f6rungen beispielsweise auf deinem Funksignal verursacht. Dar\u00fcber hinaus hat sie auch eine ECE R148-Zulassung, womit sie die Anforderungen f\u00fcr Markierungsleuchten erf\u00fcllt. Kurz gesagt: eine kompakte, stilvolle und gut sichtbare Positionsleuchte, die einfach zu montieren ist und das tut, was man von ihr erwarten darf.    <\/span><\/p>\n<div class=\"truncated\">\n<h5><span style=\"color: #000000;\"><strong>Abmessungen:<\/strong><\/span><\/h5>\n<p><span style=\"color: #000000;\">M\u00f6chtest du sicherstellen, dass die Horpol LD2186 Umrissleuchte an die Stelle passt, an der du sie montieren m\u00f6chtest? Um dir dabei zu helfen, haben wir hier unten die genauen Abmessungen dieser kompakten LED-Lampe f\u00fcr dich notiert: <\/span><\/p>\n<ul>\n<li><span style=\"color: #000000;\">H\u00f6he: 100 mm<\/span><\/li>\n<li><span style=\"color: #000000;\">Breite: 55 mm<\/span><\/li>\n<li><span style=\"color: #000000;\">Dicke: 64 mm<\/span><\/li>\n<\/ul>\n<h5><span style=\"color: #000000;\"><strong>Andere Versionen: <\/strong><\/span><\/h5>\n<p><span style=\"color: #000000;\">Bist du zwar von plan, eine LED-Positionsleuchte der Marke Horpol zu kaufen? Aber ist die Horpol LD2186 LED-Umrissleuchte nicht das, was du suchst? Horpol hat auch die folgenden Modelle im Sortiment:   <\/span><\/p>\n<ul>\n<li><span style=\"color: #000000;\"><strong><a style=\"color: #000000;\" href=\"https:\/\/www.alldayled.com\/de\/produkt\/horpol-ld2191-breedtelamp\/\">Horpol LD2191 GRAPHITE Umrissleuchte<\/a><\/strong><\/span><\/li>\n<\/ul>\n<p><span style=\"color: #000000;\">Zweifelst du noch, ob die Horpol LD2186 GRAPHITE wirklich das ist, was du suchst? Vielleicht passen die Farbe, Form oder Ausstrahlung doch nicht ganz zu deinem Fahrzeug. Keine Sorge! Wirf dann gerne einen Blick auf unsere Seite mit allen <a style=\"color: #000000;\" href=\"https:\/\/www.alldayled.com\/de\/produkt-kategorie\/positionslichter\/breedtelampen\/\">Positionsleuchten<\/a>. Wer wei\u00df, vielleicht findest du dort genau das Modell, das besser zu deinen W\u00fcnschen passt.    <\/span><\/p>\n<\/div>\n","protected":false},"excerpt":{"rendered":"<p>Horpol LD 2186 Umrissleuchte links-rechts, f\u00fcr 12 und 24 Volt Betrieb.<\/p>\n","protected":false},"featured_media":35718,"comment_status":"open","ping_status":"closed","template":"","meta":{"_acf_changed":false},"product_brand":[6295],"product_cat":[5162],"product_tag":[5163,5164,9453,5172,5170,5171,9249,5166,9484,9486,9485],"class_list":{"0":"post-66987","1":"product","2":"type-product","3":"status-publish","4":"has-post-thumbnail","6":"product_brand-product-horpol","7":"product_cat-breedtelampen","8":"product_tag-anhanger-breite-licht","9":"product_tag-breite-lampe-wohnmobil","10":"product_tag-horpol-led-beleuchtung","11":"product_tag-led-breite-licht","12":"product_tag-led-breitenleuchte-12-volt","13":"product_tag-led-breitenleuchte-24-volt","14":"product_tag-led-umrissleuchte","15":"product_tag-lkw-breite-lampe","16":"product_tag-umrissleuchte-anhanger","17":"product_tag-umrissleuchte-lkw","18":"product_tag-umrissleuchte-trailer","20":"first","21":"instock","22":"taxable","23":"shipping-taxable","24":"purchasable","25":"product-type-simple"},"acf":[],"yoast_head":"<!-- This site is optimized with the Yoast SEO Premium plugin v26.5 (Yoast SEO v27.1.1) - https:\/\/yoast.com\/product\/yoast-seo-premium-wordpress\/ -->\n<title>Horpol LD2186 Umrissleuchte kurz - All Day Led - f\u00fcr 12&amp;24V<\/title>\n<meta name=\"description\" content=\"Horpol LD2186 Umrissleuchte - GRAPHITE Modell \/ 12&amp;24 Volt - Wohnmobil, LKW, Traktor, Anh\u00e4nger und mehr - wei\u00dfe, orangefarbene und rote LED - HOR 77AG\" \/>\n<meta name=\"robots\" content=\"index, follow, max-snippet:-1, max-image-preview:large, max-video-preview:-1\" \/>\n<link rel=\"canonical\" href=\"https:\/\/www.alldayled.com\/de\/produkt\/horpol-ld2186-breedtelamp\/\" \/>\n<meta property=\"og:locale\" content=\"de_DE\" \/>\n<meta property=\"og:type\" content=\"article\" \/>\n<meta property=\"og:title\" content=\"Horpol LD2186 Positionsleuchte kurz - All Day Led - f\u00fcr 12&amp;24V\" \/>\n<meta property=\"og:description\" content=\"Horpol LD2186 Umrissleuchte - GRAPHITE Modell \/ 12&amp;24 Volt - Wohnmobil, LKW, Traktor, Anh\u00e4nger und mehr - wei\u00dfe, orangefarbene und rote LED - HOR 77AG\" \/>\n<meta property=\"og:url\" content=\"https:\/\/www.alldayled.com\/de\/produkt\/horpol-ld2186-breedtelamp\/\" \/>\n<meta property=\"og:site_name\" content=\"All Day Led\" \/>\n<meta property=\"article:publisher\" content=\"https:\/\/www.facebook.com\/alldayled\/\" \/>\n<meta property=\"article:modified_time\" content=\"2026-04-13T18:40:16+00:00\" \/>\n<meta property=\"og:image\" content=\"https:\/\/www.alldayled.com\/wp-content\/uploads\/2025\/05\/ADL202186-SM-300x300.png\" \/>\n<meta name=\"twitter:label1\" content=\"Preis\" \/>\n\t<meta name=\"twitter:data1\" content=\"&euro;&nbsp;16,50\" \/>\n\t<meta name=\"twitter:label2\" content=\"Verf\u00fcgbarkeit\" \/>\n\t<meta name=\"twitter:data2\" content=\"Auf Lager\" \/>\n<script type=\"application\/ld+json\" class=\"yoast-schema-graph\">{\"@context\":\"https:\/\/schema.org\",\"@graph\":[{\"@type\":\"WebPage\",\"@id\":\"https:\/\/www.alldayled.com\/de\/produkt\/horpol-ld2186-breedtelamp\/\",\"url\":\"https:\/\/www.alldayled.com\/de\/produkt\/horpol-ld2186-breedtelamp\/\",\"name\":\"Horpol LD2186 Umrissleuchte kurz - All Day Led - f\u00fcr 12&24V\",\"isPartOf\":{\"@id\":\"https:\/\/www.alldayled.com\/de\/#website\"},\"primaryImageOfPage\":{\"@id\":\"https:\/\/www.alldayled.com\/de\/produkt\/horpol-ld2186-breedtelamp\/#primaryimage\"},\"image\":{\"@id\":\"https:\/\/www.alldayled.com\/de\/produkt\/horpol-ld2186-breedtelamp\/#primaryimage\"},\"thumbnailUrl\":\"https:\/\/www.alldayled.com\/wp-content\/uploads\/2025\/05\/ADL202186.png\",\"datePublished\":\"2025-02-27T15:10:06+00:00\",\"dateModified\":\"2026-04-13T18:40:16+00:00\",\"description\":\"Horpol LD2186 Umrissleuchte - GRAPHITE Modell \/ 12&24 Volt - Wohnmobil, LKW, Traktor, Anh\u00e4nger und mehr - wei\u00dfe, orangefarbene und rote LED - HOR 77AG\",\"breadcrumb\":{\"@id\":\"https:\/\/www.alldayled.com\/de\/produkt\/horpol-ld2186-breedtelamp\/#breadcrumb\"},\"inLanguage\":\"de\",\"potentialAction\":[{\"@type\":\"ReadAction\",\"target\":[\"https:\/\/www.alldayled.com\/de\/produkt\/horpol-ld2186-breedtelamp\/\"]}]},{\"@type\":\"ImageObject\",\"inLanguage\":\"de\",\"@id\":\"https:\/\/www.alldayled.com\/de\/produkt\/horpol-ld2186-breedtelamp\/#primaryimage\",\"url\":\"https:\/\/www.alldayled.com\/wp-content\/uploads\/2025\/05\/ADL202186.png\",\"contentUrl\":\"https:\/\/www.alldayled.com\/wp-content\/uploads\/2025\/05\/ADL202186.png\",\"width\":800,\"height\":600,\"caption\":\"Horpol LD2186 GRAPHITE - Umrissleuchte - orange, rot, wei\u00dfe LED - EAN: 5901958853838- HOR 77AG Produktgruppe\"},{\"@type\":\"BreadcrumbList\",\"@id\":\"https:\/\/www.alldayled.com\/de\/produkt\/horpol-ld2186-breedtelamp\/#breadcrumb\",\"itemListElement\":[{\"@type\":\"ListItem\",\"position\":1,\"name\":\"Home\",\"item\":\"https:\/\/www.alldayled.com\/de\/\"},{\"@type\":\"ListItem\",\"position\":2,\"name\":\"Shop\",\"item\":\"https:\/\/www.alldayled.com\/de\/shop\/\"},{\"@type\":\"ListItem\",\"position\":3,\"name\":\"Positionsleuchten\",\"item\":\"https:\/\/www.alldayled.com\/de\/produkt-kategorie\/positionslichter\/\"},{\"@type\":\"ListItem\",\"position\":4,\"name\":\"Umrissleuchte\",\"item\":\"https:\/\/www.alldayled.com\/de\/produkt-kategorie\/positionslichter\/breedtelampen\/\"},{\"@type\":\"ListItem\",\"position\":5,\"name\":\"Horpol LD2186 Umrissleuchte\"}]},{\"@type\":\"WebSite\",\"@id\":\"https:\/\/www.alldayled.com\/de\/#website\",\"url\":\"https:\/\/www.alldayled.com\/de\/\",\"name\":\"All Day Led\",\"description\":\"Verlichting voor 12&amp;24 volt gebruik\",\"publisher\":{\"@id\":\"https:\/\/www.alldayled.com\/de\/#organization\"},\"potentialAction\":[{\"@type\":\"SearchAction\",\"target\":{\"@type\":\"EntryPoint\",\"urlTemplate\":\"https:\/\/www.alldayled.com\/de\/?s={search_term_string}\"},\"query-input\":{\"@type\":\"PropertyValueSpecification\",\"valueRequired\":true,\"valueName\":\"search_term_string\"}}],\"inLanguage\":\"de\"},{\"@type\":\"Organization\",\"@id\":\"https:\/\/www.alldayled.com\/de\/#organization\",\"name\":\"All Day Led\",\"url\":\"https:\/\/www.alldayled.com\/de\/\",\"logo\":{\"@type\":\"ImageObject\",\"inLanguage\":\"de\",\"@id\":\"https:\/\/www.alldayled.com\/de\/#\/schema\/logo\/image\/\",\"url\":\"https:\/\/www.alldayled.com\/wp-content\/uploads\/2025\/10\/Logo-ALL-DAY-LED-800x800-zwart-witte-letters.png\",\"contentUrl\":\"https:\/\/www.alldayled.com\/wp-content\/uploads\/2025\/10\/Logo-ALL-DAY-LED-800x800-zwart-witte-letters.png\",\"width\":800,\"height\":800,\"caption\":\"All Day Led\"},\"image\":{\"@id\":\"https:\/\/www.alldayled.com\/de\/#\/schema\/logo\/image\/\"},\"sameAs\":[\"https:\/\/www.facebook.com\/alldayled\/\",\"https:\/\/www.instagram.com\/alldayled\/\"],\"vatID\":\"NL863960133B01\",\"taxID\":\"86416545\"}]}<\/script>\n<meta property=\"product:brand\" content=\"Horpol\" \/>\n<meta property=\"product:price:amount\" content=\"16.50\" \/>\n<meta property=\"product:price:currency\" content=\"EUR\" \/>\n<meta property=\"og:availability\" content=\"instock\" \/>\n<meta property=\"product:availability\" content=\"instock\" \/>\n<meta property=\"product:retailer_item_id\" content=\"ADL202186\" \/>\n<meta property=\"product:condition\" content=\"new\" \/>\n<!-- \/ Yoast SEO Premium plugin. -->","yoast_head_json":{"title":"Horpol LD2186 Umrissleuchte kurz - All Day Led - f\u00fcr 12&24V","description":"Horpol LD2186 Umrissleuchte - GRAPHITE Modell \/ 12&24 Volt - Wohnmobil, LKW, Traktor, Anh\u00e4nger und mehr - wei\u00dfe, orangefarbene und rote LED - HOR 77AG","robots":{"index":"index","follow":"follow","max-snippet":"max-snippet:-1","max-image-preview":"max-image-preview:large","max-video-preview":"max-video-preview:-1"},"canonical":"https:\/\/www.alldayled.com\/de\/produkt\/horpol-ld2186-breedtelamp\/","og_locale":"de_DE","og_type":"article","og_title":"Horpol LD2186 Positionsleuchte kurz - All Day Led - f\u00fcr 12&24V","og_description":"Horpol LD2186 Umrissleuchte - GRAPHITE Modell \/ 12&24 Volt - Wohnmobil, LKW, Traktor, Anh\u00e4nger und mehr - wei\u00dfe, orangefarbene und rote LED - HOR 77AG","og_url":"https:\/\/www.alldayled.com\/de\/produkt\/horpol-ld2186-breedtelamp\/","og_site_name":"All Day Led","article_publisher":"https:\/\/www.facebook.com\/alldayled\/","article_modified_time":"2026-04-13T18:40:16+00:00","og_image":[{"url":"https:\/\/www.alldayled.com\/wp-content\/uploads\/2025\/05\/ADL202186-SM-300x300.png","type":"","width":"","height":""}],"twitter_misc":{"Preis":"&euro;&nbsp;16,50","Verf\u00fcgbarkeit":"Auf Lager"},"schema":{"@context":"https:\/\/schema.org","@graph":[{"@type":"WebPage","@id":"https:\/\/www.alldayled.com\/de\/produkt\/horpol-ld2186-breedtelamp\/","url":"https:\/\/www.alldayled.com\/de\/produkt\/horpol-ld2186-breedtelamp\/","name":"Horpol LD2186 Umrissleuchte kurz - All Day Led - f\u00fcr 12&24V","isPartOf":{"@id":"https:\/\/www.alldayled.com\/de\/#website"},"primaryImageOfPage":{"@id":"https:\/\/www.alldayled.com\/de\/produkt\/horpol-ld2186-breedtelamp\/#primaryimage"},"image":{"@id":"https:\/\/www.alldayled.com\/de\/produkt\/horpol-ld2186-breedtelamp\/#primaryimage"},"thumbnailUrl":"https:\/\/www.alldayled.com\/wp-content\/uploads\/2025\/05\/ADL202186.png","datePublished":"2025-02-27T15:10:06+00:00","dateModified":"2026-04-13T18:40:16+00:00","description":"Horpol LD2186 Umrissleuchte - GRAPHITE Modell \/ 12&24 Volt - Wohnmobil, LKW, Traktor, Anh\u00e4nger und mehr - wei\u00dfe, orangefarbene und rote LED - HOR 77AG","breadcrumb":{"@id":"https:\/\/www.alldayled.com\/de\/produkt\/horpol-ld2186-breedtelamp\/#breadcrumb"},"inLanguage":"de","potentialAction":[{"@type":"ReadAction","target":["https:\/\/www.alldayled.com\/de\/produkt\/horpol-ld2186-breedtelamp\/"]}]},{"@type":"ImageObject","inLanguage":"de","@id":"https:\/\/www.alldayled.com\/de\/produkt\/horpol-ld2186-breedtelamp\/#primaryimage","url":"https:\/\/www.alldayled.com\/wp-content\/uploads\/2025\/05\/ADL202186.png","contentUrl":"https:\/\/www.alldayled.com\/wp-content\/uploads\/2025\/05\/ADL202186.png","width":800,"height":600,"caption":"Horpol LD2186 GRAPHITE - Umrissleuchte - orange, rot, wei\u00dfe LED - EAN: 5901958853838- HOR 77AG Produktgruppe"},{"@type":"BreadcrumbList","@id":"https:\/\/www.alldayled.com\/de\/produkt\/horpol-ld2186-breedtelamp\/#breadcrumb","itemListElement":[{"@type":"ListItem","position":1,"name":"Home","item":"https:\/\/www.alldayled.com\/de\/"},{"@type":"ListItem","position":2,"name":"Shop","item":"https:\/\/www.alldayled.com\/de\/shop\/"},{"@type":"ListItem","position":3,"name":"Positionsleuchten","item":"https:\/\/www.alldayled.com\/de\/produkt-kategorie\/positionslichter\/"},{"@type":"ListItem","position":4,"name":"Umrissleuchte","item":"https:\/\/www.alldayled.com\/de\/produkt-kategorie\/positionslichter\/breedtelampen\/"},{"@type":"ListItem","position":5,"name":"Horpol LD2186 Umrissleuchte"}]},{"@type":"WebSite","@id":"https:\/\/www.alldayled.com\/de\/#website","url":"https:\/\/www.alldayled.com\/de\/","name":"All Day Led","description":"Verlichting voor 12&amp;24 volt gebruik","publisher":{"@id":"https:\/\/www.alldayled.com\/de\/#organization"},"potentialAction":[{"@type":"SearchAction","target":{"@type":"EntryPoint","urlTemplate":"https:\/\/www.alldayled.com\/de\/?s={search_term_string}"},"query-input":{"@type":"PropertyValueSpecification","valueRequired":true,"valueName":"search_term_string"}}],"inLanguage":"de"},{"@type":"Organization","@id":"https:\/\/www.alldayled.com\/de\/#organization","name":"All Day Led","url":"https:\/\/www.alldayled.com\/de\/","logo":{"@type":"ImageObject","inLanguage":"de","@id":"https:\/\/www.alldayled.com\/de\/#\/schema\/logo\/image\/","url":"https:\/\/www.alldayled.com\/wp-content\/uploads\/2025\/10\/Logo-ALL-DAY-LED-800x800-zwart-witte-letters.png","contentUrl":"https:\/\/www.alldayled.com\/wp-content\/uploads\/2025\/10\/Logo-ALL-DAY-LED-800x800-zwart-witte-letters.png","width":800,"height":800,"caption":"All Day Led"},"image":{"@id":"https:\/\/www.alldayled.com\/de\/#\/schema\/logo\/image\/"},"sameAs":["https:\/\/www.facebook.com\/alldayled\/","https:\/\/www.instagram.com\/alldayled\/"],"vatID":"NL863960133B01","taxID":"86416545"}]},"product_brand":"Horpol","product_price_amount":"16.50","product_price_currency":"EUR","og_availability":"instock","product_availability":"instock","product_retailer_item_id":"ADL202186","product_condition":"new"},"_links":{"self":[{"href":"https:\/\/www.alldayled.com\/de\/wp-json\/wp\/v2\/product\/66987","targetHints":{"allow":["GET"]}}],"collection":[{"href":"https:\/\/www.alldayled.com\/de\/wp-json\/wp\/v2\/product"}],"about":[{"href":"https:\/\/www.alldayled.com\/de\/wp-json\/wp\/v2\/types\/product"}],"replies":[{"embeddable":true,"href":"https:\/\/www.alldayled.com\/de\/wp-json\/wp\/v2\/comments?post=66987"}],"wp:featuredmedia":[{"embeddable":true,"href":"https:\/\/www.alldayled.com\/de\/wp-json\/wp\/v2\/media\/35718"}],"wp:attachment":[{"href":"https:\/\/www.alldayled.com\/de\/wp-json\/wp\/v2\/media?parent=66987"}],"wp:term":[{"taxonomy":"product_brand","embeddable":true,"href":"https:\/\/www.alldayled.com\/de\/wp-json\/wp\/v2\/product_brand?post=66987"},{"taxonomy":"product_cat","embeddable":true,"href":"https:\/\/www.alldayled.com\/de\/wp-json\/wp\/v2\/product_cat?post=66987"},{"taxonomy":"product_tag","embeddable":true,"href":"https:\/\/www.alldayled.com\/de\/wp-json\/wp\/v2\/product_tag?post=66987"}],"curies":[{"name":"wp","href":"https:\/\/api.w.org\/{rel}","templated":true}]}}