{"id":66988,"date":"2020-04-10T15:31:23","date_gmt":"2020-04-10T13:31:23","guid":{"rendered":"https:\/\/www.alldayled.com\/product\/horpol-ld534-led-breedtelamp\/"},"modified":"2026-04-16T13:09:53","modified_gmt":"2026-04-16T11:09:53","slug":"horpol-ld534-led-breedtelamp","status":"publish","type":"product","link":"https:\/\/www.alldayled.com\/de\/produkt\/horpol-ld534-led-breedtelamp\/","title":{"rendered":"Horpol LD534 LED Umrissleuchte"},"content":{"rendered":"<p><span style=\"color: #000000;\"><strong>Horpol LD534 LED Umrissleuchte, f\u00fcr 12 und 24 Volt. <\/strong><\/span><\/p>\n<p><span style=\"color: #000000;\">Bist du auf der Suche nach einer budgetfreundlichen, nicht zu gro\u00dfen LED Umrissleuchte? Dann ist diese LED Umrissleuchte der Marke Horpol vielleicht genau die Leuchte, die du suchst. Dies ist eine Konturleuchte, die ihren Zweck erf\u00fcllt. Die LED-Leuchte ist mit 3 LED&#8217;s ausgestattet; die Farben der LED&#8217;s sind wei\u00df, orange und rot. Dank der 3 LED&#8217;s ist gew\u00e4hrleistet, dass du mit geringem Stromverbrauch gut beleuchtet unterwegs sein kannst. Dadurch bist du sicher, dass du sowohl tags\u00fcber als auch abends gut sichtbar bist. Die LED Umrissleuchte der Marke Horpol kannst du mit 12 und 24 Volt betreiben. Das bedeutet, du kannst diese LED-Leuchte zum Beispiel verwenden, um die Vorderseite deines Autos, LKWs, Traktors, Anh\u00e4ngers oder einer anderen Art von Fahrzeug oder Arbeitsger\u00e4t zu beleuchten.       <\/span><\/p>\n<p><span style=\"color: #000000;\">Um sicherzustellen, dass die Horpol LD534 LED Umrissleuchte f\u00fcr dein Fahrzeug oder deinen Anh\u00e4nger geeignet ist, haben wir unten einige Spezifikationen aufgef\u00fchrt. All dies, um dir zu verdeutlichen, warum dies vielleicht genau die LED-Leuchte ist, die du suchst. Diese LED-Leuchte ist unter anderem mit dem ECE R10 Pr\u00fcfzeichen versehen. Dieses Pr\u00fcfzeichen bedeutet, dass die Leuchte w\u00e4hrend des Betriebs keine St\u00f6rungen, beispielsweise an einem Radiosignal, verursachen wird. Die LED-Leuchte ist auch mit dem ECE R7 Pr\u00fcfzeichen versehen. Dieses Pr\u00fcfzeichen besagt, dass die LED-Leuchte als Positionsleuchte verwendet werden darf.     <\/span><\/p>\n<h5><span style=\"color: #000000;\"><strong>Abmessungen:<\/strong><\/span><\/h5>\n<p><span style=\"color: #000000;\">Um sicherzustellen, dass du die LED Umrissleuchte dort montieren kannst, wo du m\u00f6chtest, haben wir unten die Abmessungen notiert. Die Abmessungen der Horpol LD534 LED Umrissleuchte sind wie folgt: <\/span><\/p>\n<ul>\n<li><span style=\"color: #000000;\">H\u00f6he: 104 mm<\/span><\/li>\n<li><span style=\"color: #000000;\">Breite: 89 mm<\/span><\/li>\n<li><span style=\"color: #000000;\">Dicke: 43 mm<\/span><\/li>\n<\/ul>\n<h5><span style=\"color: #000000;\"><strong>Andere Versionen: <\/strong><\/span><\/h5>\n<p><span style=\"color: #000000;\">Planst du, eine LED Umrissleuchte der Marke Horpol zu kaufen? Aber ist die Horpol LD534 LED Umrissleuchte nicht das, was du suchst? Horpol hat auch die folgenden Modelle im Sortiment:   <\/span><\/p>\n<ul>\n<li><span style=\"color: #000000;\"><a style=\"color: #000000;\" href=\"https:\/\/www.alldayled.com\/de\/produkt\/horpol-ld2186-breedtelamp\/\"><strong>Horpol LD2186 GRAPHITE Umrissleuchte<\/strong><\/a><\/span><\/li>\n<li><span style=\"color: #000000;\"><a style=\"color: #000000;\" href=\"https:\/\/www.alldayled.com\/de\/produkt\/horpol-ld2191-breedtelamp\/\"><strong>Horpol LD2191 GRAPHITE Umrissleuchte<\/strong><\/a><\/span><\/li>\n<li><span style=\"color: #000000;\"><a style=\"color: #000000;\" href=\"https:\/\/www.alldayled.com\/de\/produkt\/horpol-ld2167-led-breedtelamp\/\"><strong>Horpol LD2167 Umrissleuchte<\/strong><\/a><\/span><\/li>\n<\/ul>\n<p><span style=\"color: #000000;\">Bist du dennoch der Meinung, dass die Horpol LD534 LED Umrissleuchte nicht das ist, was du suchst? Einfach weil die Farbe oder Form nicht deinen W\u00fcnschen entspricht? Dann schau dir auch unsere Seite <g id=\"gid_0\">Umrissleuchten<\/g> an. Vielleicht findest du hier das LED-Leuchtenmodell, das du suchst.   <\/span><\/p>\n","protected":false},"excerpt":{"rendered":"<p>Kompakte Umrissleuchte mit rotem &#8211; orangefarbenem &#8211; wei\u00dfem Licht, geeignet f\u00fcr 12 &amp; 24 Volt.<\/p>\n","protected":false},"featured_media":62596,"comment_status":"open","ping_status":"closed","template":"","meta":{"_acf_changed":false},"product_brand":[6295],"product_cat":[5162],"product_tag":[5163,5164,9453,5172,5170,5171,9249,5166,9484,9486,9485],"class_list":{"0":"post-66988","1":"product","2":"type-product","3":"status-publish","4":"has-post-thumbnail","6":"product_brand-product-horpol","7":"product_cat-breedtelampen","8":"product_tag-anhanger-breite-licht","9":"product_tag-breite-lampe-wohnmobil","10":"product_tag-horpol-led-beleuchtung","11":"product_tag-led-breite-licht","12":"product_tag-led-breitenleuchte-12-volt","13":"product_tag-led-breitenleuchte-24-volt","14":"product_tag-led-umrissleuchte","15":"product_tag-lkw-breite-lampe","16":"product_tag-umrissleuchte-anhanger","17":"product_tag-umrissleuchte-lkw","18":"product_tag-umrissleuchte-trailer","20":"first","21":"instock","22":"taxable","23":"shipping-taxable","24":"purchasable","25":"product-type-simple"},"acf":[],"yoast_head":"<!-- This site is optimized with the Yoast SEO Premium plugin v26.5 (Yoast SEO v27.1.1) - https:\/\/yoast.com\/product\/yoast-seo-premium-wordpress\/ -->\n<title>Horpol LD534 LED Umrissleuchte kurz - All Day Led - f\u00fcr 12&amp;24V<\/title>\n<meta name=\"description\" content=\"Horpol LD534 LED Umrissleuchte f\u00fcr 12&amp;24 volt - schnelle Montage - Wohnmobil, LKW, Traktor, Anh\u00e4nger und mehr - wei\u00dfe, orange und rote LED\" \/>\n<meta name=\"robots\" content=\"index, follow, max-snippet:-1, max-image-preview:large, max-video-preview:-1\" \/>\n<link rel=\"canonical\" href=\"https:\/\/www.alldayled.com\/de\/produkt\/horpol-ld534-led-breedtelamp\/\" \/>\n<meta property=\"og:locale\" content=\"de_DE\" \/>\n<meta property=\"og:type\" content=\"article\" \/>\n<meta property=\"og:title\" content=\"Horpol LD534 LED Umrissleuchte kurz - All Day Led - f\u00fcr 12&amp;24V\" \/>\n<meta property=\"og:description\" content=\"Horpol LD534 LED Umrissleuchte f\u00fcr 12&amp;24 volt - schnelle Montage - Wohnmobil, LKW, Traktor, Anh\u00e4nger und mehr - wei\u00dfe, orange und rote LED\" \/>\n<meta property=\"og:url\" content=\"https:\/\/www.alldayled.com\/de\/produkt\/horpol-ld534-led-breedtelamp\/\" \/>\n<meta property=\"og:site_name\" content=\"All Day Led\" \/>\n<meta property=\"article:publisher\" content=\"https:\/\/www.facebook.com\/alldayled\/\" \/>\n<meta property=\"article:modified_time\" content=\"2026-04-16T11:09:53+00:00\" \/>\n<meta property=\"og:image\" content=\"https:\/\/www.alldayled.com\/wp-content\/uploads\/2024\/08\/ADL30111.01-300x300.png\" \/>\n<meta name=\"twitter:label1\" content=\"Preis\" \/>\n\t<meta name=\"twitter:data1\" content=\"&euro;&nbsp;14,95\" \/>\n\t<meta name=\"twitter:label2\" content=\"Verf\u00fcgbarkeit\" \/>\n\t<meta name=\"twitter:data2\" content=\"Auf Lager\" \/>\n<script type=\"application\/ld+json\" class=\"yoast-schema-graph\">{\"@context\":\"https:\/\/schema.org\",\"@graph\":[{\"@type\":\"WebPage\",\"@id\":\"https:\/\/www.alldayled.com\/de\/produkt\/horpol-ld534-led-breedtelamp\/\",\"url\":\"https:\/\/www.alldayled.com\/de\/produkt\/horpol-ld534-led-breedtelamp\/\",\"name\":\"Horpol LD534 LED Umrissleuchte kurz - All Day Led - f\u00fcr 12&24V\",\"isPartOf\":{\"@id\":\"https:\/\/www.alldayled.com\/de\/#website\"},\"primaryImageOfPage\":{\"@id\":\"https:\/\/www.alldayled.com\/de\/produkt\/horpol-ld534-led-breedtelamp\/#primaryimage\"},\"image\":{\"@id\":\"https:\/\/www.alldayled.com\/de\/produkt\/horpol-ld534-led-breedtelamp\/#primaryimage\"},\"thumbnailUrl\":\"https:\/\/www.alldayled.com\/wp-content\/uploads\/2020\/03\/ADL30111.-LD534.png\",\"datePublished\":\"2020-04-10T13:31:23+00:00\",\"dateModified\":\"2026-04-16T11:09:53+00:00\",\"description\":\"Horpol LD534 LED Umrissleuchte f\u00fcr 12&24 volt - schnelle Montage - Wohnmobil, LKW, Traktor, Anh\u00e4nger und mehr - wei\u00dfe, orange und rote LED\",\"breadcrumb\":{\"@id\":\"https:\/\/www.alldayled.com\/de\/produkt\/horpol-ld534-led-breedtelamp\/#breadcrumb\"},\"inLanguage\":\"de\",\"potentialAction\":[{\"@type\":\"ReadAction\",\"target\":[\"https:\/\/www.alldayled.com\/de\/produkt\/horpol-ld534-led-breedtelamp\/\"]}]},{\"@type\":\"ImageObject\",\"inLanguage\":\"de\",\"@id\":\"https:\/\/www.alldayled.com\/de\/produkt\/horpol-ld534-led-breedtelamp\/#primaryimage\",\"url\":\"https:\/\/www.alldayled.com\/wp-content\/uploads\/2020\/03\/ADL30111.-LD534.png\",\"contentUrl\":\"https:\/\/www.alldayled.com\/wp-content\/uploads\/2020\/03\/ADL30111.-LD534.png\",\"width\":800,\"height\":600,\"caption\":\"Horpol LD534 LED Umrissleuchte f\u00fcr 12 und 24 Volt Betrieb - zur Montage an Anh\u00e4nger, LKW, Wohnmobil, Traktor und mehr - EAN: 5903116345346\"},{\"@type\":\"BreadcrumbList\",\"@id\":\"https:\/\/www.alldayled.com\/de\/produkt\/horpol-ld534-led-breedtelamp\/#breadcrumb\",\"itemListElement\":[{\"@type\":\"ListItem\",\"position\":1,\"name\":\"Home\",\"item\":\"https:\/\/www.alldayled.com\/de\/\"},{\"@type\":\"ListItem\",\"position\":2,\"name\":\"Shop\",\"item\":\"https:\/\/www.alldayled.com\/de\/shop\/\"},{\"@type\":\"ListItem\",\"position\":3,\"name\":\"Positionsleuchten\",\"item\":\"https:\/\/www.alldayled.com\/de\/produkt-kategorie\/positionslichter\/\"},{\"@type\":\"ListItem\",\"position\":4,\"name\":\"Umrissleuchte\",\"item\":\"https:\/\/www.alldayled.com\/de\/produkt-kategorie\/positionslichter\/breedtelampen\/\"},{\"@type\":\"ListItem\",\"position\":5,\"name\":\"Horpol LD534 LED Umrissleuchte\"}]},{\"@type\":\"WebSite\",\"@id\":\"https:\/\/www.alldayled.com\/de\/#website\",\"url\":\"https:\/\/www.alldayled.com\/de\/\",\"name\":\"All Day Led\",\"description\":\"Verlichting voor 12&amp;24 volt gebruik\",\"publisher\":{\"@id\":\"https:\/\/www.alldayled.com\/de\/#organization\"},\"potentialAction\":[{\"@type\":\"SearchAction\",\"target\":{\"@type\":\"EntryPoint\",\"urlTemplate\":\"https:\/\/www.alldayled.com\/de\/?s={search_term_string}\"},\"query-input\":{\"@type\":\"PropertyValueSpecification\",\"valueRequired\":true,\"valueName\":\"search_term_string\"}}],\"inLanguage\":\"de\"},{\"@type\":\"Organization\",\"@id\":\"https:\/\/www.alldayled.com\/de\/#organization\",\"name\":\"All Day Led\",\"url\":\"https:\/\/www.alldayled.com\/de\/\",\"logo\":{\"@type\":\"ImageObject\",\"inLanguage\":\"de\",\"@id\":\"https:\/\/www.alldayled.com\/de\/#\/schema\/logo\/image\/\",\"url\":\"https:\/\/www.alldayled.com\/wp-content\/uploads\/2025\/10\/Logo-ALL-DAY-LED-800x800-zwart-witte-letters.png\",\"contentUrl\":\"https:\/\/www.alldayled.com\/wp-content\/uploads\/2025\/10\/Logo-ALL-DAY-LED-800x800-zwart-witte-letters.png\",\"width\":800,\"height\":800,\"caption\":\"All Day Led\"},\"image\":{\"@id\":\"https:\/\/www.alldayled.com\/de\/#\/schema\/logo\/image\/\"},\"sameAs\":[\"https:\/\/www.facebook.com\/alldayled\/\",\"https:\/\/www.instagram.com\/alldayled\/\"],\"vatID\":\"NL863960133B01\",\"taxID\":\"86416545\"}]}<\/script>\n<meta property=\"product:brand\" content=\"Horpol\" \/>\n<meta property=\"product:price:amount\" content=\"14.95\" \/>\n<meta property=\"product:price:currency\" content=\"EUR\" \/>\n<meta property=\"og:availability\" content=\"instock\" \/>\n<meta property=\"product:availability\" content=\"instock\" \/>\n<meta property=\"product:retailer_item_id\" content=\"ADL30111\" \/>\n<meta property=\"product:condition\" content=\"new\" \/>\n<!-- \/ Yoast SEO Premium plugin. -->","yoast_head_json":{"title":"Horpol LD534 LED Umrissleuchte kurz - All Day Led - f\u00fcr 12&24V","description":"Horpol LD534 LED Umrissleuchte f\u00fcr 12&24 volt - schnelle Montage - Wohnmobil, LKW, Traktor, Anh\u00e4nger und mehr - wei\u00dfe, orange und rote LED","robots":{"index":"index","follow":"follow","max-snippet":"max-snippet:-1","max-image-preview":"max-image-preview:large","max-video-preview":"max-video-preview:-1"},"canonical":"https:\/\/www.alldayled.com\/de\/produkt\/horpol-ld534-led-breedtelamp\/","og_locale":"de_DE","og_type":"article","og_title":"Horpol LD534 LED Umrissleuchte kurz - All Day Led - f\u00fcr 12&24V","og_description":"Horpol LD534 LED Umrissleuchte f\u00fcr 12&24 volt - schnelle Montage - Wohnmobil, LKW, Traktor, Anh\u00e4nger und mehr - wei\u00dfe, orange und rote LED","og_url":"https:\/\/www.alldayled.com\/de\/produkt\/horpol-ld534-led-breedtelamp\/","og_site_name":"All Day Led","article_publisher":"https:\/\/www.facebook.com\/alldayled\/","article_modified_time":"2026-04-16T11:09:53+00:00","og_image":[{"url":"https:\/\/www.alldayled.com\/wp-content\/uploads\/2024\/08\/ADL30111.01-300x300.png","type":"","width":"","height":""}],"twitter_misc":{"Preis":"&euro;&nbsp;14,95","Verf\u00fcgbarkeit":"Auf Lager"},"schema":{"@context":"https:\/\/schema.org","@graph":[{"@type":"WebPage","@id":"https:\/\/www.alldayled.com\/de\/produkt\/horpol-ld534-led-breedtelamp\/","url":"https:\/\/www.alldayled.com\/de\/produkt\/horpol-ld534-led-breedtelamp\/","name":"Horpol LD534 LED Umrissleuchte kurz - All Day Led - f\u00fcr 12&24V","isPartOf":{"@id":"https:\/\/www.alldayled.com\/de\/#website"},"primaryImageOfPage":{"@id":"https:\/\/www.alldayled.com\/de\/produkt\/horpol-ld534-led-breedtelamp\/#primaryimage"},"image":{"@id":"https:\/\/www.alldayled.com\/de\/produkt\/horpol-ld534-led-breedtelamp\/#primaryimage"},"thumbnailUrl":"https:\/\/www.alldayled.com\/wp-content\/uploads\/2020\/03\/ADL30111.-LD534.png","datePublished":"2020-04-10T13:31:23+00:00","dateModified":"2026-04-16T11:09:53+00:00","description":"Horpol LD534 LED Umrissleuchte f\u00fcr 12&24 volt - schnelle Montage - Wohnmobil, LKW, Traktor, Anh\u00e4nger und mehr - wei\u00dfe, orange und rote LED","breadcrumb":{"@id":"https:\/\/www.alldayled.com\/de\/produkt\/horpol-ld534-led-breedtelamp\/#breadcrumb"},"inLanguage":"de","potentialAction":[{"@type":"ReadAction","target":["https:\/\/www.alldayled.com\/de\/produkt\/horpol-ld534-led-breedtelamp\/"]}]},{"@type":"ImageObject","inLanguage":"de","@id":"https:\/\/www.alldayled.com\/de\/produkt\/horpol-ld534-led-breedtelamp\/#primaryimage","url":"https:\/\/www.alldayled.com\/wp-content\/uploads\/2020\/03\/ADL30111.-LD534.png","contentUrl":"https:\/\/www.alldayled.com\/wp-content\/uploads\/2020\/03\/ADL30111.-LD534.png","width":800,"height":600,"caption":"Horpol LD534 LED Umrissleuchte f\u00fcr 12 und 24 Volt Betrieb - zur Montage an Anh\u00e4nger, LKW, Wohnmobil, Traktor und mehr - EAN: 5903116345346"},{"@type":"BreadcrumbList","@id":"https:\/\/www.alldayled.com\/de\/produkt\/horpol-ld534-led-breedtelamp\/#breadcrumb","itemListElement":[{"@type":"ListItem","position":1,"name":"Home","item":"https:\/\/www.alldayled.com\/de\/"},{"@type":"ListItem","position":2,"name":"Shop","item":"https:\/\/www.alldayled.com\/de\/shop\/"},{"@type":"ListItem","position":3,"name":"Positionsleuchten","item":"https:\/\/www.alldayled.com\/de\/produkt-kategorie\/positionslichter\/"},{"@type":"ListItem","position":4,"name":"Umrissleuchte","item":"https:\/\/www.alldayled.com\/de\/produkt-kategorie\/positionslichter\/breedtelampen\/"},{"@type":"ListItem","position":5,"name":"Horpol LD534 LED Umrissleuchte"}]},{"@type":"WebSite","@id":"https:\/\/www.alldayled.com\/de\/#website","url":"https:\/\/www.alldayled.com\/de\/","name":"All Day Led","description":"Verlichting voor 12&amp;24 volt gebruik","publisher":{"@id":"https:\/\/www.alldayled.com\/de\/#organization"},"potentialAction":[{"@type":"SearchAction","target":{"@type":"EntryPoint","urlTemplate":"https:\/\/www.alldayled.com\/de\/?s={search_term_string}"},"query-input":{"@type":"PropertyValueSpecification","valueRequired":true,"valueName":"search_term_string"}}],"inLanguage":"de"},{"@type":"Organization","@id":"https:\/\/www.alldayled.com\/de\/#organization","name":"All Day Led","url":"https:\/\/www.alldayled.com\/de\/","logo":{"@type":"ImageObject","inLanguage":"de","@id":"https:\/\/www.alldayled.com\/de\/#\/schema\/logo\/image\/","url":"https:\/\/www.alldayled.com\/wp-content\/uploads\/2025\/10\/Logo-ALL-DAY-LED-800x800-zwart-witte-letters.png","contentUrl":"https:\/\/www.alldayled.com\/wp-content\/uploads\/2025\/10\/Logo-ALL-DAY-LED-800x800-zwart-witte-letters.png","width":800,"height":800,"caption":"All Day Led"},"image":{"@id":"https:\/\/www.alldayled.com\/de\/#\/schema\/logo\/image\/"},"sameAs":["https:\/\/www.facebook.com\/alldayled\/","https:\/\/www.instagram.com\/alldayled\/"],"vatID":"NL863960133B01","taxID":"86416545"}]},"product_brand":"Horpol","product_price_amount":"14.95","product_price_currency":"EUR","og_availability":"instock","product_availability":"instock","product_retailer_item_id":"ADL30111","product_condition":"new"},"_links":{"self":[{"href":"https:\/\/www.alldayled.com\/de\/wp-json\/wp\/v2\/product\/66988","targetHints":{"allow":["GET"]}}],"collection":[{"href":"https:\/\/www.alldayled.com\/de\/wp-json\/wp\/v2\/product"}],"about":[{"href":"https:\/\/www.alldayled.com\/de\/wp-json\/wp\/v2\/types\/product"}],"replies":[{"embeddable":true,"href":"https:\/\/www.alldayled.com\/de\/wp-json\/wp\/v2\/comments?post=66988"}],"wp:featuredmedia":[{"embeddable":true,"href":"https:\/\/www.alldayled.com\/de\/wp-json\/wp\/v2\/media\/62596"}],"wp:attachment":[{"href":"https:\/\/www.alldayled.com\/de\/wp-json\/wp\/v2\/media?parent=66988"}],"wp:term":[{"taxonomy":"product_brand","embeddable":true,"href":"https:\/\/www.alldayled.com\/de\/wp-json\/wp\/v2\/product_brand?post=66988"},{"taxonomy":"product_cat","embeddable":true,"href":"https:\/\/www.alldayled.com\/de\/wp-json\/wp\/v2\/product_cat?post=66988"},{"taxonomy":"product_tag","embeddable":true,"href":"https:\/\/www.alldayled.com\/de\/wp-json\/wp\/v2\/product_tag?post=66988"}],"curies":[{"name":"wp","href":"https:\/\/api.w.org\/{rel}","templated":true}]}}