{"id":66995,"date":"2020-12-04T12:34:39","date_gmt":"2020-12-04T11:34:39","guid":{"rendered":"https:\/\/www.alldayled.com\/product\/was-w56-led-breedtelamp\/"},"modified":"2026-03-06T19:18:05","modified_gmt":"2026-03-06T18:18:05","slug":"was-w56-led-breedtelamp","status":"publish","type":"product","link":"https:\/\/www.alldayled.com\/de\/produkt\/was-w56-led-breedtelamp\/","title":{"rendered":"WA\u015a W56 LED Umrissleuchte"},"content":{"rendered":"<p><span style=\"color: #000000;\"><strong>WA\u015a W56 Mini LED Umrissleuchte, f\u00fcr 12 &amp; 24 Volt.<\/strong><\/span><\/p>\n<p><span style=\"color: #000000;\">Sind Sie auf der Suche nach einer Mini LED Umrissleuchte mit einem langen Anschlusskabel? Dann ist diese LED Umrissleuchte der Marke WA\u015a vielleicht die Lampe, die Sie suchen. Dies ist eine Konturleuchte, die das tut, was von ihr erwartet wird. Die LED Lampe ist mit 2 LED&#8217;s ausgestattet, die Farben der LED&#8217;s sind wei\u00df und rot. Durch die 2 LED&#8217;s k\u00f6nnen Sie sicher sein, dass Sie mit einem geringen Stromverbrauch gut beleuchtet auf die Stra\u00dfe k\u00f6nnen. Dadurch sind Sie sowohl tags\u00fcber als auch abends gut sichtbar. Die Mini LED Umrissleuchte der Marke WA\u015a ist f\u00fcr 12 und 24 Volt geeignet. Das bedeutet, dass Sie die LED Lampe beispielsweise verwenden k\u00f6nnen, um Ihr Auto, Ihren LKW, Ihr Wohnmobil, Ihren Anh\u00e4nger oder ein anderes Fahrzeug zu beleuchten.       <\/span><\/p>\n<p><span style=\"color: #000000;\">Um sicherzustellen, dass diese WA\u015a W56 LED Umrissleuchte f\u00fcr Ihr Fahrzeug oder Ihren Anh\u00e4nger geeignet ist, haben wir unten eine Reihe von Spezifikationen aufgef\u00fchrt. All dies, um deutlich zu machen, warum dies vielleicht die LED Lampe ist, die Sie suchen. Diese LED Lampe ist unter anderem mit dem ECE R10-Pr\u00fcfzeichen versehen. Dieses Pr\u00fcfzeichen bedeutet, dass die Lampe w\u00e4hrend der Aktivierung keine St\u00f6rungen verursacht, beispielsweise auf dem Funksignal. Au\u00dferdem ist diese LED Lampe mit dem ECE R7-Pr\u00fcfzeichen versehen. Dieses Pr\u00fcfzeichen gibt an, dass die LED Lampe als Positionsleuchte verwendet werden darf.     <\/span><\/p>\n<h5><span style=\"color: #000000;\"><strong>Abmessungen:<\/strong><\/span><\/h5>\n<p><span style=\"color: #000000;\">Um sicherzustellen, dass Sie die WA\u015a W56 Mini LED Umrissleuchte dort montieren k\u00f6nnen, wo Sie m\u00f6chten, haben wir unten die Abmessungen notiert. Die Abmessungen dieser kleinen LED Umrissleuchte der Marke WA\u015a sind wie folgt: <\/span><\/p>\n<ul>\n<li><span style=\"color: #000000;\">H\u00f6he: 60 mm (inkl. Montagefu\u00df)<\/span><\/li>\n<li><span style=\"color: #000000;\">Breite: 50 mm<\/span><\/li>\n<li><span style=\"color: #000000;\">Dicke: 48 mm <\/span><\/li>\n<\/ul>\n<h5><span style=\"color: #000000;\"><strong>Andere Versionen: <\/strong><\/span><\/h5>\n<p><span style=\"color: #000000;\">M\u00f6chten Sie eine LED Lampe der Marke WA\u015a kaufen? Aber die WA\u015a W56 LED Umrissleuchte ist nicht das, was Sie suchen? Dann wissen Sie, dass WA\u015a auch die folgenden Modelle anbietet:  <\/span><\/p>\n<ul>\n<li><span style=\"color: #000000;\"><a style=\"color: #000000;\" href=\"https:\/\/www.alldayled.com\/de\/produkt\/was-w107-led-breedtelamp\/\"><strong>WA\u015a W107 Umrissleuchte<\/strong><\/a><\/span><\/li>\n<\/ul>\n<p><span style=\"color: #000000;\">Sind Sie dennoch der Meinung, dass diese Mini LED Umrissleuchte nicht das ist, was Sie suchen? Einfach, weil die Farbe, Gr\u00f6\u00dfe oder Form nicht Ihren W\u00fcnschen entspricht? Dann besuchen Sie auch unsere Seite <g id=\"gid_0\">Umrissleuchten<\/g>. Vielleicht finden Sie hier das Modell, das Sie suchen.    <\/span><\/p>\n","protected":false},"excerpt":{"rendered":"<p>Mini LED Umrissleuchte von WA\u015a mit 2 Meter Anschlusskabel, f\u00fcr 12\/24V und ECE R7.<\/p>\n","protected":false},"featured_media":18243,"comment_status":"open","ping_status":"closed","template":"","meta":{"_acf_changed":false},"product_brand":[5691],"product_cat":[5162],"product_tag":[5163,5164,5172,5170,5171,9249,5166,9484,9486,9485,9445],"class_list":{"0":"post-66995","1":"product","2":"type-product","3":"status-publish","4":"has-post-thumbnail","6":"product_brand-product-was","7":"product_cat-breedtelampen","8":"product_tag-anhanger-breite-licht","9":"product_tag-breite-lampe-wohnmobil","10":"product_tag-led-breite-licht","11":"product_tag-led-breitenleuchte-12-volt","12":"product_tag-led-breitenleuchte-24-volt","13":"product_tag-led-umrissleuchte","14":"product_tag-lkw-breite-lampe","15":"product_tag-umrissleuchte-anhanger","16":"product_tag-umrissleuchte-lkw","17":"product_tag-umrissleuchte-trailer","18":"product_tag-was-led-beleuchtung","20":"first","21":"instock","22":"taxable","23":"shipping-taxable","24":"purchasable","25":"product-type-simple"},"acf":[],"yoast_head":"<!-- This site is optimized with the Yoast SEO Premium plugin v26.5 (Yoast SEO v27.1.1) - https:\/\/yoast.com\/product\/yoast-seo-premium-wordpress\/ -->\n<title>WA\u015a W56 LED Umrissleuchte - All Day Led - f\u00fcr 12&amp;24 Volt Betrieb<\/title>\n<meta name=\"description\" content=\"WA\u015a W56 LED Umrissleuchte f\u00fcr 12&amp;24 volt - einfache Montage - 2.00m langes Anschlusskabel - LKW, Traktor, Anh\u00e4nger und mehr\" \/>\n<meta name=\"robots\" content=\"index, follow, max-snippet:-1, max-image-preview:large, max-video-preview:-1\" \/>\n<link rel=\"canonical\" href=\"https:\/\/www.alldayled.com\/de\/produkt\/was-w56-led-breedtelamp\/\" \/>\n<meta property=\"og:locale\" content=\"de_DE\" \/>\n<meta property=\"og:type\" content=\"article\" \/>\n<meta property=\"og:title\" content=\"WA\u015a W56 LED Umrissleuchte - All Day Led - f\u00fcr 12&amp;24 Volt Betrieb\" \/>\n<meta property=\"og:description\" content=\"WA\u015a W56 LED Umrissleuchte f\u00fcr 12&amp;24 volt - einfache Montage - 2.00m langes Anschlusskabel - LKW, Traktor, Anh\u00e4nger und mehr\" \/>\n<meta property=\"og:url\" content=\"https:\/\/www.alldayled.com\/de\/produkt\/was-w56-led-breedtelamp\/\" \/>\n<meta property=\"og:site_name\" content=\"All Day Led\" \/>\n<meta property=\"article:publisher\" content=\"https:\/\/www.facebook.com\/alldayled\/\" \/>\n<meta property=\"article:modified_time\" content=\"2026-03-06T18:18:05+00:00\" \/>\n<meta property=\"og:image\" content=\"https:\/\/www.alldayled.com\/wp-content\/uploads\/2024\/08\/ADL70275.01-300x300.png\" \/>\n<meta name=\"twitter:label1\" content=\"Preis\" \/>\n\t<meta name=\"twitter:data1\" content=\"&euro;&nbsp;9,95\" \/>\n\t<meta name=\"twitter:label2\" content=\"Verf\u00fcgbarkeit\" \/>\n\t<meta name=\"twitter:data2\" content=\"Auf Lager\" \/>\n<script type=\"application\/ld+json\" class=\"yoast-schema-graph\">{\"@context\":\"https:\/\/schema.org\",\"@graph\":[{\"@type\":\"WebPage\",\"@id\":\"https:\/\/www.alldayled.com\/de\/produkt\/was-w56-led-breedtelamp\/\",\"url\":\"https:\/\/www.alldayled.com\/de\/produkt\/was-w56-led-breedtelamp\/\",\"name\":\"WA\u015a W56 LED Umrissleuchte - All Day Led - f\u00fcr 12&24 Volt Betrieb\",\"isPartOf\":{\"@id\":\"https:\/\/www.alldayled.com\/de\/#website\"},\"primaryImageOfPage\":{\"@id\":\"https:\/\/www.alldayled.com\/de\/produkt\/was-w56-led-breedtelamp\/#primaryimage\"},\"image\":{\"@id\":\"https:\/\/www.alldayled.com\/de\/produkt\/was-w56-led-breedtelamp\/#primaryimage\"},\"thumbnailUrl\":\"https:\/\/www.alldayled.com\/wp-content\/uploads\/2020\/12\/ADL70275..png\",\"datePublished\":\"2020-12-04T11:34:39+00:00\",\"dateModified\":\"2026-03-06T18:18:05+00:00\",\"description\":\"WA\u015a W56 LED Umrissleuchte f\u00fcr 12&24 volt - einfache Montage - 2.00m langes Anschlusskabel - LKW, Traktor, Anh\u00e4nger und mehr\",\"breadcrumb\":{\"@id\":\"https:\/\/www.alldayled.com\/de\/produkt\/was-w56-led-breedtelamp\/#breadcrumb\"},\"inLanguage\":\"de\",\"potentialAction\":[{\"@type\":\"ReadAction\",\"target\":[\"https:\/\/www.alldayled.com\/de\/produkt\/was-w56-led-breedtelamp\/\"]}]},{\"@type\":\"ImageObject\",\"inLanguage\":\"de\",\"@id\":\"https:\/\/www.alldayled.com\/de\/produkt\/was-w56-led-breedtelamp\/#primaryimage\",\"url\":\"https:\/\/www.alldayled.com\/wp-content\/uploads\/2020\/12\/ADL70275..png\",\"contentUrl\":\"https:\/\/www.alldayled.com\/wp-content\/uploads\/2020\/12\/ADL70275..png\",\"width\":800,\"height\":600,\"caption\":\"Mini LED Umrissleuchte der Marke WAS - f\u00fcr 12 Volt und 24 Volt - f\u00fcr LKW, Anh\u00e4nger, Traktor, Wohnmobil und mehr - EAN: 5903098035433\"},{\"@type\":\"BreadcrumbList\",\"@id\":\"https:\/\/www.alldayled.com\/de\/produkt\/was-w56-led-breedtelamp\/#breadcrumb\",\"itemListElement\":[{\"@type\":\"ListItem\",\"position\":1,\"name\":\"Home\",\"item\":\"https:\/\/www.alldayled.com\/de\/\"},{\"@type\":\"ListItem\",\"position\":2,\"name\":\"Shop\",\"item\":\"https:\/\/www.alldayled.com\/de\/shop\/\"},{\"@type\":\"ListItem\",\"position\":3,\"name\":\"Positionsleuchten\",\"item\":\"https:\/\/www.alldayled.com\/de\/produkt-kategorie\/positionslichter\/\"},{\"@type\":\"ListItem\",\"position\":4,\"name\":\"Umrissleuchte\",\"item\":\"https:\/\/www.alldayled.com\/de\/produkt-kategorie\/positionslichter\/breedtelampen\/\"},{\"@type\":\"ListItem\",\"position\":5,\"name\":\"WA\u015a W56 LED Umrissleuchte\"}]},{\"@type\":\"WebSite\",\"@id\":\"https:\/\/www.alldayled.com\/de\/#website\",\"url\":\"https:\/\/www.alldayled.com\/de\/\",\"name\":\"All Day Led\",\"description\":\"Verlichting voor 12&amp;24 volt gebruik\",\"publisher\":{\"@id\":\"https:\/\/www.alldayled.com\/de\/#organization\"},\"potentialAction\":[{\"@type\":\"SearchAction\",\"target\":{\"@type\":\"EntryPoint\",\"urlTemplate\":\"https:\/\/www.alldayled.com\/de\/?s={search_term_string}\"},\"query-input\":{\"@type\":\"PropertyValueSpecification\",\"valueRequired\":true,\"valueName\":\"search_term_string\"}}],\"inLanguage\":\"de\"},{\"@type\":\"Organization\",\"@id\":\"https:\/\/www.alldayled.com\/de\/#organization\",\"name\":\"All Day Led\",\"url\":\"https:\/\/www.alldayled.com\/de\/\",\"logo\":{\"@type\":\"ImageObject\",\"inLanguage\":\"de\",\"@id\":\"https:\/\/www.alldayled.com\/de\/#\/schema\/logo\/image\/\",\"url\":\"https:\/\/www.alldayled.com\/wp-content\/uploads\/2025\/10\/Logo-ALL-DAY-LED-800x800-zwart-witte-letters.png\",\"contentUrl\":\"https:\/\/www.alldayled.com\/wp-content\/uploads\/2025\/10\/Logo-ALL-DAY-LED-800x800-zwart-witte-letters.png\",\"width\":800,\"height\":800,\"caption\":\"All Day Led\"},\"image\":{\"@id\":\"https:\/\/www.alldayled.com\/de\/#\/schema\/logo\/image\/\"},\"sameAs\":[\"https:\/\/www.facebook.com\/alldayled\/\",\"https:\/\/www.instagram.com\/alldayled\/\"],\"vatID\":\"NL863960133B01\",\"taxID\":\"86416545\"}]}<\/script>\n<meta property=\"product:brand\" content=\"WA\u015a\" \/>\n<meta property=\"product:price:amount\" content=\"9.95\" \/>\n<meta property=\"product:price:currency\" content=\"EUR\" \/>\n<meta property=\"og:availability\" content=\"instock\" \/>\n<meta property=\"product:availability\" content=\"instock\" \/>\n<meta property=\"product:retailer_item_id\" content=\"ADL70275\" \/>\n<meta property=\"product:condition\" content=\"new\" \/>\n<!-- \/ Yoast SEO Premium plugin. -->","yoast_head_json":{"title":"WA\u015a W56 LED Umrissleuchte - All Day Led - f\u00fcr 12&24 Volt Betrieb","description":"WA\u015a W56 LED Umrissleuchte f\u00fcr 12&24 volt - einfache Montage - 2.00m langes Anschlusskabel - LKW, Traktor, Anh\u00e4nger und mehr","robots":{"index":"index","follow":"follow","max-snippet":"max-snippet:-1","max-image-preview":"max-image-preview:large","max-video-preview":"max-video-preview:-1"},"canonical":"https:\/\/www.alldayled.com\/de\/produkt\/was-w56-led-breedtelamp\/","og_locale":"de_DE","og_type":"article","og_title":"WA\u015a W56 LED Umrissleuchte - All Day Led - f\u00fcr 12&24 Volt Betrieb","og_description":"WA\u015a W56 LED Umrissleuchte f\u00fcr 12&24 volt - einfache Montage - 2.00m langes Anschlusskabel - LKW, Traktor, Anh\u00e4nger und mehr","og_url":"https:\/\/www.alldayled.com\/de\/produkt\/was-w56-led-breedtelamp\/","og_site_name":"All Day Led","article_publisher":"https:\/\/www.facebook.com\/alldayled\/","article_modified_time":"2026-03-06T18:18:05+00:00","og_image":[{"url":"https:\/\/www.alldayled.com\/wp-content\/uploads\/2024\/08\/ADL70275.01-300x300.png","type":"","width":"","height":""}],"twitter_misc":{"Preis":"&euro;&nbsp;9,95","Verf\u00fcgbarkeit":"Auf Lager"},"schema":{"@context":"https:\/\/schema.org","@graph":[{"@type":"WebPage","@id":"https:\/\/www.alldayled.com\/de\/produkt\/was-w56-led-breedtelamp\/","url":"https:\/\/www.alldayled.com\/de\/produkt\/was-w56-led-breedtelamp\/","name":"WA\u015a W56 LED Umrissleuchte - All Day Led - f\u00fcr 12&24 Volt Betrieb","isPartOf":{"@id":"https:\/\/www.alldayled.com\/de\/#website"},"primaryImageOfPage":{"@id":"https:\/\/www.alldayled.com\/de\/produkt\/was-w56-led-breedtelamp\/#primaryimage"},"image":{"@id":"https:\/\/www.alldayled.com\/de\/produkt\/was-w56-led-breedtelamp\/#primaryimage"},"thumbnailUrl":"https:\/\/www.alldayled.com\/wp-content\/uploads\/2020\/12\/ADL70275..png","datePublished":"2020-12-04T11:34:39+00:00","dateModified":"2026-03-06T18:18:05+00:00","description":"WA\u015a W56 LED Umrissleuchte f\u00fcr 12&24 volt - einfache Montage - 2.00m langes Anschlusskabel - LKW, Traktor, Anh\u00e4nger und mehr","breadcrumb":{"@id":"https:\/\/www.alldayled.com\/de\/produkt\/was-w56-led-breedtelamp\/#breadcrumb"},"inLanguage":"de","potentialAction":[{"@type":"ReadAction","target":["https:\/\/www.alldayled.com\/de\/produkt\/was-w56-led-breedtelamp\/"]}]},{"@type":"ImageObject","inLanguage":"de","@id":"https:\/\/www.alldayled.com\/de\/produkt\/was-w56-led-breedtelamp\/#primaryimage","url":"https:\/\/www.alldayled.com\/wp-content\/uploads\/2020\/12\/ADL70275..png","contentUrl":"https:\/\/www.alldayled.com\/wp-content\/uploads\/2020\/12\/ADL70275..png","width":800,"height":600,"caption":"Mini LED Umrissleuchte der Marke WAS - f\u00fcr 12 Volt und 24 Volt - f\u00fcr LKW, Anh\u00e4nger, Traktor, Wohnmobil und mehr - EAN: 5903098035433"},{"@type":"BreadcrumbList","@id":"https:\/\/www.alldayled.com\/de\/produkt\/was-w56-led-breedtelamp\/#breadcrumb","itemListElement":[{"@type":"ListItem","position":1,"name":"Home","item":"https:\/\/www.alldayled.com\/de\/"},{"@type":"ListItem","position":2,"name":"Shop","item":"https:\/\/www.alldayled.com\/de\/shop\/"},{"@type":"ListItem","position":3,"name":"Positionsleuchten","item":"https:\/\/www.alldayled.com\/de\/produkt-kategorie\/positionslichter\/"},{"@type":"ListItem","position":4,"name":"Umrissleuchte","item":"https:\/\/www.alldayled.com\/de\/produkt-kategorie\/positionslichter\/breedtelampen\/"},{"@type":"ListItem","position":5,"name":"WA\u015a W56 LED Umrissleuchte"}]},{"@type":"WebSite","@id":"https:\/\/www.alldayled.com\/de\/#website","url":"https:\/\/www.alldayled.com\/de\/","name":"All Day Led","description":"Verlichting voor 12&amp;24 volt gebruik","publisher":{"@id":"https:\/\/www.alldayled.com\/de\/#organization"},"potentialAction":[{"@type":"SearchAction","target":{"@type":"EntryPoint","urlTemplate":"https:\/\/www.alldayled.com\/de\/?s={search_term_string}"},"query-input":{"@type":"PropertyValueSpecification","valueRequired":true,"valueName":"search_term_string"}}],"inLanguage":"de"},{"@type":"Organization","@id":"https:\/\/www.alldayled.com\/de\/#organization","name":"All Day Led","url":"https:\/\/www.alldayled.com\/de\/","logo":{"@type":"ImageObject","inLanguage":"de","@id":"https:\/\/www.alldayled.com\/de\/#\/schema\/logo\/image\/","url":"https:\/\/www.alldayled.com\/wp-content\/uploads\/2025\/10\/Logo-ALL-DAY-LED-800x800-zwart-witte-letters.png","contentUrl":"https:\/\/www.alldayled.com\/wp-content\/uploads\/2025\/10\/Logo-ALL-DAY-LED-800x800-zwart-witte-letters.png","width":800,"height":800,"caption":"All Day Led"},"image":{"@id":"https:\/\/www.alldayled.com\/de\/#\/schema\/logo\/image\/"},"sameAs":["https:\/\/www.facebook.com\/alldayled\/","https:\/\/www.instagram.com\/alldayled\/"],"vatID":"NL863960133B01","taxID":"86416545"}]},"product_brand":"WA\u015a","product_price_amount":"9.95","product_price_currency":"EUR","og_availability":"instock","product_availability":"instock","product_retailer_item_id":"ADL70275","product_condition":"new"},"_links":{"self":[{"href":"https:\/\/www.alldayled.com\/de\/wp-json\/wp\/v2\/product\/66995","targetHints":{"allow":["GET"]}}],"collection":[{"href":"https:\/\/www.alldayled.com\/de\/wp-json\/wp\/v2\/product"}],"about":[{"href":"https:\/\/www.alldayled.com\/de\/wp-json\/wp\/v2\/types\/product"}],"replies":[{"embeddable":true,"href":"https:\/\/www.alldayled.com\/de\/wp-json\/wp\/v2\/comments?post=66995"}],"wp:featuredmedia":[{"embeddable":true,"href":"https:\/\/www.alldayled.com\/de\/wp-json\/wp\/v2\/media\/18243"}],"wp:attachment":[{"href":"https:\/\/www.alldayled.com\/de\/wp-json\/wp\/v2\/media?parent=66995"}],"wp:term":[{"taxonomy":"product_brand","embeddable":true,"href":"https:\/\/www.alldayled.com\/de\/wp-json\/wp\/v2\/product_brand?post=66995"},{"taxonomy":"product_cat","embeddable":true,"href":"https:\/\/www.alldayled.com\/de\/wp-json\/wp\/v2\/product_cat?post=66995"},{"taxonomy":"product_tag","embeddable":true,"href":"https:\/\/www.alldayled.com\/de\/wp-json\/wp\/v2\/product_tag?post=66995"}],"curies":[{"name":"wp","href":"https:\/\/api.w.org\/{rel}","templated":true}]}}