{"id":67012,"date":"2020-03-27T16:29:04","date_gmt":"2020-03-27T15:29:04","guid":{"rendered":"https:\/\/www.alldayled.com\/product\/gylle-led-breedtelamp-oranje-rood\/"},"modified":"2020-03-27T16:29:04","modified_gmt":"2020-03-27T15:29:04","slug":"gylle-led-breedtelamp-oranje-rood","status":"publish","type":"product","link":"https:\/\/www.alldayled.com\/de\/produkt\/gylle-led-breedtelamp-oranje-rood\/","title":{"rendered":"Gylle LED Umrissleuchte orange &#8211; rot"},"content":{"rendered":"<p><span style=\"color: #000000;\"><strong>Gylle LED Umrissleuchte orange &#8211; rot. <\/strong><\/span><\/p>\n<p><span style=\"color: #000000;\">Suchst du eine d\u00e4nische LED Umrissleuchte, die in den Farben Orange und Rot leuchtet? Dann ist diese LED Umrissleuchte von Gylle vielleicht genau das Richtige f\u00fcr dich. Dies ist eine robuste Umrissleuchte, die genau das tut, was du von ihr erwartest. Jedes Modul ist mit 6 LED&#8217;s in den Farben Orange und Rot ausgestattet. Die Gylle LED Umrissleuchte funktioniert sowohl mit 12 als auch mit 24 Volt. Das bedeutet, du kannst die Leuchte zum Beispiel verwenden, um dein Auto, deinen LKW, Anh\u00e4nger oder ein anderes Fahrzeug gut sichtbar zu machen.     <\/span><\/p>\n<p><span style=\"color: #000000;\">Um sicherzustellen, dass die Gylle LED Umrissleuchte orange-rot in d\u00e4nischer Ausf\u00fchrung f\u00fcr dein Fahrzeug oder deinen Anh\u00e4nger geeignet ist, haben wir unten einige Spezifikationen aufgef\u00fchrt. So siehst du sofort, warum dies vielleicht genau die LED Lampe ist, nach der du suchst. Die Lampe ist unter anderem mit dem ECE R10 Pr\u00fcfzeichen versehen, das garantiert, dass die Lampe w\u00e4hrend des Betriebs keine St\u00f6rungen verursacht, zum Beispiel an deinem Radiosignal. Au\u00dferdem hat die Lampe das ECE R7 Pr\u00fcfzeichen, sodass sie als Positionsleuchte verwendet werden darf.   <\/span><\/p>\n<h5><span style=\"color: #000000;\"><strong>Montagefu\u00df:<\/strong><\/span><\/h5>\n<p><span style=\"color: #000000;\">Beim Kauf der d\u00e4nischen LED Umrissleuchte kannst du aus vier verschiedenen Montagefu\u00df-Optionen w\u00e4hlen. Je nachdem, wo und wie du die Leuchte montieren m\u00f6chtest, entscheidest du, welcher Montagefu\u00df am besten passt. Du hast bei dieser LED Leuchte die folgenden M\u00f6glichkeiten:  <\/span><\/p>\n<ul>\n<li><span style=\"color: #000000;\">Gummiarm 110mm &#8211; gerade<\/span><\/li>\n<li><span style=\"color: #000000;\">Gummiarm 165mm &#8211; gerade<\/span><\/li>\n<li><span style=\"color: #000000;\">Gummiarm 165mm &#8211; Winkel<\/span><\/li>\n<li><span style=\"color: #000000;\">Gummiarm 195mm &#8211; Winkel<\/span><\/li>\n<\/ul>\n<p><span style=\"color: #000000;\">Alle Teile der Gylle LED Umrissleuchte werden separat geliefert. So kannst du beim Montieren das Anschlusskabel auf die gew\u00fcnschte L\u00e4nge k\u00fcrzen. Die mitgelieferten LED-Einheiten sind jeweils mit 6 LED&#8217;s ausgestattet, die sternf\u00f6rmig montiert sind, wie auf Abbildung 1 zu sehen ist.  <\/span><\/p>\n<h5><span style=\"color: #000000;\"><strong>Weitere Modelle:<\/strong><\/span><\/h5>\n<p><span style=\"color: #000000;\">M\u00f6chtest du eine d\u00e4nische LED Umrissleuchte an deinem Fahrzeug oder Anh\u00e4nger montieren, aber nicht in den Farben Orange und Rot? Dann wisse, dass die Leuchte auch in den folgenden Farbkombinationen erh\u00e4ltlich ist: <\/span><\/p>\n<ul>\n<li><span style=\"color: #000000;\"><a style=\"color: #000000;\" href=\"https:\/\/www.alldayled.com\/de\/produkt\/gylle-led-breedtelamp-xenon-wit-rood-transparant\/\"><strong>Xenon wei\u00df &#8211; rot &#8211; klar<\/strong><\/a><\/span><\/li>\n<li><span style=\"color: #000000;\"><a style=\"color: #000000;\" href=\"https:\/\/www.alldayled.com\/de\/produkt\/gylle-led-breedtelamp-oranje-rood-transparant\/\"><strong>Orange &#8211; rot &#8211; klar<\/strong><\/a><\/span><\/li>\n<li><span style=\"color: #000000;\"><a style=\"color: #000000;\" href=\"https:\/\/www.alldayled.com\/de\/produkt\/gylle-led-breedtelamp-xenon-wit-rood\/\"><strong>Xenon wei\u00df &#8211; rot<\/strong><\/a><\/span><\/li>\n<\/ul>\n<p><span style=\"color: #000000;\">Bist du dennoch der Meinung, dass die zusammengestellte d\u00e4nische LED Umrissleuchte orange &#8211; rot von Gylle nicht das ist, wonach du suchst? Einfach weil die Farbe oder Form nicht deinen W\u00fcnschen entspricht? Dann sieh dir hier das gesamte Angebot von <a style=\"color: #000000;\" href=\"https:\/\/www.alldayled.com\/de\/marke\/product-gylle-mec\/\">Gylle<\/a> an.  <\/span><\/p>\n","protected":false},"excerpt":{"rendered":"<p>Altbekannte d\u00e4nische LED Umrissleuchte orange &#8211; rot, f\u00fcr 12 &amp; 24 Volt.<\/p>\n","protected":false},"featured_media":38436,"comment_status":"open","ping_status":"closed","template":"","meta":{"_acf_changed":false},"product_brand":[5161],"product_cat":[5162],"product_tag":[5163,5164,5167,5169,5168,5172,5173,5170,5171,5166,5165],"class_list":{"0":"post-67012","1":"product","2":"type-product","3":"status-publish","4":"has-post-thumbnail","6":"product_brand-product-gylle-mec","7":"product_cat-breedtelampen","8":"product_tag-anhanger-breite-licht","9":"product_tag-breite-lampe-wohnmobil","10":"product_tag-breite-post","11":"product_tag-danische-led-breitenleuchte","12":"product_tag-danischer-poller","13":"product_tag-led-breite-licht","14":"product_tag-led-breitenleuchte","15":"product_tag-led-breitenleuchte-12-volt","16":"product_tag-led-breitenleuchte-24-volt","17":"product_tag-lkw-breite-lampe","18":"product_tag-weitwinkeltrailer","20":"first","21":"instock","22":"taxable","23":"shipping-taxable","24":"purchasable","25":"product-type-variable"},"acf":[],"yoast_head":"<!-- This site is optimized with the Yoast SEO Premium plugin v26.5 (Yoast SEO v27.1.1) - https:\/\/yoast.com\/product\/yoast-seo-premium-wordpress\/ -->\n<title>Gylle LED Umrissleuchte orange rot - All Day Led - f\u00fcr 12&amp;24 Volt<\/title>\n<meta name=\"description\" content=\"Gylle LED Umrissleuchte orange rot - Umrissleuchte in d\u00e4nischer Ausf\u00fchrung - Gummibefestigungsfu\u00df nach Wahl - f\u00fcr Lieferwagen, LKW, Anh\u00e4nger und mehr\" \/>\n<meta name=\"robots\" content=\"index, follow, max-snippet:-1, max-image-preview:large, max-video-preview:-1\" \/>\n<link rel=\"canonical\" href=\"https:\/\/www.alldayled.com\/de\/produkt\/gylle-led-breedtelamp-oranje-rood\/\" \/>\n<meta property=\"og:locale\" content=\"de_DE\" \/>\n<meta property=\"og:type\" content=\"article\" \/>\n<meta property=\"og:title\" content=\"Gylle LED Umrissleuchte orange - rot - All Day Led - f\u00fcr 12&amp;24 Volt\" \/>\n<meta property=\"og:description\" content=\"Gylle LED Umrissleuchte orange - rot - Umrissleuchte in d\u00e4nischer Ausf\u00fchrung - Gummibefestigungsfu\u00df nach Wahl - f\u00fcr Lieferwagen, LKW, Anh\u00e4nger und mehr\" \/>\n<meta property=\"og:url\" content=\"https:\/\/www.alldayled.com\/de\/produkt\/gylle-led-breedtelamp-oranje-rood\/\" \/>\n<meta property=\"og:site_name\" content=\"All Day Led\" \/>\n<meta property=\"article:publisher\" content=\"https:\/\/www.facebook.com\/alldayled\/\" \/>\n<meta property=\"og:image\" content=\"https:\/\/www.alldayled.com\/wp-content\/uploads\/2020\/03\/ADL70142-1.png\" \/>\n<meta name=\"twitter:label1\" content=\"Verf\u00fcgbarkeit\" \/>\n\t<meta name=\"twitter:data1\" content=\"Auf Lager\" \/>\n<script type=\"application\/ld+json\" class=\"yoast-schema-graph\">{\"@context\":\"https:\/\/schema.org\",\"@graph\":[{\"@type\":\"WebPage\",\"@id\":\"https:\/\/www.alldayled.com\/de\/produkt\/gylle-led-breedtelamp-oranje-rood\/\",\"url\":\"https:\/\/www.alldayled.com\/de\/produkt\/gylle-led-breedtelamp-oranje-rood\/\",\"name\":\"Gylle LED Umrissleuchte orange rot - All Day Led - f\u00fcr 12&24 Volt\",\"isPartOf\":{\"@id\":\"https:\/\/www.alldayled.com\/de\/#website\"},\"primaryImageOfPage\":{\"@id\":\"https:\/\/www.alldayled.com\/de\/produkt\/gylle-led-breedtelamp-oranje-rood\/#primaryimage\"},\"image\":{\"@id\":\"https:\/\/www.alldayled.com\/de\/produkt\/gylle-led-breedtelamp-oranje-rood\/#primaryimage\"},\"thumbnailUrl\":\"https:\/\/www.alldayled.com\/wp-content\/uploads\/2025\/10\/ADL70142.png\",\"datePublished\":\"2020-03-27T15:29:04+00:00\",\"description\":\"Gylle LED Umrissleuchte orange rot - Umrissleuchte in d\u00e4nischer Ausf\u00fchrung - Gummibefestigungsfu\u00df nach Wahl - f\u00fcr Lieferwagen, LKW, Anh\u00e4nger und mehr\",\"breadcrumb\":{\"@id\":\"https:\/\/www.alldayled.com\/de\/produkt\/gylle-led-breedtelamp-oranje-rood\/#breadcrumb\"},\"inLanguage\":\"de\",\"potentialAction\":[{\"@type\":\"ReadAction\",\"target\":[\"https:\/\/www.alldayled.com\/de\/produkt\/gylle-led-breedtelamp-oranje-rood\/\"]}]},{\"@type\":\"ImageObject\",\"inLanguage\":\"de\",\"@id\":\"https:\/\/www.alldayled.com\/de\/produkt\/gylle-led-breedtelamp-oranje-rood\/#primaryimage\",\"url\":\"https:\/\/www.alldayled.com\/wp-content\/uploads\/2025\/10\/ADL70142.png\",\"contentUrl\":\"https:\/\/www.alldayled.com\/wp-content\/uploads\/2025\/10\/ADL70142.png\",\"width\":800,\"height\":600},{\"@type\":\"BreadcrumbList\",\"@id\":\"https:\/\/www.alldayled.com\/de\/produkt\/gylle-led-breedtelamp-oranje-rood\/#breadcrumb\",\"itemListElement\":[{\"@type\":\"ListItem\",\"position\":1,\"name\":\"Home\",\"item\":\"https:\/\/www.alldayled.com\/de\/\"},{\"@type\":\"ListItem\",\"position\":2,\"name\":\"Shop\",\"item\":\"https:\/\/www.alldayled.com\/de\/shop\/\"},{\"@type\":\"ListItem\",\"position\":3,\"name\":\"Positionsleuchten\",\"item\":\"https:\/\/www.alldayled.com\/de\/produkt-kategorie\/positionslichter\/\"},{\"@type\":\"ListItem\",\"position\":4,\"name\":\"Umrissleuchte\",\"item\":\"https:\/\/www.alldayled.com\/de\/produkt-kategorie\/positionslichter\/breedtelampen\/\"},{\"@type\":\"ListItem\",\"position\":5,\"name\":\"Gylle LED Umrissleuchte orange &#8211; rot\"}]},{\"@type\":\"WebSite\",\"@id\":\"https:\/\/www.alldayled.com\/de\/#website\",\"url\":\"https:\/\/www.alldayled.com\/de\/\",\"name\":\"All Day Led\",\"description\":\"Verlichting voor 12&amp;24 volt gebruik\",\"publisher\":{\"@id\":\"https:\/\/www.alldayled.com\/de\/#organization\"},\"potentialAction\":[{\"@type\":\"SearchAction\",\"target\":{\"@type\":\"EntryPoint\",\"urlTemplate\":\"https:\/\/www.alldayled.com\/de\/?s={search_term_string}\"},\"query-input\":{\"@type\":\"PropertyValueSpecification\",\"valueRequired\":true,\"valueName\":\"search_term_string\"}}],\"inLanguage\":\"de\"},{\"@type\":\"Organization\",\"@id\":\"https:\/\/www.alldayled.com\/de\/#organization\",\"name\":\"All Day Led\",\"url\":\"https:\/\/www.alldayled.com\/de\/\",\"logo\":{\"@type\":\"ImageObject\",\"inLanguage\":\"de\",\"@id\":\"https:\/\/www.alldayled.com\/de\/#\/schema\/logo\/image\/\",\"url\":\"https:\/\/www.alldayled.com\/wp-content\/uploads\/2025\/10\/Logo-ALL-DAY-LED-800x800-zwart-witte-letters.png\",\"contentUrl\":\"https:\/\/www.alldayled.com\/wp-content\/uploads\/2025\/10\/Logo-ALL-DAY-LED-800x800-zwart-witte-letters.png\",\"width\":800,\"height\":800,\"caption\":\"All Day Led\"},\"image\":{\"@id\":\"https:\/\/www.alldayled.com\/de\/#\/schema\/logo\/image\/\"},\"sameAs\":[\"https:\/\/www.facebook.com\/alldayled\/\",\"https:\/\/www.instagram.com\/alldayled\/\"],\"vatID\":\"NL863960133B01\",\"taxID\":\"86416545\"}]}<\/script>\n<meta property=\"product:brand\" content=\"Gylle\" \/>\n<meta property=\"og:availability\" content=\"instock\" \/>\n<meta property=\"product:availability\" content=\"instock\" \/>\n<meta property=\"product:retailer_item_id\" content=\"ADL70142\" \/>\n<meta property=\"product:condition\" content=\"new\" \/>\n<!-- \/ Yoast SEO Premium plugin. -->","yoast_head_json":{"title":"Gylle LED Umrissleuchte orange rot - All Day Led - f\u00fcr 12&24 Volt","description":"Gylle LED Umrissleuchte orange rot - Umrissleuchte in d\u00e4nischer Ausf\u00fchrung - Gummibefestigungsfu\u00df nach Wahl - f\u00fcr Lieferwagen, LKW, Anh\u00e4nger und mehr","robots":{"index":"index","follow":"follow","max-snippet":"max-snippet:-1","max-image-preview":"max-image-preview:large","max-video-preview":"max-video-preview:-1"},"canonical":"https:\/\/www.alldayled.com\/de\/produkt\/gylle-led-breedtelamp-oranje-rood\/","og_locale":"de_DE","og_type":"article","og_title":"Gylle LED Umrissleuchte orange - rot - All Day Led - f\u00fcr 12&24 Volt","og_description":"Gylle LED Umrissleuchte orange - rot - Umrissleuchte in d\u00e4nischer Ausf\u00fchrung - Gummibefestigungsfu\u00df nach Wahl - f\u00fcr Lieferwagen, LKW, Anh\u00e4nger und mehr","og_url":"https:\/\/www.alldayled.com\/de\/produkt\/gylle-led-breedtelamp-oranje-rood\/","og_site_name":"All Day Led","article_publisher":"https:\/\/www.facebook.com\/alldayled\/","og_image":[{"url":"https:\/\/www.alldayled.com\/wp-content\/uploads\/2020\/03\/ADL70142-1.png","type":"","width":"","height":""}],"twitter_misc":{"Verf\u00fcgbarkeit":"Auf Lager"},"schema":{"@context":"https:\/\/schema.org","@graph":[{"@type":"WebPage","@id":"https:\/\/www.alldayled.com\/de\/produkt\/gylle-led-breedtelamp-oranje-rood\/","url":"https:\/\/www.alldayled.com\/de\/produkt\/gylle-led-breedtelamp-oranje-rood\/","name":"Gylle LED Umrissleuchte orange rot - All Day Led - f\u00fcr 12&24 Volt","isPartOf":{"@id":"https:\/\/www.alldayled.com\/de\/#website"},"primaryImageOfPage":{"@id":"https:\/\/www.alldayled.com\/de\/produkt\/gylle-led-breedtelamp-oranje-rood\/#primaryimage"},"image":{"@id":"https:\/\/www.alldayled.com\/de\/produkt\/gylle-led-breedtelamp-oranje-rood\/#primaryimage"},"thumbnailUrl":"https:\/\/www.alldayled.com\/wp-content\/uploads\/2025\/10\/ADL70142.png","datePublished":"2020-03-27T15:29:04+00:00","description":"Gylle LED Umrissleuchte orange rot - Umrissleuchte in d\u00e4nischer Ausf\u00fchrung - Gummibefestigungsfu\u00df nach Wahl - f\u00fcr Lieferwagen, LKW, Anh\u00e4nger und mehr","breadcrumb":{"@id":"https:\/\/www.alldayled.com\/de\/produkt\/gylle-led-breedtelamp-oranje-rood\/#breadcrumb"},"inLanguage":"de","potentialAction":[{"@type":"ReadAction","target":["https:\/\/www.alldayled.com\/de\/produkt\/gylle-led-breedtelamp-oranje-rood\/"]}]},{"@type":"ImageObject","inLanguage":"de","@id":"https:\/\/www.alldayled.com\/de\/produkt\/gylle-led-breedtelamp-oranje-rood\/#primaryimage","url":"https:\/\/www.alldayled.com\/wp-content\/uploads\/2025\/10\/ADL70142.png","contentUrl":"https:\/\/www.alldayled.com\/wp-content\/uploads\/2025\/10\/ADL70142.png","width":800,"height":600},{"@type":"BreadcrumbList","@id":"https:\/\/www.alldayled.com\/de\/produkt\/gylle-led-breedtelamp-oranje-rood\/#breadcrumb","itemListElement":[{"@type":"ListItem","position":1,"name":"Home","item":"https:\/\/www.alldayled.com\/de\/"},{"@type":"ListItem","position":2,"name":"Shop","item":"https:\/\/www.alldayled.com\/de\/shop\/"},{"@type":"ListItem","position":3,"name":"Positionsleuchten","item":"https:\/\/www.alldayled.com\/de\/produkt-kategorie\/positionslichter\/"},{"@type":"ListItem","position":4,"name":"Umrissleuchte","item":"https:\/\/www.alldayled.com\/de\/produkt-kategorie\/positionslichter\/breedtelampen\/"},{"@type":"ListItem","position":5,"name":"Gylle LED Umrissleuchte orange &#8211; rot"}]},{"@type":"WebSite","@id":"https:\/\/www.alldayled.com\/de\/#website","url":"https:\/\/www.alldayled.com\/de\/","name":"All Day Led","description":"Verlichting voor 12&amp;24 volt gebruik","publisher":{"@id":"https:\/\/www.alldayled.com\/de\/#organization"},"potentialAction":[{"@type":"SearchAction","target":{"@type":"EntryPoint","urlTemplate":"https:\/\/www.alldayled.com\/de\/?s={search_term_string}"},"query-input":{"@type":"PropertyValueSpecification","valueRequired":true,"valueName":"search_term_string"}}],"inLanguage":"de"},{"@type":"Organization","@id":"https:\/\/www.alldayled.com\/de\/#organization","name":"All Day Led","url":"https:\/\/www.alldayled.com\/de\/","logo":{"@type":"ImageObject","inLanguage":"de","@id":"https:\/\/www.alldayled.com\/de\/#\/schema\/logo\/image\/","url":"https:\/\/www.alldayled.com\/wp-content\/uploads\/2025\/10\/Logo-ALL-DAY-LED-800x800-zwart-witte-letters.png","contentUrl":"https:\/\/www.alldayled.com\/wp-content\/uploads\/2025\/10\/Logo-ALL-DAY-LED-800x800-zwart-witte-letters.png","width":800,"height":800,"caption":"All Day Led"},"image":{"@id":"https:\/\/www.alldayled.com\/de\/#\/schema\/logo\/image\/"},"sameAs":["https:\/\/www.facebook.com\/alldayled\/","https:\/\/www.instagram.com\/alldayled\/"],"vatID":"NL863960133B01","taxID":"86416545"}]},"product_brand":"Gylle","og_availability":"instock","product_availability":"instock","product_retailer_item_id":"ADL70142","product_condition":"new"},"_links":{"self":[{"href":"https:\/\/www.alldayled.com\/de\/wp-json\/wp\/v2\/product\/67012","targetHints":{"allow":["GET"]}}],"collection":[{"href":"https:\/\/www.alldayled.com\/de\/wp-json\/wp\/v2\/product"}],"about":[{"href":"https:\/\/www.alldayled.com\/de\/wp-json\/wp\/v2\/types\/product"}],"replies":[{"embeddable":true,"href":"https:\/\/www.alldayled.com\/de\/wp-json\/wp\/v2\/comments?post=67012"}],"wp:featuredmedia":[{"embeddable":true,"href":"https:\/\/www.alldayled.com\/de\/wp-json\/wp\/v2\/media\/38436"}],"wp:attachment":[{"href":"https:\/\/www.alldayled.com\/de\/wp-json\/wp\/v2\/media?parent=67012"}],"wp:term":[{"taxonomy":"product_brand","embeddable":true,"href":"https:\/\/www.alldayled.com\/de\/wp-json\/wp\/v2\/product_brand?post=67012"},{"taxonomy":"product_cat","embeddable":true,"href":"https:\/\/www.alldayled.com\/de\/wp-json\/wp\/v2\/product_cat?post=67012"},{"taxonomy":"product_tag","embeddable":true,"href":"https:\/\/www.alldayled.com\/de\/wp-json\/wp\/v2\/product_tag?post=67012"}],"curies":[{"name":"wp","href":"https:\/\/api.w.org\/{rel}","templated":true}]}}