{"id":67033,"date":"2020-01-22T15:57:16","date_gmt":"2020-01-22T14:57:16","guid":{"rendered":"https:\/\/www.alldayled.com\/product\/ultra-dunne-6-led-flitser-wit\/"},"modified":"2025-11-30T12:15:19","modified_gmt":"2025-11-30T11:15:19","slug":"ultra-dunne-6-led-flitser-wit","status":"publish","type":"product","link":"https:\/\/www.alldayled.com\/de\/produkt\/ultra-dunne-6-led-flitser-wit\/","title":{"rendered":"Ultrad\u00fcnne 6 LED Blitz wei\u00df"},"content":{"rendered":"<p><span style=\"color: #000000;\"><strong>Axixtech ultrad\u00fcnne 6 LED Blitz wei\u00df, geeignet f\u00fcr 12 &amp; 24 volt Betrieb. <\/strong><\/span><\/p>\n<p><span style=\"color: #000000;\">Bist du auf der Suche nach einem ultrad\u00fcnnen LED-Blitz in der Farbe Wei\u00df? Dann ist diese LED-Lampe von Axixtech wahrscheinlich genau das, was du suchst. Dieser Blitzer tut n\u00e4mlich einfach, was er soll: hell aufleuchten, zuverl\u00e4ssig arbeiten und wenig Strom verbrauchen. Dank der 6 kr\u00e4ftigen LED\u2019s bist du sowohl tags\u00fcber als auch im Dunkeln ausgezeichnet sichtbar. Gut zu wissen: Du kannst diesen 6-LED Blitz auf 12V und 24V verwenden. Dadurch passt er m\u00fchelos auf dein Auto, LKW, Anh\u00e4nger oder jedes andere Fahrzeug, das du mit zus\u00e4tzlicher Sichtbarkeit ausstatten m\u00f6chtest.     <\/span><\/p>\n<p><span style=\"color: #000000;\">M\u00f6chtest du sicher sein, dass dieser wei\u00dfe 6-LED Blitz von Axixtech f\u00fcr dein Fahrzeug geeignet ist? Hier unten findest du alle wichtigen Spezifikationen. So siehst du sofort, warum dies m\u00f6glicherweise die Warnleuchte ist, nach der du auf der Suche bist. Die Lampe ist au\u00dferdem mit den richtigen Pr\u00fcfzeichen versehen, wodurch du sicher wei\u00dft, dass sie st\u00f6rungsfrei arbeitet und als Warnleuchte verwendet werden darf. Kurz gesagt: eine perfekte Wahl f\u00fcr deinen Truck, Anh\u00e4nger oder dein Arbeitsfahrzeug!    <\/span><\/p>\n<h5><span style=\"color: #000000;\"><strong>Abmessungen:<\/strong><\/span><\/h5>\n<p><span style=\"color: #000000;\">Um den Blitzer genau dort montieren zu k\u00f6nnen, wo du ihn haben m\u00f6chtest, haben wir hier unten die kompletten Abmessungen f\u00fcr dich aufgelistet.<\/span><\/p>\n<ul>\n<li><span style=\"color: #000000;\">L\u00e4nge: 130 mm<\/span><\/li>\n<li><span style=\"color: #000000;\">H\u00f6he: 30 mm<br \/>\n<\/span><\/li>\n<li><span style=\"color: #000000;\">Dicke: 7 mm<\/span><\/li>\n<\/ul>\n<h5><span style=\"color: #000000;\"><strong>Andere Versionen: <\/strong><\/span><\/h5>\n<p><span style=\"color: #000000;\">M\u00f6chtest du zwar einen flachen LED Blitz anschaffen, aber ist die Ausf\u00fchrung mit wei\u00dfen LED&#8217;s jetzt nicht das, was du suchst? Dann wisse, dass der flache LED Blitz der Marke Axixtech auch in den folgenden Ausf\u00fchrungen erh\u00e4ltlich ist:  <\/span><\/p>\n<ul>\n<li><span style=\"color: #000000;\"><a style=\"color: #000000;\" href=\"https:\/\/www.alldayled.com\/de\/produkt\/ultra-dunne-6-led-flitser-oranje\/\"><strong>Ultrad\u00fcnne 6 LED Blitz orange<\/strong><\/a><\/span><\/li>\n<li><span style=\"color: #000000;\"><a style=\"color: #000000;\" href=\"https:\/\/www.alldayled.com\/de\/produkt\/ultra-dunne-6-led-flitser-rood\/\"><strong>Ultrad\u00fcnne 6 LED Blitz rot<\/strong><\/a><\/span><\/li>\n<\/ul>\n<p><span style=\"color: #000000;\">Bist du dennoch der Meinung, dass der ultrad\u00fcnne 6 LED Blitz in der Farbe Wei\u00df nicht das ist, was du suchst? Simpelweg, weil die Lichtleistung oder Wattzahl nicht hoch genug oder sogar zu hoch ist? Dann wirf auch sicher einmal einen Blick auf unsere Seite <g id=\"gid_0\">flitsers en zwaailampen<\/g>. Vielleicht findest du hier ja das Modell LED Lampe, nach dem du auf der Suche bist.   <\/span><\/p>\n","protected":false},"excerpt":{"rendered":"<p>Axixtech LED Blitz wei\u00df mit 6 LED Punkten, geeignet f\u00fcr 12 &amp; 24 volt.<\/p>\n","protected":false},"featured_media":38907,"comment_status":"open","ping_status":"closed","template":"","meta":{"_acf_changed":false},"product_brand":[5583],"product_cat":[5304],"product_tag":[9088,9093,9094,9099,9097,9435,9089,9090,9091,9092],"class_list":{"0":"post-67033","1":"product","2":"type-product","3":"status-publish","4":"has-post-thumbnail","6":"product_brand-axixtech","7":"product_cat-flitser","8":"product_tag-led-blitz","9":"product_tag-led-blitz-anhanger","10":"product_tag-led-blitz-auto","11":"product_tag-led-blitz-lkw","12":"product_tag-led-blitz-traktor","13":"product_tag-led-blitz-weis","14":"product_tag-led-taschenlampe-12-volt","15":"product_tag-led-taschenlampe-12v","16":"product_tag-led-taschenlampe-24-volt","17":"product_tag-led-taschenlampe-24v","19":"first","20":"instock","21":"taxable","22":"shipping-taxable","23":"purchasable","24":"product-type-simple"},"acf":[],"yoast_head":"<!-- This site is optimized with the Yoast SEO Premium plugin v26.5 (Yoast SEO v27.1.1) - https:\/\/yoast.com\/product\/yoast-seo-premium-wordpress\/ -->\n<title>6 LED Blitz wei\u00df - ultrad\u00fcnn - All Day Led - 12&amp;24 Volt<\/title>\n<meta name=\"description\" content=\"6 LED Blitz wei\u00df - ultrad\u00fcnne Bauweise - f\u00fcr 12&amp;24 volt - LKW, Anh\u00e4nger, Traktor und mehr - ECE R65-Zulassung\" \/>\n<meta name=\"robots\" content=\"index, follow, max-snippet:-1, max-image-preview:large, max-video-preview:-1\" \/>\n<link rel=\"canonical\" href=\"https:\/\/www.alldayled.com\/de\/produkt\/ultra-dunne-6-led-flitser-wit\/\" \/>\n<meta property=\"og:locale\" content=\"de_DE\" \/>\n<meta property=\"og:type\" content=\"article\" \/>\n<meta property=\"og:title\" content=\"6 LED Blitz wei\u00df - ultrad\u00fcnn - All Day Led - 12&amp;24 Volt\" \/>\n<meta property=\"og:description\" content=\"6 LED Blitz wei\u00df - ultrad\u00fcnne Bauweise - f\u00fcr 12&amp;24 volt - LKW, Anh\u00e4nger, Traktor und mehr - ECE R65-Zulassung\" \/>\n<meta property=\"og:url\" content=\"https:\/\/www.alldayled.com\/de\/produkt\/ultra-dunne-6-led-flitser-wit\/\" \/>\n<meta property=\"og:site_name\" content=\"All Day Led\" \/>\n<meta property=\"article:publisher\" content=\"https:\/\/www.facebook.com\/alldayled\/\" \/>\n<meta property=\"article:modified_time\" content=\"2025-11-30T11:15:19+00:00\" \/>\n<meta property=\"og:image\" content=\"https:\/\/www.alldayled.com\/wp-content\/uploads\/2024\/06\/ADL70166-W-300x300.png\" \/>\n<meta name=\"twitter:label1\" content=\"Preis\" \/>\n\t<meta name=\"twitter:data1\" content=\"&euro;&nbsp;54,95\" \/>\n\t<meta name=\"twitter:label2\" content=\"Verf\u00fcgbarkeit\" \/>\n\t<meta name=\"twitter:data2\" content=\"Auf Lager\" \/>\n<script type=\"application\/ld+json\" class=\"yoast-schema-graph\">{\"@context\":\"https:\/\/schema.org\",\"@graph\":[{\"@type\":\"WebPage\",\"@id\":\"https:\/\/www.alldayled.com\/de\/produkt\/ultra-dunne-6-led-flitser-wit\/\",\"url\":\"https:\/\/www.alldayled.com\/de\/produkt\/ultra-dunne-6-led-flitser-wit\/\",\"name\":\"6 LED Blitz wei\u00df - ultrad\u00fcnn - All Day Led - 12&24 Volt\",\"isPartOf\":{\"@id\":\"https:\/\/www.alldayled.com\/de\/#website\"},\"primaryImageOfPage\":{\"@id\":\"https:\/\/www.alldayled.com\/de\/produkt\/ultra-dunne-6-led-flitser-wit\/#primaryimage\"},\"image\":{\"@id\":\"https:\/\/www.alldayled.com\/de\/produkt\/ultra-dunne-6-led-flitser-wit\/#primaryimage\"},\"thumbnailUrl\":\"https:\/\/www.alldayled.com\/wp-content\/uploads\/2025\/10\/ADL70166-W00.png\",\"datePublished\":\"2020-01-22T14:57:16+00:00\",\"dateModified\":\"2025-11-30T11:15:19+00:00\",\"description\":\"6 LED Blitz wei\u00df - ultrad\u00fcnne Bauweise - f\u00fcr 12&24 volt - LKW, Anh\u00e4nger, Traktor und mehr - ECE R65-Zulassung\",\"breadcrumb\":{\"@id\":\"https:\/\/www.alldayled.com\/de\/produkt\/ultra-dunne-6-led-flitser-wit\/#breadcrumb\"},\"inLanguage\":\"de\",\"potentialAction\":[{\"@type\":\"ReadAction\",\"target\":[\"https:\/\/www.alldayled.com\/de\/produkt\/ultra-dunne-6-led-flitser-wit\/\"]}]},{\"@type\":\"ImageObject\",\"inLanguage\":\"de\",\"@id\":\"https:\/\/www.alldayled.com\/de\/produkt\/ultra-dunne-6-led-flitser-wit\/#primaryimage\",\"url\":\"https:\/\/www.alldayled.com\/wp-content\/uploads\/2025\/10\/ADL70166-W00.png\",\"contentUrl\":\"https:\/\/www.alldayled.com\/wp-content\/uploads\/2025\/10\/ADL70166-W00.png\",\"width\":800,\"height\":600},{\"@type\":\"BreadcrumbList\",\"@id\":\"https:\/\/www.alldayled.com\/de\/produkt\/ultra-dunne-6-led-flitser-wit\/#breadcrumb\",\"itemListElement\":[{\"@type\":\"ListItem\",\"position\":1,\"name\":\"Home\",\"item\":\"https:\/\/www.alldayled.com\/de\/\"},{\"@type\":\"ListItem\",\"position\":2,\"name\":\"Shop\",\"item\":\"https:\/\/www.alldayled.com\/de\/shop\/\"},{\"@type\":\"ListItem\",\"position\":3,\"name\":\"Warnleuchten\",\"item\":\"https:\/\/www.alldayled.com\/de\/produkt-kategorie\/blitzlichter\/\"},{\"@type\":\"ListItem\",\"position\":4,\"name\":\"Blitzer\",\"item\":\"https:\/\/www.alldayled.com\/de\/produkt-kategorie\/blitzlichter\/flitser\/\"},{\"@type\":\"ListItem\",\"position\":5,\"name\":\"Ultrad\u00fcnne 6 LED Blitz wei\u00df\"}]},{\"@type\":\"WebSite\",\"@id\":\"https:\/\/www.alldayled.com\/de\/#website\",\"url\":\"https:\/\/www.alldayled.com\/de\/\",\"name\":\"All Day Led\",\"description\":\"Verlichting voor 12&amp;24 volt gebruik\",\"publisher\":{\"@id\":\"https:\/\/www.alldayled.com\/de\/#organization\"},\"potentialAction\":[{\"@type\":\"SearchAction\",\"target\":{\"@type\":\"EntryPoint\",\"urlTemplate\":\"https:\/\/www.alldayled.com\/de\/?s={search_term_string}\"},\"query-input\":{\"@type\":\"PropertyValueSpecification\",\"valueRequired\":true,\"valueName\":\"search_term_string\"}}],\"inLanguage\":\"de\"},{\"@type\":\"Organization\",\"@id\":\"https:\/\/www.alldayled.com\/de\/#organization\",\"name\":\"All Day Led\",\"url\":\"https:\/\/www.alldayled.com\/de\/\",\"logo\":{\"@type\":\"ImageObject\",\"inLanguage\":\"de\",\"@id\":\"https:\/\/www.alldayled.com\/de\/#\/schema\/logo\/image\/\",\"url\":\"https:\/\/www.alldayled.com\/wp-content\/uploads\/2025\/10\/Logo-ALL-DAY-LED-800x800-zwart-witte-letters.png\",\"contentUrl\":\"https:\/\/www.alldayled.com\/wp-content\/uploads\/2025\/10\/Logo-ALL-DAY-LED-800x800-zwart-witte-letters.png\",\"width\":800,\"height\":800,\"caption\":\"All Day Led\"},\"image\":{\"@id\":\"https:\/\/www.alldayled.com\/de\/#\/schema\/logo\/image\/\"},\"sameAs\":[\"https:\/\/www.facebook.com\/alldayled\/\",\"https:\/\/www.instagram.com\/alldayled\/\"],\"vatID\":\"NL863960133B01\",\"taxID\":\"86416545\"}]}<\/script>\n<meta property=\"product:brand\" content=\"Axixtech\" \/>\n<meta property=\"product:price:amount\" content=\"54.95\" \/>\n<meta property=\"product:price:currency\" content=\"EUR\" \/>\n<meta property=\"og:availability\" content=\"instock\" \/>\n<meta property=\"product:availability\" content=\"instock\" \/>\n<meta property=\"product:retailer_item_id\" content=\"ADL70166-W\" \/>\n<meta property=\"product:condition\" content=\"new\" \/>\n<!-- \/ Yoast SEO Premium plugin. -->","yoast_head_json":{"title":"6 LED Blitz wei\u00df - ultrad\u00fcnn - All Day Led - 12&24 Volt","description":"6 LED Blitz wei\u00df - ultrad\u00fcnne Bauweise - f\u00fcr 12&24 volt - LKW, Anh\u00e4nger, Traktor und mehr - ECE R65-Zulassung","robots":{"index":"index","follow":"follow","max-snippet":"max-snippet:-1","max-image-preview":"max-image-preview:large","max-video-preview":"max-video-preview:-1"},"canonical":"https:\/\/www.alldayled.com\/de\/produkt\/ultra-dunne-6-led-flitser-wit\/","og_locale":"de_DE","og_type":"article","og_title":"6 LED Blitz wei\u00df - ultrad\u00fcnn - All Day Led - 12&24 Volt","og_description":"6 LED Blitz wei\u00df - ultrad\u00fcnne Bauweise - f\u00fcr 12&24 volt - LKW, Anh\u00e4nger, Traktor und mehr - ECE R65-Zulassung","og_url":"https:\/\/www.alldayled.com\/de\/produkt\/ultra-dunne-6-led-flitser-wit\/","og_site_name":"All Day Led","article_publisher":"https:\/\/www.facebook.com\/alldayled\/","article_modified_time":"2025-11-30T11:15:19+00:00","og_image":[{"url":"https:\/\/www.alldayled.com\/wp-content\/uploads\/2024\/06\/ADL70166-W-300x300.png","type":"","width":"","height":""}],"twitter_misc":{"Preis":"&euro;&nbsp;54,95","Verf\u00fcgbarkeit":"Auf Lager"},"schema":{"@context":"https:\/\/schema.org","@graph":[{"@type":"WebPage","@id":"https:\/\/www.alldayled.com\/de\/produkt\/ultra-dunne-6-led-flitser-wit\/","url":"https:\/\/www.alldayled.com\/de\/produkt\/ultra-dunne-6-led-flitser-wit\/","name":"6 LED Blitz wei\u00df - ultrad\u00fcnn - All Day Led - 12&24 Volt","isPartOf":{"@id":"https:\/\/www.alldayled.com\/de\/#website"},"primaryImageOfPage":{"@id":"https:\/\/www.alldayled.com\/de\/produkt\/ultra-dunne-6-led-flitser-wit\/#primaryimage"},"image":{"@id":"https:\/\/www.alldayled.com\/de\/produkt\/ultra-dunne-6-led-flitser-wit\/#primaryimage"},"thumbnailUrl":"https:\/\/www.alldayled.com\/wp-content\/uploads\/2025\/10\/ADL70166-W00.png","datePublished":"2020-01-22T14:57:16+00:00","dateModified":"2025-11-30T11:15:19+00:00","description":"6 LED Blitz wei\u00df - ultrad\u00fcnne Bauweise - f\u00fcr 12&24 volt - LKW, Anh\u00e4nger, Traktor und mehr - ECE R65-Zulassung","breadcrumb":{"@id":"https:\/\/www.alldayled.com\/de\/produkt\/ultra-dunne-6-led-flitser-wit\/#breadcrumb"},"inLanguage":"de","potentialAction":[{"@type":"ReadAction","target":["https:\/\/www.alldayled.com\/de\/produkt\/ultra-dunne-6-led-flitser-wit\/"]}]},{"@type":"ImageObject","inLanguage":"de","@id":"https:\/\/www.alldayled.com\/de\/produkt\/ultra-dunne-6-led-flitser-wit\/#primaryimage","url":"https:\/\/www.alldayled.com\/wp-content\/uploads\/2025\/10\/ADL70166-W00.png","contentUrl":"https:\/\/www.alldayled.com\/wp-content\/uploads\/2025\/10\/ADL70166-W00.png","width":800,"height":600},{"@type":"BreadcrumbList","@id":"https:\/\/www.alldayled.com\/de\/produkt\/ultra-dunne-6-led-flitser-wit\/#breadcrumb","itemListElement":[{"@type":"ListItem","position":1,"name":"Home","item":"https:\/\/www.alldayled.com\/de\/"},{"@type":"ListItem","position":2,"name":"Shop","item":"https:\/\/www.alldayled.com\/de\/shop\/"},{"@type":"ListItem","position":3,"name":"Warnleuchten","item":"https:\/\/www.alldayled.com\/de\/produkt-kategorie\/blitzlichter\/"},{"@type":"ListItem","position":4,"name":"Blitzer","item":"https:\/\/www.alldayled.com\/de\/produkt-kategorie\/blitzlichter\/flitser\/"},{"@type":"ListItem","position":5,"name":"Ultrad\u00fcnne 6 LED Blitz wei\u00df"}]},{"@type":"WebSite","@id":"https:\/\/www.alldayled.com\/de\/#website","url":"https:\/\/www.alldayled.com\/de\/","name":"All Day Led","description":"Verlichting voor 12&amp;24 volt gebruik","publisher":{"@id":"https:\/\/www.alldayled.com\/de\/#organization"},"potentialAction":[{"@type":"SearchAction","target":{"@type":"EntryPoint","urlTemplate":"https:\/\/www.alldayled.com\/de\/?s={search_term_string}"},"query-input":{"@type":"PropertyValueSpecification","valueRequired":true,"valueName":"search_term_string"}}],"inLanguage":"de"},{"@type":"Organization","@id":"https:\/\/www.alldayled.com\/de\/#organization","name":"All Day Led","url":"https:\/\/www.alldayled.com\/de\/","logo":{"@type":"ImageObject","inLanguage":"de","@id":"https:\/\/www.alldayled.com\/de\/#\/schema\/logo\/image\/","url":"https:\/\/www.alldayled.com\/wp-content\/uploads\/2025\/10\/Logo-ALL-DAY-LED-800x800-zwart-witte-letters.png","contentUrl":"https:\/\/www.alldayled.com\/wp-content\/uploads\/2025\/10\/Logo-ALL-DAY-LED-800x800-zwart-witte-letters.png","width":800,"height":800,"caption":"All Day Led"},"image":{"@id":"https:\/\/www.alldayled.com\/de\/#\/schema\/logo\/image\/"},"sameAs":["https:\/\/www.facebook.com\/alldayled\/","https:\/\/www.instagram.com\/alldayled\/"],"vatID":"NL863960133B01","taxID":"86416545"}]},"product_brand":"Axixtech","product_price_amount":"54.95","product_price_currency":"EUR","og_availability":"instock","product_availability":"instock","product_retailer_item_id":"ADL70166-W","product_condition":"new"},"_links":{"self":[{"href":"https:\/\/www.alldayled.com\/de\/wp-json\/wp\/v2\/product\/67033","targetHints":{"allow":["GET"]}}],"collection":[{"href":"https:\/\/www.alldayled.com\/de\/wp-json\/wp\/v2\/product"}],"about":[{"href":"https:\/\/www.alldayled.com\/de\/wp-json\/wp\/v2\/types\/product"}],"replies":[{"embeddable":true,"href":"https:\/\/www.alldayled.com\/de\/wp-json\/wp\/v2\/comments?post=67033"}],"wp:featuredmedia":[{"embeddable":true,"href":"https:\/\/www.alldayled.com\/de\/wp-json\/wp\/v2\/media\/38907"}],"wp:attachment":[{"href":"https:\/\/www.alldayled.com\/de\/wp-json\/wp\/v2\/media?parent=67033"}],"wp:term":[{"taxonomy":"product_brand","embeddable":true,"href":"https:\/\/www.alldayled.com\/de\/wp-json\/wp\/v2\/product_brand?post=67033"},{"taxonomy":"product_cat","embeddable":true,"href":"https:\/\/www.alldayled.com\/de\/wp-json\/wp\/v2\/product_cat?post=67033"},{"taxonomy":"product_tag","embeddable":true,"href":"https:\/\/www.alldayled.com\/de\/wp-json\/wp\/v2\/product_tag?post=67033"}],"curies":[{"name":"wp","href":"https:\/\/api.w.org\/{rel}","templated":true}]}}