{"id":67048,"date":"2022-09-26T11:35:25","date_gmt":"2022-09-26T09:35:25","guid":{"rendered":"https:\/\/www.alldayled.com\/product\/strands-cl-led-zwaailampbalk-122cm\/"},"modified":"2026-04-24T07:37:51","modified_gmt":"2026-04-24T05:37:51","slug":"strands-cl-led-zwaailampbalk-122cm","status":"publish","type":"product","link":"https:\/\/www.alldayled.com\/de\/produkt\/strands-cl-led-zwaailampbalk-122cm\/","title":{"rendered":"Strands CL LED Warnanlage &#8211; 122 cm"},"content":{"rendered":"<p><span style=\"color: #000000;\"><strong>Strands Cruise Light LED Warnanlage 122 cm, geeignet f\u00fcr 12 &amp; 24 Volt Betrieb. <\/strong><\/span><\/p>\n<p><span style=\"color: #000000;\">Suchst du eine LED Warnanlage mit verschiedenen Mustern und der Wahl zwischen Schraub- oder Magnetmontage? Dann ist diese LED Warnanlage mit Klarglas und 13 verschiedenen Mustern genau die Lampe, die du suchst. Diese Signalleuchte l\u00e4sst sich einfach an verschiedenen Stellen montieren. Die LED-Lampe ist mit 352 LED&#8217;s ausgestattet, sodass du sicher sein kannst, bei geringem Stromverbrauch gut beleuchtet unterwegs zu sein. Die Strands Cruise Light LED Warnanlage 122 cm ist f\u00fcr 12 und 24 Volt geeignet. Das bedeutet, dass der Warnbalken beispielsweise an einem Auto, LKW, Traktor, Anh\u00e4nger oder anderen Fahrzeugtypen verwendet werden kann.     <\/span><\/p>\n<p><span style=\"color: #000000;\">M\u00f6chtest du sichergehen, dass die Strands CL LED Warnanlage 122 cm an dein Fahrzeug oder deinen Anh\u00e4nger passt? Wir helfen dir gerne weiter. Unten findest du die wichtigsten Spezifikationen, damit du sofort siehst, warum dies vielleicht genau die Warnleuchte ist, die du suchst. Die Cruise Light Roof Bar 122 cm ist mit dem ECE R10 Pr\u00fcfzeichen ausgestattet. Das bedeutet, dass die Lampe w\u00e4hrend des Gebrauchs keine St\u00f6rungen, zum Beispiel an deinem Radio, verursacht. Zudem verf\u00fcgt sie \u00fcber das ECE R65 Klasse 1 (Nacht) und Klasse 2 (Tag) Pr\u00fcfzeichen. Mit anderen Worten: Diese LED-Lampe darfst du ganz offiziell als Warnleuchte verwenden. M\u00f6chtest du sie in Aktion sehen? Schau dir <a style=\"color: #000000;\" href=\"https:\/\/youtu.be\/gC96fBOlRrE\">hier<\/a> das Einf\u00fchrungsvideo von Strands an.        <\/span><\/p>\n<h5><span style=\"color: #000000;\"><strong>Abmessungen:<\/strong><\/span><\/h5>\n<p><span style=\"color: #000000;\">M\u00f6chtest du sicher sein, dass du die Strands Cruise Light LED Warnanlage 122 cm dort montieren kannst, wo du willst? \u00dcberpr\u00fcfe einfach die Abmessungen unten. So wei\u00dft du sofort, ob sie passt.  <\/span><\/p>\n<ul>\n<li><span style=\"color: #000000;\">H\u00f6he: 36 mm (66 mm inkl. Halter)<\/span><\/li>\n<li><span style=\"color: #000000;\">Breite: 1229,2 mm<\/span><\/li>\n<li><span style=\"color: #000000;\">Tiefe: 120 mm<\/span><\/li>\n<\/ul>\n<h5><span style=\"color: #000000;\"><strong>Andere Versionen: <\/strong><\/span><\/h5>\n<p><span style=\"color: #000000;\">Ist die Strands Cruise Light LED Warnanlage 122 cm Version doch nicht ganz das, was du suchst? Kein Problem! Strands liefert dieses Modell n\u00e4mlich in mehreren Ausf\u00fchrungen und Anschlussm\u00f6glichkeiten. Hierunter finden Sie eine handliche \u00dcbersicht aller Varianten: <\/span><\/p>\n<ul>\n<li><span style=\"color: #000000;\"><a style=\"color: #000000;\" href=\"https:\/\/www.alldayled.com\/de\/produkt\/strands-cruise-light-afstands-bediening\/\" target=\"_blank\" rel=\"noopener\"><strong>Cruise Light Fernbedienung f\u00fcr Warnanlage<\/strong><\/a><\/span><\/li>\n<li><span style=\"color: #000000;\"><a style=\"color: #000000;\" href=\"https:\/\/www.alldayled.com\/de\/produkt\/strands-cruise-light-afstandsbediening-draadloos\/\" target=\"_blank\" rel=\"noopener\"><strong>Cruise Light Fernbedienung drahtlos<\/strong><\/a><\/span><\/li>\n<li><span style=\"color: #000000;\"><a style=\"color: #000000;\" href=\"https:\/\/www.alldayled.com\/de\/produkt\/strands-cl-led-zwaailampbalk-31cm\/\"><strong>Cruise Light Rundumleuchtenbalken 31 cm<\/strong><\/a><\/span><\/li>\n<li><span style=\"color: #000000;\"><a style=\"color: #000000;\" href=\"https:\/\/www.alldayled.com\/de\/produkt\/strands-cl-led-zwaailampbalk-77cm\/\"><strong>Cruise Light Rundumleuchtenbalken 77 cm<\/strong><\/a><\/span><\/li>\n<li><span style=\"color: #000000;\"><a style=\"color: #000000;\" href=\"https:\/\/www.alldayled.com\/de\/produkt\/strands-cl-led-zwaailampbalk-92cm\/\"><strong>Cruise Light Rundumleuchtenbalken 92 cm<\/strong><\/a><\/span><\/li>\n<li><span style=\"color: #000000;\"><a style=\"color: #000000;\" href=\"https:\/\/www.alldayled.com\/de\/produkt\/strands-cl-led-zwaailampbalk-107cm\/\"><strong>Cruise Light Rundumleuchtenbalken 107 cm<\/strong><\/a><\/span><\/li>\n<li><span style=\"color: #000000;\"><a style=\"color: #000000;\" href=\"https:\/\/www.alldayled.com\/de\/produkt\/strands-cl-led-zwaailampbalk-138cm\/\"><strong>Cruise Light Rundumleuchtenbalken 138 cm<\/strong><\/a><\/span><\/li>\n<li><span style=\"color: #000000;\"><a style=\"color: #000000;\" href=\"https:\/\/www.alldayled.com\/de\/produkt\/strands-cl-led-zwaailampbalk-153cm\/\"><strong>Cruise Light Rundumleuchtenbalken 153 cm<\/strong><\/a><\/span><\/li>\n<li><span style=\"color: #000000;\"><a style=\"color: #000000;\" href=\"https:\/\/www.alldayled.com\/de\/produkt\/strands-cl-led-zwaailampbalk-183cm\/\"><strong>Cruise Light Rundumleuchtenbalken 183 cm<\/strong><\/a><\/span><\/li>\n<\/ul>\n<div class=\"truncated\">\n<p><span style=\"color: #000000;\">Sind Sie nach all den Infos doch noch nicht ganz schl\u00fcssig? Vielleicht, weil die Lichtleistung, das Watt oder die Form nicht ganz Ihr Ding ist? Dann schauen Sie sich <a style=\"color: #000000;\" href=\"https:\/\/strandseurope.com\/uploads\/2023\/03\/850216-manual.pdf\" target=\"_blank\" rel=\"noopener\">hier<\/a> das komplette Strands Sortiment an. Gro\u00dfe Chance, dass Sie dort genau das Modell finden, das Sie suchen.   <\/span><\/p>\n<\/div>\n","protected":false},"excerpt":{"rendered":"<p>Strands CL LED Warnanlage 122 cm, 12\/24 V \u2013 mit 13 Mustern und ECE R65 Pr\u00fcfzeichen.<\/p>\n","protected":false},"featured_media":22287,"comment_status":"open","ping_status":"closed","template":"","meta":{"_acf_changed":false},"product_brand":[5114],"product_cat":[5306],"product_tag":[9196,9197,9198,9199,9200,9205,9203,9202,9204,9206],"class_list":{"0":"post-67048","1":"product","2":"type-product","3":"status-publish","4":"has-post-thumbnail","6":"product_brand-product-strands-lighting-division","7":"product_cat-zwaailampbalk","8":"product_tag-led-warnleuchte","9":"product_tag-led-warnleuchte-12-volt","10":"product_tag-led-warnleuchte-24-volt","11":"product_tag-led-warnleuchte-anhanger","12":"product_tag-led-warnleuchte-auto","13":"product_tag-led-warnleuchte-lkw","14":"product_tag-led-warnleuchte-mit-ece-r65","15":"product_tag-led-warnleuchte-mitnahmestapler","16":"product_tag-led-warnleuchte-traktor","17":"product_tag-strands-led-warnleuchte","19":"first","20":"instock","21":"taxable","22":"shipping-taxable","23":"purchasable","24":"product-type-simple"},"acf":[],"yoast_head":"<!-- This site is optimized with the Yoast SEO Premium plugin v26.5 (Yoast SEO v27.1.1) - https:\/\/yoast.com\/product\/yoast-seo-premium-wordpress\/ -->\n<title>Strands CL LED Warnanlage 122 cm - All Day Led - 12 &amp; 24 V<\/title>\n<meta name=\"description\" content=\"Strands CL LED Warnanlage 122 cm - 108 W - 12 &amp; 24 Volt - 352 LED&#039;s - LKW, Anh\u00e4nger, Traktor und mehr - mit ECE R65 (Klasse 1 &amp; 2) Pr\u00fcfzeichen\" \/>\n<meta name=\"robots\" content=\"index, follow, max-snippet:-1, max-image-preview:large, max-video-preview:-1\" \/>\n<link rel=\"canonical\" href=\"https:\/\/www.alldayled.com\/de\/produkt\/strands-cl-led-zwaailampbalk-122cm\/\" \/>\n<meta property=\"og:locale\" content=\"de_DE\" \/>\n<meta property=\"og:type\" content=\"article\" \/>\n<meta property=\"og:title\" content=\"Strands CL LED Warnanlage 122 cm - All Day Led - 12 &amp; 24 V\" \/>\n<meta property=\"og:description\" content=\"Strands CL LED Warnanlage 122 cm - 108 W - 12 &amp; 24 Volt - 352 LED&#039;s - LKW, Anh\u00e4nger, Traktor und more - mit ECE R65 (Klasse 1 &amp; 2) Pr\u00fcfzeichen\" \/>\n<meta property=\"og:url\" content=\"https:\/\/www.alldayled.com\/de\/produkt\/strands-cl-led-zwaailampbalk-122cm\/\" \/>\n<meta property=\"og:site_name\" content=\"All Day Led\" \/>\n<meta property=\"article:publisher\" content=\"https:\/\/www.facebook.com\/alldayled\/\" \/>\n<meta property=\"article:modified_time\" content=\"2026-04-24T05:37:51+00:00\" \/>\n<meta property=\"og:image\" content=\"https:\/\/www.alldayled.com\/wp-content\/uploads\/2024\/10\/ADL850217.01-300x300.png\" \/>\n<meta name=\"twitter:label1\" content=\"Preis\" \/>\n\t<meta name=\"twitter:data1\" content=\"&euro;&nbsp;599,00\" \/>\n\t<meta name=\"twitter:label2\" content=\"Verf\u00fcgbarkeit\" \/>\n\t<meta name=\"twitter:data2\" content=\"Auf Lager\" \/>\n<script type=\"application\/ld+json\" class=\"yoast-schema-graph\">{\"@context\":\"https:\/\/schema.org\",\"@graph\":[{\"@type\":\"WebPage\",\"@id\":\"https:\/\/www.alldayled.com\/de\/produkt\/strands-cl-led-zwaailampbalk-122cm\/\",\"url\":\"https:\/\/www.alldayled.com\/de\/produkt\/strands-cl-led-zwaailampbalk-122cm\/\",\"name\":\"Strands CL LED Warnanlage 122 cm - All Day Led - 12 & 24 V\",\"isPartOf\":{\"@id\":\"https:\/\/www.alldayled.com\/de\/#website\"},\"primaryImageOfPage\":{\"@id\":\"https:\/\/www.alldayled.com\/de\/produkt\/strands-cl-led-zwaailampbalk-122cm\/#primaryimage\"},\"image\":{\"@id\":\"https:\/\/www.alldayled.com\/de\/produkt\/strands-cl-led-zwaailampbalk-122cm\/#primaryimage\"},\"thumbnailUrl\":\"https:\/\/www.alldayled.com\/wp-content\/uploads\/2022\/09\/ADL85217.png\",\"datePublished\":\"2022-09-26T09:35:25+00:00\",\"dateModified\":\"2026-04-24T05:37:51+00:00\",\"description\":\"Strands CL LED Warnanlage 122 cm - 108 W - 12 & 24 Volt - 352 LED's - LKW, Anh\u00e4nger, Traktor und mehr - mit ECE R65 (Klasse 1 & 2) Pr\u00fcfzeichen\",\"breadcrumb\":{\"@id\":\"https:\/\/www.alldayled.com\/de\/produkt\/strands-cl-led-zwaailampbalk-122cm\/#breadcrumb\"},\"inLanguage\":\"de\",\"potentialAction\":[{\"@type\":\"ReadAction\",\"target\":[\"https:\/\/www.alldayled.com\/de\/produkt\/strands-cl-led-zwaailampbalk-122cm\/\"]}]},{\"@type\":\"ImageObject\",\"inLanguage\":\"de\",\"@id\":\"https:\/\/www.alldayled.com\/de\/produkt\/strands-cl-led-zwaailampbalk-122cm\/#primaryimage\",\"url\":\"https:\/\/www.alldayled.com\/wp-content\/uploads\/2022\/09\/ADL85217.png\",\"contentUrl\":\"https:\/\/www.alldayled.com\/wp-content\/uploads\/2022\/09\/ADL85217.png\",\"width\":800,\"height\":600,\"caption\":\"Strands Cruise Light LED Warnanlage 122 cm - 108 Watt - LED Roof Bar f\u00fcr 12 &amp; 24 Volt Betrieb - EAN: 7350133811237\"},{\"@type\":\"BreadcrumbList\",\"@id\":\"https:\/\/www.alldayled.com\/de\/produkt\/strands-cl-led-zwaailampbalk-122cm\/#breadcrumb\",\"itemListElement\":[{\"@type\":\"ListItem\",\"position\":1,\"name\":\"Home\",\"item\":\"https:\/\/www.alldayled.com\/de\/\"},{\"@type\":\"ListItem\",\"position\":2,\"name\":\"Shop\",\"item\":\"https:\/\/www.alldayled.com\/de\/shop\/\"},{\"@type\":\"ListItem\",\"position\":3,\"name\":\"Warnleuchten\",\"item\":\"https:\/\/www.alldayled.com\/de\/produkt-kategorie\/blitzlichter\/\"},{\"@type\":\"ListItem\",\"position\":4,\"name\":\"Warnanlage\",\"item\":\"https:\/\/www.alldayled.com\/de\/produkt-kategorie\/blitzlichter\/zwaailampbalk\/\"},{\"@type\":\"ListItem\",\"position\":5,\"name\":\"Strands CL LED Warnanlage &#8211; 122 cm\"}]},{\"@type\":\"WebSite\",\"@id\":\"https:\/\/www.alldayled.com\/de\/#website\",\"url\":\"https:\/\/www.alldayled.com\/de\/\",\"name\":\"All Day Led\",\"description\":\"Verlichting voor 12&amp;24 volt gebruik\",\"publisher\":{\"@id\":\"https:\/\/www.alldayled.com\/de\/#organization\"},\"potentialAction\":[{\"@type\":\"SearchAction\",\"target\":{\"@type\":\"EntryPoint\",\"urlTemplate\":\"https:\/\/www.alldayled.com\/de\/?s={search_term_string}\"},\"query-input\":{\"@type\":\"PropertyValueSpecification\",\"valueRequired\":true,\"valueName\":\"search_term_string\"}}],\"inLanguage\":\"de\"},{\"@type\":\"Organization\",\"@id\":\"https:\/\/www.alldayled.com\/de\/#organization\",\"name\":\"All Day Led\",\"url\":\"https:\/\/www.alldayled.com\/de\/\",\"logo\":{\"@type\":\"ImageObject\",\"inLanguage\":\"de\",\"@id\":\"https:\/\/www.alldayled.com\/de\/#\/schema\/logo\/image\/\",\"url\":\"https:\/\/www.alldayled.com\/wp-content\/uploads\/2025\/10\/Logo-ALL-DAY-LED-800x800-zwart-witte-letters.png\",\"contentUrl\":\"https:\/\/www.alldayled.com\/wp-content\/uploads\/2025\/10\/Logo-ALL-DAY-LED-800x800-zwart-witte-letters.png\",\"width\":800,\"height\":800,\"caption\":\"All Day Led\"},\"image\":{\"@id\":\"https:\/\/www.alldayled.com\/de\/#\/schema\/logo\/image\/\"},\"sameAs\":[\"https:\/\/www.facebook.com\/alldayled\/\",\"https:\/\/www.instagram.com\/alldayled\/\"],\"vatID\":\"NL863960133B01\",\"taxID\":\"86416545\"}]}<\/script>\n<meta property=\"product:brand\" content=\"Strands\" \/>\n<meta property=\"product:price:amount\" content=\"599.00\" \/>\n<meta property=\"product:price:currency\" content=\"EUR\" \/>\n<meta property=\"og:availability\" content=\"instock\" \/>\n<meta property=\"product:availability\" content=\"instock\" \/>\n<meta property=\"product:retailer_item_id\" content=\"ADL850217\" \/>\n<meta property=\"product:condition\" content=\"new\" \/>\n<!-- \/ Yoast SEO Premium plugin. -->","yoast_head_json":{"title":"Strands CL LED Warnanlage 122 cm - All Day Led - 12 & 24 V","description":"Strands CL LED Warnanlage 122 cm - 108 W - 12 & 24 Volt - 352 LED's - LKW, Anh\u00e4nger, Traktor und mehr - mit ECE R65 (Klasse 1 & 2) Pr\u00fcfzeichen","robots":{"index":"index","follow":"follow","max-snippet":"max-snippet:-1","max-image-preview":"max-image-preview:large","max-video-preview":"max-video-preview:-1"},"canonical":"https:\/\/www.alldayled.com\/de\/produkt\/strands-cl-led-zwaailampbalk-122cm\/","og_locale":"de_DE","og_type":"article","og_title":"Strands CL LED Warnanlage 122 cm - All Day Led - 12 & 24 V","og_description":"Strands CL LED Warnanlage 122 cm - 108 W - 12 & 24 Volt - 352 LED's - LKW, Anh\u00e4nger, Traktor und more - mit ECE R65 (Klasse 1 & 2) Pr\u00fcfzeichen","og_url":"https:\/\/www.alldayled.com\/de\/produkt\/strands-cl-led-zwaailampbalk-122cm\/","og_site_name":"All Day Led","article_publisher":"https:\/\/www.facebook.com\/alldayled\/","article_modified_time":"2026-04-24T05:37:51+00:00","og_image":[{"url":"https:\/\/www.alldayled.com\/wp-content\/uploads\/2024\/10\/ADL850217.01-300x300.png","type":"","width":"","height":""}],"twitter_misc":{"Preis":"&euro;&nbsp;599,00","Verf\u00fcgbarkeit":"Auf Lager"},"schema":{"@context":"https:\/\/schema.org","@graph":[{"@type":"WebPage","@id":"https:\/\/www.alldayled.com\/de\/produkt\/strands-cl-led-zwaailampbalk-122cm\/","url":"https:\/\/www.alldayled.com\/de\/produkt\/strands-cl-led-zwaailampbalk-122cm\/","name":"Strands CL LED Warnanlage 122 cm - All Day Led - 12 & 24 V","isPartOf":{"@id":"https:\/\/www.alldayled.com\/de\/#website"},"primaryImageOfPage":{"@id":"https:\/\/www.alldayled.com\/de\/produkt\/strands-cl-led-zwaailampbalk-122cm\/#primaryimage"},"image":{"@id":"https:\/\/www.alldayled.com\/de\/produkt\/strands-cl-led-zwaailampbalk-122cm\/#primaryimage"},"thumbnailUrl":"https:\/\/www.alldayled.com\/wp-content\/uploads\/2022\/09\/ADL85217.png","datePublished":"2022-09-26T09:35:25+00:00","dateModified":"2026-04-24T05:37:51+00:00","description":"Strands CL LED Warnanlage 122 cm - 108 W - 12 & 24 Volt - 352 LED's - LKW, Anh\u00e4nger, Traktor und mehr - mit ECE R65 (Klasse 1 & 2) Pr\u00fcfzeichen","breadcrumb":{"@id":"https:\/\/www.alldayled.com\/de\/produkt\/strands-cl-led-zwaailampbalk-122cm\/#breadcrumb"},"inLanguage":"de","potentialAction":[{"@type":"ReadAction","target":["https:\/\/www.alldayled.com\/de\/produkt\/strands-cl-led-zwaailampbalk-122cm\/"]}]},{"@type":"ImageObject","inLanguage":"de","@id":"https:\/\/www.alldayled.com\/de\/produkt\/strands-cl-led-zwaailampbalk-122cm\/#primaryimage","url":"https:\/\/www.alldayled.com\/wp-content\/uploads\/2022\/09\/ADL85217.png","contentUrl":"https:\/\/www.alldayled.com\/wp-content\/uploads\/2022\/09\/ADL85217.png","width":800,"height":600,"caption":"Strands Cruise Light LED Warnanlage 122 cm - 108 Watt - LED Roof Bar f\u00fcr 12 &amp; 24 Volt Betrieb - EAN: 7350133811237"},{"@type":"BreadcrumbList","@id":"https:\/\/www.alldayled.com\/de\/produkt\/strands-cl-led-zwaailampbalk-122cm\/#breadcrumb","itemListElement":[{"@type":"ListItem","position":1,"name":"Home","item":"https:\/\/www.alldayled.com\/de\/"},{"@type":"ListItem","position":2,"name":"Shop","item":"https:\/\/www.alldayled.com\/de\/shop\/"},{"@type":"ListItem","position":3,"name":"Warnleuchten","item":"https:\/\/www.alldayled.com\/de\/produkt-kategorie\/blitzlichter\/"},{"@type":"ListItem","position":4,"name":"Warnanlage","item":"https:\/\/www.alldayled.com\/de\/produkt-kategorie\/blitzlichter\/zwaailampbalk\/"},{"@type":"ListItem","position":5,"name":"Strands CL LED Warnanlage &#8211; 122 cm"}]},{"@type":"WebSite","@id":"https:\/\/www.alldayled.com\/de\/#website","url":"https:\/\/www.alldayled.com\/de\/","name":"All Day Led","description":"Verlichting voor 12&amp;24 volt gebruik","publisher":{"@id":"https:\/\/www.alldayled.com\/de\/#organization"},"potentialAction":[{"@type":"SearchAction","target":{"@type":"EntryPoint","urlTemplate":"https:\/\/www.alldayled.com\/de\/?s={search_term_string}"},"query-input":{"@type":"PropertyValueSpecification","valueRequired":true,"valueName":"search_term_string"}}],"inLanguage":"de"},{"@type":"Organization","@id":"https:\/\/www.alldayled.com\/de\/#organization","name":"All Day Led","url":"https:\/\/www.alldayled.com\/de\/","logo":{"@type":"ImageObject","inLanguage":"de","@id":"https:\/\/www.alldayled.com\/de\/#\/schema\/logo\/image\/","url":"https:\/\/www.alldayled.com\/wp-content\/uploads\/2025\/10\/Logo-ALL-DAY-LED-800x800-zwart-witte-letters.png","contentUrl":"https:\/\/www.alldayled.com\/wp-content\/uploads\/2025\/10\/Logo-ALL-DAY-LED-800x800-zwart-witte-letters.png","width":800,"height":800,"caption":"All Day Led"},"image":{"@id":"https:\/\/www.alldayled.com\/de\/#\/schema\/logo\/image\/"},"sameAs":["https:\/\/www.facebook.com\/alldayled\/","https:\/\/www.instagram.com\/alldayled\/"],"vatID":"NL863960133B01","taxID":"86416545"}]},"product_brand":"Strands","product_price_amount":"599.00","product_price_currency":"EUR","og_availability":"instock","product_availability":"instock","product_retailer_item_id":"ADL850217","product_condition":"new"},"_links":{"self":[{"href":"https:\/\/www.alldayled.com\/de\/wp-json\/wp\/v2\/product\/67048","targetHints":{"allow":["GET"]}}],"collection":[{"href":"https:\/\/www.alldayled.com\/de\/wp-json\/wp\/v2\/product"}],"about":[{"href":"https:\/\/www.alldayled.com\/de\/wp-json\/wp\/v2\/types\/product"}],"replies":[{"embeddable":true,"href":"https:\/\/www.alldayled.com\/de\/wp-json\/wp\/v2\/comments?post=67048"}],"wp:featuredmedia":[{"embeddable":true,"href":"https:\/\/www.alldayled.com\/de\/wp-json\/wp\/v2\/media\/22287"}],"wp:attachment":[{"href":"https:\/\/www.alldayled.com\/de\/wp-json\/wp\/v2\/media?parent=67048"}],"wp:term":[{"taxonomy":"product_brand","embeddable":true,"href":"https:\/\/www.alldayled.com\/de\/wp-json\/wp\/v2\/product_brand?post=67048"},{"taxonomy":"product_cat","embeddable":true,"href":"https:\/\/www.alldayled.com\/de\/wp-json\/wp\/v2\/product_cat?post=67048"},{"taxonomy":"product_tag","embeddable":true,"href":"https:\/\/www.alldayled.com\/de\/wp-json\/wp\/v2\/product_tag?post=67048"}],"curies":[{"name":"wp","href":"https:\/\/api.w.org\/{rel}","templated":true}]}}