{"id":67073,"date":"2024-10-12T16:31:17","date_gmt":"2024-10-12T14:31:17","guid":{"rendered":"https:\/\/www.alldayled.com\/product\/strands-siberia-xp-qube\/"},"modified":"2026-03-18T17:14:04","modified_gmt":"2026-03-18T16:14:04","slug":"strands-siberia-xp-qube","status":"publish","type":"product","link":"https:\/\/www.alldayled.com\/de\/produkt\/strands-siberia-xp-qube\/","title":{"rendered":"Strands Siberia XP Qube"},"content":{"rendered":"<p><span style=\"color: #000000;\"><strong>Strands Siberia XP QUBE Lampe 38w, f\u00fcr 12 und 24 Volt. <\/strong><\/span><\/p>\n<p><span style=\"color: #000000;\">M\u00f6chten Sie eine LED-Lampe montieren, die mit einem DUAL COLOR Standlicht ausgestattet ist? Aber Sie wissen nicht genau, was Sie suchen? Dann ist die Strands Siberia XP QUBE LED Lampe 38w vielleicht die Lampe, die Sie suchen. Die LED-Lampe ist mit 4 hellen LED-Punkten ausgestattet und hat eine theoretische Lichtleistung von 4800 Lumen. Au\u00dferdem funktioniert die XP LED-Lampe mit 12 und 24 Volt. Das bedeutet, dass Sie die LED-Arbeitsleuchte beispielsweise an Ihrem Auto, Camper, LKW, Anh\u00e4nger oder einer anderen Art von Fahrzeug montieren k\u00f6nnen.     <\/span><\/p>\n<p><span style=\"color: #000000;\">Da Sie vor dem Kauf sicher sein wollen, dass dies die Lampe ist, die Sie suchen, haben wir im Folgenden einige Eigenschaften dieser LED-Lampe aufgef\u00fchrt. Die Strands Siberia XP QUBE mit zweifarbigem Standlicht ORANGE \/ WEISS ist unter anderem mit der ECE R10 ausgestattet. Dieses Pr\u00fcfzeichen gibt an, dass die Lampe bei korrekter Installation funkentst\u00f6rt ist. Weiterhin hat die LED-Lampe auch das IP69K-Pr\u00fcfzeichen. Dieses Pr\u00fcfzeichen gibt an, dass die Lampe staub- und tauchdicht ist. Um den Anschluss zu vereinfachen, ist ein DT4-Anschlussstecker montiert.       <\/span><\/p>\n<div class=\"truncated\">\n<h5><span style=\"color: #000000;\"><strong>Abmessungen:<\/strong><\/span><\/h5>\n<p><span style=\"color: #000000;\">Da Sie vor dem Kauf sicher sein wollen, dass Sie die Arbeitsleuchte mit DUAL COLOR Standlichtfunktion dort montieren k\u00f6nnen, wo Sie wollen, haben wir im Folgenden die Abmessungen der LED-Lampe notiert. Die Abmessungen der Strands Siberia XP QUBE LED Lampe 38w sind wie folgt:  <\/span><\/p>\n<ul>\n<li><span style=\"color: #000000;\">H\u00f6he: 72.0 mm (81.5 mm inkl. Befestigung) <\/span><\/li>\n<li><span style=\"color: #000000;\">Breite: 72.0 mm<\/span><\/li>\n<li><span style=\"color: #000000;\">Dicke: 72.0 mm<\/span><\/li>\n<\/ul>\n<h5><span style=\"color: #000000;\"><strong>Andere Versionen:<\/strong><\/span><\/h5>\n<p><span style=\"color: #000000;\">M\u00f6chten Sie zwar eine LED-Lampe von Strands aus der Siberia XP-Linie kaufen? Aber ist die Strands Siberia XP QUBE LED Lampe nicht die Lampe, die Sie suchen? Wissen Sie dann, dass die Siberia XP-Linie der Marke Strands auch noch diverse andere Arten von Lampen kennt. Siehe hierunter eine Aufz\u00e4hlung der \u00fcbrigen Modelle, die Strands anbietet.   <\/span><\/p>\n<\/div>\n<ul>\n<li><span style=\"color: #000000;\"><strong><a style=\"color: #000000;\" href=\"https:\/\/www.alldayled.com\/de\/produkt\/strands-siberia-xp-red-panda\/\">Siberia XP RED PANDA<\/a><\/strong><strong><br \/>\n<\/strong><\/span><\/li>\n<li><span style=\"color: #000000;\"><a style=\"color: #000000;\" href=\"https:\/\/www.alldayled.com\/nl\/product\/strands-siberia-xp-red-tiger-12-inch\/\"><strong>Siberia XP RED TIGER<\/strong><\/a><\/span><\/li>\n<li><span style=\"color: #000000;\"><strong><a style=\"color: #000000;\" href=\"https:\/\/www.alldayled.com\/de\/produkt\/strands-siberia-xp-red-fox\/\">Siberia XP RED FOX<\/a><\/strong><\/span><\/li>\n<li><span style=\"color: #000000;\"><a style=\"color: #000000;\" href=\"https:\/\/www.alldayled.com\/de\/produkt\/strands-siberia-xp-heat-werklamp\/\"><strong>Siberia XP HEAT<\/strong><\/a><\/span><\/li>\n<\/ul>\n<p><span style=\"color: #000000;\">Sind Sie nach dem Lesen aller Spezifikationen und dem Betrachten der Fotos noch nicht \u00fcberzeugt? Einfach weil die Form, Lichtleistung oder Farbe der Siberia XP QUBE nicht Ihren W\u00fcnschen entspricht? Dann sehen Sie sich hier das komplette Angebot von <a style=\"color: #000000;\" href=\"https:\/\/www.alldayled.com\/de\/marke\/product-strands-lighting-division\/\" target=\"_blank\" rel=\"noopener\">Strands<\/a> an. Vielleicht finden Sie hier das Lampenmodell, das Sie suchen.   <\/span><\/p>\n","protected":false},"excerpt":{"rendered":"<p>Kompakte LED-Arbeitsleuchte mit wei\u00df und orange Standlicht, f\u00fcr 12 und 24 Volt.<\/p>\n","protected":false},"featured_media":82493,"comment_status":"open","ping_status":"closed","template":"","meta":{"_acf_changed":false},"product_brand":[5114],"product_cat":[5334,5359],"product_tag":[9164,9075,9079,9077,9078,9076,9057,9074,9066,9064,9065,9080],"class_list":{"0":"post-67073","1":"product","2":"type-product","3":"status-publish","4":"has-post-thumbnail","6":"product_brand-product-strands-lighting-division","7":"product_cat-werklamp-vierkant","8":"product_cat-strands-siberia","9":"product_tag-led-scheinwerfer","10":"product_tag-led-scheinwerfer-auto","11":"product_tag-led-scheinwerfer-lkw","12":"product_tag-led-scheinwerfer-tonabnehmer","13":"product_tag-led-scheinwerfer-traktor","14":"product_tag-led-scheinwerfer-wohnmobil","15":"product_tag-led-arbeitsleuchte","16":"product_tag-scheinwerfer-mit-stadtlicht","17":"product_tag-strands-led-arbeitsleuchte","18":"product_tag-strands-led-beleuchtung","19":"product_tag-strands-lighting-division","20":"product_tag-strands-siberia-scheinwerfer","22":"first","23":"instock","24":"taxable","25":"shipping-taxable","26":"purchasable","27":"product-type-simple"},"acf":[],"yoast_head":"<!-- This site is optimized with the Yoast SEO Premium plugin v26.5 (Yoast SEO v27.1.1) - https:\/\/yoast.com\/product\/yoast-seo-premium-wordpress\/ -->\n<title>Siberia XP QUBE Lampe - STRANDS - All Day Led - f\u00fcr 12&amp;24V<\/title>\n<meta name=\"description\" content=\"Siberia XP QUBE Lampe 38w Arbeitsleuchte - mit ORANGE und WEISS Positionsleuchte - super schlankes Design - 4800 Lumen - mit DT-4 Stecker - 1 Lux @ 151 Meter\" \/>\n<meta name=\"robots\" content=\"index, follow, max-snippet:-1, max-image-preview:large, max-video-preview:-1\" \/>\n<link rel=\"canonical\" href=\"https:\/\/www.alldayled.com\/de\/produkt\/strands-siberia-xp-qube\/\" \/>\n<meta property=\"og:locale\" content=\"de_DE\" \/>\n<meta property=\"og:type\" content=\"article\" \/>\n<meta property=\"og:title\" content=\"Siberia XP QUBE Lampe - STRANDS - All Day Led - f\u00fcr 12&amp;24V\" \/>\n<meta property=\"og:description\" content=\"Siberia XP QUBE Lampe 38w Arbeitsleuchte - mit ORANGE und WEISS Positionsleuchte - super schlankes Design - 4800 Lumen - mit DT-4 Stecker - 1 Lux @ 151 Meter\" \/>\n<meta property=\"og:url\" content=\"https:\/\/www.alldayled.com\/de\/produkt\/strands-siberia-xp-qube\/\" \/>\n<meta property=\"og:site_name\" content=\"All Day Led\" \/>\n<meta property=\"article:publisher\" content=\"https:\/\/www.facebook.com\/alldayled\/\" \/>\n<meta property=\"article:modified_time\" content=\"2026-03-18T16:14:04+00:00\" \/>\n<meta property=\"og:image\" content=\"https:\/\/www.alldayled.com\/wp-content\/uploads\/2024\/11\/ADL809283.01-300x300.png\" \/>\n<meta name=\"twitter:label1\" content=\"Preis\" \/>\n\t<meta name=\"twitter:data1\" content=\"&euro;&nbsp;79,00\" \/>\n\t<meta name=\"twitter:label2\" content=\"Verf\u00fcgbarkeit\" \/>\n\t<meta name=\"twitter:data2\" content=\"Auf Lager\" \/>\n<script type=\"application\/ld+json\" class=\"yoast-schema-graph\">{\"@context\":\"https:\/\/schema.org\",\"@graph\":[{\"@type\":\"WebPage\",\"@id\":\"https:\/\/www.alldayled.com\/de\/produkt\/strands-siberia-xp-qube\/\",\"url\":\"https:\/\/www.alldayled.com\/de\/produkt\/strands-siberia-xp-qube\/\",\"name\":\"Siberia XP QUBE Lampe - STRANDS - All Day Led - f\u00fcr 12&24V\",\"isPartOf\":{\"@id\":\"https:\/\/www.alldayled.com\/de\/#website\"},\"primaryImageOfPage\":{\"@id\":\"https:\/\/www.alldayled.com\/de\/produkt\/strands-siberia-xp-qube\/#primaryimage\"},\"image\":{\"@id\":\"https:\/\/www.alldayled.com\/de\/produkt\/strands-siberia-xp-qube\/#primaryimage\"},\"thumbnailUrl\":\"https:\/\/www.alldayled.com\/wp-content\/uploads\/2024\/10\/ADL809283-1.png\",\"datePublished\":\"2024-10-12T14:31:17+00:00\",\"dateModified\":\"2026-03-18T16:14:04+00:00\",\"description\":\"Siberia XP QUBE Lampe 38w Arbeitsleuchte - mit ORANGE und WEISS Positionsleuchte - super schlankes Design - 4800 Lumen - mit DT-4 Stecker - 1 Lux @ 151 Meter\",\"breadcrumb\":{\"@id\":\"https:\/\/www.alldayled.com\/de\/produkt\/strands-siberia-xp-qube\/#breadcrumb\"},\"inLanguage\":\"de\",\"potentialAction\":[{\"@type\":\"ReadAction\",\"target\":[\"https:\/\/www.alldayled.com\/de\/produkt\/strands-siberia-xp-qube\/\"]}]},{\"@type\":\"ImageObject\",\"inLanguage\":\"de\",\"@id\":\"https:\/\/www.alldayled.com\/de\/produkt\/strands-siberia-xp-qube\/#primaryimage\",\"url\":\"https:\/\/www.alldayled.com\/wp-content\/uploads\/2024\/10\/ADL809283-1.png\",\"contentUrl\":\"https:\/\/www.alldayled.com\/wp-content\/uploads\/2024\/10\/ADL809283-1.png\",\"width\":800,\"height\":600,\"caption\":\"ADL809283 standlicht wit\"},{\"@type\":\"BreadcrumbList\",\"@id\":\"https:\/\/www.alldayled.com\/de\/produkt\/strands-siberia-xp-qube\/#breadcrumb\",\"itemListElement\":[{\"@type\":\"ListItem\",\"position\":1,\"name\":\"Home\",\"item\":\"https:\/\/www.alldayled.com\/de\/\"},{\"@type\":\"ListItem\",\"position\":2,\"name\":\"Shop\",\"item\":\"https:\/\/www.alldayled.com\/de\/shop\/\"},{\"@type\":\"ListItem\",\"position\":3,\"name\":\"Arbeitsscheinwerfer\",\"item\":\"https:\/\/www.alldayled.com\/de\/produkt-kategorie\/arbeitsscheinwerfer\/\"},{\"@type\":\"ListItem\",\"position\":4,\"name\":\"Arbeitsscheinwerfer Quadratisch\",\"item\":\"https:\/\/www.alldayled.com\/de\/produkt-kategorie\/arbeitsscheinwerfer\/werklamp-vierkant\/\"},{\"@type\":\"ListItem\",\"position\":5,\"name\":\"Strands Siberia XP Qube\"}]},{\"@type\":\"WebSite\",\"@id\":\"https:\/\/www.alldayled.com\/de\/#website\",\"url\":\"https:\/\/www.alldayled.com\/de\/\",\"name\":\"All Day Led\",\"description\":\"Verlichting voor 12&amp;24 volt gebruik\",\"publisher\":{\"@id\":\"https:\/\/www.alldayled.com\/de\/#organization\"},\"potentialAction\":[{\"@type\":\"SearchAction\",\"target\":{\"@type\":\"EntryPoint\",\"urlTemplate\":\"https:\/\/www.alldayled.com\/de\/?s={search_term_string}\"},\"query-input\":{\"@type\":\"PropertyValueSpecification\",\"valueRequired\":true,\"valueName\":\"search_term_string\"}}],\"inLanguage\":\"de\"},{\"@type\":\"Organization\",\"@id\":\"https:\/\/www.alldayled.com\/de\/#organization\",\"name\":\"All Day Led\",\"url\":\"https:\/\/www.alldayled.com\/de\/\",\"logo\":{\"@type\":\"ImageObject\",\"inLanguage\":\"de\",\"@id\":\"https:\/\/www.alldayled.com\/de\/#\/schema\/logo\/image\/\",\"url\":\"https:\/\/www.alldayled.com\/wp-content\/uploads\/2025\/10\/Logo-ALL-DAY-LED-800x800-zwart-witte-letters.png\",\"contentUrl\":\"https:\/\/www.alldayled.com\/wp-content\/uploads\/2025\/10\/Logo-ALL-DAY-LED-800x800-zwart-witte-letters.png\",\"width\":800,\"height\":800,\"caption\":\"All Day Led\"},\"image\":{\"@id\":\"https:\/\/www.alldayled.com\/de\/#\/schema\/logo\/image\/\"},\"sameAs\":[\"https:\/\/www.facebook.com\/alldayled\/\",\"https:\/\/www.instagram.com\/alldayled\/\"],\"vatID\":\"NL863960133B01\",\"taxID\":\"86416545\"}]}<\/script>\n<meta property=\"product:brand\" content=\"Strands\" \/>\n<meta property=\"product:price:amount\" content=\"79.00\" \/>\n<meta property=\"product:price:currency\" content=\"EUR\" \/>\n<meta property=\"og:availability\" content=\"instock\" \/>\n<meta property=\"product:availability\" content=\"instock\" \/>\n<meta property=\"product:retailer_item_id\" content=\"ADL809283\" \/>\n<meta property=\"product:condition\" content=\"new\" \/>\n<!-- \/ Yoast SEO Premium plugin. -->","yoast_head_json":{"title":"Siberia XP QUBE Lampe - STRANDS - All Day Led - f\u00fcr 12&24V","description":"Siberia XP QUBE Lampe 38w Arbeitsleuchte - mit ORANGE und WEISS Positionsleuchte - super schlankes Design - 4800 Lumen - mit DT-4 Stecker - 1 Lux @ 151 Meter","robots":{"index":"index","follow":"follow","max-snippet":"max-snippet:-1","max-image-preview":"max-image-preview:large","max-video-preview":"max-video-preview:-1"},"canonical":"https:\/\/www.alldayled.com\/de\/produkt\/strands-siberia-xp-qube\/","og_locale":"de_DE","og_type":"article","og_title":"Siberia XP QUBE Lampe - STRANDS - All Day Led - f\u00fcr 12&24V","og_description":"Siberia XP QUBE Lampe 38w Arbeitsleuchte - mit ORANGE und WEISS Positionsleuchte - super schlankes Design - 4800 Lumen - mit DT-4 Stecker - 1 Lux @ 151 Meter","og_url":"https:\/\/www.alldayled.com\/de\/produkt\/strands-siberia-xp-qube\/","og_site_name":"All Day Led","article_publisher":"https:\/\/www.facebook.com\/alldayled\/","article_modified_time":"2026-03-18T16:14:04+00:00","og_image":[{"url":"https:\/\/www.alldayled.com\/wp-content\/uploads\/2024\/11\/ADL809283.01-300x300.png","type":"","width":"","height":""}],"twitter_misc":{"Preis":"&euro;&nbsp;79,00","Verf\u00fcgbarkeit":"Auf Lager"},"schema":{"@context":"https:\/\/schema.org","@graph":[{"@type":"WebPage","@id":"https:\/\/www.alldayled.com\/de\/produkt\/strands-siberia-xp-qube\/","url":"https:\/\/www.alldayled.com\/de\/produkt\/strands-siberia-xp-qube\/","name":"Siberia XP QUBE Lampe - STRANDS - All Day Led - f\u00fcr 12&24V","isPartOf":{"@id":"https:\/\/www.alldayled.com\/de\/#website"},"primaryImageOfPage":{"@id":"https:\/\/www.alldayled.com\/de\/produkt\/strands-siberia-xp-qube\/#primaryimage"},"image":{"@id":"https:\/\/www.alldayled.com\/de\/produkt\/strands-siberia-xp-qube\/#primaryimage"},"thumbnailUrl":"https:\/\/www.alldayled.com\/wp-content\/uploads\/2024\/10\/ADL809283-1.png","datePublished":"2024-10-12T14:31:17+00:00","dateModified":"2026-03-18T16:14:04+00:00","description":"Siberia XP QUBE Lampe 38w Arbeitsleuchte - mit ORANGE und WEISS Positionsleuchte - super schlankes Design - 4800 Lumen - mit DT-4 Stecker - 1 Lux @ 151 Meter","breadcrumb":{"@id":"https:\/\/www.alldayled.com\/de\/produkt\/strands-siberia-xp-qube\/#breadcrumb"},"inLanguage":"de","potentialAction":[{"@type":"ReadAction","target":["https:\/\/www.alldayled.com\/de\/produkt\/strands-siberia-xp-qube\/"]}]},{"@type":"ImageObject","inLanguage":"de","@id":"https:\/\/www.alldayled.com\/de\/produkt\/strands-siberia-xp-qube\/#primaryimage","url":"https:\/\/www.alldayled.com\/wp-content\/uploads\/2024\/10\/ADL809283-1.png","contentUrl":"https:\/\/www.alldayled.com\/wp-content\/uploads\/2024\/10\/ADL809283-1.png","width":800,"height":600,"caption":"ADL809283 standlicht wit"},{"@type":"BreadcrumbList","@id":"https:\/\/www.alldayled.com\/de\/produkt\/strands-siberia-xp-qube\/#breadcrumb","itemListElement":[{"@type":"ListItem","position":1,"name":"Home","item":"https:\/\/www.alldayled.com\/de\/"},{"@type":"ListItem","position":2,"name":"Shop","item":"https:\/\/www.alldayled.com\/de\/shop\/"},{"@type":"ListItem","position":3,"name":"Arbeitsscheinwerfer","item":"https:\/\/www.alldayled.com\/de\/produkt-kategorie\/arbeitsscheinwerfer\/"},{"@type":"ListItem","position":4,"name":"Arbeitsscheinwerfer Quadratisch","item":"https:\/\/www.alldayled.com\/de\/produkt-kategorie\/arbeitsscheinwerfer\/werklamp-vierkant\/"},{"@type":"ListItem","position":5,"name":"Strands Siberia XP Qube"}]},{"@type":"WebSite","@id":"https:\/\/www.alldayled.com\/de\/#website","url":"https:\/\/www.alldayled.com\/de\/","name":"All Day Led","description":"Verlichting voor 12&amp;24 volt gebruik","publisher":{"@id":"https:\/\/www.alldayled.com\/de\/#organization"},"potentialAction":[{"@type":"SearchAction","target":{"@type":"EntryPoint","urlTemplate":"https:\/\/www.alldayled.com\/de\/?s={search_term_string}"},"query-input":{"@type":"PropertyValueSpecification","valueRequired":true,"valueName":"search_term_string"}}],"inLanguage":"de"},{"@type":"Organization","@id":"https:\/\/www.alldayled.com\/de\/#organization","name":"All Day Led","url":"https:\/\/www.alldayled.com\/de\/","logo":{"@type":"ImageObject","inLanguage":"de","@id":"https:\/\/www.alldayled.com\/de\/#\/schema\/logo\/image\/","url":"https:\/\/www.alldayled.com\/wp-content\/uploads\/2025\/10\/Logo-ALL-DAY-LED-800x800-zwart-witte-letters.png","contentUrl":"https:\/\/www.alldayled.com\/wp-content\/uploads\/2025\/10\/Logo-ALL-DAY-LED-800x800-zwart-witte-letters.png","width":800,"height":800,"caption":"All Day Led"},"image":{"@id":"https:\/\/www.alldayled.com\/de\/#\/schema\/logo\/image\/"},"sameAs":["https:\/\/www.facebook.com\/alldayled\/","https:\/\/www.instagram.com\/alldayled\/"],"vatID":"NL863960133B01","taxID":"86416545"}]},"product_brand":"Strands","product_price_amount":"79.00","product_price_currency":"EUR","og_availability":"instock","product_availability":"instock","product_retailer_item_id":"ADL809283","product_condition":"new"},"_links":{"self":[{"href":"https:\/\/www.alldayled.com\/de\/wp-json\/wp\/v2\/product\/67073","targetHints":{"allow":["GET"]}}],"collection":[{"href":"https:\/\/www.alldayled.com\/de\/wp-json\/wp\/v2\/product"}],"about":[{"href":"https:\/\/www.alldayled.com\/de\/wp-json\/wp\/v2\/types\/product"}],"replies":[{"embeddable":true,"href":"https:\/\/www.alldayled.com\/de\/wp-json\/wp\/v2\/comments?post=67073"}],"wp:featuredmedia":[{"embeddable":true,"href":"https:\/\/www.alldayled.com\/de\/wp-json\/wp\/v2\/media\/82493"}],"wp:attachment":[{"href":"https:\/\/www.alldayled.com\/de\/wp-json\/wp\/v2\/media?parent=67073"}],"wp:term":[{"taxonomy":"product_brand","embeddable":true,"href":"https:\/\/www.alldayled.com\/de\/wp-json\/wp\/v2\/product_brand?post=67073"},{"taxonomy":"product_cat","embeddable":true,"href":"https:\/\/www.alldayled.com\/de\/wp-json\/wp\/v2\/product_cat?post=67073"},{"taxonomy":"product_tag","embeddable":true,"href":"https:\/\/www.alldayled.com\/de\/wp-json\/wp\/v2\/product_tag?post=67073"}],"curies":[{"name":"wp","href":"https:\/\/api.w.org\/{rel}","templated":true}]}}