{"id":67094,"date":"2024-11-22T16:57:55","date_gmt":"2024-11-22T15:57:55","guid":{"rendered":"https:\/\/www.alldayled.com\/product\/strands-siberia-xp-heat-werklamp\/"},"modified":"2026-01-28T14:43:28","modified_gmt":"2026-01-28T13:43:28","slug":"strands-siberia-xp-heat-werklamp","status":"publish","type":"product","link":"https:\/\/www.alldayled.com\/de\/produkt\/strands-siberia-xp-heat-werklamp\/","title":{"rendered":"Strands Siberia XP HEAT Lampe"},"content":{"rendered":"<p><span style=\"color: #000000;\"><strong>Strands Siberia XP HEAT Lampe 70W, f\u00fcr 12 und 24 Volt. <\/strong><\/span><\/p>\n<p><span style=\"color: #000000;\">M\u00f6chtest du eine LED Lampe montieren, die mit einer DUAL COLOR Positionsleuchte ausgestattet ist und auch eine beheizte Linse hat? Dann ist die Strands Siberia XP HEAT Lampe vielleicht genau die Lampe, die du suchst. Diese LED Lampe ist mit 6 hellen LED-Punkten ausgestattet und hat eine theoretische Lichtleistung von 6000 Lumen. Au\u00dferdem arbeitet die XP LED Lampe mit 12 und 24 Volt. Das bedeutet, dass du die beheizte LED Lampe zum Beispiel an deinem Auto, Wohnmobil, LKW, Anh\u00e4nger oder einem anderen Fahrzeugtyp montieren kannst.    <\/span><\/p>\n<p><span style=\"color: #000000;\">Damit du vor dem Kauf sicher sein kannst, dass dies DIE Lampe ist, die du suchst. Haben wir dir hier einige Eigenschaften dieser LED Lampe aufgeschrieben. Die Strands Siberia XP HEAT Lampe mit zweifarbigem Standlicht ORANGE \/ ROT ist unter anderem mit ECE R10 ausgestattet. Dieses Pr\u00fcfzeichen besagt, dass die LED Lampe bei korrekter Installation funkentst\u00f6rt ist. Des Weiteren verf\u00fcgt die LED Lampe auch \u00fcber eine Heizfunktion. Diese Funktion sorgt daf\u00fcr, dass du bei winterlichem Wetter keine Probleme mit einer gefrorenen Linse hast und somit weniger Lichtleistung als gewohnt. Au\u00dferdem ist die Lampe mit einem 2 Meter langen, 5-adrigen Anschlusskabel ausgestattet.       <\/span><\/p>\n<h5><span style=\"color: #000000;\"><strong style=\"font-size: 19.2px;\">Abmessungen:<\/strong><\/span><\/h5>\n<div class=\"truncated\">\n<p><span style=\"color: #000000;\">Damit du vor dem Kauf sicher sein kannst, dass du die Lampe mit DUAL COLOR Positionsleuchtenfunktion und beheizter Linse montieren kannst, wo du m\u00f6chtest, haben wir hier unten die Abmessungen der LED Lampe notiert. Die Abmessungen der Strands Siberia XP HEAT LED Lampe 70W sind wie folgt:  <\/span><\/p>\n<ul>\n<li><span style=\"color: #000000;\">H\u00f6he: 110,34 mm (119,17 mm inkl. Befestigung)<\/span><\/li>\n<li><span style=\"color: #000000;\">Breite: 110,44 mm<\/span><\/li>\n<li><span style=\"color: #000000;\">Tiefe: 75,45 mm<\/span><\/li>\n<\/ul>\n<\/div>\n<div class=\"truncated\">\n<h5><span style=\"color: #000000;\"><strong>Andere Versionen:<\/strong><\/span><\/h5>\n<p><span style=\"color: #000000;\">M\u00f6chtest du eine LED Lampe von Strands aus der Siberia XP Serie kaufen? Aber die Strands Siberia XP HEAT LED Lampe 70W ist nicht die Lampe, die du suchst? Beachte, dass die Siberia XP Serie der Marke Strands auch noch verschiedene andere Lampentypen kennt. Siehe unten eine Auflistung der weiteren Modelle, die Strands anbietet.   <\/span><\/p>\n<\/div>\n<ul>\n<li><span style=\"color: #000000;\"><strong><a style=\"color: #000000;\" href=\"https:\/\/www.alldayled.com\/de\/produkt\/strands-siberia-xp-red-panda\/\">Siberia XP RED PANDA<\/a><\/strong><strong><br \/>\n<\/strong><\/span><\/li>\n<li><span style=\"color: #000000;\"><a style=\"color: #000000;\" href=\"https:\/\/www.alldayled.com\/nl\/product\/strands-siberia-xp-red-tiger-12-inch\/\"><strong>Siberia XP RED TIGER<\/strong><\/a><\/span><\/li>\n<li><span style=\"color: #000000;\"><strong><a style=\"color: #000000;\" href=\"https:\/\/www.alldayled.com\/de\/produkt\/strands-siberia-xp-red-fox\/\">Siberia XP RED FOX<\/a><\/strong><\/span><\/li>\n<li><span style=\"color: #000000;\"><strong><a style=\"color: #000000;\" href=\"https:\/\/www.alldayled.com\/de\/produkt\/strands-siberia-xp-qube\/\">Siberia XP QUBE<\/a><\/strong><\/span><\/li>\n<\/ul>\n<p><span style=\"color: #000000;\">Bist du nach dem Lesen aller Spezifikationen und dem Betrachten der Fotos immer noch nicht \u00fcberzeugt? Einfach weil die Form, Lichtleistung oder Farbe der Siberia XP HEAT LED Lampe 70W nicht deinen W\u00fcnschen entspricht? Dann sieh dir hier das komplette Angebot von <g id=\"gid_0\">Strands<\/g> an. Vielleicht findest du hier das Lampenmodell, nach dem du suchst.   <\/span><\/p>\n","protected":false},"excerpt":{"rendered":"<p>Strands Siberia XP HEAT Lampe mit beheizter Linse, f\u00fcr 12 &amp; 24 Volt.<\/p>\n","protected":false},"featured_media":32094,"comment_status":"open","ping_status":"closed","template":"","meta":{"_acf_changed":false},"product_brand":[5048],"product_cat":[3117,3102],"product_tag":[3138,3140,3137,3136,3141,3134,3808,3412,3413,3810,3139],"class_list":{"0":"post-67094","1":"product","2":"type-product","3":"status-publish","4":"has-post-thumbnail","6":"product_brand-product-strands-lighting-division","7":"product_cat-werklamp-vierkant","8":"product_cat-strands-siberia","9":"product_tag-werklamp-kooiaap","10":"product_tag-werklamp-trailer","11":"product_tag-werklamp-heftruck","12":"product_tag-werklamp-aanhanger","13":"product_tag-werklamp-vrachtwagen","14":"product_tag-led-werklamp","15":"product_tag-strands-led-werklamp","16":"product_tag-strands-led-verlichting","17":"product_tag-strands-lighting-division","18":"product_tag-strands-siberia-verstraler","19":"product_tag-werklamp-tractor","21":"first","22":"instock","23":"taxable","24":"shipping-taxable","25":"purchasable","26":"product-type-simple"},"acf":[],"yoast_head":"<!-- This site is optimized with the Yoast SEO Premium plugin v26.5 (Yoast SEO v27.1.1) - https:\/\/yoast.com\/product\/yoast-seo-premium-wordpress\/ -->\n<title>Siberia XP HEAT Lampe - STRANDS Beleuchtung - All Day Led - f\u00fcr 12&amp;24V<\/title>\n<meta name=\"description\" content=\"Siberia XP HEAT Lampe 70W - inkl. Positionsleuchte ROT - ORANGE und beheizter Linse - 6000 Lumen - Aluminiumgeh\u00e4use mit 2m Kabel - 1 Lux @ 68 Meter\" \/>\n<meta name=\"robots\" content=\"index, follow, max-snippet:-1, max-image-preview:large, max-video-preview:-1\" \/>\n<link rel=\"canonical\" href=\"https:\/\/www.alldayled.com\/de\/produkt\/strands-siberia-xp-heat-werklamp\/\" \/>\n<meta property=\"og:locale\" content=\"de_DE\" \/>\n<meta property=\"og:type\" content=\"article\" \/>\n<meta property=\"og:title\" content=\"Siberia XP HEAT Lampe - STRANDS Beleuchtung - All Day Led - f\u00fcr 12&amp;24V\" \/>\n<meta property=\"og:description\" content=\"Siberia XP HEAT Lampe 70W - inkl. Positionsleuchte ROT - ORANGE und beheizter Linse - 6000 Lumen - Aluminiumgeh\u00e4use mit 2m Kabel - 1 Lux @ 68 Meter\" \/>\n<meta property=\"og:url\" content=\"https:\/\/www.alldayled.com\/de\/produkt\/strands-siberia-xp-heat-werklamp\/\" \/>\n<meta property=\"og:site_name\" content=\"All Day Led\" \/>\n<meta property=\"article:publisher\" content=\"https:\/\/www.facebook.com\/alldayled\/\" \/>\n<meta property=\"article:modified_time\" content=\"2026-01-28T13:43:28+00:00\" \/>\n<meta property=\"og:image\" content=\"https:\/\/www.alldayled.com\/wp-content\/uploads\/2024\/11\/ADL809265.01-300x300.png\" \/>\n<meta name=\"twitter:label1\" content=\"Preis\" \/>\n\t<meta name=\"twitter:data1\" content=\"&euro;&nbsp;139,00\" \/>\n\t<meta name=\"twitter:label2\" content=\"Verf\u00fcgbarkeit\" \/>\n\t<meta name=\"twitter:data2\" content=\"Auf Lager\" \/>\n<script type=\"application\/ld+json\" class=\"yoast-schema-graph\">{\"@context\":\"https:\/\/schema.org\",\"@graph\":[{\"@type\":\"WebPage\",\"@id\":\"https:\/\/www.alldayled.com\/de\/produkt\/strands-siberia-xp-heat-werklamp\/\",\"url\":\"https:\/\/www.alldayled.com\/de\/produkt\/strands-siberia-xp-heat-werklamp\/\",\"name\":\"Siberia XP HEAT Lampe - STRANDS Beleuchtung - All Day Led - f\u00fcr 12&24V\",\"isPartOf\":{\"@id\":\"https:\/\/www.alldayled.com\/de\/#website\"},\"primaryImageOfPage\":{\"@id\":\"https:\/\/www.alldayled.com\/de\/produkt\/strands-siberia-xp-heat-werklamp\/#primaryimage\"},\"image\":{\"@id\":\"https:\/\/www.alldayled.com\/de\/produkt\/strands-siberia-xp-heat-werklamp\/#primaryimage\"},\"thumbnailUrl\":\"https:\/\/www.alldayled.com\/wp-content\/uploads\/2024\/11\/ADL809265-02.png\",\"datePublished\":\"2024-11-22T15:57:55+00:00\",\"dateModified\":\"2026-01-28T13:43:28+00:00\",\"description\":\"Siberia XP HEAT Lampe 70W - inkl. Positionsleuchte ROT - ORANGE und beheizter Linse - 6000 Lumen - Aluminiumgeh\u00e4use mit 2m Kabel - 1 Lux @ 68 Meter\",\"breadcrumb\":{\"@id\":\"https:\/\/www.alldayled.com\/de\/produkt\/strands-siberia-xp-heat-werklamp\/#breadcrumb\"},\"inLanguage\":\"de\",\"potentialAction\":[{\"@type\":\"ReadAction\",\"target\":[\"https:\/\/www.alldayled.com\/de\/produkt\/strands-siberia-xp-heat-werklamp\/\"]}]},{\"@type\":\"ImageObject\",\"inLanguage\":\"de\",\"@id\":\"https:\/\/www.alldayled.com\/de\/produkt\/strands-siberia-xp-heat-werklamp\/#primaryimage\",\"url\":\"https:\/\/www.alldayled.com\/wp-content\/uploads\/2024\/11\/ADL809265-02.png\",\"contentUrl\":\"https:\/\/www.alldayled.com\/wp-content\/uploads\/2024\/11\/ADL809265-02.png\",\"width\":800,\"height\":600,\"caption\":\"Strands HEAT Lampe 70W Lampe mit beheiztem Glas, damit sich kein Frost auf der Lampe bildet - Lampe aus Aluminium mit LED Positionsleuchte in der Farbe ORANGE\/ROT - Strands 809265 - Strands SIBERIA XP HEAT WORK LIGHT - geeignet f\u00fcr 12 und 24 Volt - EAN: 7323030192471\"},{\"@type\":\"BreadcrumbList\",\"@id\":\"https:\/\/www.alldayled.com\/de\/produkt\/strands-siberia-xp-heat-werklamp\/#breadcrumb\",\"itemListElement\":[{\"@type\":\"ListItem\",\"position\":1,\"name\":\"Home\",\"item\":\"https:\/\/www.alldayled.com\/de\/\"},{\"@type\":\"ListItem\",\"position\":2,\"name\":\"Shop\",\"item\":\"https:\/\/www.alldayled.com\/de\/shop\/\"},{\"@type\":\"ListItem\",\"position\":3,\"name\":\"Arbeitsscheinwerfer\",\"item\":\"https:\/\/www.alldayled.com\/de\/produkt-kategorie\/arbeitsscheinwerfer\/\"},{\"@type\":\"ListItem\",\"position\":4,\"name\":\"Arbeitsscheinwerfer Quadratisch\",\"item\":\"https:\/\/www.alldayled.com\/de\/produkt-kategorie\/arbeitsscheinwerfer\/werklamp-vierkant\/\"},{\"@type\":\"ListItem\",\"position\":5,\"name\":\"Strands Siberia XP HEAT Lampe\"}]},{\"@type\":\"WebSite\",\"@id\":\"https:\/\/www.alldayled.com\/de\/#website\",\"url\":\"https:\/\/www.alldayled.com\/de\/\",\"name\":\"All Day Led\",\"description\":\"Verlichting voor 12&amp;24 volt gebruik\",\"publisher\":{\"@id\":\"https:\/\/www.alldayled.com\/de\/#organization\"},\"potentialAction\":[{\"@type\":\"SearchAction\",\"target\":{\"@type\":\"EntryPoint\",\"urlTemplate\":\"https:\/\/www.alldayled.com\/de\/?s={search_term_string}\"},\"query-input\":{\"@type\":\"PropertyValueSpecification\",\"valueRequired\":true,\"valueName\":\"search_term_string\"}}],\"inLanguage\":\"de\"},{\"@type\":\"Organization\",\"@id\":\"https:\/\/www.alldayled.com\/de\/#organization\",\"name\":\"All Day Led\",\"url\":\"https:\/\/www.alldayled.com\/de\/\",\"logo\":{\"@type\":\"ImageObject\",\"inLanguage\":\"de\",\"@id\":\"https:\/\/www.alldayled.com\/de\/#\/schema\/logo\/image\/\",\"url\":\"https:\/\/www.alldayled.com\/wp-content\/uploads\/2025\/10\/Logo-ALL-DAY-LED-800x800-zwart-witte-letters.png\",\"contentUrl\":\"https:\/\/www.alldayled.com\/wp-content\/uploads\/2025\/10\/Logo-ALL-DAY-LED-800x800-zwart-witte-letters.png\",\"width\":800,\"height\":800,\"caption\":\"All Day Led\"},\"image\":{\"@id\":\"https:\/\/www.alldayled.com\/de\/#\/schema\/logo\/image\/\"},\"sameAs\":[\"https:\/\/www.facebook.com\/alldayled\/\",\"https:\/\/www.instagram.com\/alldayled\/\"],\"vatID\":\"NL863960133B01\",\"taxID\":\"86416545\"}]}<\/script>\n<meta property=\"product:brand\" content=\"Strands\" \/>\n<meta property=\"product:price:amount\" content=\"139.00\" \/>\n<meta property=\"product:price:currency\" content=\"EUR\" \/>\n<meta property=\"og:availability\" content=\"instock\" \/>\n<meta property=\"product:availability\" content=\"instock\" \/>\n<meta property=\"product:retailer_item_id\" content=\"ADL809265\" \/>\n<meta property=\"product:condition\" content=\"new\" \/>\n<!-- \/ Yoast SEO Premium plugin. -->","yoast_head_json":{"title":"Siberia XP HEAT Lampe - STRANDS Beleuchtung - All Day Led - f\u00fcr 12&24V","description":"Siberia XP HEAT Lampe 70W - inkl. Positionsleuchte ROT - ORANGE und beheizter Linse - 6000 Lumen - Aluminiumgeh\u00e4use mit 2m Kabel - 1 Lux @ 68 Meter","robots":{"index":"index","follow":"follow","max-snippet":"max-snippet:-1","max-image-preview":"max-image-preview:large","max-video-preview":"max-video-preview:-1"},"canonical":"https:\/\/www.alldayled.com\/de\/produkt\/strands-siberia-xp-heat-werklamp\/","og_locale":"de_DE","og_type":"article","og_title":"Siberia XP HEAT Lampe - STRANDS Beleuchtung - All Day Led - f\u00fcr 12&24V","og_description":"Siberia XP HEAT Lampe 70W - inkl. Positionsleuchte ROT - ORANGE und beheizter Linse - 6000 Lumen - Aluminiumgeh\u00e4use mit 2m Kabel - 1 Lux @ 68 Meter","og_url":"https:\/\/www.alldayled.com\/de\/produkt\/strands-siberia-xp-heat-werklamp\/","og_site_name":"All Day Led","article_publisher":"https:\/\/www.facebook.com\/alldayled\/","article_modified_time":"2026-01-28T13:43:28+00:00","og_image":[{"url":"https:\/\/www.alldayled.com\/wp-content\/uploads\/2024\/11\/ADL809265.01-300x300.png","type":"","width":"","height":""}],"twitter_misc":{"Preis":"&euro;&nbsp;139,00","Verf\u00fcgbarkeit":"Auf Lager"},"schema":{"@context":"https:\/\/schema.org","@graph":[{"@type":"WebPage","@id":"https:\/\/www.alldayled.com\/de\/produkt\/strands-siberia-xp-heat-werklamp\/","url":"https:\/\/www.alldayled.com\/de\/produkt\/strands-siberia-xp-heat-werklamp\/","name":"Siberia XP HEAT Lampe - STRANDS Beleuchtung - All Day Led - f\u00fcr 12&24V","isPartOf":{"@id":"https:\/\/www.alldayled.com\/de\/#website"},"primaryImageOfPage":{"@id":"https:\/\/www.alldayled.com\/de\/produkt\/strands-siberia-xp-heat-werklamp\/#primaryimage"},"image":{"@id":"https:\/\/www.alldayled.com\/de\/produkt\/strands-siberia-xp-heat-werklamp\/#primaryimage"},"thumbnailUrl":"https:\/\/www.alldayled.com\/wp-content\/uploads\/2024\/11\/ADL809265-02.png","datePublished":"2024-11-22T15:57:55+00:00","dateModified":"2026-01-28T13:43:28+00:00","description":"Siberia XP HEAT Lampe 70W - inkl. Positionsleuchte ROT - ORANGE und beheizter Linse - 6000 Lumen - Aluminiumgeh\u00e4use mit 2m Kabel - 1 Lux @ 68 Meter","breadcrumb":{"@id":"https:\/\/www.alldayled.com\/de\/produkt\/strands-siberia-xp-heat-werklamp\/#breadcrumb"},"inLanguage":"de","potentialAction":[{"@type":"ReadAction","target":["https:\/\/www.alldayled.com\/de\/produkt\/strands-siberia-xp-heat-werklamp\/"]}]},{"@type":"ImageObject","inLanguage":"de","@id":"https:\/\/www.alldayled.com\/de\/produkt\/strands-siberia-xp-heat-werklamp\/#primaryimage","url":"https:\/\/www.alldayled.com\/wp-content\/uploads\/2024\/11\/ADL809265-02.png","contentUrl":"https:\/\/www.alldayled.com\/wp-content\/uploads\/2024\/11\/ADL809265-02.png","width":800,"height":600,"caption":"Strands HEAT Lampe 70W Lampe mit beheiztem Glas, damit sich kein Frost auf der Lampe bildet - Lampe aus Aluminium mit LED Positionsleuchte in der Farbe ORANGE\/ROT - Strands 809265 - Strands SIBERIA XP HEAT WORK LIGHT - geeignet f\u00fcr 12 und 24 Volt - EAN: 7323030192471"},{"@type":"BreadcrumbList","@id":"https:\/\/www.alldayled.com\/de\/produkt\/strands-siberia-xp-heat-werklamp\/#breadcrumb","itemListElement":[{"@type":"ListItem","position":1,"name":"Home","item":"https:\/\/www.alldayled.com\/de\/"},{"@type":"ListItem","position":2,"name":"Shop","item":"https:\/\/www.alldayled.com\/de\/shop\/"},{"@type":"ListItem","position":3,"name":"Arbeitsscheinwerfer","item":"https:\/\/www.alldayled.com\/de\/produkt-kategorie\/arbeitsscheinwerfer\/"},{"@type":"ListItem","position":4,"name":"Arbeitsscheinwerfer Quadratisch","item":"https:\/\/www.alldayled.com\/de\/produkt-kategorie\/arbeitsscheinwerfer\/werklamp-vierkant\/"},{"@type":"ListItem","position":5,"name":"Strands Siberia XP HEAT Lampe"}]},{"@type":"WebSite","@id":"https:\/\/www.alldayled.com\/de\/#website","url":"https:\/\/www.alldayled.com\/de\/","name":"All Day Led","description":"Verlichting voor 12&amp;24 volt gebruik","publisher":{"@id":"https:\/\/www.alldayled.com\/de\/#organization"},"potentialAction":[{"@type":"SearchAction","target":{"@type":"EntryPoint","urlTemplate":"https:\/\/www.alldayled.com\/de\/?s={search_term_string}"},"query-input":{"@type":"PropertyValueSpecification","valueRequired":true,"valueName":"search_term_string"}}],"inLanguage":"de"},{"@type":"Organization","@id":"https:\/\/www.alldayled.com\/de\/#organization","name":"All Day Led","url":"https:\/\/www.alldayled.com\/de\/","logo":{"@type":"ImageObject","inLanguage":"de","@id":"https:\/\/www.alldayled.com\/de\/#\/schema\/logo\/image\/","url":"https:\/\/www.alldayled.com\/wp-content\/uploads\/2025\/10\/Logo-ALL-DAY-LED-800x800-zwart-witte-letters.png","contentUrl":"https:\/\/www.alldayled.com\/wp-content\/uploads\/2025\/10\/Logo-ALL-DAY-LED-800x800-zwart-witte-letters.png","width":800,"height":800,"caption":"All Day Led"},"image":{"@id":"https:\/\/www.alldayled.com\/de\/#\/schema\/logo\/image\/"},"sameAs":["https:\/\/www.facebook.com\/alldayled\/","https:\/\/www.instagram.com\/alldayled\/"],"vatID":"NL863960133B01","taxID":"86416545"}]},"product_brand":"Strands","product_price_amount":"139.00","product_price_currency":"EUR","og_availability":"instock","product_availability":"instock","product_retailer_item_id":"ADL809265","product_condition":"new"},"_links":{"self":[{"href":"https:\/\/www.alldayled.com\/de\/wp-json\/wp\/v2\/product\/67094","targetHints":{"allow":["GET"]}}],"collection":[{"href":"https:\/\/www.alldayled.com\/de\/wp-json\/wp\/v2\/product"}],"about":[{"href":"https:\/\/www.alldayled.com\/de\/wp-json\/wp\/v2\/types\/product"}],"replies":[{"embeddable":true,"href":"https:\/\/www.alldayled.com\/de\/wp-json\/wp\/v2\/comments?post=67094"}],"wp:featuredmedia":[{"embeddable":true,"href":"https:\/\/www.alldayled.com\/de\/wp-json\/wp\/v2\/media\/32094"}],"wp:attachment":[{"href":"https:\/\/www.alldayled.com\/de\/wp-json\/wp\/v2\/media?parent=67094"}],"wp:term":[{"taxonomy":"product_brand","embeddable":true,"href":"https:\/\/www.alldayled.com\/de\/wp-json\/wp\/v2\/product_brand?post=67094"},{"taxonomy":"product_cat","embeddable":true,"href":"https:\/\/www.alldayled.com\/de\/wp-json\/wp\/v2\/product_cat?post=67094"},{"taxonomy":"product_tag","embeddable":true,"href":"https:\/\/www.alldayled.com\/de\/wp-json\/wp\/v2\/product_tag?post=67094"}],"curies":[{"name":"wp","href":"https:\/\/api.w.org\/{rel}","templated":true}]}}