{"id":67101,"date":"2025-03-01T15:44:05","date_gmt":"2025-03-01T14:44:05","guid":{"rendered":"https:\/\/www.alldayled.com\/product\/tralert-apex-werklamp-18w-vierkant\/"},"modified":"2025-12-30T18:29:26","modified_gmt":"2025-12-30T17:29:26","slug":"tralert-apex-werklamp-18w-vierkant","status":"publish","type":"product","link":"https:\/\/www.alldayled.com\/de\/produkt\/tralert-apex-werklamp-18w-vierkant\/","title":{"rendered":"Tralert APEX Lampe 18W &#8211; quadratisch"},"content":{"rendered":"<p><span style=\"color: #000000;\"><strong>Tralert APEX Lampe 18W quadratisch, f\u00fcr 12 &amp; 24 Volt.<\/strong><\/span><\/p>\n<p><span style=\"color: #000000;\">Suchst du eine erschwingliche LED-Arbeitsleuchte, die trotz ihrer kompakten Gr\u00f6\u00dfe viel Licht spendet? Dann bist du mit der Tralert APEX Lampe 18W quadratisch richtig beraten. Diese Arbeitsleuchte, auch bekannt als Tralert WR-1829V, ist Teil der neuen APEX-Serie: entwickelt f\u00fcr den t\u00e4glichen Gebrauch, mit Blick auf Robustheit und Benutzerfreundlichkeit. Das Geh\u00e4use ist robust gebaut mit abgerundeten Ecken f\u00fcr optimale Lichtverteilung und wird mit 50 cm Kabel, DT-2 Stecker und Befestigungsmaterial aus Edelstahl geliefert.   <\/span><\/p>\n<p><span style=\"color: #000000;\">Die Lampe ist mit 12 leistungsstarken LED&#8217;s ausgestattet und liefert ganze 2929 Lumen helles wei\u00dfes Licht. Perfekt f\u00fcr die Montage an deinem Auto, LKW, Traktor, Anh\u00e4nger oder einem anderen Arbeitsfahrzeug. Und dank des Multi-Voltage-Systems (12 und 24 Volt) schlie\u00dft du sie problemlos an. Die quadratische APEX Arbeitsleuchte zeichnet sich durch Zuverl\u00e4ssigkeit aus. So ist sie vollst\u00e4ndig staub- und wasserdicht (IP69), st\u00f6rt dein Radio dank des ECE R10 Pr\u00fcfzeichens nicht und erf\u00fcllt ECE R148. Kurz gesagt: eine Lampe, die ihre Arbeit einfach gut macht, egal wo du f\u00e4hrst oder arbeitest.     <\/span><\/p>\n<h5><span style=\"color: #000000;\"><strong>Abmessungen:<\/strong><\/span><\/h5>\n<p><span style=\"color: #000000;\">Bevor du die Lampe bestellst, m\u00f6chtest du nat\u00fcrlich sicherstellen, ob sie an die Stelle passt, wo du sie montieren m\u00f6chtest. Deshalb haben wir dir unten die Abmessungen dieser Tralert LED Arbeitsleuchte aufgelistet: <\/span><\/p>\n<ul>\n<li><span style=\"color: #000000;\">H\u00f6he: 74,8 mm (95 mm inkl. Befestigung)<\/span><\/li>\n<li><span style=\"color: #000000;\">Breite: 76 mm<\/span><\/li>\n<li><span style=\"color: #000000;\">Tiefe: 33,8 mm<\/span><\/li>\n<\/ul>\n<h5><span style=\"color: #000000;\"><strong>Andere Versionen: <\/strong><\/span><\/h5>\n<p><span style=\"color: #000000;\">Suchst du doch eine andere Tralert Arbeitsleuchte? Keine Sorge, die 18W quadratische Version ist nur eine der Optionen. Tralert hat noch viele weitere Modelle in verschiedenen Formen und Leistungen. Sieh dir unten das komplette Angebot an und finde die Arbeitsleuchte, die wirklich zu deiner Aufgabe passt.   <\/span><\/p>\n<ul>\n<li><a href=\"https:\/\/www.alldayled.com\/de\/produkt\/tralert-apex-werklamp-40w-vierkant\/\"><span style=\"color: #000000;\"><strong>Tralert APEX Lampe 40W &#8211; quadratisch<\/strong><\/span><\/a><\/li>\n<li><a href=\"https:\/\/www.alldayled.com\/nl\/product\/tralert-apex-werklamp-31w-rond\/\"><span style=\"color: #000000;\"><strong>Tralert APEX Lampe 31W &#8211; rund<\/strong><\/span><\/a><\/li>\n<li><a href=\"https:\/\/www.alldayled.com\/de\/produkt\/tralert-apex-werklamp-18w-rond\/\"><span style=\"color: #000000;\"><strong>Tralert APEX Lampe 18W &#8211; rund<\/strong><\/span><\/a><\/li>\n<\/ul>\n<div class=\"truncated\">\n<p><span style=\"color: #000000;\">Bist du doch der Meinung, dass die Tralert LED Arbeitsleuchte 18W quadratisch nicht das ist, wonach du suchst? Einfach weil die Lichtleistung, Wattzahl oder Form nicht deinen W\u00fcnschen entspricht? Sieh dir dann hier das komplette Angebot von <a style=\"color: #000000;\" href=\"https:\/\/www.alldayled.com\/de\/marke\/product-tralert\/\" target=\"_blank\" rel=\"noopener\">Tralert<\/a> an.  <\/span><\/p>\n<\/div>\n","protected":false},"excerpt":{"rendered":"<p>Kleine quadratische LED Lampe von Tralert mit 4 LED Punkten, f\u00fcr 12 und 24 Volt.<\/p>\n","protected":false},"featured_media":36024,"comment_status":"open","ping_status":"closed","template":"","meta":{"_acf_changed":false},"product_brand":[6607],"product_cat":[5334],"product_tag":[9060,9062,9059,9058,9063,9057,9061],"class_list":{"0":"post-67101","1":"product","2":"type-product","3":"status-publish","4":"has-post-thumbnail","6":"product_brand-product-tralert","7":"product_cat-werklamp-vierkant","8":"product_tag-arbeitsleuchte-kafiganhanger","9":"product_tag-arbeitsscheinwerfer-anhanger","10":"product_tag-arbeitsscheinwerfer-gabelstapler","12":"product_tag-arbeitstransporter","13":"product_tag-led-arbeitsleuchte","14":"product_tag-traktor-arbeitsleuchte","16":"first","17":"instock","18":"taxable","19":"shipping-taxable","20":"purchasable","21":"product-type-simple"},"acf":[],"yoast_head":"<!-- This site is optimized with the Yoast SEO Premium plugin v26.5 (Yoast SEO v27.1.1) - https:\/\/yoast.com\/product\/yoast-seo-premium-wordpress\/ -->\n<title>Tralert APEX Lampe 18W quadratisch - All Day Led - f\u00fcr 12&amp;24 Volt - 2929 Lumen<\/title>\n<meta name=\"description\" content=\"Tralert APEX Lampe 18W quadratisch - WR-1829V mit Deutsch-Stecker - ECE-R10 - APEX Serie mit DT2 Stecker - 2929 Lumen - Auto, LKW und mehr\" \/>\n<meta name=\"robots\" content=\"index, follow, max-snippet:-1, max-image-preview:large, max-video-preview:-1\" \/>\n<link rel=\"canonical\" href=\"https:\/\/www.alldayled.com\/de\/produkt\/tralert-apex-werklamp-18w-vierkant\/\" \/>\n<meta property=\"og:locale\" content=\"de_DE\" \/>\n<meta property=\"og:type\" content=\"article\" \/>\n<meta property=\"og:title\" content=\"Tralert APEX Lampe 18W quadratisch - All Day Led - f\u00fcr 12&amp;24 Volt - 2929 Lumen\" \/>\n<meta property=\"og:description\" content=\"Tralert APEX Lampe 18W quadratisch - WR-1829V mit Deutsch-Stecker - ECE-R10 - APEX Serie mit DT2 Stecker - 2929 Lumen - Auto, LKW und mehr\" \/>\n<meta property=\"og:url\" content=\"https:\/\/www.alldayled.com\/de\/produkt\/tralert-apex-werklamp-18w-vierkant\/\" \/>\n<meta property=\"og:site_name\" content=\"All Day Led\" \/>\n<meta property=\"article:publisher\" content=\"https:\/\/www.facebook.com\/alldayled\/\" \/>\n<meta property=\"article:modified_time\" content=\"2025-12-30T17:29:26+00:00\" \/>\n<meta property=\"og:image\" content=\"https:\/\/www.alldayled.com\/wp-content\/uploads\/2025\/06\/ADL01829V-SM-300x300.png\" \/>\n<meta name=\"twitter:label1\" content=\"Preis\" \/>\n\t<meta name=\"twitter:data1\" content=\"&euro;&nbsp;29,95\" \/>\n\t<meta name=\"twitter:label2\" content=\"Verf\u00fcgbarkeit\" \/>\n\t<meta name=\"twitter:data2\" content=\"Auf Lager\" \/>\n<script type=\"application\/ld+json\" class=\"yoast-schema-graph\">{\"@context\":\"https:\/\/schema.org\",\"@graph\":[{\"@type\":\"WebPage\",\"@id\":\"https:\/\/www.alldayled.com\/de\/produkt\/tralert-apex-werklamp-18w-vierkant\/\",\"url\":\"https:\/\/www.alldayled.com\/de\/produkt\/tralert-apex-werklamp-18w-vierkant\/\",\"name\":\"Tralert APEX Lampe 18W quadratisch - All Day Led - f\u00fcr 12&24 Volt - 2929 Lumen\",\"isPartOf\":{\"@id\":\"https:\/\/www.alldayled.com\/de\/#website\"},\"primaryImageOfPage\":{\"@id\":\"https:\/\/www.alldayled.com\/de\/produkt\/tralert-apex-werklamp-18w-vierkant\/#primaryimage\"},\"image\":{\"@id\":\"https:\/\/www.alldayled.com\/de\/produkt\/tralert-apex-werklamp-18w-vierkant\/#primaryimage\"},\"thumbnailUrl\":\"https:\/\/www.alldayled.com\/wp-content\/uploads\/2025\/06\/ADL01829V.png\",\"datePublished\":\"2025-03-01T14:44:05+00:00\",\"dateModified\":\"2025-12-30T17:29:26+00:00\",\"description\":\"Tralert APEX Lampe 18W quadratisch - WR-1829V mit Deutsch-Stecker - ECE-R10 - APEX Serie mit DT2 Stecker - 2929 Lumen - Auto, LKW und mehr\",\"breadcrumb\":{\"@id\":\"https:\/\/www.alldayled.com\/de\/produkt\/tralert-apex-werklamp-18w-vierkant\/#breadcrumb\"},\"inLanguage\":\"de\",\"potentialAction\":[{\"@type\":\"ReadAction\",\"target\":[\"https:\/\/www.alldayled.com\/de\/produkt\/tralert-apex-werklamp-18w-vierkant\/\"]}]},{\"@type\":\"ImageObject\",\"inLanguage\":\"de\",\"@id\":\"https:\/\/www.alldayled.com\/de\/produkt\/tralert-apex-werklamp-18w-vierkant\/#primaryimage\",\"url\":\"https:\/\/www.alldayled.com\/wp-content\/uploads\/2025\/06\/ADL01829V.png\",\"contentUrl\":\"https:\/\/www.alldayled.com\/wp-content\/uploads\/2025\/06\/ADL01829V.png\",\"width\":800,\"height\":600,\"caption\":\"Tralert APEX Lampe 18W quadratisch - 12 LED's - 2929 Lumen - IP69K - ECE R10 - ECE R148 - EAN: 8720364583095\"},{\"@type\":\"BreadcrumbList\",\"@id\":\"https:\/\/www.alldayled.com\/de\/produkt\/tralert-apex-werklamp-18w-vierkant\/#breadcrumb\",\"itemListElement\":[{\"@type\":\"ListItem\",\"position\":1,\"name\":\"Home\",\"item\":\"https:\/\/www.alldayled.com\/de\/\"},{\"@type\":\"ListItem\",\"position\":2,\"name\":\"Shop\",\"item\":\"https:\/\/www.alldayled.com\/de\/shop\/\"},{\"@type\":\"ListItem\",\"position\":3,\"name\":\"Arbeitsscheinwerfer\",\"item\":\"https:\/\/www.alldayled.com\/de\/produkt-kategorie\/arbeitsscheinwerfer\/\"},{\"@type\":\"ListItem\",\"position\":4,\"name\":\"Arbeitsscheinwerfer Quadratisch\",\"item\":\"https:\/\/www.alldayled.com\/de\/produkt-kategorie\/arbeitsscheinwerfer\/werklamp-vierkant\/\"},{\"@type\":\"ListItem\",\"position\":5,\"name\":\"Tralert APEX Lampe 18W &#8211; quadratisch\"}]},{\"@type\":\"WebSite\",\"@id\":\"https:\/\/www.alldayled.com\/de\/#website\",\"url\":\"https:\/\/www.alldayled.com\/de\/\",\"name\":\"All Day Led\",\"description\":\"Verlichting voor 12&amp;24 volt gebruik\",\"publisher\":{\"@id\":\"https:\/\/www.alldayled.com\/de\/#organization\"},\"potentialAction\":[{\"@type\":\"SearchAction\",\"target\":{\"@type\":\"EntryPoint\",\"urlTemplate\":\"https:\/\/www.alldayled.com\/de\/?s={search_term_string}\"},\"query-input\":{\"@type\":\"PropertyValueSpecification\",\"valueRequired\":true,\"valueName\":\"search_term_string\"}}],\"inLanguage\":\"de\"},{\"@type\":\"Organization\",\"@id\":\"https:\/\/www.alldayled.com\/de\/#organization\",\"name\":\"All Day Led\",\"url\":\"https:\/\/www.alldayled.com\/de\/\",\"logo\":{\"@type\":\"ImageObject\",\"inLanguage\":\"de\",\"@id\":\"https:\/\/www.alldayled.com\/de\/#\/schema\/logo\/image\/\",\"url\":\"https:\/\/www.alldayled.com\/wp-content\/uploads\/2025\/10\/Logo-ALL-DAY-LED-800x800-zwart-witte-letters.png\",\"contentUrl\":\"https:\/\/www.alldayled.com\/wp-content\/uploads\/2025\/10\/Logo-ALL-DAY-LED-800x800-zwart-witte-letters.png\",\"width\":800,\"height\":800,\"caption\":\"All Day Led\"},\"image\":{\"@id\":\"https:\/\/www.alldayled.com\/de\/#\/schema\/logo\/image\/\"},\"sameAs\":[\"https:\/\/www.facebook.com\/alldayled\/\",\"https:\/\/www.instagram.com\/alldayled\/\"],\"vatID\":\"NL863960133B01\",\"taxID\":\"86416545\"}]}<\/script>\n<meta property=\"product:brand\" content=\"Tralert \u00ae\" \/>\n<meta property=\"product:price:amount\" content=\"29.95\" \/>\n<meta property=\"product:price:currency\" content=\"EUR\" \/>\n<meta property=\"og:availability\" content=\"instock\" \/>\n<meta property=\"product:availability\" content=\"instock\" \/>\n<meta property=\"product:retailer_item_id\" content=\"ADL01829V\" \/>\n<meta property=\"product:condition\" content=\"new\" \/>\n<!-- \/ Yoast SEO Premium plugin. -->","yoast_head_json":{"title":"Tralert APEX Lampe 18W quadratisch - All Day Led - f\u00fcr 12&24 Volt - 2929 Lumen","description":"Tralert APEX Lampe 18W quadratisch - WR-1829V mit Deutsch-Stecker - ECE-R10 - APEX Serie mit DT2 Stecker - 2929 Lumen - Auto, LKW und mehr","robots":{"index":"index","follow":"follow","max-snippet":"max-snippet:-1","max-image-preview":"max-image-preview:large","max-video-preview":"max-video-preview:-1"},"canonical":"https:\/\/www.alldayled.com\/de\/produkt\/tralert-apex-werklamp-18w-vierkant\/","og_locale":"de_DE","og_type":"article","og_title":"Tralert APEX Lampe 18W quadratisch - All Day Led - f\u00fcr 12&24 Volt - 2929 Lumen","og_description":"Tralert APEX Lampe 18W quadratisch - WR-1829V mit Deutsch-Stecker - ECE-R10 - APEX Serie mit DT2 Stecker - 2929 Lumen - Auto, LKW und mehr","og_url":"https:\/\/www.alldayled.com\/de\/produkt\/tralert-apex-werklamp-18w-vierkant\/","og_site_name":"All Day Led","article_publisher":"https:\/\/www.facebook.com\/alldayled\/","article_modified_time":"2025-12-30T17:29:26+00:00","og_image":[{"url":"https:\/\/www.alldayled.com\/wp-content\/uploads\/2025\/06\/ADL01829V-SM-300x300.png","type":"","width":"","height":""}],"twitter_misc":{"Preis":"&euro;&nbsp;29,95","Verf\u00fcgbarkeit":"Auf Lager"},"schema":{"@context":"https:\/\/schema.org","@graph":[{"@type":"WebPage","@id":"https:\/\/www.alldayled.com\/de\/produkt\/tralert-apex-werklamp-18w-vierkant\/","url":"https:\/\/www.alldayled.com\/de\/produkt\/tralert-apex-werklamp-18w-vierkant\/","name":"Tralert APEX Lampe 18W quadratisch - All Day Led - f\u00fcr 12&24 Volt - 2929 Lumen","isPartOf":{"@id":"https:\/\/www.alldayled.com\/de\/#website"},"primaryImageOfPage":{"@id":"https:\/\/www.alldayled.com\/de\/produkt\/tralert-apex-werklamp-18w-vierkant\/#primaryimage"},"image":{"@id":"https:\/\/www.alldayled.com\/de\/produkt\/tralert-apex-werklamp-18w-vierkant\/#primaryimage"},"thumbnailUrl":"https:\/\/www.alldayled.com\/wp-content\/uploads\/2025\/06\/ADL01829V.png","datePublished":"2025-03-01T14:44:05+00:00","dateModified":"2025-12-30T17:29:26+00:00","description":"Tralert APEX Lampe 18W quadratisch - WR-1829V mit Deutsch-Stecker - ECE-R10 - APEX Serie mit DT2 Stecker - 2929 Lumen - Auto, LKW und mehr","breadcrumb":{"@id":"https:\/\/www.alldayled.com\/de\/produkt\/tralert-apex-werklamp-18w-vierkant\/#breadcrumb"},"inLanguage":"de","potentialAction":[{"@type":"ReadAction","target":["https:\/\/www.alldayled.com\/de\/produkt\/tralert-apex-werklamp-18w-vierkant\/"]}]},{"@type":"ImageObject","inLanguage":"de","@id":"https:\/\/www.alldayled.com\/de\/produkt\/tralert-apex-werklamp-18w-vierkant\/#primaryimage","url":"https:\/\/www.alldayled.com\/wp-content\/uploads\/2025\/06\/ADL01829V.png","contentUrl":"https:\/\/www.alldayled.com\/wp-content\/uploads\/2025\/06\/ADL01829V.png","width":800,"height":600,"caption":"Tralert APEX Lampe 18W quadratisch - 12 LED's - 2929 Lumen - IP69K - ECE R10 - ECE R148 - EAN: 8720364583095"},{"@type":"BreadcrumbList","@id":"https:\/\/www.alldayled.com\/de\/produkt\/tralert-apex-werklamp-18w-vierkant\/#breadcrumb","itemListElement":[{"@type":"ListItem","position":1,"name":"Home","item":"https:\/\/www.alldayled.com\/de\/"},{"@type":"ListItem","position":2,"name":"Shop","item":"https:\/\/www.alldayled.com\/de\/shop\/"},{"@type":"ListItem","position":3,"name":"Arbeitsscheinwerfer","item":"https:\/\/www.alldayled.com\/de\/produkt-kategorie\/arbeitsscheinwerfer\/"},{"@type":"ListItem","position":4,"name":"Arbeitsscheinwerfer Quadratisch","item":"https:\/\/www.alldayled.com\/de\/produkt-kategorie\/arbeitsscheinwerfer\/werklamp-vierkant\/"},{"@type":"ListItem","position":5,"name":"Tralert APEX Lampe 18W &#8211; quadratisch"}]},{"@type":"WebSite","@id":"https:\/\/www.alldayled.com\/de\/#website","url":"https:\/\/www.alldayled.com\/de\/","name":"All Day Led","description":"Verlichting voor 12&amp;24 volt gebruik","publisher":{"@id":"https:\/\/www.alldayled.com\/de\/#organization"},"potentialAction":[{"@type":"SearchAction","target":{"@type":"EntryPoint","urlTemplate":"https:\/\/www.alldayled.com\/de\/?s={search_term_string}"},"query-input":{"@type":"PropertyValueSpecification","valueRequired":true,"valueName":"search_term_string"}}],"inLanguage":"de"},{"@type":"Organization","@id":"https:\/\/www.alldayled.com\/de\/#organization","name":"All Day Led","url":"https:\/\/www.alldayled.com\/de\/","logo":{"@type":"ImageObject","inLanguage":"de","@id":"https:\/\/www.alldayled.com\/de\/#\/schema\/logo\/image\/","url":"https:\/\/www.alldayled.com\/wp-content\/uploads\/2025\/10\/Logo-ALL-DAY-LED-800x800-zwart-witte-letters.png","contentUrl":"https:\/\/www.alldayled.com\/wp-content\/uploads\/2025\/10\/Logo-ALL-DAY-LED-800x800-zwart-witte-letters.png","width":800,"height":800,"caption":"All Day Led"},"image":{"@id":"https:\/\/www.alldayled.com\/de\/#\/schema\/logo\/image\/"},"sameAs":["https:\/\/www.facebook.com\/alldayled\/","https:\/\/www.instagram.com\/alldayled\/"],"vatID":"NL863960133B01","taxID":"86416545"}]},"product_brand":"Tralert \u00ae","product_price_amount":"29.95","product_price_currency":"EUR","og_availability":"instock","product_availability":"instock","product_retailer_item_id":"ADL01829V","product_condition":"new"},"_links":{"self":[{"href":"https:\/\/www.alldayled.com\/de\/wp-json\/wp\/v2\/product\/67101","targetHints":{"allow":["GET"]}}],"collection":[{"href":"https:\/\/www.alldayled.com\/de\/wp-json\/wp\/v2\/product"}],"about":[{"href":"https:\/\/www.alldayled.com\/de\/wp-json\/wp\/v2\/types\/product"}],"replies":[{"embeddable":true,"href":"https:\/\/www.alldayled.com\/de\/wp-json\/wp\/v2\/comments?post=67101"}],"wp:featuredmedia":[{"embeddable":true,"href":"https:\/\/www.alldayled.com\/de\/wp-json\/wp\/v2\/media\/36024"}],"wp:attachment":[{"href":"https:\/\/www.alldayled.com\/de\/wp-json\/wp\/v2\/media?parent=67101"}],"wp:term":[{"taxonomy":"product_brand","embeddable":true,"href":"https:\/\/www.alldayled.com\/de\/wp-json\/wp\/v2\/product_brand?post=67101"},{"taxonomy":"product_cat","embeddable":true,"href":"https:\/\/www.alldayled.com\/de\/wp-json\/wp\/v2\/product_cat?post=67101"},{"taxonomy":"product_tag","embeddable":true,"href":"https:\/\/www.alldayled.com\/de\/wp-json\/wp\/v2\/product_tag?post=67101"}],"curies":[{"name":"wp","href":"https:\/\/api.w.org\/{rel}","templated":true}]}}