{"id":67117,"date":"2022-12-30T16:44:29","date_gmt":"2022-12-30T15:44:29","guid":{"rendered":"https:\/\/www.alldayled.com\/product\/gylle-led-unit-xenon-wit-black-line\/"},"modified":"2026-04-21T07:19:54","modified_gmt":"2026-04-21T05:19:54","slug":"gylle-led-unit-xenon-wit-black-line","status":"publish","type":"product","link":"https:\/\/www.alldayled.com\/de\/produkt\/gylle-led-unit-xenon-wit-black-line\/","title":{"rendered":"Gylle LED Modul Black-Line xenon wei\u00df"},"content":{"rendered":"<p><span style=\"color: #000000;\"><strong>Gylle LED Modul xenon wei\u00df Black-Line, f\u00fcr 12 &amp; 24 Volt Betrieb.<\/strong><\/span><\/p>\n<p><span style=\"color: #000000;\">Planst du, selbst eine D\u00e4nische Begrenzungsleuchte mit dunklem Glas zusammenzustellen? Dann ist das Gylle LED-Modul xenon wei\u00df Black-Line wahrscheinlich genau das, was du suchst. Dank der 6 SMD LEDs hast du klares Licht mit geringem Stromverbrauch, und da das Modul f\u00fcr 12 und 24 Volt geeignet ist, kannst du es an nahezu jedem Fahrzeug verwenden: von deinem Auto bis zu deinem LKW, Traktor oder Anh\u00e4nger. Das Modul ist zudem mit dem ECE R10-Pr\u00fcfzeichen versehen. Das bedeutet, dass die Beleuchtung zum Beispiel keine St\u00f6rungen an deinem Radio verursacht. Auch praktisch: Du erh\u00e4ltst standardm\u00e4\u00dfig 5 Meter Kabel, wodurch du das LED-Modul einfach an der perfekten Stelle montieren kannst.     <\/span><\/p>\n<p><span style=\"color: #000000;\">Alle Teile einer Gylle Begrenzungsleuchte werden immer separat geliefert, damit du dein Set genau so zusammenstellen kannst, wie du es m\u00f6chtest. Du bestimmst selbst die Kabell\u00e4nge, den Aufbau und die Ausf\u00fchrung \u2013 ideal, wenn du deine Begrenzungsleuchte komplett nach deinen W\u00fcnschen aufbauen m\u00f6chtest. Dank der Black-Line Ausf\u00fchrung mit dunklem Glas erh\u00e4lt deine Beleuchtung zudem den klaren skandinavischen Look, den viele Trucker suchen. Perfekt, wenn du Funktionalit\u00e4t und Optik kombinieren m\u00f6chtest.   <\/span><\/p>\n<h5><span style=\"color: #000000;\"><strong>Andere Farben:<\/strong><\/span><\/h5>\n<p><span style=\"color: #000000;\">M\u00f6chtest du ein LED Modul kaufen, aber ist die Gylle LED-Modul xenon wei\u00df Black-Line Ausf\u00fchrung nicht ganz das, was du suchst? Kein Problem! Das LED-Modul mit dunklem Glas ist n\u00e4mlich auch in mehreren Ausf\u00fchrungen erh\u00e4ltlich. Es gibt also immer eine Variante, die zu deinem Fahrzeug passt. <\/span><\/p>\n<ul>\n<li><span style=\"color: #000000;\"><a style=\"color: #000000;\" href=\"https:\/\/www.alldayled.com\/de\/produkt\/gylle-led-unit-oranje-black-line\/\"><strong>Gylle B-L ORANGE<\/strong><\/a><\/span><\/li>\n<li><span style=\"color: #000000;\"><a style=\"color: #000000;\" href=\"https:\/\/www.alldayled.com\/de\/produkt\/gylle-led-unit-rood-black-line\/\"><strong>Gylle B-L ROT<\/strong><\/a><\/span><\/li>\n<\/ul>\n<p><span style=\"color: #000000;\">Noch nicht \u00fcberzeugt, dass das xenon wei\u00dfe Black-Line LED-Modul f\u00fcr dich geeignet ist? Vielleicht passt eine andere Farbe oder Form besser. Dann sieh dir hier das gesamte Sortiment von <a style=\"color: #000000;\" href=\"https:\/\/www.alldayled.com\/de\/marke\/product-gylle-mec\/\">Gylle<\/a> an und finde genau das LED-Modul, das du suchst.  <\/span><\/p>\n","protected":false},"excerpt":{"rendered":"<p>Gylle LED Modul xenon wei\u00df &#8211; Black-Line, geeignet f\u00fcr Gummi-Montagefu\u00df. Funktioniert mit 12 und 24 Volt. <\/p>\n","protected":false},"featured_media":22659,"comment_status":"open","ping_status":"closed","template":"","meta":{"_acf_changed":false},"product_brand":[5161],"product_cat":[5162],"product_tag":[9250,5168,9260,9259],"class_list":{"0":"post-67117","1":"product","2":"type-product","3":"status-publish","4":"has-post-thumbnail","6":"product_brand-product-gylle-mec","7":"product_cat-breedtelampen","8":"product_tag-danische-breitenlampe","9":"product_tag-danischer-poller","10":"product_tag-gylle-beleuchtung","11":"product_tag-gylle-led-umrissleuchte","13":"first","14":"instock","15":"taxable","16":"shipping-taxable","17":"purchasable","18":"product-type-simple"},"acf":[],"yoast_head":"<!-- This site is optimized with the Yoast SEO Premium plugin v26.5 (Yoast SEO v27.1.1) - https:\/\/yoast.com\/product\/yoast-seo-premium-wordpress\/ -->\n<title>Gylle Black-Line xenon wei\u00df - D\u00e4nische Begrenzungsleuchte - LED Modul - 12&amp;24V<\/title>\n<meta name=\"description\" content=\"Gylle LED Modul xenon wei\u00df Black-Line - 6000K LED wei\u00df - D\u00e4nische Begrenzungsleuchte - f\u00fcr 12&amp;24 Volt - f\u00fcr LKW, Transporter, Anh\u00e4nger, Wohnmobil und mehr!\" \/>\n<meta name=\"robots\" content=\"index, follow, max-snippet:-1, max-image-preview:large, max-video-preview:-1\" \/>\n<link rel=\"canonical\" href=\"https:\/\/www.alldayled.com\/de\/produkt\/gylle-led-unit-xenon-wit-black-line\/\" \/>\n<meta property=\"og:locale\" content=\"de_DE\" \/>\n<meta property=\"og:type\" content=\"article\" \/>\n<meta property=\"og:title\" content=\"Gylle Black-Line xenon wei\u00df - D\u00e4nische Begrenzungsleuchte - LED Modul - 12&amp;24V\" \/>\n<meta property=\"og:description\" content=\"Gylle LED Modul xenon wei\u00df Black-Line - 6000K LED wei\u00df - D\u00e4nische Begrenzungsleuchte - f\u00fcr 12&amp;24 Volt - f\u00fcr LKW, Transporter, Anh\u00e4nger, Wohnmobil und mehr!\" \/>\n<meta property=\"og:url\" content=\"https:\/\/www.alldayled.com\/de\/produkt\/gylle-led-unit-xenon-wit-black-line\/\" \/>\n<meta property=\"og:site_name\" content=\"All Day Led\" \/>\n<meta property=\"article:publisher\" content=\"https:\/\/www.facebook.com\/alldayled\/\" \/>\n<meta property=\"article:modified_time\" content=\"2026-04-21T05:19:54+00:00\" \/>\n<meta property=\"og:image\" content=\"https:\/\/www.alldayled.com\/wp-content\/uploads\/2024\/07\/ADL63192.0-300x300.png\" \/>\n<meta name=\"twitter:label1\" content=\"Preis\" \/>\n\t<meta name=\"twitter:data1\" content=\"&euro;&nbsp;21,95\" \/>\n\t<meta name=\"twitter:label2\" content=\"Verf\u00fcgbarkeit\" \/>\n\t<meta name=\"twitter:data2\" content=\"Auf Lager\" \/>\n<script type=\"application\/ld+json\" class=\"yoast-schema-graph\">{\"@context\":\"https:\/\/schema.org\",\"@graph\":[{\"@type\":\"WebPage\",\"@id\":\"https:\/\/www.alldayled.com\/de\/produkt\/gylle-led-unit-xenon-wit-black-line\/\",\"url\":\"https:\/\/www.alldayled.com\/de\/produkt\/gylle-led-unit-xenon-wit-black-line\/\",\"name\":\"Gylle Black-Line xenon wei\u00df - D\u00e4nische Begrenzungsleuchte - LED Modul - 12&24V\",\"isPartOf\":{\"@id\":\"https:\/\/www.alldayled.com\/de\/#website\"},\"primaryImageOfPage\":{\"@id\":\"https:\/\/www.alldayled.com\/de\/produkt\/gylle-led-unit-xenon-wit-black-line\/#primaryimage\"},\"image\":{\"@id\":\"https:\/\/www.alldayled.com\/de\/produkt\/gylle-led-unit-xenon-wit-black-line\/#primaryimage\"},\"thumbnailUrl\":\"https:\/\/www.alldayled.com\/wp-content\/uploads\/2022\/11\/ADL63192..png\",\"datePublished\":\"2022-12-30T15:44:29+00:00\",\"dateModified\":\"2026-04-21T05:19:54+00:00\",\"description\":\"Gylle LED Modul xenon wei\u00df Black-Line - 6000K LED wei\u00df - D\u00e4nische Begrenzungsleuchte - f\u00fcr 12&24 Volt - f\u00fcr LKW, Transporter, Anh\u00e4nger, Wohnmobil und mehr!\",\"breadcrumb\":{\"@id\":\"https:\/\/www.alldayled.com\/de\/produkt\/gylle-led-unit-xenon-wit-black-line\/#breadcrumb\"},\"inLanguage\":\"de\",\"potentialAction\":[{\"@type\":\"ReadAction\",\"target\":[\"https:\/\/www.alldayled.com\/de\/produkt\/gylle-led-unit-xenon-wit-black-line\/\"]}]},{\"@type\":\"ImageObject\",\"inLanguage\":\"de\",\"@id\":\"https:\/\/www.alldayled.com\/de\/produkt\/gylle-led-unit-xenon-wit-black-line\/#primaryimage\",\"url\":\"https:\/\/www.alldayled.com\/wp-content\/uploads\/2022\/11\/ADL63192..png\",\"contentUrl\":\"https:\/\/www.alldayled.com\/wp-content\/uploads\/2022\/11\/ADL63192..png\",\"width\":800,\"height\":600,\"caption\":\"Gylle LED Modul Black Line XENON WEISS 6000K - LED Modul geeignet f\u00fcr D\u00e4nische Begrenzungsleuchte - funktioniert mit 12 und 24 Volt - EAN: 7392843179719\"},{\"@type\":\"BreadcrumbList\",\"@id\":\"https:\/\/www.alldayled.com\/de\/produkt\/gylle-led-unit-xenon-wit-black-line\/#breadcrumb\",\"itemListElement\":[{\"@type\":\"ListItem\",\"position\":1,\"name\":\"Home\",\"item\":\"https:\/\/www.alldayled.com\/de\/\"},{\"@type\":\"ListItem\",\"position\":2,\"name\":\"Shop\",\"item\":\"https:\/\/www.alldayled.com\/de\/shop\/\"},{\"@type\":\"ListItem\",\"position\":3,\"name\":\"Positionsleuchten\",\"item\":\"https:\/\/www.alldayled.com\/de\/produkt-kategorie\/positionslichter\/\"},{\"@type\":\"ListItem\",\"position\":4,\"name\":\"Umrissleuchte\",\"item\":\"https:\/\/www.alldayled.com\/de\/produkt-kategorie\/positionslichter\/breedtelampen\/\"},{\"@type\":\"ListItem\",\"position\":5,\"name\":\"Gylle LED Modul Black-Line xenon wei\u00df\"}]},{\"@type\":\"WebSite\",\"@id\":\"https:\/\/www.alldayled.com\/de\/#website\",\"url\":\"https:\/\/www.alldayled.com\/de\/\",\"name\":\"All Day Led\",\"description\":\"Verlichting voor 12&amp;24 volt gebruik\",\"publisher\":{\"@id\":\"https:\/\/www.alldayled.com\/de\/#organization\"},\"potentialAction\":[{\"@type\":\"SearchAction\",\"target\":{\"@type\":\"EntryPoint\",\"urlTemplate\":\"https:\/\/www.alldayled.com\/de\/?s={search_term_string}\"},\"query-input\":{\"@type\":\"PropertyValueSpecification\",\"valueRequired\":true,\"valueName\":\"search_term_string\"}}],\"inLanguage\":\"de\"},{\"@type\":\"Organization\",\"@id\":\"https:\/\/www.alldayled.com\/de\/#organization\",\"name\":\"All Day Led\",\"url\":\"https:\/\/www.alldayled.com\/de\/\",\"logo\":{\"@type\":\"ImageObject\",\"inLanguage\":\"de\",\"@id\":\"https:\/\/www.alldayled.com\/de\/#\/schema\/logo\/image\/\",\"url\":\"https:\/\/www.alldayled.com\/wp-content\/uploads\/2025\/10\/Logo-ALL-DAY-LED-800x800-zwart-witte-letters.png\",\"contentUrl\":\"https:\/\/www.alldayled.com\/wp-content\/uploads\/2025\/10\/Logo-ALL-DAY-LED-800x800-zwart-witte-letters.png\",\"width\":800,\"height\":800,\"caption\":\"All Day Led\"},\"image\":{\"@id\":\"https:\/\/www.alldayled.com\/de\/#\/schema\/logo\/image\/\"},\"sameAs\":[\"https:\/\/www.facebook.com\/alldayled\/\",\"https:\/\/www.instagram.com\/alldayled\/\"],\"vatID\":\"NL863960133B01\",\"taxID\":\"86416545\"}]}<\/script>\n<meta property=\"product:brand\" content=\"Gylle\" \/>\n<meta property=\"product:price:amount\" content=\"21.95\" \/>\n<meta property=\"product:price:currency\" content=\"EUR\" \/>\n<meta property=\"og:availability\" content=\"instock\" \/>\n<meta property=\"product:availability\" content=\"instock\" \/>\n<meta property=\"product:retailer_item_id\" content=\"ADL63192\" \/>\n<meta property=\"product:condition\" content=\"new\" \/>\n<!-- \/ Yoast SEO Premium plugin. -->","yoast_head_json":{"title":"Gylle Black-Line xenon wei\u00df - D\u00e4nische Begrenzungsleuchte - LED Modul - 12&24V","description":"Gylle LED Modul xenon wei\u00df Black-Line - 6000K LED wei\u00df - D\u00e4nische Begrenzungsleuchte - f\u00fcr 12&24 Volt - f\u00fcr LKW, Transporter, Anh\u00e4nger, Wohnmobil und mehr!","robots":{"index":"index","follow":"follow","max-snippet":"max-snippet:-1","max-image-preview":"max-image-preview:large","max-video-preview":"max-video-preview:-1"},"canonical":"https:\/\/www.alldayled.com\/de\/produkt\/gylle-led-unit-xenon-wit-black-line\/","og_locale":"de_DE","og_type":"article","og_title":"Gylle Black-Line xenon wei\u00df - D\u00e4nische Begrenzungsleuchte - LED Modul - 12&24V","og_description":"Gylle LED Modul xenon wei\u00df Black-Line - 6000K LED wei\u00df - D\u00e4nische Begrenzungsleuchte - f\u00fcr 12&24 Volt - f\u00fcr LKW, Transporter, Anh\u00e4nger, Wohnmobil und mehr!","og_url":"https:\/\/www.alldayled.com\/de\/produkt\/gylle-led-unit-xenon-wit-black-line\/","og_site_name":"All Day Led","article_publisher":"https:\/\/www.facebook.com\/alldayled\/","article_modified_time":"2026-04-21T05:19:54+00:00","og_image":[{"url":"https:\/\/www.alldayled.com\/wp-content\/uploads\/2024\/07\/ADL63192.0-300x300.png","type":"","width":"","height":""}],"twitter_misc":{"Preis":"&euro;&nbsp;21,95","Verf\u00fcgbarkeit":"Auf Lager"},"schema":{"@context":"https:\/\/schema.org","@graph":[{"@type":"WebPage","@id":"https:\/\/www.alldayled.com\/de\/produkt\/gylle-led-unit-xenon-wit-black-line\/","url":"https:\/\/www.alldayled.com\/de\/produkt\/gylle-led-unit-xenon-wit-black-line\/","name":"Gylle Black-Line xenon wei\u00df - D\u00e4nische Begrenzungsleuchte - LED Modul - 12&24V","isPartOf":{"@id":"https:\/\/www.alldayled.com\/de\/#website"},"primaryImageOfPage":{"@id":"https:\/\/www.alldayled.com\/de\/produkt\/gylle-led-unit-xenon-wit-black-line\/#primaryimage"},"image":{"@id":"https:\/\/www.alldayled.com\/de\/produkt\/gylle-led-unit-xenon-wit-black-line\/#primaryimage"},"thumbnailUrl":"https:\/\/www.alldayled.com\/wp-content\/uploads\/2022\/11\/ADL63192..png","datePublished":"2022-12-30T15:44:29+00:00","dateModified":"2026-04-21T05:19:54+00:00","description":"Gylle LED Modul xenon wei\u00df Black-Line - 6000K LED wei\u00df - D\u00e4nische Begrenzungsleuchte - f\u00fcr 12&24 Volt - f\u00fcr LKW, Transporter, Anh\u00e4nger, Wohnmobil und mehr!","breadcrumb":{"@id":"https:\/\/www.alldayled.com\/de\/produkt\/gylle-led-unit-xenon-wit-black-line\/#breadcrumb"},"inLanguage":"de","potentialAction":[{"@type":"ReadAction","target":["https:\/\/www.alldayled.com\/de\/produkt\/gylle-led-unit-xenon-wit-black-line\/"]}]},{"@type":"ImageObject","inLanguage":"de","@id":"https:\/\/www.alldayled.com\/de\/produkt\/gylle-led-unit-xenon-wit-black-line\/#primaryimage","url":"https:\/\/www.alldayled.com\/wp-content\/uploads\/2022\/11\/ADL63192..png","contentUrl":"https:\/\/www.alldayled.com\/wp-content\/uploads\/2022\/11\/ADL63192..png","width":800,"height":600,"caption":"Gylle LED Modul Black Line XENON WEISS 6000K - LED Modul geeignet f\u00fcr D\u00e4nische Begrenzungsleuchte - funktioniert mit 12 und 24 Volt - EAN: 7392843179719"},{"@type":"BreadcrumbList","@id":"https:\/\/www.alldayled.com\/de\/produkt\/gylle-led-unit-xenon-wit-black-line\/#breadcrumb","itemListElement":[{"@type":"ListItem","position":1,"name":"Home","item":"https:\/\/www.alldayled.com\/de\/"},{"@type":"ListItem","position":2,"name":"Shop","item":"https:\/\/www.alldayled.com\/de\/shop\/"},{"@type":"ListItem","position":3,"name":"Positionsleuchten","item":"https:\/\/www.alldayled.com\/de\/produkt-kategorie\/positionslichter\/"},{"@type":"ListItem","position":4,"name":"Umrissleuchte","item":"https:\/\/www.alldayled.com\/de\/produkt-kategorie\/positionslichter\/breedtelampen\/"},{"@type":"ListItem","position":5,"name":"Gylle LED Modul Black-Line xenon wei\u00df"}]},{"@type":"WebSite","@id":"https:\/\/www.alldayled.com\/de\/#website","url":"https:\/\/www.alldayled.com\/de\/","name":"All Day Led","description":"Verlichting voor 12&amp;24 volt gebruik","publisher":{"@id":"https:\/\/www.alldayled.com\/de\/#organization"},"potentialAction":[{"@type":"SearchAction","target":{"@type":"EntryPoint","urlTemplate":"https:\/\/www.alldayled.com\/de\/?s={search_term_string}"},"query-input":{"@type":"PropertyValueSpecification","valueRequired":true,"valueName":"search_term_string"}}],"inLanguage":"de"},{"@type":"Organization","@id":"https:\/\/www.alldayled.com\/de\/#organization","name":"All Day Led","url":"https:\/\/www.alldayled.com\/de\/","logo":{"@type":"ImageObject","inLanguage":"de","@id":"https:\/\/www.alldayled.com\/de\/#\/schema\/logo\/image\/","url":"https:\/\/www.alldayled.com\/wp-content\/uploads\/2025\/10\/Logo-ALL-DAY-LED-800x800-zwart-witte-letters.png","contentUrl":"https:\/\/www.alldayled.com\/wp-content\/uploads\/2025\/10\/Logo-ALL-DAY-LED-800x800-zwart-witte-letters.png","width":800,"height":800,"caption":"All Day Led"},"image":{"@id":"https:\/\/www.alldayled.com\/de\/#\/schema\/logo\/image\/"},"sameAs":["https:\/\/www.facebook.com\/alldayled\/","https:\/\/www.instagram.com\/alldayled\/"],"vatID":"NL863960133B01","taxID":"86416545"}]},"product_brand":"Gylle","product_price_amount":"21.95","product_price_currency":"EUR","og_availability":"instock","product_availability":"instock","product_retailer_item_id":"ADL63192","product_condition":"new"},"_links":{"self":[{"href":"https:\/\/www.alldayled.com\/de\/wp-json\/wp\/v2\/product\/67117","targetHints":{"allow":["GET"]}}],"collection":[{"href":"https:\/\/www.alldayled.com\/de\/wp-json\/wp\/v2\/product"}],"about":[{"href":"https:\/\/www.alldayled.com\/de\/wp-json\/wp\/v2\/types\/product"}],"replies":[{"embeddable":true,"href":"https:\/\/www.alldayled.com\/de\/wp-json\/wp\/v2\/comments?post=67117"}],"wp:featuredmedia":[{"embeddable":true,"href":"https:\/\/www.alldayled.com\/de\/wp-json\/wp\/v2\/media\/22659"}],"wp:attachment":[{"href":"https:\/\/www.alldayled.com\/de\/wp-json\/wp\/v2\/media?parent=67117"}],"wp:term":[{"taxonomy":"product_brand","embeddable":true,"href":"https:\/\/www.alldayled.com\/de\/wp-json\/wp\/v2\/product_brand?post=67117"},{"taxonomy":"product_cat","embeddable":true,"href":"https:\/\/www.alldayled.com\/de\/wp-json\/wp\/v2\/product_cat?post=67117"},{"taxonomy":"product_tag","embeddable":true,"href":"https:\/\/www.alldayled.com\/de\/wp-json\/wp\/v2\/product_tag?post=67117"}],"curies":[{"name":"wp","href":"https:\/\/api.w.org\/{rel}","templated":true}]}}