{"id":67121,"date":"2025-02-24T16:02:12","date_gmt":"2025-02-24T15:02:12","guid":{"rendered":"https:\/\/www.alldayled.com\/product\/horpol-ld3210-markeringslamp-wit\/"},"modified":"2025-02-24T16:02:12","modified_gmt":"2025-02-24T15:02:12","slug":"horpol-ld3210-markeringslamp-wit","status":"publish","type":"product","link":"https:\/\/www.alldayled.com\/de\/produkt\/horpol-ld3210-markeringslamp-wit\/","title":{"rendered":"Horpol LD3210 Markierungsleuchte wei\u00df"},"content":{"rendered":"<p><span style=\"color: #000000;\"><strong>Horpol LD3210 Markierungsleuchte wei\u00df, f\u00fcr 12 und 24 Volt.<\/strong><\/span><\/p>\n<p><span style=\"color: #000000;\">Suchst du eine moderne, wei\u00dfe Markierungsleuchte, die wenig Platz einnimmt, aber gut sichtbar ist? Dann ist die Horpol LD3210 Markierungsleuchte wei\u00df genau das, was du brauchst. Diese ultraschlanke LED Markierungsleuchte wurde speziell f\u00fcr LKWs, Nutzfahrzeuge, Anh\u00e4nger und andere Fahrzeuge entwickelt, bei denen Sichtbarkeit und Stil zusammenkommen. Mit ihrem kompakten Design passt die LD3210 perfekt auf flache Oberfl\u00e4chen und runde Rohre. Dank der zwei mitgelieferten Gummi-Montagepads montierst du sie sauber und fest, ohne dass die Schrauben sichtbar bleiben. Sch\u00f6n und praktisch also!     <\/span><\/p>\n<p><span style=\"color: #000000;\">Die Horpol LD3210 Markierungsleuchte wei\u00df ist mit 4 leistungsstarken LED&#8217;s ausgestattet, die f\u00fcr helles wei\u00dfes Positionslicht sorgen, sowohl tags\u00fcber als auch nachts. Und das mit einem superniedrigen Verbrauch von nur 0,2 bis 0,4 Watt! Dadurch belastest du deinen Akku minimal, ideal, wenn du mehrere Lampen gleichzeitig verwendest. Nat\u00fcrlich ist diese Markierungsleuchte vollst\u00e4ndig wasser- und staubdicht (IP68) und mit den richtigen Pr\u00fcfzeichen versehen, darunter ECE-Zulassung und ein EMV-Zertifikat. Kurz gesagt: eine zuverl\u00e4ssige Lampe, die du m\u00fchelos montierst und die jahrelang h\u00e4lt, unabh\u00e4ngig von Wetter oder Gel\u00e4nde.    <\/span><\/p>\n<h5><span style=\"color: #000000;\"><strong>Abmessungen:<\/strong><\/span><\/h5>\n<p><span style=\"color: #000000;\">Um sicherzustellen, dass du die Horpol Markierungsleuchte an der richtigen Stelle montieren kannst, haben wir die Abmessungen f\u00fcr dich aufgelistet. Die Abmessungen dieser LED Lampe sind wie folgt: <\/span><\/p>\n<ul>\n<li><span style=\"color: #000000;\">H\u00f6he: 27.7 mm<\/span><\/li>\n<li><span style=\"color: #000000;\">L\u00e4nge: 84.2 mm<\/span><\/li>\n<li><span style=\"color: #000000;\">Dicke: 11 mm<\/span><\/li>\n<li><span style=\"color: #000000;\">H.o.H: 58 mm<\/span><\/li>\n<\/ul>\n<h5><span style=\"color: #000000;\"><strong>Andere Versionen: <\/strong><\/span><\/h5>\n<p><span style=\"color: #000000;\">M\u00f6chtest du eine Markierungsleuchte von Horpol, aber die Horpol LD3210 Markierungsleuchte wei\u00df ist nicht ganz das, was du suchst? Kein Problem. Dieses Modell ist n\u00e4mlich auch in anderen Farben und Ausf\u00fchrungen erh\u00e4ltlich. Sieh dir unten die verf\u00fcgbaren Varianten an und w\u00e4hle die Lampe, die am besten zu deinem Fahrzeug passt.   <\/span><\/p>\n<ul>\n<li><a href=\"https:\/\/www.alldayled.com\/de\/produkt\/horpol-ld3212-markeringslamp-rood\/\"><span style=\"color: #000000;\"><strong>Horpol LD3212 Markierungsleuchte rot<\/strong><\/span><\/a><\/li>\n<li><a href=\"https:\/\/www.alldayled.com\/de\/produkt\/horpol-ld3211-markeringslamp-oranje\/\"><span style=\"color: #000000;\"><strong>Horpol LD3211 Markierungsleuchte orange<\/strong><\/span><\/a><\/li>\n<li><a href=\"https:\/\/www.alldayled.com\/de\/produkt\/horpol-ld3212-markeringslamp-smoke-rood\/\"><span style=\"color: #000000;\"><strong>Horpol LD3212 Markierungsleuchte graphite rot<\/strong><\/span><\/a><\/li>\n<li><a href=\"https:\/\/www.alldayled.com\/de\/produkt\/horpol-ld3211-markeringslamp-smoke-oranje\/\"><span style=\"color: #000000;\"><strong>Horpol LD3211 Markierungsleuchte Graphite orange<\/strong><\/span><\/a><\/li>\n<li><a href=\"https:\/\/www.alldayled.com\/de\/produkt\/horpol-ld3210-markeringslamp-smoke-wit\/\"><span style=\"color: #000000;\"><strong>Horpol LD3210 Markierungsleuchte Graphit wei\u00df<\/strong><\/span><\/a><\/li>\n<\/ul>\n<div class=\"truncated\">\n<p><span style=\"color: #000000;\">Zweifelst du nach dem Lesen noch, ob die Horpol LD3210 Markierungsleuchte wei\u00df wirklich zu deinem Fahrzeug passt? Vielleicht sind Gr\u00f6\u00dfe, Form oder Farbe doch nicht ganz das, was du suchst.  Kein Problem! Werfen Sie einen Blick in unser komplettes <a style=\"color: #000000;\" href=\"https:\/\/www.alldayled.com\/de\/marke\/product-horpol\/\">Horpol<\/a> Sortiment. Die Wahrscheinlichkeit ist gro\u00df, dass dort die perfekte Markierungsleuchte f\u00fcr Sie dabei ist. <\/span><\/p>\n<\/div>\n","protected":false},"excerpt":{"rendered":"<p>Horpol LD3210 Markierungsleuchte wei\u00df, geeignet f\u00fcr 12 &amp; 24 Volt.<\/p>\n","protected":false},"featured_media":35775,"comment_status":"open","ping_status":"closed","template":"","meta":{"_acf_changed":false},"product_brand":[6295],"product_cat":[5196],"product_tag":[9453,9151,9266,9265,9153,9158,9159,9155,9167,9157,9156],"class_list":{"0":"post-67121","1":"product","2":"type-product","3":"status-publish","4":"has-post-thumbnail","6":"product_brand-product-horpol","7":"product_cat-markeringslampen","8":"product_tag-horpol-led-beleuchtung","9":"product_tag-konturbeleuchtung","10":"product_tag-led-begrenzungsleuchte-weis","11":"product_tag-led-markierung-weis","12":"product_tag-led-markierungsleuchte","13":"product_tag-led-markierungsleuchte-12-volt","14":"product_tag-led-markierungsleuchte-24-volt","15":"product_tag-markierungsleuchte-anhaenger","16":"product_tag-markierungsleuchte-anhanger","17":"product_tag-markierungsleuchte-lkw","18":"product_tag-markierungsleuchte-wohnmobil","20":"first","21":"instock","22":"taxable","23":"shipping-taxable","24":"purchasable","25":"product-type-simple"},"acf":[],"yoast_head":"<!-- This site is optimized with the Yoast SEO Premium plugin v26.5 (Yoast SEO v27.1.1) - https:\/\/yoast.com\/product\/yoast-seo-premium-wordpress\/ -->\n<title>Horpol LD3210 Markierungsleuchte wei\u00df - All Day Led - f\u00fcr 12&amp;24V Gebrauch<\/title>\n<meta name=\"description\" content=\"Horpol LD3210 Markierungsleuchte WEISS - f\u00fcr Auto, LKW, Wohnmobil, Traktor und mehr - f\u00fcr 12 &amp; 24 Volt - Aufbaumontage - HOR 158 Produktgruppe\" \/>\n<meta name=\"robots\" content=\"index, follow, max-snippet:-1, max-image-preview:large, max-video-preview:-1\" \/>\n<link rel=\"canonical\" href=\"https:\/\/www.alldayled.com\/de\/produkt\/horpol-ld3210-markeringslamp-wit\/\" \/>\n<meta property=\"og:locale\" content=\"de_DE\" \/>\n<meta property=\"og:type\" content=\"article\" \/>\n<meta property=\"og:title\" content=\"Horpol LD3210 Markierungsleuchte wei\u00df - All Day Led - f\u00fcr 12&amp;24V Gebrauch\" \/>\n<meta property=\"og:description\" content=\"Horpol LD3210 Markierungsleuchte WEISS - f\u00fcr Auto, LKW, Wohnmobil, Traktor und mehr - f\u00fcr 12 &amp; 24 Volt - Aufbaumontage - HOR 158 Produktgruppe\" \/>\n<meta property=\"og:url\" content=\"https:\/\/www.alldayled.com\/de\/produkt\/horpol-ld3210-markeringslamp-wit\/\" \/>\n<meta property=\"og:site_name\" content=\"All Day Led\" \/>\n<meta property=\"article:publisher\" content=\"https:\/\/www.facebook.com\/alldayled\/\" \/>\n<meta property=\"og:image\" content=\"https:\/\/www.alldayled.com\/wp-content\/uploads\/2025\/05\/ADL203210-SM-300x300.png\" \/>\n<meta name=\"twitter:label1\" content=\"Preis\" \/>\n\t<meta name=\"twitter:data1\" content=\"&euro;&nbsp;7,95\" \/>\n\t<meta name=\"twitter:label2\" content=\"Verf\u00fcgbarkeit\" \/>\n\t<meta name=\"twitter:data2\" content=\"Auf Lager\" \/>\n<script type=\"application\/ld+json\" class=\"yoast-schema-graph\">{\"@context\":\"https:\/\/schema.org\",\"@graph\":[{\"@type\":\"WebPage\",\"@id\":\"https:\/\/www.alldayled.com\/de\/produkt\/horpol-ld3210-markeringslamp-wit\/\",\"url\":\"https:\/\/www.alldayled.com\/de\/produkt\/horpol-ld3210-markeringslamp-wit\/\",\"name\":\"Horpol LD3210 Markierungsleuchte wei\u00df - All Day Led - f\u00fcr 12&24V Gebrauch\",\"isPartOf\":{\"@id\":\"https:\/\/www.alldayled.com\/de\/#website\"},\"primaryImageOfPage\":{\"@id\":\"https:\/\/www.alldayled.com\/de\/produkt\/horpol-ld3210-markeringslamp-wit\/#primaryimage\"},\"image\":{\"@id\":\"https:\/\/www.alldayled.com\/de\/produkt\/horpol-ld3210-markeringslamp-wit\/#primaryimage\"},\"thumbnailUrl\":\"https:\/\/www.alldayled.com\/wp-content\/uploads\/2025\/05\/ADL203210.png\",\"datePublished\":\"2025-02-24T15:02:12+00:00\",\"description\":\"Horpol LD3210 Markierungsleuchte WEISS - f\u00fcr Auto, LKW, Wohnmobil, Traktor und mehr - f\u00fcr 12 & 24 Volt - Aufbaumontage - HOR 158 Produktgruppe\",\"breadcrumb\":{\"@id\":\"https:\/\/www.alldayled.com\/de\/produkt\/horpol-ld3210-markeringslamp-wit\/#breadcrumb\"},\"inLanguage\":\"de\",\"potentialAction\":[{\"@type\":\"ReadAction\",\"target\":[\"https:\/\/www.alldayled.com\/de\/produkt\/horpol-ld3210-markeringslamp-wit\/\"]}]},{\"@type\":\"ImageObject\",\"inLanguage\":\"de\",\"@id\":\"https:\/\/www.alldayled.com\/de\/produkt\/horpol-ld3210-markeringslamp-wit\/#primaryimage\",\"url\":\"https:\/\/www.alldayled.com\/wp-content\/uploads\/2025\/05\/ADL203210.png\",\"contentUrl\":\"https:\/\/www.alldayled.com\/wp-content\/uploads\/2025\/05\/ADL203210.png\",\"width\":800,\"height\":600,\"caption\":\"Horpol 203210 - Markierungsleuchte wei\u00df - EAN: 5901958832109 - HOR 158 Produktgruppe\"},{\"@type\":\"BreadcrumbList\",\"@id\":\"https:\/\/www.alldayled.com\/de\/produkt\/horpol-ld3210-markeringslamp-wit\/#breadcrumb\",\"itemListElement\":[{\"@type\":\"ListItem\",\"position\":1,\"name\":\"Home\",\"item\":\"https:\/\/www.alldayled.com\/de\/\"},{\"@type\":\"ListItem\",\"position\":2,\"name\":\"Shop\",\"item\":\"https:\/\/www.alldayled.com\/de\/shop\/\"},{\"@type\":\"ListItem\",\"position\":3,\"name\":\"Positionsleuchten\",\"item\":\"https:\/\/www.alldayled.com\/de\/produkt-kategorie\/positionslichter\/\"},{\"@type\":\"ListItem\",\"position\":4,\"name\":\"Markierungsleuchten\",\"item\":\"https:\/\/www.alldayled.com\/de\/produkt-kategorie\/positionslichter\/markeringslampen\/\"},{\"@type\":\"ListItem\",\"position\":5,\"name\":\"Horpol LD3210 Markierungsleuchte wei\u00df\"}]},{\"@type\":\"WebSite\",\"@id\":\"https:\/\/www.alldayled.com\/de\/#website\",\"url\":\"https:\/\/www.alldayled.com\/de\/\",\"name\":\"All Day Led\",\"description\":\"Verlichting voor 12&amp;24 volt gebruik\",\"publisher\":{\"@id\":\"https:\/\/www.alldayled.com\/de\/#organization\"},\"potentialAction\":[{\"@type\":\"SearchAction\",\"target\":{\"@type\":\"EntryPoint\",\"urlTemplate\":\"https:\/\/www.alldayled.com\/de\/?s={search_term_string}\"},\"query-input\":{\"@type\":\"PropertyValueSpecification\",\"valueRequired\":true,\"valueName\":\"search_term_string\"}}],\"inLanguage\":\"de\"},{\"@type\":\"Organization\",\"@id\":\"https:\/\/www.alldayled.com\/de\/#organization\",\"name\":\"All Day Led\",\"url\":\"https:\/\/www.alldayled.com\/de\/\",\"logo\":{\"@type\":\"ImageObject\",\"inLanguage\":\"de\",\"@id\":\"https:\/\/www.alldayled.com\/de\/#\/schema\/logo\/image\/\",\"url\":\"https:\/\/www.alldayled.com\/wp-content\/uploads\/2025\/10\/Logo-ALL-DAY-LED-800x800-zwart-witte-letters.png\",\"contentUrl\":\"https:\/\/www.alldayled.com\/wp-content\/uploads\/2025\/10\/Logo-ALL-DAY-LED-800x800-zwart-witte-letters.png\",\"width\":800,\"height\":800,\"caption\":\"All Day Led\"},\"image\":{\"@id\":\"https:\/\/www.alldayled.com\/de\/#\/schema\/logo\/image\/\"},\"sameAs\":[\"https:\/\/www.facebook.com\/alldayled\/\",\"https:\/\/www.instagram.com\/alldayled\/\"],\"vatID\":\"NL863960133B01\",\"taxID\":\"86416545\"}]}<\/script>\n<meta property=\"product:brand\" content=\"Horpol\" \/>\n<meta property=\"product:price:amount\" content=\"7.95\" \/>\n<meta property=\"product:price:currency\" content=\"EUR\" \/>\n<meta property=\"og:availability\" content=\"instock\" \/>\n<meta property=\"product:availability\" content=\"instock\" \/>\n<meta property=\"product:retailer_item_id\" content=\"ADL203210\" \/>\n<meta property=\"product:condition\" content=\"new\" \/>\n<!-- \/ Yoast SEO Premium plugin. -->","yoast_head_json":{"title":"Horpol LD3210 Markierungsleuchte wei\u00df - All Day Led - f\u00fcr 12&24V Gebrauch","description":"Horpol LD3210 Markierungsleuchte WEISS - f\u00fcr Auto, LKW, Wohnmobil, Traktor und mehr - f\u00fcr 12 & 24 Volt - Aufbaumontage - HOR 158 Produktgruppe","robots":{"index":"index","follow":"follow","max-snippet":"max-snippet:-1","max-image-preview":"max-image-preview:large","max-video-preview":"max-video-preview:-1"},"canonical":"https:\/\/www.alldayled.com\/de\/produkt\/horpol-ld3210-markeringslamp-wit\/","og_locale":"de_DE","og_type":"article","og_title":"Horpol LD3210 Markierungsleuchte wei\u00df - All Day Led - f\u00fcr 12&24V Gebrauch","og_description":"Horpol LD3210 Markierungsleuchte WEISS - f\u00fcr Auto, LKW, Wohnmobil, Traktor und mehr - f\u00fcr 12 & 24 Volt - Aufbaumontage - HOR 158 Produktgruppe","og_url":"https:\/\/www.alldayled.com\/de\/produkt\/horpol-ld3210-markeringslamp-wit\/","og_site_name":"All Day Led","article_publisher":"https:\/\/www.facebook.com\/alldayled\/","og_image":[{"url":"https:\/\/www.alldayled.com\/wp-content\/uploads\/2025\/05\/ADL203210-SM-300x300.png","type":"","width":"","height":""}],"twitter_misc":{"Preis":"&euro;&nbsp;7,95","Verf\u00fcgbarkeit":"Auf Lager"},"schema":{"@context":"https:\/\/schema.org","@graph":[{"@type":"WebPage","@id":"https:\/\/www.alldayled.com\/de\/produkt\/horpol-ld3210-markeringslamp-wit\/","url":"https:\/\/www.alldayled.com\/de\/produkt\/horpol-ld3210-markeringslamp-wit\/","name":"Horpol LD3210 Markierungsleuchte wei\u00df - All Day Led - f\u00fcr 12&24V Gebrauch","isPartOf":{"@id":"https:\/\/www.alldayled.com\/de\/#website"},"primaryImageOfPage":{"@id":"https:\/\/www.alldayled.com\/de\/produkt\/horpol-ld3210-markeringslamp-wit\/#primaryimage"},"image":{"@id":"https:\/\/www.alldayled.com\/de\/produkt\/horpol-ld3210-markeringslamp-wit\/#primaryimage"},"thumbnailUrl":"https:\/\/www.alldayled.com\/wp-content\/uploads\/2025\/05\/ADL203210.png","datePublished":"2025-02-24T15:02:12+00:00","description":"Horpol LD3210 Markierungsleuchte WEISS - f\u00fcr Auto, LKW, Wohnmobil, Traktor und mehr - f\u00fcr 12 & 24 Volt - Aufbaumontage - HOR 158 Produktgruppe","breadcrumb":{"@id":"https:\/\/www.alldayled.com\/de\/produkt\/horpol-ld3210-markeringslamp-wit\/#breadcrumb"},"inLanguage":"de","potentialAction":[{"@type":"ReadAction","target":["https:\/\/www.alldayled.com\/de\/produkt\/horpol-ld3210-markeringslamp-wit\/"]}]},{"@type":"ImageObject","inLanguage":"de","@id":"https:\/\/www.alldayled.com\/de\/produkt\/horpol-ld3210-markeringslamp-wit\/#primaryimage","url":"https:\/\/www.alldayled.com\/wp-content\/uploads\/2025\/05\/ADL203210.png","contentUrl":"https:\/\/www.alldayled.com\/wp-content\/uploads\/2025\/05\/ADL203210.png","width":800,"height":600,"caption":"Horpol 203210 - Markierungsleuchte wei\u00df - EAN: 5901958832109 - HOR 158 Produktgruppe"},{"@type":"BreadcrumbList","@id":"https:\/\/www.alldayled.com\/de\/produkt\/horpol-ld3210-markeringslamp-wit\/#breadcrumb","itemListElement":[{"@type":"ListItem","position":1,"name":"Home","item":"https:\/\/www.alldayled.com\/de\/"},{"@type":"ListItem","position":2,"name":"Shop","item":"https:\/\/www.alldayled.com\/de\/shop\/"},{"@type":"ListItem","position":3,"name":"Positionsleuchten","item":"https:\/\/www.alldayled.com\/de\/produkt-kategorie\/positionslichter\/"},{"@type":"ListItem","position":4,"name":"Markierungsleuchten","item":"https:\/\/www.alldayled.com\/de\/produkt-kategorie\/positionslichter\/markeringslampen\/"},{"@type":"ListItem","position":5,"name":"Horpol LD3210 Markierungsleuchte wei\u00df"}]},{"@type":"WebSite","@id":"https:\/\/www.alldayled.com\/de\/#website","url":"https:\/\/www.alldayled.com\/de\/","name":"All Day Led","description":"Verlichting voor 12&amp;24 volt gebruik","publisher":{"@id":"https:\/\/www.alldayled.com\/de\/#organization"},"potentialAction":[{"@type":"SearchAction","target":{"@type":"EntryPoint","urlTemplate":"https:\/\/www.alldayled.com\/de\/?s={search_term_string}"},"query-input":{"@type":"PropertyValueSpecification","valueRequired":true,"valueName":"search_term_string"}}],"inLanguage":"de"},{"@type":"Organization","@id":"https:\/\/www.alldayled.com\/de\/#organization","name":"All Day Led","url":"https:\/\/www.alldayled.com\/de\/","logo":{"@type":"ImageObject","inLanguage":"de","@id":"https:\/\/www.alldayled.com\/de\/#\/schema\/logo\/image\/","url":"https:\/\/www.alldayled.com\/wp-content\/uploads\/2025\/10\/Logo-ALL-DAY-LED-800x800-zwart-witte-letters.png","contentUrl":"https:\/\/www.alldayled.com\/wp-content\/uploads\/2025\/10\/Logo-ALL-DAY-LED-800x800-zwart-witte-letters.png","width":800,"height":800,"caption":"All Day Led"},"image":{"@id":"https:\/\/www.alldayled.com\/de\/#\/schema\/logo\/image\/"},"sameAs":["https:\/\/www.facebook.com\/alldayled\/","https:\/\/www.instagram.com\/alldayled\/"],"vatID":"NL863960133B01","taxID":"86416545"}]},"product_brand":"Horpol","product_price_amount":"7.95","product_price_currency":"EUR","og_availability":"instock","product_availability":"instock","product_retailer_item_id":"ADL203210","product_condition":"new"},"_links":{"self":[{"href":"https:\/\/www.alldayled.com\/de\/wp-json\/wp\/v2\/product\/67121","targetHints":{"allow":["GET"]}}],"collection":[{"href":"https:\/\/www.alldayled.com\/de\/wp-json\/wp\/v2\/product"}],"about":[{"href":"https:\/\/www.alldayled.com\/de\/wp-json\/wp\/v2\/types\/product"}],"replies":[{"embeddable":true,"href":"https:\/\/www.alldayled.com\/de\/wp-json\/wp\/v2\/comments?post=67121"}],"wp:featuredmedia":[{"embeddable":true,"href":"https:\/\/www.alldayled.com\/de\/wp-json\/wp\/v2\/media\/35775"}],"wp:attachment":[{"href":"https:\/\/www.alldayled.com\/de\/wp-json\/wp\/v2\/media?parent=67121"}],"wp:term":[{"taxonomy":"product_brand","embeddable":true,"href":"https:\/\/www.alldayled.com\/de\/wp-json\/wp\/v2\/product_brand?post=67121"},{"taxonomy":"product_cat","embeddable":true,"href":"https:\/\/www.alldayled.com\/de\/wp-json\/wp\/v2\/product_cat?post=67121"},{"taxonomy":"product_tag","embeddable":true,"href":"https:\/\/www.alldayled.com\/de\/wp-json\/wp\/v2\/product_tag?post=67121"}],"curies":[{"name":"wp","href":"https:\/\/api.w.org\/{rel}","templated":true}]}}