{"id":67122,"date":"2021-05-26T13:55:04","date_gmt":"2021-05-26T11:55:04","guid":{"rendered":"https:\/\/www.alldayled.com\/product\/horpol-ld508-markeringslamp-oranje\/"},"modified":"2021-05-26T13:55:04","modified_gmt":"2021-05-26T11:55:04","slug":"horpol-ld508-markeringslamp-oranje","status":"publish","type":"product","link":"https:\/\/www.alldayled.com\/de\/produkt\/horpol-ld508-markeringslamp-oranje\/","title":{"rendered":"Horpol LD508 Markierungsleuchte orange"},"content":{"rendered":"<p><span style=\"color: #000000;\"><strong>Horpol LD508 LED Markierungsleuchte orange, f\u00fcr 12 und 24 volt.<\/strong><\/span><\/p>\n<p><span style=\"color: #000000;\">Bist du auf der Suche nach einer kleinen LED Markierungsleuchte, die orange leuchtet? Dann ist diese Horpol LD508 Markierungsleuchte vielleicht genau das, was du suchst! Es ist eine kompakte Konturleuchte, die tut, was sie soll: daf\u00fcr sorgen, dass du gut sichtbar bist. Dank der leistungsstarken Hi-Power-LED hast du viel Licht bei wenig Stromverbrauch. So f\u00e4hrst du sicher auf der Stra\u00dfe, sowohl tags\u00fcber als auch abends. Die orange Horpol LED Markierungsleuchte funktioniert mit 12 und 24 Volt, was bedeutet, dass du sie f\u00fcr dein Auto, deinen LKW, dein Wohnmobil, deinen Anh\u00e4nger oder jedes andere Fahrzeug verwenden kannst. Praktisch, denn so beleuchtest du einfach alle deine Fahrzeuge ohne Aufwand.    <\/span><\/p>\n<p><span style=\"color: #000000;\">Um sicherzustellen, dass diese Horpol LD508 Markierungsleuchte zu deinem Fahrzeug oder Anh\u00e4nger passt, haben wir die wichtigsten Spezifikationen f\u00fcr dich aufgelistet. So siehst du sofort, warum dies vielleicht die LED-Lampe ist, nach der du suchst. Die Lampe hat das ECE R10-Pr\u00fcfzeichen, was bedeutet, dass sie keine St\u00f6rungen verursacht, beispielsweise in deinem Radio. Dar\u00fcber hinaus ist sie mit dem ECE R7-Pr\u00fcfzeichen versehen, sodass sie offiziell als Positionsleuchte verwendet werden darf.   <\/span><\/p>\n<h5><span style=\"color: #000000;\"><strong>Abmessungen:<\/strong><\/span><\/h5>\n<p><span style=\"color: #000000;\">M\u00f6chtest du wissen, wo genau du die Lampe montieren kannst? Kein Problem! Die Abmessungen dieser Horpol LD508 Markierungsleuchte haben wir hier unten \u00fcbersichtlich f\u00fcr dich aufgelistet.<\/span><\/p>\n<ul>\n<li><span style=\"color: #000000;\">L\u00e4nge: 57 mm<\/span><\/li>\n<li><span style=\"color: #000000;\">H\u00f6he: 42 mm<\/span><\/li>\n<li><span style=\"color: #000000;\">Dicke: 27 mm <\/span><\/li>\n<li><span style=\"color: #000000;\">H.o.H: 47 mm<\/span><\/li>\n<\/ul>\n<h5><span style=\"color: #000000;\"><strong>Andere Farben:<\/strong><\/span><\/h5>\n<p><span style=\"color: #000000;\">Bist du auf der Suche nach einer LED Markierungsleuchte, aber nicht nach der Farbe Orange? Dieses Modell der Marke <a style=\"color: #000000;\" href=\"https:\/\/www.alldayled.com\/de\/marke\/product-horpol\/\">Horpol<\/a> ist auch in den folgenden Farben erh\u00e4ltlich: <\/span><\/p>\n<ul>\n<li><span style=\"color: #000000;\"><a style=\"color: #000000;\" href=\"https:\/\/www.alldayled.com\/de\/produkt\/horpol-ld358-markeringslamp-wit\/\"><strong>Horpol LED Markierungsleuchte wei\u00df<\/strong><\/a><\/span><\/li>\n<li><span style=\"color: #000000;\"><a style=\"color: #000000;\" href=\"https:\/\/www.alldayled.com\/de\/produkt\/horpol-ld359-markeringslamp-rood\/\"><strong>Horpol LED Markierungsleuchte rot<\/strong><\/a><\/span><\/li>\n<\/ul>\n<p><span style=\"color: #000000;\">Bist du dennoch der Meinung, dass diese LED-Lampe nicht das ist, was du suchst? Einfach, weil die Farbe oder Form nicht deinen W\u00fcnschen entspricht? Dann wirf doch mal einen Blick auf unsere Seite <g id=\"gid_0\">markeringslampen<\/g>. Vielleicht findest du hier das Lampenmodell, das du suchst.    <\/span><\/p>\n","protected":false},"excerpt":{"rendered":"<p>Horpol LD 508 Markierungsleuchte orange, f\u00fcr 12 und 24 Volt Betrieb.<\/p>\n","protected":false},"featured_media":19158,"comment_status":"open","ping_status":"closed","template":"","meta":{"_acf_changed":false},"product_brand":[6295],"product_cat":[5196],"product_tag":[9453,9151,9269,9153,9158,9159,9270,9155,9167,9157,9156,9271],"class_list":{"0":"post-67122","1":"product","2":"type-product","3":"status-publish","4":"has-post-thumbnail","6":"product_brand-product-horpol","7":"product_cat-markeringslampen","8":"product_tag-horpol-led-beleuchtung","9":"product_tag-konturbeleuchtung","10":"product_tag-led-markierung-orange","11":"product_tag-led-markierungsleuchte","12":"product_tag-led-markierungsleuchte-12-volt","13":"product_tag-led-markierungsleuchte-24-volt","14":"product_tag-led-markierungsleuchte-orange","15":"product_tag-markierungsleuchte-anhaenger","16":"product_tag-markierungsleuchte-anhanger","17":"product_tag-markierungsleuchte-lkw","18":"product_tag-markierungsleuchte-wohnmobil","19":"product_tag-seitenmarkierung","21":"first","22":"instock","23":"taxable","24":"shipping-taxable","25":"purchasable","26":"product-type-simple"},"acf":[],"yoast_head":"<!-- This site is optimized with the Yoast SEO Premium plugin v26.5 (Yoast SEO v27.1.1) - https:\/\/yoast.com\/product\/yoast-seo-premium-wordpress\/ -->\n<title>Horpol LD508 Markierungsleuchte orange - All Day Led - f\u00fcr 12&amp;24V-Betrieb<\/title>\n<meta name=\"description\" content=\"Horpol LD508 Markierungsleuchte ORANGE - f\u00fcr Auto, LKW, Camper, Traktor und mehr - f\u00fcr 12 &amp; 24 volt - Aufbau Montage - HOR 51 Produktgruppe\" \/>\n<meta name=\"robots\" content=\"index, follow, max-snippet:-1, max-image-preview:large, max-video-preview:-1\" \/>\n<link rel=\"canonical\" href=\"https:\/\/www.alldayled.com\/de\/produkt\/horpol-ld508-markeringslamp-oranje\/\" \/>\n<meta property=\"og:locale\" content=\"de_DE\" \/>\n<meta property=\"og:type\" content=\"article\" \/>\n<meta property=\"og:title\" content=\"Horpol LD508 Markierungsleuchte orange - All Day Led - f\u00fcr 12&amp;24V-Betrieb\" \/>\n<meta property=\"og:description\" content=\"Horpol LD508 Markierungsleuchte ORANGE - f\u00fcr Auto, LKW, Camper, Traktor und mehr - f\u00fcr 12 &amp; 24 volt - Aufbau Montage - HOR 51 Produktgruppe\" \/>\n<meta property=\"og:url\" content=\"https:\/\/www.alldayled.com\/de\/produkt\/horpol-ld508-markeringslamp-oranje\/\" \/>\n<meta property=\"og:site_name\" content=\"All Day Led\" \/>\n<meta property=\"article:publisher\" content=\"https:\/\/www.facebook.com\/alldayled\/\" \/>\n<meta property=\"og:image\" content=\"https:\/\/www.alldayled.com\/wp-content\/uploads\/2021\/05\/ADL08014.png\" \/>\n\t<meta property=\"og:image:width\" content=\"800\" \/>\n\t<meta property=\"og:image:height\" content=\"600\" \/>\n\t<meta property=\"og:image:type\" content=\"image\/png\" \/>\n<meta name=\"twitter:label1\" content=\"Preis\" \/>\n\t<meta name=\"twitter:data1\" content=\"&euro;&nbsp;6,95\" \/>\n\t<meta name=\"twitter:label2\" content=\"Verf\u00fcgbarkeit\" \/>\n\t<meta name=\"twitter:data2\" content=\"Auf Lager\" \/>\n<script type=\"application\/ld+json\" class=\"yoast-schema-graph\">{\"@context\":\"https:\/\/schema.org\",\"@graph\":[{\"@type\":\"WebPage\",\"@id\":\"https:\/\/www.alldayled.com\/de\/produkt\/horpol-ld508-markeringslamp-oranje\/\",\"url\":\"https:\/\/www.alldayled.com\/de\/produkt\/horpol-ld508-markeringslamp-oranje\/\",\"name\":\"Horpol LD508 Markierungsleuchte orange - All Day Led - f\u00fcr 12&24V-Betrieb\",\"isPartOf\":{\"@id\":\"https:\/\/www.alldayled.com\/de\/#website\"},\"primaryImageOfPage\":{\"@id\":\"https:\/\/www.alldayled.com\/de\/produkt\/horpol-ld508-markeringslamp-oranje\/#primaryimage\"},\"image\":{\"@id\":\"https:\/\/www.alldayled.com\/de\/produkt\/horpol-ld508-markeringslamp-oranje\/#primaryimage\"},\"thumbnailUrl\":\"https:\/\/www.alldayled.com\/wp-content\/uploads\/2021\/05\/ADL08014.png\",\"datePublished\":\"2021-05-26T11:55:04+00:00\",\"description\":\"Horpol LD508 Markierungsleuchte ORANGE - f\u00fcr Auto, LKW, Camper, Traktor und mehr - f\u00fcr 12 & 24 volt - Aufbau Montage - HOR 51 Produktgruppe\",\"breadcrumb\":{\"@id\":\"https:\/\/www.alldayled.com\/de\/produkt\/horpol-ld508-markeringslamp-oranje\/#breadcrumb\"},\"inLanguage\":\"de\",\"potentialAction\":[{\"@type\":\"ReadAction\",\"target\":[\"https:\/\/www.alldayled.com\/de\/produkt\/horpol-ld508-markeringslamp-oranje\/\"]}]},{\"@type\":\"ImageObject\",\"inLanguage\":\"de\",\"@id\":\"https:\/\/www.alldayled.com\/de\/produkt\/horpol-ld508-markeringslamp-oranje\/#primaryimage\",\"url\":\"https:\/\/www.alldayled.com\/wp-content\/uploads\/2021\/05\/ADL08014.png\",\"contentUrl\":\"https:\/\/www.alldayled.com\/wp-content\/uploads\/2021\/05\/ADL08014.png\",\"width\":800,\"height\":600,\"caption\":\"Horpol LED Markierungsleuchte orange - Aufbaumontage - geeignet f\u00fcr 12 &amp; 24 volt - Auto, Anh\u00e4nger, LKW, Traktor und mehr - EAN: 5903116345087\"},{\"@type\":\"BreadcrumbList\",\"@id\":\"https:\/\/www.alldayled.com\/de\/produkt\/horpol-ld508-markeringslamp-oranje\/#breadcrumb\",\"itemListElement\":[{\"@type\":\"ListItem\",\"position\":1,\"name\":\"Home\",\"item\":\"https:\/\/www.alldayled.com\/de\/\"},{\"@type\":\"ListItem\",\"position\":2,\"name\":\"Shop\",\"item\":\"https:\/\/www.alldayled.com\/de\/shop\/\"},{\"@type\":\"ListItem\",\"position\":3,\"name\":\"Positionsleuchten\",\"item\":\"https:\/\/www.alldayled.com\/de\/produkt-kategorie\/positionslichter\/\"},{\"@type\":\"ListItem\",\"position\":4,\"name\":\"Markierungsleuchten\",\"item\":\"https:\/\/www.alldayled.com\/de\/produkt-kategorie\/positionslichter\/markeringslampen\/\"},{\"@type\":\"ListItem\",\"position\":5,\"name\":\"Horpol LD508 Markierungsleuchte orange\"}]},{\"@type\":\"WebSite\",\"@id\":\"https:\/\/www.alldayled.com\/de\/#website\",\"url\":\"https:\/\/www.alldayled.com\/de\/\",\"name\":\"All Day Led\",\"description\":\"Verlichting voor 12&amp;24 volt gebruik\",\"publisher\":{\"@id\":\"https:\/\/www.alldayled.com\/de\/#organization\"},\"potentialAction\":[{\"@type\":\"SearchAction\",\"target\":{\"@type\":\"EntryPoint\",\"urlTemplate\":\"https:\/\/www.alldayled.com\/de\/?s={search_term_string}\"},\"query-input\":{\"@type\":\"PropertyValueSpecification\",\"valueRequired\":true,\"valueName\":\"search_term_string\"}}],\"inLanguage\":\"de\"},{\"@type\":\"Organization\",\"@id\":\"https:\/\/www.alldayled.com\/de\/#organization\",\"name\":\"All Day Led\",\"url\":\"https:\/\/www.alldayled.com\/de\/\",\"logo\":{\"@type\":\"ImageObject\",\"inLanguage\":\"de\",\"@id\":\"https:\/\/www.alldayled.com\/de\/#\/schema\/logo\/image\/\",\"url\":\"https:\/\/www.alldayled.com\/wp-content\/uploads\/2025\/10\/Logo-ALL-DAY-LED-800x800-zwart-witte-letters.png\",\"contentUrl\":\"https:\/\/www.alldayled.com\/wp-content\/uploads\/2025\/10\/Logo-ALL-DAY-LED-800x800-zwart-witte-letters.png\",\"width\":800,\"height\":800,\"caption\":\"All Day Led\"},\"image\":{\"@id\":\"https:\/\/www.alldayled.com\/de\/#\/schema\/logo\/image\/\"},\"sameAs\":[\"https:\/\/www.facebook.com\/alldayled\/\",\"https:\/\/www.instagram.com\/alldayled\/\"],\"vatID\":\"NL863960133B01\",\"taxID\":\"86416545\"}]}<\/script>\n<meta property=\"product:brand\" content=\"Horpol\" \/>\n<meta property=\"product:price:amount\" content=\"6.95\" \/>\n<meta property=\"product:price:currency\" content=\"EUR\" \/>\n<meta property=\"og:availability\" content=\"instock\" \/>\n<meta property=\"product:availability\" content=\"instock\" \/>\n<meta property=\"product:retailer_item_id\" content=\"ADL08014\" \/>\n<meta property=\"product:condition\" content=\"new\" \/>\n<!-- \/ Yoast SEO Premium plugin. -->","yoast_head_json":{"title":"Horpol LD508 Markierungsleuchte orange - All Day Led - f\u00fcr 12&24V-Betrieb","description":"Horpol LD508 Markierungsleuchte ORANGE - f\u00fcr Auto, LKW, Camper, Traktor und mehr - f\u00fcr 12 & 24 volt - Aufbau Montage - HOR 51 Produktgruppe","robots":{"index":"index","follow":"follow","max-snippet":"max-snippet:-1","max-image-preview":"max-image-preview:large","max-video-preview":"max-video-preview:-1"},"canonical":"https:\/\/www.alldayled.com\/de\/produkt\/horpol-ld508-markeringslamp-oranje\/","og_locale":"de_DE","og_type":"article","og_title":"Horpol LD508 Markierungsleuchte orange - All Day Led - f\u00fcr 12&24V-Betrieb","og_description":"Horpol LD508 Markierungsleuchte ORANGE - f\u00fcr Auto, LKW, Camper, Traktor und mehr - f\u00fcr 12 & 24 volt - Aufbau Montage - HOR 51 Produktgruppe","og_url":"https:\/\/www.alldayled.com\/de\/produkt\/horpol-ld508-markeringslamp-oranje\/","og_site_name":"All Day Led","article_publisher":"https:\/\/www.facebook.com\/alldayled\/","og_image":[{"width":800,"height":600,"url":"https:\/\/www.alldayled.com\/wp-content\/uploads\/2021\/05\/ADL08014.png","type":"image\/png"}],"twitter_misc":{"Preis":"&euro;&nbsp;6,95","Verf\u00fcgbarkeit":"Auf Lager"},"schema":{"@context":"https:\/\/schema.org","@graph":[{"@type":"WebPage","@id":"https:\/\/www.alldayled.com\/de\/produkt\/horpol-ld508-markeringslamp-oranje\/","url":"https:\/\/www.alldayled.com\/de\/produkt\/horpol-ld508-markeringslamp-oranje\/","name":"Horpol LD508 Markierungsleuchte orange - All Day Led - f\u00fcr 12&24V-Betrieb","isPartOf":{"@id":"https:\/\/www.alldayled.com\/de\/#website"},"primaryImageOfPage":{"@id":"https:\/\/www.alldayled.com\/de\/produkt\/horpol-ld508-markeringslamp-oranje\/#primaryimage"},"image":{"@id":"https:\/\/www.alldayled.com\/de\/produkt\/horpol-ld508-markeringslamp-oranje\/#primaryimage"},"thumbnailUrl":"https:\/\/www.alldayled.com\/wp-content\/uploads\/2021\/05\/ADL08014.png","datePublished":"2021-05-26T11:55:04+00:00","description":"Horpol LD508 Markierungsleuchte ORANGE - f\u00fcr Auto, LKW, Camper, Traktor und mehr - f\u00fcr 12 & 24 volt - Aufbau Montage - HOR 51 Produktgruppe","breadcrumb":{"@id":"https:\/\/www.alldayled.com\/de\/produkt\/horpol-ld508-markeringslamp-oranje\/#breadcrumb"},"inLanguage":"de","potentialAction":[{"@type":"ReadAction","target":["https:\/\/www.alldayled.com\/de\/produkt\/horpol-ld508-markeringslamp-oranje\/"]}]},{"@type":"ImageObject","inLanguage":"de","@id":"https:\/\/www.alldayled.com\/de\/produkt\/horpol-ld508-markeringslamp-oranje\/#primaryimage","url":"https:\/\/www.alldayled.com\/wp-content\/uploads\/2021\/05\/ADL08014.png","contentUrl":"https:\/\/www.alldayled.com\/wp-content\/uploads\/2021\/05\/ADL08014.png","width":800,"height":600,"caption":"Horpol LED Markierungsleuchte orange - Aufbaumontage - geeignet f\u00fcr 12 &amp; 24 volt - Auto, Anh\u00e4nger, LKW, Traktor und mehr - EAN: 5903116345087"},{"@type":"BreadcrumbList","@id":"https:\/\/www.alldayled.com\/de\/produkt\/horpol-ld508-markeringslamp-oranje\/#breadcrumb","itemListElement":[{"@type":"ListItem","position":1,"name":"Home","item":"https:\/\/www.alldayled.com\/de\/"},{"@type":"ListItem","position":2,"name":"Shop","item":"https:\/\/www.alldayled.com\/de\/shop\/"},{"@type":"ListItem","position":3,"name":"Positionsleuchten","item":"https:\/\/www.alldayled.com\/de\/produkt-kategorie\/positionslichter\/"},{"@type":"ListItem","position":4,"name":"Markierungsleuchten","item":"https:\/\/www.alldayled.com\/de\/produkt-kategorie\/positionslichter\/markeringslampen\/"},{"@type":"ListItem","position":5,"name":"Horpol LD508 Markierungsleuchte orange"}]},{"@type":"WebSite","@id":"https:\/\/www.alldayled.com\/de\/#website","url":"https:\/\/www.alldayled.com\/de\/","name":"All Day Led","description":"Verlichting voor 12&amp;24 volt gebruik","publisher":{"@id":"https:\/\/www.alldayled.com\/de\/#organization"},"potentialAction":[{"@type":"SearchAction","target":{"@type":"EntryPoint","urlTemplate":"https:\/\/www.alldayled.com\/de\/?s={search_term_string}"},"query-input":{"@type":"PropertyValueSpecification","valueRequired":true,"valueName":"search_term_string"}}],"inLanguage":"de"},{"@type":"Organization","@id":"https:\/\/www.alldayled.com\/de\/#organization","name":"All Day Led","url":"https:\/\/www.alldayled.com\/de\/","logo":{"@type":"ImageObject","inLanguage":"de","@id":"https:\/\/www.alldayled.com\/de\/#\/schema\/logo\/image\/","url":"https:\/\/www.alldayled.com\/wp-content\/uploads\/2025\/10\/Logo-ALL-DAY-LED-800x800-zwart-witte-letters.png","contentUrl":"https:\/\/www.alldayled.com\/wp-content\/uploads\/2025\/10\/Logo-ALL-DAY-LED-800x800-zwart-witte-letters.png","width":800,"height":800,"caption":"All Day Led"},"image":{"@id":"https:\/\/www.alldayled.com\/de\/#\/schema\/logo\/image\/"},"sameAs":["https:\/\/www.facebook.com\/alldayled\/","https:\/\/www.instagram.com\/alldayled\/"],"vatID":"NL863960133B01","taxID":"86416545"}]},"product_brand":"Horpol","product_price_amount":"6.95","product_price_currency":"EUR","og_availability":"instock","product_availability":"instock","product_retailer_item_id":"ADL08014","product_condition":"new"},"_links":{"self":[{"href":"https:\/\/www.alldayled.com\/de\/wp-json\/wp\/v2\/product\/67122","targetHints":{"allow":["GET"]}}],"collection":[{"href":"https:\/\/www.alldayled.com\/de\/wp-json\/wp\/v2\/product"}],"about":[{"href":"https:\/\/www.alldayled.com\/de\/wp-json\/wp\/v2\/types\/product"}],"replies":[{"embeddable":true,"href":"https:\/\/www.alldayled.com\/de\/wp-json\/wp\/v2\/comments?post=67122"}],"wp:featuredmedia":[{"embeddable":true,"href":"https:\/\/www.alldayled.com\/de\/wp-json\/wp\/v2\/media\/19158"}],"wp:attachment":[{"href":"https:\/\/www.alldayled.com\/de\/wp-json\/wp\/v2\/media?parent=67122"}],"wp:term":[{"taxonomy":"product_brand","embeddable":true,"href":"https:\/\/www.alldayled.com\/de\/wp-json\/wp\/v2\/product_brand?post=67122"},{"taxonomy":"product_cat","embeddable":true,"href":"https:\/\/www.alldayled.com\/de\/wp-json\/wp\/v2\/product_cat?post=67122"},{"taxonomy":"product_tag","embeddable":true,"href":"https:\/\/www.alldayled.com\/de\/wp-json\/wp\/v2\/product_tag?post=67122"}],"curies":[{"name":"wp","href":"https:\/\/api.w.org\/{rel}","templated":true}]}}