{"id":67126,"date":"2021-05-26T14:21:59","date_gmt":"2021-05-26T12:21:59","guid":{"rendered":"https:\/\/www.alldayled.com\/product\/horpol-ld359-markeringslamp-rood\/"},"modified":"2026-01-22T23:00:04","modified_gmt":"2026-01-22T22:00:04","slug":"horpol-ld359-markeringslamp-rood","status":"publish","type":"product","link":"https:\/\/www.alldayled.com\/de\/produkt\/horpol-ld359-markeringslamp-rood\/","title":{"rendered":"Horpol LD359 Markierungsleuchte rot"},"content":{"rendered":"<p><span style=\"color: #000000;\"><strong>Horpol LD359 LED Markierungsleuchte rot, f\u00fcr 12 und 24 volt.<\/strong><\/span><\/p>\n<p><span style=\"color: #000000;\">Bist du auf der Suche nach einer kleinen LED Markierungsleuchte, die rot leuchtet? Dann ist diese Horpol LD359 Markierungsleuchte vielleicht genau das, was du suchst! Es ist eine kompakte Umrissleuchte, die tut, was sie tun muss: daf\u00fcr sorgen, dass du gut sichtbar bist. Dank der leistungsstarken Hi-Power LED hast du viel Licht bei geringem Stromverbrauch. So f\u00e4hrst du sicher auf der Stra\u00dfe, sowohl tags\u00fcber als auch abends. Die rote Horpol LED Markierungsleuchte funktioniert mit 12 und 24 volt, was bedeutet, dass du sie f\u00fcr dein Auto, deinen LKW, dein Wohnmobil, deinen Anh\u00e4nger oder jedes andere Fahrzeug verwenden kannst. Praktisch, denn so beleuchtest du all deine Fahrzeuge ganz einfach und ohne Aufwand.    <\/span><\/p>\n<p><span style=\"color: #000000;\">Um sicherzustellen, dass diese Horpol LD359 Markierungsleuchte zu deinem Fahrzeug oder Anh\u00e4nger passt, haben wir die wichtigsten Spezifikationen f\u00fcr dich aufgelistet. So siehst du sofort, warum dies vielleicht die LED Lampe ist, nach der du suchst. Die Lampe hat das ECE R10 Pr\u00fcfzeichen, was bedeutet, dass sie keine St\u00f6rungen verursacht, zum Beispiel an deinem Radio. Au\u00dferdem ist sie mit dem ECE R7 Pr\u00fcfzeichen versehen, sodass sie offiziell als Positionsleuchte verwendet werden darf.   <\/span><\/p>\n<h5><span style=\"color: #000000;\"><strong>Abmessungen:<\/strong><\/span><\/h5>\n<p><span style=\"color: #000000;\">M\u00f6chtest du wissen, wo du die Lampe genau montieren kannst? Kein Problem! Die Abmessungen dieser Horpol LD359 Markierungsleuchte haben wir dir unten \u00fcbersichtlich aufgelistet.<\/span><\/p>\n<ul>\n<li><span style=\"color: #000000;\">L\u00e4nge: 57 mm<\/span><\/li>\n<li><span style=\"color: #000000;\">H\u00f6he: 42 mm<\/span><\/li>\n<li><span style=\"color: #000000;\">Dicke: 27 mm <\/span><\/li>\n<li><span style=\"color: #000000;\">Lochabstand: 47 mm<\/span><\/li>\n<\/ul>\n<h5><span style=\"color: #000000;\"><strong>Andere Farben:<\/strong><\/span><\/h5>\n<p><span style=\"color: #000000;\">Bist du auf der Suche nach einer LED Markierungsleuchte, aber nicht in der Farbe Rot? Dieses Modell der Marke <a style=\"color: #000000;\" href=\"https:\/\/www.alldayled.com\/de\/marke\/product-horpol\/\">Horpol<\/a> ist auch in den folgenden Farben erh\u00e4ltlich: <\/span><\/p>\n<ul>\n<li><span style=\"color: #000000;\"><a style=\"color: #000000;\" href=\"https:\/\/www.alldayled.com\/de\/produkt\/horpol-ld358-markeringslamp-wit\/\"><strong>Horpol LED Markierungsleuchte wei\u00df<\/strong><\/a><\/span><\/li>\n<li><span style=\"color: #000000;\"><a style=\"color: #000000;\" href=\"https:\/\/www.alldayled.com\/de\/produkt\/horpol-ld508-markeringslamp-oranje\/\"><strong>Horpol LED Markierungsleuchte orange<\/strong><\/a><\/span><\/li>\n<\/ul>\n<p><span style=\"color: #000000;\">Bist du trotzdem der Meinung, dass diese LED Lampe nicht das ist, was du suchst? Einfach weil die Farbe oder Form nicht deinen W\u00fcnschen entspricht? Dann schau dir auch unbedingt unsere Seite <g id=\"gid_0\">Markierungsleuchten<\/g> an. Vielleicht findest du hier das Lampenmodell, nach dem du suchst.    <\/span><\/p>\n","protected":false},"excerpt":{"rendered":"<p>Horpol LD359 Markierungsleuchte rot, f\u00fcr 12 und 24 volt Gebrauch.<\/p>\n","protected":false},"featured_media":19176,"comment_status":"open","ping_status":"closed","template":"","meta":{"_acf_changed":false},"product_brand":[6295],"product_cat":[5196],"product_tag":[9453,9151,9152,9153,9154,9167,9155,9157,9156],"class_list":{"0":"post-67126","1":"product","2":"type-product","3":"status-publish","4":"has-post-thumbnail","6":"product_brand-product-horpol","7":"product_cat-markeringslampen","8":"product_tag-horpol-led-beleuchtung","9":"product_tag-konturbeleuchtung","10":"product_tag-led-markierung-rot","11":"product_tag-led-markierungsleuchte","12":"product_tag-led-markierungsleuchte-rot","13":"product_tag-markierungsleuchte-anhanger","14":"product_tag-markierungsleuchte-anhaenger","15":"product_tag-markierungsleuchte-lkw","16":"product_tag-markierungsleuchte-wohnmobil","18":"first","19":"instock","20":"taxable","21":"shipping-taxable","22":"purchasable","23":"product-type-simple"},"acf":[],"yoast_head":"<!-- This site is optimized with the Yoast SEO Premium plugin v26.5 (Yoast SEO v27.1.1) - https:\/\/yoast.com\/product\/yoast-seo-premium-wordpress\/ -->\n<title>Horpol LD359 Markierungsleuchte rot - All Day Led - f\u00fcr 12&amp;24V Nutzung<\/title>\n<meta name=\"description\" content=\"Horpol LD359 Markierungsleuchte ROT - f\u00fcr Auto, LKW, Wohnmobil, Traktor und mehr - f\u00fcr 12 &amp; 24 volt - Aufbaumontage - HOR 51 Produktgruppe\" \/>\n<meta name=\"robots\" content=\"index, follow, max-snippet:-1, max-image-preview:large, max-video-preview:-1\" \/>\n<link rel=\"canonical\" href=\"https:\/\/www.alldayled.com\/de\/produkt\/horpol-ld359-markeringslamp-rood\/\" \/>\n<meta property=\"og:locale\" content=\"de_DE\" \/>\n<meta property=\"og:type\" content=\"article\" \/>\n<meta property=\"og:title\" content=\"Horpol LD359 Markierungsleuchte rot - All Day Led - f\u00fcr 12&amp;24V Nutzung\" \/>\n<meta property=\"og:description\" content=\"Horpol LD359 Markierungsleuchte ROT - f\u00fcr Auto, LKW, Wohnmobil, Traktor und mehr - f\u00fcr 12 &amp; 24 volt - Aufbaumontage - HOR 51 Produktgruppe\" \/>\n<meta property=\"og:url\" content=\"https:\/\/www.alldayled.com\/de\/produkt\/horpol-ld359-markeringslamp-rood\/\" \/>\n<meta property=\"og:site_name\" content=\"All Day Led\" \/>\n<meta property=\"article:publisher\" content=\"https:\/\/www.facebook.com\/alldayled\/\" \/>\n<meta property=\"article:modified_time\" content=\"2026-01-22T22:00:04+00:00\" \/>\n<meta property=\"og:image\" content=\"https:\/\/www.alldayled.com\/wp-content\/uploads\/2021\/05\/ADL08027.png\" \/>\n\t<meta property=\"og:image:width\" content=\"800\" \/>\n\t<meta property=\"og:image:height\" content=\"600\" \/>\n\t<meta property=\"og:image:type\" content=\"image\/png\" \/>\n<meta name=\"twitter:label1\" content=\"Preis\" \/>\n\t<meta name=\"twitter:data1\" content=\"&euro;&nbsp;6,95\" \/>\n\t<meta name=\"twitter:label2\" content=\"Verf\u00fcgbarkeit\" \/>\n\t<meta name=\"twitter:data2\" content=\"Auf Lager\" \/>\n<script type=\"application\/ld+json\" class=\"yoast-schema-graph\">{\"@context\":\"https:\/\/schema.org\",\"@graph\":[{\"@type\":\"WebPage\",\"@id\":\"https:\/\/www.alldayled.com\/de\/produkt\/horpol-ld359-markeringslamp-rood\/\",\"url\":\"https:\/\/www.alldayled.com\/de\/produkt\/horpol-ld359-markeringslamp-rood\/\",\"name\":\"Horpol LD359 Markierungsleuchte rot - All Day Led - f\u00fcr 12&24V Nutzung\",\"isPartOf\":{\"@id\":\"https:\/\/www.alldayled.com\/de\/#website\"},\"primaryImageOfPage\":{\"@id\":\"https:\/\/www.alldayled.com\/de\/produkt\/horpol-ld359-markeringslamp-rood\/#primaryimage\"},\"image\":{\"@id\":\"https:\/\/www.alldayled.com\/de\/produkt\/horpol-ld359-markeringslamp-rood\/#primaryimage\"},\"thumbnailUrl\":\"https:\/\/www.alldayled.com\/wp-content\/uploads\/2021\/05\/ADL08027.png\",\"datePublished\":\"2021-05-26T12:21:59+00:00\",\"dateModified\":\"2026-01-22T22:00:04+00:00\",\"description\":\"Horpol LD359 Markierungsleuchte ROT - f\u00fcr Auto, LKW, Wohnmobil, Traktor und mehr - f\u00fcr 12 & 24 volt - Aufbaumontage - HOR 51 Produktgruppe\",\"breadcrumb\":{\"@id\":\"https:\/\/www.alldayled.com\/de\/produkt\/horpol-ld359-markeringslamp-rood\/#breadcrumb\"},\"inLanguage\":\"de\",\"potentialAction\":[{\"@type\":\"ReadAction\",\"target\":[\"https:\/\/www.alldayled.com\/de\/produkt\/horpol-ld359-markeringslamp-rood\/\"]}]},{\"@type\":\"ImageObject\",\"inLanguage\":\"de\",\"@id\":\"https:\/\/www.alldayled.com\/de\/produkt\/horpol-ld359-markeringslamp-rood\/#primaryimage\",\"url\":\"https:\/\/www.alldayled.com\/wp-content\/uploads\/2021\/05\/ADL08027.png\",\"contentUrl\":\"https:\/\/www.alldayled.com\/wp-content\/uploads\/2021\/05\/ADL08027.png\",\"width\":800,\"height\":600,\"caption\":\"Horpol LED Markierungsleuchte rot - Aufbaumontage - geeignet f\u00fcr 12 &amp; 24 volt - Auto, Anh\u00e4nger, LKW, Traktor und mehr - EAN: 5903116343595\"},{\"@type\":\"BreadcrumbList\",\"@id\":\"https:\/\/www.alldayled.com\/de\/produkt\/horpol-ld359-markeringslamp-rood\/#breadcrumb\",\"itemListElement\":[{\"@type\":\"ListItem\",\"position\":1,\"name\":\"Home\",\"item\":\"https:\/\/www.alldayled.com\/de\/\"},{\"@type\":\"ListItem\",\"position\":2,\"name\":\"Shop\",\"item\":\"https:\/\/www.alldayled.com\/de\/shop\/\"},{\"@type\":\"ListItem\",\"position\":3,\"name\":\"Positionsleuchten\",\"item\":\"https:\/\/www.alldayled.com\/de\/produkt-kategorie\/positionslichter\/\"},{\"@type\":\"ListItem\",\"position\":4,\"name\":\"Markierungsleuchten\",\"item\":\"https:\/\/www.alldayled.com\/de\/produkt-kategorie\/positionslichter\/markeringslampen\/\"},{\"@type\":\"ListItem\",\"position\":5,\"name\":\"Horpol LD359 Markierungsleuchte rot\"}]},{\"@type\":\"WebSite\",\"@id\":\"https:\/\/www.alldayled.com\/de\/#website\",\"url\":\"https:\/\/www.alldayled.com\/de\/\",\"name\":\"All Day Led\",\"description\":\"Verlichting voor 12&amp;24 volt gebruik\",\"publisher\":{\"@id\":\"https:\/\/www.alldayled.com\/de\/#organization\"},\"potentialAction\":[{\"@type\":\"SearchAction\",\"target\":{\"@type\":\"EntryPoint\",\"urlTemplate\":\"https:\/\/www.alldayled.com\/de\/?s={search_term_string}\"},\"query-input\":{\"@type\":\"PropertyValueSpecification\",\"valueRequired\":true,\"valueName\":\"search_term_string\"}}],\"inLanguage\":\"de\"},{\"@type\":\"Organization\",\"@id\":\"https:\/\/www.alldayled.com\/de\/#organization\",\"name\":\"All Day Led\",\"url\":\"https:\/\/www.alldayled.com\/de\/\",\"logo\":{\"@type\":\"ImageObject\",\"inLanguage\":\"de\",\"@id\":\"https:\/\/www.alldayled.com\/de\/#\/schema\/logo\/image\/\",\"url\":\"https:\/\/www.alldayled.com\/wp-content\/uploads\/2025\/10\/Logo-ALL-DAY-LED-800x800-zwart-witte-letters.png\",\"contentUrl\":\"https:\/\/www.alldayled.com\/wp-content\/uploads\/2025\/10\/Logo-ALL-DAY-LED-800x800-zwart-witte-letters.png\",\"width\":800,\"height\":800,\"caption\":\"All Day Led\"},\"image\":{\"@id\":\"https:\/\/www.alldayled.com\/de\/#\/schema\/logo\/image\/\"},\"sameAs\":[\"https:\/\/www.facebook.com\/alldayled\/\",\"https:\/\/www.instagram.com\/alldayled\/\"],\"vatID\":\"NL863960133B01\",\"taxID\":\"86416545\"}]}<\/script>\n<meta property=\"product:brand\" content=\"Horpol\" \/>\n<meta property=\"product:price:amount\" content=\"6.95\" \/>\n<meta property=\"product:price:currency\" content=\"EUR\" \/>\n<meta property=\"og:availability\" content=\"instock\" \/>\n<meta property=\"product:availability\" content=\"instock\" \/>\n<meta property=\"product:retailer_item_id\" content=\"ADL08027\" \/>\n<meta property=\"product:condition\" content=\"new\" \/>\n<!-- \/ Yoast SEO Premium plugin. -->","yoast_head_json":{"title":"Horpol LD359 Markierungsleuchte rot - All Day Led - f\u00fcr 12&24V Nutzung","description":"Horpol LD359 Markierungsleuchte ROT - f\u00fcr Auto, LKW, Wohnmobil, Traktor und mehr - f\u00fcr 12 & 24 volt - Aufbaumontage - HOR 51 Produktgruppe","robots":{"index":"index","follow":"follow","max-snippet":"max-snippet:-1","max-image-preview":"max-image-preview:large","max-video-preview":"max-video-preview:-1"},"canonical":"https:\/\/www.alldayled.com\/de\/produkt\/horpol-ld359-markeringslamp-rood\/","og_locale":"de_DE","og_type":"article","og_title":"Horpol LD359 Markierungsleuchte rot - All Day Led - f\u00fcr 12&24V Nutzung","og_description":"Horpol LD359 Markierungsleuchte ROT - f\u00fcr Auto, LKW, Wohnmobil, Traktor und mehr - f\u00fcr 12 & 24 volt - Aufbaumontage - HOR 51 Produktgruppe","og_url":"https:\/\/www.alldayled.com\/de\/produkt\/horpol-ld359-markeringslamp-rood\/","og_site_name":"All Day Led","article_publisher":"https:\/\/www.facebook.com\/alldayled\/","article_modified_time":"2026-01-22T22:00:04+00:00","og_image":[{"width":800,"height":600,"url":"https:\/\/www.alldayled.com\/wp-content\/uploads\/2021\/05\/ADL08027.png","type":"image\/png"}],"twitter_misc":{"Preis":"&euro;&nbsp;6,95","Verf\u00fcgbarkeit":"Auf Lager"},"schema":{"@context":"https:\/\/schema.org","@graph":[{"@type":"WebPage","@id":"https:\/\/www.alldayled.com\/de\/produkt\/horpol-ld359-markeringslamp-rood\/","url":"https:\/\/www.alldayled.com\/de\/produkt\/horpol-ld359-markeringslamp-rood\/","name":"Horpol LD359 Markierungsleuchte rot - All Day Led - f\u00fcr 12&24V Nutzung","isPartOf":{"@id":"https:\/\/www.alldayled.com\/de\/#website"},"primaryImageOfPage":{"@id":"https:\/\/www.alldayled.com\/de\/produkt\/horpol-ld359-markeringslamp-rood\/#primaryimage"},"image":{"@id":"https:\/\/www.alldayled.com\/de\/produkt\/horpol-ld359-markeringslamp-rood\/#primaryimage"},"thumbnailUrl":"https:\/\/www.alldayled.com\/wp-content\/uploads\/2021\/05\/ADL08027.png","datePublished":"2021-05-26T12:21:59+00:00","dateModified":"2026-01-22T22:00:04+00:00","description":"Horpol LD359 Markierungsleuchte ROT - f\u00fcr Auto, LKW, Wohnmobil, Traktor und mehr - f\u00fcr 12 & 24 volt - Aufbaumontage - HOR 51 Produktgruppe","breadcrumb":{"@id":"https:\/\/www.alldayled.com\/de\/produkt\/horpol-ld359-markeringslamp-rood\/#breadcrumb"},"inLanguage":"de","potentialAction":[{"@type":"ReadAction","target":["https:\/\/www.alldayled.com\/de\/produkt\/horpol-ld359-markeringslamp-rood\/"]}]},{"@type":"ImageObject","inLanguage":"de","@id":"https:\/\/www.alldayled.com\/de\/produkt\/horpol-ld359-markeringslamp-rood\/#primaryimage","url":"https:\/\/www.alldayled.com\/wp-content\/uploads\/2021\/05\/ADL08027.png","contentUrl":"https:\/\/www.alldayled.com\/wp-content\/uploads\/2021\/05\/ADL08027.png","width":800,"height":600,"caption":"Horpol LED Markierungsleuchte rot - Aufbaumontage - geeignet f\u00fcr 12 &amp; 24 volt - Auto, Anh\u00e4nger, LKW, Traktor und mehr - EAN: 5903116343595"},{"@type":"BreadcrumbList","@id":"https:\/\/www.alldayled.com\/de\/produkt\/horpol-ld359-markeringslamp-rood\/#breadcrumb","itemListElement":[{"@type":"ListItem","position":1,"name":"Home","item":"https:\/\/www.alldayled.com\/de\/"},{"@type":"ListItem","position":2,"name":"Shop","item":"https:\/\/www.alldayled.com\/de\/shop\/"},{"@type":"ListItem","position":3,"name":"Positionsleuchten","item":"https:\/\/www.alldayled.com\/de\/produkt-kategorie\/positionslichter\/"},{"@type":"ListItem","position":4,"name":"Markierungsleuchten","item":"https:\/\/www.alldayled.com\/de\/produkt-kategorie\/positionslichter\/markeringslampen\/"},{"@type":"ListItem","position":5,"name":"Horpol LD359 Markierungsleuchte rot"}]},{"@type":"WebSite","@id":"https:\/\/www.alldayled.com\/de\/#website","url":"https:\/\/www.alldayled.com\/de\/","name":"All Day Led","description":"Verlichting voor 12&amp;24 volt gebruik","publisher":{"@id":"https:\/\/www.alldayled.com\/de\/#organization"},"potentialAction":[{"@type":"SearchAction","target":{"@type":"EntryPoint","urlTemplate":"https:\/\/www.alldayled.com\/de\/?s={search_term_string}"},"query-input":{"@type":"PropertyValueSpecification","valueRequired":true,"valueName":"search_term_string"}}],"inLanguage":"de"},{"@type":"Organization","@id":"https:\/\/www.alldayled.com\/de\/#organization","name":"All Day Led","url":"https:\/\/www.alldayled.com\/de\/","logo":{"@type":"ImageObject","inLanguage":"de","@id":"https:\/\/www.alldayled.com\/de\/#\/schema\/logo\/image\/","url":"https:\/\/www.alldayled.com\/wp-content\/uploads\/2025\/10\/Logo-ALL-DAY-LED-800x800-zwart-witte-letters.png","contentUrl":"https:\/\/www.alldayled.com\/wp-content\/uploads\/2025\/10\/Logo-ALL-DAY-LED-800x800-zwart-witte-letters.png","width":800,"height":800,"caption":"All Day Led"},"image":{"@id":"https:\/\/www.alldayled.com\/de\/#\/schema\/logo\/image\/"},"sameAs":["https:\/\/www.facebook.com\/alldayled\/","https:\/\/www.instagram.com\/alldayled\/"],"vatID":"NL863960133B01","taxID":"86416545"}]},"product_brand":"Horpol","product_price_amount":"6.95","product_price_currency":"EUR","og_availability":"instock","product_availability":"instock","product_retailer_item_id":"ADL08027","product_condition":"new"},"_links":{"self":[{"href":"https:\/\/www.alldayled.com\/de\/wp-json\/wp\/v2\/product\/67126","targetHints":{"allow":["GET"]}}],"collection":[{"href":"https:\/\/www.alldayled.com\/de\/wp-json\/wp\/v2\/product"}],"about":[{"href":"https:\/\/www.alldayled.com\/de\/wp-json\/wp\/v2\/types\/product"}],"replies":[{"embeddable":true,"href":"https:\/\/www.alldayled.com\/de\/wp-json\/wp\/v2\/comments?post=67126"}],"wp:featuredmedia":[{"embeddable":true,"href":"https:\/\/www.alldayled.com\/de\/wp-json\/wp\/v2\/media\/19176"}],"wp:attachment":[{"href":"https:\/\/www.alldayled.com\/de\/wp-json\/wp\/v2\/media?parent=67126"}],"wp:term":[{"taxonomy":"product_brand","embeddable":true,"href":"https:\/\/www.alldayled.com\/de\/wp-json\/wp\/v2\/product_brand?post=67126"},{"taxonomy":"product_cat","embeddable":true,"href":"https:\/\/www.alldayled.com\/de\/wp-json\/wp\/v2\/product_cat?post=67126"},{"taxonomy":"product_tag","embeddable":true,"href":"https:\/\/www.alldayled.com\/de\/wp-json\/wp\/v2\/product_tag?post=67126"}],"curies":[{"name":"wp","href":"https:\/\/api.w.org\/{rel}","templated":true}]}}