{"id":67134,"date":"2025-02-17T15:58:21","date_gmt":"2025-02-17T14:58:21","guid":{"rendered":"https:\/\/www.alldayled.com\/product\/swedstuff-verstraler-dl-9-95w\/"},"modified":"2026-01-07T20:34:29","modified_gmt":"2026-01-07T19:34:29","slug":"swedstuff-verstraler-dl-9-95w","status":"publish","type":"product","link":"https:\/\/www.alldayled.com\/de\/produkt\/swedstuff-verstraler-dl-9-95w\/","title":{"rendered":"Swedstuff Scheinwerfer DL 9&#8220; &#8211; 95W"},"content":{"rendered":"<p><span style=\"color: #000000;\"><strong>Swedstuff Scheinwerfer DL 9 Zoll 95W, geeignet f\u00fcr 12 und 24 Volt. <\/strong><\/span><\/p>\n<p><span style=\"color: #000000;\">Suchst du einen Scheinwerfer mit ernsthafter Lichtleistung und einem eleganten Design? Dann ist der Swedstuff Scheinwerfer DL 9 Zoll, auch bekannt als Driving Light 9&#8243;, genau das Richtige f\u00fcr dich. Mit seiner runden Form, der leistungsstarken 4800 Lumen-Ausgabe und 5700K wei\u00dfem Licht hast du immer gute Sicht, egal ob du nachts unterwegs bist oder bei schlechtem Wetter f\u00e4hrst. Dank des optimierten Lichtb\u00fcndels erh\u00e4ltst du genau dort, wo du es brauchst, eine optimale Ausleuchtung. Und das Beste daran? Dieser Scheinwerfer sieht genauso gut aus, wie er leistet.     <\/span><\/p>\n<p><span style=\"color: #000000;\">Dieser Swedstuff Scheinwerfer 9 Zoll ist mit Dual-Positionslicht in Wei\u00df und Orange ausgestattet. Ideal, um deinem LKW oder einem anderen Fahrzeug das gewisse Extra an Ausstrahlung zu verleihen. Auch das Logo leuchtet orange auf, was f\u00fcr einen einzigartigen, wiedererkennbaren Look sorgt. Dank des Aluminiumgeh\u00e4uses, der schlagfesten Linse und der IP67\/IP69K-Zertifizierung musst du dir keine Sorgen um Regen, Staub oder Steinschlag machen. 100 % LED und ausgestattet mit Edge Light-Technologie f\u00fcr ein modernes Finish. Das verz\u00f6gerungsfreie Lichtsignal erm\u00f6glicht zudem eine klare Signalfunktion. Eingeschaltet zeigt dieser Swedstuff Scheinwerfer DL 9 Zoll, was er kann, mit einem Lichtbild, das an Tageslicht erinnert.      <\/span><\/p>\n<h5><span style=\"color: #000000;\"><strong>Abmessungen:<\/strong><\/span><\/h5>\n<p><span style=\"color: #000000;\">Zweifelst du, ob der Swedstuff Scheinwerfer DL 9 Zoll gut zu deinem Fahrzeug passt? Dann ist es praktisch, die Abmessungen kurz zu \u00fcberpr\u00fcfen. Deshalb haben wir dir unten alle wichtigen Ma\u00dfe \u00fcbersichtlich aufgelistet:  <\/span><\/p>\n<ul>\n<li><span style=\"color: #000000;\">H\u00f6he: 228,7 (246,62 mm inkl. Halterung)<\/span><\/li>\n<li><span style=\"color: #000000;\">Durchmesser: 228,7 mm<\/span><\/li>\n<li><span style=\"color: #000000;\">Dicke: 97,47 mm<\/span><\/li>\n<\/ul>\n<h5><span style=\"color: #000000;\"><strong>Andere Versionen: <\/strong><\/span><\/h5>\n<p><span style=\"color: #000000;\">Doch lieber eine Nummer kleiner? Das Driving Light 9&#8243; ist auch in einer 7 Zoll Variante erh\u00e4ltlich: der Swedstuff DL 7&#8243; Scheinwerfer. Gleiches elegantes Design, aber mit noch mehr Lichtleistung.  <\/span><\/p>\n<ul>\n<li><a href=\"https:\/\/www.alldayled.com\/de\/produkt\/swedstuff-verstraler-dl-7-65w\/\"><span style=\"color: #000000;\"><strong>Swedstuff DL 7&#8220; Scheinwerfer<\/strong><\/span><\/a><\/li>\n<\/ul>\n<div class=\"truncated\">\n<p><span style=\"color: #000000;\">Bist du dir nach dem Lesen der Informationen noch nicht ganz sicher, ob der Swedstuff DL 9 Zoll Scheinwerfer zu deinem LKW passt? Vielleicht passen Format, Lichtbild oder Stil nicht ganz zu dem, was du suchst.  Kein Problem! Wirf doch mal einen Blick auf unser komplettes Angebot an <a style=\"color: #000000;\" href=\"https:\/\/www.alldayled.com\/de\/produkt-kategorie\/scheinwerfer\/\">Fernscheinwerfern<\/a>. Die Chancen stehen gut, dass dort das Modell dabei ist, das perfekt zu deinen W\u00fcnschen passt.<\/span><\/p>\n<\/div>\n","protected":false},"excerpt":{"rendered":"<p>Swedstuff Driving Light Scheinwerfer 9 Zoll mit wei\u00df und orange Standlicht, f\u00fcr 12 &amp; 24 Volt.<\/p>\n","protected":false},"featured_media":68835,"comment_status":"open","ping_status":"closed","template":"","meta":{"_acf_changed":false},"product_brand":[6601],"product_cat":[5384],"product_tag":[9164,9075,9079,9077,9078,9076,9074,9276],"class_list":{"0":"post-67134","1":"product","2":"type-product","3":"status-publish","4":"has-post-thumbnail","6":"product_brand-product-swedstuff","7":"product_cat-verstraler-rond","8":"product_tag-led-scheinwerfer","9":"product_tag-led-scheinwerfer-auto","10":"product_tag-led-scheinwerfer-lkw","11":"product_tag-led-scheinwerfer-tonabnehmer","12":"product_tag-led-scheinwerfer-traktor","13":"product_tag-led-scheinwerfer-wohnmobil","14":"product_tag-scheinwerfer-mit-stadtlicht","15":"product_tag-swedstuff-led-beleuchtung","17":"first","18":"instock","19":"taxable","20":"shipping-taxable","21":"purchasable","22":"product-type-simple"},"acf":[],"yoast_head":"<!-- This site is optimized with the Yoast SEO Premium plugin v26.5 (Yoast SEO v27.1.1) - https:\/\/yoast.com\/product\/yoast-seo-premium-wordpress\/ -->\n<title>Swedstuff Scheinwerfer DL 9 Zoll - Scheinwerfer - All Day Led - f\u00fcr 12 &amp; 24 Volt<\/title>\n<meta name=\"description\" content=\"Swedstuff Scheinwerfer DL 9 Zoll - geeignet f\u00fcr 12&amp;24V - 1 Lux @ 484 m - Scheinwerfer mit orange - wei\u00df Standlicht - DT-4 Anschluss - ECE R148 \/ R149\" \/>\n<meta name=\"robots\" content=\"index, follow, max-snippet:-1, max-image-preview:large, max-video-preview:-1\" \/>\n<link rel=\"canonical\" href=\"https:\/\/www.alldayled.com\/de\/produkt\/swedstuff-verstraler-dl-9-95w\/\" \/>\n<meta property=\"og:locale\" content=\"de_DE\" \/>\n<meta property=\"og:type\" content=\"article\" \/>\n<meta property=\"og:title\" content=\"Swedstuff Scheinwerfer DL 9 Zoll - Scheinwerfer - All Day Led - f\u00fcr 12 &amp; 24 Volt\" \/>\n<meta property=\"og:description\" content=\"Swedstuff Scheinwerfer DL 9 Zoll - geeignet f\u00fcr 12&amp;24V - 1 Lux @ 484 m - Scheinwerfer mit orange - wei\u00df Standlicht - DT-4 Anschluss - ECE R148 \/ R149\" \/>\n<meta property=\"og:url\" content=\"https:\/\/www.alldayled.com\/de\/produkt\/swedstuff-verstraler-dl-9-95w\/\" \/>\n<meta property=\"og:site_name\" content=\"All Day Led\" \/>\n<meta property=\"article:publisher\" content=\"https:\/\/www.facebook.com\/alldayled\/\" \/>\n<meta property=\"article:modified_time\" content=\"2026-01-07T19:34:29+00:00\" \/>\n<meta property=\"og:image\" content=\"https:\/\/www.alldayled.com\/wp-content\/uploads\/2025\/02\/ADL808302-SM-300x300.png\" \/>\n<meta name=\"twitter:label1\" content=\"Preis\" \/>\n\t<meta name=\"twitter:data1\" content=\"&euro;&nbsp;119,00\" \/>\n\t<meta name=\"twitter:label2\" content=\"Verf\u00fcgbarkeit\" \/>\n\t<meta name=\"twitter:data2\" content=\"Auf Lager\" \/>\n<script type=\"application\/ld+json\" class=\"yoast-schema-graph\">{\"@context\":\"https:\/\/schema.org\",\"@graph\":[{\"@type\":\"WebPage\",\"@id\":\"https:\/\/www.alldayled.com\/de\/produkt\/swedstuff-verstraler-dl-9-95w\/\",\"url\":\"https:\/\/www.alldayled.com\/de\/produkt\/swedstuff-verstraler-dl-9-95w\/\",\"name\":\"Swedstuff Scheinwerfer DL 9 Zoll - Scheinwerfer - All Day Led - f\u00fcr 12 & 24 Volt\",\"isPartOf\":{\"@id\":\"https:\/\/www.alldayled.com\/de\/#website\"},\"primaryImageOfPage\":{\"@id\":\"https:\/\/www.alldayled.com\/de\/produkt\/swedstuff-verstraler-dl-9-95w\/#primaryimage\"},\"image\":{\"@id\":\"https:\/\/www.alldayled.com\/de\/produkt\/swedstuff-verstraler-dl-9-95w\/#primaryimage\"},\"thumbnailUrl\":\"https:\/\/www.alldayled.com\/wp-content\/uploads\/2025\/02\/ADL808302-00.png\",\"datePublished\":\"2025-02-17T14:58:21+00:00\",\"dateModified\":\"2026-01-07T19:34:29+00:00\",\"description\":\"Swedstuff Scheinwerfer DL 9 Zoll - geeignet f\u00fcr 12&24V - 1 Lux @ 484 m - Scheinwerfer mit orange - wei\u00df Standlicht - DT-4 Anschluss - ECE R148 \/ R149\",\"breadcrumb\":{\"@id\":\"https:\/\/www.alldayled.com\/de\/produkt\/swedstuff-verstraler-dl-9-95w\/#breadcrumb\"},\"inLanguage\":\"de\",\"potentialAction\":[{\"@type\":\"ReadAction\",\"target\":[\"https:\/\/www.alldayled.com\/de\/produkt\/swedstuff-verstraler-dl-9-95w\/\"]}]},{\"@type\":\"ImageObject\",\"inLanguage\":\"de\",\"@id\":\"https:\/\/www.alldayled.com\/de\/produkt\/swedstuff-verstraler-dl-9-95w\/#primaryimage\",\"url\":\"https:\/\/www.alldayled.com\/wp-content\/uploads\/2025\/02\/ADL808302-00.png\",\"contentUrl\":\"https:\/\/www.alldayled.com\/wp-content\/uploads\/2025\/02\/ADL808302-00.png\",\"width\":800,\"height\":600,\"caption\":\"ADL808302\"},{\"@type\":\"BreadcrumbList\",\"@id\":\"https:\/\/www.alldayled.com\/de\/produkt\/swedstuff-verstraler-dl-9-95w\/#breadcrumb\",\"itemListElement\":[{\"@type\":\"ListItem\",\"position\":1,\"name\":\"Home\",\"item\":\"https:\/\/www.alldayled.com\/de\/\"},{\"@type\":\"ListItem\",\"position\":2,\"name\":\"Shop\",\"item\":\"https:\/\/www.alldayled.com\/de\/shop\/\"},{\"@type\":\"ListItem\",\"position\":3,\"name\":\"Scheinwerfer\",\"item\":\"https:\/\/www.alldayled.com\/de\/produkt-kategorie\/scheinwerfer\/\"},{\"@type\":\"ListItem\",\"position\":4,\"name\":\"Scheinwerfer rund\",\"item\":\"https:\/\/www.alldayled.com\/de\/produkt-kategorie\/scheinwerfer\/verstraler-rond\/\"},{\"@type\":\"ListItem\",\"position\":5,\"name\":\"Swedstuff Scheinwerfer DL 9&#8221; &#8211; 95W\"}]},{\"@type\":\"WebSite\",\"@id\":\"https:\/\/www.alldayled.com\/de\/#website\",\"url\":\"https:\/\/www.alldayled.com\/de\/\",\"name\":\"All Day Led\",\"description\":\"Verlichting voor 12&amp;24 volt gebruik\",\"publisher\":{\"@id\":\"https:\/\/www.alldayled.com\/de\/#organization\"},\"potentialAction\":[{\"@type\":\"SearchAction\",\"target\":{\"@type\":\"EntryPoint\",\"urlTemplate\":\"https:\/\/www.alldayled.com\/de\/?s={search_term_string}\"},\"query-input\":{\"@type\":\"PropertyValueSpecification\",\"valueRequired\":true,\"valueName\":\"search_term_string\"}}],\"inLanguage\":\"de\"},{\"@type\":\"Organization\",\"@id\":\"https:\/\/www.alldayled.com\/de\/#organization\",\"name\":\"All Day Led\",\"url\":\"https:\/\/www.alldayled.com\/de\/\",\"logo\":{\"@type\":\"ImageObject\",\"inLanguage\":\"de\",\"@id\":\"https:\/\/www.alldayled.com\/de\/#\/schema\/logo\/image\/\",\"url\":\"https:\/\/www.alldayled.com\/wp-content\/uploads\/2025\/10\/Logo-ALL-DAY-LED-800x800-zwart-witte-letters.png\",\"contentUrl\":\"https:\/\/www.alldayled.com\/wp-content\/uploads\/2025\/10\/Logo-ALL-DAY-LED-800x800-zwart-witte-letters.png\",\"width\":800,\"height\":800,\"caption\":\"All Day Led\"},\"image\":{\"@id\":\"https:\/\/www.alldayled.com\/de\/#\/schema\/logo\/image\/\"},\"sameAs\":[\"https:\/\/www.facebook.com\/alldayled\/\",\"https:\/\/www.instagram.com\/alldayled\/\"],\"vatID\":\"NL863960133B01\",\"taxID\":\"86416545\"}]}<\/script>\n<meta property=\"product:brand\" content=\"Swedstuff\" \/>\n<meta property=\"product:price:amount\" content=\"119.00\" \/>\n<meta property=\"product:price:currency\" content=\"EUR\" \/>\n<meta property=\"og:availability\" content=\"instock\" \/>\n<meta property=\"product:availability\" content=\"instock\" \/>\n<meta property=\"product:retailer_item_id\" content=\"ADL808302\" \/>\n<meta property=\"product:condition\" content=\"new\" \/>\n<!-- \/ Yoast SEO Premium plugin. -->","yoast_head_json":{"title":"Swedstuff Scheinwerfer DL 9 Zoll - Scheinwerfer - All Day Led - f\u00fcr 12 & 24 Volt","description":"Swedstuff Scheinwerfer DL 9 Zoll - geeignet f\u00fcr 12&24V - 1 Lux @ 484 m - Scheinwerfer mit orange - wei\u00df Standlicht - DT-4 Anschluss - ECE R148 \/ R149","robots":{"index":"index","follow":"follow","max-snippet":"max-snippet:-1","max-image-preview":"max-image-preview:large","max-video-preview":"max-video-preview:-1"},"canonical":"https:\/\/www.alldayled.com\/de\/produkt\/swedstuff-verstraler-dl-9-95w\/","og_locale":"de_DE","og_type":"article","og_title":"Swedstuff Scheinwerfer DL 9 Zoll - Scheinwerfer - All Day Led - f\u00fcr 12 & 24 Volt","og_description":"Swedstuff Scheinwerfer DL 9 Zoll - geeignet f\u00fcr 12&24V - 1 Lux @ 484 m - Scheinwerfer mit orange - wei\u00df Standlicht - DT-4 Anschluss - ECE R148 \/ R149","og_url":"https:\/\/www.alldayled.com\/de\/produkt\/swedstuff-verstraler-dl-9-95w\/","og_site_name":"All Day Led","article_publisher":"https:\/\/www.facebook.com\/alldayled\/","article_modified_time":"2026-01-07T19:34:29+00:00","og_image":[{"url":"https:\/\/www.alldayled.com\/wp-content\/uploads\/2025\/02\/ADL808302-SM-300x300.png","type":"","width":"","height":""}],"twitter_misc":{"Preis":"&euro;&nbsp;119,00","Verf\u00fcgbarkeit":"Auf Lager"},"schema":{"@context":"https:\/\/schema.org","@graph":[{"@type":"WebPage","@id":"https:\/\/www.alldayled.com\/de\/produkt\/swedstuff-verstraler-dl-9-95w\/","url":"https:\/\/www.alldayled.com\/de\/produkt\/swedstuff-verstraler-dl-9-95w\/","name":"Swedstuff Scheinwerfer DL 9 Zoll - Scheinwerfer - All Day Led - f\u00fcr 12 & 24 Volt","isPartOf":{"@id":"https:\/\/www.alldayled.com\/de\/#website"},"primaryImageOfPage":{"@id":"https:\/\/www.alldayled.com\/de\/produkt\/swedstuff-verstraler-dl-9-95w\/#primaryimage"},"image":{"@id":"https:\/\/www.alldayled.com\/de\/produkt\/swedstuff-verstraler-dl-9-95w\/#primaryimage"},"thumbnailUrl":"https:\/\/www.alldayled.com\/wp-content\/uploads\/2025\/02\/ADL808302-00.png","datePublished":"2025-02-17T14:58:21+00:00","dateModified":"2026-01-07T19:34:29+00:00","description":"Swedstuff Scheinwerfer DL 9 Zoll - geeignet f\u00fcr 12&24V - 1 Lux @ 484 m - Scheinwerfer mit orange - wei\u00df Standlicht - DT-4 Anschluss - ECE R148 \/ R149","breadcrumb":{"@id":"https:\/\/www.alldayled.com\/de\/produkt\/swedstuff-verstraler-dl-9-95w\/#breadcrumb"},"inLanguage":"de","potentialAction":[{"@type":"ReadAction","target":["https:\/\/www.alldayled.com\/de\/produkt\/swedstuff-verstraler-dl-9-95w\/"]}]},{"@type":"ImageObject","inLanguage":"de","@id":"https:\/\/www.alldayled.com\/de\/produkt\/swedstuff-verstraler-dl-9-95w\/#primaryimage","url":"https:\/\/www.alldayled.com\/wp-content\/uploads\/2025\/02\/ADL808302-00.png","contentUrl":"https:\/\/www.alldayled.com\/wp-content\/uploads\/2025\/02\/ADL808302-00.png","width":800,"height":600,"caption":"ADL808302"},{"@type":"BreadcrumbList","@id":"https:\/\/www.alldayled.com\/de\/produkt\/swedstuff-verstraler-dl-9-95w\/#breadcrumb","itemListElement":[{"@type":"ListItem","position":1,"name":"Home","item":"https:\/\/www.alldayled.com\/de\/"},{"@type":"ListItem","position":2,"name":"Shop","item":"https:\/\/www.alldayled.com\/de\/shop\/"},{"@type":"ListItem","position":3,"name":"Scheinwerfer","item":"https:\/\/www.alldayled.com\/de\/produkt-kategorie\/scheinwerfer\/"},{"@type":"ListItem","position":4,"name":"Scheinwerfer rund","item":"https:\/\/www.alldayled.com\/de\/produkt-kategorie\/scheinwerfer\/verstraler-rond\/"},{"@type":"ListItem","position":5,"name":"Swedstuff Scheinwerfer DL 9&#8221; &#8211; 95W"}]},{"@type":"WebSite","@id":"https:\/\/www.alldayled.com\/de\/#website","url":"https:\/\/www.alldayled.com\/de\/","name":"All Day Led","description":"Verlichting voor 12&amp;24 volt gebruik","publisher":{"@id":"https:\/\/www.alldayled.com\/de\/#organization"},"potentialAction":[{"@type":"SearchAction","target":{"@type":"EntryPoint","urlTemplate":"https:\/\/www.alldayled.com\/de\/?s={search_term_string}"},"query-input":{"@type":"PropertyValueSpecification","valueRequired":true,"valueName":"search_term_string"}}],"inLanguage":"de"},{"@type":"Organization","@id":"https:\/\/www.alldayled.com\/de\/#organization","name":"All Day Led","url":"https:\/\/www.alldayled.com\/de\/","logo":{"@type":"ImageObject","inLanguage":"de","@id":"https:\/\/www.alldayled.com\/de\/#\/schema\/logo\/image\/","url":"https:\/\/www.alldayled.com\/wp-content\/uploads\/2025\/10\/Logo-ALL-DAY-LED-800x800-zwart-witte-letters.png","contentUrl":"https:\/\/www.alldayled.com\/wp-content\/uploads\/2025\/10\/Logo-ALL-DAY-LED-800x800-zwart-witte-letters.png","width":800,"height":800,"caption":"All Day Led"},"image":{"@id":"https:\/\/www.alldayled.com\/de\/#\/schema\/logo\/image\/"},"sameAs":["https:\/\/www.facebook.com\/alldayled\/","https:\/\/www.instagram.com\/alldayled\/"],"vatID":"NL863960133B01","taxID":"86416545"}]},"product_brand":"Swedstuff","product_price_amount":"119.00","product_price_currency":"EUR","og_availability":"instock","product_availability":"instock","product_retailer_item_id":"ADL808302","product_condition":"new"},"_links":{"self":[{"href":"https:\/\/www.alldayled.com\/de\/wp-json\/wp\/v2\/product\/67134","targetHints":{"allow":["GET"]}}],"collection":[{"href":"https:\/\/www.alldayled.com\/de\/wp-json\/wp\/v2\/product"}],"about":[{"href":"https:\/\/www.alldayled.com\/de\/wp-json\/wp\/v2\/types\/product"}],"replies":[{"embeddable":true,"href":"https:\/\/www.alldayled.com\/de\/wp-json\/wp\/v2\/comments?post=67134"}],"wp:featuredmedia":[{"embeddable":true,"href":"https:\/\/www.alldayled.com\/de\/wp-json\/wp\/v2\/media\/68835"}],"wp:attachment":[{"href":"https:\/\/www.alldayled.com\/de\/wp-json\/wp\/v2\/media?parent=67134"}],"wp:term":[{"taxonomy":"product_brand","embeddable":true,"href":"https:\/\/www.alldayled.com\/de\/wp-json\/wp\/v2\/product_brand?post=67134"},{"taxonomy":"product_cat","embeddable":true,"href":"https:\/\/www.alldayled.com\/de\/wp-json\/wp\/v2\/product_cat?post=67134"},{"taxonomy":"product_tag","embeddable":true,"href":"https:\/\/www.alldayled.com\/de\/wp-json\/wp\/v2\/product_tag?post=67134"}],"curies":[{"name":"wp","href":"https:\/\/api.w.org\/{rel}","templated":true}]}}