{"id":67164,"date":"2021-08-27T10:16:04","date_gmt":"2021-08-27T08:16:04","guid":{"rendered":"https:\/\/www.alldayled.com\/product\/nedking-led-lichtplaat-scania-ng-r-s-highline-133-19\/"},"modified":"2021-08-27T10:16:04","modified_gmt":"2021-08-27T08:16:04","slug":"nedking-led-lichtplaat-scania-ng-r-s-highline-133-19","status":"publish","type":"product","link":"https:\/\/www.alldayled.com\/de\/produkt\/nedking-led-lichtplaat-scania-ng-r-s-highline-133-19\/","title":{"rendered":"Nedking Sign Scania NG R\/S Highline (133 x 19 cm)"},"content":{"rendered":"<p><span style=\"color: #000000;\"><strong style=\"font-size: 16px;\">Nedking LED Sign f\u00fcr Scania Next Gen, geeignet f\u00fcr die R+S Serie Highline. <\/strong><\/span><\/p>\n<p><span style=\"color: #000000;\">Sind Sie auf der Suche nach einer M\u00f6glichkeit, Ihren Firmennamen oder Ihre Werbung auf Ihrem Scania Next Gen optimal sichtbar zu machen? Dann ist die Nedking LED Sign vielleicht genau das, was Sie brauchen. Mit dieser LED-Platte k\u00f6nnen Sie sicher sein, dass Ihr Firmenname oder Ihre Werbung sowohl tags\u00fcber als auch nachts gut sichtbar ist. Die LED Sign ist mit lichtdurchl\u00e4ssigem Milchglas ausgestattet, sodass Sie sie einfach mit beispielsweise Ihrem Firmennamen oder Logo personalisieren k\u00f6nnen. Die Platte wurde speziell f\u00fcr den Scania Next Gen Highline entwickelt und passt sowohl auf die R- als auch auf die S-Serie-Kabinen. Die Abmessungen sind 133 cm breit und 19 cm hoch, sodass sie perfekt auf Ihren LKW passt.     <\/span><\/p>\n<p><span style=\"color: #000000;\">Dank des hochwertigen Materials des Nedking LED Sign k\u00f6nnen Sie sicher sein, dass es lange h\u00e4lt. Dar\u00fcber hinaus wird das Sign inklusive Montagekit und Klemmen geliefert, mit denen Sie das Schild fest an der Vorderseite Ihres Scania montieren. So bleibt alles immer ordentlich an seinem Platz.  <\/span><\/p>\n<p><span style=\"color: #000000;\"><em>*Abbildung 4 dient als Beispiel, dies ist nicht die richtige Abmessung.<\/em><\/span><\/p>\n<h5><span style=\"color: #000000;\"><strong>Abmessungen:<\/strong><\/span><\/h5>\n<p><span style=\"color: #000000;\">Um sicherzustellen, dass Sie das Nedking LED Sign perfekt an der Vorderseite Ihres Scania Next Gen montieren k\u00f6nnen, haben wir die Abmessungen unten f\u00fcr Sie aufgelistet. So sehen Sie auf einen Blick, ob dieses flache LED Sign von Nedking f\u00fcr Ihren LKW geeignet ist. <\/span><\/p>\n<ul>\n<li><span style=\"color: #000000;\">L\u00e4nge: 133 cm<\/span><\/li>\n<li><span style=\"color: #000000;\">H\u00f6he: 19 cm<\/span><\/li>\n<li><span style=\"color: #000000;\">Dicke: 1,5 cm<\/span><\/li>\n<\/ul>\n<h5><span style=\"color: #000000;\"><strong>Andere Versionen: <\/strong><\/span><\/h5>\n<p><span style=\"color: #000000;\">M\u00f6chten Sie eine LED Sign von Nedking, aber die Breite von 133 cm ist nicht das, was Sie suchen? Kein Problem! Das Nedking LED Sign ist auch in verschiedenen anderen Ausf\u00fchrungen erh\u00e4ltlich. So finden Sie immer ein Modell, das perfekt zu Ihrem Truck und Ihren W\u00fcnschen passt. <\/span><\/p>\n<ul>\n<li><span style=\"color: #000000;\"><a style=\"color: #000000;\" href=\"https:\/\/www.alldayled.com\/de\/produkt\/nedking-led-lichtplaat-scania-ng-r-s-highline-116-x-23-cm\/\"><strong>116 x 23 cm &#8211; R\/S Highline <\/strong><\/a><\/span><\/li>\n<li><span style=\"color: #000000;\"><a style=\"color: #000000;\" href=\"https:\/\/www.alldayled.com\/de\/produkt\/nedking-led-lichtplaat-scania-ng-r-s-highline-119-26\/\"><strong>119 x 26 cm &#8211; R\/S Highline <\/strong><\/a><\/span><\/li>\n<li><span style=\"color: #000000;\"><a style=\"color: #000000;\" href=\"https:\/\/www.alldayled.com\/de\/produkt\/nedking-led-lichtplaat-scania-ng-r-s-highline-135-21\/\"><strong>135 x 21 cm &#8211; R\/S Highline <\/strong><\/a><\/span><\/li>\n<li><span style=\"color: #000000;\"><a style=\"color: #000000;\" href=\"https:\/\/www.alldayled.com\/de\/produkt\/nedking-led-lichtplaat-scania-ng-r-s-highline-138-23\/\"><strong>138 x 23 cm &#8211; R\/S Highline <\/strong><\/a><\/span><\/li>\n<li><span style=\"color: #000000;\"><a style=\"color: #000000;\" href=\"https:\/\/www.alldayled.com\/de\/produkt\/nedking-led-lichtplaat-xl-scania-r-s-next-gen\/\"><strong>180 x 27 cm &#8211; R\/S Highline ohne Fernscheinwerfer <\/strong><\/a><\/span><\/li>\n<\/ul>\n<p><span style=\"color: #000000;\">Sind Sie immer noch nicht davon \u00fcberzeugt, dass dieses LED-Schild geeignet ist? Vielleicht stimmen die Farbe oder die Form nicht ganz. Dann werfen Sie unbedingt einen Blick auf unsere Seite <a style=\"color: #000000;\" href=\"https:\/\/www.alldayled.com\/de\/produkt-kategorie\/led-leuchtreklame\/\">Lichtreklame<\/a>. Die Wahrscheinlichkeit ist gro\u00df, dass Sie dort das Modell finden, das zu Ihrem LKW passt.   <\/span><\/p>\n","protected":false},"excerpt":{"rendered":"<p>Nedking LED Sign f\u00fcr Scania Next Gen, geeignet f\u00fcr die R+S Serie Highline. Sind Sie auf der Suche nach einer M\u00f6glichkeit, Ihren Firmennamen oder Ihre Werbung auf Ihrem Scania Next Gen optimal sichtbar zu machen? Dann ist die Nedking LED Sign vielleicht genau das, was Sie brauchen. Mit dieser LED-Platte k\u00f6nnen Sie sicher sein, dass [&hellip;]<\/p>\n","protected":false},"featured_media":19863,"comment_status":"open","ping_status":"closed","template":"","meta":{"_acf_changed":false},"product_brand":[6505],"product_cat":[5320,5409],"product_tag":[9184,9470,9471],"class_list":{"0":"post-67164","1":"product","2":"type-product","3":"status-publish","4":"has-post-thumbnail","6":"product_brand-product-nedking","7":"product_cat-nedking-lichtreclame","8":"product_cat-scania-verlichting","9":"product_tag-nedking-beleuchtung","10":"product_tag-nedking-leuchtkasten","11":"product_tag-nedking-schild","13":"first","14":"instock","15":"taxable","16":"shipping-taxable","17":"purchasable","18":"product-type-variable"},"acf":[],"yoast_head":"<!-- This site is optimized with the Yoast SEO Premium plugin v26.5 (Yoast SEO v27.1.1) - https:\/\/yoast.com\/product\/yoast-seo-premium-wordpress\/ -->\n<title>Scania Sign LED Nedking - 133 x 19 cm - All Day Led 24 Volt<\/title>\n<meta name=\"description\" content=\"Scania Sign LED Nedking - Next Gen R+S Highline - Nedking Front sign - 133 cm breit - wei\u00dfe oder orangefarbene LED&#039;s - Kostenloser Versand\" \/>\n<meta name=\"robots\" content=\"index, follow, max-snippet:-1, max-image-preview:large, max-video-preview:-1\" \/>\n<link rel=\"canonical\" href=\"https:\/\/www.alldayled.com\/de\/produkt\/nedking-led-lichtplaat-scania-ng-r-s-highline-133-19\/\" \/>\n<meta property=\"og:locale\" content=\"de_DE\" \/>\n<meta property=\"og:type\" content=\"article\" \/>\n<meta property=\"og:title\" content=\"Scania Sign LED Nedking - 133 x 19 cm - All Day Led 24 Volt\" \/>\n<meta property=\"og:description\" content=\"Scania Sign LED Nedking - Next Gen R+S Highline - Nedking Front sign - 133 cm breit - wei\u00dfe oder orangefarbene LED&#039;s - Kostenloser Versand\" \/>\n<meta property=\"og:url\" content=\"https:\/\/www.alldayled.com\/de\/produkt\/nedking-led-lichtplaat-scania-ng-r-s-highline-133-19\/\" \/>\n<meta property=\"og:site_name\" content=\"All Day Led\" \/>\n<meta property=\"article:publisher\" content=\"https:\/\/www.facebook.com\/alldayled\/\" \/>\n<meta property=\"og:image\" content=\"https:\/\/www.alldayled.com\/wp-content\/uploads\/2021\/08\/ADL03844.-NED.png\" \/>\n<meta name=\"twitter:label1\" content=\"Verf\u00fcgbarkeit\" \/>\n\t<meta name=\"twitter:data1\" content=\"Auf Lager\" \/>\n<script type=\"application\/ld+json\" class=\"yoast-schema-graph\">{\"@context\":\"https:\/\/schema.org\",\"@graph\":[{\"@type\":\"WebPage\",\"@id\":\"https:\/\/www.alldayled.com\/de\/produkt\/nedking-led-lichtplaat-scania-ng-r-s-highline-133-19\/\",\"url\":\"https:\/\/www.alldayled.com\/de\/produkt\/nedking-led-lichtplaat-scania-ng-r-s-highline-133-19\/\",\"name\":\"Scania Sign LED Nedking - 133 x 19 cm - All Day Led 24 Volt\",\"isPartOf\":{\"@id\":\"https:\/\/www.alldayled.com\/de\/#website\"},\"primaryImageOfPage\":{\"@id\":\"https:\/\/www.alldayled.com\/de\/produkt\/nedking-led-lichtplaat-scania-ng-r-s-highline-133-19\/#primaryimage\"},\"image\":{\"@id\":\"https:\/\/www.alldayled.com\/de\/produkt\/nedking-led-lichtplaat-scania-ng-r-s-highline-133-19\/#primaryimage\"},\"thumbnailUrl\":\"https:\/\/www.alldayled.com\/wp-content\/uploads\/2021\/08\/ADL03844.-NED.png\",\"datePublished\":\"2021-08-27T08:16:04+00:00\",\"description\":\"Scania Sign LED Nedking - Next Gen R+S Highline - Nedking Front sign - 133 cm breit - wei\u00dfe oder orangefarbene LED's - Kostenloser Versand\",\"breadcrumb\":{\"@id\":\"https:\/\/www.alldayled.com\/de\/produkt\/nedking-led-lichtplaat-scania-ng-r-s-highline-133-19\/#breadcrumb\"},\"inLanguage\":\"de\",\"potentialAction\":[{\"@type\":\"ReadAction\",\"target\":[\"https:\/\/www.alldayled.com\/de\/produkt\/nedking-led-lichtplaat-scania-ng-r-s-highline-133-19\/\"]}]},{\"@type\":\"ImageObject\",\"inLanguage\":\"de\",\"@id\":\"https:\/\/www.alldayled.com\/de\/produkt\/nedking-led-lichtplaat-scania-ng-r-s-highline-133-19\/#primaryimage\",\"url\":\"https:\/\/www.alldayled.com\/wp-content\/uploads\/2021\/08\/ADL03844.-NED.png\",\"contentUrl\":\"https:\/\/www.alldayled.com\/wp-content\/uploads\/2021\/08\/ADL03844.-NED.png\",\"width\":800,\"height\":600,\"caption\":\"Nedking LED Sign Scania Next Gen - Geeignet f\u00fcr Scania Next Gen R - S Highline 133*19 cm - 24 Volt only\"},{\"@type\":\"BreadcrumbList\",\"@id\":\"https:\/\/www.alldayled.com\/de\/produkt\/nedking-led-lichtplaat-scania-ng-r-s-highline-133-19\/#breadcrumb\",\"itemListElement\":[{\"@type\":\"ListItem\",\"position\":1,\"name\":\"Home\",\"item\":\"https:\/\/www.alldayled.com\/de\/\"},{\"@type\":\"ListItem\",\"position\":2,\"name\":\"Shop\",\"item\":\"https:\/\/www.alldayled.com\/de\/shop\/\"},{\"@type\":\"ListItem\",\"position\":3,\"name\":\"Leuchtkasten\",\"item\":\"https:\/\/www.alldayled.com\/de\/produkt-kategorie\/led-leuchtreklame\/\"},{\"@type\":\"ListItem\",\"position\":4,\"name\":\"Nedking Leuchtkasten\",\"item\":\"https:\/\/www.alldayled.com\/de\/produkt-kategorie\/led-leuchtreklame\/nedking-lichtreclame\/\"},{\"@type\":\"ListItem\",\"position\":5,\"name\":\"Nedking Sign Scania NG R\/S Highline (133 x 19 cm)\"}]},{\"@type\":\"WebSite\",\"@id\":\"https:\/\/www.alldayled.com\/de\/#website\",\"url\":\"https:\/\/www.alldayled.com\/de\/\",\"name\":\"All Day Led\",\"description\":\"Verlichting voor 12&amp;24 volt gebruik\",\"publisher\":{\"@id\":\"https:\/\/www.alldayled.com\/de\/#organization\"},\"potentialAction\":[{\"@type\":\"SearchAction\",\"target\":{\"@type\":\"EntryPoint\",\"urlTemplate\":\"https:\/\/www.alldayled.com\/de\/?s={search_term_string}\"},\"query-input\":{\"@type\":\"PropertyValueSpecification\",\"valueRequired\":true,\"valueName\":\"search_term_string\"}}],\"inLanguage\":\"de\"},{\"@type\":\"Organization\",\"@id\":\"https:\/\/www.alldayled.com\/de\/#organization\",\"name\":\"All Day Led\",\"url\":\"https:\/\/www.alldayled.com\/de\/\",\"logo\":{\"@type\":\"ImageObject\",\"inLanguage\":\"de\",\"@id\":\"https:\/\/www.alldayled.com\/de\/#\/schema\/logo\/image\/\",\"url\":\"https:\/\/www.alldayled.com\/wp-content\/uploads\/2025\/10\/Logo-ALL-DAY-LED-800x800-zwart-witte-letters.png\",\"contentUrl\":\"https:\/\/www.alldayled.com\/wp-content\/uploads\/2025\/10\/Logo-ALL-DAY-LED-800x800-zwart-witte-letters.png\",\"width\":800,\"height\":800,\"caption\":\"All Day Led\"},\"image\":{\"@id\":\"https:\/\/www.alldayled.com\/de\/#\/schema\/logo\/image\/\"},\"sameAs\":[\"https:\/\/www.facebook.com\/alldayled\/\",\"https:\/\/www.instagram.com\/alldayled\/\"],\"vatID\":\"NL863960133B01\",\"taxID\":\"86416545\"}]}<\/script>\n<meta property=\"product:brand\" content=\"Nedking\" \/>\n<meta property=\"og:availability\" content=\"instock\" \/>\n<meta property=\"product:availability\" content=\"instock\" \/>\n<meta property=\"product:retailer_item_id\" content=\"ADL03844-NED\" \/>\n<meta property=\"product:condition\" content=\"new\" \/>\n<!-- \/ Yoast SEO Premium plugin. -->","yoast_head_json":{"title":"Scania Sign LED Nedking - 133 x 19 cm - All Day Led 24 Volt","description":"Scania Sign LED Nedking - Next Gen R+S Highline - Nedking Front sign - 133 cm breit - wei\u00dfe oder orangefarbene LED's - Kostenloser Versand","robots":{"index":"index","follow":"follow","max-snippet":"max-snippet:-1","max-image-preview":"max-image-preview:large","max-video-preview":"max-video-preview:-1"},"canonical":"https:\/\/www.alldayled.com\/de\/produkt\/nedking-led-lichtplaat-scania-ng-r-s-highline-133-19\/","og_locale":"de_DE","og_type":"article","og_title":"Scania Sign LED Nedking - 133 x 19 cm - All Day Led 24 Volt","og_description":"Scania Sign LED Nedking - Next Gen R+S Highline - Nedking Front sign - 133 cm breit - wei\u00dfe oder orangefarbene LED's - Kostenloser Versand","og_url":"https:\/\/www.alldayled.com\/de\/produkt\/nedking-led-lichtplaat-scania-ng-r-s-highline-133-19\/","og_site_name":"All Day Led","article_publisher":"https:\/\/www.facebook.com\/alldayled\/","og_image":[{"url":"https:\/\/www.alldayled.com\/wp-content\/uploads\/2021\/08\/ADL03844.-NED.png","type":"","width":"","height":""}],"twitter_misc":{"Verf\u00fcgbarkeit":"Auf Lager"},"schema":{"@context":"https:\/\/schema.org","@graph":[{"@type":"WebPage","@id":"https:\/\/www.alldayled.com\/de\/produkt\/nedking-led-lichtplaat-scania-ng-r-s-highline-133-19\/","url":"https:\/\/www.alldayled.com\/de\/produkt\/nedking-led-lichtplaat-scania-ng-r-s-highline-133-19\/","name":"Scania Sign LED Nedking - 133 x 19 cm - All Day Led 24 Volt","isPartOf":{"@id":"https:\/\/www.alldayled.com\/de\/#website"},"primaryImageOfPage":{"@id":"https:\/\/www.alldayled.com\/de\/produkt\/nedking-led-lichtplaat-scania-ng-r-s-highline-133-19\/#primaryimage"},"image":{"@id":"https:\/\/www.alldayled.com\/de\/produkt\/nedking-led-lichtplaat-scania-ng-r-s-highline-133-19\/#primaryimage"},"thumbnailUrl":"https:\/\/www.alldayled.com\/wp-content\/uploads\/2021\/08\/ADL03844.-NED.png","datePublished":"2021-08-27T08:16:04+00:00","description":"Scania Sign LED Nedking - Next Gen R+S Highline - Nedking Front sign - 133 cm breit - wei\u00dfe oder orangefarbene LED's - Kostenloser Versand","breadcrumb":{"@id":"https:\/\/www.alldayled.com\/de\/produkt\/nedking-led-lichtplaat-scania-ng-r-s-highline-133-19\/#breadcrumb"},"inLanguage":"de","potentialAction":[{"@type":"ReadAction","target":["https:\/\/www.alldayled.com\/de\/produkt\/nedking-led-lichtplaat-scania-ng-r-s-highline-133-19\/"]}]},{"@type":"ImageObject","inLanguage":"de","@id":"https:\/\/www.alldayled.com\/de\/produkt\/nedking-led-lichtplaat-scania-ng-r-s-highline-133-19\/#primaryimage","url":"https:\/\/www.alldayled.com\/wp-content\/uploads\/2021\/08\/ADL03844.-NED.png","contentUrl":"https:\/\/www.alldayled.com\/wp-content\/uploads\/2021\/08\/ADL03844.-NED.png","width":800,"height":600,"caption":"Nedking LED Sign Scania Next Gen - Geeignet f\u00fcr Scania Next Gen R - S Highline 133*19 cm - 24 Volt only"},{"@type":"BreadcrumbList","@id":"https:\/\/www.alldayled.com\/de\/produkt\/nedking-led-lichtplaat-scania-ng-r-s-highline-133-19\/#breadcrumb","itemListElement":[{"@type":"ListItem","position":1,"name":"Home","item":"https:\/\/www.alldayled.com\/de\/"},{"@type":"ListItem","position":2,"name":"Shop","item":"https:\/\/www.alldayled.com\/de\/shop\/"},{"@type":"ListItem","position":3,"name":"Leuchtkasten","item":"https:\/\/www.alldayled.com\/de\/produkt-kategorie\/led-leuchtreklame\/"},{"@type":"ListItem","position":4,"name":"Nedking Leuchtkasten","item":"https:\/\/www.alldayled.com\/de\/produkt-kategorie\/led-leuchtreklame\/nedking-lichtreclame\/"},{"@type":"ListItem","position":5,"name":"Nedking Sign Scania NG R\/S Highline (133 x 19 cm)"}]},{"@type":"WebSite","@id":"https:\/\/www.alldayled.com\/de\/#website","url":"https:\/\/www.alldayled.com\/de\/","name":"All Day Led","description":"Verlichting voor 12&amp;24 volt gebruik","publisher":{"@id":"https:\/\/www.alldayled.com\/de\/#organization"},"potentialAction":[{"@type":"SearchAction","target":{"@type":"EntryPoint","urlTemplate":"https:\/\/www.alldayled.com\/de\/?s={search_term_string}"},"query-input":{"@type":"PropertyValueSpecification","valueRequired":true,"valueName":"search_term_string"}}],"inLanguage":"de"},{"@type":"Organization","@id":"https:\/\/www.alldayled.com\/de\/#organization","name":"All Day Led","url":"https:\/\/www.alldayled.com\/de\/","logo":{"@type":"ImageObject","inLanguage":"de","@id":"https:\/\/www.alldayled.com\/de\/#\/schema\/logo\/image\/","url":"https:\/\/www.alldayled.com\/wp-content\/uploads\/2025\/10\/Logo-ALL-DAY-LED-800x800-zwart-witte-letters.png","contentUrl":"https:\/\/www.alldayled.com\/wp-content\/uploads\/2025\/10\/Logo-ALL-DAY-LED-800x800-zwart-witte-letters.png","width":800,"height":800,"caption":"All Day Led"},"image":{"@id":"https:\/\/www.alldayled.com\/de\/#\/schema\/logo\/image\/"},"sameAs":["https:\/\/www.facebook.com\/alldayled\/","https:\/\/www.instagram.com\/alldayled\/"],"vatID":"NL863960133B01","taxID":"86416545"}]},"product_brand":"Nedking","og_availability":"instock","product_availability":"instock","product_retailer_item_id":"ADL03844-NED","product_condition":"new"},"_links":{"self":[{"href":"https:\/\/www.alldayled.com\/de\/wp-json\/wp\/v2\/product\/67164","targetHints":{"allow":["GET"]}}],"collection":[{"href":"https:\/\/www.alldayled.com\/de\/wp-json\/wp\/v2\/product"}],"about":[{"href":"https:\/\/www.alldayled.com\/de\/wp-json\/wp\/v2\/types\/product"}],"replies":[{"embeddable":true,"href":"https:\/\/www.alldayled.com\/de\/wp-json\/wp\/v2\/comments?post=67164"}],"wp:featuredmedia":[{"embeddable":true,"href":"https:\/\/www.alldayled.com\/de\/wp-json\/wp\/v2\/media\/19863"}],"wp:attachment":[{"href":"https:\/\/www.alldayled.com\/de\/wp-json\/wp\/v2\/media?parent=67164"}],"wp:term":[{"taxonomy":"product_brand","embeddable":true,"href":"https:\/\/www.alldayled.com\/de\/wp-json\/wp\/v2\/product_brand?post=67164"},{"taxonomy":"product_cat","embeddable":true,"href":"https:\/\/www.alldayled.com\/de\/wp-json\/wp\/v2\/product_cat?post=67164"},{"taxonomy":"product_tag","embeddable":true,"href":"https:\/\/www.alldayled.com\/de\/wp-json\/wp\/v2\/product_tag?post=67164"}],"curies":[{"name":"wp","href":"https:\/\/api.w.org\/{rel}","templated":true}]}}