{"id":67176,"date":"2024-01-25T15:52:35","date_gmt":"2024-01-25T14:52:35","guid":{"rendered":"https:\/\/www.alldayled.com\/product\/gylle-afdichtkap-zwart\/"},"modified":"2026-03-23T12:54:10","modified_gmt":"2026-03-23T11:54:10","slug":"gylle-afdichtkap-zwart","status":"publish","type":"product","link":"https:\/\/www.alldayled.com\/de\/produkt\/gylle-afdichtkap-zwart\/","title":{"rendered":"Gylle Abdeckung"},"content":{"rendered":"<p><span style=\"color: #000000;\"><strong>Gylle Abdeckung schwarz f\u00fcr Montagefu\u00df.<\/strong><\/span><\/p>\n<p><span style=\"color: #000000;\">M\u00f6chtest du selbst eine d\u00e4nische Begrenzungsleuchte zusammenstellen? Aber wei\u00dft du nicht, wo du anfangen sollst? Vielleicht ist die Gylle Abdeckung schwarz genau der Artikel, den du suchst. Mit der Abdeckung kannst du deine d\u00e4nische Begrenzungsleuchte einfach und schnell selbst abdichten. Die Kunststoffabdeckung kannst du in die Gummi-Montagef\u00fc\u00dfe von Gylle, Strands und WA\u015a einsetzen. Die Abdeckkappe ist ma\u00dfgefertigt und passt daher nicht in andere Teile.      <\/span><\/p>\n<h5><span style=\"color: #000000;\"><strong>Abmessungen:<\/strong><\/span><\/h5>\n<p><span style=\"color: #000000;\">Damit du sicher sein kannst, dass die Kunststoffabdeckung passt, haben wir unten die Abmessungen des Teils aufgef\u00fchrt. Die Abmessungen der Gylle Abdeckung schwarz sind wie folgt:  <\/span><\/p>\n<ul>\n<li><span style=\"color: #000000;\">Durchmesser: 71 mm (inkl. Rand)<\/span><\/li>\n<li><span style=\"color: #000000;\">H\u00f6he: 17 mm (inkl. Rand)<\/span><\/li>\n<\/ul>\n<h5><span style=\"color: #000000;\"><strong>Selbst zusammenstellen:  <\/strong><\/span><\/h5>\n<p><span style=\"color: #000000;\">Um selbst Ihre d\u00e4nische Breitenleuchte der Marke Gylle zusammenzustellen, haben Sie zwei M\u00f6glichkeiten. Nachfolgend finden Sie beide Optionen, komplett mit einem Link zur entsprechenden Seite. Klicken Sie auf Option 1 oder Option 2 und Sie sehen direkt alle Artikel \u00fcbersichtlich auf einer Seite.  <\/span><\/p>\n<ul>\n<li><span style=\"color: #000000;\"><a style=\"color: #000000;\" href=\"https:\/\/www.alldayled.com\/de\/produkt-schlagwort\/gylle-halogen-umrissleuchte\/\"><strong>Option 1<\/strong><\/a><strong>:<\/strong> Stellen Sie die Lampe selbst zusammen, sodass Sie eine Halogen- oder LED-Birne einsetzen k\u00f6nnen.<br \/>\n<\/span><\/li>\n<li><span style=\"color: #000000;\"><a style=\"color: #000000;\" href=\"https:\/\/www.alldayled.com\/de\/produkt-schlagwort\/gylle-led-umrissleuchte\/\"><strong>Option 2<\/strong><\/a><strong>:<\/strong> Stelle die Lampe selbst zusammen, damit du eine LED-Einheit einsetzen kannst.<\/span><\/li>\n<\/ul>\n<h5><span style=\"color: #000000;\"><strong>Weitere Teile: <\/strong><\/span><\/h5>\n<p><span style=\"color: #000000;\">M\u00f6chtest du selbst eine d\u00e4nische Begrenzungsleuchte der Marke Gylle zusammenstellen? Aber ist die Gylle Abdeckung schwarz nicht das Teil, wonach du suchst? Wisse, dass die schwedische Marke Gylle auch noch verschiedene andere Teile anbietet, um eine Begrenzungsleuchte zusammenzustellen. Sieh dir unten einige dieser Teile an:   <\/span><\/p>\n<ul>\n<li><span style=\"color: #000000;\"><a style=\"color: #000000;\" href=\"https:\/\/www.alldayled.com\/de\/produkt\/gylle-montagevoet-110mm\/\" target=\"_blank\" rel=\"noopener\"><strong>Gummiarm 110mm &#8211; gerade<\/strong><\/a><\/span><\/li>\n<li><span style=\"color: #000000;\"><a style=\"color: #000000;\" href=\"https:\/\/www.alldayled.com\/de\/produkt\/gylle-montagevoet-165mm\/\" target=\"_blank\" rel=\"noopener\"><strong>Gummiarm 165mm &#8211; gerade <\/strong><\/a><\/span><\/li>\n<li><span style=\"color: #000000;\"><a style=\"color: #000000;\" href=\"https:\/\/www.alldayled.com\/de\/produkt\/gylle-montagevoet-165mm-haaks\/\" target=\"_blank\" rel=\"noopener\"><strong>Gummiarm 165mm &#8211; Winkel<\/strong><\/a><\/span><\/li>\n<li><span style=\"color: #000000;\"><a style=\"color: #000000;\" href=\"https:\/\/www.alldayled.com\/de\/produkt\/gylle-montagevoet-195mm-haaks\/\" target=\"_blank\" rel=\"noopener\"><strong>Gummiarm 195mm &#8211; Winkel <\/strong><\/a><\/span><\/li>\n<li><span style=\"color: #000000;\"><a style=\"color: #000000;\" href=\"https:\/\/www.alldayled.com\/de\/produkt\/gylle-montagevoet-y-model\/\" target=\"_blank\" rel=\"noopener\"><strong>Gummiarm Y-Modell<\/strong><\/a><\/span><\/li>\n<li><span style=\"color: #000000;\"><a style=\"color: #000000;\" href=\"https:\/\/www.alldayled.com\/de\/produkt\/gylle-lampfitting-dubbel\/\" target=\"_blank\" rel=\"noopener\"><strong>Doppellampenfassung <\/strong><\/a><\/span><\/li>\n<\/ul>\n<p><span style=\"color: #000000;\">Bist du doch nicht \u00fcberzeugt, dass die Gylle Abdeckung schwarz aus Kunststoff nicht das ist, wonach du suchst? Einfach weil die Farbe oder Form nicht deinen W\u00fcnschen entspricht? Dann sieh dir hier das komplette Angebot von <a style=\"color: #000000;\" href=\"https:\/\/www.alldayled.com\/de\/marke\/product-gylle-mec\/\">Gylle<\/a> an.  <\/span><\/p>\n","protected":false},"excerpt":{"rendered":"<p>Blindplatte f\u00fcr Gylle Begrenzungsleuchte, wenn du nur auf einer Seite Beleuchtung anbringen m\u00f6chtest!<\/p>\n","protected":false},"featured_media":27141,"comment_status":"open","ping_status":"closed","template":"","meta":{"_acf_changed":false},"product_brand":[5161],"product_cat":[5162],"product_tag":[9250,5168,9260,9261,9259,9490],"class_list":{"0":"post-67176","1":"product","2":"type-product","3":"status-publish","4":"has-post-thumbnail","6":"product_brand-product-gylle-mec","7":"product_cat-breedtelampen","8":"product_tag-danische-breitenlampe","9":"product_tag-danischer-poller","10":"product_tag-gylle-beleuchtung","11":"product_tag-gylle-halogen-umrissleuchte","12":"product_tag-gylle-led-umrissleuchte","13":"product_tag-gylle-mec","15":"first","16":"instock","17":"taxable","18":"shipping-taxable","19":"purchasable","20":"product-type-simple"},"acf":[],"yoast_head":"<!-- This site is optimized with the Yoast SEO Premium plugin v26.5 (Yoast SEO v27.1.1) - https:\/\/yoast.com\/product\/yoast-seo-premium-wordpress\/ -->\n<title>Gylle Abdeckung schwarz - All Day Led - f\u00fcr die d\u00e4nische Begrenzungsleuchte<\/title>\n<meta name=\"description\" content=\"Gylle Abdeckung schwarz - f\u00fcr d\u00e4nische Begrenzungsleuchte - einfache Montage - zum Einsetzen in Gummi-Begrenzungsleuchte - mache deine Lampe staub- und wasserdicht\" \/>\n<meta name=\"robots\" content=\"index, follow, max-snippet:-1, max-image-preview:large, max-video-preview:-1\" \/>\n<link rel=\"canonical\" href=\"https:\/\/www.alldayled.com\/de\/produkt\/gylle-afdichtkap-zwart\/\" \/>\n<meta property=\"og:locale\" content=\"de_DE\" \/>\n<meta property=\"og:type\" content=\"article\" \/>\n<meta property=\"og:title\" content=\"Gylle Abdeckung schwarz - All Day Led - f\u00fcr die d\u00e4nische Begrenzungsleuchte\" \/>\n<meta property=\"og:description\" content=\"Gylle Abdeckung schwarz - f\u00fcr d\u00e4nische Begrenzungsleuchte - einfache Montage - zum Einsetzen in Gummi-Begrenzungsleuchte - mache deine Lampe staub- und wasserdicht\" \/>\n<meta property=\"og:url\" content=\"https:\/\/www.alldayled.com\/de\/produkt\/gylle-afdichtkap-zwart\/\" \/>\n<meta property=\"og:site_name\" content=\"All Day Led\" \/>\n<meta property=\"article:publisher\" content=\"https:\/\/www.facebook.com\/alldayled\/\" \/>\n<meta property=\"article:modified_time\" content=\"2026-03-23T11:54:10+00:00\" \/>\n<meta property=\"og:image\" content=\"https:\/\/www.alldayled.com\/wp-content\/uploads\/2024\/01\/ADL35200.png\" \/>\n\t<meta property=\"og:image:width\" content=\"800\" \/>\n\t<meta property=\"og:image:height\" content=\"600\" \/>\n\t<meta property=\"og:image:type\" content=\"image\/png\" \/>\n<meta name=\"twitter:label1\" content=\"Preis\" \/>\n\t<meta name=\"twitter:data1\" content=\"&euro;&nbsp;1,95\" \/>\n\t<meta name=\"twitter:label2\" content=\"Verf\u00fcgbarkeit\" \/>\n\t<meta name=\"twitter:data2\" content=\"Auf Lager\" \/>\n<script type=\"application\/ld+json\" class=\"yoast-schema-graph\">{\"@context\":\"https:\/\/schema.org\",\"@graph\":[{\"@type\":\"WebPage\",\"@id\":\"https:\/\/www.alldayled.com\/de\/produkt\/gylle-afdichtkap-zwart\/\",\"url\":\"https:\/\/www.alldayled.com\/de\/produkt\/gylle-afdichtkap-zwart\/\",\"name\":\"Gylle Abdeckung schwarz - All Day Led - f\u00fcr die d\u00e4nische Begrenzungsleuchte\",\"isPartOf\":{\"@id\":\"https:\/\/www.alldayled.com\/de\/#website\"},\"primaryImageOfPage\":{\"@id\":\"https:\/\/www.alldayled.com\/de\/produkt\/gylle-afdichtkap-zwart\/#primaryimage\"},\"image\":{\"@id\":\"https:\/\/www.alldayled.com\/de\/produkt\/gylle-afdichtkap-zwart\/#primaryimage\"},\"thumbnailUrl\":\"https:\/\/www.alldayled.com\/wp-content\/uploads\/2024\/01\/ADL35200.png\",\"datePublished\":\"2024-01-25T14:52:35+00:00\",\"dateModified\":\"2026-03-23T11:54:10+00:00\",\"description\":\"Gylle Abdeckung schwarz - f\u00fcr d\u00e4nische Begrenzungsleuchte - einfache Montage - zum Einsetzen in Gummi-Begrenzungsleuchte - mache deine Lampe staub- und wasserdicht\",\"breadcrumb\":{\"@id\":\"https:\/\/www.alldayled.com\/de\/produkt\/gylle-afdichtkap-zwart\/#breadcrumb\"},\"inLanguage\":\"de\",\"potentialAction\":[{\"@type\":\"ReadAction\",\"target\":[\"https:\/\/www.alldayled.com\/de\/produkt\/gylle-afdichtkap-zwart\/\"]}]},{\"@type\":\"ImageObject\",\"inLanguage\":\"de\",\"@id\":\"https:\/\/www.alldayled.com\/de\/produkt\/gylle-afdichtkap-zwart\/#primaryimage\",\"url\":\"https:\/\/www.alldayled.com\/wp-content\/uploads\/2024\/01\/ADL35200.png\",\"contentUrl\":\"https:\/\/www.alldayled.com\/wp-content\/uploads\/2024\/01\/ADL35200.png\",\"width\":800,\"height\":600,\"caption\":\"Gylle Abdeckung schwarz - Abdeckplatte f\u00fcr die d\u00e4nische Begrenzungsleuchte, um die Lampe oben auf der Kabine oder unter der Frontsto\u00dfstange anbringen zu k\u00f6nnen - EAN: 7392847309259\"},{\"@type\":\"BreadcrumbList\",\"@id\":\"https:\/\/www.alldayled.com\/de\/produkt\/gylle-afdichtkap-zwart\/#breadcrumb\",\"itemListElement\":[{\"@type\":\"ListItem\",\"position\":1,\"name\":\"Home\",\"item\":\"https:\/\/www.alldayled.com\/de\/\"},{\"@type\":\"ListItem\",\"position\":2,\"name\":\"Shop\",\"item\":\"https:\/\/www.alldayled.com\/de\/shop\/\"},{\"@type\":\"ListItem\",\"position\":3,\"name\":\"Positionsleuchten\",\"item\":\"https:\/\/www.alldayled.com\/de\/produkt-kategorie\/positionslichter\/\"},{\"@type\":\"ListItem\",\"position\":4,\"name\":\"Umrissleuchte\",\"item\":\"https:\/\/www.alldayled.com\/de\/produkt-kategorie\/positionslichter\/breedtelampen\/\"},{\"@type\":\"ListItem\",\"position\":5,\"name\":\"Gylle Abdeckung\"}]},{\"@type\":\"WebSite\",\"@id\":\"https:\/\/www.alldayled.com\/de\/#website\",\"url\":\"https:\/\/www.alldayled.com\/de\/\",\"name\":\"All Day Led\",\"description\":\"Verlichting voor 12&amp;24 volt gebruik\",\"publisher\":{\"@id\":\"https:\/\/www.alldayled.com\/de\/#organization\"},\"potentialAction\":[{\"@type\":\"SearchAction\",\"target\":{\"@type\":\"EntryPoint\",\"urlTemplate\":\"https:\/\/www.alldayled.com\/de\/?s={search_term_string}\"},\"query-input\":{\"@type\":\"PropertyValueSpecification\",\"valueRequired\":true,\"valueName\":\"search_term_string\"}}],\"inLanguage\":\"de\"},{\"@type\":\"Organization\",\"@id\":\"https:\/\/www.alldayled.com\/de\/#organization\",\"name\":\"All Day Led\",\"url\":\"https:\/\/www.alldayled.com\/de\/\",\"logo\":{\"@type\":\"ImageObject\",\"inLanguage\":\"de\",\"@id\":\"https:\/\/www.alldayled.com\/de\/#\/schema\/logo\/image\/\",\"url\":\"https:\/\/www.alldayled.com\/wp-content\/uploads\/2025\/10\/Logo-ALL-DAY-LED-800x800-zwart-witte-letters.png\",\"contentUrl\":\"https:\/\/www.alldayled.com\/wp-content\/uploads\/2025\/10\/Logo-ALL-DAY-LED-800x800-zwart-witte-letters.png\",\"width\":800,\"height\":800,\"caption\":\"All Day Led\"},\"image\":{\"@id\":\"https:\/\/www.alldayled.com\/de\/#\/schema\/logo\/image\/\"},\"sameAs\":[\"https:\/\/www.facebook.com\/alldayled\/\",\"https:\/\/www.instagram.com\/alldayled\/\"],\"vatID\":\"NL863960133B01\",\"taxID\":\"86416545\"}]}<\/script>\n<meta property=\"product:brand\" content=\"Gylle\" \/>\n<meta property=\"product:price:amount\" content=\"1.95\" \/>\n<meta property=\"product:price:currency\" content=\"EUR\" \/>\n<meta property=\"og:availability\" content=\"instock\" \/>\n<meta property=\"product:availability\" content=\"instock\" \/>\n<meta property=\"product:retailer_item_id\" content=\"ADL35200\" \/>\n<meta property=\"product:condition\" content=\"new\" \/>\n<!-- \/ Yoast SEO Premium plugin. -->","yoast_head_json":{"title":"Gylle Abdeckung schwarz - All Day Led - f\u00fcr die d\u00e4nische Begrenzungsleuchte","description":"Gylle Abdeckung schwarz - f\u00fcr d\u00e4nische Begrenzungsleuchte - einfache Montage - zum Einsetzen in Gummi-Begrenzungsleuchte - mache deine Lampe staub- und wasserdicht","robots":{"index":"index","follow":"follow","max-snippet":"max-snippet:-1","max-image-preview":"max-image-preview:large","max-video-preview":"max-video-preview:-1"},"canonical":"https:\/\/www.alldayled.com\/de\/produkt\/gylle-afdichtkap-zwart\/","og_locale":"de_DE","og_type":"article","og_title":"Gylle Abdeckung schwarz - All Day Led - f\u00fcr die d\u00e4nische Begrenzungsleuchte","og_description":"Gylle Abdeckung schwarz - f\u00fcr d\u00e4nische Begrenzungsleuchte - einfache Montage - zum Einsetzen in Gummi-Begrenzungsleuchte - mache deine Lampe staub- und wasserdicht","og_url":"https:\/\/www.alldayled.com\/de\/produkt\/gylle-afdichtkap-zwart\/","og_site_name":"All Day Led","article_publisher":"https:\/\/www.facebook.com\/alldayled\/","article_modified_time":"2026-03-23T11:54:10+00:00","og_image":[{"width":800,"height":600,"url":"https:\/\/www.alldayled.com\/wp-content\/uploads\/2024\/01\/ADL35200.png","type":"image\/png"}],"twitter_misc":{"Preis":"&euro;&nbsp;1,95","Verf\u00fcgbarkeit":"Auf Lager"},"schema":{"@context":"https:\/\/schema.org","@graph":[{"@type":"WebPage","@id":"https:\/\/www.alldayled.com\/de\/produkt\/gylle-afdichtkap-zwart\/","url":"https:\/\/www.alldayled.com\/de\/produkt\/gylle-afdichtkap-zwart\/","name":"Gylle Abdeckung schwarz - All Day Led - f\u00fcr die d\u00e4nische Begrenzungsleuchte","isPartOf":{"@id":"https:\/\/www.alldayled.com\/de\/#website"},"primaryImageOfPage":{"@id":"https:\/\/www.alldayled.com\/de\/produkt\/gylle-afdichtkap-zwart\/#primaryimage"},"image":{"@id":"https:\/\/www.alldayled.com\/de\/produkt\/gylle-afdichtkap-zwart\/#primaryimage"},"thumbnailUrl":"https:\/\/www.alldayled.com\/wp-content\/uploads\/2024\/01\/ADL35200.png","datePublished":"2024-01-25T14:52:35+00:00","dateModified":"2026-03-23T11:54:10+00:00","description":"Gylle Abdeckung schwarz - f\u00fcr d\u00e4nische Begrenzungsleuchte - einfache Montage - zum Einsetzen in Gummi-Begrenzungsleuchte - mache deine Lampe staub- und wasserdicht","breadcrumb":{"@id":"https:\/\/www.alldayled.com\/de\/produkt\/gylle-afdichtkap-zwart\/#breadcrumb"},"inLanguage":"de","potentialAction":[{"@type":"ReadAction","target":["https:\/\/www.alldayled.com\/de\/produkt\/gylle-afdichtkap-zwart\/"]}]},{"@type":"ImageObject","inLanguage":"de","@id":"https:\/\/www.alldayled.com\/de\/produkt\/gylle-afdichtkap-zwart\/#primaryimage","url":"https:\/\/www.alldayled.com\/wp-content\/uploads\/2024\/01\/ADL35200.png","contentUrl":"https:\/\/www.alldayled.com\/wp-content\/uploads\/2024\/01\/ADL35200.png","width":800,"height":600,"caption":"Gylle Abdeckung schwarz - Abdeckplatte f\u00fcr die d\u00e4nische Begrenzungsleuchte, um die Lampe oben auf der Kabine oder unter der Frontsto\u00dfstange anbringen zu k\u00f6nnen - EAN: 7392847309259"},{"@type":"BreadcrumbList","@id":"https:\/\/www.alldayled.com\/de\/produkt\/gylle-afdichtkap-zwart\/#breadcrumb","itemListElement":[{"@type":"ListItem","position":1,"name":"Home","item":"https:\/\/www.alldayled.com\/de\/"},{"@type":"ListItem","position":2,"name":"Shop","item":"https:\/\/www.alldayled.com\/de\/shop\/"},{"@type":"ListItem","position":3,"name":"Positionsleuchten","item":"https:\/\/www.alldayled.com\/de\/produkt-kategorie\/positionslichter\/"},{"@type":"ListItem","position":4,"name":"Umrissleuchte","item":"https:\/\/www.alldayled.com\/de\/produkt-kategorie\/positionslichter\/breedtelampen\/"},{"@type":"ListItem","position":5,"name":"Gylle Abdeckung"}]},{"@type":"WebSite","@id":"https:\/\/www.alldayled.com\/de\/#website","url":"https:\/\/www.alldayled.com\/de\/","name":"All Day Led","description":"Verlichting voor 12&amp;24 volt gebruik","publisher":{"@id":"https:\/\/www.alldayled.com\/de\/#organization"},"potentialAction":[{"@type":"SearchAction","target":{"@type":"EntryPoint","urlTemplate":"https:\/\/www.alldayled.com\/de\/?s={search_term_string}"},"query-input":{"@type":"PropertyValueSpecification","valueRequired":true,"valueName":"search_term_string"}}],"inLanguage":"de"},{"@type":"Organization","@id":"https:\/\/www.alldayled.com\/de\/#organization","name":"All Day Led","url":"https:\/\/www.alldayled.com\/de\/","logo":{"@type":"ImageObject","inLanguage":"de","@id":"https:\/\/www.alldayled.com\/de\/#\/schema\/logo\/image\/","url":"https:\/\/www.alldayled.com\/wp-content\/uploads\/2025\/10\/Logo-ALL-DAY-LED-800x800-zwart-witte-letters.png","contentUrl":"https:\/\/www.alldayled.com\/wp-content\/uploads\/2025\/10\/Logo-ALL-DAY-LED-800x800-zwart-witte-letters.png","width":800,"height":800,"caption":"All Day Led"},"image":{"@id":"https:\/\/www.alldayled.com\/de\/#\/schema\/logo\/image\/"},"sameAs":["https:\/\/www.facebook.com\/alldayled\/","https:\/\/www.instagram.com\/alldayled\/"],"vatID":"NL863960133B01","taxID":"86416545"}]},"product_brand":"Gylle","product_price_amount":"1.95","product_price_currency":"EUR","og_availability":"instock","product_availability":"instock","product_retailer_item_id":"ADL35200","product_condition":"new"},"_links":{"self":[{"href":"https:\/\/www.alldayled.com\/de\/wp-json\/wp\/v2\/product\/67176","targetHints":{"allow":["GET"]}}],"collection":[{"href":"https:\/\/www.alldayled.com\/de\/wp-json\/wp\/v2\/product"}],"about":[{"href":"https:\/\/www.alldayled.com\/de\/wp-json\/wp\/v2\/types\/product"}],"replies":[{"embeddable":true,"href":"https:\/\/www.alldayled.com\/de\/wp-json\/wp\/v2\/comments?post=67176"}],"wp:featuredmedia":[{"embeddable":true,"href":"https:\/\/www.alldayled.com\/de\/wp-json\/wp\/v2\/media\/27141"}],"wp:attachment":[{"href":"https:\/\/www.alldayled.com\/de\/wp-json\/wp\/v2\/media?parent=67176"}],"wp:term":[{"taxonomy":"product_brand","embeddable":true,"href":"https:\/\/www.alldayled.com\/de\/wp-json\/wp\/v2\/product_brand?post=67176"},{"taxonomy":"product_cat","embeddable":true,"href":"https:\/\/www.alldayled.com\/de\/wp-json\/wp\/v2\/product_cat?post=67176"},{"taxonomy":"product_tag","embeddable":true,"href":"https:\/\/www.alldayled.com\/de\/wp-json\/wp\/v2\/product_tag?post=67176"}],"curies":[{"name":"wp","href":"https:\/\/api.w.org\/{rel}","templated":true}]}}