{"id":67182,"date":"2024-01-25T15:52:51","date_gmt":"2024-01-25T14:52:51","guid":{"rendered":"https:\/\/www.alldayled.com\/product\/gylle-lampglas-wit\/"},"modified":"2024-01-25T15:52:51","modified_gmt":"2024-01-25T14:52:51","slug":"gylle-lampglas-wit","status":"publish","type":"product","link":"https:\/\/www.alldayled.com\/de\/produkt\/gylle-lampglas-wit\/","title":{"rendered":"Gylle Lichtscheibe wei\u00df"},"content":{"rendered":"<p><span style=\"color: #000000;\"><strong>Gylle Lichtscheibe wei\u00df f\u00fcr Gummi-Montagefu\u00df.<\/strong><\/span><\/p>\n<p><span style=\"color: #000000;\">M\u00f6chten Sie selbst eine d\u00e4nische Positionsleuchte zusammenstellen, wissen aber nicht genau, wo Sie anfangen sollen? Dann ist die Gylle Lichtscheibe wei\u00df wahrscheinlich genau das Teil, das Sie ben\u00f6tigen. Mit dieser Linse schlie\u00dfen Sie Ihre Positionsleuchte schnell und einfach ab. Das Lampglas passt perfekt in die Gummi-Montagef\u00fc\u00dfe von Gylle, Strands und WA\u015a, aber Achtung: Die Kappe ist speziell f\u00fcr eine Breitenmarkierungsleuchte gefertigt und passt daher nicht auf andere Arten von Lampengeh\u00e4usen.   <\/span><\/p>\n<p><span style=\"color: #000000;\">Wichtig zu wissen: Verwenden Sie unter diesem Glas maximal eine R5W-Lampe. Eine h\u00f6here Wattzahl kann n\u00e4mlich zu einer Verformung des Glases f\u00fchren. So halten Sie Ihre Breitenleuchte ordentlich, sicher und in Top-Zustand.  <\/span><\/p>\n<h5><span style=\"color: #000000;\"><strong>Abmessungen:<\/strong><\/span><\/h5>\n<p><span style=\"color: #000000;\">Um sicherzustellen, dass die Module beispielsweise auf Ihre Breitenmarkierungsleuchte passen, haben wir nachfolgend die Abmessungen f\u00fcr Sie aufgelistet. Die Abmessungen der Gylle Lichtscheibe wei\u00df sind wie folgt: <\/span><\/p>\n<ul>\n<li><span style=\"color: #000000;\">Durchmesser: 71 mm (inkl. Rand)<\/span><\/li>\n<li><span style=\"color: #000000;\">H\u00f6he: 36 mm (inkl. Rand)<\/span><\/li>\n<\/ul>\n<h5><span style=\"color: #000000;\"><strong>Weitere Teile: <\/strong><\/span><\/h5>\n<p><span style=\"color: #000000;\">M\u00f6chten Sie zwar eine d\u00e4nische Positionsleuchte der Marke Gylle zusammenstellen, aber die Gylle Lichtscheibe wei\u00df ist nicht ganz das, was Sie suchen? Kein Problem! Die Gummimontagef\u00fc\u00dfe sind n\u00e4mlich auch in mehreren Ausf\u00fchrungen erh\u00e4ltlich. Es gibt also immer eine Variante, die zu Ihrem Fahrzeug passt. <\/span><\/p>\n<ul>\n<li><span style=\"color: #000000;\"><a style=\"color: #000000;\" href=\"https:\/\/www.alldayled.com\/de\/produkt\/gylle-lampfitting-dubbel\/\" target=\"_blank\" rel=\"noopener\"><strong>Lampenfassung doppelt<\/strong><\/a><\/span><\/li>\n<li><span style=\"color: #000000;\"><a style=\"color: #000000;\" href=\"https:\/\/www.alldayled.com\/de\/produkt\/gylle-lampglas-helder\/\" target=\"_blank\" rel=\"noopener\"><strong>Lichtscheibe klar<\/strong><\/a><\/span><\/li>\n<li><span style=\"color: #000000;\"><a style=\"color: #000000;\" href=\"https:\/\/www.alldayled.com\/de\/produkt\/gylle-lampglas-oranje\/\" target=\"_blank\" rel=\"noopener\"><strong>Lichtscheibe orange<\/strong><\/a><\/span><\/li>\n<li><span style=\"color: #000000;\"><a style=\"color: #000000;\" href=\"https:\/\/www.alldayled.com\/de\/produkt\/gylle-lampglas-rood\/\" target=\"_blank\" rel=\"noopener\"><strong>Lichtscheibe rot<\/strong><\/a><\/span><\/li>\n<\/ul>\n<h5><span style=\"color: #000000;\"><strong>Selbst zusammenstellen:  <\/strong><\/span><\/h5>\n<p><span style=\"color: #000000;\">Um selbst Ihre d\u00e4nische Breitenleuchte der Marke Gylle zusammenzustellen, haben Sie zwei M\u00f6glichkeiten. Nachfolgend finden Sie beide Optionen, komplett mit einem Link zur entsprechenden Seite. Klicken Sie auf Option 1 oder Option 2 und Sie sehen direkt alle Artikel \u00fcbersichtlich auf einer Seite.  <\/span><\/p>\n<ul>\n<li><span style=\"color: #000000;\"><a style=\"color: #000000;\" href=\"https:\/\/www.alldayled.com\/de\/produkt-schlagwort\/gylle-halogen-umrissleuchte\/\"><strong>Option 1<\/strong><\/a><strong>:<\/strong> Stellen Sie die Lampe selbst zusammen, sodass Sie eine Halogen- oder LED-Birne einsetzen k\u00f6nnen.<br \/>\n<\/span><\/li>\n<li><span style=\"color: #000000;\"><a style=\"color: #000000;\" href=\"https:\/\/www.alldayled.com\/de\/produkt-schlagwort\/gylle-led-umrissleuchte\/\"><strong>Option 2<\/strong><\/a><strong>:<\/strong> Stelle die Lampe selbst zusammen, damit du eine LED-Einheit einsetzen kannst.<\/span><\/li>\n<\/ul>\n<p><span style=\"color: #000000;\">Sind Sie dennoch der Meinung, dass die wei\u00df gef\u00e4rbte Gylle Lichtscheibe nicht das ist, wonach Sie suchen? Einfach weil die Farbe oder Form nicht Ihren W\u00fcnschen entspricht? Dann sehen Sie sich hier das komplette Angebot von <a style=\"color: #000000;\" href=\"https:\/\/www.alldayled.com\/de\/marke\/product-gylle-mec\/\">Gylle<\/a> an.  <\/span><\/p>\n","protected":false},"excerpt":{"rendered":"<p>Linse wei\u00df f\u00fcr die bekannte Gylle Breitenmarkierungsleuchte, einzeln geliefert!<\/p>\n","protected":false},"featured_media":16494,"comment_status":"open","ping_status":"closed","template":"","meta":{"_acf_changed":false},"product_brand":[5161],"product_cat":[5162],"product_tag":[9250,5168,9260,9261,9490],"class_list":{"0":"post-67182","1":"product","2":"type-product","3":"status-publish","4":"has-post-thumbnail","6":"product_brand-product-gylle-mec","7":"product_cat-breedtelampen","8":"product_tag-danische-breitenlampe","9":"product_tag-danischer-poller","10":"product_tag-gylle-beleuchtung","11":"product_tag-gylle-halogen-umrissleuchte","12":"product_tag-gylle-mec","14":"first","15":"instock","16":"taxable","17":"shipping-taxable","18":"purchasable","19":"product-type-simple"},"acf":[],"yoast_head":"<!-- This site is optimized with the Yoast SEO Premium plugin v26.5 (Yoast SEO v27.1.1) - https:\/\/yoast.com\/product\/yoast-seo-premium-wordpress\/ -->\n<title>Gylle Lichtscheibe wei\u00df - All Day Led - f\u00fcr d\u00e4nische Positionsleuchte mit separater Lampe<\/title>\n<meta name=\"description\" content=\"Gylle Lichtscheibe wei\u00df - Einzelne Linse WEISS f\u00fcr d\u00e4nische Positionsleuchte - LKW, Anh\u00e4nger, Traktor und mehr - gute Passform f\u00fcr den Gummi-Montagefu\u00df\" \/>\n<meta name=\"robots\" content=\"index, follow, max-snippet:-1, max-image-preview:large, max-video-preview:-1\" \/>\n<link rel=\"canonical\" href=\"https:\/\/www.alldayled.com\/de\/produkt\/gylle-lampglas-wit\/\" \/>\n<meta property=\"og:locale\" content=\"de_DE\" \/>\n<meta property=\"og:type\" content=\"article\" \/>\n<meta property=\"og:title\" content=\"Gylle Lichtscheibe wei\u00df - All Day Led - f\u00fcr d\u00e4nische Positionsleuchte mit separater Lampe\" \/>\n<meta property=\"og:description\" content=\"Gylle Lichtscheibe wei\u00df - Einzelne Linse WEISS f\u00fcr d\u00e4nische Positionsleuchte - LKW, Anh\u00e4nger, Traktor und mehr - gute Passform f\u00fcr den Gummi-Montagefu\u00df\" \/>\n<meta property=\"og:url\" content=\"https:\/\/www.alldayled.com\/de\/produkt\/gylle-lampglas-wit\/\" \/>\n<meta property=\"og:site_name\" content=\"All Day Led\" \/>\n<meta property=\"article:publisher\" content=\"https:\/\/www.facebook.com\/alldayled\/\" \/>\n<meta property=\"og:image\" content=\"https:\/\/www.alldayled.com\/wp-content\/uploads\/2024\/12\/ADL35187.01-300x300.png\" \/>\n<meta name=\"twitter:label1\" content=\"Preis\" \/>\n\t<meta name=\"twitter:data1\" content=\"&euro;&nbsp;1,50\" \/>\n\t<meta name=\"twitter:label2\" content=\"Verf\u00fcgbarkeit\" \/>\n\t<meta name=\"twitter:data2\" content=\"Auf Lager\" \/>\n<script type=\"application\/ld+json\" class=\"yoast-schema-graph\">{\"@context\":\"https:\/\/schema.org\",\"@graph\":[{\"@type\":\"WebPage\",\"@id\":\"https:\/\/www.alldayled.com\/de\/produkt\/gylle-lampglas-wit\/\",\"url\":\"https:\/\/www.alldayled.com\/de\/produkt\/gylle-lampglas-wit\/\",\"name\":\"Gylle Lichtscheibe wei\u00df - All Day Led - f\u00fcr d\u00e4nische Positionsleuchte mit separater Lampe\",\"isPartOf\":{\"@id\":\"https:\/\/www.alldayled.com\/de\/#website\"},\"primaryImageOfPage\":{\"@id\":\"https:\/\/www.alldayled.com\/de\/produkt\/gylle-lampglas-wit\/#primaryimage\"},\"image\":{\"@id\":\"https:\/\/www.alldayled.com\/de\/produkt\/gylle-lampglas-wit\/#primaryimage\"},\"thumbnailUrl\":\"https:\/\/www.alldayled.com\/wp-content\/uploads\/2020\/07\/ADL35187.png\",\"datePublished\":\"2024-01-25T14:52:51+00:00\",\"description\":\"Gylle Lichtscheibe wei\u00df - Einzelne Linse WEISS f\u00fcr d\u00e4nische Positionsleuchte - LKW, Anh\u00e4nger, Traktor und mehr - gute Passform f\u00fcr den Gummi-Montagefu\u00df\",\"breadcrumb\":{\"@id\":\"https:\/\/www.alldayled.com\/de\/produkt\/gylle-lampglas-wit\/#breadcrumb\"},\"inLanguage\":\"de\",\"potentialAction\":[{\"@type\":\"ReadAction\",\"target\":[\"https:\/\/www.alldayled.com\/de\/produkt\/gylle-lampglas-wit\/\"]}]},{\"@type\":\"ImageObject\",\"inLanguage\":\"de\",\"@id\":\"https:\/\/www.alldayled.com\/de\/produkt\/gylle-lampglas-wit\/#primaryimage\",\"url\":\"https:\/\/www.alldayled.com\/wp-content\/uploads\/2020\/07\/ADL35187.png\",\"contentUrl\":\"https:\/\/www.alldayled.com\/wp-content\/uploads\/2020\/07\/ADL35187.png\",\"width\":800,\"height\":600,\"caption\":\"Gylle Lichtscheibe wei\u00df f\u00fcr Ihre d\u00e4nische Breitenmarkierungsleuchte - EAN: 7392847307873\"},{\"@type\":\"BreadcrumbList\",\"@id\":\"https:\/\/www.alldayled.com\/de\/produkt\/gylle-lampglas-wit\/#breadcrumb\",\"itemListElement\":[{\"@type\":\"ListItem\",\"position\":1,\"name\":\"Home\",\"item\":\"https:\/\/www.alldayled.com\/de\/\"},{\"@type\":\"ListItem\",\"position\":2,\"name\":\"Shop\",\"item\":\"https:\/\/www.alldayled.com\/de\/shop\/\"},{\"@type\":\"ListItem\",\"position\":3,\"name\":\"Positionsleuchten\",\"item\":\"https:\/\/www.alldayled.com\/de\/produkt-kategorie\/positionslichter\/\"},{\"@type\":\"ListItem\",\"position\":4,\"name\":\"Umrissleuchte\",\"item\":\"https:\/\/www.alldayled.com\/de\/produkt-kategorie\/positionslichter\/breedtelampen\/\"},{\"@type\":\"ListItem\",\"position\":5,\"name\":\"Gylle Lichtscheibe wei\u00df\"}]},{\"@type\":\"WebSite\",\"@id\":\"https:\/\/www.alldayled.com\/de\/#website\",\"url\":\"https:\/\/www.alldayled.com\/de\/\",\"name\":\"All Day Led\",\"description\":\"Verlichting voor 12&amp;24 volt gebruik\",\"publisher\":{\"@id\":\"https:\/\/www.alldayled.com\/de\/#organization\"},\"potentialAction\":[{\"@type\":\"SearchAction\",\"target\":{\"@type\":\"EntryPoint\",\"urlTemplate\":\"https:\/\/www.alldayled.com\/de\/?s={search_term_string}\"},\"query-input\":{\"@type\":\"PropertyValueSpecification\",\"valueRequired\":true,\"valueName\":\"search_term_string\"}}],\"inLanguage\":\"de\"},{\"@type\":\"Organization\",\"@id\":\"https:\/\/www.alldayled.com\/de\/#organization\",\"name\":\"All Day Led\",\"url\":\"https:\/\/www.alldayled.com\/de\/\",\"logo\":{\"@type\":\"ImageObject\",\"inLanguage\":\"de\",\"@id\":\"https:\/\/www.alldayled.com\/de\/#\/schema\/logo\/image\/\",\"url\":\"https:\/\/www.alldayled.com\/wp-content\/uploads\/2025\/10\/Logo-ALL-DAY-LED-800x800-zwart-witte-letters.png\",\"contentUrl\":\"https:\/\/www.alldayled.com\/wp-content\/uploads\/2025\/10\/Logo-ALL-DAY-LED-800x800-zwart-witte-letters.png\",\"width\":800,\"height\":800,\"caption\":\"All Day Led\"},\"image\":{\"@id\":\"https:\/\/www.alldayled.com\/de\/#\/schema\/logo\/image\/\"},\"sameAs\":[\"https:\/\/www.facebook.com\/alldayled\/\",\"https:\/\/www.instagram.com\/alldayled\/\"],\"vatID\":\"NL863960133B01\",\"taxID\":\"86416545\"}]}<\/script>\n<meta property=\"product:brand\" content=\"Gylle\" \/>\n<meta property=\"product:price:amount\" content=\"1.50\" \/>\n<meta property=\"product:price:currency\" content=\"EUR\" \/>\n<meta property=\"og:availability\" content=\"instock\" \/>\n<meta property=\"product:availability\" content=\"instock\" \/>\n<meta property=\"product:retailer_item_id\" content=\"ADL35187\" \/>\n<meta property=\"product:condition\" content=\"new\" \/>\n<!-- \/ Yoast SEO Premium plugin. -->","yoast_head_json":{"title":"Gylle Lichtscheibe wei\u00df - All Day Led - f\u00fcr d\u00e4nische Positionsleuchte mit separater Lampe","description":"Gylle Lichtscheibe wei\u00df - Einzelne Linse WEISS f\u00fcr d\u00e4nische Positionsleuchte - LKW, Anh\u00e4nger, Traktor und mehr - gute Passform f\u00fcr den Gummi-Montagefu\u00df","robots":{"index":"index","follow":"follow","max-snippet":"max-snippet:-1","max-image-preview":"max-image-preview:large","max-video-preview":"max-video-preview:-1"},"canonical":"https:\/\/www.alldayled.com\/de\/produkt\/gylle-lampglas-wit\/","og_locale":"de_DE","og_type":"article","og_title":"Gylle Lichtscheibe wei\u00df - All Day Led - f\u00fcr d\u00e4nische Positionsleuchte mit separater Lampe","og_description":"Gylle Lichtscheibe wei\u00df - Einzelne Linse WEISS f\u00fcr d\u00e4nische Positionsleuchte - LKW, Anh\u00e4nger, Traktor und mehr - gute Passform f\u00fcr den Gummi-Montagefu\u00df","og_url":"https:\/\/www.alldayled.com\/de\/produkt\/gylle-lampglas-wit\/","og_site_name":"All Day Led","article_publisher":"https:\/\/www.facebook.com\/alldayled\/","og_image":[{"url":"https:\/\/www.alldayled.com\/wp-content\/uploads\/2024\/12\/ADL35187.01-300x300.png","type":"","width":"","height":""}],"twitter_misc":{"Preis":"&euro;&nbsp;1,50","Verf\u00fcgbarkeit":"Auf Lager"},"schema":{"@context":"https:\/\/schema.org","@graph":[{"@type":"WebPage","@id":"https:\/\/www.alldayled.com\/de\/produkt\/gylle-lampglas-wit\/","url":"https:\/\/www.alldayled.com\/de\/produkt\/gylle-lampglas-wit\/","name":"Gylle Lichtscheibe wei\u00df - All Day Led - f\u00fcr d\u00e4nische Positionsleuchte mit separater Lampe","isPartOf":{"@id":"https:\/\/www.alldayled.com\/de\/#website"},"primaryImageOfPage":{"@id":"https:\/\/www.alldayled.com\/de\/produkt\/gylle-lampglas-wit\/#primaryimage"},"image":{"@id":"https:\/\/www.alldayled.com\/de\/produkt\/gylle-lampglas-wit\/#primaryimage"},"thumbnailUrl":"https:\/\/www.alldayled.com\/wp-content\/uploads\/2020\/07\/ADL35187.png","datePublished":"2024-01-25T14:52:51+00:00","description":"Gylle Lichtscheibe wei\u00df - Einzelne Linse WEISS f\u00fcr d\u00e4nische Positionsleuchte - LKW, Anh\u00e4nger, Traktor und mehr - gute Passform f\u00fcr den Gummi-Montagefu\u00df","breadcrumb":{"@id":"https:\/\/www.alldayled.com\/de\/produkt\/gylle-lampglas-wit\/#breadcrumb"},"inLanguage":"de","potentialAction":[{"@type":"ReadAction","target":["https:\/\/www.alldayled.com\/de\/produkt\/gylle-lampglas-wit\/"]}]},{"@type":"ImageObject","inLanguage":"de","@id":"https:\/\/www.alldayled.com\/de\/produkt\/gylle-lampglas-wit\/#primaryimage","url":"https:\/\/www.alldayled.com\/wp-content\/uploads\/2020\/07\/ADL35187.png","contentUrl":"https:\/\/www.alldayled.com\/wp-content\/uploads\/2020\/07\/ADL35187.png","width":800,"height":600,"caption":"Gylle Lichtscheibe wei\u00df f\u00fcr Ihre d\u00e4nische Breitenmarkierungsleuchte - EAN: 7392847307873"},{"@type":"BreadcrumbList","@id":"https:\/\/www.alldayled.com\/de\/produkt\/gylle-lampglas-wit\/#breadcrumb","itemListElement":[{"@type":"ListItem","position":1,"name":"Home","item":"https:\/\/www.alldayled.com\/de\/"},{"@type":"ListItem","position":2,"name":"Shop","item":"https:\/\/www.alldayled.com\/de\/shop\/"},{"@type":"ListItem","position":3,"name":"Positionsleuchten","item":"https:\/\/www.alldayled.com\/de\/produkt-kategorie\/positionslichter\/"},{"@type":"ListItem","position":4,"name":"Umrissleuchte","item":"https:\/\/www.alldayled.com\/de\/produkt-kategorie\/positionslichter\/breedtelampen\/"},{"@type":"ListItem","position":5,"name":"Gylle Lichtscheibe wei\u00df"}]},{"@type":"WebSite","@id":"https:\/\/www.alldayled.com\/de\/#website","url":"https:\/\/www.alldayled.com\/de\/","name":"All Day Led","description":"Verlichting voor 12&amp;24 volt gebruik","publisher":{"@id":"https:\/\/www.alldayled.com\/de\/#organization"},"potentialAction":[{"@type":"SearchAction","target":{"@type":"EntryPoint","urlTemplate":"https:\/\/www.alldayled.com\/de\/?s={search_term_string}"},"query-input":{"@type":"PropertyValueSpecification","valueRequired":true,"valueName":"search_term_string"}}],"inLanguage":"de"},{"@type":"Organization","@id":"https:\/\/www.alldayled.com\/de\/#organization","name":"All Day Led","url":"https:\/\/www.alldayled.com\/de\/","logo":{"@type":"ImageObject","inLanguage":"de","@id":"https:\/\/www.alldayled.com\/de\/#\/schema\/logo\/image\/","url":"https:\/\/www.alldayled.com\/wp-content\/uploads\/2025\/10\/Logo-ALL-DAY-LED-800x800-zwart-witte-letters.png","contentUrl":"https:\/\/www.alldayled.com\/wp-content\/uploads\/2025\/10\/Logo-ALL-DAY-LED-800x800-zwart-witte-letters.png","width":800,"height":800,"caption":"All Day Led"},"image":{"@id":"https:\/\/www.alldayled.com\/de\/#\/schema\/logo\/image\/"},"sameAs":["https:\/\/www.facebook.com\/alldayled\/","https:\/\/www.instagram.com\/alldayled\/"],"vatID":"NL863960133B01","taxID":"86416545"}]},"product_brand":"Gylle","product_price_amount":"1.50","product_price_currency":"EUR","og_availability":"instock","product_availability":"instock","product_retailer_item_id":"ADL35187","product_condition":"new"},"_links":{"self":[{"href":"https:\/\/www.alldayled.com\/de\/wp-json\/wp\/v2\/product\/67182","targetHints":{"allow":["GET"]}}],"collection":[{"href":"https:\/\/www.alldayled.com\/de\/wp-json\/wp\/v2\/product"}],"about":[{"href":"https:\/\/www.alldayled.com\/de\/wp-json\/wp\/v2\/types\/product"}],"replies":[{"embeddable":true,"href":"https:\/\/www.alldayled.com\/de\/wp-json\/wp\/v2\/comments?post=67182"}],"wp:featuredmedia":[{"embeddable":true,"href":"https:\/\/www.alldayled.com\/de\/wp-json\/wp\/v2\/media\/16494"}],"wp:attachment":[{"href":"https:\/\/www.alldayled.com\/de\/wp-json\/wp\/v2\/media?parent=67182"}],"wp:term":[{"taxonomy":"product_brand","embeddable":true,"href":"https:\/\/www.alldayled.com\/de\/wp-json\/wp\/v2\/product_brand?post=67182"},{"taxonomy":"product_cat","embeddable":true,"href":"https:\/\/www.alldayled.com\/de\/wp-json\/wp\/v2\/product_cat?post=67182"},{"taxonomy":"product_tag","embeddable":true,"href":"https:\/\/www.alldayled.com\/de\/wp-json\/wp\/v2\/product_tag?post=67182"}],"curies":[{"name":"wp","href":"https:\/\/api.w.org\/{rel}","templated":true}]}}