{"id":67185,"date":"2021-08-25T08:30:59","date_gmt":"2021-08-25T06:30:59","guid":{"rendered":"https:\/\/www.alldayled.com\/product\/nedking-lichtplaat-daf-xf-105-106-146-x-285-cm\/"},"modified":"2021-08-25T08:30:59","modified_gmt":"2021-08-25T06:30:59","slug":"nedking-lichtplaat-daf-xf-105-106-146-x-285-cm","status":"publish","type":"product","link":"https:\/\/www.alldayled.com\/de\/produkt\/nedking-lichtplaat-daf-xf-105-106-146-x-285-cm\/","title":{"rendered":"Nedking Sign f\u00fcr DAF XF 105 \/ 106 (146 x 28,5 cm)"},"content":{"rendered":"<p><span style=\"color: #000000;\"><strong>Nedking LED Sign f\u00fcr DAF XF, geeignet f\u00fcr die Super Space Cab 105 und 106.<\/strong><\/span><\/p>\n<p><span style=\"color: #000000;\">M\u00f6chten Sie, dass Ihr Firmenname oder Ihre Werbung auf Ihrem LKW optimal sichtbar ist, sowohl tags\u00fcber als auch nachts? Dann ist diese Nedking LED Sign die ideale L\u00f6sung. Dank des lichtdurchl\u00e4ssigen Milchglases sticht Ihre Botschaft immer gut hervor und Sie k\u00f6nnen die LED Platte einfach selbst mit Ihrem Firmennamen, Logo oder anderen Werbebotschaften versehen. Diese Lichtplatte wurde speziell f\u00fcr den DAF XF 105 und 106 mit Super Space Cab (SSC) entwickelt. Dadurch sind Sie einer perfekten Passform und maximalen Sichtbarkeit versichert. Bitte beachten Sie: Die LED Sign ist ausschlie\u00dflich f\u00fcr diesen DAF-Typ geeignet und passt nicht auf andere Marken. Mit einer Breite von 146 cm und einer H\u00f6he von 28,5 cm bietet diese flache LED Sign ausreichend Platz, um Ihre Werbung auf eine auff\u00e4llige Weise zu pr\u00e4sentieren.      <\/span><\/p>\n<p><span style=\"color: #000000;\">Dank der hochwertigen Materialien und der soliden Verarbeitung ist die Lichtplatte nicht nur praktisch, sondern auch langlebig. Hierdurch bleibt Ihre Botschaft langfristig gut sichtbar, unabh\u00e4ngig von den Wetterbedingungen oder der intensiven Nutzung des LKW. Au\u00dferdem sorgt die einfache Montage daf\u00fcr, dass Sie schnell und ohne Aufwand die Lichtplatte an der Vorderseite Ihres DAF XF 105 oder 106 mit Super Space Cab befestigen k\u00f6nnen. Hierdurch sieht Ihr LKW direkt professionell und auff\u00e4llig aus.   <\/span><\/p>\n<h5><span style=\"color: #000000;\"><strong>Abmessungen:<\/strong><\/span><\/h5>\n<p><span style=\"color: #000000;\">Um sicherzustellen, dass Sie die Nedking LED Sign perfekt an der Vorderseite Ihres DAF XF 105 oder 106 mit Super Space Cab montieren k\u00f6nnen, haben wir hierunter die Abmessungen f\u00fcr Sie aufgelistet. So sehen Sie in einem Blick, ob diese flache LED Sign von Nedking f\u00fcr Ihren LKW geeignet ist. <\/span><\/p>\n<ul>\n<li><span style=\"color: #000000;\">L\u00e4nge: 146 cm<\/span><\/li>\n<li><span style=\"color: #000000;\">H\u00f6he: 28,5 cm<\/span><\/li>\n<li><span style=\"color: #000000;\">Dicke: 1,5 cm<\/span><\/li>\n<\/ul>\n<h5><span style=\"color: #000000;\"><strong>Andere Versionen: <\/strong><\/span><\/h5>\n<p><span style=\"color: #000000;\">M\u00f6chten Sie eine LED Sign f\u00fcr Ihren DAF XF 105 oder 106 mit Super Space Cab von Nedking, aber ist die Breite von 146cm nicht das, was Sie suchen? Kein Problem! Das Nedking LED Sign ist auch in verschiedenen anderen Ausf\u00fchrungen erh\u00e4ltlich. So finden Sie immer ein Modell, das perfekt zu Ihrem Truck und Ihren W\u00fcnschen passt. <\/span><\/p>\n<ul>\n<li><span style=\"color: #000000;\"><a style=\"color: #000000;\" href=\"https:\/\/www.alldayled.com\/de\/produkt\/nedking-lichtplaat-daf-xf-105-106-163x-30-cm\/\" target=\"_blank\" rel=\"noopener\"><strong>DAF SSC 105 \/ 106 Lichtplatte 163cm <\/strong><\/a><\/span><\/li>\n<\/ul>\n<p><span style=\"color: #000000;\">Sind Sie noch nicht \u00fcberzeugt, dass diese LED Sign f\u00fcr einen DAF XF 105 oder 106 geeignet ist? Vielleicht stimmt die Farbe oder Form nicht ganz. Werfen Sie dann unbedingt einen Blick auf unsere Seite Lichtwerbung. Gro\u00dfe Chance, dass Sie dort w\u00e9l das Modell finden, das zu Ihrem LKW passt.   <\/span><\/p>\n","protected":false},"excerpt":{"rendered":"<p>Nedking LED Sign f\u00fcr DAF XF, geeignet f\u00fcr die Super Space Cab 105 und 106. M\u00f6chten Sie, dass Ihr Firmenname oder Ihre Werbung auf Ihrem LKW optimal sichtbar ist, sowohl tags\u00fcber als auch nachts? Dann ist diese Nedking LED Sign die ideale L\u00f6sung. Dank des lichtdurchl\u00e4ssigen Milchglases sticht Ihre Botschaft immer gut hervor und Sie [&hellip;]<\/p>\n","protected":false},"featured_media":25788,"comment_status":"open","ping_status":"closed","template":"","meta":{"_acf_changed":false},"product_brand":[6505],"product_cat":[5398,5320],"product_tag":[9184,9471],"class_list":{"0":"post-67185","1":"product","2":"type-product","3":"status-publish","4":"has-post-thumbnail","6":"product_brand-product-nedking","7":"product_cat-daf-verlichting","8":"product_cat-nedking-lichtreclame","9":"product_tag-nedking-beleuchtung","10":"product_tag-nedking-schild","12":"first","13":"instock","14":"taxable","15":"shipping-taxable","16":"purchasable","17":"product-type-variable"},"acf":[],"yoast_head":"<!-- This site is optimized with the Yoast SEO Premium plugin v26.5 (Yoast SEO v27.1.1) - https:\/\/yoast.com\/product\/yoast-seo-premium-wordpress\/ -->\n<title>Nedking Sign f\u00fcr DAF XF 105 und 106 Super Space Cab - All Day Led 24 Volt<\/title>\n<meta name=\"description\" content=\"Nedking Sign f\u00fcr DAF XF 105 und 106 - XF Kabine mit Super Space Cab - 146 cm breit - wei\u00dfe oder orangefarbene LED&#039;s - schlankes Design - Nedking Front Sign\" \/>\n<meta name=\"robots\" content=\"index, follow, max-snippet:-1, max-image-preview:large, max-video-preview:-1\" \/>\n<link rel=\"canonical\" href=\"https:\/\/www.alldayled.com\/de\/produkt\/nedking-lichtplaat-daf-xf-105-106-146-x-285-cm\/\" \/>\n<meta property=\"og:locale\" content=\"de_DE\" \/>\n<meta property=\"og:type\" content=\"article\" \/>\n<meta property=\"og:title\" content=\"Nedking Sign f\u00fcr DAF XF 105 und 106 Super Space Cab - All Day Led 24 Volt\" \/>\n<meta property=\"og:description\" content=\"Nedking Sign f\u00fcr DAF XF 105 und 106 - XF Kabine mit Super Space Cab - 146 cm breit - wei\u00dfe oder orangefarbene LED&#039;s - schlankes Design - Nedking Front Sign\" \/>\n<meta property=\"og:url\" content=\"https:\/\/www.alldayled.com\/de\/produkt\/nedking-lichtplaat-daf-xf-105-106-146-x-285-cm\/\" \/>\n<meta property=\"og:site_name\" content=\"All Day Led\" \/>\n<meta property=\"article:publisher\" content=\"https:\/\/www.facebook.com\/alldayled\/\" \/>\n<meta property=\"og:image\" content=\"https:\/\/www.alldayled.com\/wp-content\/uploads\/2023\/09\/ADL2DA146HH.png\" \/>\n\t<meta property=\"og:image:width\" content=\"800\" \/>\n\t<meta property=\"og:image:height\" content=\"600\" \/>\n\t<meta property=\"og:image:type\" content=\"image\/png\" \/>\n<meta name=\"twitter:label1\" content=\"Verf\u00fcgbarkeit\" \/>\n\t<meta name=\"twitter:data1\" content=\"Auf Lager\" \/>\n<script type=\"application\/ld+json\" class=\"yoast-schema-graph\">{\"@context\":\"https:\/\/schema.org\",\"@graph\":[{\"@type\":\"WebPage\",\"@id\":\"https:\/\/www.alldayled.com\/de\/produkt\/nedking-lichtplaat-daf-xf-105-106-146-x-285-cm\/\",\"url\":\"https:\/\/www.alldayled.com\/de\/produkt\/nedking-lichtplaat-daf-xf-105-106-146-x-285-cm\/\",\"name\":\"Nedking Sign f\u00fcr DAF XF 105 und 106 Super Space Cab - All Day Led 24 Volt\",\"isPartOf\":{\"@id\":\"https:\/\/www.alldayled.com\/de\/#website\"},\"primaryImageOfPage\":{\"@id\":\"https:\/\/www.alldayled.com\/de\/produkt\/nedking-lichtplaat-daf-xf-105-106-146-x-285-cm\/#primaryimage\"},\"image\":{\"@id\":\"https:\/\/www.alldayled.com\/de\/produkt\/nedking-lichtplaat-daf-xf-105-106-146-x-285-cm\/#primaryimage\"},\"thumbnailUrl\":\"https:\/\/www.alldayled.com\/wp-content\/uploads\/2023\/09\/ADL2DA146HH.png\",\"datePublished\":\"2021-08-25T06:30:59+00:00\",\"description\":\"Nedking Sign f\u00fcr DAF XF 105 und 106 - XF Kabine mit Super Space Cab - 146 cm breit - wei\u00dfe oder orangefarbene LED's - schlankes Design - Nedking Front Sign\",\"breadcrumb\":{\"@id\":\"https:\/\/www.alldayled.com\/de\/produkt\/nedking-lichtplaat-daf-xf-105-106-146-x-285-cm\/#breadcrumb\"},\"inLanguage\":\"de\",\"potentialAction\":[{\"@type\":\"ReadAction\",\"target\":[\"https:\/\/www.alldayled.com\/de\/produkt\/nedking-lichtplaat-daf-xf-105-106-146-x-285-cm\/\"]}]},{\"@type\":\"ImageObject\",\"inLanguage\":\"de\",\"@id\":\"https:\/\/www.alldayled.com\/de\/produkt\/nedking-lichtplaat-daf-xf-105-106-146-x-285-cm\/#primaryimage\",\"url\":\"https:\/\/www.alldayled.com\/wp-content\/uploads\/2023\/09\/ADL2DA146HH.png\",\"contentUrl\":\"https:\/\/www.alldayled.com\/wp-content\/uploads\/2023\/09\/ADL2DA146HH.png\",\"width\":800,\"height\":600,\"caption\":\"Nedking LED Sign f\u00fcr DAF XF 105 und 106 - geeignet f\u00fcr Super Space Cab \/ SSC - Abmessungen 146 x 28,5 cm\"},{\"@type\":\"BreadcrumbList\",\"@id\":\"https:\/\/www.alldayled.com\/de\/produkt\/nedking-lichtplaat-daf-xf-105-106-146-x-285-cm\/#breadcrumb\",\"itemListElement\":[{\"@type\":\"ListItem\",\"position\":1,\"name\":\"Home\",\"item\":\"https:\/\/www.alldayled.com\/de\/\"},{\"@type\":\"ListItem\",\"position\":2,\"name\":\"Shop\",\"item\":\"https:\/\/www.alldayled.com\/de\/shop\/\"},{\"@type\":\"ListItem\",\"position\":3,\"name\":\"Beleuchtung LKW\",\"item\":\"https:\/\/www.alldayled.com\/de\/produkt-kategorie\/beleuchtungswagen\/\"},{\"@type\":\"ListItem\",\"position\":4,\"name\":\"DAF Beleuchtung\",\"item\":\"https:\/\/www.alldayled.com\/de\/produkt-kategorie\/beleuchtungswagen\/daf-verlichting\/\"},{\"@type\":\"ListItem\",\"position\":5,\"name\":\"Nedking Sign f\u00fcr DAF XF 105 \/ 106 (146 x 28,5 cm)\"}]},{\"@type\":\"WebSite\",\"@id\":\"https:\/\/www.alldayled.com\/de\/#website\",\"url\":\"https:\/\/www.alldayled.com\/de\/\",\"name\":\"All Day Led\",\"description\":\"Verlichting voor 12&amp;24 volt gebruik\",\"publisher\":{\"@id\":\"https:\/\/www.alldayled.com\/de\/#organization\"},\"potentialAction\":[{\"@type\":\"SearchAction\",\"target\":{\"@type\":\"EntryPoint\",\"urlTemplate\":\"https:\/\/www.alldayled.com\/de\/?s={search_term_string}\"},\"query-input\":{\"@type\":\"PropertyValueSpecification\",\"valueRequired\":true,\"valueName\":\"search_term_string\"}}],\"inLanguage\":\"de\"},{\"@type\":\"Organization\",\"@id\":\"https:\/\/www.alldayled.com\/de\/#organization\",\"name\":\"All Day Led\",\"url\":\"https:\/\/www.alldayled.com\/de\/\",\"logo\":{\"@type\":\"ImageObject\",\"inLanguage\":\"de\",\"@id\":\"https:\/\/www.alldayled.com\/de\/#\/schema\/logo\/image\/\",\"url\":\"https:\/\/www.alldayled.com\/wp-content\/uploads\/2025\/10\/Logo-ALL-DAY-LED-800x800-zwart-witte-letters.png\",\"contentUrl\":\"https:\/\/www.alldayled.com\/wp-content\/uploads\/2025\/10\/Logo-ALL-DAY-LED-800x800-zwart-witte-letters.png\",\"width\":800,\"height\":800,\"caption\":\"All Day Led\"},\"image\":{\"@id\":\"https:\/\/www.alldayled.com\/de\/#\/schema\/logo\/image\/\"},\"sameAs\":[\"https:\/\/www.facebook.com\/alldayled\/\",\"https:\/\/www.instagram.com\/alldayled\/\"],\"vatID\":\"NL863960133B01\",\"taxID\":\"86416545\"}]}<\/script>\n<meta property=\"product:brand\" content=\"Nedking\" \/>\n<meta property=\"og:availability\" content=\"instock\" \/>\n<meta property=\"product:availability\" content=\"instock\" \/>\n<meta property=\"product:retailer_item_id\" content=\"ADL2DA146HH\" \/>\n<meta property=\"product:condition\" content=\"new\" \/>\n<!-- \/ Yoast SEO Premium plugin. -->","yoast_head_json":{"title":"Nedking Sign f\u00fcr DAF XF 105 und 106 Super Space Cab - All Day Led 24 Volt","description":"Nedking Sign f\u00fcr DAF XF 105 und 106 - XF Kabine mit Super Space Cab - 146 cm breit - wei\u00dfe oder orangefarbene LED's - schlankes Design - Nedking Front Sign","robots":{"index":"index","follow":"follow","max-snippet":"max-snippet:-1","max-image-preview":"max-image-preview:large","max-video-preview":"max-video-preview:-1"},"canonical":"https:\/\/www.alldayled.com\/de\/produkt\/nedking-lichtplaat-daf-xf-105-106-146-x-285-cm\/","og_locale":"de_DE","og_type":"article","og_title":"Nedking Sign f\u00fcr DAF XF 105 und 106 Super Space Cab - All Day Led 24 Volt","og_description":"Nedking Sign f\u00fcr DAF XF 105 und 106 - XF Kabine mit Super Space Cab - 146 cm breit - wei\u00dfe oder orangefarbene LED's - schlankes Design - Nedking Front Sign","og_url":"https:\/\/www.alldayled.com\/de\/produkt\/nedking-lichtplaat-daf-xf-105-106-146-x-285-cm\/","og_site_name":"All Day Led","article_publisher":"https:\/\/www.facebook.com\/alldayled\/","og_image":[{"width":800,"height":600,"url":"https:\/\/www.alldayled.com\/wp-content\/uploads\/2023\/09\/ADL2DA146HH.png","type":"image\/png"}],"twitter_misc":{"Verf\u00fcgbarkeit":"Auf Lager"},"schema":{"@context":"https:\/\/schema.org","@graph":[{"@type":"WebPage","@id":"https:\/\/www.alldayled.com\/de\/produkt\/nedking-lichtplaat-daf-xf-105-106-146-x-285-cm\/","url":"https:\/\/www.alldayled.com\/de\/produkt\/nedking-lichtplaat-daf-xf-105-106-146-x-285-cm\/","name":"Nedking Sign f\u00fcr DAF XF 105 und 106 Super Space Cab - All Day Led 24 Volt","isPartOf":{"@id":"https:\/\/www.alldayled.com\/de\/#website"},"primaryImageOfPage":{"@id":"https:\/\/www.alldayled.com\/de\/produkt\/nedking-lichtplaat-daf-xf-105-106-146-x-285-cm\/#primaryimage"},"image":{"@id":"https:\/\/www.alldayled.com\/de\/produkt\/nedking-lichtplaat-daf-xf-105-106-146-x-285-cm\/#primaryimage"},"thumbnailUrl":"https:\/\/www.alldayled.com\/wp-content\/uploads\/2023\/09\/ADL2DA146HH.png","datePublished":"2021-08-25T06:30:59+00:00","description":"Nedking Sign f\u00fcr DAF XF 105 und 106 - XF Kabine mit Super Space Cab - 146 cm breit - wei\u00dfe oder orangefarbene LED's - schlankes Design - Nedking Front Sign","breadcrumb":{"@id":"https:\/\/www.alldayled.com\/de\/produkt\/nedking-lichtplaat-daf-xf-105-106-146-x-285-cm\/#breadcrumb"},"inLanguage":"de","potentialAction":[{"@type":"ReadAction","target":["https:\/\/www.alldayled.com\/de\/produkt\/nedking-lichtplaat-daf-xf-105-106-146-x-285-cm\/"]}]},{"@type":"ImageObject","inLanguage":"de","@id":"https:\/\/www.alldayled.com\/de\/produkt\/nedking-lichtplaat-daf-xf-105-106-146-x-285-cm\/#primaryimage","url":"https:\/\/www.alldayled.com\/wp-content\/uploads\/2023\/09\/ADL2DA146HH.png","contentUrl":"https:\/\/www.alldayled.com\/wp-content\/uploads\/2023\/09\/ADL2DA146HH.png","width":800,"height":600,"caption":"Nedking LED Sign f\u00fcr DAF XF 105 und 106 - geeignet f\u00fcr Super Space Cab \/ SSC - Abmessungen 146 x 28,5 cm"},{"@type":"BreadcrumbList","@id":"https:\/\/www.alldayled.com\/de\/produkt\/nedking-lichtplaat-daf-xf-105-106-146-x-285-cm\/#breadcrumb","itemListElement":[{"@type":"ListItem","position":1,"name":"Home","item":"https:\/\/www.alldayled.com\/de\/"},{"@type":"ListItem","position":2,"name":"Shop","item":"https:\/\/www.alldayled.com\/de\/shop\/"},{"@type":"ListItem","position":3,"name":"Beleuchtung LKW","item":"https:\/\/www.alldayled.com\/de\/produkt-kategorie\/beleuchtungswagen\/"},{"@type":"ListItem","position":4,"name":"DAF Beleuchtung","item":"https:\/\/www.alldayled.com\/de\/produkt-kategorie\/beleuchtungswagen\/daf-verlichting\/"},{"@type":"ListItem","position":5,"name":"Nedking Sign f\u00fcr DAF XF 105 \/ 106 (146 x 28,5 cm)"}]},{"@type":"WebSite","@id":"https:\/\/www.alldayled.com\/de\/#website","url":"https:\/\/www.alldayled.com\/de\/","name":"All Day Led","description":"Verlichting voor 12&amp;24 volt gebruik","publisher":{"@id":"https:\/\/www.alldayled.com\/de\/#organization"},"potentialAction":[{"@type":"SearchAction","target":{"@type":"EntryPoint","urlTemplate":"https:\/\/www.alldayled.com\/de\/?s={search_term_string}"},"query-input":{"@type":"PropertyValueSpecification","valueRequired":true,"valueName":"search_term_string"}}],"inLanguage":"de"},{"@type":"Organization","@id":"https:\/\/www.alldayled.com\/de\/#organization","name":"All Day Led","url":"https:\/\/www.alldayled.com\/de\/","logo":{"@type":"ImageObject","inLanguage":"de","@id":"https:\/\/www.alldayled.com\/de\/#\/schema\/logo\/image\/","url":"https:\/\/www.alldayled.com\/wp-content\/uploads\/2025\/10\/Logo-ALL-DAY-LED-800x800-zwart-witte-letters.png","contentUrl":"https:\/\/www.alldayled.com\/wp-content\/uploads\/2025\/10\/Logo-ALL-DAY-LED-800x800-zwart-witte-letters.png","width":800,"height":800,"caption":"All Day Led"},"image":{"@id":"https:\/\/www.alldayled.com\/de\/#\/schema\/logo\/image\/"},"sameAs":["https:\/\/www.facebook.com\/alldayled\/","https:\/\/www.instagram.com\/alldayled\/"],"vatID":"NL863960133B01","taxID":"86416545"}]},"product_brand":"Nedking","og_availability":"instock","product_availability":"instock","product_retailer_item_id":"ADL2DA146HH","product_condition":"new"},"_links":{"self":[{"href":"https:\/\/www.alldayled.com\/de\/wp-json\/wp\/v2\/product\/67185","targetHints":{"allow":["GET"]}}],"collection":[{"href":"https:\/\/www.alldayled.com\/de\/wp-json\/wp\/v2\/product"}],"about":[{"href":"https:\/\/www.alldayled.com\/de\/wp-json\/wp\/v2\/types\/product"}],"replies":[{"embeddable":true,"href":"https:\/\/www.alldayled.com\/de\/wp-json\/wp\/v2\/comments?post=67185"}],"wp:featuredmedia":[{"embeddable":true,"href":"https:\/\/www.alldayled.com\/de\/wp-json\/wp\/v2\/media\/25788"}],"wp:attachment":[{"href":"https:\/\/www.alldayled.com\/de\/wp-json\/wp\/v2\/media?parent=67185"}],"wp:term":[{"taxonomy":"product_brand","embeddable":true,"href":"https:\/\/www.alldayled.com\/de\/wp-json\/wp\/v2\/product_brand?post=67185"},{"taxonomy":"product_cat","embeddable":true,"href":"https:\/\/www.alldayled.com\/de\/wp-json\/wp\/v2\/product_cat?post=67185"},{"taxonomy":"product_tag","embeddable":true,"href":"https:\/\/www.alldayled.com\/de\/wp-json\/wp\/v2\/product_tag?post=67185"}],"curies":[{"name":"wp","href":"https:\/\/api.w.org\/{rel}","templated":true}]}}