{"id":67199,"date":"2020-10-14T09:45:09","date_gmt":"2020-10-14T07:45:09","guid":{"rendered":"https:\/\/www.alldayled.com\/product\/dasteri-6-led-markeringslamp-wit-24v\/"},"modified":"2026-04-01T07:30:50","modified_gmt":"2026-04-01T05:30:50","slug":"dasteri-6-led-markeringslamp-wit-24v","status":"publish","type":"product","link":"https:\/\/www.alldayled.com\/de\/produkt\/dasteri-6-led-markeringslamp-wit-24v\/","title":{"rendered":"Dasteri 6 LED Markierungsleuchte wei\u00df 24V"},"content":{"rendered":"<p><span style=\"color: #000000;\"><strong>Dasteri 6 LED Markierungsleuchte wei\u00df f\u00fcr 24 Volt Betrieb. <\/strong><\/span><\/p>\n<p><span style=\"color: #000000;\">Bist du auf der Suche nach einer guten LED Markierungsleuchte in Wei\u00df? Dann ist diese LED Markierungsleuchte von Dasteri vielleicht genau das, was du suchst. Es ist eine Konturleuchte, die das tut, was man von ihr erwartet. Die Lampe hat 6 LEDs, wodurch du mit einem geringen Stromverbrauch trotzdem gut sichtbar auf der Stra\u00dfe bist. So wei\u00dft du sicher, dass du sowohl tags\u00fcber als auch abends gut auff\u00e4llst. Die Dasteri LED Markierungsleuchte wei\u00df funktioniert mit 24 Volt, was bedeutet, dass du sie beispielsweise auf deinem LKW oder Anh\u00e4nger verwenden kannst.     <\/span><\/p>\n<p><span style=\"color: #000000;\">Um sicherzustellen, dass diese Dasteri LED Markierungsleuchte wei\u00df f\u00fcr dein Fahrzeug geeignet ist, haben wir hierunter die wichtigsten Spezifikationen aufgelistet. Die Lampe hat das ECE R10 Pr\u00fcfzeichen, was bedeutet, dass sie w\u00e4hrend der Aktivierung keine St\u00f6rungen auf beispielsweise Funksignalen verursacht. Au\u00dferdem hat sie das ECE R7 Pr\u00fcfzeichen, wodurch du sie offiziell als Positionsleuchte verwenden darfst.  <\/span><\/p>\n<h5><span style=\"color: #000000;\"><strong>Abmessungen:<\/strong><\/span><\/h5>\n<p><span style=\"color: #000000;\">Willst du sicher sein, dass die Markierungsleuchte passt, wo du sie montieren m\u00f6chtest? Sieh dir dann hierunter die Abmessungen der Dasteri LED Markierungsleuchte wei\u00df an. So wei\u00dft du genau, woran du bist.  <\/span><\/p>\n<ul>\n<li><span style=\"color: #000000;\">L\u00e4nge: 96 mm <\/span><\/li>\n<li><span style=\"color: #000000;\">H\u00f6he: 20 mm<\/span><\/li>\n<li><span style=\"color: #000000;\">Dicke: 6,4 mm<\/span><\/li>\n<li><span style=\"color: #000000;\">Lochabstand: 86 mm<\/span><\/li>\n<\/ul>\n<h5><span style=\"color: #000000;\"><strong>Andere Farben:<\/strong><\/span><\/h5>\n<p><span style=\"color: #000000;\">Bist du wohl auf der Suche nach einer LED Markierungsleuchte, aber nicht nach der Farbe Wei\u00df? Dann wei\u00df, dass dieses Modell mit 6 LEDs von Dasteri auch in den folgenden Farben verf\u00fcgbar ist: <\/span><\/p>\n<ul>\n<li><span style=\"color: #000000;\"><strong><a style=\"color: #000000;\" href=\"https:\/\/www.alldayled.com\/de\/produkt\/dasteri-6-led-markeringslamp-rood-24v\/\">Dasteri 6 LED Markierungsleuchte rot<\/a><\/strong><\/span><\/li>\n<li><span style=\"color: #000000;\"><strong><a style=\"color: #000000;\" href=\"https:\/\/www.alldayled.com\/de\/produkt\/dasteri-6-led-markeringslamp-oranje-24v\/\">Dasteri 6 LED Markierungsleuchte orange<\/a><\/strong><\/span><\/li>\n<\/ul>\n<p><span style=\"color: #000000;\">Bist du dennoch der Meinung, dass diese LED Lampe nicht das ist, was du suchst? Einfach weil die Farbe oder Form nicht deinen W\u00fcnschen entspricht? Dann wirf auch einen Blick auf unsere Seite <a style=\"color: #000000;\" href=\"https:\/\/www.alldayled.com\/product-categorie\/positielampen\/markeringslampen\/\">Markierungsleuchten<\/a>. Vielleicht findest du hier das Modell Lampe, das du suchst.    <\/span><\/p>\n","protected":false},"excerpt":{"rendered":"<p>Dasteri Markierungsleuchte mit 6 LED Punkten wei\u00df, geeignet f\u00fcr 24 Volt.<\/p>\n","protected":false},"featured_media":17310,"comment_status":"open","ping_status":"closed","template":"","meta":{"_acf_changed":false},"product_brand":[5617],"product_cat":[5196],"product_tag":[9151,9266,9265,9153,9159,9167,9155,9157],"class_list":{"0":"post-67199","1":"product","2":"type-product","3":"status-publish","4":"has-post-thumbnail","6":"product_brand-product-dasteri","7":"product_cat-markeringslampen","8":"product_tag-konturbeleuchtung","9":"product_tag-led-begrenzungsleuchte-weis","10":"product_tag-led-markierung-weis","11":"product_tag-led-markierungsleuchte","12":"product_tag-led-markierungsleuchte-24-volt","13":"product_tag-markierungsleuchte-anhanger","14":"product_tag-markierungsleuchte-anhaenger","15":"product_tag-markierungsleuchte-lkw","17":"first","18":"instock","19":"taxable","20":"shipping-taxable","21":"purchasable","22":"product-type-simple"},"acf":[],"yoast_head":"<!-- This site is optimized with the Yoast SEO Premium plugin v26.5 (Yoast SEO v27.1.1) - https:\/\/yoast.com\/product\/yoast-seo-premium-wordpress\/ -->\n<title>Dasteri LED Markierungsleuchte wei\u00df f\u00fcr 24 Volt - mit 6 LED - All Day Led<\/title>\n<meta name=\"description\" content=\"Dasteri LED Markierungsleuchte wei\u00df - mit 6 LED&#039;s - 24 Volt Betrieb - mit ECE-R7 Pr\u00fcfzeichen - f\u00fcr LKW und Anh\u00e4nger - LED Markierung wei\u00df\" \/>\n<meta name=\"robots\" content=\"index, follow, max-snippet:-1, max-image-preview:large, max-video-preview:-1\" \/>\n<link rel=\"canonical\" href=\"https:\/\/www.alldayled.com\/de\/produkt\/dasteri-6-led-markeringslamp-wit-24v\/\" \/>\n<meta property=\"og:locale\" content=\"de_DE\" \/>\n<meta property=\"og:type\" content=\"article\" \/>\n<meta property=\"og:title\" content=\"Dasteri LED Markierungsleuchte wei\u00df f\u00fcr 24 Volt - mit 6 LED - All Day Led\" \/>\n<meta property=\"og:description\" content=\"Dasteri LED Markierungsleuchte wei\u00df - mit 6 LED&#039;s - 24 Volt Betrieb - mit ECE-R7 Pr\u00fcfzeichen - f\u00fcr LKW und Anh\u00e4nger - LED Markierung wei\u00df\" \/>\n<meta property=\"og:url\" content=\"https:\/\/www.alldayled.com\/de\/produkt\/dasteri-6-led-markeringslamp-wit-24v\/\" \/>\n<meta property=\"og:site_name\" content=\"All Day Led\" \/>\n<meta property=\"article:publisher\" content=\"https:\/\/www.facebook.com\/alldayled\/\" \/>\n<meta property=\"article:modified_time\" content=\"2026-04-01T05:30:50+00:00\" \/>\n<meta property=\"og:image\" content=\"https:\/\/www.alldayled.com\/wp-content\/uploads\/2024\/05\/ADL03567-300x300.png\" \/>\n<meta name=\"twitter:label1\" content=\"Preis\" \/>\n\t<meta name=\"twitter:data1\" content=\"&euro;&nbsp;7,25\" \/>\n\t<meta name=\"twitter:label2\" content=\"Verf\u00fcgbarkeit\" \/>\n\t<meta name=\"twitter:data2\" content=\"Auf Lager\" \/>\n<script type=\"application\/ld+json\" class=\"yoast-schema-graph\">{\"@context\":\"https:\/\/schema.org\",\"@graph\":[{\"@type\":\"WebPage\",\"@id\":\"https:\/\/www.alldayled.com\/de\/produkt\/dasteri-6-led-markeringslamp-wit-24v\/\",\"url\":\"https:\/\/www.alldayled.com\/de\/produkt\/dasteri-6-led-markeringslamp-wit-24v\/\",\"name\":\"Dasteri LED Markierungsleuchte wei\u00df f\u00fcr 24 Volt - mit 6 LED - All Day Led\",\"isPartOf\":{\"@id\":\"https:\/\/www.alldayled.com\/de\/#website\"},\"primaryImageOfPage\":{\"@id\":\"https:\/\/www.alldayled.com\/de\/produkt\/dasteri-6-led-markeringslamp-wit-24v\/#primaryimage\"},\"image\":{\"@id\":\"https:\/\/www.alldayled.com\/de\/produkt\/dasteri-6-led-markeringslamp-wit-24v\/#primaryimage\"},\"thumbnailUrl\":\"https:\/\/www.alldayled.com\/wp-content\/uploads\/2020\/10\/ADL03567.png\",\"datePublished\":\"2020-10-14T07:45:09+00:00\",\"dateModified\":\"2026-04-01T05:30:50+00:00\",\"description\":\"Dasteri LED Markierungsleuchte wei\u00df - mit 6 LED's - 24 Volt Betrieb - mit ECE-R7 Pr\u00fcfzeichen - f\u00fcr LKW und Anh\u00e4nger - LED Markierung wei\u00df\",\"breadcrumb\":{\"@id\":\"https:\/\/www.alldayled.com\/de\/produkt\/dasteri-6-led-markeringslamp-wit-24v\/#breadcrumb\"},\"inLanguage\":\"de\",\"potentialAction\":[{\"@type\":\"ReadAction\",\"target\":[\"https:\/\/www.alldayled.com\/de\/produkt\/dasteri-6-led-markeringslamp-wit-24v\/\"]}]},{\"@type\":\"ImageObject\",\"inLanguage\":\"de\",\"@id\":\"https:\/\/www.alldayled.com\/de\/produkt\/dasteri-6-led-markeringslamp-wit-24v\/#primaryimage\",\"url\":\"https:\/\/www.alldayled.com\/wp-content\/uploads\/2020\/10\/ADL03567.png\",\"contentUrl\":\"https:\/\/www.alldayled.com\/wp-content\/uploads\/2020\/10\/ADL03567.png\",\"width\":800,\"height\":600,\"caption\":\"Dasteri 6 LED Markierungsleuchte wei\u00df f\u00fcr 24 Volt Betrieb - LKW Beleuchtung - Anh\u00e4nger Beleuchtung - EAN: 6090541019047\"},{\"@type\":\"BreadcrumbList\",\"@id\":\"https:\/\/www.alldayled.com\/de\/produkt\/dasteri-6-led-markeringslamp-wit-24v\/#breadcrumb\",\"itemListElement\":[{\"@type\":\"ListItem\",\"position\":1,\"name\":\"Home\",\"item\":\"https:\/\/www.alldayled.com\/de\/\"},{\"@type\":\"ListItem\",\"position\":2,\"name\":\"Shop\",\"item\":\"https:\/\/www.alldayled.com\/de\/shop\/\"},{\"@type\":\"ListItem\",\"position\":3,\"name\":\"Positionsleuchten\",\"item\":\"https:\/\/www.alldayled.com\/de\/produkt-kategorie\/positionslichter\/\"},{\"@type\":\"ListItem\",\"position\":4,\"name\":\"Markierungsleuchten\",\"item\":\"https:\/\/www.alldayled.com\/de\/produkt-kategorie\/positionslichter\/markeringslampen\/\"},{\"@type\":\"ListItem\",\"position\":5,\"name\":\"Dasteri 6 LED Markierungsleuchte wei\u00df 24V\"}]},{\"@type\":\"WebSite\",\"@id\":\"https:\/\/www.alldayled.com\/de\/#website\",\"url\":\"https:\/\/www.alldayled.com\/de\/\",\"name\":\"All Day Led\",\"description\":\"Verlichting voor 12&amp;24 volt gebruik\",\"publisher\":{\"@id\":\"https:\/\/www.alldayled.com\/de\/#organization\"},\"potentialAction\":[{\"@type\":\"SearchAction\",\"target\":{\"@type\":\"EntryPoint\",\"urlTemplate\":\"https:\/\/www.alldayled.com\/de\/?s={search_term_string}\"},\"query-input\":{\"@type\":\"PropertyValueSpecification\",\"valueRequired\":true,\"valueName\":\"search_term_string\"}}],\"inLanguage\":\"de\"},{\"@type\":\"Organization\",\"@id\":\"https:\/\/www.alldayled.com\/de\/#organization\",\"name\":\"All Day Led\",\"url\":\"https:\/\/www.alldayled.com\/de\/\",\"logo\":{\"@type\":\"ImageObject\",\"inLanguage\":\"de\",\"@id\":\"https:\/\/www.alldayled.com\/de\/#\/schema\/logo\/image\/\",\"url\":\"https:\/\/www.alldayled.com\/wp-content\/uploads\/2025\/10\/Logo-ALL-DAY-LED-800x800-zwart-witte-letters.png\",\"contentUrl\":\"https:\/\/www.alldayled.com\/wp-content\/uploads\/2025\/10\/Logo-ALL-DAY-LED-800x800-zwart-witte-letters.png\",\"width\":800,\"height\":800,\"caption\":\"All Day Led\"},\"image\":{\"@id\":\"https:\/\/www.alldayled.com\/de\/#\/schema\/logo\/image\/\"},\"sameAs\":[\"https:\/\/www.facebook.com\/alldayled\/\",\"https:\/\/www.instagram.com\/alldayled\/\"],\"vatID\":\"NL863960133B01\",\"taxID\":\"86416545\"}]}<\/script>\n<meta property=\"product:brand\" content=\"Dasteri\" \/>\n<meta property=\"product:price:amount\" content=\"7.25\" \/>\n<meta property=\"product:price:currency\" content=\"EUR\" \/>\n<meta property=\"og:availability\" content=\"instock\" \/>\n<meta property=\"product:availability\" content=\"instock\" \/>\n<meta property=\"product:retailer_item_id\" content=\"ADL03567\" \/>\n<meta property=\"product:condition\" content=\"new\" \/>\n<!-- \/ Yoast SEO Premium plugin. -->","yoast_head_json":{"title":"Dasteri LED Markierungsleuchte wei\u00df f\u00fcr 24 Volt - mit 6 LED - All Day Led","description":"Dasteri LED Markierungsleuchte wei\u00df - mit 6 LED's - 24 Volt Betrieb - mit ECE-R7 Pr\u00fcfzeichen - f\u00fcr LKW und Anh\u00e4nger - LED Markierung wei\u00df","robots":{"index":"index","follow":"follow","max-snippet":"max-snippet:-1","max-image-preview":"max-image-preview:large","max-video-preview":"max-video-preview:-1"},"canonical":"https:\/\/www.alldayled.com\/de\/produkt\/dasteri-6-led-markeringslamp-wit-24v\/","og_locale":"de_DE","og_type":"article","og_title":"Dasteri LED Markierungsleuchte wei\u00df f\u00fcr 24 Volt - mit 6 LED - All Day Led","og_description":"Dasteri LED Markierungsleuchte wei\u00df - mit 6 LED's - 24 Volt Betrieb - mit ECE-R7 Pr\u00fcfzeichen - f\u00fcr LKW und Anh\u00e4nger - LED Markierung wei\u00df","og_url":"https:\/\/www.alldayled.com\/de\/produkt\/dasteri-6-led-markeringslamp-wit-24v\/","og_site_name":"All Day Led","article_publisher":"https:\/\/www.facebook.com\/alldayled\/","article_modified_time":"2026-04-01T05:30:50+00:00","og_image":[{"url":"https:\/\/www.alldayled.com\/wp-content\/uploads\/2024\/05\/ADL03567-300x300.png","type":"","width":"","height":""}],"twitter_misc":{"Preis":"&euro;&nbsp;7,25","Verf\u00fcgbarkeit":"Auf Lager"},"schema":{"@context":"https:\/\/schema.org","@graph":[{"@type":"WebPage","@id":"https:\/\/www.alldayled.com\/de\/produkt\/dasteri-6-led-markeringslamp-wit-24v\/","url":"https:\/\/www.alldayled.com\/de\/produkt\/dasteri-6-led-markeringslamp-wit-24v\/","name":"Dasteri LED Markierungsleuchte wei\u00df f\u00fcr 24 Volt - mit 6 LED - All Day Led","isPartOf":{"@id":"https:\/\/www.alldayled.com\/de\/#website"},"primaryImageOfPage":{"@id":"https:\/\/www.alldayled.com\/de\/produkt\/dasteri-6-led-markeringslamp-wit-24v\/#primaryimage"},"image":{"@id":"https:\/\/www.alldayled.com\/de\/produkt\/dasteri-6-led-markeringslamp-wit-24v\/#primaryimage"},"thumbnailUrl":"https:\/\/www.alldayled.com\/wp-content\/uploads\/2020\/10\/ADL03567.png","datePublished":"2020-10-14T07:45:09+00:00","dateModified":"2026-04-01T05:30:50+00:00","description":"Dasteri LED Markierungsleuchte wei\u00df - mit 6 LED's - 24 Volt Betrieb - mit ECE-R7 Pr\u00fcfzeichen - f\u00fcr LKW und Anh\u00e4nger - LED Markierung wei\u00df","breadcrumb":{"@id":"https:\/\/www.alldayled.com\/de\/produkt\/dasteri-6-led-markeringslamp-wit-24v\/#breadcrumb"},"inLanguage":"de","potentialAction":[{"@type":"ReadAction","target":["https:\/\/www.alldayled.com\/de\/produkt\/dasteri-6-led-markeringslamp-wit-24v\/"]}]},{"@type":"ImageObject","inLanguage":"de","@id":"https:\/\/www.alldayled.com\/de\/produkt\/dasteri-6-led-markeringslamp-wit-24v\/#primaryimage","url":"https:\/\/www.alldayled.com\/wp-content\/uploads\/2020\/10\/ADL03567.png","contentUrl":"https:\/\/www.alldayled.com\/wp-content\/uploads\/2020\/10\/ADL03567.png","width":800,"height":600,"caption":"Dasteri 6 LED Markierungsleuchte wei\u00df f\u00fcr 24 Volt Betrieb - LKW Beleuchtung - Anh\u00e4nger Beleuchtung - EAN: 6090541019047"},{"@type":"BreadcrumbList","@id":"https:\/\/www.alldayled.com\/de\/produkt\/dasteri-6-led-markeringslamp-wit-24v\/#breadcrumb","itemListElement":[{"@type":"ListItem","position":1,"name":"Home","item":"https:\/\/www.alldayled.com\/de\/"},{"@type":"ListItem","position":2,"name":"Shop","item":"https:\/\/www.alldayled.com\/de\/shop\/"},{"@type":"ListItem","position":3,"name":"Positionsleuchten","item":"https:\/\/www.alldayled.com\/de\/produkt-kategorie\/positionslichter\/"},{"@type":"ListItem","position":4,"name":"Markierungsleuchten","item":"https:\/\/www.alldayled.com\/de\/produkt-kategorie\/positionslichter\/markeringslampen\/"},{"@type":"ListItem","position":5,"name":"Dasteri 6 LED Markierungsleuchte wei\u00df 24V"}]},{"@type":"WebSite","@id":"https:\/\/www.alldayled.com\/de\/#website","url":"https:\/\/www.alldayled.com\/de\/","name":"All Day Led","description":"Verlichting voor 12&amp;24 volt gebruik","publisher":{"@id":"https:\/\/www.alldayled.com\/de\/#organization"},"potentialAction":[{"@type":"SearchAction","target":{"@type":"EntryPoint","urlTemplate":"https:\/\/www.alldayled.com\/de\/?s={search_term_string}"},"query-input":{"@type":"PropertyValueSpecification","valueRequired":true,"valueName":"search_term_string"}}],"inLanguage":"de"},{"@type":"Organization","@id":"https:\/\/www.alldayled.com\/de\/#organization","name":"All Day Led","url":"https:\/\/www.alldayled.com\/de\/","logo":{"@type":"ImageObject","inLanguage":"de","@id":"https:\/\/www.alldayled.com\/de\/#\/schema\/logo\/image\/","url":"https:\/\/www.alldayled.com\/wp-content\/uploads\/2025\/10\/Logo-ALL-DAY-LED-800x800-zwart-witte-letters.png","contentUrl":"https:\/\/www.alldayled.com\/wp-content\/uploads\/2025\/10\/Logo-ALL-DAY-LED-800x800-zwart-witte-letters.png","width":800,"height":800,"caption":"All Day Led"},"image":{"@id":"https:\/\/www.alldayled.com\/de\/#\/schema\/logo\/image\/"},"sameAs":["https:\/\/www.facebook.com\/alldayled\/","https:\/\/www.instagram.com\/alldayled\/"],"vatID":"NL863960133B01","taxID":"86416545"}]},"product_brand":"Dasteri","product_price_amount":"7.25","product_price_currency":"EUR","og_availability":"instock","product_availability":"instock","product_retailer_item_id":"ADL03567","product_condition":"new"},"_links":{"self":[{"href":"https:\/\/www.alldayled.com\/de\/wp-json\/wp\/v2\/product\/67199","targetHints":{"allow":["GET"]}}],"collection":[{"href":"https:\/\/www.alldayled.com\/de\/wp-json\/wp\/v2\/product"}],"about":[{"href":"https:\/\/www.alldayled.com\/de\/wp-json\/wp\/v2\/types\/product"}],"replies":[{"embeddable":true,"href":"https:\/\/www.alldayled.com\/de\/wp-json\/wp\/v2\/comments?post=67199"}],"wp:featuredmedia":[{"embeddable":true,"href":"https:\/\/www.alldayled.com\/de\/wp-json\/wp\/v2\/media\/17310"}],"wp:attachment":[{"href":"https:\/\/www.alldayled.com\/de\/wp-json\/wp\/v2\/media?parent=67199"}],"wp:term":[{"taxonomy":"product_brand","embeddable":true,"href":"https:\/\/www.alldayled.com\/de\/wp-json\/wp\/v2\/product_brand?post=67199"},{"taxonomy":"product_cat","embeddable":true,"href":"https:\/\/www.alldayled.com\/de\/wp-json\/wp\/v2\/product_cat?post=67199"},{"taxonomy":"product_tag","embeddable":true,"href":"https:\/\/www.alldayled.com\/de\/wp-json\/wp\/v2\/product_tag?post=67199"}],"curies":[{"name":"wp","href":"https:\/\/api.w.org\/{rel}","templated":true}]}}