{"id":67215,"date":"2022-01-11T15:24:30","date_gmt":"2022-01-11T14:24:30","guid":{"rendered":"https:\/\/www.alldayled.com\/product\/strands-markeringslamp-met-reflector-oranje\/"},"modified":"2022-01-11T15:24:30","modified_gmt":"2022-01-11T14:24:30","slug":"strands-markeringslamp-met-reflector-oranje","status":"publish","type":"product","link":"https:\/\/www.alldayled.com\/de\/produkt\/strands-markeringslamp-met-reflector-oranje\/","title":{"rendered":"Strands Markierungsleuchte mit Reflektor orange"},"content":{"rendered":"<p><span style=\"color: #000000;\"><strong>Strands Markierungsleuchte orange mit Reflektor, geeignet f\u00fcr 12 &amp; 24 Volt. <\/strong><\/span><\/p>\n<p><span style=\"color: #000000;\">Suchst du eine orange LED-Markierungsleuchte mit integriertem Reflektor und Montageb\u00fcgel? Dann ist diese Leuchte von Strands wahrscheinlich genau das, was du suchst. Es ist eine Umrissleuchte, die h\u00e4lt, was sie verspricht. Die Leuchte hat 2 LED\u2019s, wodurch du mit geringem Stromverbrauch trotzdem gut sichtbar bist. Die Markierungsleuchte funktioniert mit 12 und 24 Volt. Dadurch kannst du sie an deinem Auto, LKW, Traktor, Anh\u00e4nger oder einem anderen Fahrzeug verwenden.     <\/span><\/p>\n<p><span style=\"color: #000000;\">Um sicherzustellen, dass diese Strands Markierungsleuchte orange mit Reflektor f\u00fcr dein Fahrzeug geeignet ist, haben wir unten die wichtigsten Spezifikationen aufgelistet. Die Leuchte hat das ECE R10 Pr\u00fcfzeichen, was bedeutet, dass sie zum Beispiel keine St\u00f6rungen deines Radiosignals verursacht. Zus\u00e4tzlich verf\u00fcgt sie \u00fcber die ECE R3, R7 und R91 Pr\u00fcfzeichen. Diese Pr\u00fcfzeichen zeigen an, dass du die Leuchte sicher und zul\u00e4ssig als Markierungsleuchte verwenden darfst.   <\/span><\/p>\n<h5><span style=\"color: #000000;\"><strong>Abmessungen:<\/strong><\/span><\/h5>\n<p><span style=\"color: #000000;\">M\u00f6chtest du sicherstellen, dass du die Leuchte an der richtigen Stelle montieren kannst? Dann schau dir unten die Abmessungen an. So wei\u00dft du genau, woran du bist.  <\/span><\/p>\n<ul>\n<li><span style=\"color: #000000;\">H\u00f6he: 33 mm (59 mm inkl. Befestigung)<\/span><\/li>\n<li><span style=\"color: #000000;\">Breite: 133 mm<\/span><\/li>\n<li><span style=\"color: #000000;\">Dicke: 23 mm <\/span><\/li>\n<li><span style=\"color: #000000;\">Lochabstand: 120 mm<\/span><\/li>\n<\/ul>\n<h5><span style=\"color: #000000;\"><strong>Andere Farben:<\/strong><\/span><\/h5>\n<p><span style=\"color: #000000;\">Suchst du eine Strands Markierungsleuchte mit Reflektor, aber nicht in Orange? Kein Problem. Dieses Modell ist auch in mehreren Farben erh\u00e4ltlich:  <\/span><\/p>\n<ul>\n<li><span style=\"color: #000000;\"><a style=\"color: #000000;\" href=\"https:\/\/www.alldayled.com\/de\/produkt\/strands-markeringslamp-met-reflector-rood\/\"><strong>Strands Markierungsleuchte rot<\/strong><\/a><\/span><\/li>\n<li><span style=\"color: #000000;\"><a style=\"color: #000000;\" href=\"https:\/\/www.alldayled.com\/de\/produkt\/strands-markeringslamp-met-reflector-wit\/\"><strong>Strands Markierungsleuchte wei\u00df<\/strong><\/a><\/span><\/li>\n<\/ul>\n<p><span style=\"color: #000000;\">Ist die orange Strands Markierungsleuchte doch nicht das, was du suchst? Keine Sorge. Vielleicht passen Farbe oder Form nicht zu deinen W\u00fcnschen. Dann schau dir unbedingt unsere Seite <g id=\"gid_0\">Markierungsleuchten<\/g> an. Die Chancen stehen gut, dass du dort die richtige Leuchte findest.    <\/span><\/p>\n","protected":false},"excerpt":{"rendered":"<p>Markierungsleuchte orange mit Reflektor und Montageb\u00fcgel von Strands &#8211; 12\/24V.<\/p>\n","protected":false},"featured_media":20817,"comment_status":"open","ping_status":"closed","template":"","meta":{"_acf_changed":false},"product_brand":[5114],"product_cat":[5196],"product_tag":[9151,9269,9153,9158,9159,9270,9155,9167,9157,9156,9271,9064,9065],"class_list":{"0":"post-67215","1":"product","2":"type-product","3":"status-publish","4":"has-post-thumbnail","6":"product_brand-product-strands-lighting-division","7":"product_cat-markeringslampen","8":"product_tag-konturbeleuchtung","9":"product_tag-led-markierung-orange","10":"product_tag-led-markierungsleuchte","11":"product_tag-led-markierungsleuchte-12-volt","12":"product_tag-led-markierungsleuchte-24-volt","13":"product_tag-led-markierungsleuchte-orange","14":"product_tag-markierungsleuchte-anhaenger","15":"product_tag-markierungsleuchte-anhanger","16":"product_tag-markierungsleuchte-lkw","17":"product_tag-markierungsleuchte-wohnmobil","18":"product_tag-seitenmarkierung","19":"product_tag-strands-led-beleuchtung","20":"product_tag-strands-lighting-division","22":"first","23":"instock","24":"taxable","25":"shipping-taxable","26":"purchasable","27":"product-type-simple"},"acf":[],"yoast_head":"<!-- This site is optimized with the Yoast SEO Premium plugin v26.5 (Yoast SEO v27.1.1) - https:\/\/yoast.com\/product\/yoast-seo-premium-wordpress\/ -->\n<title>Strands Markierungsleuchte orange - All Day Led - f\u00fcr 12&amp;24 Volt<\/title>\n<meta name=\"description\" content=\"Strands Markierungsleuchte orange - LKW, Traktor, Anh\u00e4nger und mehr - 12&amp;24 volt - 2 LED&#039;s - Reflektor - ECE R3, R7 und R91- 2,5m Kabel\" \/>\n<meta name=\"robots\" content=\"index, follow, max-snippet:-1, max-image-preview:large, max-video-preview:-1\" \/>\n<link rel=\"canonical\" href=\"https:\/\/www.alldayled.com\/de\/produkt\/strands-markeringslamp-met-reflector-oranje\/\" \/>\n<meta property=\"og:locale\" content=\"de_DE\" \/>\n<meta property=\"og:type\" content=\"article\" \/>\n<meta property=\"og:title\" content=\"Strands Markierungsleuchte orange - All Day Led - f\u00fcr 12&amp;24 Volt\" \/>\n<meta property=\"og:description\" content=\"Strands Markierungsleuchte orange - LKW, Traktor, Anh\u00e4nger und mehr - 12&amp;24 volt - 2 LED&#039;s - Reflektor - ECE R3, R7 und R91- 2,5m Kabel\" \/>\n<meta property=\"og:url\" content=\"https:\/\/www.alldayled.com\/de\/produkt\/strands-markeringslamp-met-reflector-oranje\/\" \/>\n<meta property=\"og:site_name\" content=\"All Day Led\" \/>\n<meta property=\"article:publisher\" content=\"https:\/\/www.facebook.com\/alldayled\/\" \/>\n<meta property=\"og:image\" content=\"https:\/\/www.alldayled.com\/wp-content\/uploads\/2024\/05\/ADL800180-300x300.png\" \/>\n<meta name=\"twitter:label1\" content=\"Preis\" \/>\n\t<meta name=\"twitter:data1\" content=\"&euro;&nbsp;14,65\" \/>\n\t<meta name=\"twitter:label2\" content=\"Verf\u00fcgbarkeit\" \/>\n\t<meta name=\"twitter:data2\" content=\"Auf Lager\" \/>\n<script type=\"application\/ld+json\" class=\"yoast-schema-graph\">{\"@context\":\"https:\/\/schema.org\",\"@graph\":[{\"@type\":\"WebPage\",\"@id\":\"https:\/\/www.alldayled.com\/de\/produkt\/strands-markeringslamp-met-reflector-oranje\/\",\"url\":\"https:\/\/www.alldayled.com\/de\/produkt\/strands-markeringslamp-met-reflector-oranje\/\",\"name\":\"Strands Markierungsleuchte orange - All Day Led - f\u00fcr 12&24 Volt\",\"isPartOf\":{\"@id\":\"https:\/\/www.alldayled.com\/de\/#website\"},\"primaryImageOfPage\":{\"@id\":\"https:\/\/www.alldayled.com\/de\/produkt\/strands-markeringslamp-met-reflector-oranje\/#primaryimage\"},\"image\":{\"@id\":\"https:\/\/www.alldayled.com\/de\/produkt\/strands-markeringslamp-met-reflector-oranje\/#primaryimage\"},\"thumbnailUrl\":\"https:\/\/www.alldayled.com\/wp-content\/uploads\/2022\/01\/ADL80180.png\",\"datePublished\":\"2022-01-11T14:24:30+00:00\",\"description\":\"Strands Markierungsleuchte orange - LKW, Traktor, Anh\u00e4nger und mehr - 12&24 volt - 2 LED's - Reflektor - ECE R3, R7 und R91- 2,5m Kabel\",\"breadcrumb\":{\"@id\":\"https:\/\/www.alldayled.com\/de\/produkt\/strands-markeringslamp-met-reflector-oranje\/#breadcrumb\"},\"inLanguage\":\"de\",\"potentialAction\":[{\"@type\":\"ReadAction\",\"target\":[\"https:\/\/www.alldayled.com\/de\/produkt\/strands-markeringslamp-met-reflector-oranje\/\"]}]},{\"@type\":\"ImageObject\",\"inLanguage\":\"de\",\"@id\":\"https:\/\/www.alldayled.com\/de\/produkt\/strands-markeringslamp-met-reflector-oranje\/#primaryimage\",\"url\":\"https:\/\/www.alldayled.com\/wp-content\/uploads\/2022\/01\/ADL80180.png\",\"contentUrl\":\"https:\/\/www.alldayled.com\/wp-content\/uploads\/2022\/01\/ADL80180.png\",\"width\":800,\"height\":600,\"caption\":\"Strands Markierungsleuchte ORANGE mit Reflektor - geeignet f\u00fcr Anh\u00e4nger, LKW, Traktor und mehr - funktioniert mit 12 und 24 Volt - EAN: 7323030004347\"},{\"@type\":\"BreadcrumbList\",\"@id\":\"https:\/\/www.alldayled.com\/de\/produkt\/strands-markeringslamp-met-reflector-oranje\/#breadcrumb\",\"itemListElement\":[{\"@type\":\"ListItem\",\"position\":1,\"name\":\"Home\",\"item\":\"https:\/\/www.alldayled.com\/de\/\"},{\"@type\":\"ListItem\",\"position\":2,\"name\":\"Shop\",\"item\":\"https:\/\/www.alldayled.com\/de\/shop\/\"},{\"@type\":\"ListItem\",\"position\":3,\"name\":\"Positionsleuchten\",\"item\":\"https:\/\/www.alldayled.com\/de\/produkt-kategorie\/positionslichter\/\"},{\"@type\":\"ListItem\",\"position\":4,\"name\":\"Markierungsleuchten\",\"item\":\"https:\/\/www.alldayled.com\/de\/produkt-kategorie\/positionslichter\/markeringslampen\/\"},{\"@type\":\"ListItem\",\"position\":5,\"name\":\"Strands Markierungsleuchte mit Reflektor orange\"}]},{\"@type\":\"WebSite\",\"@id\":\"https:\/\/www.alldayled.com\/de\/#website\",\"url\":\"https:\/\/www.alldayled.com\/de\/\",\"name\":\"All Day Led\",\"description\":\"Verlichting voor 12&amp;24 volt gebruik\",\"publisher\":{\"@id\":\"https:\/\/www.alldayled.com\/de\/#organization\"},\"potentialAction\":[{\"@type\":\"SearchAction\",\"target\":{\"@type\":\"EntryPoint\",\"urlTemplate\":\"https:\/\/www.alldayled.com\/de\/?s={search_term_string}\"},\"query-input\":{\"@type\":\"PropertyValueSpecification\",\"valueRequired\":true,\"valueName\":\"search_term_string\"}}],\"inLanguage\":\"de\"},{\"@type\":\"Organization\",\"@id\":\"https:\/\/www.alldayled.com\/de\/#organization\",\"name\":\"All Day Led\",\"url\":\"https:\/\/www.alldayled.com\/de\/\",\"logo\":{\"@type\":\"ImageObject\",\"inLanguage\":\"de\",\"@id\":\"https:\/\/www.alldayled.com\/de\/#\/schema\/logo\/image\/\",\"url\":\"https:\/\/www.alldayled.com\/wp-content\/uploads\/2025\/10\/Logo-ALL-DAY-LED-800x800-zwart-witte-letters.png\",\"contentUrl\":\"https:\/\/www.alldayled.com\/wp-content\/uploads\/2025\/10\/Logo-ALL-DAY-LED-800x800-zwart-witte-letters.png\",\"width\":800,\"height\":800,\"caption\":\"All Day Led\"},\"image\":{\"@id\":\"https:\/\/www.alldayled.com\/de\/#\/schema\/logo\/image\/\"},\"sameAs\":[\"https:\/\/www.facebook.com\/alldayled\/\",\"https:\/\/www.instagram.com\/alldayled\/\"],\"vatID\":\"NL863960133B01\",\"taxID\":\"86416545\"}]}<\/script>\n<meta property=\"product:brand\" content=\"Strands\" \/>\n<meta property=\"product:price:amount\" content=\"14.65\" \/>\n<meta property=\"product:price:currency\" content=\"EUR\" \/>\n<meta property=\"og:availability\" content=\"instock\" \/>\n<meta property=\"product:availability\" content=\"instock\" \/>\n<meta property=\"product:retailer_item_id\" content=\"ADL800180\" \/>\n<meta property=\"product:condition\" content=\"new\" \/>\n<!-- \/ Yoast SEO Premium plugin. -->","yoast_head_json":{"title":"Strands Markierungsleuchte orange - All Day Led - f\u00fcr 12&24 Volt","description":"Strands Markierungsleuchte orange - LKW, Traktor, Anh\u00e4nger und mehr - 12&24 volt - 2 LED's - Reflektor - ECE R3, R7 und R91- 2,5m Kabel","robots":{"index":"index","follow":"follow","max-snippet":"max-snippet:-1","max-image-preview":"max-image-preview:large","max-video-preview":"max-video-preview:-1"},"canonical":"https:\/\/www.alldayled.com\/de\/produkt\/strands-markeringslamp-met-reflector-oranje\/","og_locale":"de_DE","og_type":"article","og_title":"Strands Markierungsleuchte orange - All Day Led - f\u00fcr 12&24 Volt","og_description":"Strands Markierungsleuchte orange - LKW, Traktor, Anh\u00e4nger und mehr - 12&24 volt - 2 LED's - Reflektor - ECE R3, R7 und R91- 2,5m Kabel","og_url":"https:\/\/www.alldayled.com\/de\/produkt\/strands-markeringslamp-met-reflector-oranje\/","og_site_name":"All Day Led","article_publisher":"https:\/\/www.facebook.com\/alldayled\/","og_image":[{"url":"https:\/\/www.alldayled.com\/wp-content\/uploads\/2024\/05\/ADL800180-300x300.png","type":"","width":"","height":""}],"twitter_misc":{"Preis":"&euro;&nbsp;14,65","Verf\u00fcgbarkeit":"Auf Lager"},"schema":{"@context":"https:\/\/schema.org","@graph":[{"@type":"WebPage","@id":"https:\/\/www.alldayled.com\/de\/produkt\/strands-markeringslamp-met-reflector-oranje\/","url":"https:\/\/www.alldayled.com\/de\/produkt\/strands-markeringslamp-met-reflector-oranje\/","name":"Strands Markierungsleuchte orange - All Day Led - f\u00fcr 12&24 Volt","isPartOf":{"@id":"https:\/\/www.alldayled.com\/de\/#website"},"primaryImageOfPage":{"@id":"https:\/\/www.alldayled.com\/de\/produkt\/strands-markeringslamp-met-reflector-oranje\/#primaryimage"},"image":{"@id":"https:\/\/www.alldayled.com\/de\/produkt\/strands-markeringslamp-met-reflector-oranje\/#primaryimage"},"thumbnailUrl":"https:\/\/www.alldayled.com\/wp-content\/uploads\/2022\/01\/ADL80180.png","datePublished":"2022-01-11T14:24:30+00:00","description":"Strands Markierungsleuchte orange - LKW, Traktor, Anh\u00e4nger und mehr - 12&24 volt - 2 LED's - Reflektor - ECE R3, R7 und R91- 2,5m Kabel","breadcrumb":{"@id":"https:\/\/www.alldayled.com\/de\/produkt\/strands-markeringslamp-met-reflector-oranje\/#breadcrumb"},"inLanguage":"de","potentialAction":[{"@type":"ReadAction","target":["https:\/\/www.alldayled.com\/de\/produkt\/strands-markeringslamp-met-reflector-oranje\/"]}]},{"@type":"ImageObject","inLanguage":"de","@id":"https:\/\/www.alldayled.com\/de\/produkt\/strands-markeringslamp-met-reflector-oranje\/#primaryimage","url":"https:\/\/www.alldayled.com\/wp-content\/uploads\/2022\/01\/ADL80180.png","contentUrl":"https:\/\/www.alldayled.com\/wp-content\/uploads\/2022\/01\/ADL80180.png","width":800,"height":600,"caption":"Strands Markierungsleuchte ORANGE mit Reflektor - geeignet f\u00fcr Anh\u00e4nger, LKW, Traktor und mehr - funktioniert mit 12 und 24 Volt - EAN: 7323030004347"},{"@type":"BreadcrumbList","@id":"https:\/\/www.alldayled.com\/de\/produkt\/strands-markeringslamp-met-reflector-oranje\/#breadcrumb","itemListElement":[{"@type":"ListItem","position":1,"name":"Home","item":"https:\/\/www.alldayled.com\/de\/"},{"@type":"ListItem","position":2,"name":"Shop","item":"https:\/\/www.alldayled.com\/de\/shop\/"},{"@type":"ListItem","position":3,"name":"Positionsleuchten","item":"https:\/\/www.alldayled.com\/de\/produkt-kategorie\/positionslichter\/"},{"@type":"ListItem","position":4,"name":"Markierungsleuchten","item":"https:\/\/www.alldayled.com\/de\/produkt-kategorie\/positionslichter\/markeringslampen\/"},{"@type":"ListItem","position":5,"name":"Strands Markierungsleuchte mit Reflektor orange"}]},{"@type":"WebSite","@id":"https:\/\/www.alldayled.com\/de\/#website","url":"https:\/\/www.alldayled.com\/de\/","name":"All Day Led","description":"Verlichting voor 12&amp;24 volt gebruik","publisher":{"@id":"https:\/\/www.alldayled.com\/de\/#organization"},"potentialAction":[{"@type":"SearchAction","target":{"@type":"EntryPoint","urlTemplate":"https:\/\/www.alldayled.com\/de\/?s={search_term_string}"},"query-input":{"@type":"PropertyValueSpecification","valueRequired":true,"valueName":"search_term_string"}}],"inLanguage":"de"},{"@type":"Organization","@id":"https:\/\/www.alldayled.com\/de\/#organization","name":"All Day Led","url":"https:\/\/www.alldayled.com\/de\/","logo":{"@type":"ImageObject","inLanguage":"de","@id":"https:\/\/www.alldayled.com\/de\/#\/schema\/logo\/image\/","url":"https:\/\/www.alldayled.com\/wp-content\/uploads\/2025\/10\/Logo-ALL-DAY-LED-800x800-zwart-witte-letters.png","contentUrl":"https:\/\/www.alldayled.com\/wp-content\/uploads\/2025\/10\/Logo-ALL-DAY-LED-800x800-zwart-witte-letters.png","width":800,"height":800,"caption":"All Day Led"},"image":{"@id":"https:\/\/www.alldayled.com\/de\/#\/schema\/logo\/image\/"},"sameAs":["https:\/\/www.facebook.com\/alldayled\/","https:\/\/www.instagram.com\/alldayled\/"],"vatID":"NL863960133B01","taxID":"86416545"}]},"product_brand":"Strands","product_price_amount":"14.65","product_price_currency":"EUR","og_availability":"instock","product_availability":"instock","product_retailer_item_id":"ADL800180","product_condition":"new"},"_links":{"self":[{"href":"https:\/\/www.alldayled.com\/de\/wp-json\/wp\/v2\/product\/67215","targetHints":{"allow":["GET"]}}],"collection":[{"href":"https:\/\/www.alldayled.com\/de\/wp-json\/wp\/v2\/product"}],"about":[{"href":"https:\/\/www.alldayled.com\/de\/wp-json\/wp\/v2\/types\/product"}],"replies":[{"embeddable":true,"href":"https:\/\/www.alldayled.com\/de\/wp-json\/wp\/v2\/comments?post=67215"}],"wp:featuredmedia":[{"embeddable":true,"href":"https:\/\/www.alldayled.com\/de\/wp-json\/wp\/v2\/media\/20817"}],"wp:attachment":[{"href":"https:\/\/www.alldayled.com\/de\/wp-json\/wp\/v2\/media?parent=67215"}],"wp:term":[{"taxonomy":"product_brand","embeddable":true,"href":"https:\/\/www.alldayled.com\/de\/wp-json\/wp\/v2\/product_brand?post=67215"},{"taxonomy":"product_cat","embeddable":true,"href":"https:\/\/www.alldayled.com\/de\/wp-json\/wp\/v2\/product_cat?post=67215"},{"taxonomy":"product_tag","embeddable":true,"href":"https:\/\/www.alldayled.com\/de\/wp-json\/wp\/v2\/product_tag?post=67215"}],"curies":[{"name":"wp","href":"https:\/\/api.w.org\/{rel}","templated":true}]}}