{"id":67218,"date":"2021-03-10T17:55:52","date_gmt":"2021-03-10T16:55:52","guid":{"rendered":"https:\/\/www.alldayled.com\/product\/strands-led-markeringslamp-wit\/"},"modified":"2026-01-31T11:48:03","modified_gmt":"2026-01-31T10:48:03","slug":"strands-led-markeringslamp-wit","status":"publish","type":"product","link":"https:\/\/www.alldayled.com\/de\/produkt\/strands-led-markeringslamp-wit\/","title":{"rendered":"Strands LED Markierungsleuchte wei\u00df"},"content":{"rendered":"<p><span style=\"color: #000000;\"><strong> Strands LED Markierungsleuchte wei\u00df mit 5M Kabel, geeignet f\u00fcr 12 und 24 Volt Betrieb.<\/strong><\/span><\/p>\n<p><span style=\"color: #000000;\">Suchst du eine gute LED-Markierungsleuchte mit Montageb\u00fcgel? Und m\u00f6chtest du auch eine mit einem 5 Meter langen Anschlusskabel? Dann ist diese wei\u00dfe Strands LED-Markierungsleuchte vielleicht genau das, was du suchst. Es ist eine Umrissleuchte, die h\u00e4lt, was sie verspricht. Die Leuchte hat 5 LED&#8217;s, wodurch du trotz geringem Stromverbrauch gut sichtbar bist. Die wei\u00dfe Strands Markierungsleuchte funktioniert mit 12 und 24 Volt. Dadurch kannst du sie an deinem Auto, LKW, Traktor, Anh\u00e4nger oder einem anderen Fahrzeug verwenden.      <\/span><\/p>\n<p><span style=\"color: #000000;\">Um sicherzustellen, dass die Strands LED-Markierungsleuchte wei\u00df f\u00fcr dein Fahrzeug oder deinen Anh\u00e4nger geeignet ist, haben wir die wichtigsten Eigenschaften unten aufgelistet. Die Leuchte hat das ECE R10 Pr\u00fcfzeichen, was bedeutet, dass sie beispielsweise keine St\u00f6rungen an deinem Radiosignal verursacht. Zus\u00e4tzlich hat sie das ECE R3 und R7 Pr\u00fcfzeichen, sodass du sie sicher als Markierungsleuchte verwenden darfst.  <\/span><\/p>\n<h5><span style=\"color: #000000;\"><strong>Abmessungen:<\/strong><\/span><\/h5>\n<p><span style=\"color: #000000;\">M\u00f6chtest du sicherstellen, dass du die LED-Markierungsleuchte an der richtigen Stelle montieren kannst? Dann sieh dir unten die Abmessungen der Strands LED-Markierungsleuchte wei\u00df mit 5 LED&#8217;s an. So wei\u00dft du genau, woran du bist.  <\/span><\/p>\n<ul>\n<li><span style=\"color: #000000;\">L\u00e4nge: 111 mm<\/span><\/li>\n<li><span style=\"color: #000000;\">H\u00f6he: 51 mm<\/span><\/li>\n<li><span style=\"color: #000000;\">Dicke: 22 mm <\/span><\/li>\n<li><span style=\"color: #000000;\">Lochabstand: 90 mm<\/span><\/li>\n<\/ul>\n<h5><span style=\"color: #000000;\"><strong>Andere Farben:<\/strong><\/span><\/h5>\n<p><span style=\"color: #000000;\">Suchst du eine Markierungsleuchte mit 5 LED&#8217;s, m\u00f6chtest aber lieber eine andere Farbe als Wei\u00df? Kein Problem. Dieses Modell ist auch in mehreren Farben erh\u00e4ltlich.  <\/span><\/p>\n<ul>\n<li><span style=\"color: #000000;\"><a style=\"color: #000000;\" href=\"https:\/\/www.alldayled.com\/de\/produkt\/strands-led-markeringslamp-oranje\/\"><strong>Strands LED Markierungsleuchte orange<\/strong><\/a><\/span><\/li>\n<li><span style=\"color: #000000;\"><a style=\"color: #000000;\" href=\"https:\/\/www.alldayled.com\/de\/produkt\/strands-led-markeringslamp-rood\/\"><strong>Strands LED Markierungsleuchte rot<\/strong><\/a><\/span><\/li>\n<\/ul>\n<p><span style=\"color: #000000;\">Ist die Strands LED-Markierungsleuchte rot mit 5 LED&#8217;s doch nicht das, was du suchst? Vielleicht passen Farbe oder Form nicht ganz zu deinen W\u00fcnschen. Keine Sorge. Dann schau doch mal auf unserer Seite <g id=\"gid_0\">Markierungsleuchten<\/g> vorbei. Die Chancen stehen gut, dass du dort die richtige Leuchte findest.    <\/span><\/p>\n","protected":false},"excerpt":{"rendered":"<p>LED Markierungsleuchte wei\u00df von Strands mit Reflektor und 5m Kabel, geeignet f\u00fcr 12\/24 Volt.<\/p>\n","protected":false},"featured_media":18960,"comment_status":"open","ping_status":"closed","template":"","meta":{"_acf_changed":false},"product_brand":[5114],"product_cat":[5196],"product_tag":[9151,9266,9265,9153,9158,9159,9155,9167,9157,9156,9064,9065],"class_list":{"0":"post-67218","1":"product","2":"type-product","3":"status-publish","4":"has-post-thumbnail","6":"product_brand-product-strands-lighting-division","7":"product_cat-markeringslampen","8":"product_tag-konturbeleuchtung","9":"product_tag-led-begrenzungsleuchte-weis","10":"product_tag-led-markierung-weis","11":"product_tag-led-markierungsleuchte","12":"product_tag-led-markierungsleuchte-12-volt","13":"product_tag-led-markierungsleuchte-24-volt","14":"product_tag-markierungsleuchte-anhaenger","15":"product_tag-markierungsleuchte-anhanger","16":"product_tag-markierungsleuchte-lkw","17":"product_tag-markierungsleuchte-wohnmobil","18":"product_tag-strands-led-beleuchtung","19":"product_tag-strands-lighting-division","21":"first","22":"instock","23":"taxable","24":"shipping-taxable","25":"purchasable","26":"product-type-simple"},"acf":[],"yoast_head":"<!-- This site is optimized with the Yoast SEO Premium plugin v26.5 (Yoast SEO v27.1.1) - https:\/\/yoast.com\/product\/yoast-seo-premium-wordpress\/ -->\n<title>Strands LED Markierungsleuchte wei\u00df - All Day Led - f\u00fcr 12&amp;24 Volt<\/title>\n<meta name=\"description\" content=\"Strands LED Markierungsleuchte wei\u00df - f\u00fcr Auto, LKW, Anh\u00e4nger und mehr - f\u00fcr 12&amp;24 volt - mit 5 LED&#039;s - eingebauter Reflektor - ECE R7\" \/>\n<meta name=\"robots\" content=\"index, follow, max-snippet:-1, max-image-preview:large, max-video-preview:-1\" \/>\n<link rel=\"canonical\" href=\"https:\/\/www.alldayled.com\/de\/produkt\/strands-led-markeringslamp-wit\/\" \/>\n<meta property=\"og:locale\" content=\"de_DE\" \/>\n<meta property=\"og:type\" content=\"article\" \/>\n<meta property=\"og:title\" content=\"Strands LED Markierungsleuchte wei\u00df - All Day Led - f\u00fcr 12&amp;24 Volt\" \/>\n<meta property=\"og:description\" content=\"Strands LED Markierungsleuchte wei\u00df - f\u00fcr Auto, LKW, Anh\u00e4nger und mehr - f\u00fcr 12&amp;24 volt - mit 5 LED&#039;s - eingebauter Reflektor - ECE R7\" \/>\n<meta property=\"og:url\" content=\"https:\/\/www.alldayled.com\/de\/produkt\/strands-led-markeringslamp-wit\/\" \/>\n<meta property=\"og:site_name\" content=\"All Day Led\" \/>\n<meta property=\"article:publisher\" content=\"https:\/\/www.facebook.com\/alldayled\/\" \/>\n<meta property=\"article:modified_time\" content=\"2026-01-31T10:48:03+00:00\" \/>\n<meta property=\"og:image\" content=\"https:\/\/www.alldayled.com\/wp-content\/uploads\/2024\/08\/ADL810132.01-300x300.png\" \/>\n<meta name=\"twitter:label1\" content=\"Preis\" \/>\n\t<meta name=\"twitter:data1\" content=\"&euro;&nbsp;14,95\" \/>\n\t<meta name=\"twitter:label2\" content=\"Verf\u00fcgbarkeit\" \/>\n\t<meta name=\"twitter:data2\" content=\"Auf Lager\" \/>\n<script type=\"application\/ld+json\" class=\"yoast-schema-graph\">{\"@context\":\"https:\/\/schema.org\",\"@graph\":[{\"@type\":\"WebPage\",\"@id\":\"https:\/\/www.alldayled.com\/de\/produkt\/strands-led-markeringslamp-wit\/\",\"url\":\"https:\/\/www.alldayled.com\/de\/produkt\/strands-led-markeringslamp-wit\/\",\"name\":\"Strands LED Markierungsleuchte wei\u00df - All Day Led - f\u00fcr 12&24 Volt\",\"isPartOf\":{\"@id\":\"https:\/\/www.alldayled.com\/de\/#website\"},\"primaryImageOfPage\":{\"@id\":\"https:\/\/www.alldayled.com\/de\/produkt\/strands-led-markeringslamp-wit\/#primaryimage\"},\"image\":{\"@id\":\"https:\/\/www.alldayled.com\/de\/produkt\/strands-led-markeringslamp-wit\/#primaryimage\"},\"thumbnailUrl\":\"https:\/\/www.alldayled.com\/wp-content\/uploads\/2021\/03\/ADL81132..png\",\"datePublished\":\"2021-03-10T16:55:52+00:00\",\"dateModified\":\"2026-01-31T10:48:03+00:00\",\"description\":\"Strands LED Markierungsleuchte wei\u00df - f\u00fcr Auto, LKW, Anh\u00e4nger und mehr - f\u00fcr 12&24 volt - mit 5 LED's - eingebauter Reflektor - ECE R7\",\"breadcrumb\":{\"@id\":\"https:\/\/www.alldayled.com\/de\/produkt\/strands-led-markeringslamp-wit\/#breadcrumb\"},\"inLanguage\":\"de\",\"potentialAction\":[{\"@type\":\"ReadAction\",\"target\":[\"https:\/\/www.alldayled.com\/de\/produkt\/strands-led-markeringslamp-wit\/\"]}]},{\"@type\":\"ImageObject\",\"inLanguage\":\"de\",\"@id\":\"https:\/\/www.alldayled.com\/de\/produkt\/strands-led-markeringslamp-wit\/#primaryimage\",\"url\":\"https:\/\/www.alldayled.com\/wp-content\/uploads\/2021\/03\/ADL81132..png\",\"contentUrl\":\"https:\/\/www.alldayled.com\/wp-content\/uploads\/2021\/03\/ADL81132..png\",\"width\":800,\"height\":600,\"caption\":\"Strands LED Markierungsleuchte mit Reflektor in der Farbe Wei\u00df - f\u00fcr 12 und 24 Volt Betrieb - mit Halterung - geeignet als Markierungsleuchte vorne - EAN: 7323030166106\"},{\"@type\":\"BreadcrumbList\",\"@id\":\"https:\/\/www.alldayled.com\/de\/produkt\/strands-led-markeringslamp-wit\/#breadcrumb\",\"itemListElement\":[{\"@type\":\"ListItem\",\"position\":1,\"name\":\"Home\",\"item\":\"https:\/\/www.alldayled.com\/de\/\"},{\"@type\":\"ListItem\",\"position\":2,\"name\":\"Shop\",\"item\":\"https:\/\/www.alldayled.com\/de\/shop\/\"},{\"@type\":\"ListItem\",\"position\":3,\"name\":\"Positionsleuchten\",\"item\":\"https:\/\/www.alldayled.com\/de\/produkt-kategorie\/positionslichter\/\"},{\"@type\":\"ListItem\",\"position\":4,\"name\":\"Markierungsleuchten\",\"item\":\"https:\/\/www.alldayled.com\/de\/produkt-kategorie\/positionslichter\/markeringslampen\/\"},{\"@type\":\"ListItem\",\"position\":5,\"name\":\"Strands LED Markierungsleuchte wei\u00df\"}]},{\"@type\":\"WebSite\",\"@id\":\"https:\/\/www.alldayled.com\/de\/#website\",\"url\":\"https:\/\/www.alldayled.com\/de\/\",\"name\":\"All Day Led\",\"description\":\"Verlichting voor 12&amp;24 volt gebruik\",\"publisher\":{\"@id\":\"https:\/\/www.alldayled.com\/de\/#organization\"},\"potentialAction\":[{\"@type\":\"SearchAction\",\"target\":{\"@type\":\"EntryPoint\",\"urlTemplate\":\"https:\/\/www.alldayled.com\/de\/?s={search_term_string}\"},\"query-input\":{\"@type\":\"PropertyValueSpecification\",\"valueRequired\":true,\"valueName\":\"search_term_string\"}}],\"inLanguage\":\"de\"},{\"@type\":\"Organization\",\"@id\":\"https:\/\/www.alldayled.com\/de\/#organization\",\"name\":\"All Day Led\",\"url\":\"https:\/\/www.alldayled.com\/de\/\",\"logo\":{\"@type\":\"ImageObject\",\"inLanguage\":\"de\",\"@id\":\"https:\/\/www.alldayled.com\/de\/#\/schema\/logo\/image\/\",\"url\":\"https:\/\/www.alldayled.com\/wp-content\/uploads\/2025\/10\/Logo-ALL-DAY-LED-800x800-zwart-witte-letters.png\",\"contentUrl\":\"https:\/\/www.alldayled.com\/wp-content\/uploads\/2025\/10\/Logo-ALL-DAY-LED-800x800-zwart-witte-letters.png\",\"width\":800,\"height\":800,\"caption\":\"All Day Led\"},\"image\":{\"@id\":\"https:\/\/www.alldayled.com\/de\/#\/schema\/logo\/image\/\"},\"sameAs\":[\"https:\/\/www.facebook.com\/alldayled\/\",\"https:\/\/www.instagram.com\/alldayled\/\"],\"vatID\":\"NL863960133B01\",\"taxID\":\"86416545\"}]}<\/script>\n<meta property=\"product:brand\" content=\"Strands\" \/>\n<meta property=\"product:price:amount\" content=\"14.95\" \/>\n<meta property=\"product:price:currency\" content=\"EUR\" \/>\n<meta property=\"og:availability\" content=\"instock\" \/>\n<meta property=\"product:availability\" content=\"instock\" \/>\n<meta property=\"product:retailer_item_id\" content=\"ADL810132\" \/>\n<meta property=\"product:condition\" content=\"new\" \/>\n<!-- \/ Yoast SEO Premium plugin. -->","yoast_head_json":{"title":"Strands LED Markierungsleuchte wei\u00df - All Day Led - f\u00fcr 12&24 Volt","description":"Strands LED Markierungsleuchte wei\u00df - f\u00fcr Auto, LKW, Anh\u00e4nger und mehr - f\u00fcr 12&24 volt - mit 5 LED's - eingebauter Reflektor - ECE R7","robots":{"index":"index","follow":"follow","max-snippet":"max-snippet:-1","max-image-preview":"max-image-preview:large","max-video-preview":"max-video-preview:-1"},"canonical":"https:\/\/www.alldayled.com\/de\/produkt\/strands-led-markeringslamp-wit\/","og_locale":"de_DE","og_type":"article","og_title":"Strands LED Markierungsleuchte wei\u00df - All Day Led - f\u00fcr 12&24 Volt","og_description":"Strands LED Markierungsleuchte wei\u00df - f\u00fcr Auto, LKW, Anh\u00e4nger und mehr - f\u00fcr 12&24 volt - mit 5 LED's - eingebauter Reflektor - ECE R7","og_url":"https:\/\/www.alldayled.com\/de\/produkt\/strands-led-markeringslamp-wit\/","og_site_name":"All Day Led","article_publisher":"https:\/\/www.facebook.com\/alldayled\/","article_modified_time":"2026-01-31T10:48:03+00:00","og_image":[{"url":"https:\/\/www.alldayled.com\/wp-content\/uploads\/2024\/08\/ADL810132.01-300x300.png","type":"","width":"","height":""}],"twitter_misc":{"Preis":"&euro;&nbsp;14,95","Verf\u00fcgbarkeit":"Auf Lager"},"schema":{"@context":"https:\/\/schema.org","@graph":[{"@type":"WebPage","@id":"https:\/\/www.alldayled.com\/de\/produkt\/strands-led-markeringslamp-wit\/","url":"https:\/\/www.alldayled.com\/de\/produkt\/strands-led-markeringslamp-wit\/","name":"Strands LED Markierungsleuchte wei\u00df - All Day Led - f\u00fcr 12&24 Volt","isPartOf":{"@id":"https:\/\/www.alldayled.com\/de\/#website"},"primaryImageOfPage":{"@id":"https:\/\/www.alldayled.com\/de\/produkt\/strands-led-markeringslamp-wit\/#primaryimage"},"image":{"@id":"https:\/\/www.alldayled.com\/de\/produkt\/strands-led-markeringslamp-wit\/#primaryimage"},"thumbnailUrl":"https:\/\/www.alldayled.com\/wp-content\/uploads\/2021\/03\/ADL81132..png","datePublished":"2021-03-10T16:55:52+00:00","dateModified":"2026-01-31T10:48:03+00:00","description":"Strands LED Markierungsleuchte wei\u00df - f\u00fcr Auto, LKW, Anh\u00e4nger und mehr - f\u00fcr 12&24 volt - mit 5 LED's - eingebauter Reflektor - ECE R7","breadcrumb":{"@id":"https:\/\/www.alldayled.com\/de\/produkt\/strands-led-markeringslamp-wit\/#breadcrumb"},"inLanguage":"de","potentialAction":[{"@type":"ReadAction","target":["https:\/\/www.alldayled.com\/de\/produkt\/strands-led-markeringslamp-wit\/"]}]},{"@type":"ImageObject","inLanguage":"de","@id":"https:\/\/www.alldayled.com\/de\/produkt\/strands-led-markeringslamp-wit\/#primaryimage","url":"https:\/\/www.alldayled.com\/wp-content\/uploads\/2021\/03\/ADL81132..png","contentUrl":"https:\/\/www.alldayled.com\/wp-content\/uploads\/2021\/03\/ADL81132..png","width":800,"height":600,"caption":"Strands LED Markierungsleuchte mit Reflektor in der Farbe Wei\u00df - f\u00fcr 12 und 24 Volt Betrieb - mit Halterung - geeignet als Markierungsleuchte vorne - EAN: 7323030166106"},{"@type":"BreadcrumbList","@id":"https:\/\/www.alldayled.com\/de\/produkt\/strands-led-markeringslamp-wit\/#breadcrumb","itemListElement":[{"@type":"ListItem","position":1,"name":"Home","item":"https:\/\/www.alldayled.com\/de\/"},{"@type":"ListItem","position":2,"name":"Shop","item":"https:\/\/www.alldayled.com\/de\/shop\/"},{"@type":"ListItem","position":3,"name":"Positionsleuchten","item":"https:\/\/www.alldayled.com\/de\/produkt-kategorie\/positionslichter\/"},{"@type":"ListItem","position":4,"name":"Markierungsleuchten","item":"https:\/\/www.alldayled.com\/de\/produkt-kategorie\/positionslichter\/markeringslampen\/"},{"@type":"ListItem","position":5,"name":"Strands LED Markierungsleuchte wei\u00df"}]},{"@type":"WebSite","@id":"https:\/\/www.alldayled.com\/de\/#website","url":"https:\/\/www.alldayled.com\/de\/","name":"All Day Led","description":"Verlichting voor 12&amp;24 volt gebruik","publisher":{"@id":"https:\/\/www.alldayled.com\/de\/#organization"},"potentialAction":[{"@type":"SearchAction","target":{"@type":"EntryPoint","urlTemplate":"https:\/\/www.alldayled.com\/de\/?s={search_term_string}"},"query-input":{"@type":"PropertyValueSpecification","valueRequired":true,"valueName":"search_term_string"}}],"inLanguage":"de"},{"@type":"Organization","@id":"https:\/\/www.alldayled.com\/de\/#organization","name":"All Day Led","url":"https:\/\/www.alldayled.com\/de\/","logo":{"@type":"ImageObject","inLanguage":"de","@id":"https:\/\/www.alldayled.com\/de\/#\/schema\/logo\/image\/","url":"https:\/\/www.alldayled.com\/wp-content\/uploads\/2025\/10\/Logo-ALL-DAY-LED-800x800-zwart-witte-letters.png","contentUrl":"https:\/\/www.alldayled.com\/wp-content\/uploads\/2025\/10\/Logo-ALL-DAY-LED-800x800-zwart-witte-letters.png","width":800,"height":800,"caption":"All Day Led"},"image":{"@id":"https:\/\/www.alldayled.com\/de\/#\/schema\/logo\/image\/"},"sameAs":["https:\/\/www.facebook.com\/alldayled\/","https:\/\/www.instagram.com\/alldayled\/"],"vatID":"NL863960133B01","taxID":"86416545"}]},"product_brand":"Strands","product_price_amount":"14.95","product_price_currency":"EUR","og_availability":"instock","product_availability":"instock","product_retailer_item_id":"ADL810132","product_condition":"new"},"_links":{"self":[{"href":"https:\/\/www.alldayled.com\/de\/wp-json\/wp\/v2\/product\/67218","targetHints":{"allow":["GET"]}}],"collection":[{"href":"https:\/\/www.alldayled.com\/de\/wp-json\/wp\/v2\/product"}],"about":[{"href":"https:\/\/www.alldayled.com\/de\/wp-json\/wp\/v2\/types\/product"}],"replies":[{"embeddable":true,"href":"https:\/\/www.alldayled.com\/de\/wp-json\/wp\/v2\/comments?post=67218"}],"wp:featuredmedia":[{"embeddable":true,"href":"https:\/\/www.alldayled.com\/de\/wp-json\/wp\/v2\/media\/18960"}],"wp:attachment":[{"href":"https:\/\/www.alldayled.com\/de\/wp-json\/wp\/v2\/media?parent=67218"}],"wp:term":[{"taxonomy":"product_brand","embeddable":true,"href":"https:\/\/www.alldayled.com\/de\/wp-json\/wp\/v2\/product_brand?post=67218"},{"taxonomy":"product_cat","embeddable":true,"href":"https:\/\/www.alldayled.com\/de\/wp-json\/wp\/v2\/product_cat?post=67218"},{"taxonomy":"product_tag","embeddable":true,"href":"https:\/\/www.alldayled.com\/de\/wp-json\/wp\/v2\/product_tag?post=67218"}],"curies":[{"name":"wp","href":"https:\/\/api.w.org\/{rel}","templated":true}]}}