{"id":67220,"date":"2022-01-11T12:21:18","date_gmt":"2022-01-11T11:21:18","guid":{"rendered":"https:\/\/www.alldayled.com\/product\/strands-markeringslamp-met-reflector-wit\/"},"modified":"2022-01-11T12:21:18","modified_gmt":"2022-01-11T11:21:18","slug":"strands-markeringslamp-met-reflector-wit","status":"publish","type":"product","link":"https:\/\/www.alldayled.com\/de\/produkt\/strands-markeringslamp-met-reflector-wit\/","title":{"rendered":"Strands Markierungsleuchte mit Reflektor wei\u00df"},"content":{"rendered":"<p><span style=\"color: #000000;\"><strong>Strands Markierungsleuchte wei\u00df mit Reflektor, geeignet f\u00fcr 12 &amp; 24 Volt. <\/strong><\/span><\/p>\n<p><span style=\"color: #000000;\">Suchst du nach einer wei\u00dfen LED-Markierungsleuchte mit integriertem Reflektor und Montageb\u00fcgel? Dann ist diese Leuchte von Strands wahrscheinlich genau das, was du suchst. Es ist eine Umrissleuchte, die h\u00e4lt, was sie verspricht. Die Leuchte hat 2 LEDs, wodurch du trotz geringem Stromverbrauch gut sichtbar bist. Die Markierungsleuchte funktioniert mit 12 und 24 Volt. Dadurch kannst du sie an deinem Auto, LKW, Traktor, Anh\u00e4nger oder einem anderen Fahrzeug verwenden.     <\/span><\/p>\n<p><span style=\"color: #000000;\">Um sicherzustellen, dass diese Strands Markierungsleuchte wei\u00df mit Reflektor f\u00fcr dein Fahrzeug geeignet ist, haben wir unten die wichtigsten Spezifikationen aufgelistet. Die Leuchte hat das ECE R10 Pr\u00fcfzeichen, was bedeutet, dass sie beispielsweise keine St\u00f6rungen an deinem Radiosignal verursacht. Zudem verf\u00fcgt sie \u00fcber die ECE R3, R7 und R91 Pr\u00fcfzeichen. Diese Pr\u00fcfzeichen zeigen an, dass du die Leuchte sicher und zul\u00e4ssig als Markierungsleuchte verwenden darfst.   <\/span><\/p>\n<h5><span style=\"color: #000000;\"><strong>Abmessungen:<\/strong><\/span><\/h5>\n<p><span style=\"color: #000000;\">M\u00f6chtest du sicherstellen, dass du die Leuchte an der richtigen Stelle montieren kannst? Dann sieh dir unten die Abmessungen an. So wei\u00dft du genau, woran du bist.  <\/span><\/p>\n<ul>\n<li><span style=\"color: #000000;\">H\u00f6he: 33 mm (59 mm inkl. Befestigung)<\/span><\/li>\n<li><span style=\"color: #000000;\">Breite: 133 mm<\/span><\/li>\n<li><span style=\"color: #000000;\">Dicke: 23 mm <\/span><\/li>\n<li><span style=\"color: #000000;\">Lochabstand: 120 mm<\/span><\/li>\n<\/ul>\n<h5><span style=\"color: #000000;\"><strong>Andere Farben:<\/strong><\/span><\/h5>\n<p><span style=\"color: #000000;\">Suchst du zwar nach einer Strands Markierungsleuchte mit Reflektor, aber nicht in der Farbe Wei\u00df? Kein Problem. Dieses Modell ist auch in mehreren Farben erh\u00e4ltlich:  <\/span><\/p>\n<ul>\n<li><span style=\"color: #000000;\"><a style=\"color: #000000;\" href=\"https:\/\/www.alldayled.com\/de\/produkt\/strands-markeringslamp-met-reflector-oranje\/\"><strong>Strands Markierungsleuchte orange<\/strong><\/a><\/span><\/li>\n<li><span style=\"color: #000000;\"><a style=\"color: #000000;\" href=\"https:\/\/www.alldayled.com\/de\/produkt\/strands-markeringslamp-met-reflector-rood\/\"><strong>Strands Markierungsleuchte rot<\/strong><\/a><\/span><\/li>\n<\/ul>\n<p><span style=\"color: #000000;\">Ist die wei\u00dfe Strands Markierungsleuchte doch nicht das, was du suchst? Keine Sorge. Vielleicht passen die Farbe oder Form nicht zu deinen W\u00fcnschen. Dann wirf doch einen Blick auf unsere Seite <g id=\"gid_0\">Markierungsleuchten<\/g>. Die Chancen stehen gut, dass du dort die richtige Leuchte findest.    <\/span><\/p>\n","protected":false},"excerpt":{"rendered":"<p>Markierungsleuchte wei\u00df mit Reflektor und Montageb\u00fcgel von Strands &#8211; 12\/24V.<\/p>\n","protected":false},"featured_media":20865,"comment_status":"open","ping_status":"closed","template":"","meta":{"_acf_changed":false},"product_brand":[5114],"product_cat":[5196],"product_tag":[9151,9266,9265,9153,9158,9159,9155,9167,9157,9156,9064,9065],"class_list":{"0":"post-67220","1":"product","2":"type-product","3":"status-publish","4":"has-post-thumbnail","6":"product_brand-product-strands-lighting-division","7":"product_cat-markeringslampen","8":"product_tag-konturbeleuchtung","9":"product_tag-led-begrenzungsleuchte-weis","10":"product_tag-led-markierung-weis","11":"product_tag-led-markierungsleuchte","12":"product_tag-led-markierungsleuchte-12-volt","13":"product_tag-led-markierungsleuchte-24-volt","14":"product_tag-markierungsleuchte-anhaenger","15":"product_tag-markierungsleuchte-anhanger","16":"product_tag-markierungsleuchte-lkw","17":"product_tag-markierungsleuchte-wohnmobil","18":"product_tag-strands-led-beleuchtung","19":"product_tag-strands-lighting-division","21":"first","22":"instock","23":"taxable","24":"shipping-taxable","25":"purchasable","26":"product-type-simple"},"acf":[],"yoast_head":"<!-- This site is optimized with the Yoast SEO Premium plugin v26.5 (Yoast SEO v27.1.1) - https:\/\/yoast.com\/product\/yoast-seo-premium-wordpress\/ -->\n<title>Strands Markierungsleuchte wei\u00df - All Day Led - f\u00fcr 12&amp;24 Volt<\/title>\n<meta name=\"description\" content=\"Strands Markierungsleuchte wei\u00df - LKW, Traktor, Anh\u00e4nger und mehr - 12 - 24 Volt - 1 LED - mit Reflektor - ECE R3 + R7 - 2,5m Kabel\" \/>\n<meta name=\"robots\" content=\"index, follow, max-snippet:-1, max-image-preview:large, max-video-preview:-1\" \/>\n<link rel=\"canonical\" href=\"https:\/\/www.alldayled.com\/de\/produkt\/strands-markeringslamp-met-reflector-wit\/\" \/>\n<meta property=\"og:locale\" content=\"de_DE\" \/>\n<meta property=\"og:type\" content=\"article\" \/>\n<meta property=\"og:title\" content=\"Strands Markierungsleuchte wei\u00df - All Day Led - f\u00fcr 12&amp;24 Volt\" \/>\n<meta property=\"og:description\" content=\"Strands Markierungsleuchte wei\u00df - LKW, Traktor, Anh\u00e4nger und mehr - 12 - 24 Volt - 1 LED - mit Reflektor - ECE R3 + R7 - 2,5m Kabel\" \/>\n<meta property=\"og:url\" content=\"https:\/\/www.alldayled.com\/de\/produkt\/strands-markeringslamp-met-reflector-wit\/\" \/>\n<meta property=\"og:site_name\" content=\"All Day Led\" \/>\n<meta property=\"article:publisher\" content=\"https:\/\/www.facebook.com\/alldayled\/\" \/>\n<meta property=\"og:image\" content=\"https:\/\/www.alldayled.com\/wp-content\/uploads\/2024\/05\/ADL800182-300x300.png\" \/>\n<meta name=\"twitter:label1\" content=\"Preis\" \/>\n\t<meta name=\"twitter:data1\" content=\"&euro;&nbsp;14,65\" \/>\n\t<meta name=\"twitter:label2\" content=\"Verf\u00fcgbarkeit\" \/>\n\t<meta name=\"twitter:data2\" content=\"Auf Lager\" \/>\n<script type=\"application\/ld+json\" class=\"yoast-schema-graph\">{\"@context\":\"https:\/\/schema.org\",\"@graph\":[{\"@type\":\"WebPage\",\"@id\":\"https:\/\/www.alldayled.com\/de\/produkt\/strands-markeringslamp-met-reflector-wit\/\",\"url\":\"https:\/\/www.alldayled.com\/de\/produkt\/strands-markeringslamp-met-reflector-wit\/\",\"name\":\"Strands Markierungsleuchte wei\u00df - All Day Led - f\u00fcr 12&24 Volt\",\"isPartOf\":{\"@id\":\"https:\/\/www.alldayled.com\/de\/#website\"},\"primaryImageOfPage\":{\"@id\":\"https:\/\/www.alldayled.com\/de\/produkt\/strands-markeringslamp-met-reflector-wit\/#primaryimage\"},\"image\":{\"@id\":\"https:\/\/www.alldayled.com\/de\/produkt\/strands-markeringslamp-met-reflector-wit\/#primaryimage\"},\"thumbnailUrl\":\"https:\/\/www.alldayled.com\/wp-content\/uploads\/2022\/01\/ADL80182.png\",\"datePublished\":\"2022-01-11T11:21:18+00:00\",\"description\":\"Strands Markierungsleuchte wei\u00df - LKW, Traktor, Anh\u00e4nger und mehr - 12 - 24 Volt - 1 LED - mit Reflektor - ECE R3 + R7 - 2,5m Kabel\",\"breadcrumb\":{\"@id\":\"https:\/\/www.alldayled.com\/de\/produkt\/strands-markeringslamp-met-reflector-wit\/#breadcrumb\"},\"inLanguage\":\"de\",\"potentialAction\":[{\"@type\":\"ReadAction\",\"target\":[\"https:\/\/www.alldayled.com\/de\/produkt\/strands-markeringslamp-met-reflector-wit\/\"]}]},{\"@type\":\"ImageObject\",\"inLanguage\":\"de\",\"@id\":\"https:\/\/www.alldayled.com\/de\/produkt\/strands-markeringslamp-met-reflector-wit\/#primaryimage\",\"url\":\"https:\/\/www.alldayled.com\/wp-content\/uploads\/2022\/01\/ADL80182.png\",\"contentUrl\":\"https:\/\/www.alldayled.com\/wp-content\/uploads\/2022\/01\/ADL80182.png\",\"width\":800,\"height\":600,\"caption\":\"Strands Markierungsleuchte WEISS mit Reflektor - geeignet f\u00fcr Anh\u00e4nger, Trailer, LKW, Traktor und mehr - funktioniert mit 12 und 24 Volt - EAN: 7323030004286\"},{\"@type\":\"BreadcrumbList\",\"@id\":\"https:\/\/www.alldayled.com\/de\/produkt\/strands-markeringslamp-met-reflector-wit\/#breadcrumb\",\"itemListElement\":[{\"@type\":\"ListItem\",\"position\":1,\"name\":\"Home\",\"item\":\"https:\/\/www.alldayled.com\/de\/\"},{\"@type\":\"ListItem\",\"position\":2,\"name\":\"Shop\",\"item\":\"https:\/\/www.alldayled.com\/de\/shop\/\"},{\"@type\":\"ListItem\",\"position\":3,\"name\":\"Positionsleuchten\",\"item\":\"https:\/\/www.alldayled.com\/de\/produkt-kategorie\/positionslichter\/\"},{\"@type\":\"ListItem\",\"position\":4,\"name\":\"Markierungsleuchten\",\"item\":\"https:\/\/www.alldayled.com\/de\/produkt-kategorie\/positionslichter\/markeringslampen\/\"},{\"@type\":\"ListItem\",\"position\":5,\"name\":\"Strands Markierungsleuchte mit Reflektor wei\u00df\"}]},{\"@type\":\"WebSite\",\"@id\":\"https:\/\/www.alldayled.com\/de\/#website\",\"url\":\"https:\/\/www.alldayled.com\/de\/\",\"name\":\"All Day Led\",\"description\":\"Verlichting voor 12&amp;24 volt gebruik\",\"publisher\":{\"@id\":\"https:\/\/www.alldayled.com\/de\/#organization\"},\"potentialAction\":[{\"@type\":\"SearchAction\",\"target\":{\"@type\":\"EntryPoint\",\"urlTemplate\":\"https:\/\/www.alldayled.com\/de\/?s={search_term_string}\"},\"query-input\":{\"@type\":\"PropertyValueSpecification\",\"valueRequired\":true,\"valueName\":\"search_term_string\"}}],\"inLanguage\":\"de\"},{\"@type\":\"Organization\",\"@id\":\"https:\/\/www.alldayled.com\/de\/#organization\",\"name\":\"All Day Led\",\"url\":\"https:\/\/www.alldayled.com\/de\/\",\"logo\":{\"@type\":\"ImageObject\",\"inLanguage\":\"de\",\"@id\":\"https:\/\/www.alldayled.com\/de\/#\/schema\/logo\/image\/\",\"url\":\"https:\/\/www.alldayled.com\/wp-content\/uploads\/2025\/10\/Logo-ALL-DAY-LED-800x800-zwart-witte-letters.png\",\"contentUrl\":\"https:\/\/www.alldayled.com\/wp-content\/uploads\/2025\/10\/Logo-ALL-DAY-LED-800x800-zwart-witte-letters.png\",\"width\":800,\"height\":800,\"caption\":\"All Day Led\"},\"image\":{\"@id\":\"https:\/\/www.alldayled.com\/de\/#\/schema\/logo\/image\/\"},\"sameAs\":[\"https:\/\/www.facebook.com\/alldayled\/\",\"https:\/\/www.instagram.com\/alldayled\/\"],\"vatID\":\"NL863960133B01\",\"taxID\":\"86416545\"}]}<\/script>\n<meta property=\"product:brand\" content=\"Strands\" \/>\n<meta property=\"product:price:amount\" content=\"14.65\" \/>\n<meta property=\"product:price:currency\" content=\"EUR\" \/>\n<meta property=\"og:availability\" content=\"instock\" \/>\n<meta property=\"product:availability\" content=\"instock\" \/>\n<meta property=\"product:retailer_item_id\" content=\"ADL800182\" \/>\n<meta property=\"product:condition\" content=\"new\" \/>\n<!-- \/ Yoast SEO Premium plugin. -->","yoast_head_json":{"title":"Strands Markierungsleuchte wei\u00df - All Day Led - f\u00fcr 12&24 Volt","description":"Strands Markierungsleuchte wei\u00df - LKW, Traktor, Anh\u00e4nger und mehr - 12 - 24 Volt - 1 LED - mit Reflektor - ECE R3 + R7 - 2,5m Kabel","robots":{"index":"index","follow":"follow","max-snippet":"max-snippet:-1","max-image-preview":"max-image-preview:large","max-video-preview":"max-video-preview:-1"},"canonical":"https:\/\/www.alldayled.com\/de\/produkt\/strands-markeringslamp-met-reflector-wit\/","og_locale":"de_DE","og_type":"article","og_title":"Strands Markierungsleuchte wei\u00df - All Day Led - f\u00fcr 12&24 Volt","og_description":"Strands Markierungsleuchte wei\u00df - LKW, Traktor, Anh\u00e4nger und mehr - 12 - 24 Volt - 1 LED - mit Reflektor - ECE R3 + R7 - 2,5m Kabel","og_url":"https:\/\/www.alldayled.com\/de\/produkt\/strands-markeringslamp-met-reflector-wit\/","og_site_name":"All Day Led","article_publisher":"https:\/\/www.facebook.com\/alldayled\/","og_image":[{"url":"https:\/\/www.alldayled.com\/wp-content\/uploads\/2024\/05\/ADL800182-300x300.png","type":"","width":"","height":""}],"twitter_misc":{"Preis":"&euro;&nbsp;14,65","Verf\u00fcgbarkeit":"Auf Lager"},"schema":{"@context":"https:\/\/schema.org","@graph":[{"@type":"WebPage","@id":"https:\/\/www.alldayled.com\/de\/produkt\/strands-markeringslamp-met-reflector-wit\/","url":"https:\/\/www.alldayled.com\/de\/produkt\/strands-markeringslamp-met-reflector-wit\/","name":"Strands Markierungsleuchte wei\u00df - All Day Led - f\u00fcr 12&24 Volt","isPartOf":{"@id":"https:\/\/www.alldayled.com\/de\/#website"},"primaryImageOfPage":{"@id":"https:\/\/www.alldayled.com\/de\/produkt\/strands-markeringslamp-met-reflector-wit\/#primaryimage"},"image":{"@id":"https:\/\/www.alldayled.com\/de\/produkt\/strands-markeringslamp-met-reflector-wit\/#primaryimage"},"thumbnailUrl":"https:\/\/www.alldayled.com\/wp-content\/uploads\/2022\/01\/ADL80182.png","datePublished":"2022-01-11T11:21:18+00:00","description":"Strands Markierungsleuchte wei\u00df - LKW, Traktor, Anh\u00e4nger und mehr - 12 - 24 Volt - 1 LED - mit Reflektor - ECE R3 + R7 - 2,5m Kabel","breadcrumb":{"@id":"https:\/\/www.alldayled.com\/de\/produkt\/strands-markeringslamp-met-reflector-wit\/#breadcrumb"},"inLanguage":"de","potentialAction":[{"@type":"ReadAction","target":["https:\/\/www.alldayled.com\/de\/produkt\/strands-markeringslamp-met-reflector-wit\/"]}]},{"@type":"ImageObject","inLanguage":"de","@id":"https:\/\/www.alldayled.com\/de\/produkt\/strands-markeringslamp-met-reflector-wit\/#primaryimage","url":"https:\/\/www.alldayled.com\/wp-content\/uploads\/2022\/01\/ADL80182.png","contentUrl":"https:\/\/www.alldayled.com\/wp-content\/uploads\/2022\/01\/ADL80182.png","width":800,"height":600,"caption":"Strands Markierungsleuchte WEISS mit Reflektor - geeignet f\u00fcr Anh\u00e4nger, Trailer, LKW, Traktor und mehr - funktioniert mit 12 und 24 Volt - EAN: 7323030004286"},{"@type":"BreadcrumbList","@id":"https:\/\/www.alldayled.com\/de\/produkt\/strands-markeringslamp-met-reflector-wit\/#breadcrumb","itemListElement":[{"@type":"ListItem","position":1,"name":"Home","item":"https:\/\/www.alldayled.com\/de\/"},{"@type":"ListItem","position":2,"name":"Shop","item":"https:\/\/www.alldayled.com\/de\/shop\/"},{"@type":"ListItem","position":3,"name":"Positionsleuchten","item":"https:\/\/www.alldayled.com\/de\/produkt-kategorie\/positionslichter\/"},{"@type":"ListItem","position":4,"name":"Markierungsleuchten","item":"https:\/\/www.alldayled.com\/de\/produkt-kategorie\/positionslichter\/markeringslampen\/"},{"@type":"ListItem","position":5,"name":"Strands Markierungsleuchte mit Reflektor wei\u00df"}]},{"@type":"WebSite","@id":"https:\/\/www.alldayled.com\/de\/#website","url":"https:\/\/www.alldayled.com\/de\/","name":"All Day Led","description":"Verlichting voor 12&amp;24 volt gebruik","publisher":{"@id":"https:\/\/www.alldayled.com\/de\/#organization"},"potentialAction":[{"@type":"SearchAction","target":{"@type":"EntryPoint","urlTemplate":"https:\/\/www.alldayled.com\/de\/?s={search_term_string}"},"query-input":{"@type":"PropertyValueSpecification","valueRequired":true,"valueName":"search_term_string"}}],"inLanguage":"de"},{"@type":"Organization","@id":"https:\/\/www.alldayled.com\/de\/#organization","name":"All Day Led","url":"https:\/\/www.alldayled.com\/de\/","logo":{"@type":"ImageObject","inLanguage":"de","@id":"https:\/\/www.alldayled.com\/de\/#\/schema\/logo\/image\/","url":"https:\/\/www.alldayled.com\/wp-content\/uploads\/2025\/10\/Logo-ALL-DAY-LED-800x800-zwart-witte-letters.png","contentUrl":"https:\/\/www.alldayled.com\/wp-content\/uploads\/2025\/10\/Logo-ALL-DAY-LED-800x800-zwart-witte-letters.png","width":800,"height":800,"caption":"All Day Led"},"image":{"@id":"https:\/\/www.alldayled.com\/de\/#\/schema\/logo\/image\/"},"sameAs":["https:\/\/www.facebook.com\/alldayled\/","https:\/\/www.instagram.com\/alldayled\/"],"vatID":"NL863960133B01","taxID":"86416545"}]},"product_brand":"Strands","product_price_amount":"14.65","product_price_currency":"EUR","og_availability":"instock","product_availability":"instock","product_retailer_item_id":"ADL800182","product_condition":"new"},"_links":{"self":[{"href":"https:\/\/www.alldayled.com\/de\/wp-json\/wp\/v2\/product\/67220","targetHints":{"allow":["GET"]}}],"collection":[{"href":"https:\/\/www.alldayled.com\/de\/wp-json\/wp\/v2\/product"}],"about":[{"href":"https:\/\/www.alldayled.com\/de\/wp-json\/wp\/v2\/types\/product"}],"replies":[{"embeddable":true,"href":"https:\/\/www.alldayled.com\/de\/wp-json\/wp\/v2\/comments?post=67220"}],"wp:featuredmedia":[{"embeddable":true,"href":"https:\/\/www.alldayled.com\/de\/wp-json\/wp\/v2\/media\/20865"}],"wp:attachment":[{"href":"https:\/\/www.alldayled.com\/de\/wp-json\/wp\/v2\/media?parent=67220"}],"wp:term":[{"taxonomy":"product_brand","embeddable":true,"href":"https:\/\/www.alldayled.com\/de\/wp-json\/wp\/v2\/product_brand?post=67220"},{"taxonomy":"product_cat","embeddable":true,"href":"https:\/\/www.alldayled.com\/de\/wp-json\/wp\/v2\/product_cat?post=67220"},{"taxonomy":"product_tag","embeddable":true,"href":"https:\/\/www.alldayled.com\/de\/wp-json\/wp\/v2\/product_tag?post=67220"}],"curies":[{"name":"wp","href":"https:\/\/api.w.org\/{rel}","templated":true}]}}