{"id":67227,"date":"2024-01-25T16:21:31","date_gmt":"2024-01-25T15:21:31","guid":{"rendered":"https:\/\/www.alldayled.com\/product\/gylle-led-unit-rood\/"},"modified":"2026-04-30T08:48:52","modified_gmt":"2026-04-30T06:48:52","slug":"gylle-led-unit-rood","status":"publish","type":"product","link":"https:\/\/www.alldayled.com\/de\/produkt\/gylle-led-unit-rood\/","title":{"rendered":"Gylle LED Modul rot"},"content":{"rendered":"<p><span style=\"color: #000000;\"><strong>Gylle LED Modul rot f\u00fcr Gummi-Montagefu\u00df.<\/strong><\/span><\/p>\n<p><span style=\"color: #000000;\">Planen Sie, selbst eine d\u00e4nische Positionsleuchte zusammenzustellen? Dann ist das Gylle LED-Modul rot wahrscheinlich genau das, was Sie suchen. Dank der 6 SMD-LEDs erhalten Sie helles Licht bei geringem Stromverbrauch, und da das Modul f\u00fcr 12 und 24 Volt geeignet ist, k\u00f6nnen Sie es in fast jedem Fahrzeug verwenden: von Ihrem Auto bis zu Ihrem LKW, Traktor oder Anh\u00e4nger. Das Modul ist au\u00dferdem mit dem ECE R10-Pr\u00fcfzeichen versehen. Dies bedeutet, dass die Beleuchtung keine St\u00f6rungen verursacht, beispielsweise in Ihrem Radio. Auch praktisch: Sie erhalten standardm\u00e4\u00dfig 5 Meter Kabel, sodass Sie das LED-Modul einfach an der perfekten Stelle montieren k\u00f6nnen.     <\/span><\/p>\n<p><span style=\"color: #000000;\">Alle Teile einer Gylle Positionsleuchte werden immer separat geliefert, sodass Sie Ihr Set genau so zusammenstellen k\u00f6nnen, wie Sie es m\u00f6chten. Sie bestimmen selbst die Kabell\u00e4nge, die Bauweise und die Ausf\u00fchrung \u2013 ideal, wenn Sie Ihre Positionsleuchte ganz nach Ihren W\u00fcnschen aufbauen m\u00f6chten. Dank der roten Linse erhalten Sie au\u00dferdem den schnittigen skandinavischen Look, den viele Trucker suchen. Perfekt, wenn Sie Funktionalit\u00e4t und Aussehen kombinieren m\u00f6chten.   <\/span><\/p>\n<h5><span style=\"color: #000000;\"><strong>Abmessungen:<\/strong><\/span><\/h5>\n<p>Um sicherzustellen, dass das Modul beispielsweise auf Ihre Positionsleuchte passt, haben wir die Abmessungen unten f\u00fcr Sie aufgelistet. Die Abmessungen des Gylle LED-Moduls rot sind wie folgt: <\/p>\n<ul>\n<li><span style=\"color: #000000;\">Durchmesser: 71 mm (inkl. Rand)<\/span><\/li>\n<li><span style=\"color: #000000;\">H\u00f6he: 36 mm (inkl. Rand)<\/span><\/li>\n<\/ul>\n<h5><span style=\"color: #000000;\"><strong>Weitere Teile: <\/strong><\/span><\/h5>\n<p><span style=\"color: #000000;\">M\u00f6chten Sie ein LED-Modul kaufen, aber das Gylle LED-Modul rot ist nicht ganz das, was Sie suchen? Kein Problem! Das LED-Modul ist n\u00e4mlich auch in mehreren Ausf\u00fchrungen erh\u00e4ltlich. Es gibt also immer eine Variante, die zu deinem Fahrzeug passt. <\/span><\/p>\n<ul>\n<li><span style=\"color: #000000;\"><strong><a style=\"color: #000000;\" href=\"https:\/\/www.alldayled.com\/de\/produkt\/gylle-led-unit-xenon-wit-6000k\/\" target=\"_blank\" rel=\"noopener\">LED Modul xenon wei\u00df &#8211; 6000K<\/a><\/strong><\/span><\/li>\n<li><span style=\"color: #000000;\"><strong><a style=\"color: #000000;\" href=\"https:\/\/www.alldayled.com\/de\/produkt\/gylle-led-unit-warm-wit-3000k\/\" target=\"_blank\" rel=\"noopener\">LED Modul warm wei\u00df &#8211; 3000k<\/a><\/strong><\/span><\/li>\n<li><span style=\"color: #000000;\"><strong><a style=\"color: #000000;\" href=\"https:\/\/www.alldayled.com\/de\/produkt\/gylle-led-unit-oranje-helder-glas\/\" target=\"_blank\" rel=\"noopener\">LED Modul orange &#8211; klares Glas<\/a><\/strong><\/span><\/li>\n<li><span style=\"color: #000000;\"><strong><a style=\"color: #000000;\" href=\"https:\/\/www.alldayled.com\/de\/produkt\/gylle-led-unit-rood-helder-glas\/\" target=\"_blank\" rel=\"noopener\">LED Modul rot &#8211; klares Glas<\/a><\/strong><\/span><\/li>\n<li><span style=\"color: #000000;\"><strong><a style=\"color: #000000;\" href=\"https:\/\/www.alldayled.com\/de\/produkt\/gylle-led-unit-oranje\/\" target=\"_blank\" rel=\"noopener\">LED Modul orange<\/a><\/strong><\/span><\/li>\n<li><span style=\"color: #000000;\"><a style=\"color: #000000;\" href=\"https:\/\/www.alldayled.com\/de\/produkt\/gylle-afdichtkap-zwart\/\" target=\"_blank\" rel=\"noopener\"><strong>Dichtkappe<\/strong><\/a><\/span><\/li>\n<\/ul>\n<h5><span style=\"color: #000000;\"><strong>Selbst zusammenstellen:  <\/strong><\/span><\/h5>\n<p><span style=\"color: #000000;\">Um selbst Ihre d\u00e4nische Breitenleuchte der Marke Gylle zusammenzustellen, haben Sie zwei M\u00f6glichkeiten. Nachfolgend finden Sie beide Optionen, komplett mit einem Link zur entsprechenden Seite. Klicken Sie auf Option 1 oder Option 2 und Sie sehen direkt alle Artikel \u00fcbersichtlich auf einer Seite.  <\/span><\/p>\n<ul>\n<li><span style=\"color: #000000;\"><a style=\"color: #000000;\" href=\"https:\/\/www.alldayled.com\/de\/produkt-schlagwort\/gylle-halogen-umrissleuchte\/\"><strong>Option 1<\/strong><\/a><strong>:<\/strong> Stellen Sie die Lampe selbst zusammen, sodass Sie eine Halogen- oder LED-Birne einsetzen k\u00f6nnen.<br \/>\n<\/span><\/li>\n<li><span style=\"color: #000000;\"><a style=\"color: #000000;\" href=\"https:\/\/www.alldayled.com\/de\/produkt-schlagwort\/gylle-led-umrissleuchte\/\"><strong>Option 2<\/strong><\/a><strong>:<\/strong> Stelle die Lampe selbst zusammen, damit du eine LED-Einheit einsetzen kannst.<\/span><\/li>\n<\/ul>\n<p><span style=\"color: #000000;\">Sie sind noch nicht davon \u00fcberzeugt, dass das rote LED-Modul f\u00fcr Sie geeignet ist? Vielleicht passt eine andere Farbe oder Form besser. Sehen Sie sich hier das gesamte Sortiment von <a style=\"color: #000000;\" href=\"https:\/\/www.alldayled.com\/de\/marke\/product-gylle-mec\/\">Gylle<\/a> an und finden Sie genau das LED-Modul, das Sie suchen.  <\/span><\/p>\n","protected":false},"excerpt":{"rendered":"<p>Gylle LED Modul rot, geeignet f\u00fcr Gummi-Montagefu\u00df. Funktioniert mit 12 und 24 Volt. <\/p>\n","protected":false},"featured_media":16848,"comment_status":"open","ping_status":"closed","template":"","meta":{"_acf_changed":false},"product_brand":[5161],"product_cat":[5162],"product_tag":[9250,5168,9260,9259],"class_list":{"0":"post-67227","1":"product","2":"type-product","3":"status-publish","4":"has-post-thumbnail","6":"product_brand-product-gylle-mec","7":"product_cat-breedtelampen","8":"product_tag-danische-breitenlampe","9":"product_tag-danischer-poller","10":"product_tag-gylle-beleuchtung","11":"product_tag-gylle-led-umrissleuchte","13":"first","14":"instock","15":"taxable","16":"shipping-taxable","17":"purchasable","18":"product-type-simple"},"acf":[],"yoast_head":"<!-- This site is optimized with the Yoast SEO Premium plugin v26.5 (Yoast SEO v27.1.1) - https:\/\/yoast.com\/product\/yoast-seo-premium-wordpress\/ -->\n<title>Gylle LED Modul rot - All Day Led - f\u00fcr d\u00e4nische Positionsleuchte - 1224 Volt<\/title>\n<meta name=\"description\" content=\"Gylle LED Modul rot - Einzelmodul ROT mit 6 LED-Punkten - STERN-Form - LKW, Anh\u00e4nger, Traktor und mehr - passend f\u00fcr die d\u00e4nische Positionsleuchte\" \/>\n<meta name=\"robots\" content=\"index, follow, max-snippet:-1, max-image-preview:large, max-video-preview:-1\" \/>\n<link rel=\"canonical\" href=\"https:\/\/www.alldayled.com\/de\/produkt\/gylle-led-unit-rood\/\" \/>\n<meta property=\"og:locale\" content=\"de_DE\" \/>\n<meta property=\"og:type\" content=\"article\" \/>\n<meta property=\"og:title\" content=\"Gylle LED Modul rot - All Day Led - f\u00fcr d\u00e4nische Positionsleuchte - 1224 Volt\" \/>\n<meta property=\"og:description\" content=\"Gylle LED Modul rot - Einzelmodul ROT mit 6 LED-Punkten - STERN-Form - LKW, Anh\u00e4nger, Traktor und mehr - passend f\u00fcr die d\u00e4nische Positionsleuchte\" \/>\n<meta property=\"og:url\" content=\"https:\/\/www.alldayled.com\/de\/produkt\/gylle-led-unit-rood\/\" \/>\n<meta property=\"og:site_name\" content=\"All Day Led\" \/>\n<meta property=\"article:publisher\" content=\"https:\/\/www.facebook.com\/alldayled\/\" \/>\n<meta property=\"article:modified_time\" content=\"2026-04-30T06:48:52+00:00\" \/>\n<meta property=\"og:image\" content=\"https:\/\/www.alldayled.com\/wp-content\/uploads\/2020\/08\/ADL35193.-1.png\" \/>\n<meta name=\"twitter:label1\" content=\"Preis\" \/>\n\t<meta name=\"twitter:data1\" content=\"&euro;&nbsp;16,95\" \/>\n\t<meta name=\"twitter:label2\" content=\"Verf\u00fcgbarkeit\" \/>\n\t<meta name=\"twitter:data2\" content=\"Auf Lager\" \/>\n<script type=\"application\/ld+json\" class=\"yoast-schema-graph\">{\"@context\":\"https:\/\/schema.org\",\"@graph\":[{\"@type\":\"WebPage\",\"@id\":\"https:\/\/www.alldayled.com\/de\/produkt\/gylle-led-unit-rood\/\",\"url\":\"https:\/\/www.alldayled.com\/de\/produkt\/gylle-led-unit-rood\/\",\"name\":\"Gylle LED Modul rot - All Day Led - f\u00fcr d\u00e4nische Positionsleuchte - 1224 Volt\",\"isPartOf\":{\"@id\":\"https:\/\/www.alldayled.com\/de\/#website\"},\"primaryImageOfPage\":{\"@id\":\"https:\/\/www.alldayled.com\/de\/produkt\/gylle-led-unit-rood\/#primaryimage\"},\"image\":{\"@id\":\"https:\/\/www.alldayled.com\/de\/produkt\/gylle-led-unit-rood\/#primaryimage\"},\"thumbnailUrl\":\"https:\/\/www.alldayled.com\/wp-content\/uploads\/2020\/08\/ADL35193..png\",\"datePublished\":\"2024-01-25T15:21:31+00:00\",\"dateModified\":\"2026-04-30T06:48:52+00:00\",\"description\":\"Gylle LED Modul rot - Einzelmodul ROT mit 6 LED-Punkten - STERN-Form - LKW, Anh\u00e4nger, Traktor und mehr - passend f\u00fcr die d\u00e4nische Positionsleuchte\",\"breadcrumb\":{\"@id\":\"https:\/\/www.alldayled.com\/de\/produkt\/gylle-led-unit-rood\/#breadcrumb\"},\"inLanguage\":\"de\",\"potentialAction\":[{\"@type\":\"ReadAction\",\"target\":[\"https:\/\/www.alldayled.com\/de\/produkt\/gylle-led-unit-rood\/\"]}]},{\"@type\":\"ImageObject\",\"inLanguage\":\"de\",\"@id\":\"https:\/\/www.alldayled.com\/de\/produkt\/gylle-led-unit-rood\/#primaryimage\",\"url\":\"https:\/\/www.alldayled.com\/wp-content\/uploads\/2020\/08\/ADL35193..png\",\"contentUrl\":\"https:\/\/www.alldayled.com\/wp-content\/uploads\/2020\/08\/ADL35193..png\",\"width\":800,\"height\":600,\"caption\":\"Gylle LED rot mit farbigem Glas - Teil f\u00fcr eine d\u00e4nische LED-Lampe - geeignet f\u00fcr 12 und 24 Volt Betrieb - EAN: 7392847307965\"},{\"@type\":\"BreadcrumbList\",\"@id\":\"https:\/\/www.alldayled.com\/de\/produkt\/gylle-led-unit-rood\/#breadcrumb\",\"itemListElement\":[{\"@type\":\"ListItem\",\"position\":1,\"name\":\"Home\",\"item\":\"https:\/\/www.alldayled.com\/de\/\"},{\"@type\":\"ListItem\",\"position\":2,\"name\":\"Shop\",\"item\":\"https:\/\/www.alldayled.com\/de\/shop\/\"},{\"@type\":\"ListItem\",\"position\":3,\"name\":\"Positionsleuchten\",\"item\":\"https:\/\/www.alldayled.com\/de\/produkt-kategorie\/positionslichter\/\"},{\"@type\":\"ListItem\",\"position\":4,\"name\":\"Umrissleuchte\",\"item\":\"https:\/\/www.alldayled.com\/de\/produkt-kategorie\/positionslichter\/breedtelampen\/\"},{\"@type\":\"ListItem\",\"position\":5,\"name\":\"Gylle LED Modul rot\"}]},{\"@type\":\"WebSite\",\"@id\":\"https:\/\/www.alldayled.com\/de\/#website\",\"url\":\"https:\/\/www.alldayled.com\/de\/\",\"name\":\"All Day Led\",\"description\":\"Verlichting voor 12&amp;24 volt gebruik\",\"publisher\":{\"@id\":\"https:\/\/www.alldayled.com\/de\/#organization\"},\"potentialAction\":[{\"@type\":\"SearchAction\",\"target\":{\"@type\":\"EntryPoint\",\"urlTemplate\":\"https:\/\/www.alldayled.com\/de\/?s={search_term_string}\"},\"query-input\":{\"@type\":\"PropertyValueSpecification\",\"valueRequired\":true,\"valueName\":\"search_term_string\"}}],\"inLanguage\":\"de\"},{\"@type\":\"Organization\",\"@id\":\"https:\/\/www.alldayled.com\/de\/#organization\",\"name\":\"All Day Led\",\"url\":\"https:\/\/www.alldayled.com\/de\/\",\"logo\":{\"@type\":\"ImageObject\",\"inLanguage\":\"de\",\"@id\":\"https:\/\/www.alldayled.com\/de\/#\/schema\/logo\/image\/\",\"url\":\"https:\/\/www.alldayled.com\/wp-content\/uploads\/2025\/10\/Logo-ALL-DAY-LED-800x800-zwart-witte-letters.png\",\"contentUrl\":\"https:\/\/www.alldayled.com\/wp-content\/uploads\/2025\/10\/Logo-ALL-DAY-LED-800x800-zwart-witte-letters.png\",\"width\":800,\"height\":800,\"caption\":\"All Day Led\"},\"image\":{\"@id\":\"https:\/\/www.alldayled.com\/de\/#\/schema\/logo\/image\/\"},\"sameAs\":[\"https:\/\/www.facebook.com\/alldayled\/\",\"https:\/\/www.instagram.com\/alldayled\/\"],\"vatID\":\"NL863960133B01\",\"taxID\":\"86416545\"}]}<\/script>\n<meta property=\"product:brand\" content=\"Gylle\" \/>\n<meta property=\"product:price:amount\" content=\"16.95\" \/>\n<meta property=\"product:price:currency\" content=\"EUR\" \/>\n<meta property=\"og:availability\" content=\"instock\" \/>\n<meta property=\"product:availability\" content=\"instock\" \/>\n<meta property=\"product:retailer_item_id\" content=\"ADL35193\" \/>\n<meta property=\"product:condition\" content=\"new\" \/>\n<!-- \/ Yoast SEO Premium plugin. -->","yoast_head_json":{"title":"Gylle LED Modul rot - All Day Led - f\u00fcr d\u00e4nische Positionsleuchte - 1224 Volt","description":"Gylle LED Modul rot - Einzelmodul ROT mit 6 LED-Punkten - STERN-Form - LKW, Anh\u00e4nger, Traktor und mehr - passend f\u00fcr die d\u00e4nische Positionsleuchte","robots":{"index":"index","follow":"follow","max-snippet":"max-snippet:-1","max-image-preview":"max-image-preview:large","max-video-preview":"max-video-preview:-1"},"canonical":"https:\/\/www.alldayled.com\/de\/produkt\/gylle-led-unit-rood\/","og_locale":"de_DE","og_type":"article","og_title":"Gylle LED Modul rot - All Day Led - f\u00fcr d\u00e4nische Positionsleuchte - 1224 Volt","og_description":"Gylle LED Modul rot - Einzelmodul ROT mit 6 LED-Punkten - STERN-Form - LKW, Anh\u00e4nger, Traktor und mehr - passend f\u00fcr die d\u00e4nische Positionsleuchte","og_url":"https:\/\/www.alldayled.com\/de\/produkt\/gylle-led-unit-rood\/","og_site_name":"All Day Led","article_publisher":"https:\/\/www.facebook.com\/alldayled\/","article_modified_time":"2026-04-30T06:48:52+00:00","og_image":[{"url":"https:\/\/www.alldayled.com\/wp-content\/uploads\/2020\/08\/ADL35193.-1.png","type":"","width":"","height":""}],"twitter_misc":{"Preis":"&euro;&nbsp;16,95","Verf\u00fcgbarkeit":"Auf Lager"},"schema":{"@context":"https:\/\/schema.org","@graph":[{"@type":"WebPage","@id":"https:\/\/www.alldayled.com\/de\/produkt\/gylle-led-unit-rood\/","url":"https:\/\/www.alldayled.com\/de\/produkt\/gylle-led-unit-rood\/","name":"Gylle LED Modul rot - All Day Led - f\u00fcr d\u00e4nische Positionsleuchte - 1224 Volt","isPartOf":{"@id":"https:\/\/www.alldayled.com\/de\/#website"},"primaryImageOfPage":{"@id":"https:\/\/www.alldayled.com\/de\/produkt\/gylle-led-unit-rood\/#primaryimage"},"image":{"@id":"https:\/\/www.alldayled.com\/de\/produkt\/gylle-led-unit-rood\/#primaryimage"},"thumbnailUrl":"https:\/\/www.alldayled.com\/wp-content\/uploads\/2020\/08\/ADL35193..png","datePublished":"2024-01-25T15:21:31+00:00","dateModified":"2026-04-30T06:48:52+00:00","description":"Gylle LED Modul rot - Einzelmodul ROT mit 6 LED-Punkten - STERN-Form - LKW, Anh\u00e4nger, Traktor und mehr - passend f\u00fcr die d\u00e4nische Positionsleuchte","breadcrumb":{"@id":"https:\/\/www.alldayled.com\/de\/produkt\/gylle-led-unit-rood\/#breadcrumb"},"inLanguage":"de","potentialAction":[{"@type":"ReadAction","target":["https:\/\/www.alldayled.com\/de\/produkt\/gylle-led-unit-rood\/"]}]},{"@type":"ImageObject","inLanguage":"de","@id":"https:\/\/www.alldayled.com\/de\/produkt\/gylle-led-unit-rood\/#primaryimage","url":"https:\/\/www.alldayled.com\/wp-content\/uploads\/2020\/08\/ADL35193..png","contentUrl":"https:\/\/www.alldayled.com\/wp-content\/uploads\/2020\/08\/ADL35193..png","width":800,"height":600,"caption":"Gylle LED rot mit farbigem Glas - Teil f\u00fcr eine d\u00e4nische LED-Lampe - geeignet f\u00fcr 12 und 24 Volt Betrieb - EAN: 7392847307965"},{"@type":"BreadcrumbList","@id":"https:\/\/www.alldayled.com\/de\/produkt\/gylle-led-unit-rood\/#breadcrumb","itemListElement":[{"@type":"ListItem","position":1,"name":"Home","item":"https:\/\/www.alldayled.com\/de\/"},{"@type":"ListItem","position":2,"name":"Shop","item":"https:\/\/www.alldayled.com\/de\/shop\/"},{"@type":"ListItem","position":3,"name":"Positionsleuchten","item":"https:\/\/www.alldayled.com\/de\/produkt-kategorie\/positionslichter\/"},{"@type":"ListItem","position":4,"name":"Umrissleuchte","item":"https:\/\/www.alldayled.com\/de\/produkt-kategorie\/positionslichter\/breedtelampen\/"},{"@type":"ListItem","position":5,"name":"Gylle LED Modul rot"}]},{"@type":"WebSite","@id":"https:\/\/www.alldayled.com\/de\/#website","url":"https:\/\/www.alldayled.com\/de\/","name":"All Day Led","description":"Verlichting voor 12&amp;24 volt gebruik","publisher":{"@id":"https:\/\/www.alldayled.com\/de\/#organization"},"potentialAction":[{"@type":"SearchAction","target":{"@type":"EntryPoint","urlTemplate":"https:\/\/www.alldayled.com\/de\/?s={search_term_string}"},"query-input":{"@type":"PropertyValueSpecification","valueRequired":true,"valueName":"search_term_string"}}],"inLanguage":"de"},{"@type":"Organization","@id":"https:\/\/www.alldayled.com\/de\/#organization","name":"All Day Led","url":"https:\/\/www.alldayled.com\/de\/","logo":{"@type":"ImageObject","inLanguage":"de","@id":"https:\/\/www.alldayled.com\/de\/#\/schema\/logo\/image\/","url":"https:\/\/www.alldayled.com\/wp-content\/uploads\/2025\/10\/Logo-ALL-DAY-LED-800x800-zwart-witte-letters.png","contentUrl":"https:\/\/www.alldayled.com\/wp-content\/uploads\/2025\/10\/Logo-ALL-DAY-LED-800x800-zwart-witte-letters.png","width":800,"height":800,"caption":"All Day Led"},"image":{"@id":"https:\/\/www.alldayled.com\/de\/#\/schema\/logo\/image\/"},"sameAs":["https:\/\/www.facebook.com\/alldayled\/","https:\/\/www.instagram.com\/alldayled\/"],"vatID":"NL863960133B01","taxID":"86416545"}]},"product_brand":"Gylle","product_price_amount":"16.95","product_price_currency":"EUR","og_availability":"instock","product_availability":"instock","product_retailer_item_id":"ADL35193","product_condition":"new"},"_links":{"self":[{"href":"https:\/\/www.alldayled.com\/de\/wp-json\/wp\/v2\/product\/67227","targetHints":{"allow":["GET"]}}],"collection":[{"href":"https:\/\/www.alldayled.com\/de\/wp-json\/wp\/v2\/product"}],"about":[{"href":"https:\/\/www.alldayled.com\/de\/wp-json\/wp\/v2\/types\/product"}],"replies":[{"embeddable":true,"href":"https:\/\/www.alldayled.com\/de\/wp-json\/wp\/v2\/comments?post=67227"}],"wp:featuredmedia":[{"embeddable":true,"href":"https:\/\/www.alldayled.com\/de\/wp-json\/wp\/v2\/media\/16848"}],"wp:attachment":[{"href":"https:\/\/www.alldayled.com\/de\/wp-json\/wp\/v2\/media?parent=67227"}],"wp:term":[{"taxonomy":"product_brand","embeddable":true,"href":"https:\/\/www.alldayled.com\/de\/wp-json\/wp\/v2\/product_brand?post=67227"},{"taxonomy":"product_cat","embeddable":true,"href":"https:\/\/www.alldayled.com\/de\/wp-json\/wp\/v2\/product_cat?post=67227"},{"taxonomy":"product_tag","embeddable":true,"href":"https:\/\/www.alldayled.com\/de\/wp-json\/wp\/v2\/product_tag?post=67227"}],"curies":[{"name":"wp","href":"https:\/\/api.w.org\/{rel}","templated":true}]}}