{"id":67237,"date":"2021-07-09T13:46:01","date_gmt":"2021-07-09T11:46:01","guid":{"rendered":"https:\/\/www.alldayled.com\/product\/was-led-breedtelamp-unit-rood\/"},"modified":"2026-03-08T08:54:58","modified_gmt":"2026-03-08T07:54:58","slug":"was-led-breedtelamp-unit-rood","status":"publish","type":"product","link":"https:\/\/www.alldayled.com\/de\/produkt\/was-led-breedtelamp-unit-rood\/","title":{"rendered":"WA\u015a LED Umrissleuchte Modul &#8211; rot"},"content":{"rendered":"<p><span style=\"color: #000000;\"><strong>WA\u015a LED Modul rot, geeignet f\u00fcr 12 &amp; 24 Volt Betrieb.<\/strong><\/span><\/p>\n<p><span style=\"color: #000000;\">M\u00f6chten Sie selbst eine LED Umrissleuchte zusammenstellen? Dann ist dieses WA\u015a LED Modul rot vielleicht genau das, was Sie suchen. Mit anderen Worten, dieses Modul bietet Ihnen helles Licht bei geringem Stromverbrauch. Die Einheit ist mit 6 SMD LEDs ausgestattet und arbeitet mit 12 und 24 Volt. Dies bedeutet, dass Sie ihn einfach an Ihrem Auto, LKW, Traktor, Anh\u00e4nger oder einem anderen Fahrzeug verwenden k\u00f6nnen. Au\u00dferdem verleiht das rote Glas Ihrer Umrissleuchte ein robustes Aussehen und sorgt daf\u00fcr, dass Ihre Beleuchtung sowohl tags\u00fcber als auch nachts optimal sichtbar bleibt.     <\/span><\/p>\n<p><span style=\"color: #000000;\">Um sicherzustellen, dass das WA\u015a LED Modul rot perfekt zu Ihrem Fahrzeug oder Anh\u00e4nger passt, haben wir die wichtigsten Eigenschaften hier unten f\u00fcr Sie aufgelistet. Die Einheit ist mit dem ECE R10-Pr\u00fcfzeichen versehen, was bedeutet, dass sie keine St\u00f6rungen bei Funksignalen verursacht. Dar\u00fcber hinaus wird die Lampe mit einem 5-Meter-Kabel geliefert, sodass Sie sie an verschiedenen Stellen montieren und anschlie\u00dfen k\u00f6nnen. Bitte beachten Sie: Alle Teile einer selbst zusammenstellbaren Umrissleuchte werden immer separat geliefert. Daher k\u00f6nnen Sie die Kabell\u00e4nge selbst bestimmen und die Lampe genau dort platzieren, wo Sie sie haben m\u00f6chten.    <\/span><\/p>\n<h5><span style=\"color: #000000;\"><strong>Andere Farben:<\/strong><\/span><\/h5>\n<p><span style=\"color: #000000;\">M\u00f6chten Sie zwar ein LED Modul von WA\u015a, aber diese rote Ausf\u00fchrung ist nicht ganz das, was Sie suchen? Keine Sorge, WA\u015a bietet verschiedene andere Modelle an. Sehen Sie sich unten die verschiedenen Optionen an und finden Sie das LED Modul, das perfekt zu Ihrem Fahrzeug passt.  <\/span><\/p>\n<ul>\n<li><span style=\"color: #000000;\"><a style=\"color: #000000;\" href=\"https:\/\/www.alldayled.com\/de\/produkt\/was-led-breedtelamp-unit-oranje\/\"><strong>WA\u015a LED Modul &#8211; orange <\/strong><\/a><\/span><\/li>\n<li><span style=\"color: #000000;\"><a style=\"color: #000000;\" href=\"https:\/\/www.alldayled.com\/de\/produkt\/was-led-breedtelamp-unit-wit\/\"><strong>WA\u015a LED Modul &#8211; wei\u00df <\/strong><\/a><\/span><\/li>\n<\/ul>\n<p><span style=\"color: #000000;\">Sind Sie auf der Suche nach einer LED Umrissleuchte, m\u00f6chten diese aber nicht in Einzelteilen geliefert bekommen? Dann schauen Sie sich auch unsere Seite <a style=\"color: #000000;\" href=\"https:\/\/www.alldayled.com\/de\/produkt-kategorie\/positionslichter\/breedtelampen\/\">Umrissleuchten<\/a> an. Vielleicht finden Sie hier das Modell, das Sie suchen.  <\/span><\/p>\n","protected":false},"excerpt":{"rendered":"<p>Umrissleuchte Modul rot von WA\u015a mit 6 SMD LED, arbeitet mit 12\/24 Volt und 5 Meter Kabel.<\/p>\n","protected":false},"featured_media":19569,"comment_status":"open","ping_status":"closed","template":"","meta":{"_acf_changed":false},"product_brand":[5691],"product_cat":[5162],"product_tag":[5163,5164,5169,5172,5170,5171,9249,5166,9484,9486,9485,9445],"class_list":{"0":"post-67237","1":"product","2":"type-product","3":"status-publish","4":"has-post-thumbnail","6":"product_brand-product-was","7":"product_cat-breedtelampen","8":"product_tag-anhanger-breite-licht","9":"product_tag-breite-lampe-wohnmobil","10":"product_tag-danische-led-breitenleuchte","11":"product_tag-led-breite-licht","12":"product_tag-led-breitenleuchte-12-volt","13":"product_tag-led-breitenleuchte-24-volt","14":"product_tag-led-umrissleuchte","15":"product_tag-lkw-breite-lampe","16":"product_tag-umrissleuchte-anhanger","17":"product_tag-umrissleuchte-lkw","18":"product_tag-umrissleuchte-trailer","19":"product_tag-was-led-beleuchtung","21":"first","22":"instock","23":"taxable","24":"shipping-taxable","25":"purchasable","26":"product-type-simple"},"acf":[],"yoast_head":"<!-- This site is optimized with the Yoast SEO Premium plugin v26.5 (Yoast SEO v27.1.1) - https:\/\/yoast.com\/product\/yoast-seo-premium-wordpress\/ -->\n<title>WA\u015a LED Modul rot - Umrissleuchte - All Day Led - f\u00fcr 12&amp;24V<\/title>\n<meta name=\"description\" content=\"WA\u015a LED Modul rot - LED Umrissleuchte Modul f\u00fcr 12&amp;24 volt - WA\u015a W74.1 - LKW, Anh\u00e4nger und mehr - einfache Montage\" \/>\n<meta name=\"robots\" content=\"index, follow, max-snippet:-1, max-image-preview:large, max-video-preview:-1\" \/>\n<link rel=\"canonical\" href=\"https:\/\/www.alldayled.com\/de\/produkt\/was-led-breedtelamp-unit-rood\/\" \/>\n<meta property=\"og:locale\" content=\"de_DE\" \/>\n<meta property=\"og:type\" content=\"article\" \/>\n<meta property=\"og:title\" content=\"WA\u015a LED Modul rot - Umrissleuchte - All Day Led - f\u00fcr 12&amp;24V\" \/>\n<meta property=\"og:description\" content=\"WA\u015a LED Modul rot - LED Umrissleuchte Modul f\u00fcr 12&amp;24 volt - WA\u015a W74.1 - LKW, Anh\u00e4nger und mehr - einfache Montage\" \/>\n<meta property=\"og:url\" content=\"https:\/\/www.alldayled.com\/de\/produkt\/was-led-breedtelamp-unit-rood\/\" \/>\n<meta property=\"og:site_name\" content=\"All Day Led\" \/>\n<meta property=\"article:publisher\" content=\"https:\/\/www.facebook.com\/alldayled\/\" \/>\n<meta property=\"article:modified_time\" content=\"2026-03-08T07:54:58+00:00\" \/>\n<meta property=\"og:image\" content=\"https:\/\/www.alldayled.com\/wp-content\/uploads\/2021\/07\/ADL00545..png\" \/>\n\t<meta property=\"og:image:width\" content=\"800\" \/>\n\t<meta property=\"og:image:height\" content=\"600\" \/>\n\t<meta property=\"og:image:type\" content=\"image\/png\" \/>\n<meta name=\"twitter:label1\" content=\"Preis\" \/>\n\t<meta name=\"twitter:data1\" content=\"&euro;&nbsp;17,95\" \/>\n\t<meta name=\"twitter:label2\" content=\"Verf\u00fcgbarkeit\" \/>\n\t<meta name=\"twitter:data2\" content=\"Auf Lager\" \/>\n<script type=\"application\/ld+json\" class=\"yoast-schema-graph\">{\"@context\":\"https:\/\/schema.org\",\"@graph\":[{\"@type\":\"WebPage\",\"@id\":\"https:\/\/www.alldayled.com\/de\/produkt\/was-led-breedtelamp-unit-rood\/\",\"url\":\"https:\/\/www.alldayled.com\/de\/produkt\/was-led-breedtelamp-unit-rood\/\",\"name\":\"WA\u015a LED Modul rot - Umrissleuchte - All Day Led - f\u00fcr 12&24V\",\"isPartOf\":{\"@id\":\"https:\/\/www.alldayled.com\/de\/#website\"},\"primaryImageOfPage\":{\"@id\":\"https:\/\/www.alldayled.com\/de\/produkt\/was-led-breedtelamp-unit-rood\/#primaryimage\"},\"image\":{\"@id\":\"https:\/\/www.alldayled.com\/de\/produkt\/was-led-breedtelamp-unit-rood\/#primaryimage\"},\"thumbnailUrl\":\"https:\/\/www.alldayled.com\/wp-content\/uploads\/2021\/07\/ADL00545..png\",\"datePublished\":\"2021-07-09T11:46:01+00:00\",\"dateModified\":\"2026-03-08T07:54:58+00:00\",\"description\":\"WA\u015a LED Modul rot - LED Umrissleuchte Modul f\u00fcr 12&24 volt - WA\u015a W74.1 - LKW, Anh\u00e4nger und mehr - einfache Montage\",\"breadcrumb\":{\"@id\":\"https:\/\/www.alldayled.com\/de\/produkt\/was-led-breedtelamp-unit-rood\/#breadcrumb\"},\"inLanguage\":\"de\",\"potentialAction\":[{\"@type\":\"ReadAction\",\"target\":[\"https:\/\/www.alldayled.com\/de\/produkt\/was-led-breedtelamp-unit-rood\/\"]}]},{\"@type\":\"ImageObject\",\"inLanguage\":\"de\",\"@id\":\"https:\/\/www.alldayled.com\/de\/produkt\/was-led-breedtelamp-unit-rood\/#primaryimage\",\"url\":\"https:\/\/www.alldayled.com\/wp-content\/uploads\/2021\/07\/ADL00545..png\",\"contentUrl\":\"https:\/\/www.alldayled.com\/wp-content\/uploads\/2021\/07\/ADL00545..png\",\"width\":800,\"height\":600,\"caption\":\"WA\u015a LED Modul rot - geeignet f\u00fcr D\u00e4nische Umrissleuchte - Strands Viking Modell - EAN: 5901323106606\"},{\"@type\":\"BreadcrumbList\",\"@id\":\"https:\/\/www.alldayled.com\/de\/produkt\/was-led-breedtelamp-unit-rood\/#breadcrumb\",\"itemListElement\":[{\"@type\":\"ListItem\",\"position\":1,\"name\":\"Home\",\"item\":\"https:\/\/www.alldayled.com\/de\/\"},{\"@type\":\"ListItem\",\"position\":2,\"name\":\"Shop\",\"item\":\"https:\/\/www.alldayled.com\/de\/shop\/\"},{\"@type\":\"ListItem\",\"position\":3,\"name\":\"Positionsleuchten\",\"item\":\"https:\/\/www.alldayled.com\/de\/produkt-kategorie\/positionslichter\/\"},{\"@type\":\"ListItem\",\"position\":4,\"name\":\"Umrissleuchte\",\"item\":\"https:\/\/www.alldayled.com\/de\/produkt-kategorie\/positionslichter\/breedtelampen\/\"},{\"@type\":\"ListItem\",\"position\":5,\"name\":\"WA\u015a LED Umrissleuchte Modul &#8211; rot\"}]},{\"@type\":\"WebSite\",\"@id\":\"https:\/\/www.alldayled.com\/de\/#website\",\"url\":\"https:\/\/www.alldayled.com\/de\/\",\"name\":\"All Day Led\",\"description\":\"Verlichting voor 12&amp;24 volt gebruik\",\"publisher\":{\"@id\":\"https:\/\/www.alldayled.com\/de\/#organization\"},\"potentialAction\":[{\"@type\":\"SearchAction\",\"target\":{\"@type\":\"EntryPoint\",\"urlTemplate\":\"https:\/\/www.alldayled.com\/de\/?s={search_term_string}\"},\"query-input\":{\"@type\":\"PropertyValueSpecification\",\"valueRequired\":true,\"valueName\":\"search_term_string\"}}],\"inLanguage\":\"de\"},{\"@type\":\"Organization\",\"@id\":\"https:\/\/www.alldayled.com\/de\/#organization\",\"name\":\"All Day Led\",\"url\":\"https:\/\/www.alldayled.com\/de\/\",\"logo\":{\"@type\":\"ImageObject\",\"inLanguage\":\"de\",\"@id\":\"https:\/\/www.alldayled.com\/de\/#\/schema\/logo\/image\/\",\"url\":\"https:\/\/www.alldayled.com\/wp-content\/uploads\/2025\/10\/Logo-ALL-DAY-LED-800x800-zwart-witte-letters.png\",\"contentUrl\":\"https:\/\/www.alldayled.com\/wp-content\/uploads\/2025\/10\/Logo-ALL-DAY-LED-800x800-zwart-witte-letters.png\",\"width\":800,\"height\":800,\"caption\":\"All Day Led\"},\"image\":{\"@id\":\"https:\/\/www.alldayled.com\/de\/#\/schema\/logo\/image\/\"},\"sameAs\":[\"https:\/\/www.facebook.com\/alldayled\/\",\"https:\/\/www.instagram.com\/alldayled\/\"],\"vatID\":\"NL863960133B01\",\"taxID\":\"86416545\"}]}<\/script>\n<meta property=\"product:brand\" content=\"WA\u015a\" \/>\n<meta property=\"product:price:amount\" content=\"17.95\" \/>\n<meta property=\"product:price:currency\" content=\"EUR\" \/>\n<meta property=\"og:availability\" content=\"instock\" \/>\n<meta property=\"product:availability\" content=\"instock\" \/>\n<meta property=\"product:retailer_item_id\" content=\"ADL00545\" \/>\n<meta property=\"product:condition\" content=\"new\" \/>\n<!-- \/ Yoast SEO Premium plugin. -->","yoast_head_json":{"title":"WA\u015a LED Modul rot - Umrissleuchte - All Day Led - f\u00fcr 12&24V","description":"WA\u015a LED Modul rot - LED Umrissleuchte Modul f\u00fcr 12&24 volt - WA\u015a W74.1 - LKW, Anh\u00e4nger und mehr - einfache Montage","robots":{"index":"index","follow":"follow","max-snippet":"max-snippet:-1","max-image-preview":"max-image-preview:large","max-video-preview":"max-video-preview:-1"},"canonical":"https:\/\/www.alldayled.com\/de\/produkt\/was-led-breedtelamp-unit-rood\/","og_locale":"de_DE","og_type":"article","og_title":"WA\u015a LED Modul rot - Umrissleuchte - All Day Led - f\u00fcr 12&24V","og_description":"WA\u015a LED Modul rot - LED Umrissleuchte Modul f\u00fcr 12&24 volt - WA\u015a W74.1 - LKW, Anh\u00e4nger und mehr - einfache Montage","og_url":"https:\/\/www.alldayled.com\/de\/produkt\/was-led-breedtelamp-unit-rood\/","og_site_name":"All Day Led","article_publisher":"https:\/\/www.facebook.com\/alldayled\/","article_modified_time":"2026-03-08T07:54:58+00:00","og_image":[{"width":800,"height":600,"url":"https:\/\/www.alldayled.com\/wp-content\/uploads\/2021\/07\/ADL00545..png","type":"image\/png"}],"twitter_misc":{"Preis":"&euro;&nbsp;17,95","Verf\u00fcgbarkeit":"Auf Lager"},"schema":{"@context":"https:\/\/schema.org","@graph":[{"@type":"WebPage","@id":"https:\/\/www.alldayled.com\/de\/produkt\/was-led-breedtelamp-unit-rood\/","url":"https:\/\/www.alldayled.com\/de\/produkt\/was-led-breedtelamp-unit-rood\/","name":"WA\u015a LED Modul rot - Umrissleuchte - All Day Led - f\u00fcr 12&24V","isPartOf":{"@id":"https:\/\/www.alldayled.com\/de\/#website"},"primaryImageOfPage":{"@id":"https:\/\/www.alldayled.com\/de\/produkt\/was-led-breedtelamp-unit-rood\/#primaryimage"},"image":{"@id":"https:\/\/www.alldayled.com\/de\/produkt\/was-led-breedtelamp-unit-rood\/#primaryimage"},"thumbnailUrl":"https:\/\/www.alldayled.com\/wp-content\/uploads\/2021\/07\/ADL00545..png","datePublished":"2021-07-09T11:46:01+00:00","dateModified":"2026-03-08T07:54:58+00:00","description":"WA\u015a LED Modul rot - LED Umrissleuchte Modul f\u00fcr 12&24 volt - WA\u015a W74.1 - LKW, Anh\u00e4nger und mehr - einfache Montage","breadcrumb":{"@id":"https:\/\/www.alldayled.com\/de\/produkt\/was-led-breedtelamp-unit-rood\/#breadcrumb"},"inLanguage":"de","potentialAction":[{"@type":"ReadAction","target":["https:\/\/www.alldayled.com\/de\/produkt\/was-led-breedtelamp-unit-rood\/"]}]},{"@type":"ImageObject","inLanguage":"de","@id":"https:\/\/www.alldayled.com\/de\/produkt\/was-led-breedtelamp-unit-rood\/#primaryimage","url":"https:\/\/www.alldayled.com\/wp-content\/uploads\/2021\/07\/ADL00545..png","contentUrl":"https:\/\/www.alldayled.com\/wp-content\/uploads\/2021\/07\/ADL00545..png","width":800,"height":600,"caption":"WA\u015a LED Modul rot - geeignet f\u00fcr D\u00e4nische Umrissleuchte - Strands Viking Modell - EAN: 5901323106606"},{"@type":"BreadcrumbList","@id":"https:\/\/www.alldayled.com\/de\/produkt\/was-led-breedtelamp-unit-rood\/#breadcrumb","itemListElement":[{"@type":"ListItem","position":1,"name":"Home","item":"https:\/\/www.alldayled.com\/de\/"},{"@type":"ListItem","position":2,"name":"Shop","item":"https:\/\/www.alldayled.com\/de\/shop\/"},{"@type":"ListItem","position":3,"name":"Positionsleuchten","item":"https:\/\/www.alldayled.com\/de\/produkt-kategorie\/positionslichter\/"},{"@type":"ListItem","position":4,"name":"Umrissleuchte","item":"https:\/\/www.alldayled.com\/de\/produkt-kategorie\/positionslichter\/breedtelampen\/"},{"@type":"ListItem","position":5,"name":"WA\u015a LED Umrissleuchte Modul &#8211; rot"}]},{"@type":"WebSite","@id":"https:\/\/www.alldayled.com\/de\/#website","url":"https:\/\/www.alldayled.com\/de\/","name":"All Day Led","description":"Verlichting voor 12&amp;24 volt gebruik","publisher":{"@id":"https:\/\/www.alldayled.com\/de\/#organization"},"potentialAction":[{"@type":"SearchAction","target":{"@type":"EntryPoint","urlTemplate":"https:\/\/www.alldayled.com\/de\/?s={search_term_string}"},"query-input":{"@type":"PropertyValueSpecification","valueRequired":true,"valueName":"search_term_string"}}],"inLanguage":"de"},{"@type":"Organization","@id":"https:\/\/www.alldayled.com\/de\/#organization","name":"All Day Led","url":"https:\/\/www.alldayled.com\/de\/","logo":{"@type":"ImageObject","inLanguage":"de","@id":"https:\/\/www.alldayled.com\/de\/#\/schema\/logo\/image\/","url":"https:\/\/www.alldayled.com\/wp-content\/uploads\/2025\/10\/Logo-ALL-DAY-LED-800x800-zwart-witte-letters.png","contentUrl":"https:\/\/www.alldayled.com\/wp-content\/uploads\/2025\/10\/Logo-ALL-DAY-LED-800x800-zwart-witte-letters.png","width":800,"height":800,"caption":"All Day Led"},"image":{"@id":"https:\/\/www.alldayled.com\/de\/#\/schema\/logo\/image\/"},"sameAs":["https:\/\/www.facebook.com\/alldayled\/","https:\/\/www.instagram.com\/alldayled\/"],"vatID":"NL863960133B01","taxID":"86416545"}]},"product_brand":"WA\u015a","product_price_amount":"17.95","product_price_currency":"EUR","og_availability":"instock","product_availability":"instock","product_retailer_item_id":"ADL00545","product_condition":"new"},"_links":{"self":[{"href":"https:\/\/www.alldayled.com\/de\/wp-json\/wp\/v2\/product\/67237","targetHints":{"allow":["GET"]}}],"collection":[{"href":"https:\/\/www.alldayled.com\/de\/wp-json\/wp\/v2\/product"}],"about":[{"href":"https:\/\/www.alldayled.com\/de\/wp-json\/wp\/v2\/types\/product"}],"replies":[{"embeddable":true,"href":"https:\/\/www.alldayled.com\/de\/wp-json\/wp\/v2\/comments?post=67237"}],"wp:featuredmedia":[{"embeddable":true,"href":"https:\/\/www.alldayled.com\/de\/wp-json\/wp\/v2\/media\/19569"}],"wp:attachment":[{"href":"https:\/\/www.alldayled.com\/de\/wp-json\/wp\/v2\/media?parent=67237"}],"wp:term":[{"taxonomy":"product_brand","embeddable":true,"href":"https:\/\/www.alldayled.com\/de\/wp-json\/wp\/v2\/product_brand?post=67237"},{"taxonomy":"product_cat","embeddable":true,"href":"https:\/\/www.alldayled.com\/de\/wp-json\/wp\/v2\/product_cat?post=67237"},{"taxonomy":"product_tag","embeddable":true,"href":"https:\/\/www.alldayled.com\/de\/wp-json\/wp\/v2\/product_tag?post=67237"}],"curies":[{"name":"wp","href":"https:\/\/api.w.org\/{rel}","templated":true}]}}