{"id":67247,"date":"2020-06-05T13:43:47","date_gmt":"2020-06-05T11:43:47","guid":{"rendered":"https:\/\/www.alldayled.com\/product\/led-markeringslamp-was-oranje-groot-12-24-volt\/"},"modified":"2026-01-30T13:15:51","modified_gmt":"2026-01-30T12:15:51","slug":"led-markeringslamp-was-oranje-groot-12-24-volt","status":"publish","type":"product","link":"https:\/\/www.alldayled.com\/de\/produkt\/led-markeringslamp-was-oranje-groot-12-24-volt\/","title":{"rendered":"WA\u015a W97.4 Markierungsleuchte orange"},"content":{"rendered":"<p><span style=\"color: #000000;\"><strong>WA\u015a LED Markierungsleuchte orange, geeignet f\u00fcr 12 und 24 Volt Betrieb. <\/strong><\/span><\/p>\n<p><span style=\"color: #000000;\">Sind Sie auf der Suche nach einer gro\u00dfen LED Markierungsleuchte, die orange leuchtet? Dann ist diese WA\u015a W97.4 Markierungsleuchte vielleicht genau das, was Sie suchen! Es ist eine praktische Konturleuchte, die einfach das tut, was man von ihr erwartet. Die Leuchte ist mit 9 LED\u2019s ausgestattet, wodurch Sie mit einem geringen Stromverbrauch dennoch gut auf der Stra\u00dfe sichtbar sind. So sind Sie sowohl tags\u00fcber als auch abends von optimaler Sichtbarkeit versichert. Die WA\u015a LED Markierungsleuchte orange funktioniert mit 12 und 24 Volt, was bedeutet, dass Sie sie verwenden k\u00f6nnen, um die Seite Ihres Autos, LKWs, Traktors, Anh\u00e4ngers, Wohnmobils oder eines anderen Fahrzeugs zu beleuchten. So haben Sie immer eine sichere Fahrt, unabh\u00e4ngig vom Fahrzeug.      <\/span><\/p>\n<p><span style=\"color: #000000;\">Um sicherzustellen, dass diese Markierungsleuchte von WA\u015a f\u00fcr Ihr Fahrzeug oder Ihren Anh\u00e4nger geeignet ist, haben wir hier die wichtigsten Spezifikationen f\u00fcr Sie aufgelistet. So sehen Sie sofort, warum dies vielleicht die LED-Leuchte ist, nach der Sie suchen. Die WA\u015a W97.4 Markierungsleuchte orange hat das ECE R10-Pr\u00fcfzeichen, was bedeutet, dass sie keine St\u00f6rungen beispielsweise an Ihrem Radio verursacht. Dar\u00fcber hinaus ist sie mit dem ECE R7-Pr\u00fcfzeichen versehen, wodurch Sie die Leuchte offiziell als Positionsleuchte verwenden d\u00fcrfen.   <\/span><\/p>\n<h5><span style=\"color: #000000;\"><strong>Abmessungen:<\/strong><\/span><\/h5>\n<p><span style=\"color: #000000;\">M\u00f6chtest du sicherstellen, dass du die Leuchte genau dort montieren kannst, wo du m\u00f6chtest? Kein Problem! Die Abmessungen dieser WA\u015a W97.4 Markierungsleuchte orange finden Sie hier unten.<\/span><\/p>\n<ul>\n<li><span style=\"color: #000000;\">L\u00e4nge: 238 mm<\/span><\/li>\n<li><span style=\"color: #000000;\">H\u00f6he: 24,2 mm<\/span><\/li>\n<li><span style=\"color: #000000;\">Dicke: 10,4 mm<\/span><\/li>\n<\/ul>\n<h5><span style=\"color: #000000;\"><strong>Andere Farben:<\/strong><\/span><\/h5>\n<p><span style=\"color: #000000;\">Sind Sie zwar auf der Suche nach diesem Format Leuchte, aber ist orange nicht die Farbe, die Sie m\u00f6chten? Keine Sorge! Diese WA\u015a LED Markierungsleuchte ist auch in den folgenden Farben erh\u00e4ltlich:  <\/span><\/p>\n<ul>\n<li><span style=\"color: #000000;\"><strong><a style=\"color: #000000;\" href=\"https:\/\/www.alldayled.com\/de\/produkt\/led-markeringslamp-was-rood-groot-12-24-volt\/\">WA\u015a LED Markierungsleuchte rot<\/a><\/strong><\/span><\/li>\n<li><span style=\"color: #000000;\"><strong><a style=\"color: #000000;\" href=\"https:\/\/www.alldayled.com\/de\/produkt\/led-markeringslamp-was-wit-groot-12-24-volt\/\">WA\u015a LED Markierungsleuchte wei\u00df<\/a><\/strong><\/span><\/li>\n<\/ul>\n<p><span style=\"color: #000000;\">Bist du doch der Meinung, dass diese LED Lampe nicht das ist, was du suchst? Einfach weil die Farbe oder Form nicht deinen W\u00fcnschen entspricht? Dann wirf auch einen Blick auf unsere Seite <strong><a style=\"color: #000000;\" href=\"https:\/\/www.alldayled.com\/de\/produkt-kategorie\/positionslichter\/markeringslampen\/\">Markierungsleuchten<\/a><\/strong>. Vielleicht findest du hier das Modell Lampe, das du suchst.   <\/span><\/p>\n","protected":false},"excerpt":{"rendered":"<p>WA\u015a W97.4 Markierungsleuchte mit orangeLinse f\u00fcr 12\/24 Volt mit ECE R91-Pr\u00fcfzeichen.<\/p>\n","protected":false},"featured_media":15888,"comment_status":"open","ping_status":"closed","template":"","meta":{"_acf_changed":false},"product_brand":[5691],"product_cat":[5196],"product_tag":[9151,9269,9153,9158,9159,9270,9155,9167,9157,9156,9271,9445],"class_list":{"0":"post-67247","1":"product","2":"type-product","3":"status-publish","4":"has-post-thumbnail","6":"product_brand-product-was","7":"product_cat-markeringslampen","8":"product_tag-konturbeleuchtung","9":"product_tag-led-markierung-orange","10":"product_tag-led-markierungsleuchte","11":"product_tag-led-markierungsleuchte-12-volt","12":"product_tag-led-markierungsleuchte-24-volt","13":"product_tag-led-markierungsleuchte-orange","14":"product_tag-markierungsleuchte-anhaenger","15":"product_tag-markierungsleuchte-anhanger","16":"product_tag-markierungsleuchte-lkw","17":"product_tag-markierungsleuchte-wohnmobil","18":"product_tag-seitenmarkierung","19":"product_tag-was-led-beleuchtung","21":"first","22":"instock","23":"taxable","24":"shipping-taxable","25":"purchasable","26":"product-type-simple"},"acf":[],"yoast_head":"<!-- This site is optimized with the Yoast SEO Premium plugin v26.5 (Yoast SEO v27.1.1) - https:\/\/yoast.com\/product\/yoast-seo-premium-wordpress\/ -->\n<title>WA\u015a W97.4 Markierungsleuchte orange - All Day Led - f\u00fcr 12&amp;24V<\/title>\n<meta name=\"description\" content=\"WA\u015a W97.4 Markierungsleuchte orange - f\u00fcr Auto, LKW, Anh\u00e4nger und mehr - f\u00fcr 12&amp;24 Volt - mit 9 LED&#039;s - flaches Modell - ECE R91\" \/>\n<meta name=\"robots\" content=\"index, follow, max-snippet:-1, max-image-preview:large, max-video-preview:-1\" \/>\n<link rel=\"canonical\" href=\"https:\/\/www.alldayled.com\/de\/produkt\/led-markeringslamp-was-oranje-groot-12-24-volt\/\" \/>\n<meta property=\"og:locale\" content=\"de_DE\" \/>\n<meta property=\"og:type\" content=\"article\" \/>\n<meta property=\"og:title\" content=\"WA\u015a W97.4 Markierungsleuchte orange - All Day Led - f\u00fcr 12&amp;24V\" \/>\n<meta property=\"og:description\" content=\"WA\u015a W97.4 Markierungsleuchte orange - f\u00fcr Auto, LKW, Anh\u00e4nger und mehr - f\u00fcr 12&amp;24 Volt - mit 9 LED&#039;s - flaches Modell - ECE R91\" \/>\n<meta property=\"og:url\" content=\"https:\/\/www.alldayled.com\/de\/produkt\/led-markeringslamp-was-oranje-groot-12-24-volt\/\" \/>\n<meta property=\"og:site_name\" content=\"All Day Led\" \/>\n<meta property=\"article:publisher\" content=\"https:\/\/www.facebook.com\/alldayled\/\" \/>\n<meta property=\"article:modified_time\" content=\"2026-01-30T12:15:51+00:00\" \/>\n<meta property=\"og:image\" content=\"https:\/\/www.alldayled.com\/wp-content\/uploads\/2020\/06\/ADL00717-SM-2-300x300.png\" \/>\n<meta name=\"twitter:label1\" content=\"Preis\" \/>\n\t<meta name=\"twitter:data1\" content=\"&euro;&nbsp;14,95\" \/>\n\t<meta name=\"twitter:label2\" content=\"Verf\u00fcgbarkeit\" \/>\n\t<meta name=\"twitter:data2\" content=\"Auf Lager\" \/>\n<script type=\"application\/ld+json\" class=\"yoast-schema-graph\">{\"@context\":\"https:\/\/schema.org\",\"@graph\":[{\"@type\":\"WebPage\",\"@id\":\"https:\/\/www.alldayled.com\/de\/produkt\/led-markeringslamp-was-oranje-groot-12-24-volt\/\",\"url\":\"https:\/\/www.alldayled.com\/de\/produkt\/led-markeringslamp-was-oranje-groot-12-24-volt\/\",\"name\":\"WA\u015a W97.4 Markierungsleuchte orange - All Day Led - f\u00fcr 12&24V\",\"isPartOf\":{\"@id\":\"https:\/\/www.alldayled.com\/de\/#website\"},\"primaryImageOfPage\":{\"@id\":\"https:\/\/www.alldayled.com\/de\/produkt\/led-markeringslamp-was-oranje-groot-12-24-volt\/#primaryimage\"},\"image\":{\"@id\":\"https:\/\/www.alldayled.com\/de\/produkt\/led-markeringslamp-was-oranje-groot-12-24-volt\/#primaryimage\"},\"thumbnailUrl\":\"https:\/\/www.alldayled.com\/wp-content\/uploads\/2020\/06\/ADL00717..png\",\"datePublished\":\"2020-06-05T11:43:47+00:00\",\"dateModified\":\"2026-01-30T12:15:51+00:00\",\"description\":\"WA\u015a W97.4 Markierungsleuchte orange - f\u00fcr Auto, LKW, Anh\u00e4nger und mehr - f\u00fcr 12&24 Volt - mit 9 LED's - flaches Modell - ECE R91\",\"breadcrumb\":{\"@id\":\"https:\/\/www.alldayled.com\/de\/produkt\/led-markeringslamp-was-oranje-groot-12-24-volt\/#breadcrumb\"},\"inLanguage\":\"de\",\"potentialAction\":[{\"@type\":\"ReadAction\",\"target\":[\"https:\/\/www.alldayled.com\/de\/produkt\/led-markeringslamp-was-oranje-groot-12-24-volt\/\"]}]},{\"@type\":\"ImageObject\",\"inLanguage\":\"de\",\"@id\":\"https:\/\/www.alldayled.com\/de\/produkt\/led-markeringslamp-was-oranje-groot-12-24-volt\/#primaryimage\",\"url\":\"https:\/\/www.alldayled.com\/wp-content\/uploads\/2020\/06\/ADL00717..png\",\"contentUrl\":\"https:\/\/www.alldayled.com\/wp-content\/uploads\/2020\/06\/ADL00717..png\",\"width\":800,\"height\":600,\"caption\":\"LED Seitenmarkierung WAS gro\u00dfes Modell - zus\u00e4tzlicher Blinker Auto, LKW, Anh\u00e4nger, Trailer, Wohnmobil oder Caravan f\u00fcr 12 Volt und 24 Volt EAN: 5901323111709\"},{\"@type\":\"BreadcrumbList\",\"@id\":\"https:\/\/www.alldayled.com\/de\/produkt\/led-markeringslamp-was-oranje-groot-12-24-volt\/#breadcrumb\",\"itemListElement\":[{\"@type\":\"ListItem\",\"position\":1,\"name\":\"Home\",\"item\":\"https:\/\/www.alldayled.com\/de\/\"},{\"@type\":\"ListItem\",\"position\":2,\"name\":\"Shop\",\"item\":\"https:\/\/www.alldayled.com\/de\/shop\/\"},{\"@type\":\"ListItem\",\"position\":3,\"name\":\"Positionsleuchten\",\"item\":\"https:\/\/www.alldayled.com\/de\/produkt-kategorie\/positionslichter\/\"},{\"@type\":\"ListItem\",\"position\":4,\"name\":\"Markierungsleuchten\",\"item\":\"https:\/\/www.alldayled.com\/de\/produkt-kategorie\/positionslichter\/markeringslampen\/\"},{\"@type\":\"ListItem\",\"position\":5,\"name\":\"WA\u015a W97.4 Markierungsleuchte orange\"}]},{\"@type\":\"WebSite\",\"@id\":\"https:\/\/www.alldayled.com\/de\/#website\",\"url\":\"https:\/\/www.alldayled.com\/de\/\",\"name\":\"All Day Led\",\"description\":\"Verlichting voor 12&amp;24 volt gebruik\",\"publisher\":{\"@id\":\"https:\/\/www.alldayled.com\/de\/#organization\"},\"potentialAction\":[{\"@type\":\"SearchAction\",\"target\":{\"@type\":\"EntryPoint\",\"urlTemplate\":\"https:\/\/www.alldayled.com\/de\/?s={search_term_string}\"},\"query-input\":{\"@type\":\"PropertyValueSpecification\",\"valueRequired\":true,\"valueName\":\"search_term_string\"}}],\"inLanguage\":\"de\"},{\"@type\":\"Organization\",\"@id\":\"https:\/\/www.alldayled.com\/de\/#organization\",\"name\":\"All Day Led\",\"url\":\"https:\/\/www.alldayled.com\/de\/\",\"logo\":{\"@type\":\"ImageObject\",\"inLanguage\":\"de\",\"@id\":\"https:\/\/www.alldayled.com\/de\/#\/schema\/logo\/image\/\",\"url\":\"https:\/\/www.alldayled.com\/wp-content\/uploads\/2025\/10\/Logo-ALL-DAY-LED-800x800-zwart-witte-letters.png\",\"contentUrl\":\"https:\/\/www.alldayled.com\/wp-content\/uploads\/2025\/10\/Logo-ALL-DAY-LED-800x800-zwart-witte-letters.png\",\"width\":800,\"height\":800,\"caption\":\"All Day Led\"},\"image\":{\"@id\":\"https:\/\/www.alldayled.com\/de\/#\/schema\/logo\/image\/\"},\"sameAs\":[\"https:\/\/www.facebook.com\/alldayled\/\",\"https:\/\/www.instagram.com\/alldayled\/\"],\"vatID\":\"NL863960133B01\",\"taxID\":\"86416545\"}]}<\/script>\n<meta property=\"product:brand\" content=\"WA\u015a\" \/>\n<meta property=\"product:price:amount\" content=\"14.95\" \/>\n<meta property=\"product:price:currency\" content=\"EUR\" \/>\n<meta property=\"og:availability\" content=\"instock\" \/>\n<meta property=\"product:availability\" content=\"instock\" \/>\n<meta property=\"product:retailer_item_id\" content=\"ADL00717\" \/>\n<meta property=\"product:condition\" content=\"new\" \/>\n<!-- \/ Yoast SEO Premium plugin. -->","yoast_head_json":{"title":"WA\u015a W97.4 Markierungsleuchte orange - All Day Led - f\u00fcr 12&24V","description":"WA\u015a W97.4 Markierungsleuchte orange - f\u00fcr Auto, LKW, Anh\u00e4nger und mehr - f\u00fcr 12&24 Volt - mit 9 LED's - flaches Modell - ECE R91","robots":{"index":"index","follow":"follow","max-snippet":"max-snippet:-1","max-image-preview":"max-image-preview:large","max-video-preview":"max-video-preview:-1"},"canonical":"https:\/\/www.alldayled.com\/de\/produkt\/led-markeringslamp-was-oranje-groot-12-24-volt\/","og_locale":"de_DE","og_type":"article","og_title":"WA\u015a W97.4 Markierungsleuchte orange - All Day Led - f\u00fcr 12&24V","og_description":"WA\u015a W97.4 Markierungsleuchte orange - f\u00fcr Auto, LKW, Anh\u00e4nger und mehr - f\u00fcr 12&24 Volt - mit 9 LED's - flaches Modell - ECE R91","og_url":"https:\/\/www.alldayled.com\/de\/produkt\/led-markeringslamp-was-oranje-groot-12-24-volt\/","og_site_name":"All Day Led","article_publisher":"https:\/\/www.facebook.com\/alldayled\/","article_modified_time":"2026-01-30T12:15:51+00:00","og_image":[{"url":"https:\/\/www.alldayled.com\/wp-content\/uploads\/2020\/06\/ADL00717-SM-2-300x300.png","type":"","width":"","height":""}],"twitter_misc":{"Preis":"&euro;&nbsp;14,95","Verf\u00fcgbarkeit":"Auf Lager"},"schema":{"@context":"https:\/\/schema.org","@graph":[{"@type":"WebPage","@id":"https:\/\/www.alldayled.com\/de\/produkt\/led-markeringslamp-was-oranje-groot-12-24-volt\/","url":"https:\/\/www.alldayled.com\/de\/produkt\/led-markeringslamp-was-oranje-groot-12-24-volt\/","name":"WA\u015a W97.4 Markierungsleuchte orange - All Day Led - f\u00fcr 12&24V","isPartOf":{"@id":"https:\/\/www.alldayled.com\/de\/#website"},"primaryImageOfPage":{"@id":"https:\/\/www.alldayled.com\/de\/produkt\/led-markeringslamp-was-oranje-groot-12-24-volt\/#primaryimage"},"image":{"@id":"https:\/\/www.alldayled.com\/de\/produkt\/led-markeringslamp-was-oranje-groot-12-24-volt\/#primaryimage"},"thumbnailUrl":"https:\/\/www.alldayled.com\/wp-content\/uploads\/2020\/06\/ADL00717..png","datePublished":"2020-06-05T11:43:47+00:00","dateModified":"2026-01-30T12:15:51+00:00","description":"WA\u015a W97.4 Markierungsleuchte orange - f\u00fcr Auto, LKW, Anh\u00e4nger und mehr - f\u00fcr 12&24 Volt - mit 9 LED's - flaches Modell - ECE R91","breadcrumb":{"@id":"https:\/\/www.alldayled.com\/de\/produkt\/led-markeringslamp-was-oranje-groot-12-24-volt\/#breadcrumb"},"inLanguage":"de","potentialAction":[{"@type":"ReadAction","target":["https:\/\/www.alldayled.com\/de\/produkt\/led-markeringslamp-was-oranje-groot-12-24-volt\/"]}]},{"@type":"ImageObject","inLanguage":"de","@id":"https:\/\/www.alldayled.com\/de\/produkt\/led-markeringslamp-was-oranje-groot-12-24-volt\/#primaryimage","url":"https:\/\/www.alldayled.com\/wp-content\/uploads\/2020\/06\/ADL00717..png","contentUrl":"https:\/\/www.alldayled.com\/wp-content\/uploads\/2020\/06\/ADL00717..png","width":800,"height":600,"caption":"LED Seitenmarkierung WAS gro\u00dfes Modell - zus\u00e4tzlicher Blinker Auto, LKW, Anh\u00e4nger, Trailer, Wohnmobil oder Caravan f\u00fcr 12 Volt und 24 Volt EAN: 5901323111709"},{"@type":"BreadcrumbList","@id":"https:\/\/www.alldayled.com\/de\/produkt\/led-markeringslamp-was-oranje-groot-12-24-volt\/#breadcrumb","itemListElement":[{"@type":"ListItem","position":1,"name":"Home","item":"https:\/\/www.alldayled.com\/de\/"},{"@type":"ListItem","position":2,"name":"Shop","item":"https:\/\/www.alldayled.com\/de\/shop\/"},{"@type":"ListItem","position":3,"name":"Positionsleuchten","item":"https:\/\/www.alldayled.com\/de\/produkt-kategorie\/positionslichter\/"},{"@type":"ListItem","position":4,"name":"Markierungsleuchten","item":"https:\/\/www.alldayled.com\/de\/produkt-kategorie\/positionslichter\/markeringslampen\/"},{"@type":"ListItem","position":5,"name":"WA\u015a W97.4 Markierungsleuchte orange"}]},{"@type":"WebSite","@id":"https:\/\/www.alldayled.com\/de\/#website","url":"https:\/\/www.alldayled.com\/de\/","name":"All Day Led","description":"Verlichting voor 12&amp;24 volt gebruik","publisher":{"@id":"https:\/\/www.alldayled.com\/de\/#organization"},"potentialAction":[{"@type":"SearchAction","target":{"@type":"EntryPoint","urlTemplate":"https:\/\/www.alldayled.com\/de\/?s={search_term_string}"},"query-input":{"@type":"PropertyValueSpecification","valueRequired":true,"valueName":"search_term_string"}}],"inLanguage":"de"},{"@type":"Organization","@id":"https:\/\/www.alldayled.com\/de\/#organization","name":"All Day Led","url":"https:\/\/www.alldayled.com\/de\/","logo":{"@type":"ImageObject","inLanguage":"de","@id":"https:\/\/www.alldayled.com\/de\/#\/schema\/logo\/image\/","url":"https:\/\/www.alldayled.com\/wp-content\/uploads\/2025\/10\/Logo-ALL-DAY-LED-800x800-zwart-witte-letters.png","contentUrl":"https:\/\/www.alldayled.com\/wp-content\/uploads\/2025\/10\/Logo-ALL-DAY-LED-800x800-zwart-witte-letters.png","width":800,"height":800,"caption":"All Day Led"},"image":{"@id":"https:\/\/www.alldayled.com\/de\/#\/schema\/logo\/image\/"},"sameAs":["https:\/\/www.facebook.com\/alldayled\/","https:\/\/www.instagram.com\/alldayled\/"],"vatID":"NL863960133B01","taxID":"86416545"}]},"product_brand":"WA\u015a","product_price_amount":"14.95","product_price_currency":"EUR","og_availability":"instock","product_availability":"instock","product_retailer_item_id":"ADL00717","product_condition":"new"},"_links":{"self":[{"href":"https:\/\/www.alldayled.com\/de\/wp-json\/wp\/v2\/product\/67247","targetHints":{"allow":["GET"]}}],"collection":[{"href":"https:\/\/www.alldayled.com\/de\/wp-json\/wp\/v2\/product"}],"about":[{"href":"https:\/\/www.alldayled.com\/de\/wp-json\/wp\/v2\/types\/product"}],"replies":[{"embeddable":true,"href":"https:\/\/www.alldayled.com\/de\/wp-json\/wp\/v2\/comments?post=67247"}],"wp:featuredmedia":[{"embeddable":true,"href":"https:\/\/www.alldayled.com\/de\/wp-json\/wp\/v2\/media\/15888"}],"wp:attachment":[{"href":"https:\/\/www.alldayled.com\/de\/wp-json\/wp\/v2\/media?parent=67247"}],"wp:term":[{"taxonomy":"product_brand","embeddable":true,"href":"https:\/\/www.alldayled.com\/de\/wp-json\/wp\/v2\/product_brand?post=67247"},{"taxonomy":"product_cat","embeddable":true,"href":"https:\/\/www.alldayled.com\/de\/wp-json\/wp\/v2\/product_cat?post=67247"},{"taxonomy":"product_tag","embeddable":true,"href":"https:\/\/www.alldayled.com\/de\/wp-json\/wp\/v2\/product_tag?post=67247"}],"curies":[{"name":"wp","href":"https:\/\/api.w.org\/{rel}","templated":true}]}}