{"id":67255,"date":"2023-11-16T10:00:48","date_gmt":"2023-11-16T09:00:48","guid":{"rendered":"https:\/\/www.alldayled.com\/product\/was-w254-led-markeringslamp-wit\/"},"modified":"2026-01-22T14:37:59","modified_gmt":"2026-01-22T13:37:59","slug":"was-w254-led-markeringslamp-wit","status":"publish","type":"product","link":"https:\/\/www.alldayled.com\/de\/produkt\/was-w254-led-markeringslamp-wit\/","title":{"rendered":"WA\u015a W254 Markierungsleuchte wei\u00df"},"content":{"rendered":"<p><span style=\"color: #000000;\"><strong>WA\u015a W254 Markierungsleuchte wei\u00df mit Reflektor, geeignet f\u00fcr 12 und 24 Volt. <\/strong><\/span><\/p>\n<p><span style=\"color: #000000;\">M\u00f6chten Sie Ihr Fahrzeug oder Ihren Anh\u00e4nger mit einer neuen oder zus\u00e4tzlichen Markierungsleuchte ausstatten und soll diese einen Reflektor haben? Wissen Sie aber nicht, welche Leuchte am besten zu Ihnen passt? Dann ist die WA\u015a W254 Markierungsleuchte WEISS vielleicht genau die Leuchte, die Sie suchen. Die LED-Leuchte ist mit 16 kleinen LED-Punkten ausgestattet, die in Streifenform in der Farbe WEISS aufleuchten. Au\u00dferdem funktioniert die LED-Markierungsleuchte mit 12 und 24 Volt. Das bedeutet, dass Sie die LED-Leuchte beispielsweise an Ihrem Auto, Wohnmobil, LKW, Anh\u00e4nger oder einem anderen Fahrzeugtyp montieren k\u00f6nnen.     <\/span><\/p>\n<p><span style=\"color: #000000;\">Da Sie vor dem Kauf sicher sein wollen, dass dies die Leuchte ist, die Sie suchen, haben wir im Folgenden einige Eigenschaften der LED-Markierungsleuchte mit Reflektorfunktion aufgef\u00fchrt. Die Markierungsleuchte ist unter anderem mit der ECE R10 ausgestattet. Auch die LED-Markierungsleuchte WEISS der Marke WA\u015a ist mit dem ECE R148-Pr\u00fcfzeichen versehen. Dieses Pr\u00fcfzeichen gibt an, dass die LED-Leuchte als Positionsleuchte verwendet werden darf.    <\/span><\/p>\n<h5><span style=\"color: #000000;\"><strong>Abmessungen:<\/strong><\/span><\/h5>\n<p><span style=\"color: #000000;\">Da Sie vor dem Kauf sicherstellen m\u00f6chten, dass Sie die LED-Leuchte mit rechtwinkliger Montagehalterung und Reflektor dort montieren k\u00f6nnen, wo Sie m\u00f6chten, haben wir im Folgenden die Abmessungen der LED-Leuchte notiert. Die Abmessungen der WA\u015a W254 Markierungsleuchte WEISS sind wie folgt:  <\/span><\/p>\n<ul>\n<li><span style=\"color: #000000;\">H\u00f6he: 36 mm (49 mm inkl. Halterung)<\/span><\/li>\n<li><span style=\"color: #000000;\">Breite: 103 mm<\/span><\/li>\n<li><span style=\"color: #000000;\">Dicke: 18 mm<\/span><\/li>\n<li><span style=\"color: #000000;\">H.o.H: 75 mm<\/span><\/li>\n<\/ul>\n<h5><span style=\"color: #000000;\"><strong>Andere Farben:<\/strong><\/span><\/h5>\n<p><span style=\"color: #000000;\">M\u00f6chten Sie eine LED-Markierungsleuchte von WA\u015a an Ihrem Auto, LKW oder Anh\u00e4nger montieren? Aber ist die WA\u015a W254 Markierungsleuchte WEISS nicht die Farbe, die Sie suchen? Dann wissen Sie, dass die WA\u015a W254 Leuchte auch in anderen Farben erh\u00e4ltlich ist. Sehen Sie sich unten eine Liste der \u00fcbrigen Farben an.   <\/span><\/p>\n<ul>\n<li><span style=\"color: #000000;\"><a style=\"color: #000000;\" href=\"https:\/\/www.alldayled.com\/de\/produkt\/was-w254-led-markeringslamp-oranje\/\"><strong>WA\u015a W254 LED Markierungsleuchte orange<\/strong><\/a><\/span><\/li>\n<li><span style=\"color: #000000;\"><a style=\"color: #000000;\" href=\"https:\/\/www.alldayled.com\/de\/produkt\/was-w254-led-markeringslamp-rood\/\"><strong>WA\u015a W254 LED Markierungsleuchte rot<\/strong><\/a><\/span><\/li>\n<\/ul>\n<p><span style=\"color: #000000;\">Sind Sie nach dem Lesen aller Spezifikationen immer noch nicht zu 100 % davon \u00fcberzeugt, dass die WA\u015a W254 Markierungsleuchte WEISS mit Montagehalterung und Reflektor das ist, was Sie suchen? Einfach, weil die Farbe, Form oder L\u00e4nge nicht Ihren W\u00fcnschen entspricht? Dann sehen Sie sich hier das komplette Angebot der Marke <a style=\"color: #000000;\" href=\"https:\/\/www.alldayled.com\/de\/marke\/product-was\/\">WA\u015a<\/a> an.  <\/span><\/p>\n","protected":false},"excerpt":{"rendered":"<p>WA\u015a W254 Markierungsleuchte wei\u00df mit Reflektor, f\u00fcr 12 und 24 Volt.<\/p>\n","protected":false},"featured_media":32397,"comment_status":"open","ping_status":"closed","template":"","meta":{"_acf_changed":false},"product_brand":[5691],"product_cat":[5196],"product_tag":[9151,9266,9265,9153,9158,9159,9155,9167,9157,9156,9445],"class_list":{"0":"post-67255","1":"product","2":"type-product","3":"status-publish","4":"has-post-thumbnail","6":"product_brand-product-was","7":"product_cat-markeringslampen","8":"product_tag-konturbeleuchtung","9":"product_tag-led-begrenzungsleuchte-weis","10":"product_tag-led-markierung-weis","11":"product_tag-led-markierungsleuchte","12":"product_tag-led-markierungsleuchte-12-volt","13":"product_tag-led-markierungsleuchte-24-volt","14":"product_tag-markierungsleuchte-anhaenger","15":"product_tag-markierungsleuchte-anhanger","16":"product_tag-markierungsleuchte-lkw","17":"product_tag-markierungsleuchte-wohnmobil","18":"product_tag-was-led-beleuchtung","20":"first","21":"instock","22":"taxable","23":"shipping-taxable","24":"purchasable","25":"product-type-simple"},"acf":[],"yoast_head":"<!-- This site is optimized with the Yoast SEO Premium plugin v26.5 (Yoast SEO v27.1.1) - https:\/\/yoast.com\/product\/yoast-seo-premium-wordpress\/ -->\n<title>W254 Markierungsleuchte wei\u00df - WA\u015a - All Day Led - geeignet f\u00fcr 12&amp;24V<\/title>\n<meta name=\"description\" content=\"W254 Markierungsleuchte wei\u00df - 12&amp;24 Volt - Markierungsleuchte mit NEON-LOOK - Auto, LKW, Wohnmobil, Anh\u00e4nger und mehr - mit ECE R148-Pr\u00fcfzeichen\" \/>\n<meta name=\"robots\" content=\"index, follow, max-snippet:-1, max-image-preview:large, max-video-preview:-1\" \/>\n<link rel=\"canonical\" href=\"https:\/\/www.alldayled.com\/de\/produkt\/was-w254-led-markeringslamp-wit\/\" \/>\n<meta property=\"og:locale\" content=\"de_DE\" \/>\n<meta property=\"og:type\" content=\"article\" \/>\n<meta property=\"og:title\" content=\"W254 Markierungsleuchte wei\u00df - WA\u015a - All Day Led - geeignet f\u00fcr 12&amp;24V\" \/>\n<meta property=\"og:description\" content=\"W254 Markierungsleuchte wei\u00df - 12&amp;24 Volt - Markierungsleuchte mit NEON-LOOK - Auto, LKW, Wohnmobil, Anh\u00e4nger und mehr - mit ECE R148-Pr\u00fcfzeichen\" \/>\n<meta property=\"og:url\" content=\"https:\/\/www.alldayled.com\/de\/produkt\/was-w254-led-markeringslamp-wit\/\" \/>\n<meta property=\"og:site_name\" content=\"All Day Led\" \/>\n<meta property=\"article:publisher\" content=\"https:\/\/www.facebook.com\/alldayled\/\" \/>\n<meta property=\"article:modified_time\" content=\"2026-01-22T13:37:59+00:00\" \/>\n<meta property=\"og:image\" content=\"https:\/\/www.alldayled.com\/wp-content\/uploads\/2023\/11\/ADL02035-SM-300x300.png\" \/>\n<meta name=\"twitter:label1\" content=\"Preis\" \/>\n\t<meta name=\"twitter:data1\" content=\"&euro;&nbsp;9,75\" \/>\n\t<meta name=\"twitter:label2\" content=\"Verf\u00fcgbarkeit\" \/>\n\t<meta name=\"twitter:data2\" content=\"Auf Lager\" \/>\n<script type=\"application\/ld+json\" class=\"yoast-schema-graph\">{\"@context\":\"https:\/\/schema.org\",\"@graph\":[{\"@type\":\"WebPage\",\"@id\":\"https:\/\/www.alldayled.com\/de\/produkt\/was-w254-led-markeringslamp-wit\/\",\"url\":\"https:\/\/www.alldayled.com\/de\/produkt\/was-w254-led-markeringslamp-wit\/\",\"name\":\"W254 Markierungsleuchte wei\u00df - WA\u015a - All Day Led - geeignet f\u00fcr 12&24V\",\"isPartOf\":{\"@id\":\"https:\/\/www.alldayled.com\/de\/#website\"},\"primaryImageOfPage\":{\"@id\":\"https:\/\/www.alldayled.com\/de\/produkt\/was-w254-led-markeringslamp-wit\/#primaryimage\"},\"image\":{\"@id\":\"https:\/\/www.alldayled.com\/de\/produkt\/was-w254-led-markeringslamp-wit\/#primaryimage\"},\"thumbnailUrl\":\"https:\/\/www.alldayled.com\/wp-content\/uploads\/2024\/12\/ADL02035.png\",\"datePublished\":\"2023-11-16T09:00:48+00:00\",\"dateModified\":\"2026-01-22T13:37:59+00:00\",\"description\":\"W254 Markierungsleuchte wei\u00df - 12&24 Volt - Markierungsleuchte mit NEON-LOOK - Auto, LKW, Wohnmobil, Anh\u00e4nger und mehr - mit ECE R148-Pr\u00fcfzeichen\",\"breadcrumb\":{\"@id\":\"https:\/\/www.alldayled.com\/de\/produkt\/was-w254-led-markeringslamp-wit\/#breadcrumb\"},\"inLanguage\":\"de\",\"potentialAction\":[{\"@type\":\"ReadAction\",\"target\":[\"https:\/\/www.alldayled.com\/de\/produkt\/was-w254-led-markeringslamp-wit\/\"]}]},{\"@type\":\"ImageObject\",\"inLanguage\":\"de\",\"@id\":\"https:\/\/www.alldayled.com\/de\/produkt\/was-w254-led-markeringslamp-wit\/#primaryimage\",\"url\":\"https:\/\/www.alldayled.com\/wp-content\/uploads\/2024\/12\/ADL02035.png\",\"contentUrl\":\"https:\/\/www.alldayled.com\/wp-content\/uploads\/2024\/12\/ADL02035.png\",\"width\":800,\"height\":600,\"caption\":\"WA\u015a W254 LED Markierungsleuchte WEISS - LED-Leuchte mit eingebautem Reflektor und ECE R148-Pr\u00fcfzeichen - WA\u015a 2035 - Leuchte ist f\u00fcr 12- und 24-Volt-Betrieb geeignet - EAN: 5903098130312\"},{\"@type\":\"BreadcrumbList\",\"@id\":\"https:\/\/www.alldayled.com\/de\/produkt\/was-w254-led-markeringslamp-wit\/#breadcrumb\",\"itemListElement\":[{\"@type\":\"ListItem\",\"position\":1,\"name\":\"Home\",\"item\":\"https:\/\/www.alldayled.com\/de\/\"},{\"@type\":\"ListItem\",\"position\":2,\"name\":\"Shop\",\"item\":\"https:\/\/www.alldayled.com\/de\/shop\/\"},{\"@type\":\"ListItem\",\"position\":3,\"name\":\"Positionsleuchten\",\"item\":\"https:\/\/www.alldayled.com\/de\/produkt-kategorie\/positionslichter\/\"},{\"@type\":\"ListItem\",\"position\":4,\"name\":\"Markierungsleuchten\",\"item\":\"https:\/\/www.alldayled.com\/de\/produkt-kategorie\/positionslichter\/markeringslampen\/\"},{\"@type\":\"ListItem\",\"position\":5,\"name\":\"WA\u015a W254 Markierungsleuchte wei\u00df\"}]},{\"@type\":\"WebSite\",\"@id\":\"https:\/\/www.alldayled.com\/de\/#website\",\"url\":\"https:\/\/www.alldayled.com\/de\/\",\"name\":\"All Day Led\",\"description\":\"Verlichting voor 12&amp;24 volt gebruik\",\"publisher\":{\"@id\":\"https:\/\/www.alldayled.com\/de\/#organization\"},\"potentialAction\":[{\"@type\":\"SearchAction\",\"target\":{\"@type\":\"EntryPoint\",\"urlTemplate\":\"https:\/\/www.alldayled.com\/de\/?s={search_term_string}\"},\"query-input\":{\"@type\":\"PropertyValueSpecification\",\"valueRequired\":true,\"valueName\":\"search_term_string\"}}],\"inLanguage\":\"de\"},{\"@type\":\"Organization\",\"@id\":\"https:\/\/www.alldayled.com\/de\/#organization\",\"name\":\"All Day Led\",\"url\":\"https:\/\/www.alldayled.com\/de\/\",\"logo\":{\"@type\":\"ImageObject\",\"inLanguage\":\"de\",\"@id\":\"https:\/\/www.alldayled.com\/de\/#\/schema\/logo\/image\/\",\"url\":\"https:\/\/www.alldayled.com\/wp-content\/uploads\/2025\/10\/Logo-ALL-DAY-LED-800x800-zwart-witte-letters.png\",\"contentUrl\":\"https:\/\/www.alldayled.com\/wp-content\/uploads\/2025\/10\/Logo-ALL-DAY-LED-800x800-zwart-witte-letters.png\",\"width\":800,\"height\":800,\"caption\":\"All Day Led\"},\"image\":{\"@id\":\"https:\/\/www.alldayled.com\/de\/#\/schema\/logo\/image\/\"},\"sameAs\":[\"https:\/\/www.facebook.com\/alldayled\/\",\"https:\/\/www.instagram.com\/alldayled\/\"],\"vatID\":\"NL863960133B01\",\"taxID\":\"86416545\"}]}<\/script>\n<meta property=\"product:brand\" content=\"WA\u015a\" \/>\n<meta property=\"product:price:amount\" content=\"9.75\" \/>\n<meta property=\"product:price:currency\" content=\"EUR\" \/>\n<meta property=\"og:availability\" content=\"instock\" \/>\n<meta property=\"product:availability\" content=\"instock\" \/>\n<meta property=\"product:retailer_item_id\" content=\"ADL02035\" \/>\n<meta property=\"product:condition\" content=\"new\" \/>\n<!-- \/ Yoast SEO Premium plugin. -->","yoast_head_json":{"title":"W254 Markierungsleuchte wei\u00df - WA\u015a - All Day Led - geeignet f\u00fcr 12&24V","description":"W254 Markierungsleuchte wei\u00df - 12&24 Volt - Markierungsleuchte mit NEON-LOOK - Auto, LKW, Wohnmobil, Anh\u00e4nger und mehr - mit ECE R148-Pr\u00fcfzeichen","robots":{"index":"index","follow":"follow","max-snippet":"max-snippet:-1","max-image-preview":"max-image-preview:large","max-video-preview":"max-video-preview:-1"},"canonical":"https:\/\/www.alldayled.com\/de\/produkt\/was-w254-led-markeringslamp-wit\/","og_locale":"de_DE","og_type":"article","og_title":"W254 Markierungsleuchte wei\u00df - WA\u015a - All Day Led - geeignet f\u00fcr 12&24V","og_description":"W254 Markierungsleuchte wei\u00df - 12&24 Volt - Markierungsleuchte mit NEON-LOOK - Auto, LKW, Wohnmobil, Anh\u00e4nger und mehr - mit ECE R148-Pr\u00fcfzeichen","og_url":"https:\/\/www.alldayled.com\/de\/produkt\/was-w254-led-markeringslamp-wit\/","og_site_name":"All Day Led","article_publisher":"https:\/\/www.facebook.com\/alldayled\/","article_modified_time":"2026-01-22T13:37:59+00:00","og_image":[{"url":"https:\/\/www.alldayled.com\/wp-content\/uploads\/2023\/11\/ADL02035-SM-300x300.png","type":"","width":"","height":""}],"twitter_misc":{"Preis":"&euro;&nbsp;9,75","Verf\u00fcgbarkeit":"Auf Lager"},"schema":{"@context":"https:\/\/schema.org","@graph":[{"@type":"WebPage","@id":"https:\/\/www.alldayled.com\/de\/produkt\/was-w254-led-markeringslamp-wit\/","url":"https:\/\/www.alldayled.com\/de\/produkt\/was-w254-led-markeringslamp-wit\/","name":"W254 Markierungsleuchte wei\u00df - WA\u015a - All Day Led - geeignet f\u00fcr 12&24V","isPartOf":{"@id":"https:\/\/www.alldayled.com\/de\/#website"},"primaryImageOfPage":{"@id":"https:\/\/www.alldayled.com\/de\/produkt\/was-w254-led-markeringslamp-wit\/#primaryimage"},"image":{"@id":"https:\/\/www.alldayled.com\/de\/produkt\/was-w254-led-markeringslamp-wit\/#primaryimage"},"thumbnailUrl":"https:\/\/www.alldayled.com\/wp-content\/uploads\/2024\/12\/ADL02035.png","datePublished":"2023-11-16T09:00:48+00:00","dateModified":"2026-01-22T13:37:59+00:00","description":"W254 Markierungsleuchte wei\u00df - 12&24 Volt - Markierungsleuchte mit NEON-LOOK - Auto, LKW, Wohnmobil, Anh\u00e4nger und mehr - mit ECE R148-Pr\u00fcfzeichen","breadcrumb":{"@id":"https:\/\/www.alldayled.com\/de\/produkt\/was-w254-led-markeringslamp-wit\/#breadcrumb"},"inLanguage":"de","potentialAction":[{"@type":"ReadAction","target":["https:\/\/www.alldayled.com\/de\/produkt\/was-w254-led-markeringslamp-wit\/"]}]},{"@type":"ImageObject","inLanguage":"de","@id":"https:\/\/www.alldayled.com\/de\/produkt\/was-w254-led-markeringslamp-wit\/#primaryimage","url":"https:\/\/www.alldayled.com\/wp-content\/uploads\/2024\/12\/ADL02035.png","contentUrl":"https:\/\/www.alldayled.com\/wp-content\/uploads\/2024\/12\/ADL02035.png","width":800,"height":600,"caption":"WA\u015a W254 LED Markierungsleuchte WEISS - LED-Leuchte mit eingebautem Reflektor und ECE R148-Pr\u00fcfzeichen - WA\u015a 2035 - Leuchte ist f\u00fcr 12- und 24-Volt-Betrieb geeignet - EAN: 5903098130312"},{"@type":"BreadcrumbList","@id":"https:\/\/www.alldayled.com\/de\/produkt\/was-w254-led-markeringslamp-wit\/#breadcrumb","itemListElement":[{"@type":"ListItem","position":1,"name":"Home","item":"https:\/\/www.alldayled.com\/de\/"},{"@type":"ListItem","position":2,"name":"Shop","item":"https:\/\/www.alldayled.com\/de\/shop\/"},{"@type":"ListItem","position":3,"name":"Positionsleuchten","item":"https:\/\/www.alldayled.com\/de\/produkt-kategorie\/positionslichter\/"},{"@type":"ListItem","position":4,"name":"Markierungsleuchten","item":"https:\/\/www.alldayled.com\/de\/produkt-kategorie\/positionslichter\/markeringslampen\/"},{"@type":"ListItem","position":5,"name":"WA\u015a W254 Markierungsleuchte wei\u00df"}]},{"@type":"WebSite","@id":"https:\/\/www.alldayled.com\/de\/#website","url":"https:\/\/www.alldayled.com\/de\/","name":"All Day Led","description":"Verlichting voor 12&amp;24 volt gebruik","publisher":{"@id":"https:\/\/www.alldayled.com\/de\/#organization"},"potentialAction":[{"@type":"SearchAction","target":{"@type":"EntryPoint","urlTemplate":"https:\/\/www.alldayled.com\/de\/?s={search_term_string}"},"query-input":{"@type":"PropertyValueSpecification","valueRequired":true,"valueName":"search_term_string"}}],"inLanguage":"de"},{"@type":"Organization","@id":"https:\/\/www.alldayled.com\/de\/#organization","name":"All Day Led","url":"https:\/\/www.alldayled.com\/de\/","logo":{"@type":"ImageObject","inLanguage":"de","@id":"https:\/\/www.alldayled.com\/de\/#\/schema\/logo\/image\/","url":"https:\/\/www.alldayled.com\/wp-content\/uploads\/2025\/10\/Logo-ALL-DAY-LED-800x800-zwart-witte-letters.png","contentUrl":"https:\/\/www.alldayled.com\/wp-content\/uploads\/2025\/10\/Logo-ALL-DAY-LED-800x800-zwart-witte-letters.png","width":800,"height":800,"caption":"All Day Led"},"image":{"@id":"https:\/\/www.alldayled.com\/de\/#\/schema\/logo\/image\/"},"sameAs":["https:\/\/www.facebook.com\/alldayled\/","https:\/\/www.instagram.com\/alldayled\/"],"vatID":"NL863960133B01","taxID":"86416545"}]},"product_brand":"WA\u015a","product_price_amount":"9.75","product_price_currency":"EUR","og_availability":"instock","product_availability":"instock","product_retailer_item_id":"ADL02035","product_condition":"new"},"_links":{"self":[{"href":"https:\/\/www.alldayled.com\/de\/wp-json\/wp\/v2\/product\/67255","targetHints":{"allow":["GET"]}}],"collection":[{"href":"https:\/\/www.alldayled.com\/de\/wp-json\/wp\/v2\/product"}],"about":[{"href":"https:\/\/www.alldayled.com\/de\/wp-json\/wp\/v2\/types\/product"}],"replies":[{"embeddable":true,"href":"https:\/\/www.alldayled.com\/de\/wp-json\/wp\/v2\/comments?post=67255"}],"wp:featuredmedia":[{"embeddable":true,"href":"https:\/\/www.alldayled.com\/de\/wp-json\/wp\/v2\/media\/32397"}],"wp:attachment":[{"href":"https:\/\/www.alldayled.com\/de\/wp-json\/wp\/v2\/media?parent=67255"}],"wp:term":[{"taxonomy":"product_brand","embeddable":true,"href":"https:\/\/www.alldayled.com\/de\/wp-json\/wp\/v2\/product_brand?post=67255"},{"taxonomy":"product_cat","embeddable":true,"href":"https:\/\/www.alldayled.com\/de\/wp-json\/wp\/v2\/product_cat?post=67255"},{"taxonomy":"product_tag","embeddable":true,"href":"https:\/\/www.alldayled.com\/de\/wp-json\/wp\/v2\/product_tag?post=67255"}],"curies":[{"name":"wp","href":"https:\/\/api.w.org\/{rel}","templated":true}]}}