{"id":67260,"date":"2020-06-19T16:03:52","date_gmt":"2020-06-19T14:03:52","guid":{"rendered":"https:\/\/www.alldayled.com\/product\/led-markeringslamp-rood-was-helder-glas\/"},"modified":"2026-04-09T15:24:33","modified_gmt":"2026-04-09T13:24:33","slug":"led-markeringslamp-rood-was-helder-glas","status":"publish","type":"product","link":"https:\/\/www.alldayled.com\/de\/produkt\/led-markeringslamp-rood-was-helder-glas\/","title":{"rendered":"WA\u015a W61 Markierungsleuchte rot"},"content":{"rendered":"<p><span style=\"color: #000000;\"><strong>WA\u015a W61 Markierungsleuchte rot mit transparenter Linse, geeignet f\u00fcr 12 und 24 Volt. <\/strong><\/span><\/p>\n<p><span style=\"color: #000000;\">M\u00f6chtest du dein Fahrzeug oder deinen Anh\u00e4nger mit einer neuen oder zus\u00e4tzlichen Markierungsleuchte ausstatten? Aber du wei\u00dft nicht, welche Lampe am besten zu dir passt? Vielleicht ist die WA\u015a W61 Markierungsleuchte ROT die Lampe, die du suchst. Die LED-Lampe ist mit 3 LED-Punkten ausgestattet, die in der Farbe ROT aufleuchten, und hat eine transparent gef\u00e4rbte Linse. Au\u00dferdem funktioniert die LED-Markierungsleuchte mit 12 und 24 Volt. Das bedeutet, dass du die LED-Lampe zum Beispiel an deinem Auto, Wohnmobil, LKW, Anh\u00e4nger oder einer anderen Art von Fahrzeug montieren kannst.      <\/span><\/p>\n<p><span style=\"color: #000000;\">Da du vor dem Kauf sicher sein willst, dass dies die Lampe ist, die du suchst, haben wir im Folgenden einige Eigenschaften dieser kleinen LED-Lampe mit transparenter Linse aufgeschrieben. Die Markierungsleuchte ist unter anderem mit der ECE R10 ausgestattet. Auch die rote LED-Markierungsleuchte der Marke WA\u015a ist mit dem ECE R7-Pr\u00fcfzeichen versehen. Dieses Pr\u00fcfzeichen gibt an, dass die LED-Lampe als Positionsleuchte verwendet werden darf.    <\/span><\/p>\n<h5><span style=\"color: #000000;\"><strong>Abmessungen:<\/strong><\/span><\/h5>\n<p><span style=\"color: #000000;\">Da du vor dem Kauf sicher sein willst, dass du die LED-Lampe mit transparenter Linse dort montieren kannst, wo du willst, haben wir im Folgenden die Abmessungen der LED-Lampe notiert. Die Abmessungen der WA\u015a W61 Markierungsleuchte ROT sind wie folgt:  <\/span><\/p>\n<ul>\n<li><span style=\"color: #000000;\">L\u00e4nge: 84 mm<\/span><\/li>\n<li><span style=\"color: #000000;\">H\u00f6he: 25 mm<\/span><\/li>\n<li><span style=\"color: #000000;\">Dicke: 24 mm<\/span><\/li>\n<li><span style=\"color: #000000;\">Lochabstand: 61 mm<\/span><\/li>\n<\/ul>\n<h5><span style=\"color: #000000;\"><strong>Andere Farben:<\/strong><\/span><\/h5>\n<p><span style=\"color: #000000;\">M\u00f6chtest du eine LED-Markierungsleuchte von WA\u015a an deinem Auto, LKW oder Anh\u00e4nger montieren? Aber die WA\u015a W61 Markierungsleuchte ROT ist nicht die Farbe, die du suchst? Dann wisse, dass die WA\u015a W61 Lampe auch in anderen Farben erh\u00e4ltlich ist. Sieh dir unten eine Liste der \u00fcbrigen Farben an.   <\/span><\/p>\n<ul>\n<li><span style=\"color: #000000;\"><strong><a style=\"color: #000000;\" href=\"https:\/\/www.alldayled.com\/de\/produkt\/led-markeringslamp-oranje-was-helder-glas\/\">WA\u015a W61 LED Markierungsleuchte orange<\/a><\/strong><\/span><\/li>\n<li><span style=\"color: #000000;\"><a style=\"color: #000000;\" href=\"https:\/\/www.alldayled.com\/de\/produkt\/led-markeringslamp-wit-was-helder-glas\/\"><strong>WA\u015a W61 LED Markierungsleuchte wei\u00df<\/strong><\/a><\/span><\/li>\n<\/ul>\n<p><span style=\"color: #000000;\">Bist du nach dem Lesen aller Spezifikationen immer noch nicht zu 100 % davon \u00fcberzeugt, dass die WA\u015a W61 Markierungsleuchte ROT mit transparent gef\u00e4rbter Linse das ist, was du suchst? Einfach, weil die Farbe, Form oder L\u00e4nge nicht deinen W\u00fcnschen entspricht? Dann sieh dir hier das komplette Angebot der Marke <a style=\"color: #000000;\" href=\"https:\/\/www.alldayled.com\/de\/marke\/product-was\/\">WA\u015a<\/a> an.  <\/span><\/p>\n","protected":false},"excerpt":{"rendered":"<p>WA\u015a Markierungsleuchte rot mit transparenter Linse und ECE R91 Pr\u00fcfzeichen.<\/p>\n","protected":false},"featured_media":79412,"comment_status":"open","ping_status":"closed","template":"","meta":{"_acf_changed":false},"product_brand":[5691],"product_cat":[5196],"product_tag":[9151,9152,9153,9158,9159,9154,9155,9167,9157,9156,9445],"class_list":{"0":"post-67260","1":"product","2":"type-product","3":"status-publish","4":"has-post-thumbnail","6":"product_brand-product-was","7":"product_cat-markeringslampen","8":"product_tag-konturbeleuchtung","9":"product_tag-led-markierung-rot","10":"product_tag-led-markierungsleuchte","11":"product_tag-led-markierungsleuchte-12-volt","12":"product_tag-led-markierungsleuchte-24-volt","13":"product_tag-led-markierungsleuchte-rot","14":"product_tag-markierungsleuchte-anhaenger","15":"product_tag-markierungsleuchte-anhanger","16":"product_tag-markierungsleuchte-lkw","17":"product_tag-markierungsleuchte-wohnmobil","18":"product_tag-was-led-beleuchtung","20":"first","21":"instock","22":"taxable","23":"shipping-taxable","24":"purchasable","25":"product-type-simple"},"acf":[],"yoast_head":"<!-- This site is optimized with the Yoast SEO Premium plugin v26.5 (Yoast SEO v27.1.1) - https:\/\/yoast.com\/product\/yoast-seo-premium-wordpress\/ -->\n<title>W61 Markierungsleuchte rot - WA\u015a - All Day Led - f\u00fcr 12&amp;24V<\/title>\n<meta name=\"description\" content=\"W61 Markierungsleuchte rot der Marke WA\u015a - 12&amp;24 Volt - Auto, LKW, Wohnmobil, Anh\u00e4nger und mehr - mit ECE R7-Pr\u00fcfzeichen\" \/>\n<meta name=\"robots\" content=\"index, follow, max-snippet:-1, max-image-preview:large, max-video-preview:-1\" \/>\n<link rel=\"canonical\" href=\"https:\/\/www.alldayled.com\/de\/produkt\/led-markeringslamp-rood-was-helder-glas\/\" \/>\n<meta property=\"og:locale\" content=\"de_DE\" \/>\n<meta property=\"og:type\" content=\"article\" \/>\n<meta property=\"og:title\" content=\"W61 Markierungsleuchte rot - WA\u015a - All Day Led - f\u00fcr 12&amp;24V\" \/>\n<meta property=\"og:description\" content=\"W61 Markierungsleuchte rot der Marke WA\u015a - 12&amp;24 Volt - Auto, LKW, Wohnmobil, Anh\u00e4nger und mehr - mit ECE R7-Pr\u00fcfzeichen\" \/>\n<meta property=\"og:url\" content=\"https:\/\/www.alldayled.com\/de\/produkt\/led-markeringslamp-rood-was-helder-glas\/\" \/>\n<meta property=\"og:site_name\" content=\"All Day Led\" \/>\n<meta property=\"article:publisher\" content=\"https:\/\/www.facebook.com\/alldayled\/\" \/>\n<meta property=\"article:modified_time\" content=\"2026-04-09T13:24:33+00:00\" \/>\n<meta property=\"og:image\" content=\"https:\/\/www.alldayled.com\/wp-content\/uploads\/2020\/06\/ADL00285..png\" \/>\n<meta name=\"twitter:label1\" content=\"Preis\" \/>\n\t<meta name=\"twitter:data1\" content=\"&euro;&nbsp;9,95\" \/>\n\t<meta name=\"twitter:label2\" content=\"Verf\u00fcgbarkeit\" \/>\n\t<meta name=\"twitter:data2\" content=\"Auf Lager\" \/>\n<script type=\"application\/ld+json\" class=\"yoast-schema-graph\">{\"@context\":\"https:\/\/schema.org\",\"@graph\":[{\"@type\":\"WebPage\",\"@id\":\"https:\/\/www.alldayled.com\/de\/produkt\/led-markeringslamp-rood-was-helder-glas\/\",\"url\":\"https:\/\/www.alldayled.com\/de\/produkt\/led-markeringslamp-rood-was-helder-glas\/\",\"name\":\"W61 Markierungsleuchte rot - WA\u015a - All Day Led - f\u00fcr 12&24V\",\"isPartOf\":{\"@id\":\"https:\/\/www.alldayled.com\/de\/#website\"},\"primaryImageOfPage\":{\"@id\":\"https:\/\/www.alldayled.com\/de\/produkt\/led-markeringslamp-rood-was-helder-glas\/#primaryimage\"},\"image\":{\"@id\":\"https:\/\/www.alldayled.com\/de\/produkt\/led-markeringslamp-rood-was-helder-glas\/#primaryimage\"},\"thumbnailUrl\":\"https:\/\/www.alldayled.com\/wp-content\/uploads\/2020\/06\/ADL00285-0.png\",\"datePublished\":\"2020-06-19T14:03:52+00:00\",\"dateModified\":\"2026-04-09T13:24:33+00:00\",\"description\":\"W61 Markierungsleuchte rot der Marke WA\u015a - 12&24 Volt - Auto, LKW, Wohnmobil, Anh\u00e4nger und mehr - mit ECE R7-Pr\u00fcfzeichen\",\"breadcrumb\":{\"@id\":\"https:\/\/www.alldayled.com\/de\/produkt\/led-markeringslamp-rood-was-helder-glas\/#breadcrumb\"},\"inLanguage\":\"de\",\"potentialAction\":[{\"@type\":\"ReadAction\",\"target\":[\"https:\/\/www.alldayled.com\/de\/produkt\/led-markeringslamp-rood-was-helder-glas\/\"]}]},{\"@type\":\"ImageObject\",\"inLanguage\":\"de\",\"@id\":\"https:\/\/www.alldayled.com\/de\/produkt\/led-markeringslamp-rood-was-helder-glas\/#primaryimage\",\"url\":\"https:\/\/www.alldayled.com\/wp-content\/uploads\/2020\/06\/ADL00285-0.png\",\"contentUrl\":\"https:\/\/www.alldayled.com\/wp-content\/uploads\/2020\/06\/ADL00285-0.png\",\"width\":800,\"height\":600,\"caption\":\"ADL00285 - W61 rot\"},{\"@type\":\"BreadcrumbList\",\"@id\":\"https:\/\/www.alldayled.com\/de\/produkt\/led-markeringslamp-rood-was-helder-glas\/#breadcrumb\",\"itemListElement\":[{\"@type\":\"ListItem\",\"position\":1,\"name\":\"Home\",\"item\":\"https:\/\/www.alldayled.com\/de\/\"},{\"@type\":\"ListItem\",\"position\":2,\"name\":\"Shop\",\"item\":\"https:\/\/www.alldayled.com\/de\/shop\/\"},{\"@type\":\"ListItem\",\"position\":3,\"name\":\"Positionsleuchten\",\"item\":\"https:\/\/www.alldayled.com\/de\/produkt-kategorie\/positionslichter\/\"},{\"@type\":\"ListItem\",\"position\":4,\"name\":\"Markierungsleuchten\",\"item\":\"https:\/\/www.alldayled.com\/de\/produkt-kategorie\/positionslichter\/markeringslampen\/\"},{\"@type\":\"ListItem\",\"position\":5,\"name\":\"WA\u015a W61 Markierungsleuchte rot\"}]},{\"@type\":\"WebSite\",\"@id\":\"https:\/\/www.alldayled.com\/de\/#website\",\"url\":\"https:\/\/www.alldayled.com\/de\/\",\"name\":\"All Day Led\",\"description\":\"Verlichting voor 12&amp;24 volt gebruik\",\"publisher\":{\"@id\":\"https:\/\/www.alldayled.com\/de\/#organization\"},\"potentialAction\":[{\"@type\":\"SearchAction\",\"target\":{\"@type\":\"EntryPoint\",\"urlTemplate\":\"https:\/\/www.alldayled.com\/de\/?s={search_term_string}\"},\"query-input\":{\"@type\":\"PropertyValueSpecification\",\"valueRequired\":true,\"valueName\":\"search_term_string\"}}],\"inLanguage\":\"de\"},{\"@type\":\"Organization\",\"@id\":\"https:\/\/www.alldayled.com\/de\/#organization\",\"name\":\"All Day Led\",\"url\":\"https:\/\/www.alldayled.com\/de\/\",\"logo\":{\"@type\":\"ImageObject\",\"inLanguage\":\"de\",\"@id\":\"https:\/\/www.alldayled.com\/de\/#\/schema\/logo\/image\/\",\"url\":\"https:\/\/www.alldayled.com\/wp-content\/uploads\/2025\/10\/Logo-ALL-DAY-LED-800x800-zwart-witte-letters.png\",\"contentUrl\":\"https:\/\/www.alldayled.com\/wp-content\/uploads\/2025\/10\/Logo-ALL-DAY-LED-800x800-zwart-witte-letters.png\",\"width\":800,\"height\":800,\"caption\":\"All Day Led\"},\"image\":{\"@id\":\"https:\/\/www.alldayled.com\/de\/#\/schema\/logo\/image\/\"},\"sameAs\":[\"https:\/\/www.facebook.com\/alldayled\/\",\"https:\/\/www.instagram.com\/alldayled\/\"],\"vatID\":\"NL863960133B01\",\"taxID\":\"86416545\"}]}<\/script>\n<meta property=\"product:brand\" content=\"WA\u015a\" \/>\n<meta property=\"product:price:amount\" content=\"9.95\" \/>\n<meta property=\"product:price:currency\" content=\"EUR\" \/>\n<meta property=\"og:availability\" content=\"instock\" \/>\n<meta property=\"product:availability\" content=\"instock\" \/>\n<meta property=\"product:retailer_item_id\" content=\"ADL00285\" \/>\n<meta property=\"product:condition\" content=\"new\" \/>\n<!-- \/ Yoast SEO Premium plugin. -->","yoast_head_json":{"title":"W61 Markierungsleuchte rot - WA\u015a - All Day Led - f\u00fcr 12&24V","description":"W61 Markierungsleuchte rot der Marke WA\u015a - 12&24 Volt - Auto, LKW, Wohnmobil, Anh\u00e4nger und mehr - mit ECE R7-Pr\u00fcfzeichen","robots":{"index":"index","follow":"follow","max-snippet":"max-snippet:-1","max-image-preview":"max-image-preview:large","max-video-preview":"max-video-preview:-1"},"canonical":"https:\/\/www.alldayled.com\/de\/produkt\/led-markeringslamp-rood-was-helder-glas\/","og_locale":"de_DE","og_type":"article","og_title":"W61 Markierungsleuchte rot - WA\u015a - All Day Led - f\u00fcr 12&24V","og_description":"W61 Markierungsleuchte rot der Marke WA\u015a - 12&24 Volt - Auto, LKW, Wohnmobil, Anh\u00e4nger und mehr - mit ECE R7-Pr\u00fcfzeichen","og_url":"https:\/\/www.alldayled.com\/de\/produkt\/led-markeringslamp-rood-was-helder-glas\/","og_site_name":"All Day Led","article_publisher":"https:\/\/www.facebook.com\/alldayled\/","article_modified_time":"2026-04-09T13:24:33+00:00","og_image":[{"url":"https:\/\/www.alldayled.com\/wp-content\/uploads\/2020\/06\/ADL00285..png","type":"","width":"","height":""}],"twitter_misc":{"Preis":"&euro;&nbsp;9,95","Verf\u00fcgbarkeit":"Auf Lager"},"schema":{"@context":"https:\/\/schema.org","@graph":[{"@type":"WebPage","@id":"https:\/\/www.alldayled.com\/de\/produkt\/led-markeringslamp-rood-was-helder-glas\/","url":"https:\/\/www.alldayled.com\/de\/produkt\/led-markeringslamp-rood-was-helder-glas\/","name":"W61 Markierungsleuchte rot - WA\u015a - All Day Led - f\u00fcr 12&24V","isPartOf":{"@id":"https:\/\/www.alldayled.com\/de\/#website"},"primaryImageOfPage":{"@id":"https:\/\/www.alldayled.com\/de\/produkt\/led-markeringslamp-rood-was-helder-glas\/#primaryimage"},"image":{"@id":"https:\/\/www.alldayled.com\/de\/produkt\/led-markeringslamp-rood-was-helder-glas\/#primaryimage"},"thumbnailUrl":"https:\/\/www.alldayled.com\/wp-content\/uploads\/2020\/06\/ADL00285-0.png","datePublished":"2020-06-19T14:03:52+00:00","dateModified":"2026-04-09T13:24:33+00:00","description":"W61 Markierungsleuchte rot der Marke WA\u015a - 12&24 Volt - Auto, LKW, Wohnmobil, Anh\u00e4nger und mehr - mit ECE R7-Pr\u00fcfzeichen","breadcrumb":{"@id":"https:\/\/www.alldayled.com\/de\/produkt\/led-markeringslamp-rood-was-helder-glas\/#breadcrumb"},"inLanguage":"de","potentialAction":[{"@type":"ReadAction","target":["https:\/\/www.alldayled.com\/de\/produkt\/led-markeringslamp-rood-was-helder-glas\/"]}]},{"@type":"ImageObject","inLanguage":"de","@id":"https:\/\/www.alldayled.com\/de\/produkt\/led-markeringslamp-rood-was-helder-glas\/#primaryimage","url":"https:\/\/www.alldayled.com\/wp-content\/uploads\/2020\/06\/ADL00285-0.png","contentUrl":"https:\/\/www.alldayled.com\/wp-content\/uploads\/2020\/06\/ADL00285-0.png","width":800,"height":600,"caption":"ADL00285 - W61 rot"},{"@type":"BreadcrumbList","@id":"https:\/\/www.alldayled.com\/de\/produkt\/led-markeringslamp-rood-was-helder-glas\/#breadcrumb","itemListElement":[{"@type":"ListItem","position":1,"name":"Home","item":"https:\/\/www.alldayled.com\/de\/"},{"@type":"ListItem","position":2,"name":"Shop","item":"https:\/\/www.alldayled.com\/de\/shop\/"},{"@type":"ListItem","position":3,"name":"Positionsleuchten","item":"https:\/\/www.alldayled.com\/de\/produkt-kategorie\/positionslichter\/"},{"@type":"ListItem","position":4,"name":"Markierungsleuchten","item":"https:\/\/www.alldayled.com\/de\/produkt-kategorie\/positionslichter\/markeringslampen\/"},{"@type":"ListItem","position":5,"name":"WA\u015a W61 Markierungsleuchte rot"}]},{"@type":"WebSite","@id":"https:\/\/www.alldayled.com\/de\/#website","url":"https:\/\/www.alldayled.com\/de\/","name":"All Day Led","description":"Verlichting voor 12&amp;24 volt gebruik","publisher":{"@id":"https:\/\/www.alldayled.com\/de\/#organization"},"potentialAction":[{"@type":"SearchAction","target":{"@type":"EntryPoint","urlTemplate":"https:\/\/www.alldayled.com\/de\/?s={search_term_string}"},"query-input":{"@type":"PropertyValueSpecification","valueRequired":true,"valueName":"search_term_string"}}],"inLanguage":"de"},{"@type":"Organization","@id":"https:\/\/www.alldayled.com\/de\/#organization","name":"All Day Led","url":"https:\/\/www.alldayled.com\/de\/","logo":{"@type":"ImageObject","inLanguage":"de","@id":"https:\/\/www.alldayled.com\/de\/#\/schema\/logo\/image\/","url":"https:\/\/www.alldayled.com\/wp-content\/uploads\/2025\/10\/Logo-ALL-DAY-LED-800x800-zwart-witte-letters.png","contentUrl":"https:\/\/www.alldayled.com\/wp-content\/uploads\/2025\/10\/Logo-ALL-DAY-LED-800x800-zwart-witte-letters.png","width":800,"height":800,"caption":"All Day Led"},"image":{"@id":"https:\/\/www.alldayled.com\/de\/#\/schema\/logo\/image\/"},"sameAs":["https:\/\/www.facebook.com\/alldayled\/","https:\/\/www.instagram.com\/alldayled\/"],"vatID":"NL863960133B01","taxID":"86416545"}]},"product_brand":"WA\u015a","product_price_amount":"9.95","product_price_currency":"EUR","og_availability":"instock","product_availability":"instock","product_retailer_item_id":"ADL00285","product_condition":"new"},"_links":{"self":[{"href":"https:\/\/www.alldayled.com\/de\/wp-json\/wp\/v2\/product\/67260","targetHints":{"allow":["GET"]}}],"collection":[{"href":"https:\/\/www.alldayled.com\/de\/wp-json\/wp\/v2\/product"}],"about":[{"href":"https:\/\/www.alldayled.com\/de\/wp-json\/wp\/v2\/types\/product"}],"replies":[{"embeddable":true,"href":"https:\/\/www.alldayled.com\/de\/wp-json\/wp\/v2\/comments?post=67260"}],"wp:featuredmedia":[{"embeddable":true,"href":"https:\/\/www.alldayled.com\/de\/wp-json\/wp\/v2\/media\/79412"}],"wp:attachment":[{"href":"https:\/\/www.alldayled.com\/de\/wp-json\/wp\/v2\/media?parent=67260"}],"wp:term":[{"taxonomy":"product_brand","embeddable":true,"href":"https:\/\/www.alldayled.com\/de\/wp-json\/wp\/v2\/product_brand?post=67260"},{"taxonomy":"product_cat","embeddable":true,"href":"https:\/\/www.alldayled.com\/de\/wp-json\/wp\/v2\/product_cat?post=67260"},{"taxonomy":"product_tag","embeddable":true,"href":"https:\/\/www.alldayled.com\/de\/wp-json\/wp\/v2\/product_tag?post=67260"}],"curies":[{"name":"wp","href":"https:\/\/api.w.org\/{rel}","templated":true}]}}