{"id":67270,"date":"2023-11-16T08:36:12","date_gmt":"2023-11-16T07:36:12","guid":{"rendered":"https:\/\/www.alldayled.com\/product\/was-w189n-markeringslamp-wit\/"},"modified":"2026-01-21T14:52:20","modified_gmt":"2026-01-21T13:52:20","slug":"was-w189n-markeringslamp-wit","status":"publish","type":"product","link":"https:\/\/www.alldayled.com\/de\/produkt\/was-w189n-markeringslamp-wit\/","title":{"rendered":"WA\u015a W189N Markierungsleuchte wei\u00df"},"content":{"rendered":"<p><span style=\"color: #000000;\"><strong>WA\u015a W189N Markierungsleuchte wei\u00df.<\/strong><\/span><\/p>\n<p><span style=\"color: #000000;\">Bist du auf der Suche nach einer guten LED-Markierungsleuchte im NEON-Look, die wei\u00df leuchtet? Dann ist die NEON-Markierungsleuchte von WA\u015a vielleicht genau das, was du suchst. Diese wei\u00df leuchtende Begrenzungsleuchte hat 4 LED-Punkte, wodurch du einen klaren, gleichm\u00e4\u00dfigen Schein erh\u00e4ltst. Die WA\u015a W189N NEON-look Markierungsleuchte wei\u00df funktioniert mit 12 &amp; 24 Volt. Dadurch kannst du die Lampe an allen Arten von Fahrzeugen verwenden. So montierst du sie einfach an deinem Auto, LKW, Wohnmobil oder einem anderen Fahrzeug.     <\/span><\/p>\n<p><span style=\"color: #000000;\">Um sicherzustellen, dass die WA\u015a W189N NEON-look Markierungsleuchte wei\u00df f\u00fcr dein Fahrzeug oder deinen Anh\u00e4nger geeignet ist, haben wir die wichtigsten Spezifikationen f\u00fcr dich unten aufgeschrieben. So siehst du sofort, warum dies vielleicht die Lampe ist, nach der du suchst. Die Lampe ist mit dem ECE R10-Pr\u00fcfzeichen versehen, was bedeutet, dass sie keine St\u00f6rungen verursacht, beispielsweise auf deinem Funksignal. Auch hat diese NEON-Markierungsleuchte das ECE R7-Pr\u00fcfzeichen, wodurch du sie offiziell als Positionsleuchte verwenden darfst.   <\/span><\/p>\n<h5><span style=\"color: #000000;\"><strong>Abmessungen:<\/strong><\/span><\/h5>\n<p><span style=\"color: #000000;\">M\u00f6chtest du vor dem Kauf sicherstellen, dass du die Lampe dort montieren kannst, wo du m\u00f6chtest? Logisch! Deshalb haben wir die Abmessungen dieser WA\u015a W189N NEON-look Markierungsleuchte mit mattem\/stumpfem Glas f\u00fcr dich unten notiert.  <\/span><\/p>\n<ul>\n<li><span style=\"color: #000000;\">L\u00e4nge: 110 mm (inkl. Montagedichtung)<\/span><\/li>\n<li><span style=\"color: #000000;\">H\u00f6he: 31 mm<\/span><\/li>\n<li><span style=\"color: #000000;\">Dicke: 13 mm<\/span><\/li>\n<li><span style=\"color: #000000;\">Lochabstand: 82 mm<\/span><\/li>\n<\/ul>\n<h5><span style=\"color: #000000;\"><strong>Andere Farben:<\/strong><\/span><\/h5>\n<p><span style=\"color: #000000;\">Bist du zwar auf der Suche nach einer NEON-Look LED-Markierungsleuchte, aber nicht in Wei\u00df? Gute Nachrichten! Die W189N NEON Markierungsleuchte von WA\u015a ist neben Wei\u00df auch in den folgenden Farben erh\u00e4ltlich:  <\/span><\/p>\n<ul>\n<li><a href=\"https:\/\/www.alldayled.com\/de\/produkt\/was-w189n-markeringslamp-oranje\/\" target=\"_blank\" rel=\"noopener\"><span style=\"color: #000000;\"><strong>W189N Konturleuchte ORANGE<\/strong><\/span><\/a><\/li>\n<li><a href=\"https:\/\/www.alldayled.com\/de\/produkt\/was-w189n-markeringslamp-rood\/\" target=\"_blank\" rel=\"noopener\"><span style=\"color: #000000;\"><strong>W189N Konturleuchte ROT<\/strong><\/span><\/a><\/li>\n<\/ul>\n<p><span style=\"color: #000000;\">Bist du immer noch nicht \u00fcberzeugt, dass die WA\u015a W189N NEON-Look Begrenzungsleuchte wei\u00df das ist, wonach du suchst? Einfach weil die Lichtleistung, Wattzahl oder Form nicht deinen W\u00fcnschen entspricht? Dann sieh dir hier das komplette Angebot von <a style=\"color: #000000;\" href=\"https:\/\/www.alldayled.com\/de\/marke\/product-was\/\" target=\"_blank\" rel=\"noopener\">WA\u015a<\/a> an. Vielleicht findest du hier das Leuchtenmodell, wonach du suchst.   <\/span><\/p>\n","protected":false},"excerpt":{"rendered":"<p>WA\u015a Markierungsleuchte W189 wei\u00df NEON mit eingebautem Reflektor. F\u00fcr 12\/24 Volt. <\/p>\n","protected":false},"featured_media":19062,"comment_status":"open","ping_status":"closed","template":"","meta":{"_acf_changed":false},"product_brand":[5691],"product_cat":[5196],"product_tag":[9151,9266,9265,9153,9158,9159,9155,9167,9157,9156,9445],"class_list":{"0":"post-67270","1":"product","2":"type-product","3":"status-publish","4":"has-post-thumbnail","6":"product_brand-product-was","7":"product_cat-markeringslampen","8":"product_tag-konturbeleuchtung","9":"product_tag-led-begrenzungsleuchte-weis","10":"product_tag-led-markierung-weis","11":"product_tag-led-markierungsleuchte","12":"product_tag-led-markierungsleuchte-12-volt","13":"product_tag-led-markierungsleuchte-24-volt","14":"product_tag-markierungsleuchte-anhaenger","15":"product_tag-markierungsleuchte-anhanger","16":"product_tag-markierungsleuchte-lkw","17":"product_tag-markierungsleuchte-wohnmobil","18":"product_tag-was-led-beleuchtung","20":"first","21":"instock","22":"taxable","23":"shipping-taxable","24":"purchasable","25":"product-type-simple"},"acf":[],"yoast_head":"<!-- This site is optimized with the Yoast SEO Premium plugin v26.5 (Yoast SEO v27.1.1) - https:\/\/yoast.com\/product\/yoast-seo-premium-wordpress\/ -->\n<title>W189N Begrenzungsleuchte wei\u00df - WA\u015a - All Day Led - 12&amp;24V<\/title>\n<meta name=\"description\" content=\"W189N Markierungsleuchte wei\u00df - WA\u015a - 12-24 Volt - Auto, Anh\u00e4nger, LKW und mehr - ECE R7 Pr\u00fcfzeichen - NEON-Look LED Lampe\" \/>\n<meta name=\"robots\" content=\"index, follow, max-snippet:-1, max-image-preview:large, max-video-preview:-1\" \/>\n<link rel=\"canonical\" href=\"https:\/\/www.alldayled.com\/de\/produkt\/was-w189n-markeringslamp-wit\/\" \/>\n<meta property=\"og:locale\" content=\"de_DE\" \/>\n<meta property=\"og:type\" content=\"article\" \/>\n<meta property=\"og:title\" content=\"W189N NEON Markierungsleuchte wei\u00df - WA\u015a - All Day Led - 12&amp;24V\" \/>\n<meta property=\"og:description\" content=\"W189N NEON Markierungsleuchte wei\u00df - WA\u015a - 12-24 Volt - Auto, Anh\u00e4nger, LKW und mehr - ECE R7 Pr\u00fcfzeichen - NEON-Look LED Lampe\" \/>\n<meta property=\"og:url\" content=\"https:\/\/www.alldayled.com\/de\/produkt\/was-w189n-markeringslamp-wit\/\" \/>\n<meta property=\"og:site_name\" content=\"All Day Led\" \/>\n<meta property=\"article:publisher\" content=\"https:\/\/www.facebook.com\/alldayled\/\" \/>\n<meta property=\"article:modified_time\" content=\"2026-01-21T13:52:20+00:00\" \/>\n<meta property=\"og:image\" content=\"https:\/\/www.alldayled.com\/wp-content\/uploads\/2024\/08\/ADL01343.01-300x300.png\" \/>\n<meta name=\"twitter:label1\" content=\"Preis\" \/>\n\t<meta name=\"twitter:data1\" content=\"&euro;&nbsp;7,95\" \/>\n\t<meta name=\"twitter:label2\" content=\"Verf\u00fcgbarkeit\" \/>\n\t<meta name=\"twitter:data2\" content=\"Auf Lager\" \/>\n<script type=\"application\/ld+json\" class=\"yoast-schema-graph\">{\"@context\":\"https:\/\/schema.org\",\"@graph\":[{\"@type\":\"WebPage\",\"@id\":\"https:\/\/www.alldayled.com\/de\/produkt\/was-w189n-markeringslamp-wit\/\",\"url\":\"https:\/\/www.alldayled.com\/de\/produkt\/was-w189n-markeringslamp-wit\/\",\"name\":\"W189N Begrenzungsleuchte wei\u00df - WA\u015a - All Day Led - 12&24V\",\"isPartOf\":{\"@id\":\"https:\/\/www.alldayled.com\/de\/#website\"},\"primaryImageOfPage\":{\"@id\":\"https:\/\/www.alldayled.com\/de\/produkt\/was-w189n-markeringslamp-wit\/#primaryimage\"},\"image\":{\"@id\":\"https:\/\/www.alldayled.com\/de\/produkt\/was-w189n-markeringslamp-wit\/#primaryimage\"},\"thumbnailUrl\":\"https:\/\/www.alldayled.com\/wp-content\/uploads\/2021\/04\/ADL01343..png\",\"datePublished\":\"2023-11-16T07:36:12+00:00\",\"dateModified\":\"2026-01-21T13:52:20+00:00\",\"description\":\"W189N Markierungsleuchte wei\u00df - WA\u015a - 12-24 Volt - Auto, Anh\u00e4nger, LKW und mehr - ECE R7 Pr\u00fcfzeichen - NEON-Look LED Lampe\",\"breadcrumb\":{\"@id\":\"https:\/\/www.alldayled.com\/de\/produkt\/was-w189n-markeringslamp-wit\/#breadcrumb\"},\"inLanguage\":\"de\",\"potentialAction\":[{\"@type\":\"ReadAction\",\"target\":[\"https:\/\/www.alldayled.com\/de\/produkt\/was-w189n-markeringslamp-wit\/\"]}]},{\"@type\":\"ImageObject\",\"inLanguage\":\"de\",\"@id\":\"https:\/\/www.alldayled.com\/de\/produkt\/was-w189n-markeringslamp-wit\/#primaryimage\",\"url\":\"https:\/\/www.alldayled.com\/wp-content\/uploads\/2021\/04\/ADL01343..png\",\"contentUrl\":\"https:\/\/www.alldayled.com\/wp-content\/uploads\/2021\/04\/ADL01343..png\",\"width\":800,\"height\":600,\"caption\":\"WA\u015a W189N NEON Begrenzungsleuchte wei\u00df - geeignet f\u00fcr 12 und 24 Volt Betrieb - zur Montage an deinem Auto, LKW, Anh\u00e4nger, Trailer, Wohnmobil, Wohnwagen und mehr - EAN: 5903098109714\"},{\"@type\":\"BreadcrumbList\",\"@id\":\"https:\/\/www.alldayled.com\/de\/produkt\/was-w189n-markeringslamp-wit\/#breadcrumb\",\"itemListElement\":[{\"@type\":\"ListItem\",\"position\":1,\"name\":\"Home\",\"item\":\"https:\/\/www.alldayled.com\/de\/\"},{\"@type\":\"ListItem\",\"position\":2,\"name\":\"Shop\",\"item\":\"https:\/\/www.alldayled.com\/de\/shop\/\"},{\"@type\":\"ListItem\",\"position\":3,\"name\":\"Positionsleuchten\",\"item\":\"https:\/\/www.alldayled.com\/de\/produkt-kategorie\/positionslichter\/\"},{\"@type\":\"ListItem\",\"position\":4,\"name\":\"Markierungsleuchten\",\"item\":\"https:\/\/www.alldayled.com\/de\/produkt-kategorie\/positionslichter\/markeringslampen\/\"},{\"@type\":\"ListItem\",\"position\":5,\"name\":\"WA\u015a W189N Markierungsleuchte wei\u00df\"}]},{\"@type\":\"WebSite\",\"@id\":\"https:\/\/www.alldayled.com\/de\/#website\",\"url\":\"https:\/\/www.alldayled.com\/de\/\",\"name\":\"All Day Led\",\"description\":\"Verlichting voor 12&amp;24 volt gebruik\",\"publisher\":{\"@id\":\"https:\/\/www.alldayled.com\/de\/#organization\"},\"potentialAction\":[{\"@type\":\"SearchAction\",\"target\":{\"@type\":\"EntryPoint\",\"urlTemplate\":\"https:\/\/www.alldayled.com\/de\/?s={search_term_string}\"},\"query-input\":{\"@type\":\"PropertyValueSpecification\",\"valueRequired\":true,\"valueName\":\"search_term_string\"}}],\"inLanguage\":\"de\"},{\"@type\":\"Organization\",\"@id\":\"https:\/\/www.alldayled.com\/de\/#organization\",\"name\":\"All Day Led\",\"url\":\"https:\/\/www.alldayled.com\/de\/\",\"logo\":{\"@type\":\"ImageObject\",\"inLanguage\":\"de\",\"@id\":\"https:\/\/www.alldayled.com\/de\/#\/schema\/logo\/image\/\",\"url\":\"https:\/\/www.alldayled.com\/wp-content\/uploads\/2025\/10\/Logo-ALL-DAY-LED-800x800-zwart-witte-letters.png\",\"contentUrl\":\"https:\/\/www.alldayled.com\/wp-content\/uploads\/2025\/10\/Logo-ALL-DAY-LED-800x800-zwart-witte-letters.png\",\"width\":800,\"height\":800,\"caption\":\"All Day Led\"},\"image\":{\"@id\":\"https:\/\/www.alldayled.com\/de\/#\/schema\/logo\/image\/\"},\"sameAs\":[\"https:\/\/www.facebook.com\/alldayled\/\",\"https:\/\/www.instagram.com\/alldayled\/\"],\"vatID\":\"NL863960133B01\",\"taxID\":\"86416545\"}]}<\/script>\n<meta property=\"product:brand\" content=\"WA\u015a\" \/>\n<meta property=\"product:price:amount\" content=\"7.95\" \/>\n<meta property=\"product:price:currency\" content=\"EUR\" \/>\n<meta property=\"og:availability\" content=\"instock\" \/>\n<meta property=\"product:availability\" content=\"instock\" \/>\n<meta property=\"product:retailer_item_id\" content=\"ADL01343\" \/>\n<meta property=\"product:condition\" content=\"new\" \/>\n<!-- \/ Yoast SEO Premium plugin. -->","yoast_head_json":{"title":"W189N Begrenzungsleuchte wei\u00df - WA\u015a - All Day Led - 12&24V","description":"W189N Markierungsleuchte wei\u00df - WA\u015a - 12-24 Volt - Auto, Anh\u00e4nger, LKW und mehr - ECE R7 Pr\u00fcfzeichen - NEON-Look LED Lampe","robots":{"index":"index","follow":"follow","max-snippet":"max-snippet:-1","max-image-preview":"max-image-preview:large","max-video-preview":"max-video-preview:-1"},"canonical":"https:\/\/www.alldayled.com\/de\/produkt\/was-w189n-markeringslamp-wit\/","og_locale":"de_DE","og_type":"article","og_title":"W189N NEON Markierungsleuchte wei\u00df - WA\u015a - All Day Led - 12&24V","og_description":"W189N NEON Markierungsleuchte wei\u00df - WA\u015a - 12-24 Volt - Auto, Anh\u00e4nger, LKW und mehr - ECE R7 Pr\u00fcfzeichen - NEON-Look LED Lampe","og_url":"https:\/\/www.alldayled.com\/de\/produkt\/was-w189n-markeringslamp-wit\/","og_site_name":"All Day Led","article_publisher":"https:\/\/www.facebook.com\/alldayled\/","article_modified_time":"2026-01-21T13:52:20+00:00","og_image":[{"url":"https:\/\/www.alldayled.com\/wp-content\/uploads\/2024\/08\/ADL01343.01-300x300.png","type":"","width":"","height":""}],"twitter_misc":{"Preis":"&euro;&nbsp;7,95","Verf\u00fcgbarkeit":"Auf Lager"},"schema":{"@context":"https:\/\/schema.org","@graph":[{"@type":"WebPage","@id":"https:\/\/www.alldayled.com\/de\/produkt\/was-w189n-markeringslamp-wit\/","url":"https:\/\/www.alldayled.com\/de\/produkt\/was-w189n-markeringslamp-wit\/","name":"W189N Begrenzungsleuchte wei\u00df - WA\u015a - All Day Led - 12&24V","isPartOf":{"@id":"https:\/\/www.alldayled.com\/de\/#website"},"primaryImageOfPage":{"@id":"https:\/\/www.alldayled.com\/de\/produkt\/was-w189n-markeringslamp-wit\/#primaryimage"},"image":{"@id":"https:\/\/www.alldayled.com\/de\/produkt\/was-w189n-markeringslamp-wit\/#primaryimage"},"thumbnailUrl":"https:\/\/www.alldayled.com\/wp-content\/uploads\/2021\/04\/ADL01343..png","datePublished":"2023-11-16T07:36:12+00:00","dateModified":"2026-01-21T13:52:20+00:00","description":"W189N Markierungsleuchte wei\u00df - WA\u015a - 12-24 Volt - Auto, Anh\u00e4nger, LKW und mehr - ECE R7 Pr\u00fcfzeichen - NEON-Look LED Lampe","breadcrumb":{"@id":"https:\/\/www.alldayled.com\/de\/produkt\/was-w189n-markeringslamp-wit\/#breadcrumb"},"inLanguage":"de","potentialAction":[{"@type":"ReadAction","target":["https:\/\/www.alldayled.com\/de\/produkt\/was-w189n-markeringslamp-wit\/"]}]},{"@type":"ImageObject","inLanguage":"de","@id":"https:\/\/www.alldayled.com\/de\/produkt\/was-w189n-markeringslamp-wit\/#primaryimage","url":"https:\/\/www.alldayled.com\/wp-content\/uploads\/2021\/04\/ADL01343..png","contentUrl":"https:\/\/www.alldayled.com\/wp-content\/uploads\/2021\/04\/ADL01343..png","width":800,"height":600,"caption":"WA\u015a W189N NEON Begrenzungsleuchte wei\u00df - geeignet f\u00fcr 12 und 24 Volt Betrieb - zur Montage an deinem Auto, LKW, Anh\u00e4nger, Trailer, Wohnmobil, Wohnwagen und mehr - EAN: 5903098109714"},{"@type":"BreadcrumbList","@id":"https:\/\/www.alldayled.com\/de\/produkt\/was-w189n-markeringslamp-wit\/#breadcrumb","itemListElement":[{"@type":"ListItem","position":1,"name":"Home","item":"https:\/\/www.alldayled.com\/de\/"},{"@type":"ListItem","position":2,"name":"Shop","item":"https:\/\/www.alldayled.com\/de\/shop\/"},{"@type":"ListItem","position":3,"name":"Positionsleuchten","item":"https:\/\/www.alldayled.com\/de\/produkt-kategorie\/positionslichter\/"},{"@type":"ListItem","position":4,"name":"Markierungsleuchten","item":"https:\/\/www.alldayled.com\/de\/produkt-kategorie\/positionslichter\/markeringslampen\/"},{"@type":"ListItem","position":5,"name":"WA\u015a W189N Markierungsleuchte wei\u00df"}]},{"@type":"WebSite","@id":"https:\/\/www.alldayled.com\/de\/#website","url":"https:\/\/www.alldayled.com\/de\/","name":"All Day Led","description":"Verlichting voor 12&amp;24 volt gebruik","publisher":{"@id":"https:\/\/www.alldayled.com\/de\/#organization"},"potentialAction":[{"@type":"SearchAction","target":{"@type":"EntryPoint","urlTemplate":"https:\/\/www.alldayled.com\/de\/?s={search_term_string}"},"query-input":{"@type":"PropertyValueSpecification","valueRequired":true,"valueName":"search_term_string"}}],"inLanguage":"de"},{"@type":"Organization","@id":"https:\/\/www.alldayled.com\/de\/#organization","name":"All Day Led","url":"https:\/\/www.alldayled.com\/de\/","logo":{"@type":"ImageObject","inLanguage":"de","@id":"https:\/\/www.alldayled.com\/de\/#\/schema\/logo\/image\/","url":"https:\/\/www.alldayled.com\/wp-content\/uploads\/2025\/10\/Logo-ALL-DAY-LED-800x800-zwart-witte-letters.png","contentUrl":"https:\/\/www.alldayled.com\/wp-content\/uploads\/2025\/10\/Logo-ALL-DAY-LED-800x800-zwart-witte-letters.png","width":800,"height":800,"caption":"All Day Led"},"image":{"@id":"https:\/\/www.alldayled.com\/de\/#\/schema\/logo\/image\/"},"sameAs":["https:\/\/www.facebook.com\/alldayled\/","https:\/\/www.instagram.com\/alldayled\/"],"vatID":"NL863960133B01","taxID":"86416545"}]},"product_brand":"WA\u015a","product_price_amount":"7.95","product_price_currency":"EUR","og_availability":"instock","product_availability":"instock","product_retailer_item_id":"ADL01343","product_condition":"new"},"_links":{"self":[{"href":"https:\/\/www.alldayled.com\/de\/wp-json\/wp\/v2\/product\/67270","targetHints":{"allow":["GET"]}}],"collection":[{"href":"https:\/\/www.alldayled.com\/de\/wp-json\/wp\/v2\/product"}],"about":[{"href":"https:\/\/www.alldayled.com\/de\/wp-json\/wp\/v2\/types\/product"}],"replies":[{"embeddable":true,"href":"https:\/\/www.alldayled.com\/de\/wp-json\/wp\/v2\/comments?post=67270"}],"wp:featuredmedia":[{"embeddable":true,"href":"https:\/\/www.alldayled.com\/de\/wp-json\/wp\/v2\/media\/19062"}],"wp:attachment":[{"href":"https:\/\/www.alldayled.com\/de\/wp-json\/wp\/v2\/media?parent=67270"}],"wp:term":[{"taxonomy":"product_brand","embeddable":true,"href":"https:\/\/www.alldayled.com\/de\/wp-json\/wp\/v2\/product_brand?post=67270"},{"taxonomy":"product_cat","embeddable":true,"href":"https:\/\/www.alldayled.com\/de\/wp-json\/wp\/v2\/product_cat?post=67270"},{"taxonomy":"product_tag","embeddable":true,"href":"https:\/\/www.alldayled.com\/de\/wp-json\/wp\/v2\/product_tag?post=67270"}],"curies":[{"name":"wp","href":"https:\/\/api.w.org\/{rel}","templated":true}]}}