{"id":67274,"date":"2023-11-16T08:33:58","date_gmt":"2023-11-16T07:33:58","guid":{"rendered":"https:\/\/www.alldayled.com\/product\/was-w189-markeringslamp-oranje\/"},"modified":"2026-02-03T17:35:28","modified_gmt":"2026-02-03T16:35:28","slug":"was-w189-markeringslamp-oranje","status":"publish","type":"product","link":"https:\/\/www.alldayled.com\/de\/produkt\/was-w189-markeringslamp-oranje\/","title":{"rendered":"WA\u015a W189 Markierungsleuchte orange"},"content":{"rendered":"<p><span style=\"color: #000000;\"><strong>WA\u015a W189 Markierungsleuchte orange.<\/strong><\/span><\/p>\n<p><span style=\"color: #000000;\">Bist du auf der Suche nach einer guten LED-Markierungsleuchte mit eingebautem Reflektor? Dann ist die orange LED-Markierungsleuchte von WA\u015a vielleicht genau das, was du suchst. Diese orangefarbene Konturleuchte hat 4 LED-Punkte, die zusammen einen sch\u00f6nen, gleichm\u00e4\u00dfigen Schein erzeugen. Die WA\u015a W189 LED Markierungsleuchte orange arbeitet mit 12 &amp; 24 Volt. Dadurch kannst du die Leuchte an allen m\u00f6glichen Fahrzeugen anbringen. Du kannst sie beispielsweise an deinem Auto, LKW, Wohnmobil oder einem anderen Fahrzeug montieren.     <\/span><\/p>\n<p><span style=\"color: #000000;\">Um sicherzustellen, dass die WA\u015a W189 LED Markierungsleuchte orange f\u00fcr dein Fahrzeug oder deinen Anh\u00e4nger geeignet ist, haben wir die wichtigsten Spezifikationen f\u00fcr dich notiert. So siehst du sofort, warum dies vielleicht die LED-Leuchte ist, nach der du suchst. Die Leuchte ist mit dem ECE R10-Pr\u00fcfzeichen versehen, was bedeutet, dass sie keine St\u00f6rungen verursacht, beispielsweise auf deinem Funksignal. Dar\u00fcber hinaus ist die orangefarbene Markierungsleuchte von WA\u015a mit den ECE R3- und R7-Pr\u00fcfzeichen ausgestattet, wodurch du sie offiziell als Markierungsleuchte mit Reflektor verwenden darfst.   <\/span><\/p>\n<h5><span style=\"color: #000000;\"><strong>Abmessungen:<\/strong><\/span><\/h5>\n<p><span style=\"color: #000000;\">M\u00f6chtest du sicherstellen, dass du die Leuchte genau dort montieren kannst, wo du m\u00f6chtest? Kein Problem! Die Abmessungen dieser WA\u015a W189 LED Markierungsleuchte orange findest du hier unten.<\/span><\/p>\n<ul>\n<li><span style=\"color: #000000;\">L\u00e4nge: 110 mm (inkl. Montagedichtung)<\/span><\/li>\n<li><span style=\"color: #000000;\">H\u00f6he: 30 mm<\/span><\/li>\n<li><span style=\"color: #000000;\">Dicke: 12 mm<\/span><\/li>\n<li><span style=\"color: #000000;\">H.o.H: 83mm<\/span><\/li>\n<\/ul>\n<h5><span style=\"color: #000000;\"><strong>Andere Farben:<\/strong><\/span><\/h5>\n<p><span style=\"color: #000000;\">Bist du zwar auf der Suche nach dieser Format Leuchte, aber ist orange nicht die Farbe, die du m\u00f6chtest? Keine Sorge! Diese WA\u015a LED-Markierungsleuchte ist auch in den folgenden Farben erh\u00e4ltlich:  <\/span><\/p>\n<ul>\n<li><span style=\"color: #000000;\"><a style=\"color: #000000;\" href=\"https:\/\/www.alldayled.com\/de\/produkt\/was-w189-markeringslamp-rood\/\" target=\"_blank\" rel=\"noopener\"><strong>W189 Konturleuchte ROT<\/strong><\/a><\/span><\/li>\n<li><span style=\"color: #000000;\"><a style=\"color: #000000;\" href=\"https:\/\/www.alldayled.com\/de\/produkt\/was-w189-markeringslamp-wit\/\" target=\"_blank\" rel=\"noopener\"><strong>W189 Konturleuchte WEISS<\/strong><\/a><\/span><\/li>\n<\/ul>\n<p><span style=\"color: #000000;\">Bist du noch immer nicht \u00fcberzeugt, dass die WA\u015a W189 LED Markierungsleuchte orange das ist, wonach du suchst? Einfach weil die Lichtleistung, Wattzahl oder Form nicht deinen W\u00fcnschen entspricht? Dann sieh dir hier das komplette Angebot von <a style=\"color: #000000;\" href=\"https:\/\/www.alldayled.com\/de\/marke\/product-was\/\" target=\"_blank\" rel=\"noopener\">WA\u015a<\/a> an. Vielleicht findest du hier das Modell Leuchte, nach dem du suchst.   <\/span><\/p>\n","protected":false},"excerpt":{"rendered":"<p>WA\u015a Markierungsleuchte W189 orange mit eingebautem Reflektor. Geeignet f\u00fcr 12\/24 Volt. <\/p>\n","protected":false},"featured_media":17073,"comment_status":"open","ping_status":"closed","template":"","meta":{"_acf_changed":false},"product_brand":[5691],"product_cat":[5196],"product_tag":[9151,9269,9153,9158,9159,9270,9155,9167,9157,9156,9271,9445],"class_list":{"0":"post-67274","1":"product","2":"type-product","3":"status-publish","4":"has-post-thumbnail","6":"product_brand-product-was","7":"product_cat-markeringslampen","8":"product_tag-konturbeleuchtung","9":"product_tag-led-markierung-orange","10":"product_tag-led-markierungsleuchte","11":"product_tag-led-markierungsleuchte-12-volt","12":"product_tag-led-markierungsleuchte-24-volt","13":"product_tag-led-markierungsleuchte-orange","14":"product_tag-markierungsleuchte-anhaenger","15":"product_tag-markierungsleuchte-anhanger","16":"product_tag-markierungsleuchte-lkw","17":"product_tag-markierungsleuchte-wohnmobil","18":"product_tag-seitenmarkierung","19":"product_tag-was-led-beleuchtung","21":"first","22":"instock","23":"taxable","24":"shipping-taxable","25":"purchasable","26":"product-type-simple"},"acf":[],"yoast_head":"<!-- This site is optimized with the Yoast SEO Premium plugin v26.5 (Yoast SEO v27.1.1) - https:\/\/yoast.com\/product\/yoast-seo-premium-wordpress\/ -->\n<title>W189 Markierungsleuchte orange - WA\u015a - All Day Led - wird mit Montagegummi geliefert<\/title>\n<meta name=\"description\" content=\"W189 Markierungsleuchte orange der Marke WA\u015a - 12 und 24 Volt - Auto, Anh\u00e4nger, LKW und mehr - LED-Leuchte mit Reflektor - ECE R91-Pr\u00fcfzeichen\" \/>\n<meta name=\"robots\" content=\"index, follow, max-snippet:-1, max-image-preview:large, max-video-preview:-1\" \/>\n<link rel=\"canonical\" href=\"https:\/\/www.alldayled.com\/de\/produkt\/was-w189-markeringslamp-oranje\/\" \/>\n<meta property=\"og:locale\" content=\"de_DE\" \/>\n<meta property=\"og:type\" content=\"article\" \/>\n<meta property=\"og:title\" content=\"W189 Markierungsleuchte orange - WA\u015a - All Day Led - wird mit Montagegummi geliefert\" \/>\n<meta property=\"og:description\" content=\"W189 Markierungsleuchte orange der Marke WA\u015a - 12 und 24 Volt - Auto, Anh\u00e4nger, LKW und mehr - LED-Leuchte mit Reflektor - ECE R91-Pr\u00fcfzeichen\" \/>\n<meta property=\"og:url\" content=\"https:\/\/www.alldayled.com\/de\/produkt\/was-w189-markeringslamp-oranje\/\" \/>\n<meta property=\"og:site_name\" content=\"All Day Led\" \/>\n<meta property=\"article:publisher\" content=\"https:\/\/www.facebook.com\/alldayled\/\" \/>\n<meta property=\"article:modified_time\" content=\"2026-02-03T16:35:28+00:00\" \/>\n<meta property=\"og:image\" content=\"https:\/\/www.alldayled.com\/wp-content\/uploads\/2024\/08\/ADL01338.01-300x300.png\" \/>\n<meta name=\"twitter:label1\" content=\"Preis\" \/>\n\t<meta name=\"twitter:data1\" content=\"&euro;&nbsp;8,95\" \/>\n\t<meta name=\"twitter:label2\" content=\"Verf\u00fcgbarkeit\" \/>\n\t<meta name=\"twitter:data2\" content=\"Auf Lager\" \/>\n<script type=\"application\/ld+json\" class=\"yoast-schema-graph\">{\"@context\":\"https:\/\/schema.org\",\"@graph\":[{\"@type\":\"WebPage\",\"@id\":\"https:\/\/www.alldayled.com\/de\/produkt\/was-w189-markeringslamp-oranje\/\",\"url\":\"https:\/\/www.alldayled.com\/de\/produkt\/was-w189-markeringslamp-oranje\/\",\"name\":\"W189 Markierungsleuchte orange - WA\u015a - All Day Led - wird mit Montagegummi geliefert\",\"isPartOf\":{\"@id\":\"https:\/\/www.alldayled.com\/de\/#website\"},\"primaryImageOfPage\":{\"@id\":\"https:\/\/www.alldayled.com\/de\/produkt\/was-w189-markeringslamp-oranje\/#primaryimage\"},\"image\":{\"@id\":\"https:\/\/www.alldayled.com\/de\/produkt\/was-w189-markeringslamp-oranje\/#primaryimage\"},\"thumbnailUrl\":\"https:\/\/www.alldayled.com\/wp-content\/uploads\/2020\/09\/ADL01338..png\",\"datePublished\":\"2023-11-16T07:33:58+00:00\",\"dateModified\":\"2026-02-03T16:35:28+00:00\",\"description\":\"W189 Markierungsleuchte orange der Marke WA\u015a - 12 und 24 Volt - Auto, Anh\u00e4nger, LKW und mehr - LED-Leuchte mit Reflektor - ECE R91-Pr\u00fcfzeichen\",\"breadcrumb\":{\"@id\":\"https:\/\/www.alldayled.com\/de\/produkt\/was-w189-markeringslamp-oranje\/#breadcrumb\"},\"inLanguage\":\"de\",\"potentialAction\":[{\"@type\":\"ReadAction\",\"target\":[\"https:\/\/www.alldayled.com\/de\/produkt\/was-w189-markeringslamp-oranje\/\"]}]},{\"@type\":\"ImageObject\",\"inLanguage\":\"de\",\"@id\":\"https:\/\/www.alldayled.com\/de\/produkt\/was-w189-markeringslamp-oranje\/#primaryimage\",\"url\":\"https:\/\/www.alldayled.com\/wp-content\/uploads\/2020\/09\/ADL01338..png\",\"contentUrl\":\"https:\/\/www.alldayled.com\/wp-content\/uploads\/2020\/09\/ADL01338..png\",\"width\":800,\"height\":600,\"caption\":\"WA\u015a W189 LED Markierungsleuchte orange f\u00fcr 12 und 24 Volt Betrieb - Seitenmarkierung EAN: 5901323182266\"},{\"@type\":\"BreadcrumbList\",\"@id\":\"https:\/\/www.alldayled.com\/de\/produkt\/was-w189-markeringslamp-oranje\/#breadcrumb\",\"itemListElement\":[{\"@type\":\"ListItem\",\"position\":1,\"name\":\"Home\",\"item\":\"https:\/\/www.alldayled.com\/de\/\"},{\"@type\":\"ListItem\",\"position\":2,\"name\":\"Shop\",\"item\":\"https:\/\/www.alldayled.com\/de\/shop\/\"},{\"@type\":\"ListItem\",\"position\":3,\"name\":\"Positionsleuchten\",\"item\":\"https:\/\/www.alldayled.com\/de\/produkt-kategorie\/positionslichter\/\"},{\"@type\":\"ListItem\",\"position\":4,\"name\":\"Markierungsleuchten\",\"item\":\"https:\/\/www.alldayled.com\/de\/produkt-kategorie\/positionslichter\/markeringslampen\/\"},{\"@type\":\"ListItem\",\"position\":5,\"name\":\"WA\u015a W189 Markierungsleuchte orange\"}]},{\"@type\":\"WebSite\",\"@id\":\"https:\/\/www.alldayled.com\/de\/#website\",\"url\":\"https:\/\/www.alldayled.com\/de\/\",\"name\":\"All Day Led\",\"description\":\"Verlichting voor 12&amp;24 volt gebruik\",\"publisher\":{\"@id\":\"https:\/\/www.alldayled.com\/de\/#organization\"},\"potentialAction\":[{\"@type\":\"SearchAction\",\"target\":{\"@type\":\"EntryPoint\",\"urlTemplate\":\"https:\/\/www.alldayled.com\/de\/?s={search_term_string}\"},\"query-input\":{\"@type\":\"PropertyValueSpecification\",\"valueRequired\":true,\"valueName\":\"search_term_string\"}}],\"inLanguage\":\"de\"},{\"@type\":\"Organization\",\"@id\":\"https:\/\/www.alldayled.com\/de\/#organization\",\"name\":\"All Day Led\",\"url\":\"https:\/\/www.alldayled.com\/de\/\",\"logo\":{\"@type\":\"ImageObject\",\"inLanguage\":\"de\",\"@id\":\"https:\/\/www.alldayled.com\/de\/#\/schema\/logo\/image\/\",\"url\":\"https:\/\/www.alldayled.com\/wp-content\/uploads\/2025\/10\/Logo-ALL-DAY-LED-800x800-zwart-witte-letters.png\",\"contentUrl\":\"https:\/\/www.alldayled.com\/wp-content\/uploads\/2025\/10\/Logo-ALL-DAY-LED-800x800-zwart-witte-letters.png\",\"width\":800,\"height\":800,\"caption\":\"All Day Led\"},\"image\":{\"@id\":\"https:\/\/www.alldayled.com\/de\/#\/schema\/logo\/image\/\"},\"sameAs\":[\"https:\/\/www.facebook.com\/alldayled\/\",\"https:\/\/www.instagram.com\/alldayled\/\"],\"vatID\":\"NL863960133B01\",\"taxID\":\"86416545\"}]}<\/script>\n<meta property=\"product:brand\" content=\"WA\u015a\" \/>\n<meta property=\"product:price:amount\" content=\"8.95\" \/>\n<meta property=\"product:price:currency\" content=\"EUR\" \/>\n<meta property=\"og:availability\" content=\"instock\" \/>\n<meta property=\"product:availability\" content=\"instock\" \/>\n<meta property=\"product:retailer_item_id\" content=\"ADL01338\" \/>\n<meta property=\"product:condition\" content=\"new\" \/>\n<!-- \/ Yoast SEO Premium plugin. -->","yoast_head_json":{"title":"W189 Markierungsleuchte orange - WA\u015a - All Day Led - wird mit Montagegummi geliefert","description":"W189 Markierungsleuchte orange der Marke WA\u015a - 12 und 24 Volt - Auto, Anh\u00e4nger, LKW und mehr - LED-Leuchte mit Reflektor - ECE R91-Pr\u00fcfzeichen","robots":{"index":"index","follow":"follow","max-snippet":"max-snippet:-1","max-image-preview":"max-image-preview:large","max-video-preview":"max-video-preview:-1"},"canonical":"https:\/\/www.alldayled.com\/de\/produkt\/was-w189-markeringslamp-oranje\/","og_locale":"de_DE","og_type":"article","og_title":"W189 Markierungsleuchte orange - WA\u015a - All Day Led - wird mit Montagegummi geliefert","og_description":"W189 Markierungsleuchte orange der Marke WA\u015a - 12 und 24 Volt - Auto, Anh\u00e4nger, LKW und mehr - LED-Leuchte mit Reflektor - ECE R91-Pr\u00fcfzeichen","og_url":"https:\/\/www.alldayled.com\/de\/produkt\/was-w189-markeringslamp-oranje\/","og_site_name":"All Day Led","article_publisher":"https:\/\/www.facebook.com\/alldayled\/","article_modified_time":"2026-02-03T16:35:28+00:00","og_image":[{"url":"https:\/\/www.alldayled.com\/wp-content\/uploads\/2024\/08\/ADL01338.01-300x300.png","type":"","width":"","height":""}],"twitter_misc":{"Preis":"&euro;&nbsp;8,95","Verf\u00fcgbarkeit":"Auf Lager"},"schema":{"@context":"https:\/\/schema.org","@graph":[{"@type":"WebPage","@id":"https:\/\/www.alldayled.com\/de\/produkt\/was-w189-markeringslamp-oranje\/","url":"https:\/\/www.alldayled.com\/de\/produkt\/was-w189-markeringslamp-oranje\/","name":"W189 Markierungsleuchte orange - WA\u015a - All Day Led - wird mit Montagegummi geliefert","isPartOf":{"@id":"https:\/\/www.alldayled.com\/de\/#website"},"primaryImageOfPage":{"@id":"https:\/\/www.alldayled.com\/de\/produkt\/was-w189-markeringslamp-oranje\/#primaryimage"},"image":{"@id":"https:\/\/www.alldayled.com\/de\/produkt\/was-w189-markeringslamp-oranje\/#primaryimage"},"thumbnailUrl":"https:\/\/www.alldayled.com\/wp-content\/uploads\/2020\/09\/ADL01338..png","datePublished":"2023-11-16T07:33:58+00:00","dateModified":"2026-02-03T16:35:28+00:00","description":"W189 Markierungsleuchte orange der Marke WA\u015a - 12 und 24 Volt - Auto, Anh\u00e4nger, LKW und mehr - LED-Leuchte mit Reflektor - ECE R91-Pr\u00fcfzeichen","breadcrumb":{"@id":"https:\/\/www.alldayled.com\/de\/produkt\/was-w189-markeringslamp-oranje\/#breadcrumb"},"inLanguage":"de","potentialAction":[{"@type":"ReadAction","target":["https:\/\/www.alldayled.com\/de\/produkt\/was-w189-markeringslamp-oranje\/"]}]},{"@type":"ImageObject","inLanguage":"de","@id":"https:\/\/www.alldayled.com\/de\/produkt\/was-w189-markeringslamp-oranje\/#primaryimage","url":"https:\/\/www.alldayled.com\/wp-content\/uploads\/2020\/09\/ADL01338..png","contentUrl":"https:\/\/www.alldayled.com\/wp-content\/uploads\/2020\/09\/ADL01338..png","width":800,"height":600,"caption":"WA\u015a W189 LED Markierungsleuchte orange f\u00fcr 12 und 24 Volt Betrieb - Seitenmarkierung EAN: 5901323182266"},{"@type":"BreadcrumbList","@id":"https:\/\/www.alldayled.com\/de\/produkt\/was-w189-markeringslamp-oranje\/#breadcrumb","itemListElement":[{"@type":"ListItem","position":1,"name":"Home","item":"https:\/\/www.alldayled.com\/de\/"},{"@type":"ListItem","position":2,"name":"Shop","item":"https:\/\/www.alldayled.com\/de\/shop\/"},{"@type":"ListItem","position":3,"name":"Positionsleuchten","item":"https:\/\/www.alldayled.com\/de\/produkt-kategorie\/positionslichter\/"},{"@type":"ListItem","position":4,"name":"Markierungsleuchten","item":"https:\/\/www.alldayled.com\/de\/produkt-kategorie\/positionslichter\/markeringslampen\/"},{"@type":"ListItem","position":5,"name":"WA\u015a W189 Markierungsleuchte orange"}]},{"@type":"WebSite","@id":"https:\/\/www.alldayled.com\/de\/#website","url":"https:\/\/www.alldayled.com\/de\/","name":"All Day Led","description":"Verlichting voor 12&amp;24 volt gebruik","publisher":{"@id":"https:\/\/www.alldayled.com\/de\/#organization"},"potentialAction":[{"@type":"SearchAction","target":{"@type":"EntryPoint","urlTemplate":"https:\/\/www.alldayled.com\/de\/?s={search_term_string}"},"query-input":{"@type":"PropertyValueSpecification","valueRequired":true,"valueName":"search_term_string"}}],"inLanguage":"de"},{"@type":"Organization","@id":"https:\/\/www.alldayled.com\/de\/#organization","name":"All Day Led","url":"https:\/\/www.alldayled.com\/de\/","logo":{"@type":"ImageObject","inLanguage":"de","@id":"https:\/\/www.alldayled.com\/de\/#\/schema\/logo\/image\/","url":"https:\/\/www.alldayled.com\/wp-content\/uploads\/2025\/10\/Logo-ALL-DAY-LED-800x800-zwart-witte-letters.png","contentUrl":"https:\/\/www.alldayled.com\/wp-content\/uploads\/2025\/10\/Logo-ALL-DAY-LED-800x800-zwart-witte-letters.png","width":800,"height":800,"caption":"All Day Led"},"image":{"@id":"https:\/\/www.alldayled.com\/de\/#\/schema\/logo\/image\/"},"sameAs":["https:\/\/www.facebook.com\/alldayled\/","https:\/\/www.instagram.com\/alldayled\/"],"vatID":"NL863960133B01","taxID":"86416545"}]},"product_brand":"WA\u015a","product_price_amount":"8.95","product_price_currency":"EUR","og_availability":"instock","product_availability":"instock","product_retailer_item_id":"ADL01338","product_condition":"new"},"_links":{"self":[{"href":"https:\/\/www.alldayled.com\/de\/wp-json\/wp\/v2\/product\/67274","targetHints":{"allow":["GET"]}}],"collection":[{"href":"https:\/\/www.alldayled.com\/de\/wp-json\/wp\/v2\/product"}],"about":[{"href":"https:\/\/www.alldayled.com\/de\/wp-json\/wp\/v2\/types\/product"}],"replies":[{"embeddable":true,"href":"https:\/\/www.alldayled.com\/de\/wp-json\/wp\/v2\/comments?post=67274"}],"wp:featuredmedia":[{"embeddable":true,"href":"https:\/\/www.alldayled.com\/de\/wp-json\/wp\/v2\/media\/17073"}],"wp:attachment":[{"href":"https:\/\/www.alldayled.com\/de\/wp-json\/wp\/v2\/media?parent=67274"}],"wp:term":[{"taxonomy":"product_brand","embeddable":true,"href":"https:\/\/www.alldayled.com\/de\/wp-json\/wp\/v2\/product_brand?post=67274"},{"taxonomy":"product_cat","embeddable":true,"href":"https:\/\/www.alldayled.com\/de\/wp-json\/wp\/v2\/product_cat?post=67274"},{"taxonomy":"product_tag","embeddable":true,"href":"https:\/\/www.alldayled.com\/de\/wp-json\/wp\/v2\/product_tag?post=67274"}],"curies":[{"name":"wp","href":"https:\/\/api.w.org\/{rel}","templated":true}]}}