{"id":67278,"date":"2020-03-28T05:15:46","date_gmt":"2020-03-28T04:15:46","guid":{"rendered":"https:\/\/www.alldayled.com\/product\/ba15s-led-xenon-wit-10-30v-9smd\/"},"modified":"2026-03-25T15:54:41","modified_gmt":"2026-03-25T14:54:41","slug":"ba15s-led-xenon-wit-10-30v-9smd","status":"publish","type":"product","link":"https:\/\/www.alldayled.com\/de\/produkt\/ba15s-led-xenon-wit-10-30v-9smd\/","title":{"rendered":"BA15S LED Lampe xenon wei\u00df 10\/30V &#8211; 2 St\u00fcck"},"content":{"rendered":"<p><span style=\"color: #000000;\"><strong>BA15S LED Lampe xenon wei\u00df 6000K mit 9-smd, f\u00fcr 12 &amp; 24 Volt Betrieb. <\/strong><\/span><\/p>\n<p><span style=\"color: #000000;\">Sind Sie auf der Suche nach einer guten LED Lampe, die Sie gegen Ihre originale BA15S Halogenlampe austauschen k\u00f6nnen? Dann ist diese xenon wei\u00dfe BA15S LED Lampe vielleicht genau das, was Sie suchen. Die Lampe hat 9 LEDs, die rundum leuchten und wird im Set von 2 St\u00fcck geliefert. Dank der 9 LEDs erhalten Sie eine Lichtleistung, die mit einer 21W Halogenlampe vergleichbar ist. Die BA15S LED Lampe xenon wei\u00df funktioniert mit 12 &amp; 24 Volt, was bedeutet, dass Sie sie beispielsweise in Ihrem Auto, LKW, Wohnmobil oder Anh\u00e4nger verwenden k\u00f6nnen. Achtung: Um zu passen, muss die originale Lampe mit Abbildung 4 \u00fcbereinstimmen. Stimmt dies nicht \u00fcberein, passt die LED Lampe nicht.      <\/span><\/p>\n<p><span style=\"color: #000000;\">Um sicherzustellen, dass die BA15S LED Lampe xenon wei\u00df f\u00fcr Ihr Fahrzeug oder Ihren Anh\u00e4nger geeignet ist, haben wir die wichtigsten Spezifikationen im Folgenden f\u00fcr Sie aufgelistet. So sehen Sie sofort, warum dies vielleicht die BA15S LED Lampe ist, nach der Sie suchen. Die Lampe hat das ECE R10-Pr\u00fcfzeichen, was bedeutet, dass sie keine St\u00f6rungen verursacht, beispielsweise auf Ihrem Funksignal. Au\u00dferdem ist die LED Lampe bis 32 Volt verwendbar, wodurch sie vor Spannungsspitzen beim Starten Ihres Fahrzeugs gesch\u00fctzt ist.   <\/span><\/p>\n<h5><span style=\"color: #000000;\"><strong>Abmessungen:<\/strong><\/span><\/h5>\n<p><span style=\"color: #000000;\">Um sicherzustellen, dass Sie die BA15S LED Lampe xenon wei\u00df dort montieren k\u00f6nnen, wo Sie m\u00f6chten, haben wir die Abmessungen im Folgenden notiert. Die Abmessungen dieser wei\u00dfen LED Lampe mit Bajonettanschluss sind wie folgt: <\/span><\/p>\n<ul>\n<li><span style=\"color: #000000;\">L\u00e4nge: 39 mm<\/span><\/li>\n<li><span style=\"color: #000000;\">Breite oben: 20 mm<\/span><\/li>\n<li><span style=\"color: #000000;\">Breite unten: 15 mm<\/span><\/li>\n<\/ul>\n<p><span style=\"color: #000000;\"><em>Achtung, diese LED Lampen sind nicht CAN-Bus-f\u00e4hig. Dies bedeutet, dass diese Lampe eine Meldung \u00fcber eine defekte Lampe auf Ihrem Armaturenbrett ausgeben kann. Dies gilt haupts\u00e4chlich f\u00fcr neuere Automodelle, LKWs sind hiervon oft ausgeschlossen. Auch zus\u00e4tzliche Lampen wie Fernscheinwerfer oder Skylights sind vom CAN-Bus-System ausgeschlossen.    <\/em><\/span><\/p>\n<h5><span style=\"color: #000000;\"><strong>Andere Farben:<\/strong><\/span><\/h5>\n<p><span style=\"color: #000000;\">Sind Sie zwar auf der Suche nach einer R10W- oder P21W-LED-Lampe, aber die BA15S LED Lampe xenon wei\u00df ist nicht die Farbe, die Sie suchen? Diese LED Lampe mit Bajonettanschluss ist auch in den folgenden Farben erh\u00e4ltlich: <\/span><\/p>\n<ul>\n<li><span style=\"color: #000000;\"><a style=\"color: #000000;\" href=\"https:\/\/www.alldayled.com\/de\/produkt\/ba15s-led-ambergeel-10-30v-9smd\/\"><strong>BA15S LED Lampe bernsteingelb &#8211; 9 smd<\/strong><\/a><\/span><\/li>\n<li><span style=\"color: #000000;\"><a style=\"color: #000000;\" href=\"https:\/\/www.alldayled.com\/de\/produkt\/ba15s-led-warm-wit-10-30v-9smd\/\"><strong>BA15S LED Lampe warm wei\u00df &#8211; 9 smd<\/strong><\/a><\/span><\/li>\n<li><span style=\"color: #000000;\"><a style=\"color: #000000;\" href=\"https:\/\/www.alldayled.com\/de\/produkt\/ba15s-led-rood-10-30v-9smd\/\"><strong>BA15S LED Lampe rot &#8211; 9smd<\/strong><\/a><\/span><\/li>\n<\/ul>\n<h5><span style=\"color: #000000;\"><strong>Warum hat diese BA15S LED Lampe kein E-Pr\u00fcfzeichen:<\/strong><\/span><\/h5>\n<p><span style=\"color: #000000;\">Ersatzlampen m\u00fcssen den europ\u00e4ischen Normen f\u00fcr Sicherheit, Wasserdichtigkeit und Vermeidung von Kurzschl\u00fcssen (ECE R37) entsprechen. Diese Normen basieren auf den alten Gl\u00fchbirnen und Halogenlampen. LED-Ersatzlampen k\u00f6nnen diese nicht erf\u00fcllen, da sie keinen Gl\u00fchfaden haben. Daher erh\u00e4lt diese LED Lampe nicht das ECE R37-Pr\u00fcfzeichen und darf offiziell nicht auf \u00f6ffentlichen Stra\u00dfen verwendet werden.<\/span><span style=\"color: #000000;\">Sie k\u00f6nnen diese BA15S LED Lampe jedoch sicher auf Ihrem eigenen Gel\u00e4nde oder beispielsweise im Rennsport verwenden. So holen Sie das Maximum aus der Lampe heraus, ohne dass es zu rechtlichen Problemen kommt.<\/span><\/p>\n","protected":false},"excerpt":{"rendered":"<p>BA15S LED Lampenset xenon wei\u00df mit 9 LED-Punkten. Geeignet f\u00fcr 12 und 24 Volt. <\/p>\n","protected":false},"featured_media":37849,"comment_status":"open","ping_status":"closed","template":"","meta":{"_acf_changed":false},"product_brand":[5577],"product_cat":[5401,5367,5357,5398,5411,5409,5413],"product_tag":[9495,9120,9118,9119,9496,9497,9498],"class_list":{"0":"post-67278","1":"product","2":"type-product","3":"status-publish","4":"has-post-thumbnail","6":"product_brand-product-all-day-led","7":"product_cat-ba15s-24-volt-led","8":"product_cat-bajonet-12-volt","9":"product_cat-beleuchtung","10":"product_cat-daf-verlichting","11":"product_cat-man-verlichting","12":"product_cat-scania-verlichting","13":"product_cat-volvo-beleuchtung","14":"product_tag-autobeleuchtung","15":"product_tag-innenraumbeleuchtung-lkw","16":"product_tag-kabinenbeleuchtung","17":"product_tag-lkw-beleuchtung","18":"product_tag-p21w-led","19":"product_tag-r10w-led","20":"product_tag-r5w-led","22":"first","23":"instock","24":"taxable","25":"shipping-taxable","26":"purchasable","27":"product-type-simple"},"acf":[],"yoast_head":"<!-- This site is optimized with the Yoast SEO Premium plugin v26.5 (Yoast SEO v27.1.1) - https:\/\/yoast.com\/product\/yoast-seo-premium-wordpress\/ -->\n<title>BA15S LED Lampe xenon wei\u00df - 6000K - All Day Led - 12 &amp; 24 Volt<\/title>\n<meta name=\"description\" content=\"BA15S LED Lampe xenon wei\u00df - 2 St\u00fcck - ersetzt R5W, R10W und P21W Lampe - 21W LED Lampe wei\u00df - 12\/24V - Auto, LKW, Anh\u00e4nger und mehr\" \/>\n<meta name=\"robots\" content=\"index, follow, max-snippet:-1, max-image-preview:large, max-video-preview:-1\" \/>\n<link rel=\"canonical\" href=\"https:\/\/www.alldayled.com\/de\/produkt\/ba15s-led-xenon-wit-10-30v-9smd\/\" \/>\n<meta property=\"og:locale\" content=\"de_DE\" \/>\n<meta property=\"og:type\" content=\"article\" \/>\n<meta property=\"og:title\" content=\"BA15S LED Lampe xenon wei\u00df - 6000K - All Day Led - 12 &amp; 24 Volt\" \/>\n<meta property=\"og:description\" content=\"BA15S LED Lampe xenon wei\u00df - 2 St\u00fcck - ersetzt R5W, R10W und P21W Lampe - 21W LED Lampe wei\u00df - 12\/24V - Auto, LKW, Anh\u00e4nger und mehr\" \/>\n<meta property=\"og:url\" content=\"https:\/\/www.alldayled.com\/de\/produkt\/ba15s-led-xenon-wit-10-30v-9smd\/\" \/>\n<meta property=\"og:site_name\" content=\"All Day Led\" \/>\n<meta property=\"article:publisher\" content=\"https:\/\/www.facebook.com\/alldayled\/\" \/>\n<meta property=\"article:modified_time\" content=\"2026-03-25T14:54:41+00:00\" \/>\n<meta property=\"og:image\" content=\"https:\/\/www.alldayled.com\/wp-content\/uploads\/2020\/03\/ADL00425-XW-2.png\" \/>\n<meta name=\"twitter:label1\" content=\"Preis\" \/>\n\t<meta name=\"twitter:data1\" content=\"&euro;&nbsp;19,95\" \/>\n\t<meta name=\"twitter:label2\" content=\"Verf\u00fcgbarkeit\" \/>\n\t<meta name=\"twitter:data2\" content=\"Auf Lager\" \/>\n<script type=\"application\/ld+json\" class=\"yoast-schema-graph\">{\"@context\":\"https:\/\/schema.org\",\"@graph\":[{\"@type\":\"WebPage\",\"@id\":\"https:\/\/www.alldayled.com\/de\/produkt\/ba15s-led-xenon-wit-10-30v-9smd\/\",\"url\":\"https:\/\/www.alldayled.com\/de\/produkt\/ba15s-led-xenon-wit-10-30v-9smd\/\",\"name\":\"BA15S LED Lampe xenon wei\u00df - 6000K - All Day Led - 12 & 24 Volt\",\"isPartOf\":{\"@id\":\"https:\/\/www.alldayled.com\/de\/#website\"},\"primaryImageOfPage\":{\"@id\":\"https:\/\/www.alldayled.com\/de\/produkt\/ba15s-led-xenon-wit-10-30v-9smd\/#primaryimage\"},\"image\":{\"@id\":\"https:\/\/www.alldayled.com\/de\/produkt\/ba15s-led-xenon-wit-10-30v-9smd\/#primaryimage\"},\"thumbnailUrl\":\"https:\/\/www.alldayled.com\/wp-content\/uploads\/2025\/10\/ADL00425-XW.png\",\"datePublished\":\"2020-03-28T04:15:46+00:00\",\"dateModified\":\"2026-03-25T14:54:41+00:00\",\"description\":\"BA15S LED Lampe xenon wei\u00df - 2 St\u00fcck - ersetzt R5W, R10W und P21W Lampe - 21W LED Lampe wei\u00df - 12\/24V - Auto, LKW, Anh\u00e4nger und mehr\",\"breadcrumb\":{\"@id\":\"https:\/\/www.alldayled.com\/de\/produkt\/ba15s-led-xenon-wit-10-30v-9smd\/#breadcrumb\"},\"inLanguage\":\"de\",\"potentialAction\":[{\"@type\":\"ReadAction\",\"target\":[\"https:\/\/www.alldayled.com\/de\/produkt\/ba15s-led-xenon-wit-10-30v-9smd\/\"]}]},{\"@type\":\"ImageObject\",\"inLanguage\":\"de\",\"@id\":\"https:\/\/www.alldayled.com\/de\/produkt\/ba15s-led-xenon-wit-10-30v-9smd\/#primaryimage\",\"url\":\"https:\/\/www.alldayled.com\/wp-content\/uploads\/2025\/10\/ADL00425-XW.png\",\"contentUrl\":\"https:\/\/www.alldayled.com\/wp-content\/uploads\/2025\/10\/ADL00425-XW.png\",\"width\":800,\"height\":600,\"caption\":\"BA15S LED Lampe xenon wei\u00df - geeignet f\u00fcr 12 &amp; 24 Volt Betrieb - f\u00fcr R\u00fccklicht, Bremslicht, Standlicht und Innenraum - EAN: 6090429147138\"},{\"@type\":\"BreadcrumbList\",\"@id\":\"https:\/\/www.alldayled.com\/de\/produkt\/ba15s-led-xenon-wit-10-30v-9smd\/#breadcrumb\",\"itemListElement\":[{\"@type\":\"ListItem\",\"position\":1,\"name\":\"Home\",\"item\":\"https:\/\/www.alldayled.com\/de\/\"},{\"@type\":\"ListItem\",\"position\":2,\"name\":\"Shop\",\"item\":\"https:\/\/www.alldayled.com\/de\/shop\/\"},{\"@type\":\"ListItem\",\"position\":3,\"name\":\"Beleuchtung\",\"item\":\"https:\/\/www.alldayled.com\/de\/produkt-kategorie\/beleuchtung\/\"},{\"@type\":\"ListItem\",\"position\":4,\"name\":\"Beleuchtung 24 Volt\",\"item\":\"https:\/\/www.alldayled.com\/de\/produkt-kategorie\/beleuchtung\/verlichting-24-volt\/\"},{\"@type\":\"ListItem\",\"position\":5,\"name\":\"Bajonet 24 Volt\",\"item\":\"https:\/\/www.alldayled.com\/de\/produkt-kategorie\/beleuchtung\/verlichting-24-volt\/bajonet-24-volt\/\"},{\"@type\":\"ListItem\",\"position\":6,\"name\":\"BA15S 24 Volt\",\"item\":\"https:\/\/www.alldayled.com\/de\/produkt-kategorie\/beleuchtung\/verlichting-24-volt\/bajonet-24-volt\/ba15s-24-volt-led\/\"},{\"@type\":\"ListItem\",\"position\":7,\"name\":\"BA15S LED Lampe xenon wei\u00df 10\/30V &#8211; 2 St\u00fcck\"}]},{\"@type\":\"WebSite\",\"@id\":\"https:\/\/www.alldayled.com\/de\/#website\",\"url\":\"https:\/\/www.alldayled.com\/de\/\",\"name\":\"All Day Led\",\"description\":\"Verlichting voor 12&amp;24 volt gebruik\",\"publisher\":{\"@id\":\"https:\/\/www.alldayled.com\/de\/#organization\"},\"potentialAction\":[{\"@type\":\"SearchAction\",\"target\":{\"@type\":\"EntryPoint\",\"urlTemplate\":\"https:\/\/www.alldayled.com\/de\/?s={search_term_string}\"},\"query-input\":{\"@type\":\"PropertyValueSpecification\",\"valueRequired\":true,\"valueName\":\"search_term_string\"}}],\"inLanguage\":\"de\"},{\"@type\":\"Organization\",\"@id\":\"https:\/\/www.alldayled.com\/de\/#organization\",\"name\":\"All Day Led\",\"url\":\"https:\/\/www.alldayled.com\/de\/\",\"logo\":{\"@type\":\"ImageObject\",\"inLanguage\":\"de\",\"@id\":\"https:\/\/www.alldayled.com\/de\/#\/schema\/logo\/image\/\",\"url\":\"https:\/\/www.alldayled.com\/wp-content\/uploads\/2025\/10\/Logo-ALL-DAY-LED-800x800-zwart-witte-letters.png\",\"contentUrl\":\"https:\/\/www.alldayled.com\/wp-content\/uploads\/2025\/10\/Logo-ALL-DAY-LED-800x800-zwart-witte-letters.png\",\"width\":800,\"height\":800,\"caption\":\"All Day Led\"},\"image\":{\"@id\":\"https:\/\/www.alldayled.com\/de\/#\/schema\/logo\/image\/\"},\"sameAs\":[\"https:\/\/www.facebook.com\/alldayled\/\",\"https:\/\/www.instagram.com\/alldayled\/\"],\"vatID\":\"NL863960133B01\",\"taxID\":\"86416545\"}]}<\/script>\n<meta property=\"product:brand\" content=\"All Day Led\" \/>\n<meta property=\"product:price:amount\" content=\"19.95\" \/>\n<meta property=\"product:price:currency\" content=\"EUR\" \/>\n<meta property=\"og:availability\" content=\"instock\" \/>\n<meta property=\"product:availability\" content=\"instock\" \/>\n<meta property=\"product:retailer_item_id\" content=\"ADL00425-XW\" \/>\n<meta property=\"product:condition\" content=\"new\" \/>\n<!-- \/ Yoast SEO Premium plugin. -->","yoast_head_json":{"title":"BA15S LED Lampe xenon wei\u00df - 6000K - All Day Led - 12 & 24 Volt","description":"BA15S LED Lampe xenon wei\u00df - 2 St\u00fcck - ersetzt R5W, R10W und P21W Lampe - 21W LED Lampe wei\u00df - 12\/24V - Auto, LKW, Anh\u00e4nger und mehr","robots":{"index":"index","follow":"follow","max-snippet":"max-snippet:-1","max-image-preview":"max-image-preview:large","max-video-preview":"max-video-preview:-1"},"canonical":"https:\/\/www.alldayled.com\/de\/produkt\/ba15s-led-xenon-wit-10-30v-9smd\/","og_locale":"de_DE","og_type":"article","og_title":"BA15S LED Lampe xenon wei\u00df - 6000K - All Day Led - 12 & 24 Volt","og_description":"BA15S LED Lampe xenon wei\u00df - 2 St\u00fcck - ersetzt R5W, R10W und P21W Lampe - 21W LED Lampe wei\u00df - 12\/24V - Auto, LKW, Anh\u00e4nger und mehr","og_url":"https:\/\/www.alldayled.com\/de\/produkt\/ba15s-led-xenon-wit-10-30v-9smd\/","og_site_name":"All Day Led","article_publisher":"https:\/\/www.facebook.com\/alldayled\/","article_modified_time":"2026-03-25T14:54:41+00:00","og_image":[{"url":"https:\/\/www.alldayled.com\/wp-content\/uploads\/2020\/03\/ADL00425-XW-2.png","type":"","width":"","height":""}],"twitter_misc":{"Preis":"&euro;&nbsp;19,95","Verf\u00fcgbarkeit":"Auf Lager"},"schema":{"@context":"https:\/\/schema.org","@graph":[{"@type":"WebPage","@id":"https:\/\/www.alldayled.com\/de\/produkt\/ba15s-led-xenon-wit-10-30v-9smd\/","url":"https:\/\/www.alldayled.com\/de\/produkt\/ba15s-led-xenon-wit-10-30v-9smd\/","name":"BA15S LED Lampe xenon wei\u00df - 6000K - All Day Led - 12 & 24 Volt","isPartOf":{"@id":"https:\/\/www.alldayled.com\/de\/#website"},"primaryImageOfPage":{"@id":"https:\/\/www.alldayled.com\/de\/produkt\/ba15s-led-xenon-wit-10-30v-9smd\/#primaryimage"},"image":{"@id":"https:\/\/www.alldayled.com\/de\/produkt\/ba15s-led-xenon-wit-10-30v-9smd\/#primaryimage"},"thumbnailUrl":"https:\/\/www.alldayled.com\/wp-content\/uploads\/2025\/10\/ADL00425-XW.png","datePublished":"2020-03-28T04:15:46+00:00","dateModified":"2026-03-25T14:54:41+00:00","description":"BA15S LED Lampe xenon wei\u00df - 2 St\u00fcck - ersetzt R5W, R10W und P21W Lampe - 21W LED Lampe wei\u00df - 12\/24V - Auto, LKW, Anh\u00e4nger und mehr","breadcrumb":{"@id":"https:\/\/www.alldayled.com\/de\/produkt\/ba15s-led-xenon-wit-10-30v-9smd\/#breadcrumb"},"inLanguage":"de","potentialAction":[{"@type":"ReadAction","target":["https:\/\/www.alldayled.com\/de\/produkt\/ba15s-led-xenon-wit-10-30v-9smd\/"]}]},{"@type":"ImageObject","inLanguage":"de","@id":"https:\/\/www.alldayled.com\/de\/produkt\/ba15s-led-xenon-wit-10-30v-9smd\/#primaryimage","url":"https:\/\/www.alldayled.com\/wp-content\/uploads\/2025\/10\/ADL00425-XW.png","contentUrl":"https:\/\/www.alldayled.com\/wp-content\/uploads\/2025\/10\/ADL00425-XW.png","width":800,"height":600,"caption":"BA15S LED Lampe xenon wei\u00df - geeignet f\u00fcr 12 &amp; 24 Volt Betrieb - f\u00fcr R\u00fccklicht, Bremslicht, Standlicht und Innenraum - EAN: 6090429147138"},{"@type":"BreadcrumbList","@id":"https:\/\/www.alldayled.com\/de\/produkt\/ba15s-led-xenon-wit-10-30v-9smd\/#breadcrumb","itemListElement":[{"@type":"ListItem","position":1,"name":"Home","item":"https:\/\/www.alldayled.com\/de\/"},{"@type":"ListItem","position":2,"name":"Shop","item":"https:\/\/www.alldayled.com\/de\/shop\/"},{"@type":"ListItem","position":3,"name":"Beleuchtung","item":"https:\/\/www.alldayled.com\/de\/produkt-kategorie\/beleuchtung\/"},{"@type":"ListItem","position":4,"name":"Beleuchtung 24 Volt","item":"https:\/\/www.alldayled.com\/de\/produkt-kategorie\/beleuchtung\/verlichting-24-volt\/"},{"@type":"ListItem","position":5,"name":"Bajonet 24 Volt","item":"https:\/\/www.alldayled.com\/de\/produkt-kategorie\/beleuchtung\/verlichting-24-volt\/bajonet-24-volt\/"},{"@type":"ListItem","position":6,"name":"BA15S 24 Volt","item":"https:\/\/www.alldayled.com\/de\/produkt-kategorie\/beleuchtung\/verlichting-24-volt\/bajonet-24-volt\/ba15s-24-volt-led\/"},{"@type":"ListItem","position":7,"name":"BA15S LED Lampe xenon wei\u00df 10\/30V &#8211; 2 St\u00fcck"}]},{"@type":"WebSite","@id":"https:\/\/www.alldayled.com\/de\/#website","url":"https:\/\/www.alldayled.com\/de\/","name":"All Day Led","description":"Verlichting voor 12&amp;24 volt gebruik","publisher":{"@id":"https:\/\/www.alldayled.com\/de\/#organization"},"potentialAction":[{"@type":"SearchAction","target":{"@type":"EntryPoint","urlTemplate":"https:\/\/www.alldayled.com\/de\/?s={search_term_string}"},"query-input":{"@type":"PropertyValueSpecification","valueRequired":true,"valueName":"search_term_string"}}],"inLanguage":"de"},{"@type":"Organization","@id":"https:\/\/www.alldayled.com\/de\/#organization","name":"All Day Led","url":"https:\/\/www.alldayled.com\/de\/","logo":{"@type":"ImageObject","inLanguage":"de","@id":"https:\/\/www.alldayled.com\/de\/#\/schema\/logo\/image\/","url":"https:\/\/www.alldayled.com\/wp-content\/uploads\/2025\/10\/Logo-ALL-DAY-LED-800x800-zwart-witte-letters.png","contentUrl":"https:\/\/www.alldayled.com\/wp-content\/uploads\/2025\/10\/Logo-ALL-DAY-LED-800x800-zwart-witte-letters.png","width":800,"height":800,"caption":"All Day Led"},"image":{"@id":"https:\/\/www.alldayled.com\/de\/#\/schema\/logo\/image\/"},"sameAs":["https:\/\/www.facebook.com\/alldayled\/","https:\/\/www.instagram.com\/alldayled\/"],"vatID":"NL863960133B01","taxID":"86416545"}]},"product_brand":"All Day Led","product_price_amount":"19.95","product_price_currency":"EUR","og_availability":"instock","product_availability":"instock","product_retailer_item_id":"ADL00425-XW","product_condition":"new"},"_links":{"self":[{"href":"https:\/\/www.alldayled.com\/de\/wp-json\/wp\/v2\/product\/67278","targetHints":{"allow":["GET"]}}],"collection":[{"href":"https:\/\/www.alldayled.com\/de\/wp-json\/wp\/v2\/product"}],"about":[{"href":"https:\/\/www.alldayled.com\/de\/wp-json\/wp\/v2\/types\/product"}],"replies":[{"embeddable":true,"href":"https:\/\/www.alldayled.com\/de\/wp-json\/wp\/v2\/comments?post=67278"}],"wp:featuredmedia":[{"embeddable":true,"href":"https:\/\/www.alldayled.com\/de\/wp-json\/wp\/v2\/media\/37849"}],"wp:attachment":[{"href":"https:\/\/www.alldayled.com\/de\/wp-json\/wp\/v2\/media?parent=67278"}],"wp:term":[{"taxonomy":"product_brand","embeddable":true,"href":"https:\/\/www.alldayled.com\/de\/wp-json\/wp\/v2\/product_brand?post=67278"},{"taxonomy":"product_cat","embeddable":true,"href":"https:\/\/www.alldayled.com\/de\/wp-json\/wp\/v2\/product_cat?post=67278"},{"taxonomy":"product_tag","embeddable":true,"href":"https:\/\/www.alldayled.com\/de\/wp-json\/wp\/v2\/product_tag?post=67278"}],"curies":[{"name":"wp","href":"https:\/\/api.w.org\/{rel}","templated":true}]}}