{"id":67284,"date":"2020-03-28T05:14:45","date_gmt":"2020-03-28T04:14:45","guid":{"rendered":"https:\/\/www.alldayled.com\/product\/ba15s-led-rood-10-30v-9smd\/"},"modified":"2026-04-11T09:24:47","modified_gmt":"2026-04-11T07:24:47","slug":"ba15s-led-rood-10-30v-9smd","status":"publish","type":"product","link":"https:\/\/www.alldayled.com\/de\/produkt\/ba15s-led-rood-10-30v-9smd\/","title":{"rendered":"BA15S LED Lampe rot 10\/30V &#8211; 2 St\u00fcck"},"content":{"rendered":"<p><span style=\"color: #000000;\"><strong>BA15S LED Lampe rot mit 9-SMD, f\u00fcr 12 &amp; 24 Volt Betrieb. <\/strong><\/span><\/p>\n<p><span style=\"color: #000000;\">Suchst du eine gute LED Lampe, die du gegen deine originale BA15S Halogenlampe austauschen kannst? Dann ist diese rote BA15S LED Lampe vielleicht genau das, was du suchst. Die Lampe hat 9 LEDs, die rundum leuchten, und wird als Set von 2 St\u00fcck geliefert. Dank der 9 LEDs erh\u00e4ltst du eine Lichtausbeute, die mit einer 21W Halogenlampe vergleichbar ist. Die BA15S LED Lampe rot funktioniert mit 12 &amp; 24 Volt, was bedeutet, dass du sie zum Beispiel in deinem Auto, LKW, Wohnmobil oder Anh\u00e4nger verwenden kannst. Bitte beachte: Damit sie passt, muss die originale Lampe mit Abbildung 4 \u00fcbereinstimmen. Wenn dies nicht der Fall ist, passt die LED Lampe nicht.      <\/span><\/p>\n<p><span style=\"color: #000000;\">Um sicherzustellen, dass die BA15S LED Lampe rot f\u00fcr dein Fahrzeug oder deinen Anh\u00e4nger geeignet ist, haben wir dir unten die wichtigsten Spezifikationen aufgelistet. So siehst du sofort, warum dies vielleicht genau die BA15S LED Lampe ist, nach der du suchst. Die Lampe verf\u00fcgt \u00fcber das ECE R10 Pr\u00fcfzeichen, was bedeutet, dass sie beispielsweise keine St\u00f6rungen deines Radiosignals verursacht. Zudem kann die LED Lampe bis zu 32 Volt verwendet werden, wodurch sie vor Spannungsspitzen beim Starten deines Fahrzeugs gesch\u00fctzt ist.   <\/span><\/p>\n<h5><span style=\"color: #000000;\"><strong>Abmessungen:<\/strong><\/span><\/h5>\n<p><span style=\"color: #000000;\">Um sicherzustellen, dass du die BA15S LED Lampe rot dort montieren kannst, wo du m\u00f6chtest, haben wir unten die Abmessungen notiert. Die Abmessungen dieser roten LED Lampe mit Bajonettanschluss sind wie folgt: <\/span><\/p>\n<ul>\n<li><span style=\"color: #000000;\">L\u00e4nge: 39 mm<\/span><\/li>\n<li><span style=\"color: #000000;\">Breite oben: 20 mm<\/span><\/li>\n<li><span style=\"color: #000000;\">Breite unten: 15 mm<\/span><\/li>\n<\/ul>\n<p><span style=\"color: #000000;\"><em>Achtung, diese LED Lampen sind nicht CAN-Bus-f\u00e4hig. Dies bedeutet, dass diese Lampe eine Meldung \u00fcber eine defekte Lampe auf Ihrem Armaturenbrett ausgeben kann. Dies gilt haupts\u00e4chlich f\u00fcr neuere Automodelle, LKWs sind hiervon oft ausgeschlossen. Auch zus\u00e4tzliche Lampen wie Fernscheinwerfer oder Skylights sind vom CAN-Bus-System ausgeschlossen.    <\/em><\/span><\/p>\n<h5><span style=\"color: #000000;\"><strong>Andere Farben:<\/strong><\/span><\/h5>\n<p><span style=\"color: #000000;\">Suchst du zwar eine R10W oder P21W LED Lampe, aber die BA15S LED Lampe rot ist nicht die Farbe, die du suchst? Diese LED Lampe mit Bajonettanschluss ist auch in den folgenden Farben erh\u00e4ltlich: <\/span><\/p>\n<ul>\n<li><span style=\"color: #000000;\"><a style=\"color: #000000;\" href=\"https:\/\/www.alldayled.com\/de\/produkt\/ba15s-led-ambergeel-10-30v-9smd\/\"><strong>BA15S LED Lampe bernsteingelb &#8211; 9 SMD<\/strong><\/a><\/span><\/li>\n<li><span style=\"color: #000000;\"><a style=\"color: #000000;\" href=\"https:\/\/www.alldayled.com\/de\/produkt\/ba15s-led-xenon-wit-10-30v-9smd\/\"><strong>BA15S LED Lampe xenon wei\u00df &#8211; 9 SMD<\/strong><\/a><\/span><\/li>\n<li><span style=\"color: #000000;\"><a style=\"color: #000000;\" href=\"https:\/\/www.alldayled.com\/de\/produkt\/ba15s-led-warm-wit-10-30v-9smd\/\"><strong>BA15S LED Lampe warm wei\u00df &#8211; 9 SMD<\/strong><\/a><\/span><\/li>\n<\/ul>\n<h5><span style=\"color: #000000;\"><strong>Warum hat diese BA15S LED Lampe kein E-Pr\u00fcfzeichen:<\/strong><\/span><\/h5>\n<p><span style=\"color: #000000;\">Ersatzlampen m\u00fcssen europ\u00e4ischen Normen f\u00fcr Sicherheit, Wasserdichtigkeit und Kurzschlussvermeidung (ECE R37) entsprechen. Diese Normen basieren auf den alten Gl\u00fch- und Halogenlampen. LED-Ersatzlampen k\u00f6nnen diesen nicht entsprechen, da sie keinen Gl\u00fchfaden haben. Daher erh\u00e4lt diese LED Lampe nicht das ECE R37 Pr\u00fcfzeichen und darf offiziell nicht im \u00f6ffentlichen Stra\u00dfenverkehr verwendet werden. <\/span><span style=\"color: #000000;\">Du kannst diese BA15S LED Lampe jedoch sicher auf deinem eigenen Gel\u00e4nde oder zum Beispiel im Rennsport verwenden. So holst du das Maximum aus der Lampe heraus, ohne dass es zu rechtlichen Problemen kommt.<\/span><\/p>\n","protected":false},"excerpt":{"rendered":"<p>BA15S LED Lampenset rot, ausgestattet mit 9 LED-Punkten. Geeignet f\u00fcr 12 und 24 Volt. <\/p>\n","protected":false},"featured_media":37837,"comment_status":"open","ping_status":"closed","template":"","meta":{"_acf_changed":false},"product_brand":[5577],"product_cat":[5401,5367,5357,5398,5411,5409,5413],"product_tag":[9495,9120,9118,9119,9496,9497,9498],"class_list":{"0":"post-67284","1":"product","2":"type-product","3":"status-publish","4":"has-post-thumbnail","6":"product_brand-product-all-day-led","7":"product_cat-ba15s-24-volt-led","8":"product_cat-bajonet-12-volt","9":"product_cat-beleuchtung","10":"product_cat-daf-verlichting","11":"product_cat-man-verlichting","12":"product_cat-scania-verlichting","13":"product_cat-volvo-beleuchtung","14":"product_tag-autobeleuchtung","15":"product_tag-innenraumbeleuchtung-lkw","16":"product_tag-kabinenbeleuchtung","17":"product_tag-lkw-beleuchtung","18":"product_tag-p21w-led","19":"product_tag-r10w-led","20":"product_tag-r5w-led","22":"first","23":"instock","24":"taxable","25":"shipping-taxable","26":"purchasable","27":"product-type-simple"},"acf":[],"yoast_head":"<!-- This site is optimized with the Yoast SEO Premium plugin v26.5 (Yoast SEO v27.1.1) - https:\/\/yoast.com\/product\/yoast-seo-premium-wordpress\/ -->\n<title>LED Lampe BA15S rot - 2 St\u00fcck - All Day Led - 12 &amp; 24 Volt<\/title>\n<meta name=\"description\" content=\"BA15S LED Lampe rot - 2 St\u00fcck - ersetzt R5W, R10W und P21W Lampe - 21W LED Lampe rot - 12\/24V - Auto, LKW, Anh\u00e4nger und mehr\" \/>\n<meta name=\"robots\" content=\"index, follow, max-snippet:-1, max-image-preview:large, max-video-preview:-1\" \/>\n<link rel=\"canonical\" href=\"https:\/\/www.alldayled.com\/de\/produkt\/ba15s-led-rood-10-30v-9smd\/\" \/>\n<meta property=\"og:locale\" content=\"de_DE\" \/>\n<meta property=\"og:type\" content=\"article\" \/>\n<meta property=\"og:title\" content=\"BA15S LED Lampe rot - 2 St\u00fcck - All Day Led - 12 &amp; 24 Volt\" \/>\n<meta property=\"og:description\" content=\"BA15S LED Lampe rot - 2 St\u00fcck - ersetzt R5W, R10W und P21W Lampe - 21W LED Lampe rot - 12\/24V - Auto, LKW, Anh\u00e4nger und mehr\" \/>\n<meta property=\"og:url\" content=\"https:\/\/www.alldayled.com\/de\/produkt\/ba15s-led-rood-10-30v-9smd\/\" \/>\n<meta property=\"og:site_name\" content=\"All Day Led\" \/>\n<meta property=\"article:publisher\" content=\"https:\/\/www.facebook.com\/alldayled\/\" \/>\n<meta property=\"article:modified_time\" content=\"2026-04-11T07:24:47+00:00\" \/>\n<meta property=\"og:image\" content=\"https:\/\/www.alldayled.com\/wp-content\/uploads\/2020\/03\/ADL00425-R-2.png\" \/>\n<meta name=\"twitter:label1\" content=\"Preis\" \/>\n\t<meta name=\"twitter:data1\" content=\"&euro;&nbsp;19,95\" \/>\n\t<meta name=\"twitter:label2\" content=\"Verf\u00fcgbarkeit\" \/>\n\t<meta name=\"twitter:data2\" content=\"Auf Lager\" \/>\n<script type=\"application\/ld+json\" class=\"yoast-schema-graph\">{\"@context\":\"https:\/\/schema.org\",\"@graph\":[{\"@type\":\"WebPage\",\"@id\":\"https:\/\/www.alldayled.com\/de\/produkt\/ba15s-led-rood-10-30v-9smd\/\",\"url\":\"https:\/\/www.alldayled.com\/de\/produkt\/ba15s-led-rood-10-30v-9smd\/\",\"name\":\"LED Lampe BA15S rot - 2 St\u00fcck - All Day Led - 12 & 24 Volt\",\"isPartOf\":{\"@id\":\"https:\/\/www.alldayled.com\/de\/#website\"},\"primaryImageOfPage\":{\"@id\":\"https:\/\/www.alldayled.com\/de\/produkt\/ba15s-led-rood-10-30v-9smd\/#primaryimage\"},\"image\":{\"@id\":\"https:\/\/www.alldayled.com\/de\/produkt\/ba15s-led-rood-10-30v-9smd\/#primaryimage\"},\"thumbnailUrl\":\"https:\/\/www.alldayled.com\/wp-content\/uploads\/2025\/10\/ADL00425-R.png\",\"datePublished\":\"2020-03-28T04:14:45+00:00\",\"dateModified\":\"2026-04-11T07:24:47+00:00\",\"description\":\"BA15S LED Lampe rot - 2 St\u00fcck - ersetzt R5W, R10W und P21W Lampe - 21W LED Lampe rot - 12\/24V - Auto, LKW, Anh\u00e4nger und mehr\",\"breadcrumb\":{\"@id\":\"https:\/\/www.alldayled.com\/de\/produkt\/ba15s-led-rood-10-30v-9smd\/#breadcrumb\"},\"inLanguage\":\"de\",\"potentialAction\":[{\"@type\":\"ReadAction\",\"target\":[\"https:\/\/www.alldayled.com\/de\/produkt\/ba15s-led-rood-10-30v-9smd\/\"]}]},{\"@type\":\"ImageObject\",\"inLanguage\":\"de\",\"@id\":\"https:\/\/www.alldayled.com\/de\/produkt\/ba15s-led-rood-10-30v-9smd\/#primaryimage\",\"url\":\"https:\/\/www.alldayled.com\/wp-content\/uploads\/2025\/10\/ADL00425-R.png\",\"contentUrl\":\"https:\/\/www.alldayled.com\/wp-content\/uploads\/2025\/10\/ADL00425-R.png\",\"width\":800,\"height\":600,\"caption\":\"BA15S LED Lampe ROT - geeignet f\u00fcr 12 &amp; 24 Volt Betrieb - f\u00fcr R\u00fccklicht, Bremslicht, Standlicht und Innenraum - EAN: 6090428883884\"},{\"@type\":\"BreadcrumbList\",\"@id\":\"https:\/\/www.alldayled.com\/de\/produkt\/ba15s-led-rood-10-30v-9smd\/#breadcrumb\",\"itemListElement\":[{\"@type\":\"ListItem\",\"position\":1,\"name\":\"Home\",\"item\":\"https:\/\/www.alldayled.com\/de\/\"},{\"@type\":\"ListItem\",\"position\":2,\"name\":\"Shop\",\"item\":\"https:\/\/www.alldayled.com\/de\/shop\/\"},{\"@type\":\"ListItem\",\"position\":3,\"name\":\"Beleuchtung\",\"item\":\"https:\/\/www.alldayled.com\/de\/produkt-kategorie\/beleuchtung\/\"},{\"@type\":\"ListItem\",\"position\":4,\"name\":\"Beleuchtung 24 Volt\",\"item\":\"https:\/\/www.alldayled.com\/de\/produkt-kategorie\/beleuchtung\/verlichting-24-volt\/\"},{\"@type\":\"ListItem\",\"position\":5,\"name\":\"Bajonet 24 Volt\",\"item\":\"https:\/\/www.alldayled.com\/de\/produkt-kategorie\/beleuchtung\/verlichting-24-volt\/bajonet-24-volt\/\"},{\"@type\":\"ListItem\",\"position\":6,\"name\":\"BA15S 24 Volt\",\"item\":\"https:\/\/www.alldayled.com\/de\/produkt-kategorie\/beleuchtung\/verlichting-24-volt\/bajonet-24-volt\/ba15s-24-volt-led\/\"},{\"@type\":\"ListItem\",\"position\":7,\"name\":\"BA15S LED Lampe rot 10\/30V &#8211; 2 St\u00fcck\"}]},{\"@type\":\"WebSite\",\"@id\":\"https:\/\/www.alldayled.com\/de\/#website\",\"url\":\"https:\/\/www.alldayled.com\/de\/\",\"name\":\"All Day Led\",\"description\":\"Verlichting voor 12&amp;24 volt gebruik\",\"publisher\":{\"@id\":\"https:\/\/www.alldayled.com\/de\/#organization\"},\"potentialAction\":[{\"@type\":\"SearchAction\",\"target\":{\"@type\":\"EntryPoint\",\"urlTemplate\":\"https:\/\/www.alldayled.com\/de\/?s={search_term_string}\"},\"query-input\":{\"@type\":\"PropertyValueSpecification\",\"valueRequired\":true,\"valueName\":\"search_term_string\"}}],\"inLanguage\":\"de\"},{\"@type\":\"Organization\",\"@id\":\"https:\/\/www.alldayled.com\/de\/#organization\",\"name\":\"All Day Led\",\"url\":\"https:\/\/www.alldayled.com\/de\/\",\"logo\":{\"@type\":\"ImageObject\",\"inLanguage\":\"de\",\"@id\":\"https:\/\/www.alldayled.com\/de\/#\/schema\/logo\/image\/\",\"url\":\"https:\/\/www.alldayled.com\/wp-content\/uploads\/2025\/10\/Logo-ALL-DAY-LED-800x800-zwart-witte-letters.png\",\"contentUrl\":\"https:\/\/www.alldayled.com\/wp-content\/uploads\/2025\/10\/Logo-ALL-DAY-LED-800x800-zwart-witte-letters.png\",\"width\":800,\"height\":800,\"caption\":\"All Day Led\"},\"image\":{\"@id\":\"https:\/\/www.alldayled.com\/de\/#\/schema\/logo\/image\/\"},\"sameAs\":[\"https:\/\/www.facebook.com\/alldayled\/\",\"https:\/\/www.instagram.com\/alldayled\/\"],\"vatID\":\"NL863960133B01\",\"taxID\":\"86416545\"}]}<\/script>\n<meta property=\"product:brand\" content=\"All Day Led\" \/>\n<meta property=\"product:price:amount\" content=\"19.95\" \/>\n<meta property=\"product:price:currency\" content=\"EUR\" \/>\n<meta property=\"og:availability\" content=\"instock\" \/>\n<meta property=\"product:availability\" content=\"instock\" \/>\n<meta property=\"product:retailer_item_id\" content=\"ADL00425-R\" \/>\n<meta property=\"product:condition\" content=\"new\" \/>\n<!-- \/ Yoast SEO Premium plugin. -->","yoast_head_json":{"title":"LED Lampe BA15S rot - 2 St\u00fcck - All Day Led - 12 & 24 Volt","description":"BA15S LED Lampe rot - 2 St\u00fcck - ersetzt R5W, R10W und P21W Lampe - 21W LED Lampe rot - 12\/24V - Auto, LKW, Anh\u00e4nger und mehr","robots":{"index":"index","follow":"follow","max-snippet":"max-snippet:-1","max-image-preview":"max-image-preview:large","max-video-preview":"max-video-preview:-1"},"canonical":"https:\/\/www.alldayled.com\/de\/produkt\/ba15s-led-rood-10-30v-9smd\/","og_locale":"de_DE","og_type":"article","og_title":"BA15S LED Lampe rot - 2 St\u00fcck - All Day Led - 12 & 24 Volt","og_description":"BA15S LED Lampe rot - 2 St\u00fcck - ersetzt R5W, R10W und P21W Lampe - 21W LED Lampe rot - 12\/24V - Auto, LKW, Anh\u00e4nger und mehr","og_url":"https:\/\/www.alldayled.com\/de\/produkt\/ba15s-led-rood-10-30v-9smd\/","og_site_name":"All Day Led","article_publisher":"https:\/\/www.facebook.com\/alldayled\/","article_modified_time":"2026-04-11T07:24:47+00:00","og_image":[{"url":"https:\/\/www.alldayled.com\/wp-content\/uploads\/2020\/03\/ADL00425-R-2.png","type":"","width":"","height":""}],"twitter_misc":{"Preis":"&euro;&nbsp;19,95","Verf\u00fcgbarkeit":"Auf Lager"},"schema":{"@context":"https:\/\/schema.org","@graph":[{"@type":"WebPage","@id":"https:\/\/www.alldayled.com\/de\/produkt\/ba15s-led-rood-10-30v-9smd\/","url":"https:\/\/www.alldayled.com\/de\/produkt\/ba15s-led-rood-10-30v-9smd\/","name":"LED Lampe BA15S rot - 2 St\u00fcck - All Day Led - 12 & 24 Volt","isPartOf":{"@id":"https:\/\/www.alldayled.com\/de\/#website"},"primaryImageOfPage":{"@id":"https:\/\/www.alldayled.com\/de\/produkt\/ba15s-led-rood-10-30v-9smd\/#primaryimage"},"image":{"@id":"https:\/\/www.alldayled.com\/de\/produkt\/ba15s-led-rood-10-30v-9smd\/#primaryimage"},"thumbnailUrl":"https:\/\/www.alldayled.com\/wp-content\/uploads\/2025\/10\/ADL00425-R.png","datePublished":"2020-03-28T04:14:45+00:00","dateModified":"2026-04-11T07:24:47+00:00","description":"BA15S LED Lampe rot - 2 St\u00fcck - ersetzt R5W, R10W und P21W Lampe - 21W LED Lampe rot - 12\/24V - Auto, LKW, Anh\u00e4nger und mehr","breadcrumb":{"@id":"https:\/\/www.alldayled.com\/de\/produkt\/ba15s-led-rood-10-30v-9smd\/#breadcrumb"},"inLanguage":"de","potentialAction":[{"@type":"ReadAction","target":["https:\/\/www.alldayled.com\/de\/produkt\/ba15s-led-rood-10-30v-9smd\/"]}]},{"@type":"ImageObject","inLanguage":"de","@id":"https:\/\/www.alldayled.com\/de\/produkt\/ba15s-led-rood-10-30v-9smd\/#primaryimage","url":"https:\/\/www.alldayled.com\/wp-content\/uploads\/2025\/10\/ADL00425-R.png","contentUrl":"https:\/\/www.alldayled.com\/wp-content\/uploads\/2025\/10\/ADL00425-R.png","width":800,"height":600,"caption":"BA15S LED Lampe ROT - geeignet f\u00fcr 12 &amp; 24 Volt Betrieb - f\u00fcr R\u00fccklicht, Bremslicht, Standlicht und Innenraum - EAN: 6090428883884"},{"@type":"BreadcrumbList","@id":"https:\/\/www.alldayled.com\/de\/produkt\/ba15s-led-rood-10-30v-9smd\/#breadcrumb","itemListElement":[{"@type":"ListItem","position":1,"name":"Home","item":"https:\/\/www.alldayled.com\/de\/"},{"@type":"ListItem","position":2,"name":"Shop","item":"https:\/\/www.alldayled.com\/de\/shop\/"},{"@type":"ListItem","position":3,"name":"Beleuchtung","item":"https:\/\/www.alldayled.com\/de\/produkt-kategorie\/beleuchtung\/"},{"@type":"ListItem","position":4,"name":"Beleuchtung 24 Volt","item":"https:\/\/www.alldayled.com\/de\/produkt-kategorie\/beleuchtung\/verlichting-24-volt\/"},{"@type":"ListItem","position":5,"name":"Bajonet 24 Volt","item":"https:\/\/www.alldayled.com\/de\/produkt-kategorie\/beleuchtung\/verlichting-24-volt\/bajonet-24-volt\/"},{"@type":"ListItem","position":6,"name":"BA15S 24 Volt","item":"https:\/\/www.alldayled.com\/de\/produkt-kategorie\/beleuchtung\/verlichting-24-volt\/bajonet-24-volt\/ba15s-24-volt-led\/"},{"@type":"ListItem","position":7,"name":"BA15S LED Lampe rot 10\/30V &#8211; 2 St\u00fcck"}]},{"@type":"WebSite","@id":"https:\/\/www.alldayled.com\/de\/#website","url":"https:\/\/www.alldayled.com\/de\/","name":"All Day Led","description":"Verlichting voor 12&amp;24 volt gebruik","publisher":{"@id":"https:\/\/www.alldayled.com\/de\/#organization"},"potentialAction":[{"@type":"SearchAction","target":{"@type":"EntryPoint","urlTemplate":"https:\/\/www.alldayled.com\/de\/?s={search_term_string}"},"query-input":{"@type":"PropertyValueSpecification","valueRequired":true,"valueName":"search_term_string"}}],"inLanguage":"de"},{"@type":"Organization","@id":"https:\/\/www.alldayled.com\/de\/#organization","name":"All Day Led","url":"https:\/\/www.alldayled.com\/de\/","logo":{"@type":"ImageObject","inLanguage":"de","@id":"https:\/\/www.alldayled.com\/de\/#\/schema\/logo\/image\/","url":"https:\/\/www.alldayled.com\/wp-content\/uploads\/2025\/10\/Logo-ALL-DAY-LED-800x800-zwart-witte-letters.png","contentUrl":"https:\/\/www.alldayled.com\/wp-content\/uploads\/2025\/10\/Logo-ALL-DAY-LED-800x800-zwart-witte-letters.png","width":800,"height":800,"caption":"All Day Led"},"image":{"@id":"https:\/\/www.alldayled.com\/de\/#\/schema\/logo\/image\/"},"sameAs":["https:\/\/www.facebook.com\/alldayled\/","https:\/\/www.instagram.com\/alldayled\/"],"vatID":"NL863960133B01","taxID":"86416545"}]},"product_brand":"All Day Led","product_price_amount":"19.95","product_price_currency":"EUR","og_availability":"instock","product_availability":"instock","product_retailer_item_id":"ADL00425-R","product_condition":"new"},"_links":{"self":[{"href":"https:\/\/www.alldayled.com\/de\/wp-json\/wp\/v2\/product\/67284","targetHints":{"allow":["GET"]}}],"collection":[{"href":"https:\/\/www.alldayled.com\/de\/wp-json\/wp\/v2\/product"}],"about":[{"href":"https:\/\/www.alldayled.com\/de\/wp-json\/wp\/v2\/types\/product"}],"replies":[{"embeddable":true,"href":"https:\/\/www.alldayled.com\/de\/wp-json\/wp\/v2\/comments?post=67284"}],"wp:featuredmedia":[{"embeddable":true,"href":"https:\/\/www.alldayled.com\/de\/wp-json\/wp\/v2\/media\/37837"}],"wp:attachment":[{"href":"https:\/\/www.alldayled.com\/de\/wp-json\/wp\/v2\/media?parent=67284"}],"wp:term":[{"taxonomy":"product_brand","embeddable":true,"href":"https:\/\/www.alldayled.com\/de\/wp-json\/wp\/v2\/product_brand?post=67284"},{"taxonomy":"product_cat","embeddable":true,"href":"https:\/\/www.alldayled.com\/de\/wp-json\/wp\/v2\/product_cat?post=67284"},{"taxonomy":"product_tag","embeddable":true,"href":"https:\/\/www.alldayled.com\/de\/wp-json\/wp\/v2\/product_tag?post=67284"}],"curies":[{"name":"wp","href":"https:\/\/api.w.org\/{rel}","templated":true}]}}