{"id":67297,"date":"2020-05-01T05:05:16","date_gmt":"2020-05-01T03:05:16","guid":{"rendered":"https:\/\/www.alldayled.com\/product\/poppy-led-ring-rgb-12-24volt\/"},"modified":"2026-04-12T10:38:35","modified_gmt":"2026-04-12T08:38:35","slug":"poppy-led-ring-rgb-12-24volt","status":"publish","type":"product","link":"https:\/\/www.alldayled.com\/de\/produkt\/poppy-led-ring-rgb-12-24volt\/","title":{"rendered":"Poppy LED ring &#8211; RGB"},"content":{"rendered":"<p><span style=\"color: #000000;\"><strong>Poppy LED ring RGB, geeignet f\u00fcr 12- und 24-Volt-Betrieb. <\/strong><\/span><\/p>\n<p><span style=\"color: #000000;\">Sind Sie auf der Suche nach einer LED-Lampe, die Sie unter Ihrem Poppy Grace Mate Lufterfrischer platzieren k\u00f6nnen? Dann ist dieser RGB Poppy LED-Ring wahrscheinlich genau das, was Sie brauchen. Der Ring ist mit 5 leistungsstarken LEDs ausgestattet, die Ihren Glas-Poppy sch\u00f6n und gleichm\u00e4\u00dfig leuchten lassen. Dank des Betriebs mit sowohl 12 als auch 24 Volt k\u00f6nnen Sie ihn problemlos in Ihrem Auto, LKW, Wohnmobil oder Anh\u00e4nger verwenden. Der Ring wird mit einem 1 Meter langen Kabel inklusive Zigarettenanz\u00fcnderstecker geliefert, wodurch der Anschluss super einfach ist.    <\/span><\/p>\n<p><span style=\"color: #000000;\">Weiterhin ist der LED-Ring mit dem ECE R10-Pr\u00fcfzeichen versehen. Das bedeutet, dass er keine St\u00f6rungen an Ihrem Radio oder anderer Elektronik verursacht. Dank des 3M-Klebebands an der Unterseite befestigen Sie den Ring fest unter Ihrem Lufterfrischer, sodass alles ordentlich an seinem Platz bleibt.  <\/span><\/p>\n<h5><span style=\"color: #000000;\"><strong>Andere Farben:<\/strong><\/span><\/h5>\n<p><span style=\"color: #000000;\">Ist RGB doch nicht ganz Ihr Ding? Kein Problem. Der Poppy LED-Ring ist auch in den folgenden Farben erh\u00e4ltlich:  <\/span><\/p>\n<ul>\n<li><span style=\"color: #000000;\"><strong><a style=\"color: #000000;\" href=\"https:\/\/www.alldayled.com\/de\/produkt\/poppy-led-ring-blauw-12-24volt\/\">Poppy LED ring &#8211; blau <\/a><\/strong><\/span><\/li>\n<li><span style=\"color: #000000;\"><strong><a style=\"color: #000000;\" href=\"https:\/\/www.alldayled.com\/de\/produkt\/poppy-led-ring-groen-12-24volt\/\">Poppy LED ring &#8211; gr\u00fcn<\/a><\/strong><\/span><\/li>\n<li><span style=\"color: #000000;\"><strong><a style=\"color: #000000;\" href=\"https:\/\/www.alldayled.com\/de\/produkt\/poppy-led-ring-rood-12-24volt\/\">Poppy LED ring &#8211; rot<\/a><\/strong><\/span><\/li>\n<li><span style=\"color: #000000;\"><strong><a style=\"color: #000000;\" href=\"https:\/\/www.alldayled.com\/de\/produkt\/poppy-led-ring-wit-12-24volt\/\">Poppy LED ring &#8211; wei\u00df<\/a><\/strong><\/span><\/li>\n<\/ul>\n<p><span style=\"color: #000000;\">Sind Sie doch der Meinung, dass diese LED-Lampe nicht ganz das ist, was Sie suchen? Vielleicht stimmt die Farbe oder Form nicht ganz mit Ihren Vorlieben \u00fcberein. Kein Problem, schauen Sie sich gerne auf unserer <a style=\"color: #000000;\" href=\"https:\/\/www.alldayled.com\/de\/produkt-kategorie\/andere-produkte\/poppy-luchtverfrisser\/\"><strong>Poppy luchtverfrisser<\/strong><\/a> Seite um. Die Wahrscheinlichkeit ist gro\u00df, dass Sie dort genau den Duft oder LED-Ring finden, der zu Ihnen passt.    <\/span><\/p>\n","protected":false},"excerpt":{"rendered":"<p>Lassen Sie Ihren Poppy Lufterfrischer mit diesem LED-Ring RGB erstrahlen, geeignet f\u00fcr 12\/24 Volt.<\/p>\n","protected":false},"featured_media":80437,"comment_status":"open","ping_status":"closed","template":"","meta":{"_acf_changed":false},"product_brand":[6709],"product_cat":[5332],"product_tag":[9504,9503],"class_list":{"0":"post-67297","1":"product","2":"type-product","3":"status-publish","4":"has-post-thumbnail","6":"product_brand-poppy-grace-mate","7":"product_cat-poppy-luchtverfrisser","8":"product_tag-poppy-led-beleuchtung","9":"product_tag-poppy-led-ring","11":"first","12":"instock","13":"taxable","14":"shipping-taxable","15":"purchasable","16":"product-type-simple"},"acf":[],"yoast_head":"<!-- This site is optimized with the Yoast SEO Premium plugin v26.5 (Yoast SEO v27.1.1) - https:\/\/yoast.com\/product\/yoast-seo-premium-wordpress\/ -->\n<title>Poppy LED ring RGB - Zigarettenanz\u00fcnderstecker - All Day Led - 12&amp;24V<\/title>\n<meta name=\"description\" content=\"Poppy LED ring RGB - f\u00fcr Poppy Grace Mate Lufterfrischer - f\u00fcr 12 und 24 Volt - mit Zigarettenanz\u00fcnderstecker - Original Poppy Grace mate\u00ae\" \/>\n<meta name=\"robots\" content=\"index, follow, max-snippet:-1, max-image-preview:large, max-video-preview:-1\" \/>\n<link rel=\"canonical\" href=\"https:\/\/www.alldayled.com\/de\/produkt\/poppy-led-ring-rgb-12-24volt\/\" \/>\n<meta property=\"og:locale\" content=\"de_DE\" \/>\n<meta property=\"og:type\" content=\"article\" \/>\n<meta property=\"og:title\" content=\"Poppy LED ring RGB - Zigarettenanz\u00fcnderstecker - All Day Led - 12&amp;24V\" \/>\n<meta property=\"og:description\" content=\"Poppy LED ring RGB - f\u00fcr Poppy Grace Mate Lufterfrischer - f\u00fcr 12 und 24 Volt - mit Zigarettenanz\u00fcnderstecker - Original Poppy Grace mate\u00ae\" \/>\n<meta property=\"og:url\" content=\"https:\/\/www.alldayled.com\/de\/produkt\/poppy-led-ring-rgb-12-24volt\/\" \/>\n<meta property=\"og:site_name\" content=\"All Day Led\" \/>\n<meta property=\"article:publisher\" content=\"https:\/\/www.facebook.com\/alldayled\/\" \/>\n<meta property=\"article:modified_time\" content=\"2026-04-12T08:38:35+00:00\" \/>\n<meta property=\"og:image\" content=\"https:\/\/www.alldayled.com\/wp-content\/uploads\/2025\/10\/ADL07004-RGB.jpg\" \/>\n\t<meta property=\"og:image:width\" content=\"800\" \/>\n\t<meta property=\"og:image:height\" content=\"600\" \/>\n\t<meta property=\"og:image:type\" content=\"image\/jpeg\" \/>\n<meta name=\"twitter:label1\" content=\"Preis\" \/>\n\t<meta name=\"twitter:data1\" content=\"&euro;&nbsp;11,95\" \/>\n\t<meta name=\"twitter:label2\" content=\"Verf\u00fcgbarkeit\" \/>\n\t<meta name=\"twitter:data2\" content=\"Auf Lager\" \/>\n<script type=\"application\/ld+json\" class=\"yoast-schema-graph\">{\"@context\":\"https:\/\/schema.org\",\"@graph\":[{\"@type\":\"WebPage\",\"@id\":\"https:\/\/www.alldayled.com\/de\/produkt\/poppy-led-ring-rgb-12-24volt\/\",\"url\":\"https:\/\/www.alldayled.com\/de\/produkt\/poppy-led-ring-rgb-12-24volt\/\",\"name\":\"Poppy LED ring RGB - Zigarettenanz\u00fcnderstecker - All Day Led - 12&24V\",\"isPartOf\":{\"@id\":\"https:\/\/www.alldayled.com\/de\/#website\"},\"primaryImageOfPage\":{\"@id\":\"https:\/\/www.alldayled.com\/de\/produkt\/poppy-led-ring-rgb-12-24volt\/#primaryimage\"},\"image\":{\"@id\":\"https:\/\/www.alldayled.com\/de\/produkt\/poppy-led-ring-rgb-12-24volt\/#primaryimage\"},\"thumbnailUrl\":\"https:\/\/www.alldayled.com\/wp-content\/uploads\/2020\/05\/ADL50220-10.png\",\"datePublished\":\"2020-05-01T03:05:16+00:00\",\"dateModified\":\"2026-04-12T08:38:35+00:00\",\"description\":\"Poppy LED ring RGB - f\u00fcr Poppy Grace Mate Lufterfrischer - f\u00fcr 12 und 24 Volt - mit Zigarettenanz\u00fcnderstecker - Original Poppy Grace mate\u00ae\",\"breadcrumb\":{\"@id\":\"https:\/\/www.alldayled.com\/de\/produkt\/poppy-led-ring-rgb-12-24volt\/#breadcrumb\"},\"inLanguage\":\"de\",\"potentialAction\":[{\"@type\":\"ReadAction\",\"target\":[\"https:\/\/www.alldayled.com\/de\/produkt\/poppy-led-ring-rgb-12-24volt\/\"]}]},{\"@type\":\"ImageObject\",\"inLanguage\":\"de\",\"@id\":\"https:\/\/www.alldayled.com\/de\/produkt\/poppy-led-ring-rgb-12-24volt\/#primaryimage\",\"url\":\"https:\/\/www.alldayled.com\/wp-content\/uploads\/2020\/05\/ADL50220-10.png\",\"contentUrl\":\"https:\/\/www.alldayled.com\/wp-content\/uploads\/2020\/05\/ADL50220-10.png\",\"width\":800,\"height\":600,\"caption\":\"Poppy LED ring RGB - met aanstekerplug\"},{\"@type\":\"BreadcrumbList\",\"@id\":\"https:\/\/www.alldayled.com\/de\/produkt\/poppy-led-ring-rgb-12-24volt\/#breadcrumb\",\"itemListElement\":[{\"@type\":\"ListItem\",\"position\":1,\"name\":\"Home\",\"item\":\"https:\/\/www.alldayled.com\/de\/\"},{\"@type\":\"ListItem\",\"position\":2,\"name\":\"Shop\",\"item\":\"https:\/\/www.alldayled.com\/de\/shop\/\"},{\"@type\":\"ListItem\",\"position\":3,\"name\":\"Andere\",\"item\":\"https:\/\/www.alldayled.com\/de\/produkt-kategorie\/andere-produkte\/\"},{\"@type\":\"ListItem\",\"position\":4,\"name\":\"Poppy Lufterfrischer\",\"item\":\"https:\/\/www.alldayled.com\/de\/produkt-kategorie\/andere-produkte\/poppy-luchtverfrisser\/\"},{\"@type\":\"ListItem\",\"position\":5,\"name\":\"Poppy LED ring &#8211; RGB\"}]},{\"@type\":\"WebSite\",\"@id\":\"https:\/\/www.alldayled.com\/de\/#website\",\"url\":\"https:\/\/www.alldayled.com\/de\/\",\"name\":\"All Day Led\",\"description\":\"Verlichting voor 12&amp;24 volt gebruik\",\"publisher\":{\"@id\":\"https:\/\/www.alldayled.com\/de\/#organization\"},\"potentialAction\":[{\"@type\":\"SearchAction\",\"target\":{\"@type\":\"EntryPoint\",\"urlTemplate\":\"https:\/\/www.alldayled.com\/de\/?s={search_term_string}\"},\"query-input\":{\"@type\":\"PropertyValueSpecification\",\"valueRequired\":true,\"valueName\":\"search_term_string\"}}],\"inLanguage\":\"de\"},{\"@type\":\"Organization\",\"@id\":\"https:\/\/www.alldayled.com\/de\/#organization\",\"name\":\"All Day Led\",\"url\":\"https:\/\/www.alldayled.com\/de\/\",\"logo\":{\"@type\":\"ImageObject\",\"inLanguage\":\"de\",\"@id\":\"https:\/\/www.alldayled.com\/de\/#\/schema\/logo\/image\/\",\"url\":\"https:\/\/www.alldayled.com\/wp-content\/uploads\/2025\/10\/Logo-ALL-DAY-LED-800x800-zwart-witte-letters.png\",\"contentUrl\":\"https:\/\/www.alldayled.com\/wp-content\/uploads\/2025\/10\/Logo-ALL-DAY-LED-800x800-zwart-witte-letters.png\",\"width\":800,\"height\":800,\"caption\":\"All Day Led\"},\"image\":{\"@id\":\"https:\/\/www.alldayled.com\/de\/#\/schema\/logo\/image\/\"},\"sameAs\":[\"https:\/\/www.facebook.com\/alldayled\/\",\"https:\/\/www.instagram.com\/alldayled\/\"],\"vatID\":\"NL863960133B01\",\"taxID\":\"86416545\"}]}<\/script>\n<meta property=\"product:brand\" content=\"Poppy Grace Mate\" \/>\n<meta property=\"product:price:amount\" content=\"11.95\" \/>\n<meta property=\"product:price:currency\" content=\"EUR\" \/>\n<meta property=\"og:availability\" content=\"instock\" \/>\n<meta property=\"product:availability\" content=\"instock\" \/>\n<meta property=\"product:retailer_item_id\" content=\"ADL50220\" \/>\n<meta property=\"product:condition\" content=\"new\" \/>\n<!-- \/ Yoast SEO Premium plugin. -->","yoast_head_json":{"title":"Poppy LED ring RGB - Zigarettenanz\u00fcnderstecker - All Day Led - 12&24V","description":"Poppy LED ring RGB - f\u00fcr Poppy Grace Mate Lufterfrischer - f\u00fcr 12 und 24 Volt - mit Zigarettenanz\u00fcnderstecker - Original Poppy Grace mate\u00ae","robots":{"index":"index","follow":"follow","max-snippet":"max-snippet:-1","max-image-preview":"max-image-preview:large","max-video-preview":"max-video-preview:-1"},"canonical":"https:\/\/www.alldayled.com\/de\/produkt\/poppy-led-ring-rgb-12-24volt\/","og_locale":"de_DE","og_type":"article","og_title":"Poppy LED ring RGB - Zigarettenanz\u00fcnderstecker - All Day Led - 12&24V","og_description":"Poppy LED ring RGB - f\u00fcr Poppy Grace Mate Lufterfrischer - f\u00fcr 12 und 24 Volt - mit Zigarettenanz\u00fcnderstecker - Original Poppy Grace mate\u00ae","og_url":"https:\/\/www.alldayled.com\/de\/produkt\/poppy-led-ring-rgb-12-24volt\/","og_site_name":"All Day Led","article_publisher":"https:\/\/www.facebook.com\/alldayled\/","article_modified_time":"2026-04-12T08:38:35+00:00","og_image":[{"width":800,"height":600,"url":"https:\/\/www.alldayled.com\/wp-content\/uploads\/2025\/10\/ADL07004-RGB.jpg","type":"image\/jpeg"}],"twitter_misc":{"Preis":"&euro;&nbsp;11,95","Verf\u00fcgbarkeit":"Auf Lager"},"schema":{"@context":"https:\/\/schema.org","@graph":[{"@type":"WebPage","@id":"https:\/\/www.alldayled.com\/de\/produkt\/poppy-led-ring-rgb-12-24volt\/","url":"https:\/\/www.alldayled.com\/de\/produkt\/poppy-led-ring-rgb-12-24volt\/","name":"Poppy LED ring RGB - Zigarettenanz\u00fcnderstecker - All Day Led - 12&24V","isPartOf":{"@id":"https:\/\/www.alldayled.com\/de\/#website"},"primaryImageOfPage":{"@id":"https:\/\/www.alldayled.com\/de\/produkt\/poppy-led-ring-rgb-12-24volt\/#primaryimage"},"image":{"@id":"https:\/\/www.alldayled.com\/de\/produkt\/poppy-led-ring-rgb-12-24volt\/#primaryimage"},"thumbnailUrl":"https:\/\/www.alldayled.com\/wp-content\/uploads\/2020\/05\/ADL50220-10.png","datePublished":"2020-05-01T03:05:16+00:00","dateModified":"2026-04-12T08:38:35+00:00","description":"Poppy LED ring RGB - f\u00fcr Poppy Grace Mate Lufterfrischer - f\u00fcr 12 und 24 Volt - mit Zigarettenanz\u00fcnderstecker - Original Poppy Grace mate\u00ae","breadcrumb":{"@id":"https:\/\/www.alldayled.com\/de\/produkt\/poppy-led-ring-rgb-12-24volt\/#breadcrumb"},"inLanguage":"de","potentialAction":[{"@type":"ReadAction","target":["https:\/\/www.alldayled.com\/de\/produkt\/poppy-led-ring-rgb-12-24volt\/"]}]},{"@type":"ImageObject","inLanguage":"de","@id":"https:\/\/www.alldayled.com\/de\/produkt\/poppy-led-ring-rgb-12-24volt\/#primaryimage","url":"https:\/\/www.alldayled.com\/wp-content\/uploads\/2020\/05\/ADL50220-10.png","contentUrl":"https:\/\/www.alldayled.com\/wp-content\/uploads\/2020\/05\/ADL50220-10.png","width":800,"height":600,"caption":"Poppy LED ring RGB - met aanstekerplug"},{"@type":"BreadcrumbList","@id":"https:\/\/www.alldayled.com\/de\/produkt\/poppy-led-ring-rgb-12-24volt\/#breadcrumb","itemListElement":[{"@type":"ListItem","position":1,"name":"Home","item":"https:\/\/www.alldayled.com\/de\/"},{"@type":"ListItem","position":2,"name":"Shop","item":"https:\/\/www.alldayled.com\/de\/shop\/"},{"@type":"ListItem","position":3,"name":"Andere","item":"https:\/\/www.alldayled.com\/de\/produkt-kategorie\/andere-produkte\/"},{"@type":"ListItem","position":4,"name":"Poppy Lufterfrischer","item":"https:\/\/www.alldayled.com\/de\/produkt-kategorie\/andere-produkte\/poppy-luchtverfrisser\/"},{"@type":"ListItem","position":5,"name":"Poppy LED ring &#8211; RGB"}]},{"@type":"WebSite","@id":"https:\/\/www.alldayled.com\/de\/#website","url":"https:\/\/www.alldayled.com\/de\/","name":"All Day Led","description":"Verlichting voor 12&amp;24 volt gebruik","publisher":{"@id":"https:\/\/www.alldayled.com\/de\/#organization"},"potentialAction":[{"@type":"SearchAction","target":{"@type":"EntryPoint","urlTemplate":"https:\/\/www.alldayled.com\/de\/?s={search_term_string}"},"query-input":{"@type":"PropertyValueSpecification","valueRequired":true,"valueName":"search_term_string"}}],"inLanguage":"de"},{"@type":"Organization","@id":"https:\/\/www.alldayled.com\/de\/#organization","name":"All Day Led","url":"https:\/\/www.alldayled.com\/de\/","logo":{"@type":"ImageObject","inLanguage":"de","@id":"https:\/\/www.alldayled.com\/de\/#\/schema\/logo\/image\/","url":"https:\/\/www.alldayled.com\/wp-content\/uploads\/2025\/10\/Logo-ALL-DAY-LED-800x800-zwart-witte-letters.png","contentUrl":"https:\/\/www.alldayled.com\/wp-content\/uploads\/2025\/10\/Logo-ALL-DAY-LED-800x800-zwart-witte-letters.png","width":800,"height":800,"caption":"All Day Led"},"image":{"@id":"https:\/\/www.alldayled.com\/de\/#\/schema\/logo\/image\/"},"sameAs":["https:\/\/www.facebook.com\/alldayled\/","https:\/\/www.instagram.com\/alldayled\/"],"vatID":"NL863960133B01","taxID":"86416545"}]},"product_brand":"Poppy Grace Mate","product_price_amount":"11.95","product_price_currency":"EUR","og_availability":"instock","product_availability":"instock","product_retailer_item_id":"ADL50220","product_condition":"new"},"_links":{"self":[{"href":"https:\/\/www.alldayled.com\/de\/wp-json\/wp\/v2\/product\/67297","targetHints":{"allow":["GET"]}}],"collection":[{"href":"https:\/\/www.alldayled.com\/de\/wp-json\/wp\/v2\/product"}],"about":[{"href":"https:\/\/www.alldayled.com\/de\/wp-json\/wp\/v2\/types\/product"}],"replies":[{"embeddable":true,"href":"https:\/\/www.alldayled.com\/de\/wp-json\/wp\/v2\/comments?post=67297"}],"wp:featuredmedia":[{"embeddable":true,"href":"https:\/\/www.alldayled.com\/de\/wp-json\/wp\/v2\/media\/80437"}],"wp:attachment":[{"href":"https:\/\/www.alldayled.com\/de\/wp-json\/wp\/v2\/media?parent=67297"}],"wp:term":[{"taxonomy":"product_brand","embeddable":true,"href":"https:\/\/www.alldayled.com\/de\/wp-json\/wp\/v2\/product_brand?post=67297"},{"taxonomy":"product_cat","embeddable":true,"href":"https:\/\/www.alldayled.com\/de\/wp-json\/wp\/v2\/product_cat?post=67297"},{"taxonomy":"product_tag","embeddable":true,"href":"https:\/\/www.alldayled.com\/de\/wp-json\/wp\/v2\/product_tag?post=67297"}],"curies":[{"name":"wp","href":"https:\/\/api.w.org\/{rel}","templated":true}]}}