{"id":67302,"date":"2020-04-02T04:50:17","date_gmt":"2020-04-02T02:50:17","guid":{"rendered":"https:\/\/www.alldayled.com\/product\/poppy-grace-mate-cherry\/"},"modified":"2026-04-09T19:42:28","modified_gmt":"2026-04-09T17:42:28","slug":"poppy-grace-mate-cherry","status":"publish","type":"product","link":"https:\/\/www.alldayled.com\/de\/produkt\/poppy-grace-mate-cherry\/","title":{"rendered":"Poppy Grace Mate Cherry"},"content":{"rendered":"<p><span style=\"color: #000000;\"><strong>Poppy Grace Mate Cherry, Lufterfrischer f\u00fcr Arbeitsplatz und mehr. <\/strong><\/span><\/p>\n<p><span style=\"color: #000000;\">Sind Sie auf der Suche nach einem Lufterfrischer, der gut riecht und den Sie \u00fcberall aufstellen oder aufh\u00e4ngen k\u00f6nnen? Dann ist der Poppy Grace Mate Cherry vielleicht genau das, was Sie suchen. Stellen Sie ihn in Ihre LKW-Kabine und genie\u00dfen Sie ein frisches Interieur, oder verwenden Sie ihn zu Hause im Wohnzimmer, Schlafzimmer oder im B\u00fcro. Dank des starken Duftes h\u00e4lt der Lufterfrischer die Luft etwa 3 Monate lang frisch. Oben befindet sich eine Drehkappe, mit der Sie die Verteilung selbst bestimmen k\u00f6nnen. Vergessen Sie nicht, zuerst die Plastikschutzkappe unter der Kappe zu entfernen, damit sich der Duft gut entfalten kann.     <\/span><\/p>\n<p><span style=\"color: #000000;\">M\u00f6chten Sie sicher sein, dass dieser Lufterfrischer zu Ihnen passt? Nachfolgend finden Sie die wichtigsten Eigenschaften. Der Poppy Grace Mate ist mit einer stabilen Glasflasche ausgestattet, wodurch der Duft optimal erhalten bleibt. Um ein Umfallen zu verhindern, wird der Lufterfrischer mit doppelseitigem Klebeband geliefert, sodass Sie ihn fest an der gew\u00fcnschten Stelle befestigen k\u00f6nnen. M\u00f6chten Sie ihn besonders auff\u00e4llig machen? Dann f\u00fcgen Sie einen LED-Ring hinzu, den Sie <a style=\"color: #000000;\" href=\"https:\/\/www.alldayled.com\/nl\/product-categorie\/overige-producten\/poppy-luchtverfrisser\/?_voltage=12-24-volt\">hier<\/a> finden.     <\/span><\/p>\n<h5><span style=\"color: #000000;\"><strong>Weitere D\u00fcfte:<\/strong><\/span><\/h5>\n<p><span style=\"color: #000000;\">Ist Cherry nicht ganz das, was Sie suchen? Kein Problem, der Poppy Grace Mate ist auch in verschiedenen anderen D\u00fcften erh\u00e4ltlich: <\/span><\/p>\n<ul>\n<li><span style=\"color: #000000;\"><a style=\"color: #000000;\" href=\"https:\/\/www.alldayled.com\/de\/produkt\/poppy-grace-mate-jasmijn\/\"><strong>Poppy Grace Mate Jasmin<\/strong><\/a><\/span><\/li>\n<li><span style=\"color: #000000;\"><a style=\"color: #000000;\" href=\"https:\/\/www.alldayled.com\/de\/produkt\/poppy-grace-mate-freesia\/\"><strong>Poppy Grace Mate Freesia <\/strong><\/a><\/span><\/li>\n<li><span style=\"color: #000000;\"><a style=\"color: #000000;\" href=\"https:\/\/www.alldayled.com\/de\/produkt\/poppy-grace-mate-vanille\/\"><strong>Poppy Grace Mate Vanilla<\/strong><\/a><\/span><\/li>\n<li style=\"list-style-type: none;\">\n<\/li>\n<\/ul>\n<p><span style=\"color: #000000;\">Sind Sie dennoch der Meinung, dass dieser Lufterfrischer nicht ganz das ist, was Sie suchen? Vielleicht stimmen die Farbe oder die Form nicht ganz mit Ihren Vorstellungen \u00fcberein. Kein Problem, schauen Sie sich gerne auf unserer <g id=\"gid_0\"><g id=\"gid_1\">Poppy Lufterfrischer<\/g><\/g> Seite um. Die Wahrscheinlichkeit ist gro\u00df, dass Sie dort genau den Duft oder LED-Ring finden, der zu Ihnen passt.   <\/span><\/p>\n","protected":false},"excerpt":{"rendered":"<p>Verleihen Sie Ihrem Raum den perfekten Cherry-Duft, indem Sie diesen Lufterfrischer aufstellen!<\/p>\n","protected":false},"featured_media":15423,"comment_status":"open","ping_status":"closed","template":"","meta":{"_acf_changed":false},"product_brand":[6709],"product_cat":[5332],"product_tag":[9505,9506],"class_list":{"0":"post-67302","1":"product","2":"type-product","3":"status-publish","4":"has-post-thumbnail","6":"product_brand-poppy-grace-mate","7":"product_cat-poppy-luchtverfrisser","8":"product_tag-poppy-grace-mate","9":"product_tag-poppy-lufterfrischer","11":"first","12":"instock","13":"taxable","14":"shipping-taxable","15":"purchasable","16":"product-type-simple"},"acf":[],"yoast_head":"<!-- This site is optimized with the Yoast SEO Premium plugin v26.5 (Yoast SEO v27.1.1) - https:\/\/yoast.com\/product\/yoast-seo-premium-wordpress\/ -->\n<title>Poppy Grace Mate Cherry - All Day Led - Beleuchtung und mehr<\/title>\n<meta name=\"description\" content=\"Poppy Grace Mate Cherry \u00ae - Lufterfrischer f\u00fcr Auto, LKW, Wohnmobil, Wohnwagen und mehr - LED-Ring m\u00f6glich - langanhaltender Duft\" \/>\n<meta name=\"robots\" content=\"index, follow, max-snippet:-1, max-image-preview:large, max-video-preview:-1\" \/>\n<link rel=\"canonical\" href=\"https:\/\/www.alldayled.com\/de\/produkt\/poppy-grace-mate-cherry\/\" \/>\n<meta property=\"og:locale\" content=\"de_DE\" \/>\n<meta property=\"og:type\" content=\"article\" \/>\n<meta property=\"og:title\" content=\"Poppy Grace Mate Cherry - All Day Led - Beleuchtung und mehr\" \/>\n<meta property=\"og:description\" content=\"Poppy Grace Mate Cherry \u00ae - Lufterfrischer f\u00fcr Auto, LKW, Wohnmobil, Wohnwagen und mehr - LED-Ring m\u00f6glich - langanhaltender Duft\" \/>\n<meta property=\"og:url\" content=\"https:\/\/www.alldayled.com\/de\/produkt\/poppy-grace-mate-cherry\/\" \/>\n<meta property=\"og:site_name\" content=\"All Day Led\" \/>\n<meta property=\"article:publisher\" content=\"https:\/\/www.facebook.com\/alldayled\/\" \/>\n<meta property=\"article:modified_time\" content=\"2026-04-09T17:42:28+00:00\" \/>\n<meta property=\"og:image\" content=\"https:\/\/www.alldayled.com\/wp-content\/uploads\/2020\/04\/ADL50120.-2-Poppy-Cherry.png\" \/>\n<meta name=\"twitter:label1\" content=\"Preis\" \/>\n\t<meta name=\"twitter:data1\" content=\"&euro;&nbsp;11,95\" \/>\n\t<meta name=\"twitter:label2\" content=\"Verf\u00fcgbarkeit\" \/>\n\t<meta name=\"twitter:data2\" content=\"Auf Lager\" \/>\n<script type=\"application\/ld+json\" class=\"yoast-schema-graph\">{\"@context\":\"https:\/\/schema.org\",\"@graph\":[{\"@type\":\"WebPage\",\"@id\":\"https:\/\/www.alldayled.com\/de\/produkt\/poppy-grace-mate-cherry\/\",\"url\":\"https:\/\/www.alldayled.com\/de\/produkt\/poppy-grace-mate-cherry\/\",\"name\":\"Poppy Grace Mate Cherry - All Day Led - Beleuchtung und mehr\",\"isPartOf\":{\"@id\":\"https:\/\/www.alldayled.com\/de\/#website\"},\"primaryImageOfPage\":{\"@id\":\"https:\/\/www.alldayled.com\/de\/produkt\/poppy-grace-mate-cherry\/#primaryimage\"},\"image\":{\"@id\":\"https:\/\/www.alldayled.com\/de\/produkt\/poppy-grace-mate-cherry\/#primaryimage\"},\"thumbnailUrl\":\"https:\/\/www.alldayled.com\/wp-content\/uploads\/2020\/04\/ADL50120.-Poppy-Cherry.png\",\"datePublished\":\"2020-04-02T02:50:17+00:00\",\"dateModified\":\"2026-04-09T17:42:28+00:00\",\"description\":\"Poppy Grace Mate Cherry \u00ae - Lufterfrischer f\u00fcr Auto, LKW, Wohnmobil, Wohnwagen und mehr - LED-Ring m\u00f6glich - langanhaltender Duft\",\"breadcrumb\":{\"@id\":\"https:\/\/www.alldayled.com\/de\/produkt\/poppy-grace-mate-cherry\/#breadcrumb\"},\"inLanguage\":\"de\",\"potentialAction\":[{\"@type\":\"ReadAction\",\"target\":[\"https:\/\/www.alldayled.com\/de\/produkt\/poppy-grace-mate-cherry\/\"]}]},{\"@type\":\"ImageObject\",\"inLanguage\":\"de\",\"@id\":\"https:\/\/www.alldayled.com\/de\/produkt\/poppy-grace-mate-cherry\/#primaryimage\",\"url\":\"https:\/\/www.alldayled.com\/wp-content\/uploads\/2020\/04\/ADL50120.-Poppy-Cherry.png\",\"contentUrl\":\"https:\/\/www.alldayled.com\/wp-content\/uploads\/2020\/04\/ADL50120.-Poppy-Cherry.png\",\"width\":800,\"height\":600,\"caption\":\"Poppy Grace Mate Cherry - Lufterfrischer f\u00fcr Auto, LKW, B\u00fcro, Wohnzimmer, Schlafzimmer und mehr - langanhaltender Duft von mindestens 3 Monaten - EAN: 8719689706029\"},{\"@type\":\"BreadcrumbList\",\"@id\":\"https:\/\/www.alldayled.com\/de\/produkt\/poppy-grace-mate-cherry\/#breadcrumb\",\"itemListElement\":[{\"@type\":\"ListItem\",\"position\":1,\"name\":\"Home\",\"item\":\"https:\/\/www.alldayled.com\/de\/\"},{\"@type\":\"ListItem\",\"position\":2,\"name\":\"Shop\",\"item\":\"https:\/\/www.alldayled.com\/de\/shop\/\"},{\"@type\":\"ListItem\",\"position\":3,\"name\":\"Andere\",\"item\":\"https:\/\/www.alldayled.com\/de\/produkt-kategorie\/andere-produkte\/\"},{\"@type\":\"ListItem\",\"position\":4,\"name\":\"Poppy Lufterfrischer\",\"item\":\"https:\/\/www.alldayled.com\/de\/produkt-kategorie\/andere-produkte\/poppy-luchtverfrisser\/\"},{\"@type\":\"ListItem\",\"position\":5,\"name\":\"Poppy Grace Mate Cherry\"}]},{\"@type\":\"WebSite\",\"@id\":\"https:\/\/www.alldayled.com\/de\/#website\",\"url\":\"https:\/\/www.alldayled.com\/de\/\",\"name\":\"All Day Led\",\"description\":\"Verlichting voor 12&amp;24 volt gebruik\",\"publisher\":{\"@id\":\"https:\/\/www.alldayled.com\/de\/#organization\"},\"potentialAction\":[{\"@type\":\"SearchAction\",\"target\":{\"@type\":\"EntryPoint\",\"urlTemplate\":\"https:\/\/www.alldayled.com\/de\/?s={search_term_string}\"},\"query-input\":{\"@type\":\"PropertyValueSpecification\",\"valueRequired\":true,\"valueName\":\"search_term_string\"}}],\"inLanguage\":\"de\"},{\"@type\":\"Organization\",\"@id\":\"https:\/\/www.alldayled.com\/de\/#organization\",\"name\":\"All Day Led\",\"url\":\"https:\/\/www.alldayled.com\/de\/\",\"logo\":{\"@type\":\"ImageObject\",\"inLanguage\":\"de\",\"@id\":\"https:\/\/www.alldayled.com\/de\/#\/schema\/logo\/image\/\",\"url\":\"https:\/\/www.alldayled.com\/wp-content\/uploads\/2025\/10\/Logo-ALL-DAY-LED-800x800-zwart-witte-letters.png\",\"contentUrl\":\"https:\/\/www.alldayled.com\/wp-content\/uploads\/2025\/10\/Logo-ALL-DAY-LED-800x800-zwart-witte-letters.png\",\"width\":800,\"height\":800,\"caption\":\"All Day Led\"},\"image\":{\"@id\":\"https:\/\/www.alldayled.com\/de\/#\/schema\/logo\/image\/\"},\"sameAs\":[\"https:\/\/www.facebook.com\/alldayled\/\",\"https:\/\/www.instagram.com\/alldayled\/\"],\"vatID\":\"NL863960133B01\",\"taxID\":\"86416545\"}]}<\/script>\n<meta property=\"product:brand\" content=\"Poppy Grace Mate\" \/>\n<meta property=\"product:price:amount\" content=\"11.95\" \/>\n<meta property=\"product:price:currency\" content=\"EUR\" \/>\n<meta property=\"og:availability\" content=\"instock\" \/>\n<meta property=\"product:availability\" content=\"instock\" \/>\n<meta property=\"product:retailer_item_id\" content=\"ADL50120\" \/>\n<meta property=\"product:condition\" content=\"new\" \/>\n<!-- \/ Yoast SEO Premium plugin. -->","yoast_head_json":{"title":"Poppy Grace Mate Cherry - All Day Led - Beleuchtung und mehr","description":"Poppy Grace Mate Cherry \u00ae - Lufterfrischer f\u00fcr Auto, LKW, Wohnmobil, Wohnwagen und mehr - LED-Ring m\u00f6glich - langanhaltender Duft","robots":{"index":"index","follow":"follow","max-snippet":"max-snippet:-1","max-image-preview":"max-image-preview:large","max-video-preview":"max-video-preview:-1"},"canonical":"https:\/\/www.alldayled.com\/de\/produkt\/poppy-grace-mate-cherry\/","og_locale":"de_DE","og_type":"article","og_title":"Poppy Grace Mate Cherry - All Day Led - Beleuchtung und mehr","og_description":"Poppy Grace Mate Cherry \u00ae - Lufterfrischer f\u00fcr Auto, LKW, Wohnmobil, Wohnwagen und mehr - LED-Ring m\u00f6glich - langanhaltender Duft","og_url":"https:\/\/www.alldayled.com\/de\/produkt\/poppy-grace-mate-cherry\/","og_site_name":"All Day Led","article_publisher":"https:\/\/www.facebook.com\/alldayled\/","article_modified_time":"2026-04-09T17:42:28+00:00","og_image":[{"url":"https:\/\/www.alldayled.com\/wp-content\/uploads\/2020\/04\/ADL50120.-2-Poppy-Cherry.png","type":"","width":"","height":""}],"twitter_misc":{"Preis":"&euro;&nbsp;11,95","Verf\u00fcgbarkeit":"Auf Lager"},"schema":{"@context":"https:\/\/schema.org","@graph":[{"@type":"WebPage","@id":"https:\/\/www.alldayled.com\/de\/produkt\/poppy-grace-mate-cherry\/","url":"https:\/\/www.alldayled.com\/de\/produkt\/poppy-grace-mate-cherry\/","name":"Poppy Grace Mate Cherry - All Day Led - Beleuchtung und mehr","isPartOf":{"@id":"https:\/\/www.alldayled.com\/de\/#website"},"primaryImageOfPage":{"@id":"https:\/\/www.alldayled.com\/de\/produkt\/poppy-grace-mate-cherry\/#primaryimage"},"image":{"@id":"https:\/\/www.alldayled.com\/de\/produkt\/poppy-grace-mate-cherry\/#primaryimage"},"thumbnailUrl":"https:\/\/www.alldayled.com\/wp-content\/uploads\/2020\/04\/ADL50120.-Poppy-Cherry.png","datePublished":"2020-04-02T02:50:17+00:00","dateModified":"2026-04-09T17:42:28+00:00","description":"Poppy Grace Mate Cherry \u00ae - Lufterfrischer f\u00fcr Auto, LKW, Wohnmobil, Wohnwagen und mehr - LED-Ring m\u00f6glich - langanhaltender Duft","breadcrumb":{"@id":"https:\/\/www.alldayled.com\/de\/produkt\/poppy-grace-mate-cherry\/#breadcrumb"},"inLanguage":"de","potentialAction":[{"@type":"ReadAction","target":["https:\/\/www.alldayled.com\/de\/produkt\/poppy-grace-mate-cherry\/"]}]},{"@type":"ImageObject","inLanguage":"de","@id":"https:\/\/www.alldayled.com\/de\/produkt\/poppy-grace-mate-cherry\/#primaryimage","url":"https:\/\/www.alldayled.com\/wp-content\/uploads\/2020\/04\/ADL50120.-Poppy-Cherry.png","contentUrl":"https:\/\/www.alldayled.com\/wp-content\/uploads\/2020\/04\/ADL50120.-Poppy-Cherry.png","width":800,"height":600,"caption":"Poppy Grace Mate Cherry - Lufterfrischer f\u00fcr Auto, LKW, B\u00fcro, Wohnzimmer, Schlafzimmer und mehr - langanhaltender Duft von mindestens 3 Monaten - EAN: 8719689706029"},{"@type":"BreadcrumbList","@id":"https:\/\/www.alldayled.com\/de\/produkt\/poppy-grace-mate-cherry\/#breadcrumb","itemListElement":[{"@type":"ListItem","position":1,"name":"Home","item":"https:\/\/www.alldayled.com\/de\/"},{"@type":"ListItem","position":2,"name":"Shop","item":"https:\/\/www.alldayled.com\/de\/shop\/"},{"@type":"ListItem","position":3,"name":"Andere","item":"https:\/\/www.alldayled.com\/de\/produkt-kategorie\/andere-produkte\/"},{"@type":"ListItem","position":4,"name":"Poppy Lufterfrischer","item":"https:\/\/www.alldayled.com\/de\/produkt-kategorie\/andere-produkte\/poppy-luchtverfrisser\/"},{"@type":"ListItem","position":5,"name":"Poppy Grace Mate Cherry"}]},{"@type":"WebSite","@id":"https:\/\/www.alldayled.com\/de\/#website","url":"https:\/\/www.alldayled.com\/de\/","name":"All Day Led","description":"Verlichting voor 12&amp;24 volt gebruik","publisher":{"@id":"https:\/\/www.alldayled.com\/de\/#organization"},"potentialAction":[{"@type":"SearchAction","target":{"@type":"EntryPoint","urlTemplate":"https:\/\/www.alldayled.com\/de\/?s={search_term_string}"},"query-input":{"@type":"PropertyValueSpecification","valueRequired":true,"valueName":"search_term_string"}}],"inLanguage":"de"},{"@type":"Organization","@id":"https:\/\/www.alldayled.com\/de\/#organization","name":"All Day Led","url":"https:\/\/www.alldayled.com\/de\/","logo":{"@type":"ImageObject","inLanguage":"de","@id":"https:\/\/www.alldayled.com\/de\/#\/schema\/logo\/image\/","url":"https:\/\/www.alldayled.com\/wp-content\/uploads\/2025\/10\/Logo-ALL-DAY-LED-800x800-zwart-witte-letters.png","contentUrl":"https:\/\/www.alldayled.com\/wp-content\/uploads\/2025\/10\/Logo-ALL-DAY-LED-800x800-zwart-witte-letters.png","width":800,"height":800,"caption":"All Day Led"},"image":{"@id":"https:\/\/www.alldayled.com\/de\/#\/schema\/logo\/image\/"},"sameAs":["https:\/\/www.facebook.com\/alldayled\/","https:\/\/www.instagram.com\/alldayled\/"],"vatID":"NL863960133B01","taxID":"86416545"}]},"product_brand":"Poppy Grace Mate","product_price_amount":"11.95","product_price_currency":"EUR","og_availability":"instock","product_availability":"instock","product_retailer_item_id":"ADL50120","product_condition":"new"},"_links":{"self":[{"href":"https:\/\/www.alldayled.com\/de\/wp-json\/wp\/v2\/product\/67302","targetHints":{"allow":["GET"]}}],"collection":[{"href":"https:\/\/www.alldayled.com\/de\/wp-json\/wp\/v2\/product"}],"about":[{"href":"https:\/\/www.alldayled.com\/de\/wp-json\/wp\/v2\/types\/product"}],"replies":[{"embeddable":true,"href":"https:\/\/www.alldayled.com\/de\/wp-json\/wp\/v2\/comments?post=67302"}],"wp:featuredmedia":[{"embeddable":true,"href":"https:\/\/www.alldayled.com\/de\/wp-json\/wp\/v2\/media\/15423"}],"wp:attachment":[{"href":"https:\/\/www.alldayled.com\/de\/wp-json\/wp\/v2\/media?parent=67302"}],"wp:term":[{"taxonomy":"product_brand","embeddable":true,"href":"https:\/\/www.alldayled.com\/de\/wp-json\/wp\/v2\/product_brand?post=67302"},{"taxonomy":"product_cat","embeddable":true,"href":"https:\/\/www.alldayled.com\/de\/wp-json\/wp\/v2\/product_cat?post=67302"},{"taxonomy":"product_tag","embeddable":true,"href":"https:\/\/www.alldayled.com\/de\/wp-json\/wp\/v2\/product_tag?post=67302"}],"curies":[{"name":"wp","href":"https:\/\/api.w.org\/{rel}","templated":true}]}}