{"id":67310,"date":"2023-03-05T10:27:07","date_gmt":"2023-03-05T09:27:07","guid":{"rendered":"https:\/\/www.alldayled.com\/product\/truckled-led-zwaailamp-rond\/"},"modified":"2023-03-05T10:27:07","modified_gmt":"2023-03-05T09:27:07","slug":"truckled-led-zwaailamp-rond","status":"publish","type":"product","link":"https:\/\/www.alldayled.com\/de\/produkt\/truckled-led-zwaailamp-rond\/","title":{"rendered":"TruckLED Rundumleuchte rund 12\/24V"},"content":{"rendered":"<p><span style=\"color: #000000;\"><strong>TruckLED Rundumleuchte rund mit Stangenmontage, f\u00fcr 12 und 24 Volt. <\/strong><\/span><\/p>\n<p><span style=\"color: #000000;\">Suchst du eine preisg\u00fcnstige LED-Rundumleuchte mit DIN-Anschluss? Dann ist die TruckLED Rundumleuchte rund vielleicht genau die Lampe, die du suchst. Die Rundumleuchte verf\u00fcgt \u00fcber 4 verschiedene Muster und ist mit 12 LED&#8217;s ausgestattet. Die LED-Rundumleuchte kann mit 12 &amp; 24 Volt betrieben werden. Das bedeutet, dass du die ECE R65 zugelassene LED-Rundumleuchte beispielsweise an einem Auto, Wohnmobil, LKW oder einem anderen Fahrzeugtyp montieren kannst.     <\/span><\/p>\n<p><span style=\"color: #000000;\">Um sicherzustellen, dass die TruckLED Rundumleuchte rund mit 12 LED f\u00fcr dein Fahrzeug oder deinen Anh\u00e4nger geeignet ist, haben wir unten ein paar wichtige Eigenschaften aufgef\u00fchrt. All dies, um zu verdeutlichen, warum dies vielleicht genau die LED-Lampe ist, die du suchst. Das 4 Muster umfassende LED-Warnlicht von TruckLED ist unter anderem mit dem ECE R10 Pr\u00fcfzeichen versehen. Dieses Pr\u00fcfzeichen besagt, dass die Lampe w\u00e4hrend des Betriebs keine St\u00f6rungen, beispielsweise am Radiosignal, verursachen wird. Die Warnleuchte ist auch mit dem ECE R65 Pr\u00fcfzeichen versehen. Dieses Pr\u00fcfzeichen besagt, dass du die Lampe als Signalleuchte verwenden darfst.       <\/span><\/p>\n<h5><span style=\"color: #000000;\"><strong>Abmessungen:<\/strong><\/span><\/h5>\n<p><span style=\"color: #000000;\">Da du sicherstellen m\u00f6chtest, dass du die Rundumleuchte mit Stangenmontage dort anbringen kannst, wo du m\u00f6chtest, haben wir unten die Abmessungen des Ger\u00e4ts notiert. Die Abmessungen der TruckLED Rundumleuchte rund sind wie folgt: <\/span><\/p>\n<ul>\n<li><span style=\"color: #000000;\">H\u00f6he: 209 mm<\/span><\/li>\n<li><span style=\"color: #000000;\">Durchmesser: 130 mm<\/span><\/li>\n<\/ul>\n<h5><span style=\"color: #000000;\"><strong>Andere Versionen: <\/strong><\/span><\/h5>\n<p><span style=\"color: #000000;\">M\u00f6chtest du eine LED-Rundumleuchte mit DIN-Anschluss kaufen, aber die TruckLED Rundumleuchte rund ist nicht die Ausf\u00fchrung, die du suchst? Dann wisse, dass die Rundumleuchte der Marke TruckLED auch in den folgenden Ausf\u00fchrungen erh\u00e4ltlich ist:  <\/span><\/p>\n<ul>\n<li><span style=\"color: #000000;\"><a style=\"color: #000000;\" href=\"https:\/\/www.alldayled.com\/de\/produkt\/truckled-led-zwaailamp-plat\/\" target=\"_blank\" rel=\"noopener\"><strong>Rundumleuchte mit DIN-Montage &#8211; flach<\/strong><\/a><\/span><\/li>\n<\/ul>\n<p><span style=\"color: #000000;\">Bist du dennoch der Meinung, dass die TruckLED Rundumleuchte rund nicht das ist, was du suchst? Einfach weil die Lichtleistung oder Wattzahl nicht hoch genug oder sogar zu hoch ist? Dann schau dir doch auch unsere Seite <g id=\"gid_0\">Blitzleuchten und Rundumleuchten<\/g> an. Vielleicht findest du hier das Warnleuchtenmodell, das du suchst.   <\/span><\/p>\n","protected":false},"excerpt":{"rendered":"<p>TruckLED Rundumleuchte rund mit DIN-Anschluss und 4 Mustern. ECE R65 &#8211; 12\/24 Volt. <\/p>\n","protected":false},"featured_media":18180,"comment_status":"open","ping_status":"closed","template":"","meta":{"_acf_changed":false},"product_brand":[6605],"product_cat":[5308],"product_tag":[9437,9196,9197,9198,9199,9200,9205,9203,9202,9204],"class_list":{"0":"post-67310","1":"product","2":"type-product","3":"status-publish","4":"has-post-thumbnail","6":"product_brand-product-truckled","7":"product_cat-zwaailamp","8":"product_tag-led-signalleuchten","9":"product_tag-led-warnleuchte","10":"product_tag-led-warnleuchte-12-volt","11":"product_tag-led-warnleuchte-24-volt","12":"product_tag-led-warnleuchte-anhanger","13":"product_tag-led-warnleuchte-auto","14":"product_tag-led-warnleuchte-lkw","15":"product_tag-led-warnleuchte-mit-ece-r65","16":"product_tag-led-warnleuchte-mitnahmestapler","17":"product_tag-led-warnleuchte-traktor","19":"first","20":"instock","21":"taxable","22":"shipping-taxable","23":"purchasable","24":"product-type-simple"},"acf":[],"yoast_head":"<!-- This site is optimized with the Yoast SEO Premium plugin v26.5 (Yoast SEO v27.1.1) - https:\/\/yoast.com\/product\/yoast-seo-premium-wordpress\/ -->\n<title>TruckLED Rundumleuchte rund mit DIN - All Day Led - f\u00fcr 12&amp;24V<\/title>\n<meta name=\"description\" content=\"TruckLED Rundumleuchte rund mit DIN-Anschluss - mit ECE R65 Pr\u00fcfzeichen - mit ECE R10 Pr\u00fcfzeichen - einfache Montage - Schraubmontage\" \/>\n<meta name=\"robots\" content=\"index, follow, max-snippet:-1, max-image-preview:large, max-video-preview:-1\" \/>\n<link rel=\"canonical\" href=\"https:\/\/www.alldayled.com\/de\/produkt\/truckled-led-zwaailamp-rond\/\" \/>\n<meta property=\"og:locale\" content=\"de_DE\" \/>\n<meta property=\"og:type\" content=\"article\" \/>\n<meta property=\"og:title\" content=\"TruckLED Rundumleuchte rund mit DIN - All Day Led - f\u00fcr 12&amp;24V\" \/>\n<meta property=\"og:description\" content=\"TruckLED Rundumleuchte rund mit DIN-Anschluss - mit ECE R65 Pr\u00fcfzeichen - mit ECE R10 Pr\u00fcfzeichen - einfache Montage - Schraubmontage\" \/>\n<meta property=\"og:url\" content=\"https:\/\/www.alldayled.com\/de\/produkt\/truckled-led-zwaailamp-rond\/\" \/>\n<meta property=\"og:site_name\" content=\"All Day Led\" \/>\n<meta property=\"article:publisher\" content=\"https:\/\/www.facebook.com\/alldayled\/\" \/>\n<meta property=\"og:image\" content=\"https:\/\/www.alldayled.com\/wp-content\/uploads\/2024\/06\/ADL01406-300x300.png\" \/>\n<meta name=\"twitter:label1\" content=\"Preis\" \/>\n\t<meta name=\"twitter:data1\" content=\"&euro;&nbsp;39,95\" \/>\n\t<meta name=\"twitter:label2\" content=\"Verf\u00fcgbarkeit\" \/>\n\t<meta name=\"twitter:data2\" content=\"Auf Lager\" \/>\n<script type=\"application\/ld+json\" class=\"yoast-schema-graph\">{\"@context\":\"https:\/\/schema.org\",\"@graph\":[{\"@type\":\"WebPage\",\"@id\":\"https:\/\/www.alldayled.com\/de\/produkt\/truckled-led-zwaailamp-rond\/\",\"url\":\"https:\/\/www.alldayled.com\/de\/produkt\/truckled-led-zwaailamp-rond\/\",\"name\":\"TruckLED Rundumleuchte rund mit DIN - All Day Led - f\u00fcr 12&24V\",\"isPartOf\":{\"@id\":\"https:\/\/www.alldayled.com\/de\/#website\"},\"primaryImageOfPage\":{\"@id\":\"https:\/\/www.alldayled.com\/de\/produkt\/truckled-led-zwaailamp-rond\/#primaryimage\"},\"image\":{\"@id\":\"https:\/\/www.alldayled.com\/de\/produkt\/truckled-led-zwaailamp-rond\/#primaryimage\"},\"thumbnailUrl\":\"https:\/\/www.alldayled.com\/wp-content\/uploads\/2020\/11\/ADLR01406.png\",\"datePublished\":\"2023-03-05T09:27:07+00:00\",\"description\":\"TruckLED Rundumleuchte rund mit DIN-Anschluss - mit ECE R65 Pr\u00fcfzeichen - mit ECE R10 Pr\u00fcfzeichen - einfache Montage - Schraubmontage\",\"breadcrumb\":{\"@id\":\"https:\/\/www.alldayled.com\/de\/produkt\/truckled-led-zwaailamp-rond\/#breadcrumb\"},\"inLanguage\":\"de\",\"potentialAction\":[{\"@type\":\"ReadAction\",\"target\":[\"https:\/\/www.alldayled.com\/de\/produkt\/truckled-led-zwaailamp-rond\/\"]}]},{\"@type\":\"ImageObject\",\"inLanguage\":\"de\",\"@id\":\"https:\/\/www.alldayled.com\/de\/produkt\/truckled-led-zwaailamp-rond\/#primaryimage\",\"url\":\"https:\/\/www.alldayled.com\/wp-content\/uploads\/2020\/11\/ADLR01406.png\",\"contentUrl\":\"https:\/\/www.alldayled.com\/wp-content\/uploads\/2020\/11\/ADLR01406.png\",\"width\":800,\"height\":600,\"caption\":\"TruckLED LED-Rundumleuchte mit flexibler Stangenmontage - geeignet f\u00fcr 12 &amp; 24 Volt Betrieb - EAN: 5905358300138\"},{\"@type\":\"BreadcrumbList\",\"@id\":\"https:\/\/www.alldayled.com\/de\/produkt\/truckled-led-zwaailamp-rond\/#breadcrumb\",\"itemListElement\":[{\"@type\":\"ListItem\",\"position\":1,\"name\":\"Home\",\"item\":\"https:\/\/www.alldayled.com\/de\/\"},{\"@type\":\"ListItem\",\"position\":2,\"name\":\"Shop\",\"item\":\"https:\/\/www.alldayled.com\/de\/shop\/\"},{\"@type\":\"ListItem\",\"position\":3,\"name\":\"Warnleuchten\",\"item\":\"https:\/\/www.alldayled.com\/de\/produkt-kategorie\/blitzlichter\/\"},{\"@type\":\"ListItem\",\"position\":4,\"name\":\"Rundumleuchte\",\"item\":\"https:\/\/www.alldayled.com\/de\/produkt-kategorie\/blitzlichter\/zwaailamp\/\"},{\"@type\":\"ListItem\",\"position\":5,\"name\":\"TruckLED Rundumleuchte rund 12\/24V\"}]},{\"@type\":\"WebSite\",\"@id\":\"https:\/\/www.alldayled.com\/de\/#website\",\"url\":\"https:\/\/www.alldayled.com\/de\/\",\"name\":\"All Day Led\",\"description\":\"Verlichting voor 12&amp;24 volt gebruik\",\"publisher\":{\"@id\":\"https:\/\/www.alldayled.com\/de\/#organization\"},\"potentialAction\":[{\"@type\":\"SearchAction\",\"target\":{\"@type\":\"EntryPoint\",\"urlTemplate\":\"https:\/\/www.alldayled.com\/de\/?s={search_term_string}\"},\"query-input\":{\"@type\":\"PropertyValueSpecification\",\"valueRequired\":true,\"valueName\":\"search_term_string\"}}],\"inLanguage\":\"de\"},{\"@type\":\"Organization\",\"@id\":\"https:\/\/www.alldayled.com\/de\/#organization\",\"name\":\"All Day Led\",\"url\":\"https:\/\/www.alldayled.com\/de\/\",\"logo\":{\"@type\":\"ImageObject\",\"inLanguage\":\"de\",\"@id\":\"https:\/\/www.alldayled.com\/de\/#\/schema\/logo\/image\/\",\"url\":\"https:\/\/www.alldayled.com\/wp-content\/uploads\/2025\/10\/Logo-ALL-DAY-LED-800x800-zwart-witte-letters.png\",\"contentUrl\":\"https:\/\/www.alldayled.com\/wp-content\/uploads\/2025\/10\/Logo-ALL-DAY-LED-800x800-zwart-witte-letters.png\",\"width\":800,\"height\":800,\"caption\":\"All Day Led\"},\"image\":{\"@id\":\"https:\/\/www.alldayled.com\/de\/#\/schema\/logo\/image\/\"},\"sameAs\":[\"https:\/\/www.facebook.com\/alldayled\/\",\"https:\/\/www.instagram.com\/alldayled\/\"],\"vatID\":\"NL863960133B01\",\"taxID\":\"86416545\"}]}<\/script>\n<meta property=\"product:brand\" content=\"TruckLED\" \/>\n<meta property=\"product:price:amount\" content=\"39.95\" \/>\n<meta property=\"product:price:currency\" content=\"EUR\" \/>\n<meta property=\"og:availability\" content=\"instock\" \/>\n<meta property=\"product:availability\" content=\"instock\" \/>\n<meta property=\"product:retailer_item_id\" content=\"ADL01406\" \/>\n<meta property=\"product:condition\" content=\"new\" \/>\n<!-- \/ Yoast SEO Premium plugin. -->","yoast_head_json":{"title":"TruckLED Rundumleuchte rund mit DIN - All Day Led - f\u00fcr 12&24V","description":"TruckLED Rundumleuchte rund mit DIN-Anschluss - mit ECE R65 Pr\u00fcfzeichen - mit ECE R10 Pr\u00fcfzeichen - einfache Montage - Schraubmontage","robots":{"index":"index","follow":"follow","max-snippet":"max-snippet:-1","max-image-preview":"max-image-preview:large","max-video-preview":"max-video-preview:-1"},"canonical":"https:\/\/www.alldayled.com\/de\/produkt\/truckled-led-zwaailamp-rond\/","og_locale":"de_DE","og_type":"article","og_title":"TruckLED Rundumleuchte rund mit DIN - All Day Led - f\u00fcr 12&24V","og_description":"TruckLED Rundumleuchte rund mit DIN-Anschluss - mit ECE R65 Pr\u00fcfzeichen - mit ECE R10 Pr\u00fcfzeichen - einfache Montage - Schraubmontage","og_url":"https:\/\/www.alldayled.com\/de\/produkt\/truckled-led-zwaailamp-rond\/","og_site_name":"All Day Led","article_publisher":"https:\/\/www.facebook.com\/alldayled\/","og_image":[{"url":"https:\/\/www.alldayled.com\/wp-content\/uploads\/2024\/06\/ADL01406-300x300.png","type":"","width":"","height":""}],"twitter_misc":{"Preis":"&euro;&nbsp;39,95","Verf\u00fcgbarkeit":"Auf Lager"},"schema":{"@context":"https:\/\/schema.org","@graph":[{"@type":"WebPage","@id":"https:\/\/www.alldayled.com\/de\/produkt\/truckled-led-zwaailamp-rond\/","url":"https:\/\/www.alldayled.com\/de\/produkt\/truckled-led-zwaailamp-rond\/","name":"TruckLED Rundumleuchte rund mit DIN - All Day Led - f\u00fcr 12&24V","isPartOf":{"@id":"https:\/\/www.alldayled.com\/de\/#website"},"primaryImageOfPage":{"@id":"https:\/\/www.alldayled.com\/de\/produkt\/truckled-led-zwaailamp-rond\/#primaryimage"},"image":{"@id":"https:\/\/www.alldayled.com\/de\/produkt\/truckled-led-zwaailamp-rond\/#primaryimage"},"thumbnailUrl":"https:\/\/www.alldayled.com\/wp-content\/uploads\/2020\/11\/ADLR01406.png","datePublished":"2023-03-05T09:27:07+00:00","description":"TruckLED Rundumleuchte rund mit DIN-Anschluss - mit ECE R65 Pr\u00fcfzeichen - mit ECE R10 Pr\u00fcfzeichen - einfache Montage - Schraubmontage","breadcrumb":{"@id":"https:\/\/www.alldayled.com\/de\/produkt\/truckled-led-zwaailamp-rond\/#breadcrumb"},"inLanguage":"de","potentialAction":[{"@type":"ReadAction","target":["https:\/\/www.alldayled.com\/de\/produkt\/truckled-led-zwaailamp-rond\/"]}]},{"@type":"ImageObject","inLanguage":"de","@id":"https:\/\/www.alldayled.com\/de\/produkt\/truckled-led-zwaailamp-rond\/#primaryimage","url":"https:\/\/www.alldayled.com\/wp-content\/uploads\/2020\/11\/ADLR01406.png","contentUrl":"https:\/\/www.alldayled.com\/wp-content\/uploads\/2020\/11\/ADLR01406.png","width":800,"height":600,"caption":"TruckLED LED-Rundumleuchte mit flexibler Stangenmontage - geeignet f\u00fcr 12 &amp; 24 Volt Betrieb - EAN: 5905358300138"},{"@type":"BreadcrumbList","@id":"https:\/\/www.alldayled.com\/de\/produkt\/truckled-led-zwaailamp-rond\/#breadcrumb","itemListElement":[{"@type":"ListItem","position":1,"name":"Home","item":"https:\/\/www.alldayled.com\/de\/"},{"@type":"ListItem","position":2,"name":"Shop","item":"https:\/\/www.alldayled.com\/de\/shop\/"},{"@type":"ListItem","position":3,"name":"Warnleuchten","item":"https:\/\/www.alldayled.com\/de\/produkt-kategorie\/blitzlichter\/"},{"@type":"ListItem","position":4,"name":"Rundumleuchte","item":"https:\/\/www.alldayled.com\/de\/produkt-kategorie\/blitzlichter\/zwaailamp\/"},{"@type":"ListItem","position":5,"name":"TruckLED Rundumleuchte rund 12\/24V"}]},{"@type":"WebSite","@id":"https:\/\/www.alldayled.com\/de\/#website","url":"https:\/\/www.alldayled.com\/de\/","name":"All Day Led","description":"Verlichting voor 12&amp;24 volt gebruik","publisher":{"@id":"https:\/\/www.alldayled.com\/de\/#organization"},"potentialAction":[{"@type":"SearchAction","target":{"@type":"EntryPoint","urlTemplate":"https:\/\/www.alldayled.com\/de\/?s={search_term_string}"},"query-input":{"@type":"PropertyValueSpecification","valueRequired":true,"valueName":"search_term_string"}}],"inLanguage":"de"},{"@type":"Organization","@id":"https:\/\/www.alldayled.com\/de\/#organization","name":"All Day Led","url":"https:\/\/www.alldayled.com\/de\/","logo":{"@type":"ImageObject","inLanguage":"de","@id":"https:\/\/www.alldayled.com\/de\/#\/schema\/logo\/image\/","url":"https:\/\/www.alldayled.com\/wp-content\/uploads\/2025\/10\/Logo-ALL-DAY-LED-800x800-zwart-witte-letters.png","contentUrl":"https:\/\/www.alldayled.com\/wp-content\/uploads\/2025\/10\/Logo-ALL-DAY-LED-800x800-zwart-witte-letters.png","width":800,"height":800,"caption":"All Day Led"},"image":{"@id":"https:\/\/www.alldayled.com\/de\/#\/schema\/logo\/image\/"},"sameAs":["https:\/\/www.facebook.com\/alldayled\/","https:\/\/www.instagram.com\/alldayled\/"],"vatID":"NL863960133B01","taxID":"86416545"}]},"product_brand":"TruckLED","product_price_amount":"39.95","product_price_currency":"EUR","og_availability":"instock","product_availability":"instock","product_retailer_item_id":"ADL01406","product_condition":"new"},"_links":{"self":[{"href":"https:\/\/www.alldayled.com\/de\/wp-json\/wp\/v2\/product\/67310","targetHints":{"allow":["GET"]}}],"collection":[{"href":"https:\/\/www.alldayled.com\/de\/wp-json\/wp\/v2\/product"}],"about":[{"href":"https:\/\/www.alldayled.com\/de\/wp-json\/wp\/v2\/types\/product"}],"replies":[{"embeddable":true,"href":"https:\/\/www.alldayled.com\/de\/wp-json\/wp\/v2\/comments?post=67310"}],"wp:featuredmedia":[{"embeddable":true,"href":"https:\/\/www.alldayled.com\/de\/wp-json\/wp\/v2\/media\/18180"}],"wp:attachment":[{"href":"https:\/\/www.alldayled.com\/de\/wp-json\/wp\/v2\/media?parent=67310"}],"wp:term":[{"taxonomy":"product_brand","embeddable":true,"href":"https:\/\/www.alldayled.com\/de\/wp-json\/wp\/v2\/product_brand?post=67310"},{"taxonomy":"product_cat","embeddable":true,"href":"https:\/\/www.alldayled.com\/de\/wp-json\/wp\/v2\/product_cat?post=67310"},{"taxonomy":"product_tag","embeddable":true,"href":"https:\/\/www.alldayled.com\/de\/wp-json\/wp\/v2\/product_tag?post=67310"}],"curies":[{"name":"wp","href":"https:\/\/api.w.org\/{rel}","templated":true}]}}