{"id":67315,"date":"2020-03-10T16:05:09","date_gmt":"2020-03-10T15:05:09","guid":{"rendered":"https:\/\/www.alldayled.com\/product\/led-strip-koppelstuk-10mm\/"},"modified":"2025-12-22T15:56:18","modified_gmt":"2025-12-22T14:56:18","slug":"led-strip-koppelstuk-10mm","status":"publish","type":"product","link":"https:\/\/www.alldayled.com\/de\/produkt\/led-strip-koppelstuk-10mm\/","title":{"rendered":"Verbinder LED strip 10mm 5050"},"content":{"rendered":"<p><span style=\"color: #000000;\"><strong>Verbinder f\u00fcr LED Strip 10mm breit.<\/strong><\/span><\/p>\n<p><span style=\"color: #000000;\">Mit diesem Verbinder verarbeiten Sie Ihren LED Strip einfach in einer Ecke, ohne dass der Strip bricht. Er ist geeignet f\u00fcr LED Strips von 10 mm Breite mit 5050 LEDs und funktioniert mit 12 und 24 Volt. Achtung: Der Verbinder ist nicht geeignet f\u00fcr RGB LED Strips.  <\/span><\/p>\n<h5><span style=\"color: #000000;\"><strong>Einfach zu verwenden<\/strong><\/span><\/h5>\n<p><span style=\"color: #000000;\">Dank des Kunststoff-Klicksystems an den Kabeln ist die Montage sehr einfach. Bei Strips mit einer Silikonschicht (IP65) m\u00fcssen Sie zuerst die Silikonschicht entfernen. Bei Strips ohne Silikonschicht (IP33) k\u00f6nnen Sie den Verbinder direkt befestigen. Den Verbinder befestigen Sie nur an den angegebenen Knipspunkten des LED Strips. Bei unseren LED Strips sind diese Punkte mit einer Schere gekennzeichnet. Knipsen Sie den Strip hier durch und klicken Sie den Verbinder einfach auf die zwei abgeschnittenen St\u00fccke.     <\/span><\/p>\n<h5><span style=\"color: #000000;\"><strong>Sonstige Anschlussm\u00f6glichkeiten<\/strong><\/span><\/h5>\n<p><span style=\"color: #000000;\">Wenn Sie einen LED Strip vom Typ 3528 gekauft haben, k\u00f6nnen Sie diesen Verbinder von 10mm Breite nicht verwenden, hierf\u00fcr m\u00fcssen Sie den 8mm breiten Verbinder verwenden. Den 8-mm breiten Verbinder f\u00fcr einen 5050 LED Strip finden Sie <a style=\"font-size: 16px; background-color: #ffffff; color: #000000;\" href=\"https:\/\/www.alldayled.com\/de\/produkt\/led-strip-koppelstuk-8mm\/\">hier<\/a><span style=\"font-size: 16px;\">.<\/span> <\/span><\/p>\n","protected":false},"excerpt":{"rendered":"<p>Mit diesem Verbinder f\u00fcr den 10mm 5050 LED Strip k\u00f6nnen Sie einen rechten Winkel machen.<\/p>\n","protected":false},"featured_media":38595,"comment_status":"open","ping_status":"closed","template":"","meta":{"_acf_changed":false},"product_brand":[5577],"product_cat":[5330],"product_tag":[9508,9509,9512],"class_list":{"0":"post-67315","1":"product","2":"type-product","3":"status-publish","4":"has-post-thumbnail","6":"product_brand-product-all-day-led","7":"product_cat-fittingen-en-kabels","8":"product_tag-anschluss-led-strip","9":"product_tag-led-strip-anschliesen","10":"product_tag-led-strip-kabel","12":"first","13":"instock","14":"taxable","15":"shipping-taxable","16":"purchasable","17":"product-type-simple"},"acf":[],"yoast_head":"<!-- This site is optimized with the Yoast SEO Premium plugin v26.5 (Yoast SEO v27.1.1) - https:\/\/yoast.com\/product\/yoast-seo-premium-wordpress\/ -->\n<title>Verbinder LED strip 10mm 5050 - All Day Led - f\u00fcr 12&amp;24 volt<\/title>\n<meta name=\"description\" content=\"Verbinder LED strip 10mm 5050 - geeignet f\u00fcr 5050 LED strip type IP33 und IP65- geeignet f\u00fcr 12 und 24 volt - Plug-and-Play-Anschluss!\" \/>\n<meta name=\"robots\" content=\"index, follow, max-snippet:-1, max-image-preview:large, max-video-preview:-1\" \/>\n<link rel=\"canonical\" href=\"https:\/\/www.alldayled.com\/de\/produkt\/led-strip-koppelstuk-10mm\/\" \/>\n<meta property=\"og:locale\" content=\"de_DE\" \/>\n<meta property=\"og:type\" content=\"article\" \/>\n<meta property=\"og:title\" content=\"Verbinder LED strip 10mm 5050 - All Day Led - f\u00fcr 12&amp;24 volt\" \/>\n<meta property=\"og:description\" content=\"Verbinder LED strip 10mm 5050 - geeignet f\u00fcr 5050 LED strip type IP33 und IP65- geeignet f\u00fcr 12 und 24 volt - Plug-and-Play-Anschluss!\" \/>\n<meta property=\"og:url\" content=\"https:\/\/www.alldayled.com\/de\/produkt\/led-strip-koppelstuk-10mm\/\" \/>\n<meta property=\"og:site_name\" content=\"All Day Led\" \/>\n<meta property=\"article:publisher\" content=\"https:\/\/www.facebook.com\/alldayled\/\" \/>\n<meta property=\"article:modified_time\" content=\"2025-12-22T14:56:18+00:00\" \/>\n<meta property=\"og:image\" content=\"https:\/\/www.alldayled.com\/wp-content\/uploads\/2025\/10\/ADL05050-K.jpg\" \/>\n\t<meta property=\"og:image:width\" content=\"800\" \/>\n\t<meta property=\"og:image:height\" content=\"600\" \/>\n\t<meta property=\"og:image:type\" content=\"image\/jpeg\" \/>\n<meta name=\"twitter:label1\" content=\"Preis\" \/>\n\t<meta name=\"twitter:data1\" content=\"&euro;&nbsp;1,45\" \/>\n\t<meta name=\"twitter:label2\" content=\"Verf\u00fcgbarkeit\" \/>\n\t<meta name=\"twitter:data2\" content=\"Auf Lager\" \/>\n<script type=\"application\/ld+json\" class=\"yoast-schema-graph\">{\"@context\":\"https:\/\/schema.org\",\"@graph\":[{\"@type\":\"WebPage\",\"@id\":\"https:\/\/www.alldayled.com\/de\/produkt\/led-strip-koppelstuk-10mm\/\",\"url\":\"https:\/\/www.alldayled.com\/de\/produkt\/led-strip-koppelstuk-10mm\/\",\"name\":\"Verbinder LED strip 10mm 5050 - All Day Led - f\u00fcr 12&24 volt\",\"isPartOf\":{\"@id\":\"https:\/\/www.alldayled.com\/de\/#website\"},\"primaryImageOfPage\":{\"@id\":\"https:\/\/www.alldayled.com\/de\/produkt\/led-strip-koppelstuk-10mm\/#primaryimage\"},\"image\":{\"@id\":\"https:\/\/www.alldayled.com\/de\/produkt\/led-strip-koppelstuk-10mm\/#primaryimage\"},\"thumbnailUrl\":\"https:\/\/www.alldayled.com\/wp-content\/uploads\/2025\/10\/ADL05050-K.jpg\",\"datePublished\":\"2020-03-10T15:05:09+00:00\",\"dateModified\":\"2025-12-22T14:56:18+00:00\",\"description\":\"Verbinder LED strip 10mm 5050 - geeignet f\u00fcr 5050 LED strip type IP33 und IP65- geeignet f\u00fcr 12 und 24 volt - Plug-and-Play-Anschluss!\",\"breadcrumb\":{\"@id\":\"https:\/\/www.alldayled.com\/de\/produkt\/led-strip-koppelstuk-10mm\/#breadcrumb\"},\"inLanguage\":\"de\",\"potentialAction\":[{\"@type\":\"ReadAction\",\"target\":[\"https:\/\/www.alldayled.com\/de\/produkt\/led-strip-koppelstuk-10mm\/\"]}]},{\"@type\":\"ImageObject\",\"inLanguage\":\"de\",\"@id\":\"https:\/\/www.alldayled.com\/de\/produkt\/led-strip-koppelstuk-10mm\/#primaryimage\",\"url\":\"https:\/\/www.alldayled.com\/wp-content\/uploads\/2025\/10\/ADL05050-K.jpg\",\"contentUrl\":\"https:\/\/www.alldayled.com\/wp-content\/uploads\/2025\/10\/ADL05050-K.jpg\",\"width\":800,\"height\":600},{\"@type\":\"BreadcrumbList\",\"@id\":\"https:\/\/www.alldayled.com\/de\/produkt\/led-strip-koppelstuk-10mm\/#breadcrumb\",\"itemListElement\":[{\"@type\":\"ListItem\",\"position\":1,\"name\":\"Home\",\"item\":\"https:\/\/www.alldayled.com\/de\/\"},{\"@type\":\"ListItem\",\"position\":2,\"name\":\"Shop\",\"item\":\"https:\/\/www.alldayled.com\/de\/shop\/\"},{\"@type\":\"ListItem\",\"position\":3,\"name\":\"Andere\",\"item\":\"https:\/\/www.alldayled.com\/de\/produkt-kategorie\/andere-produkte\/\"},{\"@type\":\"ListItem\",\"position\":4,\"name\":\"Armaturen und Kabel\",\"item\":\"https:\/\/www.alldayled.com\/de\/produkt-kategorie\/andere-produkte\/fittingen-en-kabels\/\"},{\"@type\":\"ListItem\",\"position\":5,\"name\":\"Verbinder LED strip 10mm 5050\"}]},{\"@type\":\"WebSite\",\"@id\":\"https:\/\/www.alldayled.com\/de\/#website\",\"url\":\"https:\/\/www.alldayled.com\/de\/\",\"name\":\"All Day Led\",\"description\":\"Verlichting voor 12&amp;24 volt gebruik\",\"publisher\":{\"@id\":\"https:\/\/www.alldayled.com\/de\/#organization\"},\"potentialAction\":[{\"@type\":\"SearchAction\",\"target\":{\"@type\":\"EntryPoint\",\"urlTemplate\":\"https:\/\/www.alldayled.com\/de\/?s={search_term_string}\"},\"query-input\":{\"@type\":\"PropertyValueSpecification\",\"valueRequired\":true,\"valueName\":\"search_term_string\"}}],\"inLanguage\":\"de\"},{\"@type\":\"Organization\",\"@id\":\"https:\/\/www.alldayled.com\/de\/#organization\",\"name\":\"All Day Led\",\"url\":\"https:\/\/www.alldayled.com\/de\/\",\"logo\":{\"@type\":\"ImageObject\",\"inLanguage\":\"de\",\"@id\":\"https:\/\/www.alldayled.com\/de\/#\/schema\/logo\/image\/\",\"url\":\"https:\/\/www.alldayled.com\/wp-content\/uploads\/2025\/10\/Logo-ALL-DAY-LED-800x800-zwart-witte-letters.png\",\"contentUrl\":\"https:\/\/www.alldayled.com\/wp-content\/uploads\/2025\/10\/Logo-ALL-DAY-LED-800x800-zwart-witte-letters.png\",\"width\":800,\"height\":800,\"caption\":\"All Day Led\"},\"image\":{\"@id\":\"https:\/\/www.alldayled.com\/de\/#\/schema\/logo\/image\/\"},\"sameAs\":[\"https:\/\/www.facebook.com\/alldayled\/\",\"https:\/\/www.instagram.com\/alldayled\/\"],\"vatID\":\"NL863960133B01\",\"taxID\":\"86416545\"}]}<\/script>\n<meta property=\"product:brand\" content=\"All Day Led\" \/>\n<meta property=\"product:price:amount\" content=\"1.45\" \/>\n<meta property=\"product:price:currency\" content=\"EUR\" \/>\n<meta property=\"og:availability\" content=\"instock\" \/>\n<meta property=\"product:availability\" content=\"instock\" \/>\n<meta property=\"product:retailer_item_id\" content=\"ADL05050-K\" \/>\n<meta property=\"product:condition\" content=\"new\" \/>\n<!-- \/ Yoast SEO Premium plugin. -->","yoast_head_json":{"title":"Verbinder LED strip 10mm 5050 - All Day Led - f\u00fcr 12&24 volt","description":"Verbinder LED strip 10mm 5050 - geeignet f\u00fcr 5050 LED strip type IP33 und IP65- geeignet f\u00fcr 12 und 24 volt - Plug-and-Play-Anschluss!","robots":{"index":"index","follow":"follow","max-snippet":"max-snippet:-1","max-image-preview":"max-image-preview:large","max-video-preview":"max-video-preview:-1"},"canonical":"https:\/\/www.alldayled.com\/de\/produkt\/led-strip-koppelstuk-10mm\/","og_locale":"de_DE","og_type":"article","og_title":"Verbinder LED strip 10mm 5050 - All Day Led - f\u00fcr 12&24 volt","og_description":"Verbinder LED strip 10mm 5050 - geeignet f\u00fcr 5050 LED strip type IP33 und IP65- geeignet f\u00fcr 12 und 24 volt - Plug-and-Play-Anschluss!","og_url":"https:\/\/www.alldayled.com\/de\/produkt\/led-strip-koppelstuk-10mm\/","og_site_name":"All Day Led","article_publisher":"https:\/\/www.facebook.com\/alldayled\/","article_modified_time":"2025-12-22T14:56:18+00:00","og_image":[{"width":800,"height":600,"url":"https:\/\/www.alldayled.com\/wp-content\/uploads\/2025\/10\/ADL05050-K.jpg","type":"image\/jpeg"}],"twitter_misc":{"Preis":"&euro;&nbsp;1,45","Verf\u00fcgbarkeit":"Auf Lager"},"schema":{"@context":"https:\/\/schema.org","@graph":[{"@type":"WebPage","@id":"https:\/\/www.alldayled.com\/de\/produkt\/led-strip-koppelstuk-10mm\/","url":"https:\/\/www.alldayled.com\/de\/produkt\/led-strip-koppelstuk-10mm\/","name":"Verbinder LED strip 10mm 5050 - All Day Led - f\u00fcr 12&24 volt","isPartOf":{"@id":"https:\/\/www.alldayled.com\/de\/#website"},"primaryImageOfPage":{"@id":"https:\/\/www.alldayled.com\/de\/produkt\/led-strip-koppelstuk-10mm\/#primaryimage"},"image":{"@id":"https:\/\/www.alldayled.com\/de\/produkt\/led-strip-koppelstuk-10mm\/#primaryimage"},"thumbnailUrl":"https:\/\/www.alldayled.com\/wp-content\/uploads\/2025\/10\/ADL05050-K.jpg","datePublished":"2020-03-10T15:05:09+00:00","dateModified":"2025-12-22T14:56:18+00:00","description":"Verbinder LED strip 10mm 5050 - geeignet f\u00fcr 5050 LED strip type IP33 und IP65- geeignet f\u00fcr 12 und 24 volt - Plug-and-Play-Anschluss!","breadcrumb":{"@id":"https:\/\/www.alldayled.com\/de\/produkt\/led-strip-koppelstuk-10mm\/#breadcrumb"},"inLanguage":"de","potentialAction":[{"@type":"ReadAction","target":["https:\/\/www.alldayled.com\/de\/produkt\/led-strip-koppelstuk-10mm\/"]}]},{"@type":"ImageObject","inLanguage":"de","@id":"https:\/\/www.alldayled.com\/de\/produkt\/led-strip-koppelstuk-10mm\/#primaryimage","url":"https:\/\/www.alldayled.com\/wp-content\/uploads\/2025\/10\/ADL05050-K.jpg","contentUrl":"https:\/\/www.alldayled.com\/wp-content\/uploads\/2025\/10\/ADL05050-K.jpg","width":800,"height":600},{"@type":"BreadcrumbList","@id":"https:\/\/www.alldayled.com\/de\/produkt\/led-strip-koppelstuk-10mm\/#breadcrumb","itemListElement":[{"@type":"ListItem","position":1,"name":"Home","item":"https:\/\/www.alldayled.com\/de\/"},{"@type":"ListItem","position":2,"name":"Shop","item":"https:\/\/www.alldayled.com\/de\/shop\/"},{"@type":"ListItem","position":3,"name":"Andere","item":"https:\/\/www.alldayled.com\/de\/produkt-kategorie\/andere-produkte\/"},{"@type":"ListItem","position":4,"name":"Armaturen und Kabel","item":"https:\/\/www.alldayled.com\/de\/produkt-kategorie\/andere-produkte\/fittingen-en-kabels\/"},{"@type":"ListItem","position":5,"name":"Verbinder LED strip 10mm 5050"}]},{"@type":"WebSite","@id":"https:\/\/www.alldayled.com\/de\/#website","url":"https:\/\/www.alldayled.com\/de\/","name":"All Day Led","description":"Verlichting voor 12&amp;24 volt gebruik","publisher":{"@id":"https:\/\/www.alldayled.com\/de\/#organization"},"potentialAction":[{"@type":"SearchAction","target":{"@type":"EntryPoint","urlTemplate":"https:\/\/www.alldayled.com\/de\/?s={search_term_string}"},"query-input":{"@type":"PropertyValueSpecification","valueRequired":true,"valueName":"search_term_string"}}],"inLanguage":"de"},{"@type":"Organization","@id":"https:\/\/www.alldayled.com\/de\/#organization","name":"All Day Led","url":"https:\/\/www.alldayled.com\/de\/","logo":{"@type":"ImageObject","inLanguage":"de","@id":"https:\/\/www.alldayled.com\/de\/#\/schema\/logo\/image\/","url":"https:\/\/www.alldayled.com\/wp-content\/uploads\/2025\/10\/Logo-ALL-DAY-LED-800x800-zwart-witte-letters.png","contentUrl":"https:\/\/www.alldayled.com\/wp-content\/uploads\/2025\/10\/Logo-ALL-DAY-LED-800x800-zwart-witte-letters.png","width":800,"height":800,"caption":"All Day Led"},"image":{"@id":"https:\/\/www.alldayled.com\/de\/#\/schema\/logo\/image\/"},"sameAs":["https:\/\/www.facebook.com\/alldayled\/","https:\/\/www.instagram.com\/alldayled\/"],"vatID":"NL863960133B01","taxID":"86416545"}]},"product_brand":"All Day Led","product_price_amount":"1.45","product_price_currency":"EUR","og_availability":"instock","product_availability":"instock","product_retailer_item_id":"ADL05050-K","product_condition":"new"},"_links":{"self":[{"href":"https:\/\/www.alldayled.com\/de\/wp-json\/wp\/v2\/product\/67315","targetHints":{"allow":["GET"]}}],"collection":[{"href":"https:\/\/www.alldayled.com\/de\/wp-json\/wp\/v2\/product"}],"about":[{"href":"https:\/\/www.alldayled.com\/de\/wp-json\/wp\/v2\/types\/product"}],"replies":[{"embeddable":true,"href":"https:\/\/www.alldayled.com\/de\/wp-json\/wp\/v2\/comments?post=67315"}],"wp:featuredmedia":[{"embeddable":true,"href":"https:\/\/www.alldayled.com\/de\/wp-json\/wp\/v2\/media\/38595"}],"wp:attachment":[{"href":"https:\/\/www.alldayled.com\/de\/wp-json\/wp\/v2\/media?parent=67315"}],"wp:term":[{"taxonomy":"product_brand","embeddable":true,"href":"https:\/\/www.alldayled.com\/de\/wp-json\/wp\/v2\/product_brand?post=67315"},{"taxonomy":"product_cat","embeddable":true,"href":"https:\/\/www.alldayled.com\/de\/wp-json\/wp\/v2\/product_cat?post=67315"},{"taxonomy":"product_tag","embeddable":true,"href":"https:\/\/www.alldayled.com\/de\/wp-json\/wp\/v2\/product_tag?post=67315"}],"curies":[{"name":"wp","href":"https:\/\/api.w.org\/{rel}","templated":true}]}}